{"id":34919,"date":"2025-12-05T04:10:48","date_gmt":"2025-12-05T10:10:48","guid":{"rendered":"https:\/\/enertik.com\/mx\/?post_type=product&#038;p=34919"},"modified":"2026-02-17T23:56:44","modified_gmt":"2026-02-18T05:56:44","slug":"busbar-victron-600a-8p-cubierta","status":"publish","type":"product","link":"https:\/\/enertik.com\/mx\/tienda\/materiales-electricos\/conectores\/busbar-victron-600a-8p-cubierta\/","title":{"rendered":"Busbar Victron &#8211; 600A 8P + Cubierta"},"content":{"rendered":"\t\t<div data-elementor-type=\"product-post\" data-elementor-id=\"34919\" class=\"elementor elementor-34919\" data-elementor-post-type=\"product\">\n\t\t\t\t\t\t<section class=\"wd-negative-gap elementor-section elementor-top-section elementor-element elementor-element-c0947c4 Product_Description elementor-section-boxed elementor-section-height-default elementor-section-height-default\" data-id=\"c0947c4\" data-element_type=\"section\" data-e-type=\"section\">\n\t\t\t\t\t\t<div class=\"elementor-container elementor-column-gap-default\">\n\t\t\t\t\t<div class=\"elementor-column elementor-col-100 elementor-top-column elementor-element elementor-element-bbca659\" data-id=\"bbca659\" data-element_type=\"column\" data-e-type=\"column\" data-settings=\"{&quot;background_background&quot;:&quot;classic&quot;}\">\n\t\t\t<div class=\"elementor-widget-wrap elementor-element-populated\">\n\t\t\t\t\t\t<section class=\"wd-negative-gap elementor-section elementor-inner-section elementor-element elementor-element-fce9d30 elementor-section-boxed elementor-section-height-default elementor-section-height-default\" data-id=\"fce9d30\" data-element_type=\"section\" data-e-type=\"section\">\n\t\t\t\t\t\t<div class=\"elementor-container elementor-column-gap-default\">\n\t\t\t\t\t<div class=\"elementor-column elementor-col-100 elementor-inner-column elementor-element elementor-element-bda1b7f\" data-id=\"bda1b7f\" data-element_type=\"column\" data-e-type=\"column\">\n\t\t\t<div class=\"elementor-widget-wrap elementor-element-populated\">\n\t\t\t\t\t\t<div class=\"elementor-element elementor-element-ef25fb5 elementor-widget elementor-widget-wd_tabs\" data-id=\"ef25fb5\" data-element_type=\"widget\" data-e-type=\"widget\" data-widget_type=\"wd_tabs.default\">\n\t\t\t\t<div class=\"elementor-widget-container\">\n\t\t\t\t\t\t\t<div class=\"wd-tabs tabs-design-default\">\n\t\t\t<div class=\"wd-tabs-header text-center\">\n\t\t\t\t\n\t\t\t\t\n\t\t\t\t<div class=\"wd-nav-wrapper wd-nav-tabs-wrapper wd-mb-action-swipe\">\n\t\t\t\t\t<ul class=\"wd-nav wd-nav-tabs wd-icon-pos-left wd-style-underline\">\n\t\t\t\t\t\t\t\t\t\t\t\t\t\n\t\t\t\t\t\t\t<li>\n\t\t\t\t\t\t\t\t<a href=\"#\" class=\"wd-nav-link\">\n\t\t\t\t\t\t\t\t\t\n\t\t\t\t\t\t\t\t\t<span class=\"nav-link-text wd-tabs-title\">\n\t\t\t\t\t\t\t\t\t\tESPECIFICACIONES\t\t\t\t\t\t\t\t\t<\/span>\n\t\t\t\t\t\t\t\t<\/a>\n\t\t\t\t\t\t\t<\/li>\n\n\t\t\t\t\t\t\t\t\t\t\t<\/ul>\n\t\t\t\t<\/div>\n\t\t\t<\/div>\n\n\t\t\t<div class=\"wd-tabs-content-wrapper\">\n\t\t\t\t\t\t\t\t\t\t\t\t\t\t\n\t\t\t\t\t<div class=\"wd-tab-content wd-entry-content\">\n\t\t\t\t\t\t\t\t\t\t\t\t\t<div >\n\t\t\t\t\t\t\t\t<table>\n  <tbody>\n    <!-- IDENTIFICACI\u00d3N -->\n    <tr>\n      <td class=\"tbLeft\">Marca<\/td>\n      <td>Victron<\/td>\n    <\/tr>\n\n    <tr class=\"tbBorderNone\">\n      <td class=\"tbLeft\">Modelo<\/td>\n      <td>Busbar 600 A 8P con cubierta<\/td>\n    <\/tr>\n\n    <!-- ESPECIFICACIONES -->\n    <tr>\n      <td class=\"tbTit\" colspan=\"3\">Especificaciones<\/td>\n    <\/tr>\n\n    <tr>\n      <td class=\"tbLeft\">Tipo<\/td>\n      <td>Barra colectora 600 A, 8 terminales principales + 8 tornillos secundarios, con cubierta<\/td>\n    <\/tr>\n\n    <tr>\n      <td class=\"tbLeft\">Corriente m\u00e1xima<\/td>\n      <td>600 A<\/td>\n    <\/tr>\n\n    <tr>\n      <td class=\"tbLeft\">Tensi\u00f3n m\u00e1xima<\/td>\n      <td>70 VCC<\/td>\n    <\/tr>\n\n    <tr>\n      <td class=\"tbLeft\">Di\u00e1metro de terminales principales<\/td>\n      <td>3\/8 pulgada (9,53 mm)<\/td>\n    <\/tr>\n\n    <tr>\n      <td class=\"tbLeft\">Altura de terminales principales<\/td>\n      <td>0,76 pulgada (19 mm)<\/td>\n    <\/tr>\n\n    <tr>\n      <td class=\"tbLeft\">Material de terminales principales<\/td>\n      <td>Acero inoxidable<\/td>\n    <\/tr>\n\n    <tr>\n      <td class=\"tbLeft\">Material de tuercas (flange nuts)<\/td>\n      <td>Acero inoxidable<\/td>\n    <\/tr>\n\n    <tr>\n      <td class=\"tbLeft\">Par de apriete recomendado (terminales principales)<\/td>\n      <td>20 N\u00b7m (180 lbf\u00b7inch)<\/td>\n    <\/tr>\n\n    <tr>\n      <td class=\"tbLeft\">Tornillos secundarios<\/td>\n      <td>#8 (\u00d8 4,2 mm)<\/td>\n    <\/tr>\n\n    <tr>\n      <td class=\"tbLeft\">Material de tornillos secundarios<\/td>\n      <td>Acero inoxidable<\/td>\n    <\/tr>\n\n    <tr>\n      <td class=\"tbLeft\">Par de apriete recomendado (tornillos secundarios)<\/td>\n      <td>2 N\u00b7m (17 lbf\u00b7inch)<\/td>\n    <\/tr>\n\n    <tr>\n      <td class=\"tbLeft\">Material de la barra<\/td>\n      <td>Cobre esta\u00f1ado (19 \u00d7 24 mm)<\/td>\n    <\/tr>\n\n    <tr>\n      <td class=\"tbLeft\">Material de la base<\/td>\n      <td>ABS negro, UL 94 V-0<\/td>\n    <\/tr>\n\n    <tr class=\"tbBorderNone\">\n      <td class=\"tbLeft\">Material de la cubierta<\/td>\n      <td>ABS negro, UL 94 V-2<\/td>\n    <\/tr>\n\n    <!-- F\u00cdSICO -->\n    <tr>\n      <td class=\"tbTit\" colspan=\"3\">Caracter\u00edsticas f\u00edsicas<\/td>\n    <\/tr>\n\n    <tr>\n      <td class=\"tbLeft\">Peso (kg)<\/td>\n      <td>1,3 kg<\/td>\n    <\/tr>\n\n    <tr class=\"tbBorderNone\">\n      <td class=\"tbLeft\">Dimensiones (mm)<\/td>\n      <td>65 \u00d7 327 \u00d7 86 (Al \u00d7 An \u00d7 Pr, con cubierta)<\/td>\n    <\/tr>\n\n  <\/tbody>\n<\/table>\n\t\t\t\t\t\t\t<\/div>\n\t\t\t\t\t\t\t\t\t\t\t<\/div>\n\n\t\t\t\t\t\t\t<\/div>\n\t\t<\/div>\n\t\t\t\t\t\t<\/div>\n\t\t\t\t<\/div>\n\t\t\t\t\t<\/div>\n\t\t<\/div>\n\t\t\t\t\t<\/div>\n\t\t<\/section>\n\t\t\t\t\t<\/div>\n\t\t<\/div>\n\t\t\t\t\t<\/div>\n\t\t<\/section>\n\t\t\t\t<section class=\"wd-negative-gap elementor-section elementor-top-section elementor-element elementor-element-77b43ac Link_Buttons elementor-section-boxed elementor-section-height-default elementor-section-height-default\" data-id=\"77b43ac\" data-element_type=\"section\" data-e-type=\"section\" data-settings=\"{&quot;background_background&quot;:&quot;classic&quot;}\">\n\t\t\t\t\t\t<div class=\"elementor-container elementor-column-gap-custom\">\n\t\t\t\t\t<div class=\"elementor-column elementor-col-100 elementor-top-column elementor-element elementor-element-52c265b\" data-id=\"52c265b\" data-element_type=\"column\" data-e-type=\"column\">\n\t\t\t<div class=\"elementor-widget-wrap elementor-element-populated\">\n\t\t\t\t\t\t<div class=\"elementor-element elementor-element-5dfda6f elementor-view-framed elementor-shape-circle elementor-position-block-start elementor-mobile-position-block-start elementor-widget elementor-widget-icon-box\" data-id=\"5dfda6f\" data-element_type=\"widget\" data-e-type=\"widget\" data-widget_type=\"icon-box.default\">\n\t\t\t\t\t\t\t<div class=\"elementor-icon-box-wrapper\">\n\n\t\t\t\t\t\t<div class=\"elementor-icon-box-icon\">\n\t\t\t\t<a href=\"https:\/\/enertik.com\/wp-content\/uploads\/sites\/3\/documentos\/folletos\/datasheet-busbar-600-a-en.pdf\" target=\"_blank\" class=\"elementor-icon\" tabindex=\"-1\">\n\t\t\t\t<svg aria-hidden=\"true\" class=\"e-font-icon-svg e-fas-book-open\" viewBox=\"0 0 576 512\" xmlns=\"http:\/\/www.w3.org\/2000\/svg\"><path d=\"M542.22 32.05c-54.8 3.11-163.72 14.43-230.96 55.59-4.64 2.84-7.27 7.89-7.27 13.17v363.87c0 11.55 12.63 18.85 23.28 13.49 69.18-34.82 169.23-44.32 218.7-46.92 16.89-.89 30.02-14.43 30.02-30.66V62.75c.01-17.71-15.35-31.74-33.77-30.7zM264.73 87.64C197.5 46.48 88.58 35.17 33.78 32.05 15.36 31.01 0 45.04 0 62.75V400.6c0 16.24 13.13 29.78 30.02 30.66 49.49 2.6 149.59 12.11 218.77 46.95 10.62 5.35 23.21-1.94 23.21-13.46V100.63c0-5.29-2.62-10.14-7.27-12.99z\"><\/path><\/svg>\t\t\t\t<\/a>\n\t\t\t<\/div>\n\t\t\t\n\t\t\t\t\t\t<div class=\"elementor-icon-box-content\">\n\n\t\t\t\t\n\t\t\t\t\t\t\t\t\t<p class=\"elementor-icon-box-description\">\n\t\t\t\t\t\tFICHA DE DATOS\t\t\t\t\t<\/p>\n\t\t\t\t\n\t\t\t<\/div>\n\t\t\t\n\t\t<\/div>\n\t\t\t\t\t\t<\/div>\n\t\t\t\t\t<\/div>\n\t\t<\/div>\n\t\t\t\t\t<\/div>\n\t\t<\/section>\n\t\t\t\t<section class=\"wd-negative-gap elementor-section elementor-top-section elementor-element elementor-element-5ca7a68 mas_recursos elementor-section-boxed elementor-section-height-default elementor-section-height-default\" data-id=\"5ca7a68\" data-element_type=\"section\" data-e-type=\"section\">\n\t\t\t\t\t\t<div class=\"elementor-container elementor-column-gap-default\">\n\t\t\t\t\t<div class=\"elementor-column elementor-col-100 elementor-top-column elementor-element elementor-element-00c0049\" data-id=\"00c0049\" data-element_type=\"column\" data-e-type=\"column\">\n\t\t\t<div class=\"elementor-widget-wrap elementor-element-populated\">\n\t\t\t\t\t\t<div class=\"elementor-element elementor-element-24beeaf elementor-widget elementor-widget-wd_text_block\" data-id=\"24beeaf\" data-element_type=\"widget\" data-e-type=\"widget\" data-widget_type=\"wd_text_block.default\">\n\t\t\t\t<div class=\"elementor-widget-container\">\n\t\t\t\t\t\t\t<div class=\"wd-text-block reset-last-child text-left\">\n\t\t\t\n\t\t\t<h2>\u00a0M\u00c1S INFORMACI\u00d3N\u00a0\u00a0<\/h2>\n\t\t\t\t\t<\/div>\n\t\t\t\t\t\t<\/div>\n\t\t\t\t<\/div>\n\t\t\t\t<div class=\"elementor-element elementor-element-44bfa2c elementor-button-success elementor-widget elementor-widget-button\" data-id=\"44bfa2c\" data-element_type=\"widget\" data-e-type=\"widget\" data-widget_type=\"button.default\">\n\t\t\t\t\t\t\t\t\t\t<a class=\"elementor-button elementor-button-link elementor-size-xs elementor-animation-grow\" href=\"https:\/\/enertik.com\/wp-content\/uploads\/sites\/2\/documentos\/certificados\/iso9001-certificate-2021-en.pdf\" target=\"_blank\">\n\t\t\t\t\t\t<span class=\"elementor-button-content-wrapper\">\n\t\t\t\t\t\t<span class=\"elementor-button-icon\">\n\t\t\t\t<svg aria-hidden=\"true\" class=\"e-font-icon-svg e-fas-file-alt\" viewBox=\"0 0 384 512\" xmlns=\"http:\/\/www.w3.org\/2000\/svg\"><path d=\"M224 136V0H24C10.7 0 0 10.7 0 24v464c0 13.3 10.7 24 24 24h336c13.3 0 24-10.7 24-24V160H248c-13.2 0-24-10.8-24-24zm64 236c0 6.6-5.4 12-12 12H108c-6.6 0-12-5.4-12-12v-8c0-6.6 5.4-12 12-12h168c6.6 0 12 5.4 12 12v8zm0-64c0 6.6-5.4 12-12 12H108c-6.6 0-12-5.4-12-12v-8c0-6.6 5.4-12 12-12h168c6.6 0 12 5.4 12 12v8zm0-72v8c0 6.6-5.4 12-12 12H108c-6.6 0-12-5.4-12-12v-8c0-6.6 5.4-12 12-12h168c6.6 0 12 5.4 12 12zm96-114.1v6.1H256V0h6.1c6.4 0 12.5 2.5 17 7l97.9 98c4.5 4.5 7 10.6 7 16.9z\"><\/path><\/svg>\t\t\t<\/span>\n\t\t\t\t\t\t\t\t\t<span class=\"elementor-button-text\">Certificado ISO9001<\/span>\n\t\t\t\t\t<\/span>\n\t\t\t\t\t<\/a>\n\t\t\t\t\t\t\t\t<\/div>\n\t\t\t\t\t<\/div>\n\t\t<\/div>\n\t\t\t\t\t<\/div>\n\t\t<\/section>\n\t\t\t\t<\/div>\n\t\t","protected":false},"excerpt":{"rendered":"<p>Modelo: Hasta 70V 600A, 8P, incluye cubierta.<\/p>\n<p>Se usan barras colectoras (busbars) para la distribuci\u00f3n de alta corriente que adem\u00e1s proporcionan conexiones para bater\u00edas y\/o equipo CC.<\/p>\n<p>Victron Energy ofrece diferentes barras colectoras de muy alta calidad y f\u00e1cil de usar con distintas corrientes nominales y diferente n\u00famero de terminales de conexi\u00f3n. Cada barra colectora dispone de una cubierta de protecci\u00f3n extra\u00edble.<\/p>\n","protected":false},"featured_media":34920,"comment_status":"open","ping_status":"closed","template":"","meta":{"_relevanssi_hide_post":"","_relevanssi_hide_content":"","_relevanssi_pin_for_all":"","_relevanssi_pin_keywords":"","_relevanssi_unpin_keywords":"","_relevanssi_related_keywords":"","_relevanssi_related_include_ids":"","_relevanssi_related_exclude_ids":"","_relevanssi_related_no_append":"","_relevanssi_related_not_related":"","_relevanssi_related_posts":"","_relevanssi_noindex_reason":"","inline_featured_image":false},"product_brand":[],"product_cat":[5005,1751],"product_tag":[],"class_list":{"0":"post-34919","1":"product","2":"type-product","3":"status-publish","4":"has-post-thumbnail","6":"product_cat-accesorios-sistemas-de-almacenamiento","7":"product_cat-conectores","8":"pa_gtin-5060","9":"pa_marca-victron-energy","11":"first","12":"instock","13":"taxable","14":"shipping-taxable","15":"purchasable","16":"product-type-simple"},"bundled_by":[],"bundle_stock_status":"instock","bundle_stock_quantity":3,"bundle_virtual":false,"bundle_layout":"","bundle_add_to_cart_form_location":"","bundle_editable_in_cart":false,"bundle_sold_individually_context":"","bundle_item_grouping":"","bundle_min_size":"","bundle_max_size":"","bundle_price":[],"bundled_items":[],"bundle_sell_ids":[],"group_of_quantity":0,"min_quantity":0,"max_quantity":"","exclude_order_quantity_value_rules":"no","exclude_category_quantity_rules":"no","combine_variations":"no","exclude_global_add_ons":[],"addons":[],"_links":{"self":[{"href":"https:\/\/enertik.com\/mx\/wp-json\/wp\/v2\/product\/34919","targetHints":{"allow":["GET"]}}],"collection":[{"href":"https:\/\/enertik.com\/mx\/wp-json\/wp\/v2\/product"}],"about":[{"href":"https:\/\/enertik.com\/mx\/wp-json\/wp\/v2\/types\/product"}],"replies":[{"embeddable":true,"href":"https:\/\/enertik.com\/mx\/wp-json\/wp\/v2\/comments?post=34919"}],"version-history":[{"count":0,"href":"https:\/\/enertik.com\/mx\/wp-json\/wp\/v2\/product\/34919\/revisions"}],"wp:featuredmedia":[{"embeddable":true,"href":"https:\/\/enertik.com\/mx\/wp-json\/wp\/v2\/media\/34920"}],"wp:attachment":[{"href":"https:\/\/enertik.com\/mx\/wp-json\/wp\/v2\/media?parent=34919"}],"wp:term":[{"taxonomy":"product_brand","embeddable":true,"href":"https:\/\/enertik.com\/mx\/wp-json\/wp\/v2\/product_brand?post=34919"},{"taxonomy":"product_cat","embeddable":true,"href":"https:\/\/enertik.com\/mx\/wp-json\/wp\/v2\/product_cat?post=34919"},{"taxonomy":"product_tag","embeddable":true,"href":"https:\/\/enertik.com\/mx\/wp-json\/wp\/v2\/product_tag?post=34919"}],"curies":[{"name":"wp","href":"https:\/\/api.w.org\/{rel}","templated":true}]}}