{"id":32114,"date":"2026-02-09T02:09:21","date_gmt":"2026-02-09T08:09:21","guid":{"rendered":"https:\/\/enertik.com\/mx\/?post_type=product&#038;p=32114"},"modified":"2026-02-17T23:56:48","modified_gmt":"2026-02-18T05:56:48","slug":"bateria-de-ciclo-profundo-agm-enertik-12v-26ah","status":"publish","type":"product","link":"https:\/\/enertik.com\/mx\/tienda\/sistemas-de-almacenamiento\/baterias-agm\/bateria-de-ciclo-profundo-agm-enertik-12v-26ah\/","title":{"rendered":"Bater\u00eda de Ciclo Profundo AGM \u2013 Enertik \u2013 12V 26Ah"},"content":{"rendered":"\t\t<div data-elementor-type=\"product-post\" data-elementor-id=\"32114\" class=\"elementor elementor-32114\" data-elementor-post-type=\"product\">\n\t\t\t\t\t\t<section class=\"wd-negative-gap elementor-section elementor-top-section elementor-element elementor-element-c76c481 Product_Description elementor-section-boxed elementor-section-height-default elementor-section-height-default\" data-id=\"c76c481\" data-element_type=\"section\" data-e-type=\"section\">\n\t\t\t\t\t\t<div class=\"elementor-container elementor-column-gap-default\">\n\t\t\t\t\t<div class=\"elementor-column elementor-col-100 elementor-top-column elementor-element elementor-element-732d552\" data-id=\"732d552\" data-element_type=\"column\" data-e-type=\"column\" data-settings=\"{&quot;background_background&quot;:&quot;classic&quot;}\">\n\t\t\t<div class=\"elementor-widget-wrap elementor-element-populated\">\n\t\t\t\t\t\t<section class=\"wd-negative-gap elementor-section elementor-inner-section elementor-element elementor-element-340bff0 elementor-section-boxed elementor-section-height-default elementor-section-height-default\" data-id=\"340bff0\" data-element_type=\"section\" data-e-type=\"section\">\n\t\t\t\t\t\t<div class=\"elementor-container elementor-column-gap-default\">\n\t\t\t\t\t<div class=\"elementor-column elementor-col-100 elementor-inner-column elementor-element elementor-element-b99d4bf\" data-id=\"b99d4bf\" data-element_type=\"column\" data-e-type=\"column\">\n\t\t\t<div class=\"elementor-widget-wrap elementor-element-populated\">\n\t\t\t\t\t\t<div class=\"elementor-element elementor-element-036c671 elementor-widget elementor-widget-wd_tabs\" data-id=\"036c671\" data-element_type=\"widget\" data-e-type=\"widget\" data-widget_type=\"wd_tabs.default\">\n\t\t\t\t<div class=\"elementor-widget-container\">\n\t\t\t\t\t\t\t<div class=\"wd-tabs tabs-design-default\">\n\t\t\t<div class=\"wd-tabs-header text-center\">\n\t\t\t\t\n\t\t\t\t\n\t\t\t\t<div class=\"wd-nav-wrapper wd-nav-tabs-wrapper wd-mb-action-swipe\">\n\t\t\t\t\t<ul class=\"wd-nav wd-nav-tabs wd-icon-pos-left wd-style-underline\">\n\t\t\t\t\t\t\t\t\t\t\t\t\t\n\t\t\t\t\t\t\t<li>\n\t\t\t\t\t\t\t\t<a href=\"#\" class=\"wd-nav-link\">\n\t\t\t\t\t\t\t\t\t\n\t\t\t\t\t\t\t\t\t<span class=\"nav-link-text wd-tabs-title\">\n\t\t\t\t\t\t\t\t\t\tDESCRIPCI\u00d3N\t\t\t\t\t\t\t\t\t<\/span>\n\t\t\t\t\t\t\t\t<\/a>\n\t\t\t\t\t\t\t<\/li>\n\n\t\t\t\t\t\t\t\t\t\t\t\t\t\n\t\t\t\t\t\t\t<li>\n\t\t\t\t\t\t\t\t<a href=\"#\" class=\"wd-nav-link\">\n\t\t\t\t\t\t\t\t\t\n\t\t\t\t\t\t\t\t\t<span class=\"nav-link-text wd-tabs-title\">\n\t\t\t\t\t\t\t\t\t\tESPECIFICACIONES\t\t\t\t\t\t\t\t\t<\/span>\n\t\t\t\t\t\t\t\t<\/a>\n\t\t\t\t\t\t\t<\/li>\n\n\t\t\t\t\t\t\t\t\t\t\t<\/ul>\n\t\t\t\t<\/div>\n\t\t\t<\/div>\n\n\t\t\t<div class=\"wd-tabs-content-wrapper\">\n\t\t\t\t\t\t\t\t\t\t\t\t\t\t\n\t\t\t\t\t<div class=\"wd-tab-content wd-entry-content\">\n\t\t\t\t\t\t\t\t\t\t\t\t\t<div >\n\t\t\t\t\t\t\t\t<h2>VENTAJAS<\/h2><ul><li><p class=\"p1\">Especialmente dise\u00f1adas para sistemas fotovoltaicos, aplicaciones marinas y veh\u00edculos<\/p><\/li><li><p class=\"p1\">Apta para aplicaciones en sistemas fotovoltaicos, marinas y de veh\u00edculos<\/p><\/li><li><p class=\"p1\">Vida \u00fatil esperada de 8 a 10 a\u00f1os (seg\u00fan condiciones de uso)<\/p><\/li><li><p class=\"p1\">Mayor durabilidad en ciclos profundos<\/p><\/li><li><p class=\"p1\">Fabricadas con materia prima de primera calidad<\/p><\/li><li><p class=\"p1\">Soportan hasta 1,100 ciclos al 50% de DoD, el doble que otras marcas<\/p><\/li><li><p class=\"p1\">Baja autodescarga, ideales para almacenamientos prolongados<\/p><\/li><li><p class=\"p1\">Tecnolog\u00eda VRLA sellada, sin mantenimiento y segura ante derrames<\/p><\/li><li><p class=\"p1\">Alta potencia espec\u00edfica, capaces de entregar corrientes elevadas<\/p><\/li><li><p class=\"p1\">Hasta 5 veces m\u00e1s r\u00e1pidas en recarga que bater\u00edas convencionales<\/p><\/li><li><p class=\"p1\">Construcci\u00f3n robusta, resistente a vibraciones<\/p><\/li><li><p class=\"p1\">Excelente desempe\u00f1o en bajas temperaturas<\/p><\/li><li><p class=\"p1\">Equipadas con placas gruesas y material activo de alta densidad<\/p><\/li><li><p class=\"p1\">Gran capacidad de recuperaci\u00f3n tras descargas profundas<\/p><\/li><\/ul>\t\t\t\t\t\t\t<\/div>\n\t\t\t\t\t\t\t\t\t\t\t<\/div>\n\n\t\t\t\t\t\t\t\t\t\t\t\t\t\t\n\t\t\t\t\t<div class=\"wd-tab-content wd-entry-content\">\n\t\t\t\t\t\t\t\t\t\t\t\t\t<div >\n\t\t\t\t\t\t\t\t<table>\n<tbody>\n<tr>\n<td class=\"tbLeft\">Marca<\/td>\n<td>Enertik<\/td>\n<\/tr>\n<tr>\n<td class=\"tbLeft\">Modelo<\/td>\n<td>EBD12-26<\/td>\n<\/tr>\n<tr class=\"tbBorderNone\">\n<td class=\"tbLeft\">Tipo<\/td>\n<td>Ciclo profundo AGM<\/td>\n<\/tr>\n<tr>\n<td class=\"tbTit\" colspan=\"2\">Especificaciones el\u00e9ctricas<\/td>\n<\/tr>\n<tr>\n<td class=\"tbLeft\">Tensi\u00f3n nominal<\/td>\n<td>12 VCC<\/td>\n<\/tr>\n<tr>\n<td class=\"tbLeft\">Capacidad en 10h<\/td>\n<td>26 Ah<\/td>\n<\/tr>\n<tr>\n<td class=\"tbLeft\">Corriente de carga m\u00e1x. recomendada<\/td>\n<td>7.8 A<\/td>\n<\/tr>\n<tr>\n<td class=\"tbLeft\">Corriente de descarga m\u00e1xima<\/td>\n<td>340 A @ 5 segundos<\/span><\/td>\n<\/tr>\n<tr>\n<td class=\"tbLeft\">Resistencia interna<\/td>\n<td>12 <span class=\"tbLeft\"> m\u03a9<\/span><\/td>\n<\/tr>\n<tr>\n<td class=\"tbLeft\">Tensi\u00f3n de flote<\/td>\n<td>13.5 VCC ~ 13.8 VCC<\/td>\n<\/tr>\n<tr class=\"tbBorderNone\">\n<td class=\"tbLeft\">Tensi\u00f3n de absorci\u00f3n<\/td>\n<td>14.4 VCC ~ 14.8 VCC<\/td>\n<\/tr>\n<tr>\n<td class=\"tbTit\" colspan=\"2\">Datos generales<\/td>\n<\/tr>\n<tr>\n<td class=\"tbLeft\">Vida \u00fatil m\u00e1xima te\u00f3rica<\/td>\n<td>10 a\u00f1os<\/td>\n<\/tr>\n<tr>\n  <td class=\"tbLeft\">Vida en ciclos hasta llegar al 60% de la cap. inicial <br>\n    (Te\u00f3rica, @ 25 \u00b0C) <\/td>\n  <td>1100 ciclos @ 50% DoD (Recomendado)<br>\n    550 ciclos @ 80% DoD<\/td>\n<\/tr>\n<tr>\n  <td class=\"tbLeft\">Tipo de terminal<\/td>\n  <td>M6,  Superficie \u00d816<\/td>\n<\/tr>\n<tr>\n<td class=\"tbLeft\">Temperatura de trabajo (descarga)<\/td>\n<td>-15 ~ 40 \u00b0C<\/td>\n<\/tr>\n<tr>\n<td class=\"tbLeft\">Temperatura de trabajo (carga)<\/td>\n<td>-15 ~ 40 \u00b0C<\/td>\n<\/tr>\n\n<tr>\n<td class=\"tbLeft\">Temperatura de trabajo ideal<\/td>\n<td>20 ~ 25 \u00b0C<\/td>\n<\/tr>\n<tr>\n<td class=\"tbLeft\">Dimensiones (mm)<\/td>\n<td>165 x 126 x 175<\/td>\n<\/tr>\n<tr>\n<td class=\"tbLeft\">Peso neto<\/td>\n<td>8.5 kg \u00b1 3 %<\/td>\n<\/tr>\n<\/tbody>\n<\/table>\t\t\t\t\t\t\t<\/div>\n\t\t\t\t\t\t\t\t\t\t\t<\/div>\n\n\t\t\t\t\t\t\t<\/div>\n\t\t<\/div>\n\t\t\t\t\t\t<\/div>\n\t\t\t\t<\/div>\n\t\t\t\t\t<\/div>\n\t\t<\/div>\n\t\t\t\t\t<\/div>\n\t\t<\/section>\n\t\t\t\t\t<\/div>\n\t\t<\/div>\n\t\t\t\t\t<\/div>\n\t\t<\/section>\n\t\t\t\t<section class=\"wd-negative-gap elementor-section elementor-top-section elementor-element elementor-element-7cbe8f8 Link_Buttons elementor-section-boxed elementor-section-height-default elementor-section-height-default\" data-id=\"7cbe8f8\" data-element_type=\"section\" data-e-type=\"section\" data-settings=\"{&quot;background_background&quot;:&quot;classic&quot;}\">\n\t\t\t\t\t\t<div class=\"elementor-container elementor-column-gap-custom\">\n\t\t\t\t\t<div class=\"elementor-column elementor-col-50 elementor-top-column elementor-element elementor-element-cb14461\" data-id=\"cb14461\" data-element_type=\"column\" data-e-type=\"column\">\n\t\t\t<div class=\"elementor-widget-wrap elementor-element-populated\">\n\t\t\t\t\t\t<div class=\"elementor-element elementor-element-6d1099b elementor-view-framed elementor-shape-circle elementor-position-block-start elementor-mobile-position-block-start elementor-widget elementor-widget-icon-box\" data-id=\"6d1099b\" data-element_type=\"widget\" data-e-type=\"widget\" data-widget_type=\"icon-box.default\">\n\t\t\t\t\t\t\t<div class=\"elementor-icon-box-wrapper\">\n\n\t\t\t\t\t\t<div class=\"elementor-icon-box-icon\">\n\t\t\t\t<a href=\"https:\/\/enertik.com\/wp-content\/uploads\/sites\/3\/documentos\/folletos\/folleto-ebd12-26.pdf\" target=\"_blank\" class=\"elementor-icon\" tabindex=\"-1\">\n\t\t\t\t<svg aria-hidden=\"true\" class=\"e-font-icon-svg e-fas-book-open\" viewBox=\"0 0 576 512\" xmlns=\"http:\/\/www.w3.org\/2000\/svg\"><path d=\"M542.22 32.05c-54.8 3.11-163.72 14.43-230.96 55.59-4.64 2.84-7.27 7.89-7.27 13.17v363.87c0 11.55 12.63 18.85 23.28 13.49 69.18-34.82 169.23-44.32 218.7-46.92 16.89-.89 30.02-14.43 30.02-30.66V62.75c.01-17.71-15.35-31.74-33.77-30.7zM264.73 87.64C197.5 46.48 88.58 35.17 33.78 32.05 15.36 31.01 0 45.04 0 62.75V400.6c0 16.24 13.13 29.78 30.02 30.66 49.49 2.6 149.59 12.11 218.77 46.95 10.62 5.35 23.21-1.94 23.21-13.46V100.63c0-5.29-2.62-10.14-7.27-12.99z\"><\/path><\/svg>\t\t\t\t<\/a>\n\t\t\t<\/div>\n\t\t\t\n\t\t\t\t\t\t<div class=\"elementor-icon-box-content\">\n\n\t\t\t\t\n\t\t\t\t\t\t\t\t\t<p class=\"elementor-icon-box-description\">\n\t\t\t\t\t\tFOLLETO\t\t\t\t\t<\/p>\n\t\t\t\t\n\t\t\t<\/div>\n\t\t\t\n\t\t<\/div>\n\t\t\t\t\t\t<\/div>\n\t\t\t\t\t<\/div>\n\t\t<\/div>\n\t\t\t\t<div class=\"elementor-column elementor-col-50 elementor-top-column elementor-element elementor-element-0b041f5\" data-id=\"0b041f5\" data-element_type=\"column\" data-e-type=\"column\">\n\t\t\t<div class=\"elementor-widget-wrap elementor-element-populated\">\n\t\t\t\t\t\t<div class=\"elementor-element elementor-element-8a0fd7d elementor-view-framed elementor-shape-circle elementor-position-block-start elementor-mobile-position-block-start elementor-widget elementor-widget-icon-box\" data-id=\"8a0fd7d\" data-element_type=\"widget\" data-e-type=\"widget\" data-widget_type=\"icon-box.default\">\n\t\t\t\t\t\t\t<div class=\"elementor-icon-box-wrapper\">\n\n\t\t\t\t\t\t<div class=\"elementor-icon-box-icon\">\n\t\t\t\t<a href=\"https:\/\/enertik.com\/wp-content\/uploads\/sites\/3\/documentos\/certificados\/safety-data-sheet-ebu-ebd.pdf\" target=\"_blank\" class=\"elementor-icon\" tabindex=\"-1\">\n\t\t\t\t<svg aria-hidden=\"true\" class=\"e-font-icon-svg e-far-file-pdf\" viewBox=\"0 0 384 512\" xmlns=\"http:\/\/www.w3.org\/2000\/svg\"><path d=\"M369.9 97.9L286 14C277 5 264.8-.1 252.1-.1H48C21.5 0 0 21.5 0 48v416c0 26.5 21.5 48 48 48h288c26.5 0 48-21.5 48-48V131.9c0-12.7-5.1-25-14.1-34zM332.1 128H256V51.9l76.1 76.1zM48 464V48h160v104c0 13.3 10.7 24 24 24h104v288H48zm250.2-143.7c-12.2-12-47-8.7-64.4-6.5-17.2-10.5-28.7-25-36.8-46.3 3.9-16.1 10.1-40.6 5.4-56-4.2-26.2-37.8-23.6-42.6-5.9-4.4 16.1-.4 38.5 7 67.1-10 23.9-24.9 56-35.4 74.4-20 10.3-47 26.2-51 46.2-3.3 15.8 26 55.2 76.1-31.2 22.4-7.4 46.8-16.5 68.4-20.1 18.9 10.2 41 17 55.8 17 25.5 0 28-28.2 17.5-38.7zm-198.1 77.8c5.1-13.7 24.5-29.5 30.4-35-19 30.3-30.4 35.7-30.4 35zm81.6-190.6c7.4 0 6.7 32.1 1.8 40.8-4.4-13.9-4.3-40.8-1.8-40.8zm-24.4 136.6c9.7-16.9 18-37 24.7-54.7 8.3 15.1 18.9 27.2 30.1 35.5-20.8 4.3-38.9 13.1-54.8 19.2zm131.6-5s-5 6-37.3-7.8c35.1-2.6 40.9 5.4 37.3 7.8z\"><\/path><\/svg>\t\t\t\t<\/a>\n\t\t\t<\/div>\n\t\t\t\n\t\t\t\t\t\t<div class=\"elementor-icon-box-content\">\n\n\t\t\t\t\n\t\t\t\t\t\t\t\t\t<p class=\"elementor-icon-box-description\">\n\t\t\t\t\t\tSAFETY DATA SHEET\t\t\t\t\t<\/p>\n\t\t\t\t\n\t\t\t<\/div>\n\t\t\t\n\t\t<\/div>\n\t\t\t\t\t\t<\/div>\n\t\t\t\t\t<\/div>\n\t\t<\/div>\n\t\t\t\t\t<\/div>\n\t\t<\/section>\n\t\t\t\t<section class=\"wd-negative-gap elementor-section elementor-top-section elementor-element elementor-element-ce77c02 elementor-section-boxed elementor-section-height-default elementor-section-height-default\" data-id=\"ce77c02\" data-element_type=\"section\" data-e-type=\"section\">\n\t\t\t\t\t\t<div class=\"elementor-container elementor-column-gap-default\">\n\t\t\t\t\t<div class=\"elementor-column elementor-col-100 elementor-top-column elementor-element elementor-element-7409975\" data-id=\"7409975\" data-element_type=\"column\" data-e-type=\"column\">\n\t\t\t<div class=\"elementor-widget-wrap elementor-element-populated\">\n\t\t\t\t\t\t<div class=\"elementor-element elementor-element-e3adb04 elementor-widget elementor-widget-wd_text_block\" data-id=\"e3adb04\" data-element_type=\"widget\" data-e-type=\"widget\" data-widget_type=\"wd_text_block.default\">\n\t\t\t\t<div class=\"elementor-widget-container\">\n\t\t\t\t\t\t\t<div class=\"wd-text-block reset-last-child text-left\">\n\t\t\t\n\t\t\t<div class=\"productDetails__block-content\"><h3 id=\"BateriaAGM\">BATER\u00cdAS AGM<\/h3><article><p>Tecnolog\u00eda moderna en la fabricaci\u00f3n de bater\u00edas. Se usan separadores a base de fibra de vidrio absorbente, material que tiene la consistencia parecida al mulet\u00f3n. Al ensamblar la bater\u00eda y agregar el electrolito l\u00edquido, este es absorbido por el fibra AGM que act\u00faa como una esponja. Al igual que la bater\u00eda de gel, las bater\u00edas AGM en caso de rotura no tendr\u00e1 fugas de l\u00edquido, esta tecnolog\u00eda tambi\u00e9n tiene la ventaja de que la bater\u00eda se puede instalar tumbada.<\/p><p>Toda bater\u00eda durante su normal funcionamiento genera gasificaci\u00f3n, y si \u00e9sta es abundante se origina presi\u00f3n en el interior de las misma, por tanto, no es apropiado sellar completamente una bater\u00eda. Por eso, las bater\u00edas AGM, llevan unos tapones de jebe que hermetizan cada celda. Estos tapones en caso de excesiva gasificaci\u00f3n, se abrir\u00e1n liberando la presi\u00f3n interna. Es decir, los tapones por seguridad, regulan la eventual salida de gas. Debido a esto las AGM, reciben tambi\u00e9n el nombre de bater\u00edas Valvo Reguladas.<\/p><p>La bater\u00eda AGM, se provee de su propia agua, \u00e9sta caracter\u00edstica es llamada: Recombinaci\u00f3n. Con las AGM, podemos conseguir todas las ventajas de las GEL sin adquirir ninguna de sus desventajas. Por \u00faltimo las bater\u00edas AGM, se pueden instalar \u201cechadas\u201d o de costado y no habr\u00e1 filtraci\u00f3n.<\/p><\/article><h3 id=\"BateriaImportante\">IMPORTANTE<\/h3><article><p>Al recargar estas bater\u00edas, debe cuidarse la cantidad de corriente que entrega el cargador. Si la corriente es excesiva, se genera abundante gasificaci\u00f3n al interior de la bater\u00eda y esto provoca la dilataci\u00f3n (\"hinchaz\u00f3n\" y deformaci\u00f3n), de la caja. La bater\u00eda se vuelve inservible.<\/p><p>Es recomendable iniciar la carga, con un rango de tensi\u00f3n equivalente en valor a 1\/10 de la capacidad de la bater\u00eda. Ejemplo, si se trata de una bater\u00eda de 12 voltios 7 Ah (como las que se usan en los equipos de luces de emergencia), es recomendable iniciar la recarga con una corriente de 0.7 amperios.<\/p><\/article><h3 id=\"ciclosVida\">CICLOS DE VIDA<\/h3><article><h5>\u00bfCu\u00e1ntos ciclos deber\u00eda producir una bater\u00eda de ciclo profundo?<\/h5><p>Es dif\u00edcil calcular los ciclos de vida de las bater\u00edas ya que dependen de muchos factores. Algunos de los factores son el mantenimiento, el porcentaje de descarga, temperatura de la bater\u00eda, cantidad de veces que se descarga, vibraci\u00f3n, etc.<\/p><p>Uno de los factores m\u00e1s importantes es la cantidad (en porcentaje) de descarga de la bater\u00eda (DOD) por ciclo. Cuando la cantidad de DOD es incrementada por ciclo, resulta en una reducci\u00f3n del total de ciclos de la bater\u00eda.<\/p><p>Si por ejemplo, una bater\u00eda es descargada constantemente al 100% DOD (considerando que las otras variables son constantes), el ciclo total de vida de la bater\u00eda podr\u00eda ser la mitad de una que es descargada solamente al 50%. Con esto, nos damos cuenta que para optimizar la duraci\u00f3n de las bater\u00edas es recomendable no descargarlas m\u00e1s del 50%. Recuerda que existen muchos otros factores que afectan la vida de las bater\u00edas. Si las bater\u00edas trabajan a temperaturas de 36 grados cent\u00edgrados constantemente, los ciclos de vida se reducir\u00edan dr\u00e1sticamente.<\/p><\/article><\/div>\n\t\t\t\t\t<\/div>\n\t\t\t\t\t\t<\/div>\n\t\t\t\t<\/div>\n\t\t\t\t\t<\/div>\n\t\t<\/div>\n\t\t\t\t\t<\/div>\n\t\t<\/section>\n\t\t\t\t<\/div>\n\t\t","protected":false},"excerpt":{"rendered":"<p>Tensi\u00f3n y capacidad : 12V 26Ah<\/p>\n<p class=\"p1\">Las bater\u00edas de ciclo profundo <b>EBD<\/b> est\u00e1n dise\u00f1adas para ofrecer un rendimiento superior en aplicaciones exigentes. Est\u00e1n fabricadas con <b>materias primas de alta pureza<\/b>, una <b>aleaci\u00f3n especial para las rejillas<\/b> <b>internas<\/b> y una <b>f\u00f3rmula optimizada de pasta de plomo<\/b>, lo que garantiza una mayor eficiencia electroqu\u00edmica y una vida \u00fatil prolongada.<\/p>\n<p class=\"p1\">Gracias a un dise\u00f1o cuidadosamente equilibrado entre la masa activa positiva y negativa, las bater\u00edas EBD destacan por su excelente comportamiento en <b>ciclos profundos<\/b> y su <b>sobresaliente capacidad de recuperaci\u00f3n ante descargas severas<\/b>.<\/p>\n<p class=\"p1\">A diferencia de muchas bater\u00edas AGM de otras marcas, las EBD tienen un peso superior \u2014una se\u00f1al clara de que incorporan <b>m\u00e1s material activo (plomo)<\/b>. Esto se traduce en:<\/p>\n<ul class=\"ul1\">\n<li class=\"li1\"><b>Mayor capacidad utilizable real<\/b><b><\/b><\/li>\n<li class=\"li1\"><b>Menor resistencia interna<\/b><b><\/b><\/li>\n<li class=\"li1\"><b>Menor generaci\u00f3n de calor<\/b><b><\/b><\/li>\n<li class=\"li1\"><b>Mayor vida \u00fatil<\/b><\/li>\n<\/ul>\n<p class=\"p1\">Adem\u00e1s, ofrecen <b>mayores corrientes pico<\/b> y est\u00e1n nominalmente clasificadas a <b>C10<\/b> (10 horas), lo que indica una <b>mayor entrega de potencia<\/b> en comparaci\u00f3n con la mayor\u00eda de modelos est\u00e1ndar que se clasifican a C20. Son capaces de soportar hasta <b>1,100 ciclos al 50% de profundidad de descarga (DoD)<\/b>, duplicando la vida \u00fatil de muchas otras opciones del mercado.<\/p>\n","protected":false},"featured_media":35030,"comment_status":"open","ping_status":"closed","template":"","meta":{"_relevanssi_hide_post":"","_relevanssi_hide_content":"","_relevanssi_pin_for_all":"","_relevanssi_pin_keywords":"","_relevanssi_unpin_keywords":"","_relevanssi_related_keywords":"","_relevanssi_related_include_ids":"","_relevanssi_related_exclude_ids":"","_relevanssi_related_no_append":"","_relevanssi_related_not_related":"","_relevanssi_related_posts":"","_relevanssi_noindex_reason":"","inline_featured_image":false},"product_brand":[],"product_cat":[1735,1733],"product_tag":[],"class_list":{"0":"post-32114","1":"product","2":"type-product","3":"status-publish","4":"has-post-thumbnail","6":"product_cat-baterias-agm","7":"product_cat-sistemas-de-almacenamiento","8":"pa_gtin-4729","9":"pa_marca-enertik","10":"pa_voltaje-12v","12":"first","13":"instock","14":"taxable","15":"shipping-taxable","16":"purchasable","17":"product-type-simple"},"bundled_by":[],"bundle_stock_status":"instock","bundle_stock_quantity":30,"bundle_virtual":false,"bundle_layout":"","bundle_add_to_cart_form_location":"","bundle_editable_in_cart":false,"bundle_sold_individually_context":"","bundle_item_grouping":"","bundle_min_size":"","bundle_max_size":"","bundle_price":[],"bundled_items":[],"bundle_sell_ids":[],"group_of_quantity":0,"min_quantity":0,"max_quantity":"","exclude_order_quantity_value_rules":"no","exclude_category_quantity_rules":"no","combine_variations":"no","exclude_global_add_ons":[],"addons":[],"_links":{"self":[{"href":"https:\/\/enertik.com\/mx\/wp-json\/wp\/v2\/product\/32114","targetHints":{"allow":["GET"]}}],"collection":[{"href":"https:\/\/enertik.com\/mx\/wp-json\/wp\/v2\/product"}],"about":[{"href":"https:\/\/enertik.com\/mx\/wp-json\/wp\/v2\/types\/product"}],"replies":[{"embeddable":true,"href":"https:\/\/enertik.com\/mx\/wp-json\/wp\/v2\/comments?post=32114"}],"version-history":[{"count":0,"href":"https:\/\/enertik.com\/mx\/wp-json\/wp\/v2\/product\/32114\/revisions"}],"wp:featuredmedia":[{"embeddable":true,"href":"https:\/\/enertik.com\/mx\/wp-json\/wp\/v2\/media\/35030"}],"wp:attachment":[{"href":"https:\/\/enertik.com\/mx\/wp-json\/wp\/v2\/media?parent=32114"}],"wp:term":[{"taxonomy":"product_brand","embeddable":true,"href":"https:\/\/enertik.com\/mx\/wp-json\/wp\/v2\/product_brand?post=32114"},{"taxonomy":"product_cat","embeddable":true,"href":"https:\/\/enertik.com\/mx\/wp-json\/wp\/v2\/product_cat?post=32114"},{"taxonomy":"product_tag","embeddable":true,"href":"https:\/\/enertik.com\/mx\/wp-json\/wp\/v2\/product_tag?post=32114"}],"curies":[{"name":"wp","href":"https:\/\/api.w.org\/{rel}","templated":true}]}}