{"id":30985,"date":"2025-01-17T01:51:34","date_gmt":"2025-01-17T07:51:34","guid":{"rendered":"https:\/\/enertik.com\/mx\/?post_type=product&#038;p=30985"},"modified":"2026-02-17T23:57:32","modified_gmt":"2026-02-18T05:57:32","slug":"panel-solar-longi-monocristalino-hpbc-hi-mo-x6-max-explorer-615w-pallet-de-36-unidades","status":"publish","type":"product","link":"https:\/\/enertik.com\/mx\/tienda\/fotovoltaica\/paneles-solares\/panel-solar-longi-monocristalino-hpbc-hi-mo-x6-max-explorer-615w-pallet-de-36-unidades\/","title":{"rendered":"Panel Solar LONGi Monocristalino HPBC &#8211; Hi-Mo X6 MAX Explorer- 615W (Pallet de 36 Unidades)"},"content":{"rendered":"\t\t<div data-elementor-type=\"product-post\" data-elementor-id=\"30985\" class=\"elementor elementor-30985\" data-elementor-post-type=\"product\">\n\t\t\t\t\t\t<section class=\"wd-negative-gap elementor-section elementor-top-section elementor-element elementor-element-ab79e88 Product_Description elementor-section-boxed elementor-section-height-default elementor-section-height-default\" data-id=\"ab79e88\" data-element_type=\"section\" data-e-type=\"section\">\n\t\t\t\t\t\t<div class=\"elementor-container elementor-column-gap-default\">\n\t\t\t\t\t<div class=\"elementor-column elementor-col-100 elementor-top-column elementor-element elementor-element-2fb6cff\" data-id=\"2fb6cff\" data-element_type=\"column\" data-e-type=\"column\" data-settings=\"{&quot;background_background&quot;:&quot;classic&quot;}\">\n\t\t\t<div class=\"elementor-widget-wrap elementor-element-populated\">\n\t\t\t\t\t\t<section class=\"wd-negative-gap elementor-section elementor-inner-section elementor-element elementor-element-5e9d95b elementor-section-boxed elementor-section-height-default elementor-section-height-default\" data-id=\"5e9d95b\" data-element_type=\"section\" data-e-type=\"section\">\n\t\t\t\t\t\t<div class=\"elementor-container elementor-column-gap-default\">\n\t\t\t\t\t<div class=\"elementor-column elementor-col-100 elementor-inner-column elementor-element elementor-element-316d848\" data-id=\"316d848\" data-element_type=\"column\" data-e-type=\"column\">\n\t\t\t<div class=\"elementor-widget-wrap elementor-element-populated\">\n\t\t\t\t\t\t<div class=\"elementor-element elementor-element-3aac70a elementor-widget elementor-widget-wd_tabs\" data-id=\"3aac70a\" data-element_type=\"widget\" data-e-type=\"widget\" data-widget_type=\"wd_tabs.default\">\n\t\t\t\t<div class=\"elementor-widget-container\">\n\t\t\t\t\t\t\t<div class=\"wd-tabs tabs-design-default\">\n\t\t\t<div class=\"wd-tabs-header text-center\">\n\t\t\t\t\n\t\t\t\t\n\t\t\t\t<div class=\"wd-nav-wrapper wd-nav-tabs-wrapper wd-mb-action-swipe\">\n\t\t\t\t\t<ul class=\"wd-nav wd-nav-tabs wd-icon-pos-left wd-style-underline\">\n\t\t\t\t\t\t\t\t\t\t\t\t\t\n\t\t\t\t\t\t\t<li>\n\t\t\t\t\t\t\t\t<a href=\"#\" class=\"wd-nav-link\">\n\t\t\t\t\t\t\t\t\t\n\t\t\t\t\t\t\t\t\t<span class=\"nav-link-text wd-tabs-title\">\n\t\t\t\t\t\t\t\t\t\tDESCRIPCI\u00d3N\t\t\t\t\t\t\t\t\t<\/span>\n\t\t\t\t\t\t\t\t<\/a>\n\t\t\t\t\t\t\t<\/li>\n\n\t\t\t\t\t\t\t\t\t\t\t\t\t\n\t\t\t\t\t\t\t<li>\n\t\t\t\t\t\t\t\t<a href=\"#\" class=\"wd-nav-link\">\n\t\t\t\t\t\t\t\t\t\n\t\t\t\t\t\t\t\t\t<span class=\"nav-link-text wd-tabs-title\">\n\t\t\t\t\t\t\t\t\t\tESPECIFICACIONES\t\t\t\t\t\t\t\t\t<\/span>\n\t\t\t\t\t\t\t\t<\/a>\n\t\t\t\t\t\t\t<\/li>\n\n\t\t\t\t\t\t\t\t\t\t\t<\/ul>\n\t\t\t\t<\/div>\n\t\t\t<\/div>\n\n\t\t\t<div class=\"wd-tabs-content-wrapper\">\n\t\t\t\t\t\t\t\t\t\t\t\t\t\t\n\t\t\t\t\t<div class=\"wd-tab-content wd-entry-content\">\n\t\t\t\t\t\t\t\t\t\t\t\t\t<div >\n\t\t\t\t\t\t\t\t<h2>VENTAJAS<\/h2><ul><li>Nueva tecnolog\u00eda de HPBC para atrapar m\u00e1s luz solar<\/li><li>Dise\u00f1o moderno y est\u00e9tico<\/li><li>Mejor resistencia a ca\u00eddas de rendimiento por efectos de temperatura, luz y tiempo de uso<\/li><li>Muy buena eficiencia de conversi\u00f3n 22.8%<\/li><li>Rendimiento y durabilidad probados a campo<\/li><li>Relaci\u00f3n Tama\u00f1o-potencia perfecta<\/li><li>Construcci\u00f3n robusta, dise\u00f1ado para aguantar mayor el viento, el impacto frontal y la carga mec\u00e1nica<\/li><li>Ideal tanto para instalaciones a gran escala como para uso dom\u00e9stico y en industrias de tama\u00f1o mediano<\/li><li>Excelente rendimiento en condiciones de poca luz en d\u00edas nublados, ma\u00f1anas y atardeceres<\/li><li>Alta confiabilidad gracias al estricto control de calidad<\/li><li>Grado de protecci\u00f3n IP68<\/li><\/ul>\t\t\t\t\t\t\t<\/div>\n\t\t\t\t\t\t\t\t\t\t\t<\/div>\n\n\t\t\t\t\t\t\t\t\t\t\t\t\t\t\n\t\t\t\t\t<div class=\"wd-tab-content wd-entry-content\">\n\t\t\t\t\t\t\t\t\t\t\t\t\t<div >\n\t\t\t\t\t\t\t\t<table><tbody><tr><td class=\"tbLeft\">Modelo<\/td><td>LR7-72HTH-615M<\/td><\/tr><tr class=\"tbBorderNone\"><td class=\"tbLeft\">Marca<\/td><td>LONGI<\/td><\/tr><tr class=\"tbBorderNone\"><td class=\"tbTit\" colspan=\"2\">Especificaciones t\u00e9cnicas<\/td><\/tr><tr><td class=\"tbLeft\">Potencia m\u00e1xima<\/td><td>615W (+\/-3%)<\/td><\/tr><tr><td class=\"tbLeft\">Voltaje nominal (Vmp)<\/td><td>44.33 VCC<\/td><\/tr><tr><td class=\"tbLeft\">Corriente (Imp)<\/td><td>13.88 A<\/td><\/tr><tr><td class=\"tbLeft\">Tensi\u00f3n en circuito abierto (Voc)<\/td><td>52.57 VCC<\/td><\/tr><tr><td class=\"tbLeft\">Corriente en cortocircuito (Isc)<\/td><td>14.87 A<\/td><\/tr><tr><td class=\"tbLeft\">Eficiencia (\u03b7m)<\/td><td>22.8%<\/td><\/tr><tr><td class=\"tbLeft\">Tensi\u00f3n m\u00e1xima<\/td><td>1500VCC (IEC\/UL)<\/td><\/tr><tr title=\"No conectar fusibles en la caja de conexiones con dos o m\u00e1s strings en conexi\u00f3n paralela\"><td class=\"tbLeft\">Capacidad max. del fusible<\/td><td>25A<\/td><\/tr><tr><td class=\"tbLeft\">Resistencia al viento (Pa)<\/td><td>2400<\/td><\/tr><tr class=\"tbBorderNone\"><td class=\"tbLeft\">Carga de nieve (Pa)<\/td><td>5400<\/td><\/tr><tr><td class=\"tbTit\" colspan=\"2\">Especificaciones f\u00edsicas<\/td><\/tr><tr><td class=\"tbLeft\">Celda solar<\/td><td>Silicio monocristalino HPBC<\/td><\/tr><tr><td class=\"tbLeft\">Distribuci\u00f3n de celda<\/td><td>144 celdas (6 x 24)<\/td><\/tr><tr><td class=\"tbLeft\">Vidrio<\/td><td>3.2mm, alta transparencia, recubrimiento AR y vidrio solar templado<\/td><\/tr><tr><td class=\"tbLeft\">Material del marco<\/td><td>Aluminio anodizado<\/td><\/tr><tr><td class=\"tbLeft\">Color del marco<\/td><td>Aluminio<\/td><\/tr><tr><td class=\"tbLeft\">Dimensiones (mm)<\/td><td>2382 \u00d7 1134 \u00d7 30<\/td><\/tr><tr class=\"tbBorderNone\"><td class=\"tbLeft\">Peso neto (kg)<\/td><td>28.5<\/td><\/tr><tr><td class=\"tbTit\" colspan=\"2\">Especificaciones de temperatura<\/td><\/tr><tr><td class=\"tbLeft\">Condiciones de temperatura nominal<\/td><td>-40\u00baC a +85\u00baC<\/td><\/tr><tr><td class=\"tbLeft\">Temperatura (NOCT)<\/td><td>45\u00baC (\u00b12)<\/td><\/tr><tr><td class=\"tbLeft\">Coeficiente de temperatura de Pmax<\/td><td>-0.28% \u00baC<\/td><\/tr><tr><td class=\"tbLeft\">Coeficiente de temperatura de Voc<\/td><td>-0.23% \u00baC<\/td><\/tr><tr class=\"tbBorderNone\"><td class=\"tbLeft\">Coeficiente de temperatura de Isc<\/td><td>+0.050% \u00baC<\/td><\/tr><tr><td class=\"tbTit\" colspan=\"2\">Garant\u00eda de performance<\/td><\/tr><tr><td class=\"tbLeft\">95% de la potencia<\/td><td>15 a\u00f1os<\/td><\/tr><tr class=\"tbBorderNone\"><td class=\"tbLeft\">89.4% de la potencia<\/td><td>25 a\u00f1os<\/td><\/tr><\/tbody><\/table>\t\t\t\t\t\t\t<\/div>\n\t\t\t\t\t\t\t\t\t\t\t<\/div>\n\n\t\t\t\t\t\t\t<\/div>\n\t\t<\/div>\n\t\t\t\t\t\t<\/div>\n\t\t\t\t<\/div>\n\t\t\t\t\t<\/div>\n\t\t<\/div>\n\t\t\t\t\t<\/div>\n\t\t<\/section>\n\t\t\t\t\t<\/div>\n\t\t<\/div>\n\t\t\t\t\t<\/div>\n\t\t<\/section>\n\t\t\t\t<section class=\"wd-negative-gap elementor-section elementor-top-section elementor-element elementor-element-1f048cb Link_Buttons elementor-section-boxed elementor-section-height-default elementor-section-height-default\" data-id=\"1f048cb\" data-element_type=\"section\" data-e-type=\"section\" data-settings=\"{&quot;background_background&quot;:&quot;classic&quot;}\">\n\t\t\t\t\t\t<div class=\"elementor-container elementor-column-gap-custom\">\n\t\t\t\t\t<div class=\"elementor-column elementor-col-25 elementor-top-column elementor-element elementor-element-2c8d669\" data-id=\"2c8d669\" data-element_type=\"column\" data-e-type=\"column\">\n\t\t\t<div class=\"elementor-widget-wrap elementor-element-populated\">\n\t\t\t\t\t\t<div class=\"elementor-element elementor-element-a74ea32 elementor-view-framed elementor-shape-circle elementor-position-block-start elementor-mobile-position-block-start elementor-widget elementor-widget-icon-box\" data-id=\"a74ea32\" data-element_type=\"widget\" data-e-type=\"widget\" data-widget_type=\"icon-box.default\">\n\t\t\t\t\t\t\t<div class=\"elementor-icon-box-wrapper\">\n\n\t\t\t\t\t\t<div class=\"elementor-icon-box-icon\">\n\t\t\t\t<a href=\"https:\/\/www.longi.com\/mx\/about-longi\/\" target=\"_blank\" class=\"elementor-icon\" tabindex=\"-1\" rel=\"noopener\">\n\t\t\t\t<svg aria-hidden=\"true\" class=\"e-font-icon-svg e-fas-newspaper\" viewBox=\"0 0 576 512\" xmlns=\"http:\/\/www.w3.org\/2000\/svg\"><path d=\"M552 64H88c-13.255 0-24 10.745-24 24v8H24c-13.255 0-24 10.745-24 24v272c0 30.928 25.072 56 56 56h472c26.51 0 48-21.49 48-48V88c0-13.255-10.745-24-24-24zM56 400a8 8 0 0 1-8-8V144h16v248a8 8 0 0 1-8 8zm236-16H140c-6.627 0-12-5.373-12-12v-8c0-6.627 5.373-12 12-12h152c6.627 0 12 5.373 12 12v8c0 6.627-5.373 12-12 12zm208 0H348c-6.627 0-12-5.373-12-12v-8c0-6.627 5.373-12 12-12h152c6.627 0 12 5.373 12 12v8c0 6.627-5.373 12-12 12zm-208-96H140c-6.627 0-12-5.373-12-12v-8c0-6.627 5.373-12 12-12h152c6.627 0 12 5.373 12 12v8c0 6.627-5.373 12-12 12zm208 0H348c-6.627 0-12-5.373-12-12v-8c0-6.627 5.373-12 12-12h152c6.627 0 12 5.373 12 12v8c0 6.627-5.373 12-12 12zm0-96H140c-6.627 0-12-5.373-12-12v-40c0-6.627 5.373-12 12-12h360c6.627 0 12 5.373 12 12v40c0 6.627-5.373 12-12 12z\"><\/path><\/svg>\t\t\t\t<\/a>\n\t\t\t<\/div>\n\t\t\t\n\t\t\t\t\t\t<div class=\"elementor-icon-box-content\">\n\n\t\t\t\t\n\t\t\t\t\t\t\t\t\t<p class=\"elementor-icon-box-description\">\n\t\t\t\t\t\tSOBRE LONGI\t\t\t\t\t<\/p>\n\t\t\t\t\n\t\t\t<\/div>\n\t\t\t\n\t\t<\/div>\n\t\t\t\t\t\t<\/div>\n\t\t\t\t\t<\/div>\n\t\t<\/div>\n\t\t\t\t<div class=\"elementor-column elementor-col-25 elementor-top-column elementor-element elementor-element-91e87e3\" data-id=\"91e87e3\" data-element_type=\"column\" data-e-type=\"column\">\n\t\t\t<div class=\"elementor-widget-wrap elementor-element-populated\">\n\t\t\t\t\t\t<div class=\"elementor-element elementor-element-fb8a7d9 elementor-view-framed elementor-shape-circle elementor-position-block-start elementor-mobile-position-block-start elementor-widget elementor-widget-icon-box\" data-id=\"fb8a7d9\" data-element_type=\"widget\" data-e-type=\"widget\" data-widget_type=\"icon-box.default\">\n\t\t\t\t\t\t\t<div class=\"elementor-icon-box-wrapper\">\n\n\t\t\t\t\t\t<div class=\"elementor-icon-box-icon\">\n\t\t\t\t<a href=\"https:\/\/enertik.com\/wp-content\/uploads\/sites\/4\/documentos\/folletos\/lr_7_72_hth_605_615_m_30_30_and_15_frame_explorer_20240511_v2_d0c9b7df55.pdf\" target=\"_blank\" class=\"elementor-icon\" tabindex=\"-1\">\n\t\t\t\t<svg aria-hidden=\"true\" class=\"e-font-icon-svg e-fas-book-open\" viewBox=\"0 0 576 512\" xmlns=\"http:\/\/www.w3.org\/2000\/svg\"><path d=\"M542.22 32.05c-54.8 3.11-163.72 14.43-230.96 55.59-4.64 2.84-7.27 7.89-7.27 13.17v363.87c0 11.55 12.63 18.85 23.28 13.49 69.18-34.82 169.23-44.32 218.7-46.92 16.89-.89 30.02-14.43 30.02-30.66V62.75c.01-17.71-15.35-31.74-33.77-30.7zM264.73 87.64C197.5 46.48 88.58 35.17 33.78 32.05 15.36 31.01 0 45.04 0 62.75V400.6c0 16.24 13.13 29.78 30.02 30.66 49.49 2.6 149.59 12.11 218.77 46.95 10.62 5.35 23.21-1.94 23.21-13.46V100.63c0-5.29-2.62-10.14-7.27-12.99z\"><\/path><\/svg>\t\t\t\t<\/a>\n\t\t\t<\/div>\n\t\t\t\n\t\t\t\t\t\t<div class=\"elementor-icon-box-content\">\n\n\t\t\t\t\n\t\t\t\t\t\t\t\t\t<p class=\"elementor-icon-box-description\">\n\t\t\t\t\t\tFOLLETO\t\t\t\t\t<\/p>\n\t\t\t\t\n\t\t\t<\/div>\n\t\t\t\n\t\t<\/div>\n\t\t\t\t\t\t<\/div>\n\t\t\t\t\t<\/div>\n\t\t<\/div>\n\t\t\t\t<div class=\"elementor-column elementor-col-25 elementor-top-column elementor-element elementor-element-039414d\" data-id=\"039414d\" data-element_type=\"column\" data-e-type=\"column\">\n\t\t\t<div class=\"elementor-widget-wrap elementor-element-populated\">\n\t\t\t\t\t\t<div class=\"elementor-element elementor-element-1c1e1fc elementor-view-framed elementor-shape-circle elementor-position-block-start elementor-mobile-position-block-start elementor-widget elementor-widget-icon-box\" data-id=\"1c1e1fc\" data-element_type=\"widget\" data-e-type=\"widget\" data-widget_type=\"icon-box.default\">\n\t\t\t\t\t\t\t<div class=\"elementor-icon-box-wrapper\">\n\n\t\t\t\t\t\t<div class=\"elementor-icon-box-icon\">\n\t\t\t\t<a href=\"https:\/\/enertik.com\/wp-content\/uploads\/sites\/4\/documentos\/manuales\/installation_manual_for_lon_gi_solar_pv_modules_v19_en_4c090dd107.pdf\" target=\"_blank\" class=\"elementor-icon\" tabindex=\"-1\">\n\t\t\t\t<svg aria-hidden=\"true\" class=\"e-font-icon-svg e-fas-book\" viewBox=\"0 0 448 512\" xmlns=\"http:\/\/www.w3.org\/2000\/svg\"><path d=\"M448 360V24c0-13.3-10.7-24-24-24H96C43 0 0 43 0 96v320c0 53 43 96 96 96h328c13.3 0 24-10.7 24-24v-16c0-7.5-3.5-14.3-8.9-18.7-4.2-15.4-4.2-59.3 0-74.7 5.4-4.3 8.9-11.1 8.9-18.6zM128 134c0-3.3 2.7-6 6-6h212c3.3 0 6 2.7 6 6v20c0 3.3-2.7 6-6 6H134c-3.3 0-6-2.7-6-6v-20zm0 64c0-3.3 2.7-6 6-6h212c3.3 0 6 2.7 6 6v20c0 3.3-2.7 6-6 6H134c-3.3 0-6-2.7-6-6v-20zm253.4 250H96c-17.7 0-32-14.3-32-32 0-17.6 14.4-32 32-32h285.4c-1.9 17.1-1.9 46.9 0 64z\"><\/path><\/svg>\t\t\t\t<\/a>\n\t\t\t<\/div>\n\t\t\t\n\t\t\t\t\t\t<div class=\"elementor-icon-box-content\">\n\n\t\t\t\t\n\t\t\t\t\t\t\t\t\t<p class=\"elementor-icon-box-description\">\n\t\t\t\t\t\tMANUAL\t\t\t\t\t<\/p>\n\t\t\t\t\n\t\t\t<\/div>\n\t\t\t\n\t\t<\/div>\n\t\t\t\t\t\t<\/div>\n\t\t\t\t\t<\/div>\n\t\t<\/div>\n\t\t\t\t<div class=\"elementor-column elementor-col-25 elementor-top-column elementor-element elementor-element-cce959a\" data-id=\"cce959a\" data-element_type=\"column\" data-e-type=\"column\">\n\t\t\t<div class=\"elementor-widget-wrap elementor-element-populated\">\n\t\t\t\t\t\t<div class=\"elementor-element elementor-element-6c691b7 elementor-view-framed elementor-shape-circle elementor-position-block-start elementor-mobile-position-block-start elementor-widget elementor-widget-icon-box\" data-id=\"6c691b7\" data-element_type=\"widget\" data-e-type=\"widget\" data-widget_type=\"icon-box.default\">\n\t\t\t\t\t\t\t<div class=\"elementor-icon-box-wrapper\">\n\n\t\t\t\t\t\t<div class=\"elementor-icon-box-icon\">\n\t\t\t\t<a href=\"https:\/\/enertik.com\/wp-content\/uploads\/sites\/4\/documentos\/certificados\/tuv_sud_iec_61215_61730_certificate_1500_v_single_glass_2021_2023_9dfa78bb18.pdf\" target=\"_blank\" class=\"elementor-icon\" tabindex=\"-1\">\n\t\t\t\t<svg aria-hidden=\"true\" class=\"e-font-icon-svg e-fas-medal\" viewBox=\"0 0 512 512\" xmlns=\"http:\/\/www.w3.org\/2000\/svg\"><path d=\"M223.75 130.75L154.62 15.54A31.997 31.997 0 0 0 127.18 0H16.03C3.08 0-4.5 14.57 2.92 25.18l111.27 158.96c29.72-27.77 67.52-46.83 109.56-53.39zM495.97 0H384.82c-11.24 0-21.66 5.9-27.44 15.54l-69.13 115.21c42.04 6.56 79.84 25.62 109.56 53.38L509.08 25.18C516.5 14.57 508.92 0 495.97 0zM256 160c-97.2 0-176 78.8-176 176s78.8 176 176 176 176-78.8 176-176-78.8-176-176-176zm92.52 157.26l-37.93 36.96 8.97 52.22c1.6 9.36-8.26 16.51-16.65 12.09L256 393.88l-46.9 24.65c-8.4 4.45-18.25-2.74-16.65-12.09l8.97-52.22-37.93-36.96c-6.82-6.64-3.05-18.23 6.35-19.59l52.43-7.64 23.43-47.52c2.11-4.28 6.19-6.39 10.28-6.39 4.11 0 8.22 2.14 10.33 6.39l23.43 47.52 52.43 7.64c9.4 1.36 13.17 12.95 6.35 19.59z\"><\/path><\/svg>\t\t\t\t<\/a>\n\t\t\t<\/div>\n\t\t\t\n\t\t\t\t\t\t<div class=\"elementor-icon-box-content\">\n\n\t\t\t\t\n\t\t\t\t\t\t\t\t\t<p class=\"elementor-icon-box-description\">\n\t\t\t\t\t\tCERTIFICADOS IEC61215\/61730\t\t\t\t\t<\/p>\n\t\t\t\t\n\t\t\t<\/div>\n\t\t\t\n\t\t<\/div>\n\t\t\t\t\t\t<\/div>\n\t\t\t\t\t<\/div>\n\t\t<\/div>\n\t\t\t\t\t<\/div>\n\t\t<\/section>\n\t\t\t\t<\/div>\n\t\t","protected":false},"excerpt":{"rendered":"<p class=\"p1\">Los paneles solares de <strong>LONGI<\/strong> serie <strong>Hi-Mo X6 MAX Explorer<\/strong> est\u00e1n hechos de silicio monocristalino de alta calidad.<\/p>\n<p class=\"p1\">Con la tecnolog\u00eda de vanguardia <em>TaiRay en obleas M11<\/em> y la tecnolog\u00eda de c\u00e9lulas de contacto posterior con pasivaci\u00f3n h\u00edbrida (HPBC, por sus siglas en ingl\u00e9s), el Hi-MO X6 Max Explorer establece un nuevo est\u00e1ndar en eficiencia y fiabilidad en el mercado.<\/p>\n<p class=\"p1\">Este panel hecho con la tecnolog\u00eda HPBC re\u00fane las siguientes ventajas frente a los paneles convencionales de TOPCon:<\/p>\n<p class=\"p1\"><strong>Dise\u00f1o moderno:<\/strong><br \/>\nCombina una apariencia minimalista y elegante. La ausencia de barras colectoras en la parte frontal le da a los paneles con tecnolog\u00eda HPBC un aspecto completamente negro uniforme, lo que los hace m\u00e1s atractivos para aplicaciones residenciales o comerciales donde el dise\u00f1o visual es importante.<\/p>\n<p class=\"p1\"><strong>Fiabilidad inigualable:<br \/>\n<\/strong>Al no tener contactos en la parte frontal, las c\u00e9lulas HPBC reducen las p\u00e9rdidas ocasionadas por el sombreado parcial, lo que puede ser una ventaja en instalaciones donde los paneles est\u00e1n expuestos a objetos que proyectan sombra. Adem\u00e1s, la arquitectura de HPBC mejora la resistencia a microfisuras ya que el ensamblaje de las c\u00e9lulas es m\u00e1s robusto.<\/p>\n<p class=\"p1\"><strong>C\u00e9lulas ultra eficientes:<br \/>\n<\/strong>La tecnolog\u00eda HPBC ha demostrado un coeficiente de temperatura ligeramente mejor en comparaci\u00f3n con TOPCon y PERC, lo que significa que mantiene un mejor rendimiento en condiciones de calor elevado. Adem\u00e1s, las c\u00e9lulas hechas con la tecnolog\u00eda HPB tienen un rendimiento superior en condiciones de poca luz (amanecer, atardecer o d\u00edas nublados), lo que puede maximizar la generaci\u00f3n de energ\u00eda diaria en climas con variabilidad de luz.<\/p>\n<p class=\"p1\"><strong>Rendimiento excepcional:<br \/>\n<\/strong>HPBC utiliza un dise\u00f1o de contacto trasero que elimina las barras de contacto en la parte frontal de las c\u00e9lulas solares. Esto permite que toda la superficie frontal est\u00e9 expuesta al sol, sin que ninguna parte est\u00e9 cubierta por las rejillas, maximizando la captaci\u00f3n de luz y aumentando la eficiencia de conversi\u00f3n. La tecnolog\u00eda HPBC tambi\u00e9n minimiza las p\u00e9rdidas por recombinaci\u00f3n electr\u00f3nica\u00a0 en la superficie, lo que contribuye a un mejor rendimiento general.<\/p>\n<p>En resumen, el panel <strong>LONGI<\/strong> serie <strong>Hi-Mo X6 MAX Explorer <\/strong>es un producto revolucionario que combina la est\u00e9tica, el rendimiento y la confiabilidad.<\/p>\n","protected":false},"featured_media":30986,"comment_status":"open","ping_status":"closed","template":"","meta":{"_relevanssi_hide_post":"","_relevanssi_hide_content":"","_relevanssi_pin_for_all":"","_relevanssi_pin_keywords":"","_relevanssi_unpin_keywords":"","_relevanssi_related_keywords":"","_relevanssi_related_include_ids":"","_relevanssi_related_exclude_ids":"","_relevanssi_related_no_append":"","_relevanssi_related_not_related":"","_relevanssi_related_posts":"","_relevanssi_noindex_reason":"","inline_featured_image":false},"product_brand":[],"product_cat":[1696],"product_tag":[],"class_list":{"0":"post-30985","1":"product","2":"type-product","3":"status-publish","4":"has-post-thumbnail","6":"product_cat-paneles-solares","7":"pa_marca-longi","8":"pa_potencia-615w","9":"pa_serie-hpbc","11":"first","12":"instock","13":"taxable","14":"shipping-taxable","15":"product-type-bundle"},"bundled_by":[],"bundle_stock_status":"insufficientstock","bundle_stock_quantity":0,"bundle_virtual":false,"bundle_layout":"default","bundle_add_to_cart_form_location":"default","bundle_editable_in_cart":false,"bundle_sold_individually_context":"product","bundle_item_grouping":"parent","bundle_min_size":"","bundle_max_size":"","bundle_price":{"price":{"min":{"incl_tax":"81720","excl_tax":"70448"},"max":{"incl_tax":"81720","excl_tax":"70448"}},"regular_price":{"min":{"incl_tax":"81720","excl_tax":"70448"},"max":{"incl_tax":"81720","excl_tax":"70448"}}},"bundled_items":[{"bundled_item_id":118,"product_id":30972,"menu_order":0,"quantity_min":36,"quantity_max":36,"quantity_default":36,"priced_individually":true,"shipped_individually":false,"override_title":false,"title":"Panel Solar LONGi Monocristalino HPBC - Hi-Mo X6 MAX Explorer- 615W","override_description":true,"description":"","optional":false,"hide_thumbnail":false,"discount":"","override_variations":false,"allowed_variations":[],"override_default_variation_attributes":false,"default_variation_attributes":[],"single_product_visibility":"hidden","cart_visibility":"visible","order_visibility":"visible","single_product_price_visibility":"visible","cart_price_visibility":"visible","order_price_visibility":"visible","stock_status":"out_of_stock"}],"bundle_sell_ids":[],"group_of_quantity":0,"min_quantity":0,"max_quantity":"","exclude_order_quantity_value_rules":"no","exclude_category_quantity_rules":"no","combine_variations":"no","exclude_global_add_ons":[],"addons":[],"_links":{"self":[{"href":"https:\/\/enertik.com\/mx\/wp-json\/wp\/v2\/product\/30985","targetHints":{"allow":["GET"]}}],"collection":[{"href":"https:\/\/enertik.com\/mx\/wp-json\/wp\/v2\/product"}],"about":[{"href":"https:\/\/enertik.com\/mx\/wp-json\/wp\/v2\/types\/product"}],"replies":[{"embeddable":true,"href":"https:\/\/enertik.com\/mx\/wp-json\/wp\/v2\/comments?post=30985"}],"version-history":[{"count":0,"href":"https:\/\/enertik.com\/mx\/wp-json\/wp\/v2\/product\/30985\/revisions"}],"wp:featuredmedia":[{"embeddable":true,"href":"https:\/\/enertik.com\/mx\/wp-json\/wp\/v2\/media\/30986"}],"wp:attachment":[{"href":"https:\/\/enertik.com\/mx\/wp-json\/wp\/v2\/media?parent=30985"}],"wp:term":[{"taxonomy":"product_brand","embeddable":true,"href":"https:\/\/enertik.com\/mx\/wp-json\/wp\/v2\/product_brand?post=30985"},{"taxonomy":"product_cat","embeddable":true,"href":"https:\/\/enertik.com\/mx\/wp-json\/wp\/v2\/product_cat?post=30985"},{"taxonomy":"product_tag","embeddable":true,"href":"https:\/\/enertik.com\/mx\/wp-json\/wp\/v2\/product_tag?post=30985"}],"curies":[{"name":"wp","href":"https:\/\/api.w.org\/{rel}","templated":true}]}}