{"id":30205,"date":"2024-10-30T08:44:00","date_gmt":"2024-10-30T14:44:00","guid":{"rendered":"https:\/\/enertik.com\/mx\/?post_type=product&#038;p=30205"},"modified":"2026-02-17T23:56:35","modified_gmt":"2026-02-18T05:56:35","slug":"paragolpes-de-caucho-para-victron-blue-smart-ip65-12-10-12-15-24-8","status":"publish","type":"product","link":"https:\/\/enertik.com\/mx\/tienda\/cargadores-de-baterias\/protector-de-caucho-para-victron-blue-smart-ip65-1210-1215-248\/","title":{"rendered":"Protector de Caucho &#8211; para Victron Blue Smart IP65 12\/10, 12\/15, 24\/8"},"content":{"rendered":"","protected":false},"excerpt":{"rendered":"<p class=\"p1\">El cargador Blue Smart IP65 ya dispone de protecci\u00f3n contra el polvo y las salpicaduras \u2013 ahora, usted tambi\u00e9n lo puede proteger contra da\u00f1os accidentales. Este paragolpes de caucho le permitir\u00e1 encajar los golpes e impactos propios de su uso en el taller. Ampl\u00eda la vida \u00fatil de su cargador y dispone de un asa para mayor facilidad de transporte&#8230; o para colgarlo de un gancho cuando no lo est\u00e9 usando.<\/p>\n<p>Compatible con modelos Blue Smart IP65 12\/10, 12\/15 &amp; 24\/8.<\/p>\n","protected":false},"featured_media":30207,"comment_status":"open","ping_status":"closed","template":"","meta":{"_relevanssi_hide_post":"","_relevanssi_hide_content":"","_relevanssi_pin_for_all":"","_relevanssi_pin_keywords":"","_relevanssi_unpin_keywords":"","_relevanssi_related_keywords":"","_relevanssi_related_include_ids":"","_relevanssi_related_exclude_ids":"","_relevanssi_related_no_append":"","_relevanssi_related_not_related":"","_relevanssi_related_posts":"","_relevanssi_noindex_reason":"","inline_featured_image":false},"product_brand":[],"product_cat":[1740],"product_tag":[],"class_list":{"0":"post-30205","1":"product","2":"type-product","3":"status-publish","4":"has-post-thumbnail","6":"product_cat-cargadores-de-baterias","7":"pa_gtin-4561","8":"pa_marca-victron-energy","9":"pa_mpn-bpc920100100","10":"pa_serie-serie-blue-smart-ip65","11":"pa_voltaje-12v","12":"pa_voltaje-24v","14":"first","15":"instock","16":"taxable","17":"shipping-taxable","18":"purchasable","19":"product-type-simple"},"bundled_by":[],"bundle_stock_status":"instock","bundle_stock_quantity":3,"bundle_virtual":false,"bundle_layout":"","bundle_add_to_cart_form_location":"","bundle_editable_in_cart":false,"bundle_sold_individually_context":"","bundle_item_grouping":"","bundle_min_size":"","bundle_max_size":"","bundle_price":[],"bundled_items":[],"bundle_sell_ids":[],"group_of_quantity":0,"min_quantity":0,"max_quantity":"","exclude_order_quantity_value_rules":"no","exclude_category_quantity_rules":"no","combine_variations":"no","exclude_global_add_ons":[],"addons":[],"_links":{"self":[{"href":"https:\/\/enertik.com\/mx\/wp-json\/wp\/v2\/product\/30205","targetHints":{"allow":["GET"]}}],"collection":[{"href":"https:\/\/enertik.com\/mx\/wp-json\/wp\/v2\/product"}],"about":[{"href":"https:\/\/enertik.com\/mx\/wp-json\/wp\/v2\/types\/product"}],"replies":[{"embeddable":true,"href":"https:\/\/enertik.com\/mx\/wp-json\/wp\/v2\/comments?post=30205"}],"version-history":[{"count":0,"href":"https:\/\/enertik.com\/mx\/wp-json\/wp\/v2\/product\/30205\/revisions"}],"wp:featuredmedia":[{"embeddable":true,"href":"https:\/\/enertik.com\/mx\/wp-json\/wp\/v2\/media\/30207"}],"wp:attachment":[{"href":"https:\/\/enertik.com\/mx\/wp-json\/wp\/v2\/media?parent=30205"}],"wp:term":[{"taxonomy":"product_brand","embeddable":true,"href":"https:\/\/enertik.com\/mx\/wp-json\/wp\/v2\/product_brand?post=30205"},{"taxonomy":"product_cat","embeddable":true,"href":"https:\/\/enertik.com\/mx\/wp-json\/wp\/v2\/product_cat?post=30205"},{"taxonomy":"product_tag","embeddable":true,"href":"https:\/\/enertik.com\/mx\/wp-json\/wp\/v2\/product_tag?post=30205"}],"curies":[{"name":"wp","href":"https:\/\/api.w.org\/{rel}","templated":true}]}}