{"id":29280,"date":"2024-07-26T13:18:00","date_gmt":"2024-07-26T19:18:00","guid":{"rendered":"https:\/\/enertik.com\/mx\/tienda\/sin%20categor\u00eda\/cargador-de-baterias-dc-dc-1036v-29-2v-15a\/"},"modified":"2026-02-17T23:57:18","modified_gmt":"2026-02-18T05:57:18","slug":"cargador-de-baterias-dc-dc-1036v-29-2v-15a","status":"publish","type":"product","link":"https:\/\/enertik.com\/mx\/tienda\/otros-productos\/convertidores-de-corriente-continua\/reguladores\/cargador-de-baterias-dc-dc-1036v-292v-24v-15a\/","title":{"rendered":"Cargador de Bater\u00edas DC-DC 10~36V \u2013 29.2V (24V) 15A"},"content":{"rendered":"\t\t<div data-elementor-type=\"product-post\" data-elementor-id=\"29280\" class=\"elementor elementor-29280\" data-elementor-post-type=\"product\">\n\t\t\t\t\t\t<section class=\"wd-negative-gap elementor-section elementor-top-section elementor-element elementor-element-450f74b Product_Description elementor-section-boxed elementor-section-height-default elementor-section-height-default\" data-id=\"450f74b\" data-element_type=\"section\" data-e-type=\"section\">\n\t\t\t\t\t\t<div class=\"elementor-container elementor-column-gap-default\">\n\t\t\t\t\t<div class=\"elementor-column elementor-col-100 elementor-top-column elementor-element elementor-element-6639ed3\" data-id=\"6639ed3\" data-element_type=\"column\" data-e-type=\"column\" data-settings=\"{&quot;background_background&quot;:&quot;classic&quot;}\">\n\t\t\t<div class=\"elementor-widget-wrap elementor-element-populated\">\n\t\t\t\t\t\t<section class=\"wd-negative-gap elementor-section elementor-inner-section elementor-element elementor-element-2ad7ae1 elementor-section-boxed elementor-section-height-default elementor-section-height-default\" data-id=\"2ad7ae1\" data-element_type=\"section\" data-e-type=\"section\">\n\t\t\t\t\t\t<div class=\"elementor-container elementor-column-gap-default\">\n\t\t\t\t\t<div class=\"elementor-column elementor-col-100 elementor-inner-column elementor-element elementor-element-29960ac\" data-id=\"29960ac\" data-element_type=\"column\" data-e-type=\"column\">\n\t\t\t<div class=\"elementor-widget-wrap elementor-element-populated\">\n\t\t\t\t\t\t<div class=\"elementor-element elementor-element-a443714 elementor-widget elementor-widget-wd_tabs\" data-id=\"a443714\" data-element_type=\"widget\" data-e-type=\"widget\" data-widget_type=\"wd_tabs.default\">\n\t\t\t\t<div class=\"elementor-widget-container\">\n\t\t\t\t\t\t\t<div class=\"wd-tabs tabs-design-default\">\n\t\t\t<div class=\"wd-tabs-header text-center\">\n\t\t\t\t\n\t\t\t\t\n\t\t\t\t<div class=\"wd-nav-wrapper wd-nav-tabs-wrapper wd-mb-action-swipe\">\n\t\t\t\t\t<ul class=\"wd-nav wd-nav-tabs wd-icon-pos-left wd-style-underline\">\n\t\t\t\t\t\t\t\t\t\t\t\t\t\n\t\t\t\t\t\t\t<li>\n\t\t\t\t\t\t\t\t<a href=\"#\" class=\"wd-nav-link\">\n\t\t\t\t\t\t\t\t\t\n\t\t\t\t\t\t\t\t\t<span class=\"nav-link-text wd-tabs-title\">\n\t\t\t\t\t\t\t\t\t\tDESCRIPCI\u00d3N\t\t\t\t\t\t\t\t\t<\/span>\n\t\t\t\t\t\t\t\t<\/a>\n\t\t\t\t\t\t\t<\/li>\n\n\t\t\t\t\t\t\t\t\t\t\t\t\t\n\t\t\t\t\t\t\t<li>\n\t\t\t\t\t\t\t\t<a href=\"#\" class=\"wd-nav-link\">\n\t\t\t\t\t\t\t\t\t\n\t\t\t\t\t\t\t\t\t<span class=\"nav-link-text wd-tabs-title\">\n\t\t\t\t\t\t\t\t\t\tESPECIFICACIONES\t\t\t\t\t\t\t\t\t<\/span>\n\t\t\t\t\t\t\t\t<\/a>\n\t\t\t\t\t\t\t<\/li>\n\n\t\t\t\t\t\t\t\t\t\t\t<\/ul>\n\t\t\t\t<\/div>\n\t\t\t<\/div>\n\n\t\t\t<div class=\"wd-tabs-content-wrapper\">\n\t\t\t\t\t\t\t\t\t\t\t\t\t\t\n\t\t\t\t\t<div class=\"wd-tab-content wd-entry-content\">\n\t\t\t\t\t\t\t\t\t\t\t\t\t<div >\n\t\t\t\t\t\t\t\t<h2>VENTAJAS<\/h2><ul class=\"ulMiddle\"><li class=\"ulBgColor\">Amplio rango de voltaje de entrada<\/li><li>Alta eficiencia<\/li><li class=\"ulBgColor\">100% sellado para protecci\u00f3n contra agua, polvo y vibraciones<\/li><li>Tama\u00f1o y peso reducidos<\/li><li>Refrigeraci\u00f3n por convecci\u00f3n natural<\/li><li class=\"ulBgColor\">Protecciones con auto-recuperaci\u00f3n por: sobre-corriente, sobre-tensi\u00f3n, cortocircuito y sobre-temperatura<\/li><li class=\"ulBgColor\">Protecci\u00f3n IP65<\/li><\/ul>\t\t\t\t\t\t\t<\/div>\n\t\t\t\t\t\t\t\t\t\t\t<\/div>\n\n\t\t\t\t\t\t\t\t\t\t\t\t\t\t\n\t\t\t\t\t<div class=\"wd-tab-content wd-entry-content\">\n\t\t\t\t\t\t\t\t\t\t\t\t\t<div >\n\t\t\t\t\t\t\t\t<table><tbody><tr class=\"tbBorderNone\"><td class=\"tbLeft\">Modelo<\/td><td>DCLC-1036-2415<\/td><\/tr><tr class=\"tbBorderNone\"><td class=\"tbTit\" colspan=\"2\">Entrada<\/td><\/tr><tr><td class=\"tbLeft\">Rango de tensi\u00f3n de entrada<\/td><td>10 ~36VCC<\/td><\/tr><tr class=\"tbBorderNone\"><td class=\"tbLeft\">Cables positivo y negativo<\/td><td>45 cm, con terminales ojales M8<\/td><\/tr><tr class=\"tbBorderNone\"><td class=\"tbTit\" colspan=\"2\">Salida<\/td><\/tr><tr><td class=\"tbLeft\">Eficiencia<\/td><td>96%<\/td><\/tr><tr><td class=\"tbLeft\">Tensi\u00f3n de bater\u00eda nominal<\/td><td>24VCC<\/td><\/tr><tr><td class=\"tbLeft\">Tensi\u00f3n de carga<\/td><td>29.2VCC<\/td><\/tr><tr><td class=\"tbLeft\">Corriente de carga<\/td><td>15A<\/td><\/tr><tr><td class=\"tbLeft\">Potencia de salida m\u00e1xima<\/td><td>438W<\/td><\/tr><tr><td class=\"tbLeft\">Regulaci\u00f3n de voltaje<\/td><td>&lt;1%<\/td><\/tr><tr><td class=\"tbLeft\">Ripple<\/td><td>470mVp-p<\/td><\/tr><tr class=\"tbBorderNone\"><td class=\"tbLeft\">Cables positivo y negativo<\/td><td>45 cm, con terminales ojales M8<\/td><\/tr><tr class=\"tbBorderNone\"><td class=\"tbTit\" colspan=\"2\">Protecci\u00f3n<\/td><\/tr><tr><td class=\"tbLeft\">Tensi\u00f3n baja<\/td><td>S\u00ed<\/td><\/tr><tr><td class=\"tbLeft\">Sobretensi\u00f3n<\/td><td>S\u00ed<\/td><\/tr><tr><td class=\"tbLeft\">Sobrecarga<\/td><td>S\u00ed<\/td><\/tr><tr><td class=\"tbLeft\">Temperatura excesiva<\/td><td>S\u00ed<\/td><\/tr><tr class=\"tbBorderNone\"><td class=\"tbLeft\">Cortocircuito<\/td><td>S\u00ed<\/td><\/tr><tr class=\"tbBorderNone\"><td class=\"tbTit\" colspan=\"2\">Datos generales<\/td><\/tr><tr><td class=\"tbLeft\">Enfriamiento<\/td><td>Convecci\u00f3n<\/td><\/tr><tr><td class=\"tbLeft\">Temperatura de trabajo<\/td><td>-30\u00ba C ~ +80\u00ba C<\/td><\/tr><tr class=\"tbBorderNone\"><td class=\"tbLeft\">Grado de protecci\u00f3n<\/td><td>IP65<\/td><\/tr><tr><td class=\"tbTit\" colspan=\"2\">Especificaciones f\u00edsicas<\/td><\/tr><tr><td class=\"tbLeft\">Dimensiones (mm)<\/td><td>200 x 77 x 30<\/td><\/tr><tr><td class=\"tbLeft\">Peso neto (kg)<\/td><td>1.1<\/td><\/tr><\/tbody><\/table>\t\t\t\t\t\t\t<\/div>\n\t\t\t\t\t\t\t\t\t\t\t<\/div>\n\n\t\t\t\t\t\t\t<\/div>\n\t\t<\/div>\n\t\t\t\t\t\t<\/div>\n\t\t\t\t<\/div>\n\t\t\t\t\t<\/div>\n\t\t<\/div>\n\t\t\t\t\t<\/div>\n\t\t<\/section>\n\t\t\t\t\t<\/div>\n\t\t<\/div>\n\t\t\t\t\t<\/div>\n\t\t<\/section>\n\t\t\t\t<section class=\"wd-negative-gap elementor-section elementor-top-section elementor-element elementor-element-5c2b778 Link_Buttons elementor-section-boxed elementor-section-height-default elementor-section-height-default\" data-id=\"5c2b778\" data-element_type=\"section\" data-e-type=\"section\" data-settings=\"{&quot;background_background&quot;:&quot;classic&quot;}\">\n\t\t\t\t\t\t<div class=\"elementor-container elementor-column-gap-custom\">\n\t\t\t\t\t<div class=\"elementor-column elementor-col-100 elementor-top-column elementor-element elementor-element-efd2307\" data-id=\"efd2307\" data-element_type=\"column\" data-e-type=\"column\">\n\t\t\t<div class=\"elementor-widget-wrap elementor-element-populated\">\n\t\t\t\t\t\t<div class=\"elementor-element elementor-element-3a31471 elementor-view-framed elementor-shape-circle elementor-position-block-start elementor-mobile-position-block-start elementor-widget elementor-widget-icon-box\" data-id=\"3a31471\" data-element_type=\"widget\" data-e-type=\"widget\" data-widget_type=\"icon-box.default\">\n\t\t\t\t\t\t\t<div class=\"elementor-icon-box-wrapper\">\n\n\t\t\t\t\t\t<div class=\"elementor-icon-box-icon\">\n\t\t\t\t<a href=\"https:\/\/enertik.com\/wp-content\/uploads\/sites\/3\/documentos\/manuales\/manual-dclc.pdf\" target=\"_blank\" class=\"elementor-icon\" tabindex=\"-1\">\n\t\t\t\t<svg aria-hidden=\"true\" class=\"e-font-icon-svg e-fas-book\" viewBox=\"0 0 448 512\" xmlns=\"http:\/\/www.w3.org\/2000\/svg\"><path d=\"M448 360V24c0-13.3-10.7-24-24-24H96C43 0 0 43 0 96v320c0 53 43 96 96 96h328c13.3 0 24-10.7 24-24v-16c0-7.5-3.5-14.3-8.9-18.7-4.2-15.4-4.2-59.3 0-74.7 5.4-4.3 8.9-11.1 8.9-18.6zM128 134c0-3.3 2.7-6 6-6h212c3.3 0 6 2.7 6 6v20c0 3.3-2.7 6-6 6H134c-3.3 0-6-2.7-6-6v-20zm0 64c0-3.3 2.7-6 6-6h212c3.3 0 6 2.7 6 6v20c0 3.3-2.7 6-6 6H134c-3.3 0-6-2.7-6-6v-20zm253.4 250H96c-17.7 0-32-14.3-32-32 0-17.6 14.4-32 32-32h285.4c-1.9 17.1-1.9 46.9 0 64z\"><\/path><\/svg>\t\t\t\t<\/a>\n\t\t\t<\/div>\n\t\t\t\n\t\t\t\t\t\t<div class=\"elementor-icon-box-content\">\n\n\t\t\t\t\n\t\t\t\t\t\t\t\t\t<p class=\"elementor-icon-box-description\">\n\t\t\t\t\t\tMANUAL\t\t\t\t\t<\/p>\n\t\t\t\t\n\t\t\t<\/div>\n\t\t\t\n\t\t<\/div>\n\t\t\t\t\t\t<\/div>\n\t\t\t\t\t<\/div>\n\t\t<\/div>\n\t\t\t\t\t<\/div>\n\t\t<\/section>\n\t\t\t\t<\/div>\n\t\t","protected":false},"excerpt":{"rendered":"<p class=\"p1\">Este cargador de bater\u00edas DC-DC cuenta con un dise\u00f1o robusto en un tama\u00f1o reducido.<br \/>\nEs peque\u00f1o, ligero, y resistente al agua (IP65).<\/p>\n<p class=\"p1\">Es compatible con bater\u00edas de litio (las que tienen el BMS integrado)<\/p>\n<p class=\"p1\">Puede ser montado en pr\u00e1cticamente cualquier lugar, y es ideal para incorporarse en sistemas de autocaravanas, yates, centro de carga para bater\u00edas de veh\u00edculos o montacargas, laboratorios, etc, o formar parte de un sistema m\u00e1s complejo, como un sistema instalado en un lugar remoto que funciona dos bater\u00edas. La flexibilidad y confiabilidad de este cargador te ayudar\u00e1 a cumplir con los requisitos de tu proyecto.<\/p>\n<p>Tensi\u00f3n de bater\u00edas : 24V<br \/>\nCorriente de carga: 15A<\/p>\n","protected":false},"featured_media":29281,"comment_status":"open","ping_status":"closed","template":"","meta":{"_relevanssi_hide_post":"","_relevanssi_hide_content":"","_relevanssi_pin_for_all":"","_relevanssi_pin_keywords":"","_relevanssi_unpin_keywords":"","_relevanssi_related_keywords":"","_relevanssi_related_include_ids":"","_relevanssi_related_exclude_ids":"","_relevanssi_related_no_append":"","_relevanssi_related_not_related":"","_relevanssi_related_posts":"","_relevanssi_noindex_reason":"","inline_featured_image":false},"product_brand":[],"product_cat":[1740,1759,4418],"product_tag":[],"class_list":{"0":"post-29280","1":"product","2":"type-product","3":"status-publish","4":"has-post-thumbnail","6":"product_cat-cargadores-de-baterias","7":"product_cat-convertidores-de-corriente-continua","8":"product_cat-reguladores","9":"pa_corriente-15a","10":"pa_gtin-4435","11":"pa_marca-enertik","12":"pa_mpn-dclc-1036-2415","13":"pa_serie-serie-dclc","14":"pa_voltaje-12v","15":"pa_voltaje-24v","17":"first","18":"instock","19":"taxable","20":"shipping-taxable","21":"purchasable","22":"product-type-simple"},"bundled_by":[],"bundle_stock_status":"instock","bundle_stock_quantity":10,"bundle_virtual":false,"bundle_layout":"","bundle_add_to_cart_form_location":"","bundle_editable_in_cart":false,"bundle_sold_individually_context":"","bundle_item_grouping":"","bundle_min_size":"","bundle_max_size":"","bundle_price":[],"bundled_items":[],"bundle_sell_ids":[],"group_of_quantity":0,"min_quantity":0,"max_quantity":"","exclude_order_quantity_value_rules":"no","exclude_category_quantity_rules":"no","combine_variations":"no","exclude_global_add_ons":[],"addons":[],"_links":{"self":[{"href":"https:\/\/enertik.com\/mx\/wp-json\/wp\/v2\/product\/29280","targetHints":{"allow":["GET"]}}],"collection":[{"href":"https:\/\/enertik.com\/mx\/wp-json\/wp\/v2\/product"}],"about":[{"href":"https:\/\/enertik.com\/mx\/wp-json\/wp\/v2\/types\/product"}],"replies":[{"embeddable":true,"href":"https:\/\/enertik.com\/mx\/wp-json\/wp\/v2\/comments?post=29280"}],"version-history":[{"count":0,"href":"https:\/\/enertik.com\/mx\/wp-json\/wp\/v2\/product\/29280\/revisions"}],"wp:featuredmedia":[{"embeddable":true,"href":"https:\/\/enertik.com\/mx\/wp-json\/wp\/v2\/media\/29281"}],"wp:attachment":[{"href":"https:\/\/enertik.com\/mx\/wp-json\/wp\/v2\/media?parent=29280"}],"wp:term":[{"taxonomy":"product_brand","embeddable":true,"href":"https:\/\/enertik.com\/mx\/wp-json\/wp\/v2\/product_brand?post=29280"},{"taxonomy":"product_cat","embeddable":true,"href":"https:\/\/enertik.com\/mx\/wp-json\/wp\/v2\/product_cat?post=29280"},{"taxonomy":"product_tag","embeddable":true,"href":"https:\/\/enertik.com\/mx\/wp-json\/wp\/v2\/product_tag?post=29280"}],"curies":[{"name":"wp","href":"https:\/\/api.w.org\/{rel}","templated":true}]}}