{"id":29170,"date":"2024-07-24T02:40:13","date_gmt":"2024-07-24T08:40:13","guid":{"rendered":"https:\/\/enertik.com\/mx\/?post_type=product&#038;p=29170"},"modified":"2026-02-17T23:57:31","modified_gmt":"2026-02-18T05:57:31","slug":"inversor-y-cargador-de-baterias-growatt-3000w-48vcc-paralelizable","status":"publish","type":"product","link":"https:\/\/enertik.com\/mx\/tienda\/inversores\/inversores-cargadores\/con-controlador-de-carga-solar-mppt\/inversor-y-cargador-de-baterias-growatt-48vcc-120v-3000w-paralelizable\/","title":{"rendered":"Inversor y Cargador de Bater\u00edas Growatt 48Vcc &#8211; 120V 3000W Paralelizable"},"content":{"rendered":"\t\t<div data-elementor-type=\"product-post\" data-elementor-id=\"29170\" class=\"elementor elementor-29170\" data-elementor-post-type=\"product\">\n\t\t\t\t\t\t<section class=\"wd-negative-gap elementor-section elementor-top-section elementor-element elementor-element-35ac217 Product_Description elementor-section-boxed elementor-section-height-default elementor-section-height-default\" data-id=\"35ac217\" data-element_type=\"section\" data-e-type=\"section\">\n\t\t\t\t\t\t<div class=\"elementor-container elementor-column-gap-default\">\n\t\t\t\t\t<div class=\"elementor-column elementor-col-100 elementor-top-column elementor-element elementor-element-920f90b\" data-id=\"920f90b\" data-element_type=\"column\" data-e-type=\"column\" data-settings=\"{&quot;background_background&quot;:&quot;classic&quot;}\">\n\t\t\t<div class=\"elementor-widget-wrap elementor-element-populated\">\n\t\t\t\t\t\t<section class=\"wd-negative-gap elementor-section elementor-inner-section elementor-element elementor-element-69aa579 elementor-section-boxed elementor-section-height-default elementor-section-height-default\" data-id=\"69aa579\" data-element_type=\"section\" data-e-type=\"section\">\n\t\t\t\t\t\t<div class=\"elementor-container elementor-column-gap-default\">\n\t\t\t\t\t<div class=\"elementor-column elementor-col-100 elementor-inner-column elementor-element elementor-element-f580d81\" data-id=\"f580d81\" data-element_type=\"column\" data-e-type=\"column\">\n\t\t\t<div class=\"elementor-widget-wrap elementor-element-populated\">\n\t\t\t\t\t\t<div class=\"elementor-element elementor-element-68b567e elementor-widget elementor-widget-wd_tabs\" data-id=\"68b567e\" data-element_type=\"widget\" data-e-type=\"widget\" data-widget_type=\"wd_tabs.default\">\n\t\t\t\t<div class=\"elementor-widget-container\">\n\t\t\t\t\t\t\t<div class=\"wd-tabs tabs-design-default\">\n\t\t\t<div class=\"wd-tabs-header text-center\">\n\t\t\t\t\n\t\t\t\t\n\t\t\t\t<div class=\"wd-nav-wrapper wd-nav-tabs-wrapper wd-mb-action-swipe\">\n\t\t\t\t\t<ul class=\"wd-nav wd-nav-tabs wd-icon-pos-left wd-style-underline\">\n\t\t\t\t\t\t\t\t\t\t\t\t\t\n\t\t\t\t\t\t\t<li>\n\t\t\t\t\t\t\t\t<a href=\"#\" class=\"wd-nav-link\">\n\t\t\t\t\t\t\t\t\t\n\t\t\t\t\t\t\t\t\t<span class=\"nav-link-text wd-tabs-title\">\n\t\t\t\t\t\t\t\t\t\tDESCRIPCI\u00d3N\t\t\t\t\t\t\t\t\t<\/span>\n\t\t\t\t\t\t\t\t<\/a>\n\t\t\t\t\t\t\t<\/li>\n\n\t\t\t\t\t\t\t\t\t\t\t\t\t\n\t\t\t\t\t\t\t<li>\n\t\t\t\t\t\t\t\t<a href=\"#\" class=\"wd-nav-link\">\n\t\t\t\t\t\t\t\t\t\n\t\t\t\t\t\t\t\t\t<span class=\"nav-link-text wd-tabs-title\">\n\t\t\t\t\t\t\t\t\t\tESPECIFICACIONES\t\t\t\t\t\t\t\t\t<\/span>\n\t\t\t\t\t\t\t\t<\/a>\n\t\t\t\t\t\t\t<\/li>\n\n\t\t\t\t\t\t\t\t\t\t\t<\/ul>\n\t\t\t\t<\/div>\n\t\t\t<\/div>\n\n\t\t\t<div class=\"wd-tabs-content-wrapper\">\n\t\t\t\t\t\t\t\t\t\t\t\t\t\t\n\t\t\t\t\t<div class=\"wd-tab-content wd-entry-content\">\n\t\t\t\t\t\t\t\t\t\t\t\t\t<div >\n\t\t\t\t\t\t\t\t<h2>VENTAJAS<\/h2><ul class=\"ulMiddle\"><li>Eficacia m\u00e1xima de hasta el 97 % con tecnolog\u00eda MPPT<\/li><li>Modos de funcionamiento selcccionables para adaptarse a diversos escenarios de uso<\/li><li>M\u00e1x. 6 unidades en paralelo para ampliar la capacidad<\/li><li>Admite m\u00faltiples fuentes de energ\u00eda, como la FV, la bater\u00eda, el generador di\u00e9sel y la red el\u00e9ctrica<\/li><li>Prioridad seleccionable (red \/ solar \/ bater\u00eda)<\/li><li>Admite comunicaci\u00f3n wifi para habilitar monitoreo y control remoto (con el m\u00f3dulo Wifi)<\/li><li>Display LCD<\/li><li>Cargador autom\u00e1tico de 3 etapas<\/li><li>Dise\u00f1o para operaci\u00f3n continua las 24 horas<\/li><li>Alta eficiencia para ahorrar energ\u00eda<\/li><li>Dise\u00f1o para montaje en pared<\/li><\/ul><p>\u00a0<\/p><h2>PROTECCIONES DEL EQUIPO<\/h2><ul class=\"ulMiddle\"><li>Cortocircuito<\/li><li class=\"ulBgColor\">Sobrecarga<\/li><li>Alta tensi\u00f3n de entrada<\/li><li class=\"ulBgColor\">Baja tensi\u00f3n de entrada<\/li><li>Sobre temperatura<\/li><li>Descarga profunda de bater\u00edas<\/li><\/ul>\t\t\t\t\t\t\t<\/div>\n\t\t\t\t\t\t\t\t\t\t\t<\/div>\n\n\t\t\t\t\t\t\t\t\t\t\t\t\t\t\n\t\t\t\t\t<div class=\"wd-tab-content wd-entry-content\">\n\t\t\t\t\t\t\t\t\t\t\t\t\t<div >\n\t\t\t\t\t\t\t\t<table><tbody><tr><td class=\"tbLeft\">Modelo<\/td><td>Growatt SPF 3000TL LVM-48P<\/td><\/tr><tr><td class=\"tbLeft\">Voltaje de bater\u00eda<\/td><td>48VCC<\/td><\/tr><tr class=\"tbBorderNone\"><td class=\"tbLeft\">Tipo de bater\u00eda<\/td><td>Litio \/ Plomo-\u00e1cido<\/td><\/tr><tr class=\"tbBorderNone\"><td class=\"tbTit\" colspan=\"2\">Salida del inversor<\/td><\/tr><tr><td class=\"tbLeft\">Potencia continua<\/td><td>3000VA \/ 3000W<\/td><\/tr><tr><td class=\"tbLeft\">Funcionamiento en paralelo<\/td><td>S\u00ed, m\u00e1x. 6 unidades<\/td><\/tr><tr><td class=\"tbLeft\">Regulaci\u00f3n de voltaje (Modo de bater\u00eda)<\/td><td>120VCA \u00b1 5% @ 50\/60Hz<\/td><\/tr><tr><td class=\"tbLeft\">Potencia de pico<\/td><td>6000VA<br \/>Protecci\u00f3n: m\u00e1x. 5 segundos @ &gt;150% \/ 10 segundos @ &gt;110 ~ 150% de potencia nominal<\/td><\/tr><tr><td class=\"tbLeft\">Eficiencia<\/td><td>93%<\/td><\/tr><tr><td class=\"tbLeft\">Forma de onda<\/td><td>Senoidal pura<\/td><\/tr><tr><td class=\"tbLeft\">Tiempo de transferencia<\/td><td>10ms ~ 20ms<\/td><\/tr><tr class=\"tbBorderNone\"><td class=\"tbLeft\">Autoconsumo en modo reposo<\/td><td>Aprox. 2W<\/td><\/tr><tr class=\"tbBorderNone\"><td class=\"tbTit\" colspan=\"2\">Cargador solar<\/td><\/tr><tr><td class=\"tbLeft\">Tipo<\/td><td>MPPT<\/td><\/tr><tr><td class=\"tbLeft\">Potencia m\u00e1xima de panel<\/td><td>4500W<\/td><\/tr><tr><td class=\"tbLeft\">Rango de voltaje de MPPT<\/td><td>60VCC ~ 115VCC<\/td><\/tr><tr><td class=\"tbLeft\">Voltaje de entrada m\u00e1ximo (VCC)<\/td><td>145VCC<\/td><\/tr><tr><td class=\"tbLeft\">Cantidad de MPPT \/ conexiones p\/MPPT<\/td><td>1\/1<\/td><\/tr><tr><td class=\"tbLeft\">Corriente m\u00e1xima \u2013 cargador (solar)<\/td><td>80A<\/td><\/tr><tr class=\"tbBorderNone\"><td class=\"tbLeft\">Eficiencia<\/td><td>97%<\/td><\/tr><tr class=\"tbBorderNone\"><td class=\"tbTit\" colspan=\"2\">Cargador CA<\/td><\/tr><tr><td class=\"tbLeft\">Corriente de carga<\/td><td>40A<\/td><\/tr><tr><td class=\"tbLeft\">Voltaje de entrada nominal<\/td><td>120VCA<\/td><\/tr><tr><td class=\"tbLeft\">Rango de voltaje de entrada<\/td><td>95 ~ 140VCA<\/td><\/tr><tr class=\"tbBorderNone\"><td class=\"tbLeft\">Frecuencia de entrada nominal<\/td><td>50 \/ 60 Hz (Detecci\u00f3n autom\u00e1tica)<\/td><\/tr><tr><td class=\"tbTit\" colspan=\"2\">Ambiente<\/td><\/tr><tr><td class=\"tbLeft\">Humedad relativa<\/td><td>5 ~ 95% (sin condensaci\u00f3n)<\/td><\/tr><tr><td class=\"tbLeft\">Altitud<\/td><td>&lt;2000<\/td><\/tr><tr><td class=\"tbLeft\">Temperatura de operaci\u00f3n<\/td><td>0 ~ 55 \u00b0C<\/td><\/tr><tr class=\"tbBorderNone\"><td class=\"tbLeft\">Temperatura de almacenaje<\/td><td>-15 ~ 60 \u00b0C<\/td><\/tr><tr><td class=\"tbTit\" colspan=\"2\">Especificaciones f\u00edsicas<\/td><\/tr><tr><td class=\"tbLeft\">Grado de protecci\u00f3n<\/td><td>IP20<\/td><\/tr><tr><td class=\"tbLeft\">Dimensiones (mm)<\/td><td>130 x 350 x 455<\/td><\/tr><tr><td class=\"tbLeft\">Peso neto (kg)<\/td><td>11.5<\/td><\/tr><\/tbody><\/table>\t\t\t\t\t\t\t<\/div>\n\t\t\t\t\t\t\t\t\t\t\t<\/div>\n\n\t\t\t\t\t\t\t<\/div>\n\t\t<\/div>\n\t\t\t\t\t\t<\/div>\n\t\t\t\t<\/div>\n\t\t\t\t\t<\/div>\n\t\t<\/div>\n\t\t\t\t\t<\/div>\n\t\t<\/section>\n\t\t\t\t\t<\/div>\n\t\t<\/div>\n\t\t\t\t\t<\/div>\n\t\t<\/section>\n\t\t\t\t<section class=\"wd-negative-gap elementor-section elementor-top-section elementor-element elementor-element-4214e73 Link_Buttons elementor-section-boxed elementor-section-height-default elementor-section-height-default\" data-id=\"4214e73\" data-element_type=\"section\" data-e-type=\"section\" data-settings=\"{&quot;background_background&quot;:&quot;classic&quot;}\">\n\t\t\t\t\t\t<div class=\"elementor-container elementor-column-gap-custom\">\n\t\t\t\t\t<div class=\"elementor-column elementor-col-33 elementor-top-column elementor-element elementor-element-c808cc7\" data-id=\"c808cc7\" data-element_type=\"column\" data-e-type=\"column\">\n\t\t\t<div class=\"elementor-widget-wrap elementor-element-populated\">\n\t\t\t\t\t\t<div class=\"elementor-element elementor-element-a0c0d65 elementor-view-framed elementor-shape-circle elementor-position-block-start elementor-mobile-position-block-start elementor-widget elementor-widget-icon-box\" data-id=\"a0c0d65\" data-element_type=\"widget\" data-e-type=\"widget\" data-widget_type=\"icon-box.default\">\n\t\t\t\t\t\t\t<div class=\"elementor-icon-box-wrapper\">\n\n\t\t\t\t\t\t<div class=\"elementor-icon-box-icon\">\n\t\t\t\t<a href=\"https:\/\/enertik.com\/wp-content\/uploads\/sites\/4\/documentos\/manuales\/spf-3000tl-lvm-manual.pdf\" target=\"_blank\" class=\"elementor-icon\" tabindex=\"-1\">\n\t\t\t\t<svg aria-hidden=\"true\" class=\"e-font-icon-svg e-fas-book\" viewBox=\"0 0 448 512\" xmlns=\"http:\/\/www.w3.org\/2000\/svg\"><path d=\"M448 360V24c0-13.3-10.7-24-24-24H96C43 0 0 43 0 96v320c0 53 43 96 96 96h328c13.3 0 24-10.7 24-24v-16c0-7.5-3.5-14.3-8.9-18.7-4.2-15.4-4.2-59.3 0-74.7 5.4-4.3 8.9-11.1 8.9-18.6zM128 134c0-3.3 2.7-6 6-6h212c3.3 0 6 2.7 6 6v20c0 3.3-2.7 6-6 6H134c-3.3 0-6-2.7-6-6v-20zm0 64c0-3.3 2.7-6 6-6h212c3.3 0 6 2.7 6 6v20c0 3.3-2.7 6-6 6H134c-3.3 0-6-2.7-6-6v-20zm253.4 250H96c-17.7 0-32-14.3-32-32 0-17.6 14.4-32 32-32h285.4c-1.9 17.1-1.9 46.9 0 64z\"><\/path><\/svg>\t\t\t\t<\/a>\n\t\t\t<\/div>\n\t\t\t\n\t\t\t\t\t\t<div class=\"elementor-icon-box-content\">\n\n\t\t\t\t\n\t\t\t\t\t\t\t\t\t<p class=\"elementor-icon-box-description\">\n\t\t\t\t\t\tMANUAL\t\t\t\t\t<\/p>\n\t\t\t\t\n\t\t\t<\/div>\n\t\t\t\n\t\t<\/div>\n\t\t\t\t\t\t<\/div>\n\t\t\t\t\t<\/div>\n\t\t<\/div>\n\t\t\t\t<div class=\"elementor-column elementor-col-33 elementor-top-column elementor-element elementor-element-fc1fcbc\" data-id=\"fc1fcbc\" data-element_type=\"column\" data-e-type=\"column\">\n\t\t\t<div class=\"elementor-widget-wrap elementor-element-populated\">\n\t\t\t\t\t\t<div class=\"elementor-element elementor-element-b6539d8 elementor-view-framed elementor-shape-circle elementor-position-block-start elementor-mobile-position-block-start elementor-widget elementor-widget-icon-box\" data-id=\"b6539d8\" data-element_type=\"widget\" data-e-type=\"widget\" data-widget_type=\"icon-box.default\">\n\t\t\t\t\t\t\t<div class=\"elementor-icon-box-wrapper\">\n\n\t\t\t\t\t\t<div class=\"elementor-icon-box-icon\">\n\t\t\t\t<a href=\"https:\/\/enertik.com\/wp-content\/uploads\/sites\/4\/documentos\/folletos\/growatt-spf-3000tl-lvm.pdf\" target=\"_blank\" class=\"elementor-icon\" tabindex=\"-1\">\n\t\t\t\t<svg aria-hidden=\"true\" class=\"e-font-icon-svg e-fas-book-open\" viewBox=\"0 0 576 512\" xmlns=\"http:\/\/www.w3.org\/2000\/svg\"><path d=\"M542.22 32.05c-54.8 3.11-163.72 14.43-230.96 55.59-4.64 2.84-7.27 7.89-7.27 13.17v363.87c0 11.55 12.63 18.85 23.28 13.49 69.18-34.82 169.23-44.32 218.7-46.92 16.89-.89 30.02-14.43 30.02-30.66V62.75c.01-17.71-15.35-31.74-33.77-30.7zM264.73 87.64C197.5 46.48 88.58 35.17 33.78 32.05 15.36 31.01 0 45.04 0 62.75V400.6c0 16.24 13.13 29.78 30.02 30.66 49.49 2.6 149.59 12.11 218.77 46.95 10.62 5.35 23.21-1.94 23.21-13.46V100.63c0-5.29-2.62-10.14-7.27-12.99z\"><\/path><\/svg>\t\t\t\t<\/a>\n\t\t\t<\/div>\n\t\t\t\n\t\t\t\t\t\t<div class=\"elementor-icon-box-content\">\n\n\t\t\t\t\n\t\t\t\t\t\t\t\t\t<p class=\"elementor-icon-box-description\">\n\t\t\t\t\t\tFOLLETO\t\t\t\t\t<\/p>\n\t\t\t\t\n\t\t\t<\/div>\n\t\t\t\n\t\t<\/div>\n\t\t\t\t\t\t<\/div>\n\t\t\t\t\t<\/div>\n\t\t<\/div>\n\t\t\t\t<div class=\"elementor-column elementor-col-33 elementor-top-column elementor-element elementor-element-9a2966e\" data-id=\"9a2966e\" data-element_type=\"column\" data-e-type=\"column\">\n\t\t\t<div class=\"elementor-widget-wrap elementor-element-populated\">\n\t\t\t\t\t\t<div class=\"elementor-element elementor-element-cb97ff9 elementor-view-framed elementor-shape-circle elementor-position-block-start elementor-mobile-position-block-start elementor-widget elementor-widget-icon-box\" data-id=\"cb97ff9\" data-element_type=\"widget\" data-e-type=\"widget\" data-widget_type=\"icon-box.default\">\n\t\t\t\t\t\t\t<div class=\"elementor-icon-box-wrapper\">\n\n\t\t\t\t\t\t<div class=\"elementor-icon-box-icon\">\n\t\t\t\t<a href=\"https:\/\/enertik.com\/wp-content\/uploads\/sites\/4\/documentos\/certificados\/certificates-spf-3000tl-lvm-120v.zip\" target=\"_blank\" class=\"elementor-icon\" tabindex=\"-1\">\n\t\t\t\t<svg aria-hidden=\"true\" class=\"e-font-icon-svg e-fas-medal\" viewBox=\"0 0 512 512\" xmlns=\"http:\/\/www.w3.org\/2000\/svg\"><path d=\"M223.75 130.75L154.62 15.54A31.997 31.997 0 0 0 127.18 0H16.03C3.08 0-4.5 14.57 2.92 25.18l111.27 158.96c29.72-27.77 67.52-46.83 109.56-53.39zM495.97 0H384.82c-11.24 0-21.66 5.9-27.44 15.54l-69.13 115.21c42.04 6.56 79.84 25.62 109.56 53.38L509.08 25.18C516.5 14.57 508.92 0 495.97 0zM256 160c-97.2 0-176 78.8-176 176s78.8 176 176 176 176-78.8 176-176-78.8-176-176-176zm92.52 157.26l-37.93 36.96 8.97 52.22c1.6 9.36-8.26 16.51-16.65 12.09L256 393.88l-46.9 24.65c-8.4 4.45-18.25-2.74-16.65-12.09l8.97-52.22-37.93-36.96c-6.82-6.64-3.05-18.23 6.35-19.59l52.43-7.64 23.43-47.52c2.11-4.28 6.19-6.39 10.28-6.39 4.11 0 8.22 2.14 10.33 6.39l23.43 47.52 52.43 7.64c9.4 1.36 13.17 12.95 6.35 19.59z\"><\/path><\/svg>\t\t\t\t<\/a>\n\t\t\t<\/div>\n\t\t\t\n\t\t\t\t\t\t<div class=\"elementor-icon-box-content\">\n\n\t\t\t\t\n\t\t\t\t\t\t\t\t\t<p class=\"elementor-icon-box-description\">\n\t\t\t\t\t\tCERTIFICADOS\t\t\t\t\t<\/p>\n\t\t\t\t\n\t\t\t<\/div>\n\t\t\t\n\t\t<\/div>\n\t\t\t\t\t\t<\/div>\n\t\t\t\t\t<\/div>\n\t\t<\/div>\n\t\t\t\t\t<\/div>\n\t\t<\/section>\n\t\t\t\t<\/div>\n\t\t","protected":false},"excerpt":{"rendered":"<p class=\"p1\">Este inversor-cargador solar de Growatt fuera de la red (off-grid) est\u00e1 dise\u00f1ado para satisfacer las necesidades el\u00e9ctricas de un hogar. Est\u00e1 dise\u00f1ado para el nivel de voltaje 120V monof\u00e1sico, por lo tanto no requiere una instalaci\u00f3n de sistema bif\u00e1sico para funcionar.<\/p>\n<p class=\"p1\">Incorpora un regulador solar MPPT, un cargador de bater\u00eda PV+AC y un inversor potente de onda sinusoidal.<br \/>\nTiene potencia de salida de 3000W, y puede aguantar corriente en pico de hasta 2 veces dela potencia nominal.<\/p>\n<p class=\"p1\">Permite monitoreo y control por WiFi, y es compatible con las bater\u00edas de litio de Growatt para tener almacenada la energ\u00eda de forma eficiente y confiable.<\/p>\n<p class=\"p1\">Se pueden conectar un m\u00e1ximo de 6 unidades en paralelo para ampliar la capacidad del sistema, y es compatible con los generadores si usted no quiere conectar con una fuente de red el\u00e9ctrica como energ\u00eda de respaldo.<\/p>\n<p>Incluye un m\u00f3dulo WiFi (Shine WiFi-F).<\/p>\n","protected":false},"featured_media":29171,"comment_status":"open","ping_status":"closed","template":"","meta":{"_relevanssi_hide_post":"","_relevanssi_hide_content":"","_relevanssi_pin_for_all":"","_relevanssi_pin_keywords":"","_relevanssi_unpin_keywords":"","_relevanssi_related_keywords":"","_relevanssi_related_include_ids":"","_relevanssi_related_exclude_ids":"","_relevanssi_related_no_append":"","_relevanssi_related_not_related":"","_relevanssi_related_posts":"","_relevanssi_noindex_reason":"","inline_featured_image":false},"product_brand":[],"product_cat":[1725,1723],"product_tag":[1958],"class_list":{"0":"post-29170","1":"product","2":"type-product","3":"status-publish","4":"has-post-thumbnail","6":"product_cat-con-controlador-de-carga-solar-mppt","7":"product_cat-inversores-cargadores","8":"product_tag-nuevos","9":"pa_marca-growatt","10":"pa_mpn-spf-3000tl-lvm-48p","11":"pa_potencia-3000w","12":"pa_serie-serie-spf","13":"pa_voltaje-48v","15":"first","16":"outofstock","17":"taxable","18":"shipping-taxable","19":"purchasable","20":"product-type-simple"},"bundled_by":[],"bundle_stock_status":"outofstock","bundle_stock_quantity":0,"bundle_virtual":false,"bundle_layout":"","bundle_add_to_cart_form_location":"","bundle_editable_in_cart":false,"bundle_sold_individually_context":"","bundle_item_grouping":"","bundle_min_size":"","bundle_max_size":"","bundle_price":[],"bundled_items":[],"bundle_sell_ids":[],"group_of_quantity":0,"min_quantity":0,"max_quantity":"","exclude_order_quantity_value_rules":"no","exclude_category_quantity_rules":"no","combine_variations":"no","exclude_global_add_ons":[],"addons":[],"_links":{"self":[{"href":"https:\/\/enertik.com\/mx\/wp-json\/wp\/v2\/product\/29170","targetHints":{"allow":["GET"]}}],"collection":[{"href":"https:\/\/enertik.com\/mx\/wp-json\/wp\/v2\/product"}],"about":[{"href":"https:\/\/enertik.com\/mx\/wp-json\/wp\/v2\/types\/product"}],"replies":[{"embeddable":true,"href":"https:\/\/enertik.com\/mx\/wp-json\/wp\/v2\/comments?post=29170"}],"version-history":[{"count":0,"href":"https:\/\/enertik.com\/mx\/wp-json\/wp\/v2\/product\/29170\/revisions"}],"wp:featuredmedia":[{"embeddable":true,"href":"https:\/\/enertik.com\/mx\/wp-json\/wp\/v2\/media\/29171"}],"wp:attachment":[{"href":"https:\/\/enertik.com\/mx\/wp-json\/wp\/v2\/media?parent=29170"}],"wp:term":[{"taxonomy":"product_brand","embeddable":true,"href":"https:\/\/enertik.com\/mx\/wp-json\/wp\/v2\/product_brand?post=29170"},{"taxonomy":"product_cat","embeddable":true,"href":"https:\/\/enertik.com\/mx\/wp-json\/wp\/v2\/product_cat?post=29170"},{"taxonomy":"product_tag","embeddable":true,"href":"https:\/\/enertik.com\/mx\/wp-json\/wp\/v2\/product_tag?post=29170"}],"curies":[{"name":"wp","href":"https:\/\/api.w.org\/{rel}","templated":true}]}}