{"id":27724,"date":"2024-06-11T06:55:00","date_gmt":"2024-06-11T12:55:00","guid":{"rendered":"https:\/\/enertik.com\/mx\/tienda\/sin%20categor\u00eda\/lector-del-nivel-para-tanques-de-liquido-combustible-victorn-gx-tank-140\/"},"modified":"2026-02-17T23:56:30","modified_gmt":"2026-02-18T05:56:30","slug":"lector-del-nivel-para-tanques-de-liquido-combustible-victorn-gx-tank-140","status":"publish","type":"product","link":"https:\/\/enertik.com\/mx\/tienda\/lector-del-nivel-para-tanques-de-liquidocombustible-victorn-gx-tank-140\/","title":{"rendered":"Lector del nivel para tanques de l\u00edquido\/combustible &#8211; Victorn GX Tank 140"},"content":{"rendered":"\t\t<div data-elementor-type=\"product-post\" data-elementor-id=\"27724\" class=\"elementor elementor-27724\" data-elementor-post-type=\"product\">\n\t\t\t\t\t\t<section class=\"wd-negative-gap elementor-section elementor-top-section elementor-element elementor-element-0be6b38 Product_Description elementor-section-boxed elementor-section-height-default elementor-section-height-default\" data-id=\"0be6b38\" data-element_type=\"section\" data-e-type=\"section\">\n\t\t\t\t\t\t<div class=\"elementor-container elementor-column-gap-default\">\n\t\t\t\t\t<div class=\"elementor-column elementor-col-100 elementor-top-column elementor-element elementor-element-81ca805\" data-id=\"81ca805\" data-element_type=\"column\" data-e-type=\"column\">\n\t\t\t<div class=\"elementor-widget-wrap elementor-element-populated\">\n\t\t\t\t\t\t<div class=\"elementor-element elementor-element-313ad57 elementor-widget elementor-widget-wd_text_block\" data-id=\"313ad57\" data-element_type=\"widget\" data-e-type=\"widget\" data-widget_type=\"wd_text_block.default\">\n\t\t\t\t<div class=\"elementor-widget-container\">\n\t\t\t\t\t\t\t<div class=\"wd-text-block reset-last-child text-left\">\n\t\t\t\n\t\t\t<h2>Experimente la potencia de VRM (Monitoreo por Internet)<\/h2><p>Vea el seguimiento remoto en acci\u00f3n, experimente con VRM en miles de instalaciones reales en todo el mundo o inicie sesi\u00f3n para empezar.<\/p>\n\t\t\t\t\t<\/div>\n\t\t\t\t\t\t<\/div>\n\t\t\t\t<\/div>\n\t\t\t\t\t<\/div>\n\t\t<\/div>\n\t\t\t\t\t<\/div>\n\t\t<\/section>\n\t\t\t\t<section class=\"wd-negative-gap elementor-section elementor-top-section elementor-element elementor-element-55eb978 elementor-section-boxed elementor-section-height-default elementor-section-height-default\" data-id=\"55eb978\" data-element_type=\"section\" data-e-type=\"section\">\n\t\t\t\t\t\t<div class=\"elementor-container elementor-column-gap-default\">\n\t\t\t\t\t<div class=\"elementor-column elementor-col-50 elementor-top-column elementor-element elementor-element-a30392a\" data-id=\"a30392a\" data-element_type=\"column\" data-e-type=\"column\">\n\t\t\t<div class=\"elementor-widget-wrap elementor-element-populated\">\n\t\t\t\t\t\t<div class=\"elementor-element elementor-element-339ba78 elementor-align-center elementor-widget elementor-widget-button\" data-id=\"339ba78\" data-element_type=\"widget\" data-e-type=\"widget\" data-widget_type=\"button.default\">\n\t\t\t\t\t\t\t\t\t\t<a class=\"elementor-button elementor-button-link elementor-size-md\" href=\"https:\/\/vrm.victronenergy.com\/installation-overview?isMapOpen=0\" target=\"_blank\" rel=\"noopener\">\n\t\t\t\t\t\t<span class=\"elementor-button-content-wrapper\">\n\t\t\t\t\t\t\t\t\t<span class=\"elementor-button-text\">Ver VRM en acci\u00f3n<\/span>\n\t\t\t\t\t<\/span>\n\t\t\t\t\t<\/a>\n\t\t\t\t\t\t\t\t<\/div>\n\t\t\t\t\t<\/div>\n\t\t<\/div>\n\t\t\t\t<div class=\"elementor-column elementor-col-50 elementor-top-column elementor-element elementor-element-d32515f\" data-id=\"d32515f\" data-element_type=\"column\" data-e-type=\"column\">\n\t\t\t<div class=\"elementor-widget-wrap elementor-element-populated\">\n\t\t\t\t\t\t<div class=\"elementor-element elementor-element-8e4c414 elementor-align-center elementor-widget elementor-widget-button\" data-id=\"8e4c414\" data-element_type=\"widget\" data-e-type=\"widget\" data-widget_type=\"button.default\">\n\t\t\t\t\t\t\t\t\t\t<a class=\"elementor-button elementor-button-link elementor-size-md\" href=\"https:\/\/vrm.victronenergy.com\/world\/\" target=\"_blank\" rel=\"noopener\">\n\t\t\t\t\t\t<span class=\"elementor-button-content-wrapper\">\n\t\t\t\t\t\t\t\t\t<span class=\"elementor-button-text\">Explorar el mundo VRM<\/span>\n\t\t\t\t\t<\/span>\n\t\t\t\t\t<\/a>\n\t\t\t\t\t\t\t\t<\/div>\n\t\t\t\t\t<\/div>\n\t\t<\/div>\n\t\t\t\t\t<\/div>\n\t\t<\/section>\n\t\t\t\t<section class=\"wd-negative-gap elementor-section elementor-top-section elementor-element elementor-element-642888e Product_Description elementor-section-boxed elementor-section-height-default elementor-section-height-default\" data-id=\"642888e\" data-element_type=\"section\" data-e-type=\"section\">\n\t\t\t\t\t\t<div class=\"elementor-container elementor-column-gap-default\">\n\t\t\t\t\t<div class=\"elementor-column elementor-col-100 elementor-top-column elementor-element elementor-element-088a7de\" data-id=\"088a7de\" data-element_type=\"column\" data-e-type=\"column\">\n\t\t\t<div class=\"elementor-widget-wrap elementor-element-populated\">\n\t\t\t\t\t\t<div class=\"elementor-element elementor-element-109e52f elementor-widget elementor-widget-wd_text_block\" data-id=\"109e52f\" data-element_type=\"widget\" data-e-type=\"widget\" data-widget_type=\"wd_text_block.default\">\n\t\t\t\t<div class=\"elementor-widget-container\">\n\t\t\t\t\t\t\t<div class=\"wd-text-block reset-last-child text-left\">\n\t\t\t\n\t\t\t<h2>Descargar la aplicaci\u00f3n VRM para m\u00f3vil (Monitoreo por Internet)<\/h2>\n\t\t\t\t\t<\/div>\n\t\t\t\t\t\t<\/div>\n\t\t\t\t<\/div>\n\t\t\t\t\t<\/div>\n\t\t<\/div>\n\t\t\t\t\t<\/div>\n\t\t<\/section>\n\t\t\t\t<section class=\"wd-negative-gap elementor-section elementor-top-section elementor-element elementor-element-d5589c1 Product_Description elementor-section-boxed elementor-section-height-default elementor-section-height-default\" data-id=\"d5589c1\" data-element_type=\"section\" data-e-type=\"section\">\n\t\t\t\t\t\t<div class=\"elementor-container elementor-column-gap-default\">\n\t\t\t\t\t<div class=\"elementor-column elementor-col-50 elementor-top-column elementor-element elementor-element-258d7c7\" data-id=\"258d7c7\" data-element_type=\"column\" data-e-type=\"column\">\n\t\t\t<div class=\"elementor-widget-wrap elementor-element-populated\">\n\t\t\t\t\t\t<div class=\"elementor-element elementor-element-33c5398 elementor-widget elementor-widget-image\" data-id=\"33c5398\" data-element_type=\"widget\" data-e-type=\"widget\" data-widget_type=\"image.default\">\n\t\t\t\t\t\t\t\t\t\t\t\t\t\t\t\t<a href=\"https:\/\/play.google.com\/store\/apps\/details?id=nl.victronenergy\" target=\"_blank\" rel=\"noopener\">\n\t\t\t\t\t\t\t<img decoding=\"async\" class=\" wd-lazy-fade\" src=\"https:\/\/enertik.com\/mx\/wp-content\/themes\/woodmart\/images\/lazy.svg\" data-src=\"https:\/\/enertik.com\/mx\/wp-content\/uploads\/sites\/4\/elementor\/thumbs\/google-play@2x-qpla798kjqspfwbrsxuco5djv8p69c48u2u216b6kg.webp\" title=\"Google Play@2x\" alt=\"Google Play@2x\" loading=\"lazy\" \/>\t\t\t\t\t\t\t\t<\/a>\n\t\t\t\t\t\t\t\t\t\t\t\t\t\t\t<\/div>\n\t\t\t\t\t<\/div>\n\t\t<\/div>\n\t\t\t\t<div class=\"elementor-column elementor-col-50 elementor-top-column elementor-element elementor-element-644f86e\" data-id=\"644f86e\" data-element_type=\"column\" data-e-type=\"column\">\n\t\t\t<div class=\"elementor-widget-wrap elementor-element-populated\">\n\t\t\t\t\t\t<div class=\"elementor-element elementor-element-757e624 elementor-widget elementor-widget-image\" data-id=\"757e624\" data-element_type=\"widget\" data-e-type=\"widget\" data-widget_type=\"image.default\">\n\t\t\t\t\t\t\t\t\t\t\t\t\t\t\t\t<a href=\"https:\/\/apps.apple.com\/us\/app\/vrm\/id658834560\" target=\"_blank\" rel=\"noopener\">\n\t\t\t\t\t\t\t<img decoding=\"async\" class=\" wd-lazy-fade\" src=\"https:\/\/enertik.com\/mx\/wp-content\/themes\/woodmart\/images\/lazy.svg\" data-src=\"https:\/\/enertik.com\/mx\/wp-content\/uploads\/sites\/4\/elementor\/thumbs\/ios-appstore@2x-qpla7c2348wkeq7och28dmnxneb9wfffugsih0701s.webp\" title=\"Ios Appstore@2x\" alt=\"Ios Appstore@2x\" loading=\"lazy\" \/>\t\t\t\t\t\t\t\t<\/a>\n\t\t\t\t\t\t\t\t\t\t\t\t\t\t\t<\/div>\n\t\t\t\t\t<\/div>\n\t\t<\/div>\n\t\t\t\t\t<\/div>\n\t\t<\/section>\n\t\t\t\t<section class=\"wd-negative-gap elementor-section elementor-top-section elementor-element elementor-element-6581ebb Product_Description elementor-section-boxed elementor-section-height-default elementor-section-height-default\" data-id=\"6581ebb\" data-element_type=\"section\" data-e-type=\"section\">\n\t\t\t\t\t\t<div class=\"elementor-container elementor-column-gap-default\">\n\t\t\t\t\t<div class=\"elementor-column elementor-col-100 elementor-top-column elementor-element elementor-element-640ea39\" data-id=\"640ea39\" data-element_type=\"column\" data-e-type=\"column\">\n\t\t\t<div class=\"elementor-widget-wrap elementor-element-populated\">\n\t\t\t\t\t\t<div class=\"elementor-element elementor-element-0eb1ea1 elementor-widget elementor-widget-wd_text_block\" data-id=\"0eb1ea1\" data-element_type=\"widget\" data-e-type=\"widget\" data-widget_type=\"wd_text_block.default\">\n\t\t\t\t<div class=\"elementor-widget-container\">\n\t\t\t\t\t\t\t<div class=\"wd-text-block reset-last-child text-left\">\n\t\t\t\n\t\t\t<p><span style=\"text-decoration: underline;\"><a href=\"https:\/\/www.victronenergy.com\/live\/vrm_portal:start?_ga=2.130418895.1562092894.1679674936-741391202.1679395731\" target=\"_blank\" rel=\"noopener\">M\u00e1s informaci\u00f3n sobre la plataforma VRM<\/a><\/span><\/p>\n\t\t\t\t\t<\/div>\n\t\t\t\t\t\t<\/div>\n\t\t\t\t<\/div>\n\t\t\t\t\t<\/div>\n\t\t<\/div>\n\t\t\t\t\t<\/div>\n\t\t<\/section>\n\t\t\t\t<section class=\"wd-negative-gap elementor-section elementor-top-section elementor-element elementor-element-577e480 Product_Description elementor-section-boxed elementor-section-height-default elementor-section-height-default\" data-id=\"577e480\" data-element_type=\"section\" data-e-type=\"section\">\n\t\t\t\t\t\t<div class=\"elementor-container elementor-column-gap-default\">\n\t\t\t\t\t<div class=\"elementor-column elementor-col-100 elementor-top-column elementor-element elementor-element-c36c579\" data-id=\"c36c579\" data-element_type=\"column\" data-e-type=\"column\">\n\t\t\t<div class=\"elementor-widget-wrap elementor-element-populated\">\n\t\t\t\t\t\t<div class=\"elementor-element elementor-element-c487e6a elementor-widget elementor-widget-wd_text_block\" data-id=\"c487e6a\" data-element_type=\"widget\" data-e-type=\"widget\" data-widget_type=\"wd_text_block.default\">\n\t\t\t\t<div class=\"elementor-widget-container\">\n\t\t\t\t\t\t\t<div class=\"wd-text-block reset-last-child text-left\">\n\t\t\t\n\t\t\t<h2>Descargar la aplicaci\u00f3n Victronconnect (Monitoreo por Bluetooth)<\/h2>\n\t\t\t\t\t<\/div>\n\t\t\t\t\t\t<\/div>\n\t\t\t\t<\/div>\n\t\t\t\t\t<\/div>\n\t\t<\/div>\n\t\t\t\t\t<\/div>\n\t\t<\/section>\n\t\t\t\t<section class=\"wd-negative-gap elementor-section elementor-top-section elementor-element elementor-element-f5572c6 elementor-section-boxed elementor-section-height-default elementor-section-height-default\" data-id=\"f5572c6\" data-element_type=\"section\" data-e-type=\"section\">\n\t\t\t\t\t\t<div class=\"elementor-container elementor-column-gap-default\">\n\t\t\t\t\t<div class=\"elementor-column elementor-col-25 elementor-top-column elementor-element elementor-element-4d5a597\" data-id=\"4d5a597\" data-element_type=\"column\" data-e-type=\"column\">\n\t\t\t<div class=\"elementor-widget-wrap elementor-element-populated\">\n\t\t\t\t\t\t<div class=\"elementor-element elementor-element-e74b44b elementor-widget elementor-widget-image\" data-id=\"e74b44b\" data-element_type=\"widget\" data-e-type=\"widget\" data-widget_type=\"image.default\">\n\t\t\t\t\t\t\t\t\t\t\t\t\t\t\t\t<a href=\"https:\/\/play.google.com\/store\/apps\/details?id=com.victronenergy.victronconnect\" target=\"_blank\" rel=\"noopener\">\n\t\t\t\t\t\t\t<img decoding=\"async\" class=\" wd-lazy-fade\" src=\"https:\/\/enertik.com\/mx\/wp-content\/themes\/woodmart\/images\/lazy.svg\" data-src=\"https:\/\/enertik.com\/mx\/wp-content\/uploads\/sites\/4\/elementor\/thumbs\/google-play@2x-qpla798kjqspfwbrsxuco5djv8p69c48u2u216b6kg.webp\" title=\"Google Play@2x\" alt=\"Google Play@2x\" loading=\"lazy\" \/>\t\t\t\t\t\t\t\t<\/a>\n\t\t\t\t\t\t\t\t\t\t\t\t\t\t\t<\/div>\n\t\t\t\t\t<\/div>\n\t\t<\/div>\n\t\t\t\t<div class=\"elementor-column elementor-col-25 elementor-top-column elementor-element elementor-element-7b37b9a\" data-id=\"7b37b9a\" data-element_type=\"column\" data-e-type=\"column\">\n\t\t\t<div class=\"elementor-widget-wrap elementor-element-populated\">\n\t\t\t\t\t\t<div class=\"elementor-element elementor-element-662117f elementor-widget elementor-widget-image\" data-id=\"662117f\" data-element_type=\"widget\" data-e-type=\"widget\" data-widget_type=\"image.default\">\n\t\t\t\t\t\t\t\t\t\t\t\t\t\t\t\t<a href=\"https:\/\/apps.apple.com\/us\/app\/victron-connect\/id943840744\" target=\"_blank\" rel=\"noopener\">\n\t\t\t\t\t\t\t<img decoding=\"async\" class=\" wd-lazy-fade\" src=\"https:\/\/enertik.com\/mx\/wp-content\/themes\/woodmart\/images\/lazy.svg\" data-src=\"https:\/\/enertik.com\/mx\/wp-content\/uploads\/sites\/4\/elementor\/thumbs\/ios-appstore@2x-qpla7c2348wkeq7och28dmnxneb9wfffugsih0701s.webp\" title=\"Ios Appstore@2x\" alt=\"Ios Appstore@2x\" loading=\"lazy\" \/>\t\t\t\t\t\t\t\t<\/a>\n\t\t\t\t\t\t\t\t\t\t\t\t\t\t\t<\/div>\n\t\t\t\t\t<\/div>\n\t\t<\/div>\n\t\t\t\t<div class=\"elementor-column elementor-col-25 elementor-top-column elementor-element elementor-element-496ce6a elementor-hidden-mobile\" data-id=\"496ce6a\" data-element_type=\"column\" data-e-type=\"column\">\n\t\t\t<div class=\"elementor-widget-wrap elementor-element-populated\">\n\t\t\t\t\t\t<div class=\"elementor-element elementor-element-7f5a62a elementor-widget elementor-widget-image\" data-id=\"7f5a62a\" data-element_type=\"widget\" data-e-type=\"widget\" data-widget_type=\"image.default\">\n\t\t\t\t\t\t\t\t\t\t\t\t\t\t\t\t<a href=\"https:\/\/apps.apple.com\/us\/app\/victron-connect\/id943840744\" target=\"_blank\" rel=\"noopener\">\n\t\t\t\t\t\t\t<img decoding=\"async\" class=\" wd-lazy-fade\" src=\"https:\/\/enertik.com\/mx\/wp-content\/themes\/woodmart\/images\/lazy.svg\" data-src=\"https:\/\/enertik.com\/mx\/wp-content\/uploads\/sites\/4\/elementor\/thumbs\/mac-app-store-badge-qpla7ftfvl1nnibsawthsw4rzjybmmn8xmuo6tdxj4.webp\" title=\"Mac App Store Badge\" alt=\"Mac App Store Badge\" loading=\"lazy\" \/>\t\t\t\t\t\t\t\t<\/a>\n\t\t\t\t\t\t\t\t\t\t\t\t\t\t\t<\/div>\n\t\t\t\t\t<\/div>\n\t\t<\/div>\n\t\t\t\t<div class=\"elementor-column elementor-col-25 elementor-top-column elementor-element elementor-element-004f126 elementor-hidden-mobile\" data-id=\"004f126\" data-element_type=\"column\" data-e-type=\"column\">\n\t\t\t<div class=\"elementor-widget-wrap elementor-element-populated\">\n\t\t\t\t\t\t<div class=\"elementor-element elementor-element-a3dc75b elementor-widget elementor-widget-image\" data-id=\"a3dc75b\" data-element_type=\"widget\" data-e-type=\"widget\" data-widget_type=\"image.default\">\n\t\t\t\t\t\t\t\t\t\t\t\t\t\t\t\t<a href=\"https:\/\/apps.apple.com\/us\/app\/victron-connect\/id943840744\" target=\"_blank\" rel=\"noopener\">\n\t\t\t\t\t\t\t<img decoding=\"async\" class=\" wd-lazy-fade\" src=\"https:\/\/enertik.com\/mx\/wp-content\/themes\/woodmart\/images\/lazy.svg\" data-src=\"https:\/\/enertik.com\/mx\/wp-content\/uploads\/sites\/4\/elementor\/thumbs\/download-for-windows-badge2-qpla77cw62pzoj2fiwczedw4l0ce0gwzig5mkdr8cg.webp\" title=\"Download For Windows Badge2\" alt=\"Download For Windows Badge2\" loading=\"lazy\" \/>\t\t\t\t\t\t\t\t<\/a>\n\t\t\t\t\t\t\t\t\t\t\t\t\t\t\t<\/div>\n\t\t\t\t\t<\/div>\n\t\t<\/div>\n\t\t\t\t\t<\/div>\n\t\t<\/section>\n\t\t\t\t<section class=\"wd-negative-gap elementor-section elementor-top-section elementor-element elementor-element-40236e9 Product_Description elementor-section-boxed elementor-section-height-default elementor-section-height-default\" data-id=\"40236e9\" data-element_type=\"section\" data-e-type=\"section\">\n\t\t\t\t\t\t<div class=\"elementor-container elementor-column-gap-default\">\n\t\t\t\t\t<div class=\"elementor-column elementor-col-100 elementor-top-column elementor-element elementor-element-41677d5\" data-id=\"41677d5\" data-element_type=\"column\" data-e-type=\"column\">\n\t\t\t<div class=\"elementor-widget-wrap elementor-element-populated\">\n\t\t\t\t\t\t<div class=\"elementor-element elementor-element-187ad83 elementor-widget elementor-widget-wd_text_block\" data-id=\"187ad83\" data-element_type=\"widget\" data-e-type=\"widget\" data-widget_type=\"wd_text_block.default\">\n\t\t\t\t<div class=\"elementor-widget-container\">\n\t\t\t\t\t\t\t<div class=\"wd-text-block reset-last-child text-left\">\n\t\t\t\n\t\t\t<p><span style=\"text-decoration: underline;\"><a href=\"https:\/\/www.victronenergy.com\/panel-systems-remote-monitoring\/victronconnect\" target=\"_blank\" rel=\"noopener\">M\u00e1s informaci\u00f3n sobre la aplicaci\u00f3n VictronConnect<\/a><\/span><\/p>\n\t\t\t\t\t<\/div>\n\t\t\t\t\t\t<\/div>\n\t\t\t\t<\/div>\n\t\t\t\t\t<\/div>\n\t\t<\/div>\n\t\t\t\t\t<\/div>\n\t\t<\/section>\n\t\t\t\t<section class=\"wd-negative-gap elementor-section elementor-top-section elementor-element elementor-element-db43375 Link_Buttons elementor-section-boxed elementor-section-height-default elementor-section-height-default\" data-id=\"db43375\" data-element_type=\"section\" data-e-type=\"section\" data-settings=\"{&quot;background_background&quot;:&quot;classic&quot;}\">\n\t\t\t\t\t\t<div class=\"elementor-container elementor-column-gap-custom\">\n\t\t\t\t\t<div class=\"elementor-column elementor-col-100 elementor-top-column elementor-element elementor-element-567a50a\" data-id=\"567a50a\" data-element_type=\"column\" data-e-type=\"column\">\n\t\t\t<div class=\"elementor-widget-wrap elementor-element-populated\">\n\t\t\t\t\t\t<div class=\"elementor-element elementor-element-9d03fa2 elementor-view-framed elementor-shape-circle elementor-position-block-start elementor-mobile-position-block-start elementor-widget elementor-widget-icon-box\" data-id=\"9d03fa2\" data-element_type=\"widget\" data-e-type=\"widget\" data-widget_type=\"icon-box.default\">\n\t\t\t\t\t\t\t<div class=\"elementor-icon-box-wrapper\">\n\n\t\t\t\t\t\t<div class=\"elementor-icon-box-icon\">\n\t\t\t\t<a href=\"https:\/\/enertik.com\/wp-content\/uploads\/sites\/3\/documentos\/manuales\/gx_tank_140-es.pdf\" target=\"_blank\" class=\"elementor-icon\" tabindex=\"-1\">\n\t\t\t\t<svg aria-hidden=\"true\" class=\"e-font-icon-svg e-fas-book\" viewBox=\"0 0 448 512\" xmlns=\"http:\/\/www.w3.org\/2000\/svg\"><path d=\"M448 360V24c0-13.3-10.7-24-24-24H96C43 0 0 43 0 96v320c0 53 43 96 96 96h328c13.3 0 24-10.7 24-24v-16c0-7.5-3.5-14.3-8.9-18.7-4.2-15.4-4.2-59.3 0-74.7 5.4-4.3 8.9-11.1 8.9-18.6zM128 134c0-3.3 2.7-6 6-6h212c3.3 0 6 2.7 6 6v20c0 3.3-2.7 6-6 6H134c-3.3 0-6-2.7-6-6v-20zm0 64c0-3.3 2.7-6 6-6h212c3.3 0 6 2.7 6 6v20c0 3.3-2.7 6-6 6H134c-3.3 0-6-2.7-6-6v-20zm253.4 250H96c-17.7 0-32-14.3-32-32 0-17.6 14.4-32 32-32h285.4c-1.9 17.1-1.9 46.9 0 64z\"><\/path><\/svg>\t\t\t\t<\/a>\n\t\t\t<\/div>\n\t\t\t\n\t\t\t\t\t\t<div class=\"elementor-icon-box-content\">\n\n\t\t\t\t\n\t\t\t\t\t\t\t\t\t<p class=\"elementor-icon-box-description\">\n\t\t\t\t\t\tMANUAL\t\t\t\t\t<\/p>\n\t\t\t\t\n\t\t\t<\/div>\n\t\t\t\n\t\t<\/div>\n\t\t\t\t\t\t<\/div>\n\t\t\t\t\t<\/div>\n\t\t<\/div>\n\t\t\t\t\t<\/div>\n\t\t<\/section>\n\t\t\t\t<\/div>\n\t\t","protected":false},"excerpt":{"rendered":"<p>El GX Tank 140 recibe lecturas de hasta cuatro sensores del nivel del dep\u00f3sito. Es un accesorio para el sistema de seguimiento Victron GX, donde el Cerbo GX es el nodo y centro de comunicaci\u00f3n \/ procesamiento principal.<\/p>\n<p>Los niveles del dep\u00f3sito pueden leerse tanto de forma local en el sistema (v\u00e9ase la captura de pantalla), como a distancia a trav\u00e9s de nuestro VRM Portal.<\/p>\n<p>El GX Tank 140 es compatible con transmisores de corriente (de 4 a 20 mA) y de tensi\u00f3n (de 0 a 10 V). La conexi\u00f3n al dispositivo GX se hace mediante USB, que tambi\u00e9n sirve para la alimentaci\u00f3n del GX Tank: no se necesitan cables de alimentaci\u00f3n adicionales.<\/p>\n<p>El cableado del transmisor del dep\u00f3sito es lo m\u00e1s sencillo posible: dos de las cuatro entradas proporcionan 24 V, para alimentar al transmisor. Los otros dos cables necesitan una fuente de alimentaci\u00f3n externa y hay un terminal de entrada de alimentaci\u00f3n y salidas con fusibles para facilitarlo.<\/p>\n<p>Se pueden configurar los l\u00edmites superior e inferior para permitir el uso de transmisores que solo proporcionan parte de la escala, por ejemplo de 0 a 5 V.<\/p>\n<p>Para proporcionar una lectura estable, se hace un promedio de amortiguaci\u00f3n de las lecturas. La amortiguaci\u00f3n puede configurarse entre 1 y 60 segundos.<\/p>\n<p>Se detectan sensores defectuosos y problemas de cableado: se activar\u00e1 una alarma cuando los valores est\u00e9n fuera de rango.<\/p>\n<p>Para aplicaciones marinas, el dispositivo GX puede transmitir estos niveles del dep\u00f3sito en la red <strong>NMEA 2000<\/strong> para que los reciban otros dispositivos como pantallas multifuncionales.<\/p>\n","protected":false},"featured_media":27725,"comment_status":"open","ping_status":"closed","template":"","meta":{"_relevanssi_hide_post":"","_relevanssi_hide_content":"","_relevanssi_pin_for_all":"","_relevanssi_pin_keywords":"","_relevanssi_unpin_keywords":"","_relevanssi_related_keywords":"","_relevanssi_related_include_ids":"","_relevanssi_related_exclude_ids":"","_relevanssi_related_no_append":"","_relevanssi_related_not_related":"","_relevanssi_related_posts":"","_relevanssi_noindex_reason":"","inline_featured_image":false},"product_brand":[],"product_cat":[1727,1723],"product_tag":[],"class_list":{"0":"post-27724","1":"product","2":"type-product","3":"status-publish","4":"has-post-thumbnail","6":"product_cat-accesorios-para-inversores-cargadores","7":"product_cat-inversores-cargadores","8":"pa_gtin-4328","9":"pa_marca-victron-energy","10":"pa_mpn-bpp920140100","11":"pa_serie-accesorios-gx","13":"first","14":"instock","15":"taxable","16":"shipping-taxable","17":"purchasable","18":"product-type-simple"},"bundled_by":[],"bundle_stock_status":"instock","bundle_stock_quantity":3,"bundle_virtual":false,"bundle_layout":"","bundle_add_to_cart_form_location":"","bundle_editable_in_cart":false,"bundle_sold_individually_context":"","bundle_item_grouping":"","bundle_min_size":"","bundle_max_size":"","bundle_price":[],"bundled_items":[],"bundle_sell_ids":[],"group_of_quantity":0,"min_quantity":0,"max_quantity":"","exclude_order_quantity_value_rules":"no","exclude_category_quantity_rules":"no","combine_variations":"no","exclude_global_add_ons":[],"addons":[],"_links":{"self":[{"href":"https:\/\/enertik.com\/mx\/wp-json\/wp\/v2\/product\/27724","targetHints":{"allow":["GET"]}}],"collection":[{"href":"https:\/\/enertik.com\/mx\/wp-json\/wp\/v2\/product"}],"about":[{"href":"https:\/\/enertik.com\/mx\/wp-json\/wp\/v2\/types\/product"}],"replies":[{"embeddable":true,"href":"https:\/\/enertik.com\/mx\/wp-json\/wp\/v2\/comments?post=27724"}],"version-history":[{"count":0,"href":"https:\/\/enertik.com\/mx\/wp-json\/wp\/v2\/product\/27724\/revisions"}],"wp:featuredmedia":[{"embeddable":true,"href":"https:\/\/enertik.com\/mx\/wp-json\/wp\/v2\/media\/27725"}],"wp:attachment":[{"href":"https:\/\/enertik.com\/mx\/wp-json\/wp\/v2\/media?parent=27724"}],"wp:term":[{"taxonomy":"product_brand","embeddable":true,"href":"https:\/\/enertik.com\/mx\/wp-json\/wp\/v2\/product_brand?post=27724"},{"taxonomy":"product_cat","embeddable":true,"href":"https:\/\/enertik.com\/mx\/wp-json\/wp\/v2\/product_cat?post=27724"},{"taxonomy":"product_tag","embeddable":true,"href":"https:\/\/enertik.com\/mx\/wp-json\/wp\/v2\/product_tag?post=27724"}],"curies":[{"name":"wp","href":"https:\/\/api.w.org\/{rel}","templated":true}]}}