{"id":27593,"date":"2024-06-11T06:55:00","date_gmt":"2024-06-11T12:55:00","guid":{"rendered":"https:\/\/enertik.com\/mx\/tienda\/sin%20categor\u00eda\/busbar-para-6-x-potafusible-individual-modular-para-victron-mega-fuse\/"},"modified":"2026-04-02T11:40:17","modified_gmt":"2026-04-02T17:40:17","slug":"busbar-para-6-x-potafusible-individual-modular-para-victron-mega-fuse","status":"publish","type":"product","link":"https:\/\/enertik.com\/mx\/tienda\/sistemas-de-almacenamiento\/accesorios-monitoreo-y-proteccion\/busbar-1500a-para-6-x-potafusible-individual-modular-para-victron-mega-fuse\/","title":{"rendered":"Busbar 1500A para 6 x Potafusible Individual Modular para Victron MEGA-fuse"},"content":{"rendered":"\t\t<div data-elementor-type=\"product-post\" data-elementor-id=\"27593\" class=\"elementor elementor-27593\" data-elementor-post-type=\"product\">\n\t\t\t\t\t\t<section class=\"wd-negative-gap elementor-section elementor-top-section elementor-element elementor-element-97760fe Link_Buttons elementor-section-boxed elementor-section-height-default elementor-section-height-default\" data-id=\"97760fe\" data-element_type=\"section\" data-e-type=\"section\" data-settings=\"{&quot;background_background&quot;:&quot;classic&quot;}\">\n\t\t\t\t\t\t<div class=\"elementor-container elementor-column-gap-custom\">\n\t\t\t\t\t<div class=\"elementor-column elementor-col-100 elementor-top-column elementor-element elementor-element-42122e3\" data-id=\"42122e3\" data-element_type=\"column\" data-e-type=\"column\">\n\t\t\t<div class=\"elementor-widget-wrap elementor-element-populated\">\n\t\t\t\t\t\t<div class=\"elementor-element elementor-element-8ded16b elementor-view-framed elementor-shape-circle elementor-position-block-start elementor-mobile-position-block-start elementor-widget elementor-widget-icon-box\" data-id=\"8ded16b\" data-element_type=\"widget\" data-e-type=\"widget\" data-widget_type=\"icon-box.default\">\n\t\t\t\t\t\t\t<div class=\"elementor-icon-box-wrapper\">\n\n\t\t\t\t\t\t<div class=\"elementor-icon-box-icon\">\n\t\t\t\t<a href=\"https:\/\/enertik.com\/wp-content\/uploads\/sites\/3\/documentos\/folletos\/datasheet-modular-mega-fuse-holder-and-high-current-busbar-en.pdf\" target=\"_blank\" class=\"elementor-icon\" tabindex=\"-1\">\n\t\t\t\t<svg aria-hidden=\"true\" class=\"e-font-icon-svg e-fas-book-open\" viewBox=\"0 0 576 512\" xmlns=\"http:\/\/www.w3.org\/2000\/svg\"><path d=\"M542.22 32.05c-54.8 3.11-163.72 14.43-230.96 55.59-4.64 2.84-7.27 7.89-7.27 13.17v363.87c0 11.55 12.63 18.85 23.28 13.49 69.18-34.82 169.23-44.32 218.7-46.92 16.89-.89 30.02-14.43 30.02-30.66V62.75c.01-17.71-15.35-31.74-33.77-30.7zM264.73 87.64C197.5 46.48 88.58 35.17 33.78 32.05 15.36 31.01 0 45.04 0 62.75V400.6c0 16.24 13.13 29.78 30.02 30.66 49.49 2.6 149.59 12.11 218.77 46.95 10.62 5.35 23.21-1.94 23.21-13.46V100.63c0-5.29-2.62-10.14-7.27-12.99z\"><\/path><\/svg>\t\t\t\t<\/a>\n\t\t\t<\/div>\n\t\t\t\n\t\t\t\t\t\t<div class=\"elementor-icon-box-content\">\n\n\t\t\t\t\n\t\t\t\t\t\t\t\t\t<p class=\"elementor-icon-box-description\">\n\t\t\t\t\t\tFICHA DE DATOS\t\t\t\t\t<\/p>\n\t\t\t\t\n\t\t\t<\/div>\n\t\t\t\n\t\t<\/div>\n\t\t\t\t\t\t<\/div>\n\t\t\t\t\t<\/div>\n\t\t<\/div>\n\t\t\t\t\t<\/div>\n\t\t<\/section>\n\t\t\t\t<\/div>\n\t\t","protected":false},"excerpt":{"rendered":"<p>Busbar 1500A para 6 x Potafusible Individual Modular para Victron MEGA-fuse (SKU: CIP100200100<span data-sheets-value=\"{&quot;1&quot;:2,&quot;2&quot;:&quot;CIP100400070&quot;}\" data-sheets-userformat=\"{&quot;2&quot;:33563329,&quot;3&quot;:{&quot;1&quot;:0},&quot;9&quot;:1,&quot;10&quot;:1,&quot;12&quot;:0,&quot;16&quot;:10,&quot;28&quot;:1}\">)<\/span><\/p>\n<p>* Este producto es un Busbar para alojar hasta 6 <em><strong>Potafusibles Individuales Modulares para Victron MEGA-fuse<\/strong>. L<\/em>os <em><strong>Potafusibles Individuales Modulares para Victron MEGA-fuse<\/strong><\/em> en s\u00ed no est\u00e1n incluidos en el paquete de este Busbar. (La imagen de este busbar ilustra el estado en que los portafusibles est\u00e1n alojados.) Sin embargo, usted puede comprar los portafusibles juntos con este busbar de forma f\u00e1cil tildando la casilla de abajo para agregarlos en el carrito de compras y elegir la cantidad deseada en el carrito de compras.)<\/p>\n<p>Los fusibles y portafusibles de Victron est\u00e1n dise\u00f1ados especialmente para el sistema de distribuci\u00f3n CC de Victron.<br \/>\nSi usted ya tiene o est\u00e1 pensando en tener un sistema de Victron, puede conseguir la gama completa de productos accesorios de protecci\u00f3n y distribuci\u00f3n Victron en nuestro sitio web para elaborar un sistema de distribuci\u00f3n CC completo de Victron y disfrutarse de una integraci\u00f3n perfecta y los componentes de alta calidad de Victron.<\/p>\n","protected":false},"featured_media":27594,"comment_status":"open","ping_status":"closed","template":"","meta":{"_relevanssi_hide_post":"","_relevanssi_hide_content":"","_relevanssi_pin_for_all":"","_relevanssi_pin_keywords":"","_relevanssi_unpin_keywords":"","_relevanssi_related_keywords":"","_relevanssi_related_include_ids":"","_relevanssi_related_exclude_ids":"","_relevanssi_related_no_append":"","_relevanssi_related_not_related":"","_relevanssi_related_posts":"","_relevanssi_noindex_reason":"","inline_featured_image":false},"product_brand":[],"product_cat":[5005,1751],"product_tag":[],"class_list":{"0":"post-27593","1":"product","2":"type-product","3":"status-publish","4":"has-post-thumbnail","6":"product_cat-accesorios-sistemas-de-almacenamiento","7":"product_cat-conectores","8":"pa_gtin-4252","9":"pa_marca-victron-energy","10":"pa_mpn-cip100400070","12":"first","13":"instock","14":"taxable","15":"shipping-taxable","16":"purchasable","17":"product-type-simple"},"bundled_by":[],"bundle_stock_status":"instock","bundle_stock_quantity":18,"bundle_virtual":false,"bundle_layout":"","bundle_add_to_cart_form_location":"","bundle_editable_in_cart":false,"bundle_sold_individually_context":"","bundle_item_grouping":"","bundle_min_size":"","bundle_max_size":"","bundle_price":[],"bundled_items":[],"bundle_sell_ids":[27587],"group_of_quantity":0,"min_quantity":0,"max_quantity":"","exclude_order_quantity_value_rules":"no","exclude_category_quantity_rules":"no","combine_variations":"no","exclude_global_add_ons":[],"addons":[],"_links":{"self":[{"href":"https:\/\/enertik.com\/mx\/wp-json\/wp\/v2\/product\/27593","targetHints":{"allow":["GET"]}}],"collection":[{"href":"https:\/\/enertik.com\/mx\/wp-json\/wp\/v2\/product"}],"about":[{"href":"https:\/\/enertik.com\/mx\/wp-json\/wp\/v2\/types\/product"}],"replies":[{"embeddable":true,"href":"https:\/\/enertik.com\/mx\/wp-json\/wp\/v2\/comments?post=27593"}],"version-history":[{"count":0,"href":"https:\/\/enertik.com\/mx\/wp-json\/wp\/v2\/product\/27593\/revisions"}],"wp:featuredmedia":[{"embeddable":true,"href":"https:\/\/enertik.com\/mx\/wp-json\/wp\/v2\/media\/27594"}],"wp:attachment":[{"href":"https:\/\/enertik.com\/mx\/wp-json\/wp\/v2\/media?parent=27593"}],"wp:term":[{"taxonomy":"product_brand","embeddable":true,"href":"https:\/\/enertik.com\/mx\/wp-json\/wp\/v2\/product_brand?post=27593"},{"taxonomy":"product_cat","embeddable":true,"href":"https:\/\/enertik.com\/mx\/wp-json\/wp\/v2\/product_cat?post=27593"},{"taxonomy":"product_tag","embeddable":true,"href":"https:\/\/enertik.com\/mx\/wp-json\/wp\/v2\/product_tag?post=27593"}],"curies":[{"name":"wp","href":"https:\/\/api.w.org\/{rel}","templated":true}]}}