{"id":27463,"date":"2025-07-09T01:36:41","date_gmt":"2025-07-09T07:36:41","guid":{"rendered":"https:\/\/enertik.com\/mx\/?post_type=product&#038;p=27463"},"modified":"2026-03-26T22:48:04","modified_gmt":"2026-03-27T04:48:04","slug":"panel-solar-enertik-monocristalino-170w","status":"publish","type":"product","link":"https:\/\/enertik.com\/mx\/tienda\/fotovoltaica\/paneles-solares\/panel-solar-enertik-monocristalino-170w\/","title":{"rendered":"Panel Solar Enertik Monocristalino 170W"},"content":{"rendered":"\t\t<div data-elementor-type=\"product-post\" data-elementor-id=\"27463\" class=\"elementor elementor-27463\" data-elementor-post-type=\"product\">\n\t\t\t\t\t\t<section class=\"wd-negative-gap elementor-section elementor-top-section elementor-element elementor-element-ae608fe Product_Description elementor-section-boxed elementor-section-height-default elementor-section-height-default\" data-id=\"ae608fe\" data-element_type=\"section\" data-e-type=\"section\">\n\t\t\t\t\t\t<div class=\"elementor-container elementor-column-gap-default\">\n\t\t\t\t\t<div class=\"elementor-column elementor-col-100 elementor-top-column elementor-element elementor-element-cd01752\" data-id=\"cd01752\" data-element_type=\"column\" data-e-type=\"column\" data-settings=\"{&quot;background_background&quot;:&quot;classic&quot;}\">\n\t\t\t<div class=\"elementor-widget-wrap elementor-element-populated\">\n\t\t\t\t\t\t<section class=\"wd-negative-gap elementor-section elementor-inner-section elementor-element elementor-element-3b8800b elementor-section-boxed elementor-section-height-default elementor-section-height-default\" data-id=\"3b8800b\" data-element_type=\"section\" data-e-type=\"section\">\n\t\t\t\t\t\t<div class=\"elementor-container elementor-column-gap-default\">\n\t\t\t\t\t<div class=\"elementor-column elementor-col-100 elementor-inner-column elementor-element elementor-element-7242f90\" data-id=\"7242f90\" data-element_type=\"column\" data-e-type=\"column\">\n\t\t\t<div class=\"elementor-widget-wrap elementor-element-populated\">\n\t\t\t\t\t\t<div class=\"elementor-element elementor-element-5bc8ae2 elementor-widget elementor-widget-wd_tabs\" data-id=\"5bc8ae2\" data-element_type=\"widget\" data-e-type=\"widget\" data-widget_type=\"wd_tabs.default\">\n\t\t\t\t<div class=\"elementor-widget-container\">\n\t\t\t\t\t\t\t<div class=\"wd-tabs tabs-design-default\">\n\t\t\t<div class=\"wd-tabs-header text-center\">\n\t\t\t\t\n\t\t\t\t\n\t\t\t\t<div class=\"wd-nav-wrapper wd-nav-tabs-wrapper wd-mb-action-swipe\">\n\t\t\t\t\t<ul class=\"wd-nav wd-nav-tabs wd-icon-pos-left wd-style-underline\">\n\t\t\t\t\t\t\t\t\t\t\t\t\t\n\t\t\t\t\t\t\t<li>\n\t\t\t\t\t\t\t\t<a href=\"#\" class=\"wd-nav-link\">\n\t\t\t\t\t\t\t\t\t\n\t\t\t\t\t\t\t\t\t<span class=\"nav-link-text wd-tabs-title\">\n\t\t\t\t\t\t\t\t\t\tDESCRIPCI\u00d3N\t\t\t\t\t\t\t\t\t<\/span>\n\t\t\t\t\t\t\t\t<\/a>\n\t\t\t\t\t\t\t<\/li>\n\n\t\t\t\t\t\t\t\t\t\t\t\t\t\n\t\t\t\t\t\t\t<li>\n\t\t\t\t\t\t\t\t<a href=\"#\" class=\"wd-nav-link\">\n\t\t\t\t\t\t\t\t\t\n\t\t\t\t\t\t\t\t\t<span class=\"nav-link-text wd-tabs-title\">\n\t\t\t\t\t\t\t\t\t\tESPECIFICACIONES\t\t\t\t\t\t\t\t\t<\/span>\n\t\t\t\t\t\t\t\t<\/a>\n\t\t\t\t\t\t\t<\/li>\n\n\t\t\t\t\t\t\t\t\t\t\t<\/ul>\n\t\t\t\t<\/div>\n\t\t\t<\/div>\n\n\t\t\t<div class=\"wd-tabs-content-wrapper\">\n\t\t\t\t\t\t\t\t\t\t\t\t\t\t\n\t\t\t\t\t<div class=\"wd-tab-content wd-entry-content\">\n\t\t\t\t\t\t\t\t\t\t\t\t\t<div >\n\t\t\t\t\t\t\t\t<h2>VENTAJAS<\/h2><ul><li class=\"ulBgColor\">Hecho con silicio monocristalino, con mejor rendimiento y coeficiente de temperatura<\/li><li class=\"ulBgColor\">Construcci\u00f3n robusta<\/li><li class=\"ulBgColor\">Alta eficiencia de conversi\u00f3n<\/li><li class=\"ulBgColor\">El embalaje de dos unidades por caja facilita mucho el transporte y el manejo<\/li><li class=\"ulBgColor\">Alto nivel de protecci\u00f3n para ambientes severos<\/li><li class=\"ulBgColor\">Vidrio de alta calidad que reduce la reflexi\u00f3n de rayos solares<\/li><li class=\"ulBgColor\">Minimiza efectivamente la ca\u00edda de energ\u00eda por la sombra<\/li><\/ul>\t\t\t\t\t\t\t<\/div>\n\t\t\t\t\t\t\t\t\t\t\t<\/div>\n\n\t\t\t\t\t\t\t\t\t\t\t\t\t\t\n\t\t\t\t\t<div class=\"wd-tab-content wd-entry-content\">\n\t\t\t\t\t\t\t\t\t\t\t\t\t<div >\n\t\t\t\t\t\t\t\t<table>\n<tbody>\n<tr class=\"tbBorderNone\">\n<td class=\"tbLeft\">Modelo<\/td>\n<td>PS-170M<\/td>\n<\/tr>\n<tr class=\"tbBorderNone\">\n<td class=\"tbTit\" colspan=\"2\">Especificaciones t\u00e9cnicas<\/td>\n<\/tr>\n<tr>\n<td class=\"tbLeft\">Potencia m\u00e1xima<\/td>\n<td>170W<\/td>\n<\/tr>\n<tr>\n<td class=\"tbLeft\">Voltaje nominal (Vmp)<\/td>\n<td>20.44VCC<\/td>\n<\/tr>\n<tr>\n<td class=\"tbLeft\">Corriente (Imp)<\/td>\n<td>8.32A<\/td>\n<\/tr>\n<tr>\n<td class=\"tbLeft\">Tensi\u00f3n en circuito abierto (Voc)<\/td>\n<td>24.50VCC<\/td>\n<\/tr>\n<tr>\n<td class=\"tbLeft\">Corriente en cortocircuito (Isc)<\/td>\n<td>8.94A<\/td>\n<\/tr>\n<tr>\n<td class=\"tbLeft\">Rendimiento<\/td>\n<td>18.67%<\/td>\n<\/tr>\n<tr>\n<td class=\"tbLeft\">Tensi\u00f3n m\u00e1xima<\/td>\n<td>1000VCC (IEC) \/ 600VCC (UL)<\/td>\n<\/tr>\n<tr title=\"No conectar fusibles en la caja de conexiones con dos o m\u00e1s strings en conexi\u00f3n paralela\">\n<td class=\"tbLeft\">Capacidad max. del fusible<\/td>\n<td>15A<\/td>\n<\/tr>\n<tr>\n  <td class=\"tbLeft\">Resistencia al viento (Pa)<\/td>\n  <td>2400<\/td>\n<\/tr>\n<tr class=\"tbBorderNone\">\n<td class=\"tbLeft\">Resistencia de carga vertical (Pa)<\/td>\n<td>5400<\/td>\n<\/tr>\n<tr>\n<td class=\"tbTit\" colspan=\"2\">Especificaciones f\u00edsicas<\/td>\n<\/tr>\n<tr>\n<td class=\"tbLeft\">Celda solar<\/td>\n<td>Silicio monocristalino \/ 36 celdas (3x12)<\/td>\n<\/tr>\n<tr>\n<td class=\"tbLeft\">Material del marco<\/td>\n<td>Aluminio anodizado<\/td>\n<\/tr>\n<tr>\n<td class=\"tbLeft\">Color del marco<\/td>\n<td>Aluminio<\/td>\n<\/tr>\n<tr>\n<td class=\"tbLeft\">Vidrio<\/td>\n<td>3.2mm, alta transparencia, recubrimiento AR y vidrio solar templado<\/td>\n<\/tr>\n<tr>\n<td class=\"tbLeft\">Cables<\/td>\n<td>4mm\u00b2 (IEC) \/ 12AWG (UL) ; L = 900mm ; MC4<\/td>\n<\/tr>\n<tr>\n<td class=\"tbLeft\">Dimensiones (mm)<\/td>\n<td>1570 x 580 x 35<\/td>\n<\/tr>\n<tr class=\"tbBorderNone\">\n<td class=\"tbLeft\">Peso neto (kg)<\/td>\n<td>10<\/td>\n<\/tr>\n<tr>\n<td class=\"tbTit\" colspan=\"2\">Especificaciones de temperatura<\/td>\n<\/tr>\n<tr>\n<td class=\"tbLeft\">Condiciones de temperatura nominal<\/td>\n<td>-40\u00baC a +85\u00baC<\/td>\n<\/tr>\n<tr>\n<td class=\"tbLeft\">Temperatura (NOCT)<\/td>\n<td>45\u00baC +\/- 2\u00baC<\/td>\n<\/tr>\n<tr>\n<td class=\"tbLeft\">Coeficiente de temperatura de Pmax<\/td>\n<td>-0.39% \u00baC<\/td>\n<\/tr>\n<tr>\n<td class=\"tbLeft\">Coeficiente de temperatura de Voc<\/td>\n<td>-0.32% \u00baC<\/td>\n<\/tr>\n<tr class=\"tbBorderNone\">\n<td class=\"tbLeft\">Coeficiente de temperatura de Isc<\/td>\n<td>+0.05% \u00baC<\/td>\n<\/tr>\n<tr>\n<td class=\"tbTit\" colspan=\"2\">Garant\u00eda de performance<\/td>\n<\/tr>\n<tr>\n<td class=\"tbLeft\">90% de la potencia<\/td>\n<td>10 a\u00f1os<\/td>\n<\/tr>\n<tr>\n<td class=\"tbLeft\">80% de la potencia<\/td>\n<td>25 a\u00f1os<\/td>\n<\/tr>\n<\/tbody>\n<\/table>\t\t\t\t\t\t\t<\/div>\n\t\t\t\t\t\t\t\t\t\t\t<\/div>\n\n\t\t\t\t\t\t\t<\/div>\n\t\t<\/div>\n\t\t\t\t\t\t<\/div>\n\t\t\t\t<\/div>\n\t\t\t\t\t<\/div>\n\t\t<\/div>\n\t\t\t\t\t<\/div>\n\t\t<\/section>\n\t\t\t\t\t<\/div>\n\t\t<\/div>\n\t\t\t\t\t<\/div>\n\t\t<\/section>\n\t\t\t\t<section class=\"wd-negative-gap elementor-section elementor-top-section elementor-element elementor-element-5443548 Link_Buttons elementor-section-boxed elementor-section-height-default elementor-section-height-default\" data-id=\"5443548\" data-element_type=\"section\" data-e-type=\"section\" data-settings=\"{&quot;background_background&quot;:&quot;classic&quot;}\">\n\t\t\t\t\t\t<div class=\"elementor-container elementor-column-gap-custom\">\n\t\t\t\t\t<div class=\"elementor-column elementor-col-100 elementor-top-column elementor-element elementor-element-770e1f7\" data-id=\"770e1f7\" data-element_type=\"column\" data-e-type=\"column\">\n\t\t\t<div class=\"elementor-widget-wrap elementor-element-populated\">\n\t\t\t\t\t\t<div class=\"elementor-element elementor-element-1ed6b87 elementor-view-framed elementor-shape-circle elementor-position-block-start elementor-mobile-position-block-start elementor-widget elementor-widget-icon-box\" data-id=\"1ed6b87\" data-element_type=\"widget\" data-e-type=\"widget\" data-widget_type=\"icon-box.default\">\n\t\t\t\t\t\t\t<div class=\"elementor-icon-box-wrapper\">\n\n\t\t\t\t\t\t<div class=\"elementor-icon-box-icon\">\n\t\t\t\t<a href=\"https:\/\/enertik.com\/wp-content\/uploads\/sites\/3\/documentos\/folletos\/folleto-ps-170m.pdf\" target=\"_blank\" class=\"elementor-icon\" tabindex=\"-1\">\n\t\t\t\t<svg aria-hidden=\"true\" class=\"e-font-icon-svg e-fas-book-open\" viewBox=\"0 0 576 512\" xmlns=\"http:\/\/www.w3.org\/2000\/svg\"><path d=\"M542.22 32.05c-54.8 3.11-163.72 14.43-230.96 55.59-4.64 2.84-7.27 7.89-7.27 13.17v363.87c0 11.55 12.63 18.85 23.28 13.49 69.18-34.82 169.23-44.32 218.7-46.92 16.89-.89 30.02-14.43 30.02-30.66V62.75c.01-17.71-15.35-31.74-33.77-30.7zM264.73 87.64C197.5 46.48 88.58 35.17 33.78 32.05 15.36 31.01 0 45.04 0 62.75V400.6c0 16.24 13.13 29.78 30.02 30.66 49.49 2.6 149.59 12.11 218.77 46.95 10.62 5.35 23.21-1.94 23.21-13.46V100.63c0-5.29-2.62-10.14-7.27-12.99z\"><\/path><\/svg>\t\t\t\t<\/a>\n\t\t\t<\/div>\n\t\t\t\n\t\t\t\t\t\t<div class=\"elementor-icon-box-content\">\n\n\t\t\t\t\n\t\t\t\t\t\t\t\t\t<p class=\"elementor-icon-box-description\">\n\t\t\t\t\t\tFOLLETO\t\t\t\t\t<\/p>\n\t\t\t\t\n\t\t\t<\/div>\n\t\t\t\n\t\t<\/div>\n\t\t\t\t\t\t<\/div>\n\t\t\t\t\t<\/div>\n\t\t<\/div>\n\t\t\t\t\t<\/div>\n\t\t<\/section>\n\t\t\t\t<\/div>\n\t\t","protected":false},"excerpt":{"rendered":"<p>Potencia : 170W<\/p>\n<p class=\"p1\">Este panel solar de potencia peque\u00f1a \/ mediana de Enertik es fabricado con silicio monocristalino.<br \/>\nOfrece una eficiencia superior y una mayor capacidad de generaci\u00f3n de energ\u00eda en comparaci\u00f3n con los paneles policristalinos est\u00e1ndares.<\/p>\n<p class=\"p1\">Este panel monocristalino es la opci\u00f3n ideal para aquellos que buscan maximizar el performance y la durabilidad de su sistema de energ\u00eda solar.<\/p>\n<p class=\"p1\">Con construcci\u00f3n robusta y vidrio de alta calidad que reduce la reflexi\u00f3n de rayos solares.<\/p>\n<p class=\"p1\">Voc: 24.5V \/ Isc: 8.94A<\/p>\n","protected":false},"featured_media":27442,"comment_status":"open","ping_status":"closed","template":"","meta":{"_relevanssi_hide_post":"","_relevanssi_hide_content":"","_relevanssi_pin_for_all":"","_relevanssi_pin_keywords":"","_relevanssi_unpin_keywords":"","_relevanssi_related_keywords":"","_relevanssi_related_include_ids":"","_relevanssi_related_exclude_ids":"","_relevanssi_related_no_append":"","_relevanssi_related_not_related":"","_relevanssi_related_posts":"","_relevanssi_noindex_reason":"","inline_featured_image":false},"product_brand":[],"product_cat":[1696],"product_tag":[1958],"class_list":{"0":"post-27463","1":"product","2":"type-product","3":"status-publish","4":"has-post-thumbnail","6":"product_cat-paneles-solares","7":"product_tag-nuevos","8":"pa_gtin-4233","9":"pa_marca-enertik","10":"pa_mpn-ps-170m","11":"pa_potencia-170w","12":"pa_serie-mono-perc","14":"first","15":"instock","16":"taxable","17":"shipping-taxable","18":"purchasable","19":"product-type-simple"},"bundled_by":["30338"],"bundle_stock_status":"instock","bundle_stock_quantity":12,"bundle_virtual":false,"bundle_layout":"","bundle_add_to_cart_form_location":"","bundle_editable_in_cart":false,"bundle_sold_individually_context":"","bundle_item_grouping":"","bundle_min_size":"","bundle_max_size":"","bundle_price":[],"bundled_items":[],"bundle_sell_ids":[],"group_of_quantity":2,"min_quantity":0,"max_quantity":"","exclude_order_quantity_value_rules":"no","exclude_category_quantity_rules":"no","combine_variations":"no","exclude_global_add_ons":[],"addons":[],"_links":{"self":[{"href":"https:\/\/enertik.com\/mx\/wp-json\/wp\/v2\/product\/27463","targetHints":{"allow":["GET"]}}],"collection":[{"href":"https:\/\/enertik.com\/mx\/wp-json\/wp\/v2\/product"}],"about":[{"href":"https:\/\/enertik.com\/mx\/wp-json\/wp\/v2\/types\/product"}],"replies":[{"embeddable":true,"href":"https:\/\/enertik.com\/mx\/wp-json\/wp\/v2\/comments?post=27463"}],"version-history":[{"count":0,"href":"https:\/\/enertik.com\/mx\/wp-json\/wp\/v2\/product\/27463\/revisions"}],"wp:featuredmedia":[{"embeddable":true,"href":"https:\/\/enertik.com\/mx\/wp-json\/wp\/v2\/media\/27442"}],"wp:attachment":[{"href":"https:\/\/enertik.com\/mx\/wp-json\/wp\/v2\/media?parent=27463"}],"wp:term":[{"taxonomy":"product_brand","embeddable":true,"href":"https:\/\/enertik.com\/mx\/wp-json\/wp\/v2\/product_brand?post=27463"},{"taxonomy":"product_cat","embeddable":true,"href":"https:\/\/enertik.com\/mx\/wp-json\/wp\/v2\/product_cat?post=27463"},{"taxonomy":"product_tag","embeddable":true,"href":"https:\/\/enertik.com\/mx\/wp-json\/wp\/v2\/product_tag?post=27463"}],"curies":[{"name":"wp","href":"https:\/\/api.w.org\/{rel}","templated":true}]}}