{"id":26862,"date":"2023-09-19T14:47:13","date_gmt":"2023-09-19T20:47:13","guid":{"rendered":"https:\/\/enertik.com\/mx\/?post_type=product&#038;p=26862"},"modified":"2026-02-17T23:57:29","modified_gmt":"2026-02-18T05:57:29","slug":"inversor-hibrido-con-backup-waterproof-ip65-mppt-48v-120v-240v-fase-partida","status":"publish","type":"product","link":"https:\/\/enertik.com\/mx\/tienda\/energia-solar-fotovoltaica\/inversores-con-conexion-a-red\/con-backup-hibrido\/inversor-hibrido-con-backup-6500w-waterproof-ip65-mppt-48v-120v-240v-fase-partida\/","title":{"rendered":"Inversor H\u00edbrido con Backup &#8211; 6500W Waterproof IP65 &#8211; MPPT 48V-120V\/240V Fase Partida"},"content":{"rendered":"\t\t<div data-elementor-type=\"product-post\" data-elementor-id=\"26862\" class=\"elementor elementor-26862\" data-elementor-post-type=\"product\">\n\t\t\t\t\t\t<section class=\"wd-negative-gap elementor-section elementor-top-section elementor-element elementor-element-dfcf1ad Product_Description elementor-section-boxed elementor-section-height-default elementor-section-height-default\" data-id=\"dfcf1ad\" data-element_type=\"section\" data-e-type=\"section\">\n\t\t\t\t\t\t<div class=\"elementor-container elementor-column-gap-default\">\n\t\t\t\t\t<div class=\"elementor-column elementor-col-100 elementor-top-column elementor-element elementor-element-aa8b2b1\" data-id=\"aa8b2b1\" data-element_type=\"column\" data-e-type=\"column\" data-settings=\"{&quot;background_background&quot;:&quot;classic&quot;}\">\n\t\t\t<div class=\"elementor-widget-wrap elementor-element-populated\">\n\t\t\t\t\t\t<section class=\"wd-negative-gap elementor-section elementor-inner-section elementor-element elementor-element-66f0bc2 elementor-section-boxed elementor-section-height-default elementor-section-height-default\" data-id=\"66f0bc2\" data-element_type=\"section\" data-e-type=\"section\">\n\t\t\t\t\t\t<div class=\"elementor-container elementor-column-gap-default\">\n\t\t\t\t\t<div class=\"elementor-column elementor-col-100 elementor-inner-column elementor-element elementor-element-77640d7\" data-id=\"77640d7\" data-element_type=\"column\" data-e-type=\"column\">\n\t\t\t<div class=\"elementor-widget-wrap elementor-element-populated\">\n\t\t\t\t\t\t<div class=\"elementor-element elementor-element-5ca0529 elementor-widget elementor-widget-wd_tabs\" data-id=\"5ca0529\" data-element_type=\"widget\" data-e-type=\"widget\" data-widget_type=\"wd_tabs.default\">\n\t\t\t\t<div class=\"elementor-widget-container\">\n\t\t\t\t\t\t\t<div class=\"wd-tabs tabs-design-default\">\n\t\t\t<div class=\"wd-tabs-header text-center\">\n\t\t\t\t\n\t\t\t\t\n\t\t\t\t<div class=\"wd-nav-wrapper wd-nav-tabs-wrapper wd-mb-action-swipe\">\n\t\t\t\t\t<ul class=\"wd-nav wd-nav-tabs wd-icon-pos-left wd-style-underline\">\n\t\t\t\t\t\t\t\t\t\t\t\t\t\n\t\t\t\t\t\t\t<li>\n\t\t\t\t\t\t\t\t<a href=\"#\" class=\"wd-nav-link\">\n\t\t\t\t\t\t\t\t\t\n\t\t\t\t\t\t\t\t\t<span class=\"nav-link-text wd-tabs-title\">\n\t\t\t\t\t\t\t\t\t\tDESCRIPCI\u00d3N\t\t\t\t\t\t\t\t\t<\/span>\n\t\t\t\t\t\t\t\t<\/a>\n\t\t\t\t\t\t\t<\/li>\n\n\t\t\t\t\t\t\t\t\t\t\t\t\t\n\t\t\t\t\t\t\t<li>\n\t\t\t\t\t\t\t\t<a href=\"#\" class=\"wd-nav-link\">\n\t\t\t\t\t\t\t\t\t\n\t\t\t\t\t\t\t\t\t<span class=\"nav-link-text wd-tabs-title\">\n\t\t\t\t\t\t\t\t\t\tESPECIFICACIONES\t\t\t\t\t\t\t\t\t<\/span>\n\t\t\t\t\t\t\t\t<\/a>\n\t\t\t\t\t\t\t<\/li>\n\n\t\t\t\t\t\t\t\t\t\t\t<\/ul>\n\t\t\t\t<\/div>\n\t\t\t<\/div>\n\n\t\t\t<div class=\"wd-tabs-content-wrapper\">\n\t\t\t\t\t\t\t\t\t\t\t\t\t\t\n\t\t\t\t\t<div class=\"wd-tab-content wd-entry-content\">\n\t\t\t\t\t\t\t\t\t\t\t\t\t<div >\n\t\t\t\t\t\t\t\t<h2>VENTAJAS<\/h2><ul><li>Waterproof \u2013 Protecci\u00f3n IP65<\/li><li class=\"ulBgColor\">Salida senoidal pura - fase partida 120V\/240V o 120V\/208V<\/li><li>Corriente de carga de bater\u00eda ajustable por el usuario para diferentes tipos de bater\u00edas<\/li><li>Compatible con bater\u00edas de litio<\/li><li class=\"ulBgColor\">Prioridad de suministro programable para panel, bater\u00eda o red<\/li><li>Rango de voltaje de entrada seleccionable<\/li><li class=\"ulBgColor\">M\u00faltiples modos de operaci\u00f3n programables: ON-GRID, OFF-GRID y ON-GRID con respaldo<\/li><li>Temporizador incorporado para varios modos de operaci\u00f3n ENCENDIDO \/ APAGADO<\/li><li>Funci\u00f3n de monitoreo por Wifi integrada<\/li><li class=\"ulBgColor\">M\u00faltiples modos de comunicaci\u00f3n: USB, RS-232, Wifi<\/li><li>Funcionamiento en paralelo hasta 6 unidades (kit incluido)<\/li><li>Sistema aprobado por UL<\/li><\/ul><p>\u00a0<\/p><h2>PROTECCIONES DEL EQUIPO<\/h2><ul><li class=\"ulBgColor\">Cortocircuito<\/li><li>Sobrecarga<\/li><li class=\"ulBgColor\">Alta tensi\u00f3n de entrada<\/li><li>Baja tensi\u00f3n de entrada<\/li><li class=\"ulBgColor\">Sobre temperatura<\/li><\/ul>\t\t\t\t\t\t\t<\/div>\n\t\t\t\t\t\t\t\t\t\t\t<\/div>\n\n\t\t\t\t\t\t\t\t\t\t\t\t\t\t\n\t\t\t\t\t<div class=\"wd-tab-content wd-entry-content\">\n\t\t\t\t\t\t\t\t\t\t\t\t\t<div >\n\t\t\t\t\t\t\t\t<table><tbody><tr><td class=\"tbLeft\">Fase<\/td><td colspan=\"2\">Fase partida entrada y salida<\/td><\/tr><tr><td class=\"tbLeft\">Potencia nominal de salida<\/td><td colspan=\"2\">6000W\/6000VA<\/td><\/tr><tr><td class=\"tbLeft\">Potencia m\u00e1xima de panel<\/td><td colspan=\"2\">7500W<\/td><\/tr><tr class=\"tbBorderNone\"><td class=\"tbLeft\">Funcionamiento en paralelo<\/td><td colspan=\"2\">hasta 6 unidades (kit incluido)<\/td><\/tr><tr class=\"tbBorderNone\"><td class=\"tbTit\" colspan=\"3\">Modo ON-GRID<\/td><\/tr><tr class=\"tbBorderNone\"><td class=\"tbSubTit\" colspan=\"3\">Entrada CC \u2013 PV<\/td><\/tr><tr><td class=\"tbLeft\">Voltaje de entrada m\u00ednimo<\/td><td colspan=\"2\">160VCC<\/td><\/tr><tr><td class=\"tbLeft\">Voltaje de entrada m\u00e1ximo<\/td><td colspan=\"2\">600VCC<\/td><\/tr><tr><td class=\"tbLeft\">Rango de voltaje de MPPT<\/td><td colspan=\"2\">120 ~ 550VCC<\/td><\/tr><tr class=\"tbBorderNone\"><td class=\"tbLeft\">Cantidad de entrada MPPT y corriente de entrada m\u00e1xima<\/td><td colspan=\"2\">2 \/ A: 15A; B: 15A<\/td><\/tr><tr class=\"tbBorderNone\"><td class=\"tbSubTit\" colspan=\"3\">Salida CA<\/td><\/tr><tr><td class=\"tbLeft\">Voltaje de salida<\/td><td colspan=\"2\">120VCA (Fase) \/208 o 240VCA (L\u00ednea)<\/td><\/tr><tr><td class=\"tbLeft\">Rango de voltaje de salida (sincronizado con la red)<\/td><td colspan=\"2\">105.5 VCA - 132 VCA (por fase)<\/td><\/tr><tr><td class=\"tbLeft\">Corriente de salida<\/td><td colspan=\"2\">25A (Por fase) \/ Pico 30A (Por fase) @20ms<\/td><\/tr><tr><td class=\"tbLeft\">Factor de potencia<\/td><td colspan=\"2\">0.9<\/td><\/tr><tr class=\"tbBorderNone\"><td class=\"tbLeft\">Eficiencia<\/td><td colspan=\"2\">&gt;96%<\/td><\/tr><tr class=\"tbBorderNone\"><td class=\"tbTit\" colspan=\"3\">Modo OFF-GRID<\/td><\/tr><tr class=\"tbBorderNone\"><td class=\"tbSubTit\" colspan=\"3\">Entrada<\/td><\/tr><tr><td class=\"tbLeft\">Voltaje de arranque<\/td><td colspan=\"2\">90VCA (Por fase)<\/td><\/tr><tr><td class=\"tbLeft\">Frecuencia de entrada<\/td><td colspan=\"2\">50 Hz\/60 Hz (Reconocimiento autom\u00e1tico)<\/td><\/tr><tr><td class=\"tbLeft\">Rango de voltaje<\/td><td colspan=\"2\">85 ~ 140VCA (Por fase)<\/td><\/tr><tr class=\"tbBorderNone\"><td class=\"tbLeft\">Corriente m\u00e1xima CA<\/td><td colspan=\"2\">40A (por fase)<\/td><\/tr><tr class=\"tbBorderNone\"><td class=\"tbSubTit\" colspan=\"3\">Entrada de panel (CC)<\/td><\/tr><tr><td class=\"tbLeft\">Voltaje de entrada m\u00e1ximo<\/td><td colspan=\"2\">600VCC<\/td><\/tr><tr><td class=\"tbLeft\">Rango de voltaje de MPPT<\/td><td colspan=\"2\">120 ~ 550 VCC<\/td><\/tr><tr class=\"tbBorderNone\"><td class=\"tbLeft\">Cantidad de entrada MPPT y corriente de entrada m\u00e1xima<\/td><td colspan=\"2\">2 \/ A: 15A; B: 15A<\/td><\/tr><tr class=\"tbBorderNone\"><td class=\"tbSubTit\" colspan=\"3\">Salida modo bater\u00eda (CA)<\/td><\/tr><tr><td class=\"tbLeft\">Voltaje de salida<\/td><td colspan=\"2\">120VCA (Fase) \/208 o 240VCA (L\u00ednea)<\/td><\/tr><tr><td class=\"tbLeft\">Forma de onda<\/td><td colspan=\"2\">Senoidal pura<\/td><\/tr><tr class=\"tbBorderNone\"><td class=\"tbLeft\">Eficiencia<\/td><td colspan=\"2\">91%<\/td><\/tr><tr class=\"tbBorderNone\"><td class=\"tbTit\" colspan=\"3\">Modo H\u00cdBRIDO<\/td><\/tr><tr class=\"tbBorderNone\"><td class=\"tbSubTit\" colspan=\"3\">Entrada de panel (CC)<\/td><\/tr><tr><td class=\"tbLeft\">Voltaje de entrada m\u00e1ximo<\/td><td colspan=\"2\">600VCC<\/td><\/tr><tr><td class=\"tbLeft\">Voltaje de entrada m\u00ednimo<\/td><td colspan=\"2\">160VCC<\/td><\/tr><tr><td class=\"tbLeft\">Rango de voltaje de MPPT<\/td><td colspan=\"2\">120 ~ 550 VCC<\/td><\/tr><tr class=\"tbBorderNone\"><td class=\"tbLeft\">Cantidad de entrada MPPT y corriente de entrada m\u00e1xima<\/td><td colspan=\"2\">2 \/ A: 15A; B: 15A<\/td><\/tr><tr class=\"tbBorderNone\"><td class=\"tbSubTit\" colspan=\"3\">Salida de red (CA)<\/td><\/tr><tr><td class=\"tbLeft\">Voltaje de salida<\/td><td colspan=\"2\">\u00a0120VCA (Fase) \/208 o 240VCA (L\u00ednea)<\/td><\/tr><tr><td class=\"tbLeft\">Rango de voltaje de salida (sincronizado con la red)<\/td><td colspan=\"2\">105.5 VCA - 132 VCA (por fase)<\/td><\/tr><tr class=\"tbBorderNone\"><td class=\"tbLeft\">Corriente de salida<\/td><td colspan=\"2\">25A (Por fase) \/ Pico 30A (Por fase) @20ms<\/td><\/tr><tr class=\"tbBorderNone\"><td class=\"tbSubTit\" colspan=\"3\">Entrada<\/td><\/tr><tr><td class=\"tbLeft\">Voltaje de arranque<\/td><td colspan=\"2\">90VCA (Por fase)<\/td><\/tr><tr><td class=\"tbLeft\">Frecuencia de entrada<\/td><td colspan=\"2\">50 Hz\/60 Hz (Reconocimiento autom\u00e1tico)<\/td><\/tr><tr><td class=\"tbLeft\">Rango de voltaje<\/td><td colspan=\"2\">85 VCA - 140 VCA (por fase)<\/td><\/tr><tr class=\"tbBorderNone\"><td class=\"tbLeft\">Corriente m\u00e1xima CA<\/td><td colspan=\"2\">40A (por fase)<\/td><\/tr><tr class=\"tbBorderNone\"><td class=\"tbSubTit\" colspan=\"3\">Salida modo bater\u00eda (CA)<\/td><\/tr><tr><td class=\"tbLeft\">Voltaje de salida<\/td><td colspan=\"2\">120VCA (Fase) \/208 o 240VCA (L\u00ednea)<\/td><\/tr><tr class=\"tbBorderNone\"><td class=\"tbLeft\">Eficiencia<\/td><td colspan=\"2\">91%<\/td><\/tr><tr class=\"tbBorderNone\"><td class=\"tbSubTit\" colspan=\"3\">Bater\u00eda y cargador<\/td><\/tr><tr><td class=\"tbLeft\">Rango de voltaje<\/td><td colspan=\"2\">40 ~ 62VCC<\/td><\/tr><tr class=\"tbBorderNone\"><td class=\"tbLeft\">Corriente m\u00e1x. de carga<\/td><td colspan=\"2\">120A<\/td><\/tr><tr><td class=\"tbTit\" colspan=\"3\">Ambiente<\/td><\/tr><tr><td class=\"tbLeft\">Temperatura de operaci\u00f3n<\/td><td colspan=\"2\">-25 ~ 60 \u00b0C<\/td><\/tr><tr class=\"tbBorderNone\"><td class=\"tbLeft\">Humedad relativa<\/td><td colspan=\"2\">0 ~ 95% (sin condensaci\u00f3n)<\/td><\/tr><tr><td class=\"tbTit\" colspan=\"3\">Especificaciones f\u00edsicas<\/td><\/tr><tr><td class=\"tbLeft\">Puerto de comunicaci\u00f3n<\/td><td colspan=\"2\">USB \/ RS232 \/ RS485 \/ WI-FI<\/td><\/tr><tr><td class=\"tbLeft\">Dimensiones (mm)<\/td><td colspan=\"2\">215.5 x 515 x 700<\/td><\/tr><tr><td class=\"tbLeft\">Peso neto (kg)<\/td><td colspan=\"2\">41<\/td><\/tr><\/tbody><\/table>\t\t\t\t\t\t\t<\/div>\n\t\t\t\t\t\t\t\t\t\t\t<\/div>\n\n\t\t\t\t\t\t\t<\/div>\n\t\t<\/div>\n\t\t\t\t\t\t<\/div>\n\t\t\t\t<\/div>\n\t\t\t\t\t<\/div>\n\t\t<\/div>\n\t\t\t\t\t<\/div>\n\t\t<\/section>\n\t\t\t\t\t<\/div>\n\t\t<\/div>\n\t\t\t\t\t<\/div>\n\t\t<\/section>\n\t\t\t\t<section class=\"wd-negative-gap elementor-section elementor-top-section elementor-element elementor-element-20d0ebc Link_Buttons elementor-section-boxed elementor-section-height-default elementor-section-height-default\" data-id=\"20d0ebc\" data-element_type=\"section\" data-e-type=\"section\" data-settings=\"{&quot;background_background&quot;:&quot;classic&quot;}\">\n\t\t\t\t\t\t<div class=\"elementor-container elementor-column-gap-custom\">\n\t\t\t\t\t<div class=\"elementor-column elementor-col-25 elementor-top-column elementor-element elementor-element-74e5539\" data-id=\"74e5539\" data-element_type=\"column\" data-e-type=\"column\">\n\t\t\t<div class=\"elementor-widget-wrap elementor-element-populated\">\n\t\t\t\t\t\t<div class=\"elementor-element elementor-element-212252e elementor-view-framed elementor-shape-circle elementor-position-block-start elementor-mobile-position-block-start elementor-widget elementor-widget-icon-box\" data-id=\"212252e\" data-element_type=\"widget\" data-e-type=\"widget\" data-widget_type=\"icon-box.default\">\n\t\t\t\t\t\t\t<div class=\"elementor-icon-box-wrapper\">\n\n\t\t\t\t\t\t<div class=\"elementor-icon-box-icon\">\n\t\t\t\t<a href=\"https:\/\/enertik.com\/wp-content\/uploads\/sites\/4\/documentos\/manuales\/hgwp-6k-48pls-manual-ingles-original.pdf\" target=\"_blank\" class=\"elementor-icon\" tabindex=\"-1\">\n\t\t\t\t<svg aria-hidden=\"true\" class=\"e-font-icon-svg e-fas-book\" viewBox=\"0 0 448 512\" xmlns=\"http:\/\/www.w3.org\/2000\/svg\"><path d=\"M448 360V24c0-13.3-10.7-24-24-24H96C43 0 0 43 0 96v320c0 53 43 96 96 96h328c13.3 0 24-10.7 24-24v-16c0-7.5-3.5-14.3-8.9-18.7-4.2-15.4-4.2-59.3 0-74.7 5.4-4.3 8.9-11.1 8.9-18.6zM128 134c0-3.3 2.7-6 6-6h212c3.3 0 6 2.7 6 6v20c0 3.3-2.7 6-6 6H134c-3.3 0-6-2.7-6-6v-20zm0 64c0-3.3 2.7-6 6-6h212c3.3 0 6 2.7 6 6v20c0 3.3-2.7 6-6 6H134c-3.3 0-6-2.7-6-6v-20zm253.4 250H96c-17.7 0-32-14.3-32-32 0-17.6 14.4-32 32-32h285.4c-1.9 17.1-1.9 46.9 0 64z\"><\/path><\/svg>\t\t\t\t<\/a>\n\t\t\t<\/div>\n\t\t\t\n\t\t\t\t\t\t<div class=\"elementor-icon-box-content\">\n\n\t\t\t\t\n\t\t\t\t\t\t\t\t\t<p class=\"elementor-icon-box-description\">\n\t\t\t\t\t\tMANUAL\t\t\t\t\t<\/p>\n\t\t\t\t\n\t\t\t<\/div>\n\t\t\t\n\t\t<\/div>\n\t\t\t\t\t\t<\/div>\n\t\t\t\t\t<\/div>\n\t\t<\/div>\n\t\t\t\t<div class=\"elementor-column elementor-col-25 elementor-top-column elementor-element elementor-element-9c02db9\" data-id=\"9c02db9\" data-element_type=\"column\" data-e-type=\"column\">\n\t\t\t<div class=\"elementor-widget-wrap elementor-element-populated\">\n\t\t\t\t\t\t<div class=\"elementor-element elementor-element-c3211df elementor-view-framed elementor-shape-circle elementor-position-block-start elementor-mobile-position-block-start elementor-widget elementor-widget-icon-box\" data-id=\"c3211df\" data-element_type=\"widget\" data-e-type=\"widget\" data-widget_type=\"icon-box.default\">\n\t\t\t\t\t\t\t<div class=\"elementor-icon-box-wrapper\">\n\n\t\t\t\t\t\t<div class=\"elementor-icon-box-icon\">\n\t\t\t\t<a href=\"https:\/\/play.google.com\/store\/apps\/details?id=com.eybond.smartclient.energymate\" target=\"_blank\" class=\"elementor-icon\" tabindex=\"-1\" rel=\"noopener\">\n\t\t\t\t<svg aria-hidden=\"true\" class=\"e-font-icon-svg e-fab-google-play\" viewBox=\"0 0 512 512\" xmlns=\"http:\/\/www.w3.org\/2000\/svg\"><path d=\"M325.3 234.3L104.6 13l280.8 161.2-60.1 60.1zM47 0C34 6.8 25.3 19.2 25.3 35.3v441.3c0 16.1 8.7 28.5 21.7 35.3l256.6-256L47 0zm425.2 225.6l-58.9-34.1-65.7 64.5 65.7 64.5 60.1-34.1c18-14.3 18-46.5-1.2-60.8zM104.6 499l280.8-161.2-60.1-60.1L104.6 499z\"><\/path><\/svg>\t\t\t\t<\/a>\n\t\t\t<\/div>\n\t\t\t\n\t\t\t\t\t\t<div class=\"elementor-icon-box-content\">\n\n\t\t\t\t\n\t\t\t\t\t\t\t\t\t<p class=\"elementor-icon-box-description\">\n\t\t\t\t\t\tAPP ANDROID\t\t\t\t\t<\/p>\n\t\t\t\t\n\t\t\t<\/div>\n\t\t\t\n\t\t<\/div>\n\t\t\t\t\t\t<\/div>\n\t\t\t\t\t<\/div>\n\t\t<\/div>\n\t\t\t\t<div class=\"elementor-column elementor-col-25 elementor-top-column elementor-element elementor-element-dade6b5\" data-id=\"dade6b5\" data-element_type=\"column\" data-e-type=\"column\">\n\t\t\t<div class=\"elementor-widget-wrap elementor-element-populated\">\n\t\t\t\t\t\t<div class=\"elementor-element elementor-element-6cff1f6 elementor-view-framed elementor-shape-circle elementor-position-block-start elementor-mobile-position-block-start elementor-widget elementor-widget-icon-box\" data-id=\"6cff1f6\" data-element_type=\"widget\" data-e-type=\"widget\" data-widget_type=\"icon-box.default\">\n\t\t\t\t\t\t\t<div class=\"elementor-icon-box-wrapper\">\n\n\t\t\t\t\t\t<div class=\"elementor-icon-box-icon\">\n\t\t\t\t<a href=\"https:\/\/apps.apple.com\/app\/energy-mate\/id1672569936\" target=\"_blank\" class=\"elementor-icon\" tabindex=\"-1\" rel=\"noopener\">\n\t\t\t\t<svg aria-hidden=\"true\" class=\"e-font-icon-svg e-fab-app-store-ios\" viewBox=\"0 0 448 512\" xmlns=\"http:\/\/www.w3.org\/2000\/svg\"><path d=\"M400 32H48C21.5 32 0 53.5 0 80v352c0 26.5 21.5 48 48 48h352c26.5 0 48-21.5 48-48V80c0-26.5-21.5-48-48-48zM127 384.5c-5.5 9.6-17.8 12.8-27.3 7.3-9.6-5.5-12.8-17.8-7.3-27.3l14.3-24.7c16.1-4.9 29.3-1.1 39.6 11.4L127 384.5zm138.9-53.9H84c-11 0-20-9-20-20s9-20 20-20h51l65.4-113.2-20.5-35.4c-5.5-9.6-2.2-21.8 7.3-27.3 9.6-5.5 21.8-2.2 27.3 7.3l8.9 15.4 8.9-15.4c5.5-9.6 17.8-12.8 27.3-7.3 9.6 5.5 12.8 17.8 7.3 27.3l-85.8 148.6h62.1c20.2 0 31.5 23.7 22.7 40zm98.1 0h-29l19.6 33.9c5.5 9.6 2.2 21.8-7.3 27.3-9.6 5.5-21.8 2.2-27.3-7.3-32.9-56.9-57.5-99.7-74-128.1-16.7-29-4.8-58 7.1-67.8 13.1 22.7 32.7 56.7 58.9 102h52c11 0 20 9 20 20 0 11.1-9 20-20 20z\"><\/path><\/svg>\t\t\t\t<\/a>\n\t\t\t<\/div>\n\t\t\t\n\t\t\t\t\t\t<div class=\"elementor-icon-box-content\">\n\n\t\t\t\t\n\t\t\t\t\t\t\t\t\t<p class=\"elementor-icon-box-description\">\n\t\t\t\t\t\tAPP IOS\t\t\t\t\t<\/p>\n\t\t\t\t\n\t\t\t<\/div>\n\t\t\t\n\t\t<\/div>\n\t\t\t\t\t\t<\/div>\n\t\t\t\t\t<\/div>\n\t\t<\/div>\n\t\t\t\t<div class=\"elementor-column elementor-col-25 elementor-top-column elementor-element elementor-element-5ee86e5\" data-id=\"5ee86e5\" data-element_type=\"column\" data-e-type=\"column\">\n\t\t\t<div class=\"elementor-widget-wrap elementor-element-populated\">\n\t\t\t\t\t\t<div class=\"elementor-element elementor-element-d3d652c elementor-view-framed elementor-shape-circle elementor-position-block-start elementor-mobile-position-block-start elementor-widget elementor-widget-icon-box\" data-id=\"d3d652c\" data-element_type=\"widget\" data-e-type=\"widget\" data-widget_type=\"icon-box.default\">\n\t\t\t\t\t\t\t<div class=\"elementor-icon-box-wrapper\">\n\n\t\t\t\t\t\t<div class=\"elementor-icon-box-icon\">\n\t\t\t\t<a href=\"https:\/\/enertik.com\/wp-content\/uploads\/sites\/2\/documentos\/manuales\/energy-mate-app-user-manual-20230628.pdf\" target=\"_blank\" class=\"elementor-icon\" tabindex=\"-1\">\n\t\t\t\t<svg aria-hidden=\"true\" class=\"e-font-icon-svg e-fas-book\" viewBox=\"0 0 448 512\" xmlns=\"http:\/\/www.w3.org\/2000\/svg\"><path d=\"M448 360V24c0-13.3-10.7-24-24-24H96C43 0 0 43 0 96v320c0 53 43 96 96 96h328c13.3 0 24-10.7 24-24v-16c0-7.5-3.5-14.3-8.9-18.7-4.2-15.4-4.2-59.3 0-74.7 5.4-4.3 8.9-11.1 8.9-18.6zM128 134c0-3.3 2.7-6 6-6h212c3.3 0 6 2.7 6 6v20c0 3.3-2.7 6-6 6H134c-3.3 0-6-2.7-6-6v-20zm0 64c0-3.3 2.7-6 6-6h212c3.3 0 6 2.7 6 6v20c0 3.3-2.7 6-6 6H134c-3.3 0-6-2.7-6-6v-20zm253.4 250H96c-17.7 0-32-14.3-32-32 0-17.6 14.4-32 32-32h285.4c-1.9 17.1-1.9 46.9 0 64z\"><\/path><\/svg>\t\t\t\t<\/a>\n\t\t\t<\/div>\n\t\t\t\n\t\t\t\t\t\t<div class=\"elementor-icon-box-content\">\n\n\t\t\t\t\n\t\t\t\t\t\t\t\t\t<p class=\"elementor-icon-box-description\">\n\t\t\t\t\t\tMANUAL DE LA APP\t\t\t\t\t<\/p>\n\t\t\t\t\n\t\t\t<\/div>\n\t\t\t\n\t\t<\/div>\n\t\t\t\t\t\t<\/div>\n\t\t\t\t\t<\/div>\n\t\t<\/div>\n\t\t\t\t\t<\/div>\n\t\t<\/section>\n\t\t\t\t<\/div>\n\t\t","protected":false},"excerpt":{"rendered":"<p>Este inversor con conexi\u00f3n a red y backup es un equipo potente y vers\u00e1til. Con un grado de protecci\u00f3n IP65, resiste mejor ante distintos ambientes de uso. Siendo un equipo h\u00edbrido, admite distintos modos de trabajo con infinitas posibilidades de instalaci\u00f3n para satisfacer su necesidad particular: Acople con la red con inyecci\u00f3n de la energ\u00eda excedente, con o sin respaldo (almacenamiento) \u00a0\/ acople con la red sin inyecci\u00f3n (inyecci\u00f3n cero), con o sin respaldo (almacenamiento) \/ Off-Grid. El hecho de que casi todos los par\u00e1metros sean ajustables hace que se adapte bien a casi todos los entornos de uso. Gracias a las l\u00f3gicas y algoritmos avanzados , este inversor controla todos elementos que se encuentran en una instalaci\u00f3n de forma inteligente, resultando en un trabajo cooperativo perfecto y arm\u00f3nico entre la energ\u00eda fotovoltaica, la red el\u00e9ctrica y las bater\u00edas. En este caso cada uno de estos elementos sabe cu\u00e1ndo, c\u00f3mo, en qu\u00e9 magnitud y hacia d\u00f3nde dirigir la energ\u00eda . Tiene un controlador de carga solar potente de doble entrada MPPT 600V incorporado que acepta paneles hasta 7500W y un cargador h\u00edbrido de 120A. El m\u00f3dulo de monitoreo incorporado nos permite controlar y ver el estado de trabajo del inversor a distancia via WiFi.<\/p>\n","protected":false},"featured_media":26863,"comment_status":"open","ping_status":"closed","template":"","meta":{"_relevanssi_hide_post":"","_relevanssi_hide_content":"","_relevanssi_pin_for_all":"","_relevanssi_pin_keywords":"","_relevanssi_unpin_keywords":"","_relevanssi_related_keywords":"","_relevanssi_related_include_ids":"","_relevanssi_related_exclude_ids":"","_relevanssi_related_no_append":"","_relevanssi_related_not_related":"","_relevanssi_related_posts":"","_relevanssi_noindex_reason":"","inline_featured_image":false},"product_brand":[],"product_cat":[1694,1691],"product_tag":[1958],"class_list":{"0":"post-26862","1":"product","2":"type-product","3":"status-publish","4":"has-post-thumbnail","6":"product_cat-con-backup-hibrido","7":"product_cat-inversores-con-conexion-a-red","8":"product_tag-nuevos","9":"pa_gtin-4026","10":"pa_marca-enertik","11":"pa_mpn-hgwp-6k-48pls","12":"pa_potencia-6000w","13":"pa_serie-serie-hgwp","14":"pa_voltaje-48v","16":"first","17":"instock","18":"sale","19":"taxable","20":"shipping-taxable","21":"purchasable","22":"product-type-simple"},"bundled_by":[],"bundle_stock_status":"instock","bundle_stock_quantity":9,"bundle_virtual":false,"bundle_layout":"","bundle_add_to_cart_form_location":"","bundle_editable_in_cart":false,"bundle_sold_individually_context":"","bundle_item_grouping":"","bundle_min_size":"","bundle_max_size":"","bundle_price":[],"bundled_items":[],"bundle_sell_ids":[],"group_of_quantity":0,"min_quantity":0,"max_quantity":"","exclude_order_quantity_value_rules":"no","exclude_category_quantity_rules":"no","combine_variations":"no","exclude_global_add_ons":[],"addons":[],"_links":{"self":[{"href":"https:\/\/enertik.com\/mx\/wp-json\/wp\/v2\/product\/26862","targetHints":{"allow":["GET"]}}],"collection":[{"href":"https:\/\/enertik.com\/mx\/wp-json\/wp\/v2\/product"}],"about":[{"href":"https:\/\/enertik.com\/mx\/wp-json\/wp\/v2\/types\/product"}],"replies":[{"embeddable":true,"href":"https:\/\/enertik.com\/mx\/wp-json\/wp\/v2\/comments?post=26862"}],"version-history":[{"count":0,"href":"https:\/\/enertik.com\/mx\/wp-json\/wp\/v2\/product\/26862\/revisions"}],"wp:featuredmedia":[{"embeddable":true,"href":"https:\/\/enertik.com\/mx\/wp-json\/wp\/v2\/media\/26863"}],"wp:attachment":[{"href":"https:\/\/enertik.com\/mx\/wp-json\/wp\/v2\/media?parent=26862"}],"wp:term":[{"taxonomy":"product_brand","embeddable":true,"href":"https:\/\/enertik.com\/mx\/wp-json\/wp\/v2\/product_brand?post=26862"},{"taxonomy":"product_cat","embeddable":true,"href":"https:\/\/enertik.com\/mx\/wp-json\/wp\/v2\/product_cat?post=26862"},{"taxonomy":"product_tag","embeddable":true,"href":"https:\/\/enertik.com\/mx\/wp-json\/wp\/v2\/product_tag?post=26862"}],"curies":[{"name":"wp","href":"https:\/\/api.w.org\/{rel}","templated":true}]}}