{"id":16106,"date":"2023-04-11T06:35:52","date_gmt":"2023-04-11T12:35:52","guid":{"rendered":"https:\/\/test.enertik.com\/mx\/tienda\/sin%20categor\u00eda\/victron-skylla-ip65-12-703-120-240v\/"},"modified":"2026-02-17T23:56:13","modified_gmt":"2026-02-18T05:56:13","slug":"victron-skylla-ip65-12-703-120-240v","status":"publish","type":"product","link":"https:\/\/enertik.com\/mx\/tienda\/cargadores-de-baterias\/cargador-de-baterias-victron-skylla-ip65-12-703-120-240v\/","title":{"rendered":"Cargador de Bater\u00edas Victron &#8211; Skylla-IP65 12\/70(3) 120-240V"},"content":{"rendered":"\t\t<div data-elementor-type=\"product-post\" data-elementor-id=\"16106\" class=\"elementor elementor-16106\" data-elementor-post-type=\"product\">\n\t\t\t\t\t\t<section class=\"wd-negative-gap elementor-section elementor-top-section elementor-element elementor-element-877533e Product_Description elementor-section-boxed elementor-section-height-default elementor-section-height-default\" data-id=\"877533e\" data-element_type=\"section\" data-e-type=\"section\">\n\t\t\t\t\t\t<div class=\"elementor-container elementor-column-gap-default\">\n\t\t\t\t\t<div class=\"elementor-column elementor-col-100 elementor-top-column elementor-element elementor-element-6ace845\" data-id=\"6ace845\" data-element_type=\"column\" data-e-type=\"column\" data-settings=\"{&quot;background_background&quot;:&quot;classic&quot;}\">\n\t\t\t<div class=\"elementor-widget-wrap elementor-element-populated\">\n\t\t\t\t\t\t<section class=\"wd-negative-gap elementor-section elementor-inner-section elementor-element elementor-element-6d40ff0 elementor-section-boxed elementor-section-height-default elementor-section-height-default\" data-id=\"6d40ff0\" data-element_type=\"section\" data-e-type=\"section\">\n\t\t\t\t\t\t<div class=\"elementor-container elementor-column-gap-default\">\n\t\t\t\t\t<div class=\"elementor-column elementor-col-100 elementor-inner-column elementor-element elementor-element-2fd7245\" data-id=\"2fd7245\" data-element_type=\"column\" data-e-type=\"column\">\n\t\t\t<div class=\"elementor-widget-wrap elementor-element-populated\">\n\t\t\t\t\t\t<div class=\"elementor-element elementor-element-76c7786 elementor-widget elementor-widget-wd_tabs\" data-id=\"76c7786\" data-element_type=\"widget\" data-e-type=\"widget\" data-widget_type=\"wd_tabs.default\">\n\t\t\t\t<div class=\"elementor-widget-container\">\n\t\t\t\t\t\t\t<div class=\"wd-tabs tabs-design-default\">\n\t\t\t<div class=\"wd-tabs-header text-center\">\n\t\t\t\t\n\t\t\t\t\n\t\t\t\t<div class=\"wd-nav-wrapper wd-nav-tabs-wrapper wd-mb-action-swipe\">\n\t\t\t\t\t<ul class=\"wd-nav wd-nav-tabs wd-icon-pos-left wd-style-underline\">\n\t\t\t\t\t\t\t\t\t\t\t\t\t\n\t\t\t\t\t\t\t<li>\n\t\t\t\t\t\t\t\t<a href=\"#\" class=\"wd-nav-link\">\n\t\t\t\t\t\t\t\t\t\n\t\t\t\t\t\t\t\t\t<span class=\"nav-link-text wd-tabs-title\">\n\t\t\t\t\t\t\t\t\t\tDESCRIPCI\u00d3N\t\t\t\t\t\t\t\t\t<\/span>\n\t\t\t\t\t\t\t\t<\/a>\n\t\t\t\t\t\t\t<\/li>\n\n\t\t\t\t\t\t\t\t\t\t\t\t\t\n\t\t\t\t\t\t\t<li>\n\t\t\t\t\t\t\t\t<a href=\"#\" class=\"wd-nav-link\">\n\t\t\t\t\t\t\t\t\t\n\t\t\t\t\t\t\t\t\t<span class=\"nav-link-text wd-tabs-title\">\n\t\t\t\t\t\t\t\t\t\tESPECIFICACIONES\t\t\t\t\t\t\t\t\t<\/span>\n\t\t\t\t\t\t\t\t<\/a>\n\t\t\t\t\t\t\t<\/li>\n\n\t\t\t\t\t\t\t\t\t\t\t<\/ul>\n\t\t\t\t<\/div>\n\t\t\t<\/div>\n\n\t\t\t<div class=\"wd-tabs-content-wrapper\">\n\t\t\t\t\t\t\t\t\t\t\t\t\t\t\n\t\t\t\t\t<div class=\"wd-tab-content wd-entry-content\">\n\t\t\t\t\t\t\t\t\t\t\t\t\t<div >\n\t\t\t\t\t\t\t\t<h2>VENTAJAS<\/h2><ul class=\"ulMiddle\"><li>Tres salidas de corriente completas para cargar 3 bancadas de bater\u00edas<\/li><li>Pantalla LCD incorporada<\/li><li>Protecci\u00f3n IP65 :\u00a0Carcasa de acero revestida de epoxy y a prueba de salpicaduras que soporta calor, humedad y salitre en el aire.<\/li><li>Circuitos impresos protegidos con un revestimiento acr\u00edlico, apto para uso en condiciones severas<\/li><li>Se pueden conectar varios cargadores en paralelo y sincronizarlos<\/li><li>Algoritmo de carga avanzado de 7 fases con tiempo de absorci\u00f3n variable<\/li><li>El modo BatterySafe ayuda a prevenir el exceso de gaseado y alarga la vida \u00fatil de las bater\u00edas<\/li><li>El modo de almacenamiento se activa de forma autom\u00e1tica para evitar la estratificaci\u00f3n del electrolito y la sulfataci\u00f3n de las bater\u00edas<\/li><li>Compatible con bater\u00edas de iones de litio<\/li><li>La sonda de tensi\u00f3n de alta calidad monitorea la carga y ayuda a compensar la ca\u00edda de tensi\u00f3n debida a los cables<\/li><li>Puede utilizarse como una fuente de alimentaci\u00f3n estable<\/li><li>Compatible con SmartShunt, Monitor de bater\u00edas BMV-712 Smart y Skylla-i Control<\/li><\/ul><p>\u00a0<\/p><h2>PROTECCIONES DEL EQUIPO<\/h2><ul class=\"ulMiddle\"><li class=\"ulBgColor\">Cortocircuitos en salida<\/li><li>Polaridad inversa<\/li><li>Sobretensi\u00f3n<\/li><li class=\"ulBgColor\">Sobrecalentamiento<\/li><\/ul>\t\t\t\t\t\t\t<\/div>\n\t\t\t\t\t\t\t\t\t\t\t<\/div>\n\n\t\t\t\t\t\t\t\t\t\t\t\t\t\t\n\t\t\t\t\t<div class=\"wd-tab-content wd-entry-content\">\n\t\t\t\t\t\t\t\t\t\t\t\t\t<div >\n\t\t\t\t\t\t\t\t<table><tbody><tr class=\"tbBorderNone\"><td class=\"tbLeft\">Modelo<\/td><td>VICTRON SKY012070100<\/td><\/tr><tr><td class=\"tbTit\" colspan=\"2\">Entrada desde CA<\/td><\/tr><tr><td class=\"tbLeft\">Tensi\u00f3n de entrada<\/td><td>90-265 VCA<\/td><\/tr><tr><td class=\"tbLeft\">Frecuencia de entrada<\/td><td>45 \u2013 65 Hz<\/td><\/tr><tr><td class=\"tbLeft\">Corriente m\u00e1xima de entrada CA @ 100 VCA<\/td><td>10 A<\/td><\/tr><tr class=\"tbBorderNone\"><td class=\"tbLeft\">Factor de potencia<\/td><td>0.98<\/td><\/tr><tr><td class=\"tbTit\" colspan=\"2\">Carga de bater\u00edas<\/td><\/tr><tr><td class=\"tbLeft\">Tensi\u00f3n de carga de \u201cabsorci\u00f3n\u201d<\/td><td>14.4V<\/td><\/tr><tr><td class=\"tbLeft\">Tensi\u00f3n de carga de \u201cflotaci\u00f3n\u201d<\/td><td>13.8V\u00a0<\/td><\/tr><tr><td class=\"tbLeft\">Tensi\u00f3n de carga de \u201calmacenamiento\u201d<\/td><td>13.2V<\/td><\/tr><tr><td class=\"tbLeft\">Corriente de carga<\/td><td>3 x 70A\u00a0 (Salida total m\u00e1xima: 70A)<\/td><\/tr><tr><td class=\"tbLeft\">Algoritmo de la carga<\/td><td>Adaptativo en 7 fases<\/td><\/tr><tr><td class=\"tbLeft\">Algoritmo de la carga para bater\u00edas de litio<\/td><td>3 fases, con control On-Off o control CAN bus<\/td><\/tr><tr class=\"tbBorderNone\"><td class=\"tbLeft\">Capacidad bater\u00edas recomendada<\/td><td>350-700 Ah<\/td><\/tr><tr><td class=\"tbTit\" colspan=\"2\">Datos generales<\/td><\/tr><tr><td class=\"tbLeft\">Puede utilizarse como fuente de alimentaci\u00f3n<\/td><td>S\u00ed<\/td><\/tr><tr><td class=\"tbLeft\">Puerto On\/Off remoto<\/td><td>S\u00ed (puede conectarse a un BMS Li-Ion)<\/td><\/tr><tr><td class=\"tbLeft\">Puerto de comunicaci\u00f3n CAN bus (VE.Can)<\/td><td>Dos conectores RJ45, protocolo NMEA200, no aislados<\/td><\/tr><tr><td class=\"tbLeft\">Funcionamiento sincronizado en paralelo<\/td><td>S\u00ed, con VE.Can<\/td><\/tr><tr><td class=\"tbLeft\">Protecciones<\/td><td>Refrigeraci\u00f3n forzada<br \/>Sobretensi\u00f3n<br \/>Sobrecalentamiento<br \/>Inversi\u00f3n de la polaridad de la bater\u00eda (fusible)<br \/>Cortocircuito de salida<\/td><\/tr><tr><td class=\"tbLeft\">Rango de temp. de funcionamiento<\/td><td>-20 a 60 \u00b0C (potencia completa hasta los 40 \u00b0C)<\/td><\/tr><tr><td class=\"tbLeft\">Humedad (sin condensaci\u00f3n)<\/td><td>M\u00e1x. 95 %<\/td><\/tr><tr><td class=\"tbLeft\">Capacidad nominal CA<\/td><td>240 VCA\/4 A<\/td><\/tr><tr class=\"tbBorderNone\"><td class=\"tbLeft\">Capacidad nominal CC<\/td><td>4 A hasta 35 VCC, 1 A hasta 60 VCC<\/td><\/tr><tr><td class=\"tbTit\" colspan=\"2\">Carcasa<\/td><\/tr><tr><td class=\"tbLeft\">Material y Color<\/td><td>acero (azul R AL 5012)<\/td><\/tr><tr><td class=\"tbLeft\">Conexi\u00f3n a bater\u00eda<\/td><td>Pernos M6<\/td><\/tr><tr><td class=\"tbLeft\">Conexi\u00f3n CA 230 V<\/td><td>abrazadera de tornillo de 6mm2 ( AWG 10)<\/td><\/tr><tr><td class=\"tbLeft\">Grado de protecci\u00f3n IP<\/td><td>IP65<\/td><\/tr><tr><td class=\"tbLeft\">Peso<\/td><td>6kg<\/td><\/tr><tr class=\"tbBorderNone\"><td class=\"tbLeft\">Dimensiones (al x an x p, en mm)<\/td><td>401 x 265 x 151<\/td><\/tr><tr><td class=\"tbTit\" colspan=\"2\">Normativas<\/td><\/tr><tr><td class=\"tbLeft\">Seguridad<\/td><td>EN 60335-1, EN 60335-2-29<\/td><\/tr><tr><td class=\"tbLeft\">Emisiones<\/td><td>EN 55014-1, EN 61000-6-3, EN 61000-3-2<\/td><\/tr><tr><td class=\"tbLeft\">Inmunidad<\/td><td>EN 55014-2, EN 61000-6-1, EN 61000-6-2, EN 61000-3-3<\/td><\/tr><\/tbody><\/table>\t\t\t\t\t\t\t<\/div>\n\t\t\t\t\t\t\t\t\t\t\t<\/div>\n\n\t\t\t\t\t\t\t<\/div>\n\t\t<\/div>\n\t\t\t\t\t\t<\/div>\n\t\t\t\t<\/div>\n\t\t\t\t\t<\/div>\n\t\t<\/div>\n\t\t\t\t\t<\/div>\n\t\t<\/section>\n\t\t\t\t\t<\/div>\n\t\t<\/div>\n\t\t\t\t\t<\/div>\n\t\t<\/section>\n\t\t\t\t<section class=\"wd-negative-gap elementor-section elementor-top-section elementor-element elementor-element-c1dae3b Link_Buttons elementor-section-boxed elementor-section-height-default elementor-section-height-default\" data-id=\"c1dae3b\" data-element_type=\"section\" data-e-type=\"section\" data-settings=\"{&quot;background_background&quot;:&quot;classic&quot;}\">\n\t\t\t\t\t\t<div class=\"elementor-container elementor-column-gap-custom\">\n\t\t\t\t\t<div class=\"elementor-column elementor-col-50 elementor-top-column elementor-element elementor-element-f3bc92b\" data-id=\"f3bc92b\" data-element_type=\"column\" data-e-type=\"column\">\n\t\t\t<div class=\"elementor-widget-wrap elementor-element-populated\">\n\t\t\t\t\t\t<div class=\"elementor-element elementor-element-05f58a6 elementor-view-framed elementor-shape-circle elementor-position-block-start elementor-mobile-position-block-start elementor-widget elementor-widget-icon-box\" data-id=\"05f58a6\" data-element_type=\"widget\" data-e-type=\"widget\" data-widget_type=\"icon-box.default\">\n\t\t\t\t\t\t\t<div class=\"elementor-icon-box-wrapper\">\n\n\t\t\t\t\t\t<div class=\"elementor-icon-box-icon\">\n\t\t\t\t<a href=\"https:\/\/enertik.com\/wp-content\/uploads\/sites\/2\/documentos\/folletos\/datasheet-skylla-ip65-es.pdf\" target=\"_blank\" class=\"elementor-icon\" tabindex=\"-1\">\n\t\t\t\t<svg aria-hidden=\"true\" class=\"e-font-icon-svg e-fas-book-open\" viewBox=\"0 0 576 512\" xmlns=\"http:\/\/www.w3.org\/2000\/svg\"><path d=\"M542.22 32.05c-54.8 3.11-163.72 14.43-230.96 55.59-4.64 2.84-7.27 7.89-7.27 13.17v363.87c0 11.55 12.63 18.85 23.28 13.49 69.18-34.82 169.23-44.32 218.7-46.92 16.89-.89 30.02-14.43 30.02-30.66V62.75c.01-17.71-15.35-31.74-33.77-30.7zM264.73 87.64C197.5 46.48 88.58 35.17 33.78 32.05 15.36 31.01 0 45.04 0 62.75V400.6c0 16.24 13.13 29.78 30.02 30.66 49.49 2.6 149.59 12.11 218.77 46.95 10.62 5.35 23.21-1.94 23.21-13.46V100.63c0-5.29-2.62-10.14-7.27-12.99z\"><\/path><\/svg>\t\t\t\t<\/a>\n\t\t\t<\/div>\n\t\t\t\n\t\t\t\t\t\t<div class=\"elementor-icon-box-content\">\n\n\t\t\t\t\n\t\t\t\t\t\t\t\t\t<p class=\"elementor-icon-box-description\">\n\t\t\t\t\t\tFOLLETO\t\t\t\t\t<\/p>\n\t\t\t\t\n\t\t\t<\/div>\n\t\t\t\n\t\t<\/div>\n\t\t\t\t\t\t<\/div>\n\t\t\t\t\t<\/div>\n\t\t<\/div>\n\t\t\t\t<div class=\"elementor-column elementor-col-50 elementor-top-column elementor-element elementor-element-84b280e\" data-id=\"84b280e\" data-element_type=\"column\" data-e-type=\"column\">\n\t\t\t<div class=\"elementor-widget-wrap elementor-element-populated\">\n\t\t\t\t\t\t<div class=\"elementor-element elementor-element-3f51d97 elementor-view-framed elementor-shape-circle elementor-position-block-start elementor-mobile-position-block-start elementor-widget elementor-widget-icon-box\" data-id=\"3f51d97\" data-element_type=\"widget\" data-e-type=\"widget\" data-widget_type=\"icon-box.default\">\n\t\t\t\t\t\t\t<div class=\"elementor-icon-box-wrapper\">\n\n\t\t\t\t\t\t<div class=\"elementor-icon-box-icon\">\n\t\t\t\t<a href=\"https:\/\/enertik.com\/wp-content\/uploads\/sites\/2\/documentos\/manuales\/skylla-ip65-es.pdf\" target=\"_blank\" class=\"elementor-icon\" tabindex=\"-1\">\n\t\t\t\t<svg aria-hidden=\"true\" class=\"e-font-icon-svg e-fas-book\" viewBox=\"0 0 448 512\" xmlns=\"http:\/\/www.w3.org\/2000\/svg\"><path d=\"M448 360V24c0-13.3-10.7-24-24-24H96C43 0 0 43 0 96v320c0 53 43 96 96 96h328c13.3 0 24-10.7 24-24v-16c0-7.5-3.5-14.3-8.9-18.7-4.2-15.4-4.2-59.3 0-74.7 5.4-4.3 8.9-11.1 8.9-18.6zM128 134c0-3.3 2.7-6 6-6h212c3.3 0 6 2.7 6 6v20c0 3.3-2.7 6-6 6H134c-3.3 0-6-2.7-6-6v-20zm0 64c0-3.3 2.7-6 6-6h212c3.3 0 6 2.7 6 6v20c0 3.3-2.7 6-6 6H134c-3.3 0-6-2.7-6-6v-20zm253.4 250H96c-17.7 0-32-14.3-32-32 0-17.6 14.4-32 32-32h285.4c-1.9 17.1-1.9 46.9 0 64z\"><\/path><\/svg>\t\t\t\t<\/a>\n\t\t\t<\/div>\n\t\t\t\n\t\t\t\t\t\t<div class=\"elementor-icon-box-content\">\n\n\t\t\t\t\n\t\t\t\t\t\t\t\t\t<p class=\"elementor-icon-box-description\">\n\t\t\t\t\t\tMANUAL\t\t\t\t\t<\/p>\n\t\t\t\t\n\t\t\t<\/div>\n\t\t\t\n\t\t<\/div>\n\t\t\t\t\t\t<\/div>\n\t\t\t\t\t<\/div>\n\t\t<\/div>\n\t\t\t\t\t<\/div>\n\t\t<\/section>\n\t\t\t\t<section class=\"wd-negative-gap elementor-section elementor-top-section elementor-element elementor-element-d2d79ec mas_recursos elementor-section-boxed elementor-section-height-default elementor-section-height-default\" data-id=\"d2d79ec\" data-element_type=\"section\" data-e-type=\"section\">\n\t\t\t\t\t\t<div class=\"elementor-container elementor-column-gap-default\">\n\t\t\t\t\t<div class=\"elementor-column elementor-col-100 elementor-top-column elementor-element elementor-element-f3415d4\" data-id=\"f3415d4\" data-element_type=\"column\" data-e-type=\"column\">\n\t\t\t<div class=\"elementor-widget-wrap elementor-element-populated\">\n\t\t\t\t\t\t<div class=\"elementor-element elementor-element-a26ed50 elementor-widget elementor-widget-wd_text_block\" data-id=\"a26ed50\" data-element_type=\"widget\" data-e-type=\"widget\" data-widget_type=\"wd_text_block.default\">\n\t\t\t\t<div class=\"elementor-widget-container\">\n\t\t\t\t\t\t\t<div class=\"wd-text-block reset-last-child text-left\">\n\t\t\t\n\t\t\t<h2>\u00a0M\u00c1S INFORMACI\u00d3N\u00a0<\/h2>\n\t\t\t\t\t<\/div>\n\t\t\t\t\t\t<\/div>\n\t\t\t\t<\/div>\n\t\t\t\t<div class=\"elementor-element elementor-element-301aecc elementor-button-success elementor-align-left elementor-mobile-align-left elementor-widget elementor-widget-button\" data-id=\"301aecc\" data-element_type=\"widget\" data-e-type=\"widget\" data-widget_type=\"button.default\">\n\t\t\t\t\t\t\t\t\t\t<a class=\"elementor-button elementor-button-link elementor-size-xs elementor-animation-grow\" href=\"https:\/\/enertik.com\/wp-content\/uploads\/sites\/2\/documentos\/certificados\/iso9001-certificate-2021-en.pdf\" target=\"_blank\">\n\t\t\t\t\t\t<span class=\"elementor-button-content-wrapper\">\n\t\t\t\t\t\t<span class=\"elementor-button-icon\">\n\t\t\t\t<svg aria-hidden=\"true\" class=\"e-font-icon-svg e-fas-file-alt\" viewBox=\"0 0 384 512\" xmlns=\"http:\/\/www.w3.org\/2000\/svg\"><path d=\"M224 136V0H24C10.7 0 0 10.7 0 24v464c0 13.3 10.7 24 24 24h336c13.3 0 24-10.7 24-24V160H248c-13.2 0-24-10.8-24-24zm64 236c0 6.6-5.4 12-12 12H108c-6.6 0-12-5.4-12-12v-8c0-6.6 5.4-12 12-12h168c6.6 0 12 5.4 12 12v8zm0-64c0 6.6-5.4 12-12 12H108c-6.6 0-12-5.4-12-12v-8c0-6.6 5.4-12 12-12h168c6.6 0 12 5.4 12 12v8zm0-72v8c0 6.6-5.4 12-12 12H108c-6.6 0-12-5.4-12-12v-8c0-6.6 5.4-12 12-12h168c6.6 0 12 5.4 12 12zm96-114.1v6.1H256V0h6.1c6.4 0 12.5 2.5 17 7l97.9 98c4.5 4.5 7 10.6 7 16.9z\"><\/path><\/svg>\t\t\t<\/span>\n\t\t\t\t\t\t\t\t\t<span class=\"elementor-button-text\">Certificado ISO9001<\/span>\n\t\t\t\t\t<\/span>\n\t\t\t\t\t<\/a>\n\t\t\t\t\t\t\t\t<\/div>\n\t\t\t\t<div class=\"elementor-element elementor-element-7406dbc elementor-button-success elementor-align-left elementor-mobile-align-left elementor-widget elementor-widget-button\" data-id=\"7406dbc\" data-element_type=\"widget\" data-e-type=\"widget\" data-widget_type=\"button.default\">\n\t\t\t\t\t\t\t\t\t\t<a class=\"elementor-button elementor-button-link elementor-size-xs elementor-animation-grow\" href=\"https:\/\/enertik.com\/wp-content\/uploads\/sites\/2\/documentos\/certificados\/skylla-ip65-2022-07-04.pdf\" target=\"_blank\">\n\t\t\t\t\t\t<span class=\"elementor-button-content-wrapper\">\n\t\t\t\t\t\t<span class=\"elementor-button-icon\">\n\t\t\t\t<svg aria-hidden=\"true\" class=\"e-font-icon-svg e-fas-file-alt\" viewBox=\"0 0 384 512\" xmlns=\"http:\/\/www.w3.org\/2000\/svg\"><path d=\"M224 136V0H24C10.7 0 0 10.7 0 24v464c0 13.3 10.7 24 24 24h336c13.3 0 24-10.7 24-24V160H248c-13.2 0-24-10.8-24-24zm64 236c0 6.6-5.4 12-12 12H108c-6.6 0-12-5.4-12-12v-8c0-6.6 5.4-12 12-12h168c6.6 0 12 5.4 12 12v8zm0-64c0 6.6-5.4 12-12 12H108c-6.6 0-12-5.4-12-12v-8c0-6.6 5.4-12 12-12h168c6.6 0 12 5.4 12 12v8zm0-72v8c0 6.6-5.4 12-12 12H108c-6.6 0-12-5.4-12-12v-8c0-6.6 5.4-12 12-12h168c6.6 0 12 5.4 12 12zm96-114.1v6.1H256V0h6.1c6.4 0 12.5 2.5 17 7l97.9 98c4.5 4.5 7 10.6 7 16.9z\"><\/path><\/svg>\t\t\t<\/span>\n\t\t\t\t\t\t\t\t\t<span class=\"elementor-button-text\">Declaraci\u00f3n de Conformidad CE<\/span>\n\t\t\t\t\t<\/span>\n\t\t\t\t\t<\/a>\n\t\t\t\t\t\t\t\t<\/div>\n\t\t\t\t\t<\/div>\n\t\t<\/div>\n\t\t\t\t\t<\/div>\n\t\t<\/section>\n\t\t\t\t<\/div>\n\t\t","protected":false},"excerpt":{"rendered":"<p>Modelo : 12V \/ 70A \/ 3 Salidas completas<br \/>\nUn cargador de bater\u00edas potente, resistente al agua e inteligente con una algoritmo de carga adaptativa de siete etapas, adecuado para una gran variedad de tipos y composiciones qu\u00edmicas de bater\u00edas y con un algoritmo de carga exclusivo para ion litio.La tensi\u00f3n de entrada universal de amplio rango proporciona flexibilidad a la instalaci\u00f3n, el cargador mantendr\u00e1 toda su potencia de salida en cualquier lugar del mundo.Gracias a la clasificaci\u00f3n IP65, este cargador es especialmente adecuado para aplicaciones marinas, m\u00f3viles e industriales y puede soportar condiciones ambientales adversas: calor, humedad y salinidad del aire.<\/p>\n","protected":false},"featured_media":16420,"comment_status":"open","ping_status":"closed","template":"","meta":{"_relevanssi_hide_post":"","_relevanssi_hide_content":"","_relevanssi_pin_for_all":"","_relevanssi_pin_keywords":"","_relevanssi_unpin_keywords":"","_relevanssi_related_keywords":"","_relevanssi_related_include_ids":"","_relevanssi_related_exclude_ids":"","_relevanssi_related_no_append":"","_relevanssi_related_not_related":"","_relevanssi_related_posts":"","_relevanssi_noindex_reason":"","inline_featured_image":false},"product_brand":[],"product_cat":[1740],"product_tag":[],"class_list":{"0":"post-16106","1":"product","2":"type-product","3":"status-publish","4":"has-post-thumbnail","6":"product_cat-cargadores-de-baterias","7":"pa_corriente-70a","8":"pa_gtin-2039","9":"pa_marca-victron-energy","10":"pa_mpn-sky012070100","11":"pa_serie-serie-skylla-ip65","12":"pa_voltaje-12v","14":"first","15":"instock","16":"taxable","17":"shipping-taxable","18":"purchasable","19":"product-type-simple"},"bundled_by":[],"bundle_stock_status":"instock","bundle_stock_quantity":1,"bundle_virtual":false,"bundle_layout":"","bundle_add_to_cart_form_location":"","bundle_editable_in_cart":false,"bundle_sold_individually_context":"","bundle_item_grouping":"","bundle_min_size":"","bundle_max_size":"","bundle_price":[],"bundled_items":[],"bundle_sell_ids":[],"group_of_quantity":0,"min_quantity":0,"max_quantity":"","exclude_order_quantity_value_rules":"no","exclude_category_quantity_rules":"no","combine_variations":"no","exclude_global_add_ons":[],"addons":[],"_links":{"self":[{"href":"https:\/\/enertik.com\/mx\/wp-json\/wp\/v2\/product\/16106","targetHints":{"allow":["GET"]}}],"collection":[{"href":"https:\/\/enertik.com\/mx\/wp-json\/wp\/v2\/product"}],"about":[{"href":"https:\/\/enertik.com\/mx\/wp-json\/wp\/v2\/types\/product"}],"replies":[{"embeddable":true,"href":"https:\/\/enertik.com\/mx\/wp-json\/wp\/v2\/comments?post=16106"}],"version-history":[{"count":0,"href":"https:\/\/enertik.com\/mx\/wp-json\/wp\/v2\/product\/16106\/revisions"}],"wp:featuredmedia":[{"embeddable":true,"href":"https:\/\/enertik.com\/mx\/wp-json\/wp\/v2\/media\/16420"}],"wp:attachment":[{"href":"https:\/\/enertik.com\/mx\/wp-json\/wp\/v2\/media?parent=16106"}],"wp:term":[{"taxonomy":"product_brand","embeddable":true,"href":"https:\/\/enertik.com\/mx\/wp-json\/wp\/v2\/product_brand?post=16106"},{"taxonomy":"product_cat","embeddable":true,"href":"https:\/\/enertik.com\/mx\/wp-json\/wp\/v2\/product_cat?post=16106"},{"taxonomy":"product_tag","embeddable":true,"href":"https:\/\/enertik.com\/mx\/wp-json\/wp\/v2\/product_tag?post=16106"}],"curies":[{"name":"wp","href":"https:\/\/api.w.org\/{rel}","templated":true}]}}