{"id":16104,"date":"2023-04-11T06:35:52","date_gmt":"2023-04-11T12:35:52","guid":{"rendered":"https:\/\/test.enertik.com\/mx\/tienda\/sin%20categor\u00eda\/victron-phoenix-charger-24-25-21-120-240v\/"},"modified":"2026-02-17T23:56:21","modified_gmt":"2026-02-18T05:56:21","slug":"victron-phoenix-charger-24-25-21-120-240v","status":"publish","type":"product","link":"https:\/\/enertik.com\/mx\/tienda\/cargadores-de-baterias\/victron-phoenix-charger-24-25-21-120-240v\/","title":{"rendered":"Cargador de Bater\u00edas Victron &#8211;  Phoenix Charger 24\/25 (2+1) 120-240V"},"content":{"rendered":"\t\t<div data-elementor-type=\"product-post\" data-elementor-id=\"16104\" class=\"elementor elementor-16104\" data-elementor-post-type=\"product\">\n\t\t\t\t\t\t<section class=\"wd-negative-gap elementor-section elementor-top-section elementor-element elementor-element-37575bb Product_Description elementor-section-boxed elementor-section-height-default elementor-section-height-default\" data-id=\"37575bb\" data-element_type=\"section\" data-e-type=\"section\">\n\t\t\t\t\t\t<div class=\"elementor-container elementor-column-gap-default\">\n\t\t\t\t\t<div class=\"elementor-column elementor-col-100 elementor-top-column elementor-element elementor-element-8f98d20\" data-id=\"8f98d20\" data-element_type=\"column\" data-e-type=\"column\" data-settings=\"{&quot;background_background&quot;:&quot;classic&quot;}\">\n\t\t\t<div class=\"elementor-widget-wrap elementor-element-populated\">\n\t\t\t\t\t\t<section class=\"wd-negative-gap elementor-section elementor-inner-section elementor-element elementor-element-242edd3 elementor-section-boxed elementor-section-height-default elementor-section-height-default\" data-id=\"242edd3\" data-element_type=\"section\" data-e-type=\"section\">\n\t\t\t\t\t\t<div class=\"elementor-container elementor-column-gap-default\">\n\t\t\t\t\t<div class=\"elementor-column elementor-col-100 elementor-inner-column elementor-element elementor-element-09455d4\" data-id=\"09455d4\" data-element_type=\"column\" data-e-type=\"column\">\n\t\t\t<div class=\"elementor-widget-wrap elementor-element-populated\">\n\t\t\t\t\t\t<div class=\"elementor-element elementor-element-595c80e elementor-widget elementor-widget-wd_tabs\" data-id=\"595c80e\" data-element_type=\"widget\" data-e-type=\"widget\" data-widget_type=\"wd_tabs.default\">\n\t\t\t\t<div class=\"elementor-widget-container\">\n\t\t\t\t\t\t\t<div class=\"wd-tabs tabs-design-default\">\n\t\t\t<div class=\"wd-tabs-header text-center\">\n\t\t\t\t\n\t\t\t\t\n\t\t\t\t<div class=\"wd-nav-wrapper wd-nav-tabs-wrapper wd-mb-action-swipe\">\n\t\t\t\t\t<ul class=\"wd-nav wd-nav-tabs wd-icon-pos-left wd-style-underline\">\n\t\t\t\t\t\t\t\t\t\t\t\t\t\n\t\t\t\t\t\t\t<li>\n\t\t\t\t\t\t\t\t<a href=\"#\" class=\"wd-nav-link\">\n\t\t\t\t\t\t\t\t\t\n\t\t\t\t\t\t\t\t\t<span class=\"nav-link-text wd-tabs-title\">\n\t\t\t\t\t\t\t\t\t\tDESCRIPCI\u00d3N\t\t\t\t\t\t\t\t\t<\/span>\n\t\t\t\t\t\t\t\t<\/a>\n\t\t\t\t\t\t\t<\/li>\n\n\t\t\t\t\t\t\t\t\t\t\t\t\t\n\t\t\t\t\t\t\t<li>\n\t\t\t\t\t\t\t\t<a href=\"#\" class=\"wd-nav-link\">\n\t\t\t\t\t\t\t\t\t\n\t\t\t\t\t\t\t\t\t<span class=\"nav-link-text wd-tabs-title\">\n\t\t\t\t\t\t\t\t\t\tESPECIFICACIONES\t\t\t\t\t\t\t\t\t<\/span>\n\t\t\t\t\t\t\t\t<\/a>\n\t\t\t\t\t\t\t<\/li>\n\n\t\t\t\t\t\t\t\t\t\t\t<\/ul>\n\t\t\t\t<\/div>\n\t\t\t<\/div>\n\n\t\t\t<div class=\"wd-tabs-content-wrapper\">\n\t\t\t\t\t\t\t\t\t\t\t\t\t\t\n\t\t\t\t\t<div class=\"wd-tab-content wd-entry-content\">\n\t\t\t\t\t\t\t\t\t\t\t\t\t<div >\n\t\t\t\t\t\t\t\t<h2>VENTAJAS<\/h2><ul class=\"ulMiddle\"><li>Tres salidas: Dos principales + Una auxiliar de 4A.<\/li><li>Rango de entrada amplio y vers\u00e1til (tambi\u00e9n acepta fuente de corriente continua) : 90-265V CA y 90-400VCC<\/li><li>Comforme con la normativa de resistencia a la vibraci\u00f3n IEC68-2-6:10-150Hz\/1.0G<\/li><li>Utilizable como fuente de alimentaci\u00f3n<\/li><li>Controla el\u00a0tiempo de absorci\u00f3n variable para adaptar a bater\u00edas vac\u00edas y bater\u00edas que descarga poco (e.g. cuando el yate est\u00e1 conectado a la red)<\/li><li>Controla de forma autom\u00e1tica el ritmo de incremento de tensi\u00f3n para evitar da\u00f1os por gaseado<\/li><li>El modo Storage (almacenamiento) que se activa de forma autom\u00e1tica\u00a0reduce el gaseado y la corrosi\u00f3n de las placas positivas y ayuda a prolongar la vida de las bater\u00edas<\/li><li class=\"ulBgColor\">Compensaci\u00f3n de temperatura autom\u00e1tica<\/li><li>Monitoreo y configuraci\u00f3n a trav\u00e9s de PC\u00a0(Puerto de RS-485 \u2013 Cable\u00a0MK2-USB \u2013 PC- Sofware VEConfigure)<\/li><li>Compatible con monitor de bater\u00edas Victron BMV-700 y panel Phoenix Charger Control \/ Battery Alarm<\/li><\/ul><p>\u00a0<\/p><h2>PROTECCIONES DEL EQUIPO<\/h2><ul class=\"ulMiddle\"><li class=\"ulBgColor\">Cortocircuitos en salida<\/li><li>Polaridad inversa<\/li><li>Sobretensi\u00f3n<\/li><li class=\"ulBgColor\">Sobrecalentamiento<\/li><\/ul>\t\t\t\t\t\t\t<\/div>\n\t\t\t\t\t\t\t\t\t\t\t<\/div>\n\n\t\t\t\t\t\t\t\t\t\t\t\t\t\t\n\t\t\t\t\t<div class=\"wd-tab-content wd-entry-content\">\n\t\t\t\t\t\t\t\t\t\t\t\t\t<div >\n\t\t\t\t\t\t\t\t<table>\n<tbody>\n<tr class=\"tbBorderNone\">\n<td class=\"tbLeft\">Modelo<\/td>\n<td>VICTRON PCH024025001<\/td>\n<\/tr>\n<tr>\n<td colspan=\"2\" class=\"tbTit\">Entrada desde CA<\/td>\n<\/tr>\n<tr>\n<td class=\"tbLeft\">Tensi\u00f3n de entrada<\/td>\n<td>90-265 VCA<\/td>\n<\/tr>\n<tr>\n<td class=\"tbLeft\">Frecuencia de entrada<\/td>\n<td>45 \u2013 65 Hz<\/td>\n<\/tr>\n<tr class=\"tbBorderNone\">\n<td class=\"tbLeft\">Factor de potencia<\/td>\n<td>1<\/td>\n<\/tr>\n<tr>\n<td class=\"tbTit\" colspan=\"2\">Entrada desde CC<\/td>\n<\/tr>\n<tr class=\"tbBorderNone\">\n<td class=\"tbLeft\">Tensi\u00f3n de entrada<\/td>\n<td>90-400 VCC<\/td>\n<\/tr>\n<tr>\n<td class=\"tbTit\" colspan=\"2\">Carga de bater\u00edas<\/td>\n<\/tr>\n<tr>\n<td class=\"tbLeft\">Tensi\u00f3n de carga de \u201cabsorci\u00f3n\u201d<\/td>\n<td>28.8V<\/td>\n<\/tr>\n<tr>\n<td class=\"tbLeft\">Tensi\u00f3n de carga de \u201cflotaci\u00f3n\u201d<\/td>\n<td>27.6V<\/td>\n<\/tr>\n<tr>\n<td class=\"tbLeft\">Tensi\u00f3n de carga de \u201calmacenamiento\u201d<\/td>\n<td>26.4V<\/td>\n<\/tr>\n<tr>\n<td class=\"tbLeft\">Corriente de salidas principales (a temperatura ambiental de 40\u00b0C)<\/td>\n<td>25A<\/td>\n<\/tr>\n<tr>\n<td class=\"tbLeft\">Corriente salida auxiliar<\/td>\n<td>4A<\/td>\n<\/tr>\n<tr>\n<td class=\"tbLeft\">Algoritmo de la carga<\/td>\n<td>4 etapas autoadaptable, totalmente configurable<\/td>\n<\/tr>\n<tr class=\"tbBorderNone\">\n<td class=\"tbLeft\">Capacidad bater\u00edas recomendada<\/td>\n<td>100-400Ah<\/td>\n<\/tr>\n<tr>\n<td class=\"tbTit\" colspan=\"2\">Datos generales<\/td>\n<\/tr>\n<tr>\n<td class=\"tbLeft\">Sensores<\/td>\n<td>Temperatura, Voltaje<\/td>\n<\/tr>\n<tr>\n<td class=\"tbLeft\">Utilizable como fuente alimentaci\u00f3n<\/td>\n<td>S\u00ed<\/td>\n<\/tr>\n<tr>\n<td class=\"tbLeft\">Protecciones<\/td>\n<td>Ventilaci\u00f3n forzada autorregulada\nCortocircuitos en salida\nPolaridad inversa\nSobretensi\u00f3n\nSobrecalentamiento<\/td>\n<\/tr>\n<tr>\n<td class=\"tbLeft\">Rango de temp. de funcionamiento<\/td>\n<td>De -20 a 60\u00b0C<\/td>\n<\/tr>\n<tr class=\"tbBorderNone\">\n<td class=\"tbLeft\">Humedad (sin condensaci\u00f3n)<\/td>\n<td>M\u00e1x. 95 %<\/td>\n<\/tr>\n<tr>\n<td class=\"tbTit\" colspan=\"2\">Carcasa<\/td>\n<\/tr>\n<tr>\n<td class=\"tbLeft\">Material y Color<\/td>\n<td>aluminio (azul RAL 5012)<\/td>\n<\/tr>\n<tr>\n<td class=\"tbLeft\">Conexi\u00f3n a bater\u00eda<\/td>\n<td>Pernos M6<\/td>\n<\/tr>\n<tr>\n<td class=\"tbLeft\">Conexi\u00f3n CA 230 V<\/td>\n<td>Abrazaderas 4 mm2 (AWG 6)<\/td>\n<\/tr>\n<tr>\n<td class=\"tbLeft\">Grado de protecci\u00f3n IP<\/td>\n<td>IP21<\/td>\n<\/tr>\n<tr>\n<td class=\"tbLeft\">Peso<\/td>\n<td>3.8kg<\/td>\n<\/tr>\n<tr class=\"tbBorderNone\">\n<td class=\"tbLeft\">Dimensiones (al x an x p, en mm)<\/td>\n<td>350 x 200 x 108<\/td>\n<\/tr>\n<tr>\n<td class=\"tbTit\" colspan=\"2\">Normativas<\/td>\n<\/tr>\n<tr>\n<td class=\"tbLeft\">Seguridad<\/td>\n<td>EN 60335-1, EN 60335-2-29<\/td>\n<\/tr>\n<tr>\n<td class=\"tbLeft\">Emisiones<\/td>\n<td>EN 55014-1, EN 61000-3-2,<\/td>\n<\/tr>\n<tr>\n<td class=\"tbLeft\">Inmunidad<\/td>\n<td>EN 55014-2, EN 61000-3-3<\/td>\n<\/tr>\n<tr>\n<td class=\"tbLeft\">Vibraci\u00f3n<\/td>\n<td>IEC68-2-6:10-150Hz\/1.0G<\/td>\n<\/tr>\n<\/tbody>\n<\/table>\t\t\t\t\t\t\t<\/div>\n\t\t\t\t\t\t\t\t\t\t\t<\/div>\n\n\t\t\t\t\t\t\t<\/div>\n\t\t<\/div>\n\t\t\t\t\t\t<\/div>\n\t\t\t\t<\/div>\n\t\t\t\t\t<\/div>\n\t\t<\/div>\n\t\t\t\t\t<\/div>\n\t\t<\/section>\n\t\t\t\t\t<\/div>\n\t\t<\/div>\n\t\t\t\t\t<\/div>\n\t\t<\/section>\n\t\t\t\t<section class=\"wd-negative-gap elementor-section elementor-top-section elementor-element elementor-element-bc70788 Link_Buttons elementor-section-boxed elementor-section-height-default elementor-section-height-default\" data-id=\"bc70788\" data-element_type=\"section\" data-e-type=\"section\" data-settings=\"{&quot;background_background&quot;:&quot;classic&quot;}\">\n\t\t\t\t\t\t<div class=\"elementor-container elementor-column-gap-custom\">\n\t\t\t\t\t<div class=\"elementor-column elementor-col-50 elementor-top-column elementor-element elementor-element-efce41e\" data-id=\"efce41e\" data-element_type=\"column\" data-e-type=\"column\">\n\t\t\t<div class=\"elementor-widget-wrap elementor-element-populated\">\n\t\t\t\t\t\t<div class=\"elementor-element elementor-element-f9a9095 elementor-view-framed elementor-shape-circle elementor-position-block-start elementor-mobile-position-block-start elementor-widget elementor-widget-icon-box\" data-id=\"f9a9095\" data-element_type=\"widget\" data-e-type=\"widget\" data-widget_type=\"icon-box.default\">\n\t\t\t\t\t\t\t<div class=\"elementor-icon-box-wrapper\">\n\n\t\t\t\t\t\t<div class=\"elementor-icon-box-icon\">\n\t\t\t\t<a href=\"https:\/\/enertik.com\/wp-content\/uploads\/sites\/2\/documentos\/folletos\/datasheet-phoenix-battery-charger-es.pdf\" target=\"_blank\" class=\"elementor-icon\" tabindex=\"-1\">\n\t\t\t\t<svg aria-hidden=\"true\" class=\"e-font-icon-svg e-fas-book-open\" viewBox=\"0 0 576 512\" xmlns=\"http:\/\/www.w3.org\/2000\/svg\"><path d=\"M542.22 32.05c-54.8 3.11-163.72 14.43-230.96 55.59-4.64 2.84-7.27 7.89-7.27 13.17v363.87c0 11.55 12.63 18.85 23.28 13.49 69.18-34.82 169.23-44.32 218.7-46.92 16.89-.89 30.02-14.43 30.02-30.66V62.75c.01-17.71-15.35-31.74-33.77-30.7zM264.73 87.64C197.5 46.48 88.58 35.17 33.78 32.05 15.36 31.01 0 45.04 0 62.75V400.6c0 16.24 13.13 29.78 30.02 30.66 49.49 2.6 149.59 12.11 218.77 46.95 10.62 5.35 23.21-1.94 23.21-13.46V100.63c0-5.29-2.62-10.14-7.27-12.99z\"><\/path><\/svg>\t\t\t\t<\/a>\n\t\t\t<\/div>\n\t\t\t\n\t\t\t\t\t\t<div class=\"elementor-icon-box-content\">\n\n\t\t\t\t\n\t\t\t\t\t\t\t\t\t<p class=\"elementor-icon-box-description\">\n\t\t\t\t\t\tFOLLETO\t\t\t\t\t<\/p>\n\t\t\t\t\n\t\t\t<\/div>\n\t\t\t\n\t\t<\/div>\n\t\t\t\t\t\t<\/div>\n\t\t\t\t\t<\/div>\n\t\t<\/div>\n\t\t\t\t<div class=\"elementor-column elementor-col-50 elementor-top-column elementor-element elementor-element-2cb17a7\" data-id=\"2cb17a7\" data-element_type=\"column\" data-e-type=\"column\">\n\t\t\t<div class=\"elementor-widget-wrap elementor-element-populated\">\n\t\t\t\t\t\t<div class=\"elementor-element elementor-element-7a54ff5 elementor-view-framed elementor-shape-circle elementor-position-block-start elementor-mobile-position-block-start elementor-widget elementor-widget-icon-box\" data-id=\"7a54ff5\" data-element_type=\"widget\" data-e-type=\"widget\" data-widget_type=\"icon-box.default\">\n\t\t\t\t\t\t\t<div class=\"elementor-icon-box-wrapper\">\n\n\t\t\t\t\t\t<div class=\"elementor-icon-box-icon\">\n\t\t\t\t<a href=\"https:\/\/enertik.com\/wp-content\/uploads\/sites\/2\/documentos\/manuales\/phoenix-charger.pdf\" target=\"_blank\" class=\"elementor-icon\" tabindex=\"-1\">\n\t\t\t\t<svg aria-hidden=\"true\" class=\"e-font-icon-svg e-fas-book\" viewBox=\"0 0 448 512\" xmlns=\"http:\/\/www.w3.org\/2000\/svg\"><path d=\"M448 360V24c0-13.3-10.7-24-24-24H96C43 0 0 43 0 96v320c0 53 43 96 96 96h328c13.3 0 24-10.7 24-24v-16c0-7.5-3.5-14.3-8.9-18.7-4.2-15.4-4.2-59.3 0-74.7 5.4-4.3 8.9-11.1 8.9-18.6zM128 134c0-3.3 2.7-6 6-6h212c3.3 0 6 2.7 6 6v20c0 3.3-2.7 6-6 6H134c-3.3 0-6-2.7-6-6v-20zm0 64c0-3.3 2.7-6 6-6h212c3.3 0 6 2.7 6 6v20c0 3.3-2.7 6-6 6H134c-3.3 0-6-2.7-6-6v-20zm253.4 250H96c-17.7 0-32-14.3-32-32 0-17.6 14.4-32 32-32h285.4c-1.9 17.1-1.9 46.9 0 64z\"><\/path><\/svg>\t\t\t\t<\/a>\n\t\t\t<\/div>\n\t\t\t\n\t\t\t\t\t\t<div class=\"elementor-icon-box-content\">\n\n\t\t\t\t\n\t\t\t\t\t\t\t\t\t<p class=\"elementor-icon-box-description\">\n\t\t\t\t\t\tMANUAL\t\t\t\t\t<\/p>\n\t\t\t\t\n\t\t\t<\/div>\n\t\t\t\n\t\t<\/div>\n\t\t\t\t\t\t<\/div>\n\t\t\t\t\t<\/div>\n\t\t<\/div>\n\t\t\t\t\t<\/div>\n\t\t<\/section>\n\t\t\t\t<section class=\"wd-negative-gap elementor-section elementor-top-section elementor-element elementor-element-5fc395f mas_recursos elementor-section-boxed elementor-section-height-default elementor-section-height-default\" data-id=\"5fc395f\" data-element_type=\"section\" data-e-type=\"section\">\n\t\t\t\t\t\t<div class=\"elementor-container elementor-column-gap-default\">\n\t\t\t\t\t<div class=\"elementor-column elementor-col-100 elementor-top-column elementor-element elementor-element-f9e2ea6\" data-id=\"f9e2ea6\" data-element_type=\"column\" data-e-type=\"column\">\n\t\t\t<div class=\"elementor-widget-wrap elementor-element-populated\">\n\t\t\t\t\t\t<div class=\"elementor-element elementor-element-9962907 elementor-widget elementor-widget-wd_text_block\" data-id=\"9962907\" data-element_type=\"widget\" data-e-type=\"widget\" data-widget_type=\"wd_text_block.default\">\n\t\t\t\t<div class=\"elementor-widget-container\">\n\t\t\t\t\t\t\t<div class=\"wd-text-block reset-last-child text-left\">\n\t\t\t\n\t\t\t<h2>\u00a0M\u00c1S INFORMACI\u00d3N\u00a0<\/h2>\n\t\t\t\t\t<\/div>\n\t\t\t\t\t\t<\/div>\n\t\t\t\t<\/div>\n\t\t\t\t<div class=\"elementor-element elementor-element-cb882f5 elementor-button-success elementor-align-left elementor-mobile-align-left elementor-widget elementor-widget-button\" data-id=\"cb882f5\" data-element_type=\"widget\" data-e-type=\"widget\" data-widget_type=\"button.default\">\n\t\t\t\t\t\t\t\t\t\t<a class=\"elementor-button elementor-button-link elementor-size-xs elementor-animation-grow\" href=\"https:\/\/enertik.com\/wp-content\/uploads\/sites\/2\/documentos\/certificados\/iso9001-certificate-2021-en.pdf\" target=\"_blank\">\n\t\t\t\t\t\t<span class=\"elementor-button-content-wrapper\">\n\t\t\t\t\t\t<span class=\"elementor-button-icon\">\n\t\t\t\t<svg aria-hidden=\"true\" class=\"e-font-icon-svg e-fas-file-alt\" viewBox=\"0 0 384 512\" xmlns=\"http:\/\/www.w3.org\/2000\/svg\"><path d=\"M224 136V0H24C10.7 0 0 10.7 0 24v464c0 13.3 10.7 24 24 24h336c13.3 0 24-10.7 24-24V160H248c-13.2 0-24-10.8-24-24zm64 236c0 6.6-5.4 12-12 12H108c-6.6 0-12-5.4-12-12v-8c0-6.6 5.4-12 12-12h168c6.6 0 12 5.4 12 12v8zm0-64c0 6.6-5.4 12-12 12H108c-6.6 0-12-5.4-12-12v-8c0-6.6 5.4-12 12-12h168c6.6 0 12 5.4 12 12v8zm0-72v8c0 6.6-5.4 12-12 12H108c-6.6 0-12-5.4-12-12v-8c0-6.6 5.4-12 12-12h168c6.6 0 12 5.4 12 12zm96-114.1v6.1H256V0h6.1c6.4 0 12.5 2.5 17 7l97.9 98c4.5 4.5 7 10.6 7 16.9z\"><\/path><\/svg>\t\t\t<\/span>\n\t\t\t\t\t\t\t\t\t<span class=\"elementor-button-text\">Certificado ISO9001<\/span>\n\t\t\t\t\t<\/span>\n\t\t\t\t\t<\/a>\n\t\t\t\t\t\t\t\t<\/div>\n\t\t\t\t<div class=\"elementor-element elementor-element-82cdd1a elementor-button-success elementor-align-left elementor-mobile-align-left elementor-widget elementor-widget-button\" data-id=\"82cdd1a\" data-element_type=\"widget\" data-e-type=\"widget\" data-widget_type=\"button.default\">\n\t\t\t\t\t\t\t\t\t\t<a class=\"elementor-button elementor-button-link elementor-size-xs elementor-animation-grow\" href=\"https:\/\/enertik.com\/wp-content\/uploads\/sites\/2\/documentos\/certificados\/phoenix-chargers-2022-07-04.pdf\" target=\"_blank\">\n\t\t\t\t\t\t<span class=\"elementor-button-content-wrapper\">\n\t\t\t\t\t\t<span class=\"elementor-button-icon\">\n\t\t\t\t<svg aria-hidden=\"true\" class=\"e-font-icon-svg e-fas-file-alt\" viewBox=\"0 0 384 512\" xmlns=\"http:\/\/www.w3.org\/2000\/svg\"><path d=\"M224 136V0H24C10.7 0 0 10.7 0 24v464c0 13.3 10.7 24 24 24h336c13.3 0 24-10.7 24-24V160H248c-13.2 0-24-10.8-24-24zm64 236c0 6.6-5.4 12-12 12H108c-6.6 0-12-5.4-12-12v-8c0-6.6 5.4-12 12-12h168c6.6 0 12 5.4 12 12v8zm0-64c0 6.6-5.4 12-12 12H108c-6.6 0-12-5.4-12-12v-8c0-6.6 5.4-12 12-12h168c6.6 0 12 5.4 12 12v8zm0-72v8c0 6.6-5.4 12-12 12H108c-6.6 0-12-5.4-12-12v-8c0-6.6 5.4-12 12-12h168c6.6 0 12 5.4 12 12zm96-114.1v6.1H256V0h6.1c6.4 0 12.5 2.5 17 7l97.9 98c4.5 4.5 7 10.6 7 16.9z\"><\/path><\/svg>\t\t\t<\/span>\n\t\t\t\t\t\t\t\t\t<span class=\"elementor-button-text\">Declaraci\u00f3n de Conformidad CE<\/span>\n\t\t\t\t\t<\/span>\n\t\t\t\t\t<\/a>\n\t\t\t\t\t\t\t\t<\/div>\n\t\t\t\t\t<\/div>\n\t\t<\/div>\n\t\t\t\t\t<\/div>\n\t\t<\/section>\n\t\t\t\t<\/div>\n\t\t","protected":false},"excerpt":{"rendered":"<p>Modelo : 24V 25A. Con 2 Salidas principales + 1 Salida auxiliar.<br \/>\nCaracter\u00edstica de carga variable de 4 etapas: inicial \u2013 absorci\u00f3n \u2013 flotaci\u00f3n &#8211; almacenamiento Tres salidas, dos completas y una de 4 amperios. Entrada universal de 90-265 V, 50\/60 Hz. El cargador Phoenix dispone de un sistema de gesti\u00f3n de bater\u00edas variable controlado por microprocesador que puede configurarse para distintos tipos de bater\u00eda. Su funci\u00f3n \u201cvariable\u201d optimizar\u00e1 autom\u00e1ticamente el proceso de carga en base al uso que se le da a la bater\u00eda.<\/p>\n","protected":false},"featured_media":16413,"comment_status":"open","ping_status":"closed","template":"","meta":{"_relevanssi_hide_post":"","_relevanssi_hide_content":"","_relevanssi_pin_for_all":"","_relevanssi_pin_keywords":"","_relevanssi_unpin_keywords":"","_relevanssi_related_keywords":"","_relevanssi_related_include_ids":"","_relevanssi_related_exclude_ids":"","_relevanssi_related_no_append":"","_relevanssi_related_not_related":"","_relevanssi_related_posts":"","_relevanssi_noindex_reason":"","inline_featured_image":false},"product_brand":[],"product_cat":[1740],"product_tag":[],"class_list":{"0":"post-16104","1":"product","2":"type-product","3":"status-publish","4":"has-post-thumbnail","6":"product_cat-cargadores-de-baterias","7":"pa_corriente-25a","8":"pa_gtin-2038","9":"pa_marca-victron-energy","10":"pa_mpn-pch024025001","11":"pa_serie-serie-phoenix-charger","12":"pa_voltaje-24v","14":"first","15":"instock","16":"taxable","17":"shipping-taxable","18":"purchasable","19":"product-type-simple"},"bundled_by":[],"bundle_stock_status":"instock","bundle_stock_quantity":1,"bundle_virtual":false,"bundle_layout":"","bundle_add_to_cart_form_location":"","bundle_editable_in_cart":false,"bundle_sold_individually_context":"","bundle_item_grouping":"","bundle_min_size":"","bundle_max_size":"","bundle_price":[],"bundled_items":[],"bundle_sell_ids":[],"group_of_quantity":0,"min_quantity":0,"max_quantity":"","exclude_order_quantity_value_rules":"no","exclude_category_quantity_rules":"no","combine_variations":"no","exclude_global_add_ons":[],"addons":[],"_links":{"self":[{"href":"https:\/\/enertik.com\/mx\/wp-json\/wp\/v2\/product\/16104","targetHints":{"allow":["GET"]}}],"collection":[{"href":"https:\/\/enertik.com\/mx\/wp-json\/wp\/v2\/product"}],"about":[{"href":"https:\/\/enertik.com\/mx\/wp-json\/wp\/v2\/types\/product"}],"replies":[{"embeddable":true,"href":"https:\/\/enertik.com\/mx\/wp-json\/wp\/v2\/comments?post=16104"}],"version-history":[{"count":0,"href":"https:\/\/enertik.com\/mx\/wp-json\/wp\/v2\/product\/16104\/revisions"}],"wp:featuredmedia":[{"embeddable":true,"href":"https:\/\/enertik.com\/mx\/wp-json\/wp\/v2\/media\/16413"}],"wp:attachment":[{"href":"https:\/\/enertik.com\/mx\/wp-json\/wp\/v2\/media?parent=16104"}],"wp:term":[{"taxonomy":"product_brand","embeddable":true,"href":"https:\/\/enertik.com\/mx\/wp-json\/wp\/v2\/product_brand?post=16104"},{"taxonomy":"product_cat","embeddable":true,"href":"https:\/\/enertik.com\/mx\/wp-json\/wp\/v2\/product_cat?post=16104"},{"taxonomy":"product_tag","embeddable":true,"href":"https:\/\/enertik.com\/mx\/wp-json\/wp\/v2\/product_tag?post=16104"}],"curies":[{"name":"wp","href":"https:\/\/api.w.org\/{rel}","templated":true}]}}