{"id":11396,"date":"2023-02-21T11:19:06","date_gmt":"2023-02-21T14:19:06","guid":{"rendered":"https:\/\/test.enertik.com\/mx\/?post_type=product&#038;p=11396"},"modified":"2026-02-17T23:57:04","modified_gmt":"2026-02-18T05:57:04","slug":"cable-fotovoltaico-unipolar-2-5mm%c2%b2-negro-250m","status":"publish","type":"product","link":"https:\/\/enertik.com\/mx\/tienda\/cable-fotovoltaico-solar-unipolar-2-5mm%C2%B2-negro-250-metros\/","title":{"rendered":"Cable Fotovoltaico Unipolar 2.5mm\u00b2 &#8211; Negro (250M)"},"content":{"rendered":"\t\t<div data-elementor-type=\"product-post\" data-elementor-id=\"11396\" class=\"elementor elementor-11396\" data-elementor-post-type=\"product\">\n\t\t\t\t\t\t<section class=\"wd-negative-gap elementor-section elementor-top-section elementor-element elementor-element-d25a437 Product_Description elementor-section-boxed elementor-section-height-default elementor-section-height-default\" data-id=\"d25a437\" data-element_type=\"section\" data-e-type=\"section\">\n\t\t\t\t\t\t<div class=\"elementor-container elementor-column-gap-default\">\n\t\t\t\t\t<div class=\"elementor-column elementor-col-100 elementor-top-column elementor-element elementor-element-8ee28d8\" data-id=\"8ee28d8\" data-element_type=\"column\" data-e-type=\"column\" data-settings=\"{&quot;background_background&quot;:&quot;classic&quot;}\">\n\t\t\t<div class=\"elementor-widget-wrap elementor-element-populated\">\n\t\t\t\t\t\t<section class=\"wd-negative-gap elementor-section elementor-inner-section elementor-element elementor-element-5b5e540 elementor-section-boxed elementor-section-height-default elementor-section-height-default\" data-id=\"5b5e540\" data-element_type=\"section\" data-e-type=\"section\">\n\t\t\t\t\t\t<div class=\"elementor-container elementor-column-gap-default\">\n\t\t\t\t\t<div class=\"elementor-column elementor-col-100 elementor-inner-column elementor-element elementor-element-634d9b6\" data-id=\"634d9b6\" data-element_type=\"column\" data-e-type=\"column\">\n\t\t\t<div class=\"elementor-widget-wrap elementor-element-populated\">\n\t\t\t\t\t\t<div class=\"elementor-element elementor-element-017f207 elementor-widget elementor-widget-wd_tabs\" data-id=\"017f207\" data-element_type=\"widget\" data-e-type=\"widget\" data-widget_type=\"wd_tabs.default\">\n\t\t\t\t<div class=\"elementor-widget-container\">\n\t\t\t\t\t\t\t<div class=\"wd-tabs tabs-design-default\">\n\t\t\t<div class=\"wd-tabs-header text-center\">\n\t\t\t\t\n\t\t\t\t\n\t\t\t\t<div class=\"wd-nav-wrapper wd-nav-tabs-wrapper wd-mb-action-swipe\">\n\t\t\t\t\t<ul class=\"wd-nav wd-nav-tabs wd-icon-pos-left wd-style-underline\">\n\t\t\t\t\t\t\t\t\t\t\t\t\t\n\t\t\t\t\t\t\t<li>\n\t\t\t\t\t\t\t\t<a href=\"#\" class=\"wd-nav-link\">\n\t\t\t\t\t\t\t\t\t\n\t\t\t\t\t\t\t\t\t<span class=\"nav-link-text wd-tabs-title\">\n\t\t\t\t\t\t\t\t\t\tESPECIFICACIONES\t\t\t\t\t\t\t\t\t<\/span>\n\t\t\t\t\t\t\t\t<\/a>\n\t\t\t\t\t\t\t<\/li>\n\n\t\t\t\t\t\t\t\t\t\t\t<\/ul>\n\t\t\t\t<\/div>\n\t\t\t<\/div>\n\n\t\t\t<div class=\"wd-tabs-content-wrapper\">\n\t\t\t\t\t\t\t\t\t\t\t\t\t\t\n\t\t\t\t\t<div class=\"wd-tab-content wd-entry-content\">\n\t\t\t\t\t\t\t\t\t\t\t\t\t<div >\n\t\t\t\t\t\t\t\t<table><tbody><tr class=\"tbBorderNone\"><td class=\"tbLeft\">Modelo<\/td><td>C25S1854BK<\/td><\/tr><tr class=\"tbBorderNone\"><td class=\"tbTit\" colspan=\"2\">Especificaciones t\u00e9cnicas<\/td><\/tr><tr><td class=\"tbLeft\">Secci\u00f3n de cable<\/td><td>2.5mm\u00b2<\/td><\/tr><tr><td class=\"tbLeft\">Cantidad de conductores<\/td><td>1<\/td><\/tr><tr><td class=\"tbLeft\">Material conductor<\/td><td>Cobre, esta\u00f1ado<\/td><\/tr><tr><td class=\"tbLeft\">Voltaje<\/td><td>1000V<\/td><\/tr><tr><td class=\"tbLeft\">Inflamable<\/td><td>No<\/td><\/tr><tr><td class=\"tbLeft\">Temperatura<\/td><td>-40\u00baC ~ 90\u00baC<\/td><\/tr><tr><td class=\"tbLeft\">Recubrimiento externo<\/td><td>XLPE Negro<\/td><\/tr><tr><td class=\"tbLeft\">Aislaci\u00f3n interna<\/td><td>XLPE Negro<\/td><\/tr><tr><td class=\"tbLeft\">Certificaci\u00f3n<\/td><td>T\u00dcV EN50618<\/td><\/tr><tr class=\"tbBorderNone\"><td class=\"tbLeft\">ROLLO<\/td><td>250 metros<\/td><\/tr><\/tbody><\/table>\t\t\t\t\t\t\t<\/div>\n\t\t\t\t\t\t\t\t\t\t\t<\/div>\n\n\t\t\t\t\t\t\t<\/div>\n\t\t<\/div>\n\t\t\t\t\t\t<\/div>\n\t\t\t\t<\/div>\n\t\t\t\t\t<\/div>\n\t\t<\/div>\n\t\t\t\t\t<\/div>\n\t\t<\/section>\n\t\t\t\t\t<\/div>\n\t\t<\/div>\n\t\t\t\t\t<\/div>\n\t\t<\/section>\n\t\t\t\t<\/div>\n\t\t","protected":false},"excerpt":{"rendered":"<p>(Rollo de 250 metros) Cable fotovoltaico unipolar de secci\u00f3n 2.5 mm. Representa el polo negativo. Material: Cobre, esta\u00f1ado. Apto para grupos de paneles solares con tensi\u00f3n nominal menor que 1000V. Recubrimiento XLPE. T\u00dcV EN50618.<\/p>\n","protected":false},"featured_media":9452,"comment_status":"open","ping_status":"closed","template":"","meta":{"_relevanssi_hide_post":"","_relevanssi_hide_content":"","_relevanssi_pin_for_all":"","_relevanssi_pin_keywords":"","_relevanssi_unpin_keywords":"","_relevanssi_related_keywords":"","_relevanssi_related_include_ids":"","_relevanssi_related_exclude_ids":"","_relevanssi_related_no_append":"","_relevanssi_related_not_related":"","_relevanssi_related_posts":"","_relevanssi_noindex_reason":"","inline_featured_image":false},"product_brand":[],"product_cat":[1690],"product_tag":[],"class_list":{"0":"post-11396","1":"product","2":"type-product","3":"status-publish","4":"has-post-thumbnail","6":"product_cat-cables-fotovoltaicos","7":"pa_marca-enertik","8":"pa_mpn-c25s1854bk","10":"first","11":"instock","12":"taxable","13":"shipping-taxable","14":"purchasable","15":"product-type-simple"},"bundled_by":[],"bundle_stock_status":"instock","bundle_stock_quantity":1,"bundle_virtual":false,"bundle_layout":"","bundle_add_to_cart_form_location":"","bundle_editable_in_cart":false,"bundle_sold_individually_context":"","bundle_item_grouping":"","bundle_min_size":"","bundle_max_size":"","bundle_price":[],"bundled_items":[],"bundle_sell_ids":[],"group_of_quantity":0,"min_quantity":0,"max_quantity":2,"exclude_order_quantity_value_rules":"no","exclude_category_quantity_rules":"no","combine_variations":"no","exclude_global_add_ons":[],"addons":[],"_links":{"self":[{"href":"https:\/\/enertik.com\/mx\/wp-json\/wp\/v2\/product\/11396","targetHints":{"allow":["GET"]}}],"collection":[{"href":"https:\/\/enertik.com\/mx\/wp-json\/wp\/v2\/product"}],"about":[{"href":"https:\/\/enertik.com\/mx\/wp-json\/wp\/v2\/types\/product"}],"replies":[{"embeddable":true,"href":"https:\/\/enertik.com\/mx\/wp-json\/wp\/v2\/comments?post=11396"}],"version-history":[{"count":0,"href":"https:\/\/enertik.com\/mx\/wp-json\/wp\/v2\/product\/11396\/revisions"}],"wp:featuredmedia":[{"embeddable":true,"href":"https:\/\/enertik.com\/mx\/wp-json\/wp\/v2\/media\/9452"}],"wp:attachment":[{"href":"https:\/\/enertik.com\/mx\/wp-json\/wp\/v2\/media?parent=11396"}],"wp:term":[{"taxonomy":"product_brand","embeddable":true,"href":"https:\/\/enertik.com\/mx\/wp-json\/wp\/v2\/product_brand?post=11396"},{"taxonomy":"product_cat","embeddable":true,"href":"https:\/\/enertik.com\/mx\/wp-json\/wp\/v2\/product_cat?post=11396"},{"taxonomy":"product_tag","embeddable":true,"href":"https:\/\/enertik.com\/mx\/wp-json\/wp\/v2\/product_tag?post=11396"}],"curies":[{"name":"wp","href":"https:\/\/api.w.org\/{rel}","templated":true}]}}