{"id":11074,"date":"2023-02-21T08:13:17","date_gmt":"2023-02-21T14:13:17","guid":{"rendered":"https:\/\/test.enertik.com\/mx\/?post_type=product&#038;p=11074"},"modified":"2026-03-26T22:53:28","modified_gmt":"2026-03-27T04:53:28","slug":"cargador-automatico-de-baterias-24v-15a-360w","status":"publish","type":"product","link":"https:\/\/enertik.com\/mx\/tienda\/cargadores-de-baterias\/cargador-automatico-de-baterias-24v-15a-360w-entrada-amplia-100240v\/","title":{"rendered":"Cargador Autom\u00e1tico de Bater\u00edas 24V 15A"},"content":{"rendered":"\t\t<div data-elementor-type=\"product-post\" data-elementor-id=\"11074\" class=\"elementor elementor-11074\" data-elementor-post-type=\"product\">\n\t\t\t\t\t\t<section class=\"wd-negative-gap elementor-section elementor-top-section elementor-element elementor-element-781c80b Product_Description elementor-section-boxed elementor-section-height-default elementor-section-height-default\" data-id=\"781c80b\" data-element_type=\"section\" data-e-type=\"section\">\n\t\t\t\t\t\t<div class=\"elementor-container elementor-column-gap-default\">\n\t\t\t\t\t<div class=\"elementor-column elementor-col-100 elementor-top-column elementor-element elementor-element-343fe64\" data-id=\"343fe64\" data-element_type=\"column\" data-e-type=\"column\" data-settings=\"{&quot;background_background&quot;:&quot;classic&quot;}\">\n\t\t\t<div class=\"elementor-widget-wrap elementor-element-populated\">\n\t\t\t\t\t\t<section class=\"wd-negative-gap elementor-section elementor-inner-section elementor-element elementor-element-109a88b elementor-section-boxed elementor-section-height-default elementor-section-height-default\" data-id=\"109a88b\" data-element_type=\"section\" data-e-type=\"section\">\n\t\t\t\t\t\t<div class=\"elementor-container elementor-column-gap-default\">\n\t\t\t\t\t<div class=\"elementor-column elementor-col-100 elementor-inner-column elementor-element elementor-element-1efa6c7\" data-id=\"1efa6c7\" data-element_type=\"column\" data-e-type=\"column\">\n\t\t\t<div class=\"elementor-widget-wrap elementor-element-populated\">\n\t\t\t\t\t\t<div class=\"elementor-element elementor-element-3349087 elementor-widget elementor-widget-wd_tabs\" data-id=\"3349087\" data-element_type=\"widget\" data-e-type=\"widget\" data-widget_type=\"wd_tabs.default\">\n\t\t\t\t<div class=\"elementor-widget-container\">\n\t\t\t\t\t\t\t<div class=\"wd-tabs tabs-design-default\">\n\t\t\t<div class=\"wd-tabs-header text-center\">\n\t\t\t\t\n\t\t\t\t\n\t\t\t\t<div class=\"wd-nav-wrapper wd-nav-tabs-wrapper wd-mb-action-swipe\">\n\t\t\t\t\t<ul class=\"wd-nav wd-nav-tabs wd-icon-pos-left wd-style-underline\">\n\t\t\t\t\t\t\t\t\t\t\t\t\t\n\t\t\t\t\t\t\t<li>\n\t\t\t\t\t\t\t\t<a href=\"#\" class=\"wd-nav-link\">\n\t\t\t\t\t\t\t\t\t\n\t\t\t\t\t\t\t\t\t<span class=\"nav-link-text wd-tabs-title\">\n\t\t\t\t\t\t\t\t\t\tDESCRIPCI\u00d3N\t\t\t\t\t\t\t\t\t<\/span>\n\t\t\t\t\t\t\t\t<\/a>\n\t\t\t\t\t\t\t<\/li>\n\n\t\t\t\t\t\t\t\t\t\t\t\t\t\n\t\t\t\t\t\t\t<li>\n\t\t\t\t\t\t\t\t<a href=\"#\" class=\"wd-nav-link\">\n\t\t\t\t\t\t\t\t\t\n\t\t\t\t\t\t\t\t\t<span class=\"nav-link-text wd-tabs-title\">\n\t\t\t\t\t\t\t\t\t\tESPECIFICACIONES\t\t\t\t\t\t\t\t\t<\/span>\n\t\t\t\t\t\t\t\t<\/a>\n\t\t\t\t\t\t\t<\/li>\n\n\t\t\t\t\t\t\t\t\t\t\t<\/ul>\n\t\t\t\t<\/div>\n\t\t\t<\/div>\n\n\t\t\t<div class=\"wd-tabs-content-wrapper\">\n\t\t\t\t\t\t\t\t\t\t\t\t\t\t\n\t\t\t\t\t<div class=\"wd-tab-content wd-entry-content\">\n\t\t\t\t\t\t\t\t\t\t\t\t\t<div >\n\t\t\t\t\t\t\t\t<h2>VENTAJAS<\/h2><ul><li class=\"ulBgColor\">Amplio rango de alimentaci\u00f3n<\/li><li>Carga Autom. Fondo-Absorci\u00f3n-Flote<\/li><li class=\"ulBgColor\">3 Etapas de carga<\/li><li>Funci\u00f3n fuente de energ\u00eda regulada<\/li><li class=\"ulBgColor\">Sensor de temperatura<\/li><li>Tecnolog\u00eda switching<\/li><li class=\"ulBgColor\">Control por microprocesador<\/li><li>Adaptaci\u00f3n din\u00e1mica de la tensi\u00f3n de salida<\/li><li class=\"ulBgColor\">Tama\u00f1o y peso reducidos<\/li><li>Gabinete de aluminio<\/li><li class=\"ulBgColor\">Resistente a vibraciones y corrosi\u00f3n<\/li><li>Protecciones autom\u00e1ticas (Re-Start)<\/li><li class=\"ulBgColor\">Forzadores autom\u00e1ticos<\/li><li>Borneras de conexi\u00f3n<\/li><li class=\"ulBgColor\">Alarmas visuales<\/li><li>Panel remoto LCD<\/li><\/ul><h2>PROTECCIONES DEL EQUIPO<\/h2><ul><li class=\"ulBgColor\">Cortocircuito<\/li><li>Sobrecarga<\/li><li class=\"ulBgColor\">Alta tensi\u00f3n de entrada<\/li><li>Baja tensi\u00f3n de entrada<\/li><li class=\"ulBgColor\">Sobre temperatura<\/li><li>Inversi\u00f3n polaridad<\/li><\/ul>\t\t\t\t\t\t\t<\/div>\n\t\t\t\t\t\t\t\t\t\t\t<\/div>\n\n\t\t\t\t\t\t\t\t\t\t\t\t\t\t\n\t\t\t\t\t<div class=\"wd-tab-content wd-entry-content\">\n\t\t\t\t\t\t\t\t\t\t\t\t\t<div >\n\t\t\t\t\t\t\t\t<div class=\"vc_tta-container\" data-vc-action=\"collapse\"><div class=\"vc_general vc_tta vc_tta-accordion vc_tta-color-green vc_tta-style-outline vc_tta-shape-rounded vc_tta-spacing-3 vc_tta-gap-5 vc_tta-controls-align-center vc_tta-o-no-fill acordeon-products\"><div class=\"vc_tta-panels-container\"><div class=\"vc_tta-panels\"><div id=\"1654088028518-8b1b8605-f960\" class=\"vc_tta-panel vc_active\" data-vc-content=\".vc_tta-panel-body\"><div class=\"vc_tta-panel-body\"><div class=\"wpb_text_column wpb_content_element table-product\"><div class=\"wpb_wrapper\"><div class=\"vc_tta-container\" data-vc-action=\"collapse\"><div class=\"vc_general vc_tta vc_tta-accordion vc_tta-color-green vc_tta-style-outline vc_tta-shape-rounded vc_tta-spacing-3 vc_tta-gap-5 vc_tta-controls-align-center vc_tta-o-no-fill acordeon-products\"><div class=\"vc_tta-panels-container\"><div class=\"vc_tta-panels\"><div id=\"1654088028518-8b1b8605-f960\" class=\"vc_tta-panel vc_active\" data-vc-content=\".vc_tta-panel-body\"><div class=\"vc_tta-panel-body\"><div class=\"wpb_text_column wpb_content_element table-product\"><div class=\"wpb_wrapper\"><div class=\"vc_tta-container\" data-vc-action=\"collapse\"><div class=\"vc_general vc_tta vc_tta-accordion vc_tta-color-green vc_tta-style-outline vc_tta-shape-rounded vc_tta-spacing-3 vc_tta-gap-5 vc_tta-controls-align-center vc_tta-o-no-fill acordeon-products\"><div class=\"vc_tta-panels-container\"><div class=\"vc_tta-panels\"><div id=\"1654088028518-8b1b8605-f960\" class=\"vc_tta-panel vc_active\" data-vc-content=\".vc_tta-panel-body\"><div class=\"vc_tta-panel-body\"><div class=\"wpb_text_column wpb_content_element table-product\"><div class=\"wpb_wrapper\"><table class=\"icTable\"><tbody><tr class=\"tbBorderNone\"><td class=\"tbLeft\">Modelo<\/td><td colspan=\"7\">IC-15-24<\/td><\/tr><tr class=\"tbBorderNone\"><td class=\"tbTit\" colspan=\"8\">Entrada<\/td><\/tr><tr><td class=\"tbLeft\">Rango de tensi\u00f3n de entrada<\/td><td colspan=\"7\">100 ~ 240Vca<\/td><\/tr><tr><td class=\"tbLeft\">Potencia<\/td><td colspan=\"7\">500W<\/td><\/tr><tr><td class=\"tbLeft\">Frecuencia<\/td><td colspan=\"7\">45 ~ 65Hz<\/td><\/tr><tr><td class=\"tbLeft\">Eficiencia<\/td><td colspan=\"7\">&gt; 87%<\/td><\/tr><tr><td class=\"tbLeft\">Factor de potencia (coseno de fi)<\/td><td colspan=\"7\">0.97 \u00b1 5% a plena carga<\/td><\/tr><tr class=\"tbBorderNone\"><td class=\"tbLeft\">Toma de entrada<\/td><td colspan=\"7\">Cable con conector NEMA-&gt;IEC (Enchufe de M\u00e9xico \/ EUA)<\/td><\/tr><tr class=\"tbBorderNone\"><td class=\"tbTit\" colspan=\"8\">Salida<\/td><\/tr><tr><td class=\"tbLeft\">Modo selec.<\/td><td class=\"tdIC\">Modo 1<\/td><td class=\"tdIC\">Modo 2<\/td><td class=\"tdIC\">Modo 3<\/td><td class=\"tdIC\">Modo 4<\/td><td class=\"tdIC\">Modo 5<\/td><td class=\"tdIC\">Modo 6<\/td><td class=\"tdIC\">Modo 7<\/td><\/tr><tr><td class=\"tbLeft\">En espera<\/td><td>29.4V<br \/>1A<\/td><td colspan=\"3\">28.8V<br \/>1A<\/td><td>30.6V<br \/>1A<\/td><td>24.5V<br \/>15A<\/td><td>27V<br \/>15A<\/td><\/tr><tr><td class=\"tbLeft\">Estado fondo<\/td><td colspan=\"3\">29.8V<br \/>15A<\/td><td>28.8V<br \/>1A<\/td><td>30.6V<br \/>1A<\/td><td>24.5V<br \/>15A<\/td><td>27V<br \/>15A<\/td><\/tr><tr><td class=\"tbLeft\">Estado absorci\u00f3n 1<\/td><td>29.4V<br \/>13~0A<\/td><td colspan=\"2\">28.8V<br \/>13~0A<\/td><td>28.8V<br \/>1~0A<\/td><td>30.6V<br \/>1~0A<\/td><td>24.5V<br \/>15A<\/td><td>27V<br \/>15A<\/td><\/tr><tr><td class=\"tbLeft\">Estado absorci\u00f3n 2<\/td><td colspan=\"2\">\u2013<\/td><td>30.6V<br \/>1A<\/td><td colspan=\"4\">\u2013<\/td><\/tr><tr><td class=\"tbLeft\">Estado flote<\/td><td colspan=\"5\">27V 1A max.<\/td><td>24.5V<br \/>15A<\/td><td>27V<br \/>15A<\/td><\/tr><tr><td class=\"tbLeft\">Corriente m\u00e1xima<\/td><td colspan=\"7\">15A<\/td><\/tr><tr><td class=\"tbLeft\">Tama\u00f1o de bater\u00eda<\/td><td colspan=\"7\">75 ~ 300Ah<\/td><\/tr><tr class=\"tbBorderNone\"><td class=\"tbLeft\">Modo reposo<\/td><td colspan=\"7\">2.5A<\/td><\/tr><tr><td class=\"tbTit\" colspan=\"8\">Protecci\u00f3n<\/td><\/tr><tr><td class=\"tbLeft\">Sobre temperatura<\/td><td colspan=\"7\">55\u00baC \u00b1 5\u00baC<\/td><\/tr><tr><td class=\"tbLeft\">Polaridad<\/td><td colspan=\"7\">Por Fusible<\/td><\/tr><tr><td class=\"tbLeft\">Sobrecarga<\/td><td colspan=\"7\">S\u00ed<\/td><\/tr><tr><td class=\"tbLeft\">Cortocircuito<\/td><td colspan=\"7\">S\u00ed<\/td><\/tr><tr class=\"tbBorderNone\"><td class=\"tbLeft\">Sistema<\/td><td colspan=\"7\">S\u00ed<\/td><\/tr><tr><td class=\"tbTit\" colspan=\"8\">Ambiente<\/td><\/tr><tr><td class=\"tbLeft\">Temperatura de trabajo<\/td><td colspan=\"7\">-15 ~ 45\u00baC<\/td><\/tr><tr><td class=\"tbLeft\">Humedad<\/td><td colspan=\"7\">20 ~ 90% Rh sin condensaci\u00f3n<\/td><\/tr><tr><td class=\"tbLeft\">Almacenamiento<\/td><td colspan=\"7\">-30\u00baC ~ +70\u00baC \/ 10 ~ 95% Rh<\/td><\/tr><tr class=\"tbBorderNone\"><td class=\"tbLeft\">Coeficiente de temperatura<\/td><td colspan=\"7\">\u00b1 0.05%\u00baC (0 ~ 50\u00baC)<\/td><\/tr><tr><td class=\"tbTit\" colspan=\"8\">Especificaciones f\u00edsicas<\/td><\/tr><tr><td class=\"tbLeft\">Dimensiones (mm)<\/td><td colspan=\"7\">220 x 180 x 90<\/td><\/tr><tr><td class=\"tbLeft\">Peso neto (kg)<\/td><td colspan=\"7\">2.5<\/td><\/tr><tr><td class=\"tbLeft\">Panel remoto (mm)<\/td><td colspan=\"7\">120 x 65 x 25<\/td><\/tr><\/tbody><\/table><\/div><\/div><\/div><\/div><\/div><\/div><\/div><\/div><\/div><\/div><\/div><\/div><\/div><\/div><\/div><\/div><\/div><\/div><\/div><\/div><\/div><\/div><\/div><\/div>\t\t\t\t\t\t\t<\/div>\n\t\t\t\t\t\t\t\t\t\t\t<\/div>\n\n\t\t\t\t\t\t\t<\/div>\n\t\t<\/div>\n\t\t\t\t\t\t<\/div>\n\t\t\t\t<\/div>\n\t\t\t\t\t<\/div>\n\t\t<\/div>\n\t\t\t\t\t<\/div>\n\t\t<\/section>\n\t\t\t\t\t<\/div>\n\t\t<\/div>\n\t\t\t\t\t<\/div>\n\t\t<\/section>\n\t\t\t\t<section class=\"wd-negative-gap elementor-section elementor-top-section elementor-element elementor-element-4f2196c Link_Buttons elementor-section-boxed elementor-section-height-default elementor-section-height-default\" data-id=\"4f2196c\" data-element_type=\"section\" data-e-type=\"section\" data-settings=\"{&quot;background_background&quot;:&quot;classic&quot;}\">\n\t\t\t\t\t\t<div class=\"elementor-container elementor-column-gap-custom\">\n\t\t\t\t\t<div class=\"elementor-column elementor-col-50 elementor-top-column elementor-element elementor-element-cfdc753\" data-id=\"cfdc753\" data-element_type=\"column\" data-e-type=\"column\">\n\t\t\t<div class=\"elementor-widget-wrap elementor-element-populated\">\n\t\t\t\t\t\t<div class=\"elementor-element elementor-element-39dd437 elementor-view-framed elementor-shape-circle elementor-position-block-start elementor-mobile-position-block-start elementor-widget elementor-widget-icon-box\" data-id=\"39dd437\" data-element_type=\"widget\" data-e-type=\"widget\" data-widget_type=\"icon-box.default\">\n\t\t\t\t\t\t\t<div class=\"elementor-icon-box-wrapper\">\n\n\t\t\t\t\t\t<div class=\"elementor-icon-box-icon\">\n\t\t\t\t<a href=\"https:\/\/enertik.com\/wp-content\/uploads\/sites\/4\/documentos\/manuales\/manual-cargador-de-baterias-ic-30-15-ic-15-24-mx.pdf\" target=\"_blank\" class=\"elementor-icon\" tabindex=\"-1\">\n\t\t\t\t<svg aria-hidden=\"true\" class=\"e-font-icon-svg e-fas-book\" viewBox=\"0 0 448 512\" xmlns=\"http:\/\/www.w3.org\/2000\/svg\"><path d=\"M448 360V24c0-13.3-10.7-24-24-24H96C43 0 0 43 0 96v320c0 53 43 96 96 96h328c13.3 0 24-10.7 24-24v-16c0-7.5-3.5-14.3-8.9-18.7-4.2-15.4-4.2-59.3 0-74.7 5.4-4.3 8.9-11.1 8.9-18.6zM128 134c0-3.3 2.7-6 6-6h212c3.3 0 6 2.7 6 6v20c0 3.3-2.7 6-6 6H134c-3.3 0-6-2.7-6-6v-20zm0 64c0-3.3 2.7-6 6-6h212c3.3 0 6 2.7 6 6v20c0 3.3-2.7 6-6 6H134c-3.3 0-6-2.7-6-6v-20zm253.4 250H96c-17.7 0-32-14.3-32-32 0-17.6 14.4-32 32-32h285.4c-1.9 17.1-1.9 46.9 0 64z\"><\/path><\/svg>\t\t\t\t<\/a>\n\t\t\t<\/div>\n\t\t\t\n\t\t\t\t\t\t<div class=\"elementor-icon-box-content\">\n\n\t\t\t\t\n\t\t\t\t\t\t\t\t\t<p class=\"elementor-icon-box-description\">\n\t\t\t\t\t\tMANUAL\t\t\t\t\t<\/p>\n\t\t\t\t\n\t\t\t<\/div>\n\t\t\t\n\t\t<\/div>\n\t\t\t\t\t\t<\/div>\n\t\t\t\t\t<\/div>\n\t\t<\/div>\n\t\t\t\t<div class=\"elementor-column elementor-col-50 elementor-top-column elementor-element elementor-element-a16f40a\" data-id=\"a16f40a\" data-element_type=\"column\" data-e-type=\"column\">\n\t\t\t<div class=\"elementor-widget-wrap elementor-element-populated\">\n\t\t\t\t\t\t<div class=\"elementor-element elementor-element-6ec0a1e elementor-view-framed elementor-shape-circle elementor-position-block-start elementor-mobile-position-block-start elementor-widget elementor-widget-icon-box\" data-id=\"6ec0a1e\" data-element_type=\"widget\" data-e-type=\"widget\" data-widget_type=\"icon-box.default\">\n\t\t\t\t\t\t\t<div class=\"elementor-icon-box-wrapper\">\n\n\t\t\t\t\t\t<div class=\"elementor-icon-box-icon\">\n\t\t\t\t<a href=\"https:\/\/enertik.com\/wp-content\/uploads\/sites\/4\/documentos\/folletos\/enertik-folleto-cargador-de-baterias-ic-mexico.pdf\" target=\"_blank\" class=\"elementor-icon\" tabindex=\"-1\">\n\t\t\t\t<svg aria-hidden=\"true\" class=\"e-font-icon-svg e-fas-book-open\" viewBox=\"0 0 576 512\" xmlns=\"http:\/\/www.w3.org\/2000\/svg\"><path d=\"M542.22 32.05c-54.8 3.11-163.72 14.43-230.96 55.59-4.64 2.84-7.27 7.89-7.27 13.17v363.87c0 11.55 12.63 18.85 23.28 13.49 69.18-34.82 169.23-44.32 218.7-46.92 16.89-.89 30.02-14.43 30.02-30.66V62.75c.01-17.71-15.35-31.74-33.77-30.7zM264.73 87.64C197.5 46.48 88.58 35.17 33.78 32.05 15.36 31.01 0 45.04 0 62.75V400.6c0 16.24 13.13 29.78 30.02 30.66 49.49 2.6 149.59 12.11 218.77 46.95 10.62 5.35 23.21-1.94 23.21-13.46V100.63c0-5.29-2.62-10.14-7.27-12.99z\"><\/path><\/svg>\t\t\t\t<\/a>\n\t\t\t<\/div>\n\t\t\t\n\t\t\t\t\t\t<div class=\"elementor-icon-box-content\">\n\n\t\t\t\t\n\t\t\t\t\t\t\t\t\t<p class=\"elementor-icon-box-description\">\n\t\t\t\t\t\tFOLLETO\t\t\t\t\t<\/p>\n\t\t\t\t\n\t\t\t<\/div>\n\t\t\t\n\t\t<\/div>\n\t\t\t\t\t\t<\/div>\n\t\t\t\t\t<\/div>\n\t\t<\/div>\n\t\t\t\t\t<\/div>\n\t\t<\/section>\n\t\t\t\t<\/div>\n\t\t","protected":false},"excerpt":{"rendered":"<p>Para bater\u00edas 24V. Corriente de carga 15A, Potencia: 500W. Con panel e interruptor remoto. 3 Etapas de carga. Forzadores autom\u00e1ticos. Con tecnolog\u00eda Switching. Amplio rango de alimentaci\u00f3n y adaptaci\u00f3n din\u00e1mica de la tensi\u00f3n de salida. Sensor de temperatura incorporado. Control por microprocesador y protecciones autom\u00e1ticas<\/p>\n","protected":false},"featured_media":9496,"comment_status":"open","ping_status":"closed","template":"","meta":{"_relevanssi_hide_post":"","_relevanssi_hide_content":"","_relevanssi_pin_for_all":"","_relevanssi_pin_keywords":"","_relevanssi_unpin_keywords":"","_relevanssi_related_keywords":"","_relevanssi_related_include_ids":"","_relevanssi_related_exclude_ids":"","_relevanssi_related_no_append":"","_relevanssi_related_not_related":"","_relevanssi_related_posts":"","_relevanssi_noindex_reason":"","inline_featured_image":false},"product_brand":[],"product_cat":[1740],"product_tag":[],"class_list":{"0":"post-11074","1":"product","2":"type-product","3":"status-publish","4":"has-post-thumbnail","6":"product_cat-cargadores-de-baterias","7":"pa_gtin-3871","8":"pa_marca-enertik","9":"pa_mpn-ic-15-24","10":"pa_potencia-360w","11":"pa_serie-serie-ic","12":"pa_voltaje-24v","14":"first","15":"instock","16":"taxable","17":"shipping-taxable","18":"purchasable","19":"product-type-simple"},"bundled_by":[],"bundle_stock_status":"instock","bundle_stock_quantity":13,"bundle_virtual":false,"bundle_layout":"","bundle_add_to_cart_form_location":"","bundle_editable_in_cart":false,"bundle_sold_individually_context":"","bundle_item_grouping":"","bundle_min_size":"","bundle_max_size":"","bundle_price":[],"bundled_items":[],"bundle_sell_ids":[],"group_of_quantity":0,"min_quantity":0,"max_quantity":"","exclude_order_quantity_value_rules":"no","exclude_category_quantity_rules":"no","combine_variations":"no","exclude_global_add_ons":[],"addons":[],"_links":{"self":[{"href":"https:\/\/enertik.com\/mx\/wp-json\/wp\/v2\/product\/11074","targetHints":{"allow":["GET"]}}],"collection":[{"href":"https:\/\/enertik.com\/mx\/wp-json\/wp\/v2\/product"}],"about":[{"href":"https:\/\/enertik.com\/mx\/wp-json\/wp\/v2\/types\/product"}],"replies":[{"embeddable":true,"href":"https:\/\/enertik.com\/mx\/wp-json\/wp\/v2\/comments?post=11074"}],"version-history":[{"count":0,"href":"https:\/\/enertik.com\/mx\/wp-json\/wp\/v2\/product\/11074\/revisions"}],"wp:featuredmedia":[{"embeddable":true,"href":"https:\/\/enertik.com\/mx\/wp-json\/wp\/v2\/media\/9496"}],"wp:attachment":[{"href":"https:\/\/enertik.com\/mx\/wp-json\/wp\/v2\/media?parent=11074"}],"wp:term":[{"taxonomy":"product_brand","embeddable":true,"href":"https:\/\/enertik.com\/mx\/wp-json\/wp\/v2\/product_brand?post=11074"},{"taxonomy":"product_cat","embeddable":true,"href":"https:\/\/enertik.com\/mx\/wp-json\/wp\/v2\/product_cat?post=11074"},{"taxonomy":"product_tag","embeddable":true,"href":"https:\/\/enertik.com\/mx\/wp-json\/wp\/v2\/product_tag?post=11074"}],"curies":[{"name":"wp","href":"https:\/\/api.w.org\/{rel}","templated":true}]}}