{"id":10721,"date":"2023-02-21T08:09:28","date_gmt":"2023-02-21T14:09:28","guid":{"rendered":"https:\/\/test.enertik.com\/mx\/?post_type=product&#038;p=10721"},"modified":"2026-02-26T13:15:47","modified_gmt":"2026-02-26T19:15:47","slug":"bateria-de-ciclo-profundo-gel-taiyo-12vcc-200ah","status":"publish","type":"product","link":"https:\/\/enertik.com\/mx\/tienda\/sistemas-de-almacenamiento\/baterias-gel\/bateria-de-ciclo-profundo-gel-taiyo-12vcc-200ah\/","title":{"rendered":"Bater\u00eda de Ciclo Profundo Gel &#8211; TAIYO 12Vcc 200Ah"},"content":{"rendered":"\t\t<div data-elementor-type=\"product-post\" data-elementor-id=\"10721\" class=\"elementor elementor-10721\" data-elementor-post-type=\"product\">\n\t\t\t\t\t\t<section class=\"wd-negative-gap elementor-section elementor-top-section elementor-element elementor-element-e8ace86 Product_Description elementor-section-boxed elementor-section-height-default elementor-section-height-default\" data-id=\"e8ace86\" data-element_type=\"section\" data-e-type=\"section\">\n\t\t\t\t\t\t<div class=\"elementor-container elementor-column-gap-default\">\n\t\t\t\t\t<div class=\"elementor-column elementor-col-100 elementor-top-column elementor-element elementor-element-44c72dc\" data-id=\"44c72dc\" data-element_type=\"column\" data-e-type=\"column\" data-settings=\"{&quot;background_background&quot;:&quot;classic&quot;}\">\n\t\t\t<div class=\"elementor-widget-wrap elementor-element-populated\">\n\t\t\t\t\t\t<section class=\"wd-negative-gap elementor-section elementor-inner-section elementor-element elementor-element-1047177 elementor-section-boxed elementor-section-height-default elementor-section-height-default\" data-id=\"1047177\" data-element_type=\"section\" data-e-type=\"section\">\n\t\t\t\t\t\t<div class=\"elementor-container elementor-column-gap-default\">\n\t\t\t\t\t<div class=\"elementor-column elementor-col-100 elementor-inner-column elementor-element elementor-element-f7f2014\" data-id=\"f7f2014\" data-element_type=\"column\" data-e-type=\"column\">\n\t\t\t<div class=\"elementor-widget-wrap elementor-element-populated\">\n\t\t\t\t\t\t<div class=\"elementor-element elementor-element-8090c6c elementor-widget elementor-widget-wd_tabs\" data-id=\"8090c6c\" data-element_type=\"widget\" data-e-type=\"widget\" data-widget_type=\"wd_tabs.default\">\n\t\t\t\t<div class=\"elementor-widget-container\">\n\t\t\t\t\t\t\t<div class=\"wd-tabs tabs-design-default\">\n\t\t\t<div class=\"wd-tabs-header text-center\">\n\t\t\t\t\n\t\t\t\t\n\t\t\t\t<div class=\"wd-nav-wrapper wd-nav-tabs-wrapper wd-mb-action-swipe\">\n\t\t\t\t\t<ul class=\"wd-nav wd-nav-tabs wd-icon-pos-left wd-style-underline\">\n\t\t\t\t\t\t\t\t\t\t\t\t\t\n\t\t\t\t\t\t\t<li>\n\t\t\t\t\t\t\t\t<a href=\"#\" class=\"wd-nav-link\">\n\t\t\t\t\t\t\t\t\t\n\t\t\t\t\t\t\t\t\t<span class=\"nav-link-text wd-tabs-title\">\n\t\t\t\t\t\t\t\t\t\tDESCRIPCI\u00d3N\t\t\t\t\t\t\t\t\t<\/span>\n\t\t\t\t\t\t\t\t<\/a>\n\t\t\t\t\t\t\t<\/li>\n\n\t\t\t\t\t\t\t\t\t\t\t\t\t\n\t\t\t\t\t\t\t<li>\n\t\t\t\t\t\t\t\t<a href=\"#\" class=\"wd-nav-link\">\n\t\t\t\t\t\t\t\t\t\n\t\t\t\t\t\t\t\t\t<span class=\"nav-link-text wd-tabs-title\">\n\t\t\t\t\t\t\t\t\t\tESPECIFICACIONES\t\t\t\t\t\t\t\t\t<\/span>\n\t\t\t\t\t\t\t\t<\/a>\n\t\t\t\t\t\t\t<\/li>\n\n\t\t\t\t\t\t\t\t\t\t\t<\/ul>\n\t\t\t\t<\/div>\n\t\t\t<\/div>\n\n\t\t\t<div class=\"wd-tabs-content-wrapper\">\n\t\t\t\t\t\t\t\t\t\t\t\t\t\t\n\t\t\t\t\t<div class=\"wd-tab-content wd-entry-content\">\n\t\t\t\t\t\t\t\t\t\t\t\t\t<div >\n\t\t\t\t\t\t\t\t<h2>VENTAJAS<\/h2><ul><li>Expectativa de vida : Dise\u00f1ada para durar 12 a\u00f1os (dependiendo de las condiciones de uso)<\/li><li>Capacidad de descarga mayor al 80% (en bater\u00edas est\u00e1ndar es menor al 50%)<\/li><li class=\"ulBgColor\">El estado interno s\u00f3lido significa cero posibilidad del derrame del \u00e1cido<\/li><li>El estado interno s\u00f3lido permite aplicaciones en instalaciones que se encuentren en movimiento<\/li><li class=\"ulBgColor\">Mayor rendimiento y mejor tolerancia frente a altas y bajas temperaturas<\/li><li>Ideal para usos en climas m\u00e1s c\u00e1lidos y fr\u00edos o en zonas con gran variaci\u00f3n de temperatura diaria \/ anual<\/li><li class=\"ulBgColor\">Las descargas profundas afectan menos a la vida \u00fatil en comparaci\u00f3n con otras bater\u00edas.<\/li><li>Autodescarga muy baja, lo que permite largos per\u00edodos de almacenamiento sin necesidad de carga<\/li><li class=\"ulBgColor\">Gran capacidad de ciclados (cargas y descargas)<\/li><li>VRLA (bater\u00eda de \u00e1cido-plomo regulada por v\u00e1lvula)<\/li><li class=\"ulBgColor\">Construcci\u00f3n segura que acepta fuertes vibraciones<\/li><li>Vida m\u00e1s larga en aplicaciones de ciclo profundo<\/li><li class=\"ulBgColor\">Excelente recuperaci\u00f3n de la descarga profunda<\/li><\/ul>\t\t\t\t\t\t\t<\/div>\n\t\t\t\t\t\t\t\t\t\t\t<\/div>\n\n\t\t\t\t\t\t\t\t\t\t\t\t\t\t\n\t\t\t\t\t<div class=\"wd-tab-content wd-entry-content\">\n\t\t\t\t\t\t\t\t\t\t\t\t\t<div >\n\t\t\t\t\t\t\t\t<table><tbody><tr><td class=\"tbLeft\">Marca<\/td><td>TAIYO<\/td><\/tr><tr><td class=\"tbLeft\">Modelo<\/td><td>TYG12-200<\/td><\/tr><tr class=\"tbBorderNone\"><td class=\"tbLeft\">Tipo<\/td><td>Ciclo profundo GEL<\/td><\/tr><tr><td class=\"tbTit\" colspan=\"2\">Especificaciones el\u00e9ctricas<\/td><\/tr><tr><td class=\"tbLeft\">Tensi\u00f3n nominal<\/td><td>12VCC<\/td><\/tr><tr><td class=\"tbLeft\">Capacidad en 20h<\/td><td>200Ah<\/td><\/tr><tr><td class=\"tbLeft\">Corriente m\u00e1x. de carga<\/td><td>40A<\/td><\/tr><tr><td class=\"tbLeft\">Corriente de descarga m\u00e1xima (A) [5 segundos]<\/td><td>1325A<\/td><\/tr><tr><td class=\"tbLeft\">Resistencia interna (m\u03a9)<\/td><td>3.3<\/td><\/tr><tr><td class=\"tbLeft\">Tensi\u00f3n de flote<\/td><td>13.4VCC ~ 13.6VCC<\/td><\/tr><tr class=\"tbBorderNone\"><td class=\"tbLeft\">Tensi\u00f3n de absorci\u00f3n<\/td><td>14.1VCC ~ 14.4VCC<\/td><\/tr><tr><td class=\"tbTit\" colspan=\"2\">Datos generales<\/td><\/tr><tr><td class=\"tbLeft\">Vida \u00fatil m\u00e1xima te\u00f3rica<\/td><td>12 a\u00f1os<\/td><\/tr><tr><td class=\"tbLeft\">Utilizables para movilidad<\/td><td>No<\/td><\/tr><tr><td class=\"tbLeft\">Tipo de terminal<\/td><td>T16 (M8)<\/td><\/tr><tr><td class=\"tbLeft\">Temperatura de trabajo<\/td><td>-15\u00baC ~ +40\u00baC<\/td><\/tr><tr><td class=\"tbLeft\">Temperatura de trabajo ideal<\/td><td>+20\u00baC ~ +25\u00baC<\/td><\/tr><tr><td class=\"tbLeft\">Dimensiones (mm)<\/td><td>522 x 238 x 222<\/td><\/tr><tr><td class=\"tbLeft\">Peso neto (kg)<\/td><td>54<\/td><\/tr><\/tbody><\/table>\t\t\t\t\t\t\t<\/div>\n\t\t\t\t\t\t\t\t\t\t\t<\/div>\n\n\t\t\t\t\t\t\t<\/div>\n\t\t<\/div>\n\t\t\t\t\t\t<\/div>\n\t\t\t\t<\/div>\n\t\t\t\t\t<\/div>\n\t\t<\/div>\n\t\t\t\t\t<\/div>\n\t\t<\/section>\n\t\t\t\t\t<\/div>\n\t\t<\/div>\n\t\t\t\t\t<\/div>\n\t\t<\/section>\n\t\t\t\t<section class=\"wd-negative-gap elementor-section elementor-top-section elementor-element elementor-element-d14c4c5 Link_Buttons elementor-section-boxed elementor-section-height-default elementor-section-height-default\" data-id=\"d14c4c5\" data-element_type=\"section\" data-e-type=\"section\" data-settings=\"{&quot;background_background&quot;:&quot;classic&quot;}\">\n\t\t\t\t\t\t<div class=\"elementor-container elementor-column-gap-custom\">\n\t\t\t\t\t<div class=\"elementor-column elementor-col-100 elementor-top-column elementor-element elementor-element-8790265\" data-id=\"8790265\" data-element_type=\"column\" data-e-type=\"column\">\n\t\t\t<div class=\"elementor-widget-wrap elementor-element-populated\">\n\t\t\t\t\t\t<div class=\"elementor-element elementor-element-866a5da elementor-view-framed elementor-shape-circle elementor-position-block-start elementor-mobile-position-block-start elementor-widget elementor-widget-icon-box\" data-id=\"866a5da\" data-element_type=\"widget\" data-e-type=\"widget\" data-widget_type=\"icon-box.default\">\n\t\t\t\t\t\t\t<div class=\"elementor-icon-box-wrapper\">\n\n\t\t\t\t\t\t<div class=\"elementor-icon-box-icon\">\n\t\t\t\t<a href=\"https:\/\/enertik.com\/wp-content\/uploads\/sites\/2\/documentos\/folletos\/folleto-bateria-taiyo-tyg12-200.pdf\" target=\"_blank\" class=\"elementor-icon\" tabindex=\"-1\">\n\t\t\t\t<svg aria-hidden=\"true\" class=\"e-font-icon-svg e-fas-book-open\" viewBox=\"0 0 576 512\" xmlns=\"http:\/\/www.w3.org\/2000\/svg\"><path d=\"M542.22 32.05c-54.8 3.11-163.72 14.43-230.96 55.59-4.64 2.84-7.27 7.89-7.27 13.17v363.87c0 11.55 12.63 18.85 23.28 13.49 69.18-34.82 169.23-44.32 218.7-46.92 16.89-.89 30.02-14.43 30.02-30.66V62.75c.01-17.71-15.35-31.74-33.77-30.7zM264.73 87.64C197.5 46.48 88.58 35.17 33.78 32.05 15.36 31.01 0 45.04 0 62.75V400.6c0 16.24 13.13 29.78 30.02 30.66 49.49 2.6 149.59 12.11 218.77 46.95 10.62 5.35 23.21-1.94 23.21-13.46V100.63c0-5.29-2.62-10.14-7.27-12.99z\"><\/path><\/svg>\t\t\t\t<\/a>\n\t\t\t<\/div>\n\t\t\t\n\t\t\t\t\t\t<div class=\"elementor-icon-box-content\">\n\n\t\t\t\t\n\t\t\t\t\t\t\t\t\t<p class=\"elementor-icon-box-description\">\n\t\t\t\t\t\tFOLLETO\t\t\t\t\t<\/p>\n\t\t\t\t\n\t\t\t<\/div>\n\t\t\t\n\t\t<\/div>\n\t\t\t\t\t\t<\/div>\n\t\t\t\t\t<\/div>\n\t\t<\/div>\n\t\t\t\t\t<\/div>\n\t\t<\/section>\n\t\t\t\t<section class=\"wd-negative-gap elementor-section elementor-top-section elementor-element elementor-element-e67827d elementor-section-boxed elementor-section-height-default elementor-section-height-default\" data-id=\"e67827d\" data-element_type=\"section\" data-e-type=\"section\">\n\t\t\t\t\t\t<div class=\"elementor-container elementor-column-gap-default\">\n\t\t\t\t\t<div class=\"elementor-column elementor-col-100 elementor-top-column elementor-element elementor-element-8d07b21\" data-id=\"8d07b21\" data-element_type=\"column\" data-e-type=\"column\">\n\t\t\t<div class=\"elementor-widget-wrap elementor-element-populated\">\n\t\t\t\t\t\t<div class=\"elementor-element elementor-element-198360e elementor-widget elementor-widget-wd_text_block\" data-id=\"198360e\" data-element_type=\"widget\" data-e-type=\"widget\" data-widget_type=\"wd_text_block.default\">\n\t\t\t\t<div class=\"elementor-widget-container\">\n\t\t\t\t\t\t\t<div class=\"wd-text-block reset-last-child text-left\">\n\t\t\t\n\t\t\t<div class=\"productDetails__block-content\"><h3>IMPORTANTE<\/h3><article><p>Al recargar estas bater\u00edas, debe cuidarse la cantidad de corriente que entrega el cargador. Si la corriente es excesiva, se genera abundante gasificaci\u00f3n al interior de la bater\u00eda y esto provoca la dilataci\u00f3n (\"hinchaz\u00f3n\" y deformaci\u00f3n), de la caja. La bater\u00eda se vuelve inservible.<\/p><p>Es recomendable iniciar la carga, con un rango de tensi\u00f3n equivalente en valor a 1\/10 de la capacidad de la bater\u00eda. Ejemplo, si se trata de una bater\u00eda de 12 voltios 7 Ah (como las que se usan en los equipos de luces de emergencia), es recomendable iniciar la recarga con una corriente de 0.7 amperios.<\/p><\/article><h3>CICLOS DE VIDA<\/h3><article><h5>\u00bfCu\u00e1ntos ciclos deber\u00eda producir una bater\u00eda de ciclo profundo?<\/h5><p>Es dif\u00edcil calcular los ciclos de vida de las bater\u00edas ya que dependen de muchos factores. Algunos de los factores son el mantenimiento, el porcentaje de descarga, temperatura de la bater\u00eda, cantidad de veces que se descarga, vibraci\u00f3n, etc.<\/p><p>Uno de los factores m\u00e1s importantes es la cantidad (en porcentaje) de descarga de la bater\u00eda (DOD) por ciclo. Cuando la cantidad de DOD es incrementada por ciclo, resulta en una reducci\u00f3n del total de ciclos de la bater\u00eda.<\/p><p>Si por ejemplo, una bater\u00eda es descargada constantemente al 100% DOD (considerando que las otras variables son constantes), el ciclo total de vida de la bater\u00eda podr\u00eda ser la mitad de una que es descargada solamente al 50%. Con esto, nos damos cuenta que para optimizar la duraci\u00f3n de las bater\u00edas es recomendable no descargarlas m\u00e1s del 50%. Recuerda que existen muchos otros factores que afectan la vida de las bater\u00edas. Si las bater\u00edas trabajan a temperaturas de 36 grados cent\u00edgrados constantemente, los ciclos de vida se reducir\u00edan dr\u00e1sticamente.<\/p><\/article><\/div>\n\t\t\t\t\t<\/div>\n\t\t\t\t\t\t<\/div>\n\t\t\t\t<\/div>\n\t\t\t\t\t<\/div>\n\t\t<\/div>\n\t\t\t\t\t<\/div>\n\t\t<\/section>\n\t\t\t\t<\/div>\n\t\t","protected":false},"excerpt":{"rendered":"<p>12V 200Ah. Ideal para sistema fotovoltaico, de UPS y na\u00faticos. Gran capacidad de ciclados. Mejor rendimiento en lugares con gran variaciones de temperatura, con vibraciones y en movimiento. Con alta potencia y autodescarga muy baja. El estado interno s\u00f3lido significa cero posibilidad del derrame del \u00e1cido y tiene mejor resistencia a descargas profundas.<\/p>\n<p class=\"p1\"><span class=\"s1\"><b>[<\/b><\/span><b> Incluye pernos y arandelas de tama\u00f1os correspondientes <\/b><span class=\"s1\"><b>]<\/b><\/span><b> <\/b><\/p>\n","protected":false},"featured_media":35024,"comment_status":"open","ping_status":"closed","template":"","meta":{"_relevanssi_hide_post":"","_relevanssi_hide_content":"","_relevanssi_pin_for_all":"","_relevanssi_pin_keywords":"","_relevanssi_unpin_keywords":"","_relevanssi_related_keywords":"","_relevanssi_related_include_ids":"","_relevanssi_related_exclude_ids":"","_relevanssi_related_no_append":"","_relevanssi_related_not_related":"","_relevanssi_related_posts":"","_relevanssi_noindex_reason":"","inline_featured_image":false},"product_brand":[],"product_cat":[1736,1733],"product_tag":[1958],"class_list":{"0":"post-10721","1":"product","2":"type-product","3":"status-publish","4":"has-post-thumbnail","6":"product_cat-baterias-gel","7":"product_cat-sistemas-de-almacenamiento","8":"product_tag-nuevos","9":"product_shipping_class-envio-gratis","10":"pa_gtin-3826","11":"pa_label-envio-gratis-a-todo-el-pais","12":"pa_marca-taiyo","13":"pa_mpn-tyg12-200","14":"pa_voltaje-12v","16":"first","17":"instock","18":"taxable","19":"shipping-taxable","20":"purchasable","21":"product-type-simple"},"bundled_by":[],"bundle_stock_status":"instock","bundle_stock_quantity":14,"bundle_virtual":false,"bundle_layout":"","bundle_add_to_cart_form_location":"","bundle_editable_in_cart":false,"bundle_sold_individually_context":"","bundle_item_grouping":"","bundle_min_size":"","bundle_max_size":"","bundle_price":[],"bundled_items":[],"bundle_sell_ids":[],"group_of_quantity":0,"min_quantity":0,"max_quantity":"","exclude_order_quantity_value_rules":"no","exclude_category_quantity_rules":"no","combine_variations":"no","exclude_global_add_ons":[],"addons":[],"_links":{"self":[{"href":"https:\/\/enertik.com\/mx\/wp-json\/wp\/v2\/product\/10721","targetHints":{"allow":["GET"]}}],"collection":[{"href":"https:\/\/enertik.com\/mx\/wp-json\/wp\/v2\/product"}],"about":[{"href":"https:\/\/enertik.com\/mx\/wp-json\/wp\/v2\/types\/product"}],"replies":[{"embeddable":true,"href":"https:\/\/enertik.com\/mx\/wp-json\/wp\/v2\/comments?post=10721"}],"version-history":[{"count":0,"href":"https:\/\/enertik.com\/mx\/wp-json\/wp\/v2\/product\/10721\/revisions"}],"wp:featuredmedia":[{"embeddable":true,"href":"https:\/\/enertik.com\/mx\/wp-json\/wp\/v2\/media\/35024"}],"wp:attachment":[{"href":"https:\/\/enertik.com\/mx\/wp-json\/wp\/v2\/media?parent=10721"}],"wp:term":[{"taxonomy":"product_brand","embeddable":true,"href":"https:\/\/enertik.com\/mx\/wp-json\/wp\/v2\/product_brand?post=10721"},{"taxonomy":"product_cat","embeddable":true,"href":"https:\/\/enertik.com\/mx\/wp-json\/wp\/v2\/product_cat?post=10721"},{"taxonomy":"product_tag","embeddable":true,"href":"https:\/\/enertik.com\/mx\/wp-json\/wp\/v2\/product_tag?post=10721"}],"curies":[{"name":"wp","href":"https:\/\/api.w.org\/{rel}","templated":true}]}}