{"id":10482,"date":"2023-02-21T08:08:45","date_gmt":"2023-02-21T14:08:45","guid":{"rendered":"https:\/\/test.enertik.com\/mx\/?post_type=product&#038;p=10482"},"modified":"2026-02-17T23:57:25","modified_gmt":"2026-02-18T05:57:25","slug":"inversor-de-bombeo-solar-invt-linea-bpd-1500w","status":"publish","type":"product","link":"https:\/\/enertik.com\/mx\/tienda\/bombeo-solar\/vfd-solares\/inversor-de-bombeo-solar-invt-linea-bpd-1500w\/","title":{"rendered":"Inversor de Bombeo Solar INVT L\u00ednea BPD &#8211; 1500W"},"content":{"rendered":"\t\t<div data-elementor-type=\"product-post\" data-elementor-id=\"10482\" class=\"elementor elementor-10482\" data-elementor-post-type=\"product\">\n\t\t\t\t\t\t<section class=\"wd-negative-gap elementor-section elementor-top-section elementor-element elementor-element-a427940 Product_Description elementor-section-boxed elementor-section-height-default elementor-section-height-default\" data-id=\"a427940\" data-element_type=\"section\" data-e-type=\"section\">\n\t\t\t\t\t\t<div class=\"elementor-container elementor-column-gap-default\">\n\t\t\t\t\t<div class=\"elementor-column elementor-col-100 elementor-top-column elementor-element elementor-element-95aff8b\" data-id=\"95aff8b\" data-element_type=\"column\" data-e-type=\"column\" data-settings=\"{&quot;background_background&quot;:&quot;classic&quot;}\">\n\t\t\t<div class=\"elementor-widget-wrap elementor-element-populated\">\n\t\t\t\t\t\t<section class=\"wd-negative-gap elementor-section elementor-inner-section elementor-element elementor-element-7b342c9 elementor-section-boxed elementor-section-height-default elementor-section-height-default\" data-id=\"7b342c9\" data-element_type=\"section\" data-e-type=\"section\">\n\t\t\t\t\t\t<div class=\"elementor-container elementor-column-gap-default\">\n\t\t\t\t\t<div class=\"elementor-column elementor-col-100 elementor-inner-column elementor-element elementor-element-f329763\" data-id=\"f329763\" data-element_type=\"column\" data-e-type=\"column\">\n\t\t\t<div class=\"elementor-widget-wrap elementor-element-populated\">\n\t\t\t\t\t\t<div class=\"elementor-element elementor-element-ede61ac elementor-widget elementor-widget-wd_tabs\" data-id=\"ede61ac\" data-element_type=\"widget\" data-e-type=\"widget\" data-widget_type=\"wd_tabs.default\">\n\t\t\t\t<div class=\"elementor-widget-container\">\n\t\t\t\t\t\t\t<div class=\"wd-tabs tabs-design-default\">\n\t\t\t<div class=\"wd-tabs-header text-center\">\n\t\t\t\t\n\t\t\t\t\n\t\t\t\t<div class=\"wd-nav-wrapper wd-nav-tabs-wrapper wd-mb-action-swipe\">\n\t\t\t\t\t<ul class=\"wd-nav wd-nav-tabs wd-icon-pos-left wd-style-underline\">\n\t\t\t\t\t\t\t\t\t\t\t\t\t\n\t\t\t\t\t\t\t<li>\n\t\t\t\t\t\t\t\t<a href=\"#\" class=\"wd-nav-link\">\n\t\t\t\t\t\t\t\t\t\n\t\t\t\t\t\t\t\t\t<span class=\"nav-link-text wd-tabs-title\">\n\t\t\t\t\t\t\t\t\t\tDESCRIPCI\u00d3N\t\t\t\t\t\t\t\t\t<\/span>\n\t\t\t\t\t\t\t\t<\/a>\n\t\t\t\t\t\t\t<\/li>\n\n\t\t\t\t\t\t\t\t\t\t\t\t\t\n\t\t\t\t\t\t\t<li>\n\t\t\t\t\t\t\t\t<a href=\"#\" class=\"wd-nav-link\">\n\t\t\t\t\t\t\t\t\t\n\t\t\t\t\t\t\t\t\t<span class=\"nav-link-text wd-tabs-title\">\n\t\t\t\t\t\t\t\t\t\tESPECIFICACIONES\t\t\t\t\t\t\t\t\t<\/span>\n\t\t\t\t\t\t\t\t<\/a>\n\t\t\t\t\t\t\t<\/li>\n\n\t\t\t\t\t\t\t\t\t\t\t<\/ul>\n\t\t\t\t<\/div>\n\t\t\t<\/div>\n\n\t\t\t<div class=\"wd-tabs-content-wrapper\">\n\t\t\t\t\t\t\t\t\t\t\t\t\t\t\n\t\t\t\t\t<div class=\"wd-tab-content wd-entry-content\">\n\t\t\t\t\t\t\t\t\t\t\t\t\t<div >\n\t\t\t\t\t\t\t\t<h2>VENTAJAS<\/h2><ul><li>Algoritmo MPPT avanzado<\/li><li>MPPT de alta velocidad para el seguimiento en tiempo real de energ\u00eda y la mejora de la recolecci\u00f3n de energ\u00eda<\/li><li>Amplio rango de voltaje de operaci\u00f3n<\/li><li>Configuraci\u00f3n inteligente de l\u00edneas de paneles, que permite ahorrar en cantidad de m\u00f3dulos requeridos<\/li><li>Funci\u00f3n de arranque suave<\/li><li>Apto para operar bajo condiciones severas<\/li><li>Grado de protecci\u00f3n IP65<\/li><li>F\u00e1cil de instalar y usar, seguro y fiable<\/li><li>Construcci\u00f3n robusta<\/li><li>Libre mantenimiento<\/li><\/ul><h2>PROTECCIONES DEL EQUIPO<\/h2><ul><li class=\"ulBgColor\">Cortocircuito<\/li><li>Sobrecarga<\/li><li class=\"ulBgColor\">Alta tensi\u00f3n de entrada<\/li><li>Baja tensi\u00f3n de entrada<\/li><li class=\"ulBgColor\">Sobre temperatura<\/li><\/ul><h2>SOBRE VARIADORES DE FRECUENCIA PARA BOMBEO SOLAR<\/h2><p>La mitad de la energ\u00eda producida en todo el mundo se utiliza para operar bombas. En comparaci\u00f3n con las bombas de generador di\u00e9sel, el variador de frecuencia para bombeo solar INVT es respetuoso con el medio ambiente, tiene una larga vida \u00fatil y bajos costes de mantenimiento. Es independiente de la red y no produce contaminaci\u00f3n ni ruido. Las aplicaciones t\u00edpicas son el riego, el suministro de agua a comunidades, la piscicultura y la agricultura.<\/p><p>El variador de frecuencia para bombeo solar tiene muchas funciones espec\u00edficas de control solar y de bomba, como el seguimiento del punto de potencia m\u00e1ximo incorporado y la detecci\u00f3n de funcionamiento en seco, as\u00ed como el c\u00e1lculo del caudal sin sensor.<\/p><p>El seguimiento del punto de potencia m\u00e1ximo (MPPT) le asegura obtener la mejor potencia de salida posible de su panel solar y maximiza el rendimiento de su bomba a lo largo del d\u00eda, mientras que el arranque autom\u00e1tico y la parada en funci\u00f3n de la radiaci\u00f3n solar pueden ahorrar dinero y combustible (en el caso de disponer de un generador di\u00e9sel) durante las horas diurnas.<\/p>\t\t\t\t\t\t\t<\/div>\n\t\t\t\t\t\t\t\t\t\t\t<\/div>\n\n\t\t\t\t\t\t\t\t\t\t\t\t\t\t\n\t\t\t\t\t<div class=\"wd-tab-content wd-entry-content\">\n\t\t\t\t\t\t\t\t\t\t\t\t\t<div >\n\t\t\t\t\t\t\t\t<table><tbody><tr class=\"tbBorderNone\"><td class=\"tbLeft\">Modelo<\/td><td>INVT BPD1K5TN(AC)<\/td><\/tr><tr><td class=\"tbTit\" colspan=\"2\">Entrada CC<\/td><\/tr><tr><td class=\"tbLeft\">Voltaje m\u00e1ximo<\/td><td>450VCC<\/td><\/tr><tr><td class=\"tbLeft\">Voltaje de arranque<\/td><td>100VCC<\/td><\/tr><tr><td class=\"tbLeft\">Voltaje de partida<\/td><td>80VCC<\/td><\/tr><tr><td class=\"tbLeft\">Rango voltaje MPPT<\/td><td>100 ~ 400VCC<\/td><\/tr><tr><td class=\"tbLeft\">Conexi\u00f3n de entrada<\/td><td>1 x MC4<\/td><\/tr><tr><td class=\"tbLeft\">Corriente m\u00e1xima<\/td><td>12A<\/td><\/tr><tr class=\"tbBorderNone\"><td class=\"tbLeft\">Paneles solares recomendados<\/td><td>310W (7\u00d71)<\/td><\/tr><tr><td class=\"tbTit\" colspan=\"2\">Entrada CA<\/td><\/tr><tr><td class=\"tbLeft\">Voltaje de entrada<\/td><td>220VCA<\/td><\/tr><tr><td class=\"tbLeft\">Frecuencia<\/td><td>47 ~ 63Hz<\/td><\/tr><tr class=\"tbBorderNone\"><td class=\"tbLeft\">Terminal<\/td><td>1P2L (L,N,PE)<\/td><\/tr><tr><td class=\"tbTit\" colspan=\"2\">Salida CA<\/td><\/tr><tr><td class=\"tbLeft\">Potencia nominal<\/td><td>1500W<\/td><\/tr><tr><td class=\"tbLeft\">Corriente nominal<\/td><td>10.2A (1 fase) | 7.5A (3 fases)<\/td><\/tr><tr><td class=\"tbLeft\">Voltaje de salida<\/td><td>220VCA<\/td><\/tr><tr class=\"tbBorderNone\"><td class=\"tbLeft\">Frecuencia<\/td><td>1 ~ 400Hz<\/td><\/tr><tr><td class=\"tbTit\" colspan=\"2\">Datos de la bomba<\/td><\/tr><tr><td class=\"tbLeft\">Potencia (m\u00e1xima)<\/td><td>1 HP (1 Fase) \/ 2 HP (3 Fases)<\/td><\/tr><tr class=\"tbBorderNone\"><td class=\"tbLeft\">Tipo de motor<\/td><td>Motor asincr\u00f3nico TRIF\u00c1SICO<\/td><\/tr><tr><td class=\"tbTit\" colspan=\"2\">Datos generales<\/td><\/tr><tr><td class=\"tbLeft\">Protecci\u00f3n para intemperie<\/td><td>IP65<\/td><\/tr><tr><td class=\"tbLeft\">Refrigeraci\u00f3n<\/td><td>Natural<\/td><\/tr><tr><td class=\"tbLeft\">Temperatura de operaci\u00f3n<\/td><td>-25\u00b0C ~ +60\u00b0C<\/td><\/tr><tr><td class=\"tbLeft\">Altitud<\/td><td>3000m<\/td><\/tr><tr><td class=\"tbLeft\">Puerto de comunicaci\u00f3n<\/td><td>RS485 \/ 3 entrada digital<\/td><\/tr><tr><td class=\"tbLeft\">Dimensiones (mm)<\/td><td>280 x 300 x 137<\/td><\/tr><tr class=\"tbBorderNone\"><td class=\"tbLeft\">Peso neto (kg)<\/td><td>7<\/td><\/tr><tr><td class=\"tbTit\" colspan=\"2\">Especificaciones del embalaje<\/td><\/tr><tr><td class=\"tbLeft\">Peso neto (kg)<\/td><td>9<\/td><\/tr><\/tbody><\/table>\t\t\t\t\t\t\t<\/div>\n\t\t\t\t\t\t\t\t\t\t\t<\/div>\n\n\t\t\t\t\t\t\t<\/div>\n\t\t<\/div>\n\t\t\t\t\t\t<\/div>\n\t\t\t\t<\/div>\n\t\t\t\t\t<\/div>\n\t\t<\/div>\n\t\t\t\t\t<\/div>\n\t\t<\/section>\n\t\t\t\t\t<\/div>\n\t\t<\/div>\n\t\t\t\t\t<\/div>\n\t\t<\/section>\n\t\t\t\t<section class=\"wd-negative-gap elementor-section elementor-top-section elementor-element elementor-element-1a094f2 Link_Buttons elementor-section-boxed elementor-section-height-default elementor-section-height-default\" data-id=\"1a094f2\" data-element_type=\"section\" data-e-type=\"section\" data-settings=\"{&quot;background_background&quot;:&quot;classic&quot;}\">\n\t\t\t\t\t\t<div class=\"elementor-container elementor-column-gap-custom\">\n\t\t\t\t\t<div class=\"elementor-column elementor-col-25 elementor-top-column elementor-element elementor-element-f38a1d1\" data-id=\"f38a1d1\" data-element_type=\"column\" data-e-type=\"column\">\n\t\t\t<div class=\"elementor-widget-wrap elementor-element-populated\">\n\t\t\t\t\t\t<div class=\"elementor-element elementor-element-7372293 elementor-view-framed elementor-shape-circle elementor-position-block-start elementor-mobile-position-block-start elementor-widget elementor-widget-icon-box\" data-id=\"7372293\" data-element_type=\"widget\" data-e-type=\"widget\" data-widget_type=\"icon-box.default\">\n\t\t\t\t\t\t\t<div class=\"elementor-icon-box-wrapper\">\n\n\t\t\t\t\t\t<div class=\"elementor-icon-box-icon\">\n\t\t\t\t<a href=\"https:\/\/enertik.com\/wp-content\/uploads\/sites\/2\/documentos\/manuales\/manual-variadores-de-frecuencia-invt-bpd.pdf\" target=\"_blank\" class=\"elementor-icon\" tabindex=\"-1\">\n\t\t\t\t<svg aria-hidden=\"true\" class=\"e-font-icon-svg e-fas-book\" viewBox=\"0 0 448 512\" xmlns=\"http:\/\/www.w3.org\/2000\/svg\"><path d=\"M448 360V24c0-13.3-10.7-24-24-24H96C43 0 0 43 0 96v320c0 53 43 96 96 96h328c13.3 0 24-10.7 24-24v-16c0-7.5-3.5-14.3-8.9-18.7-4.2-15.4-4.2-59.3 0-74.7 5.4-4.3 8.9-11.1 8.9-18.6zM128 134c0-3.3 2.7-6 6-6h212c3.3 0 6 2.7 6 6v20c0 3.3-2.7 6-6 6H134c-3.3 0-6-2.7-6-6v-20zm0 64c0-3.3 2.7-6 6-6h212c3.3 0 6 2.7 6 6v20c0 3.3-2.7 6-6 6H134c-3.3 0-6-2.7-6-6v-20zm253.4 250H96c-17.7 0-32-14.3-32-32 0-17.6 14.4-32 32-32h285.4c-1.9 17.1-1.9 46.9 0 64z\"><\/path><\/svg>\t\t\t\t<\/a>\n\t\t\t<\/div>\n\t\t\t\n\t\t\t\t\t\t<div class=\"elementor-icon-box-content\">\n\n\t\t\t\t\n\t\t\t\t\t\t\t\t\t<p class=\"elementor-icon-box-description\">\n\t\t\t\t\t\tMANUAL\t\t\t\t\t<\/p>\n\t\t\t\t\n\t\t\t<\/div>\n\t\t\t\n\t\t<\/div>\n\t\t\t\t\t\t<\/div>\n\t\t\t\t\t<\/div>\n\t\t<\/div>\n\t\t\t\t<div class=\"elementor-column elementor-col-25 elementor-top-column elementor-element elementor-element-eb719ad\" data-id=\"eb719ad\" data-element_type=\"column\" data-e-type=\"column\">\n\t\t\t<div class=\"elementor-widget-wrap elementor-element-populated\">\n\t\t\t\t\t\t<div class=\"elementor-element elementor-element-57bb5b9 elementor-view-framed elementor-shape-circle elementor-position-block-start elementor-mobile-position-block-start elementor-widget elementor-widget-icon-box\" data-id=\"57bb5b9\" data-element_type=\"widget\" data-e-type=\"widget\" data-widget_type=\"icon-box.default\">\n\t\t\t\t\t\t\t<div class=\"elementor-icon-box-wrapper\">\n\n\t\t\t\t\t\t<div class=\"elementor-icon-box-icon\">\n\t\t\t\t<a href=\"https:\/\/enertik.com\/wp-content\/uploads\/sites\/2\/documentos\/folletos\/bpd-0.75-5.5kw-leaflets-en-v4.0.pdf\" target=\"_blank\" class=\"elementor-icon\" tabindex=\"-1\">\n\t\t\t\t<svg aria-hidden=\"true\" class=\"e-font-icon-svg e-fas-info\" viewBox=\"0 0 192 512\" xmlns=\"http:\/\/www.w3.org\/2000\/svg\"><path d=\"M20 424.229h20V279.771H20c-11.046 0-20-8.954-20-20V212c0-11.046 8.954-20 20-20h112c11.046 0 20 8.954 20 20v212.229h20c11.046 0 20 8.954 20 20V492c0 11.046-8.954 20-20 20H20c-11.046 0-20-8.954-20-20v-47.771c0-11.046 8.954-20 20-20zM96 0C56.235 0 24 32.235 24 72s32.235 72 72 72 72-32.235 72-72S135.764 0 96 0z\"><\/path><\/svg>\t\t\t\t<\/a>\n\t\t\t<\/div>\n\t\t\t\n\t\t\t\t\t\t<div class=\"elementor-icon-box-content\">\n\n\t\t\t\t\n\t\t\t\t\t\t\t\t\t<p class=\"elementor-icon-box-description\">\n\t\t\t\t\t\tINTRODUCCI\u00d3N - SERIE BPD\t\t\t\t\t<\/p>\n\t\t\t\t\n\t\t\t<\/div>\n\t\t\t\n\t\t<\/div>\n\t\t\t\t\t\t<\/div>\n\t\t\t\t\t<\/div>\n\t\t<\/div>\n\t\t\t\t<div class=\"elementor-column elementor-col-25 elementor-top-column elementor-element elementor-element-ec3a30a\" data-id=\"ec3a30a\" data-element_type=\"column\" data-e-type=\"column\">\n\t\t\t<div class=\"elementor-widget-wrap elementor-element-populated\">\n\t\t\t\t\t\t<div class=\"elementor-element elementor-element-9c620a4 elementor-view-framed elementor-shape-circle elementor-position-block-start elementor-mobile-position-block-start elementor-widget elementor-widget-icon-box\" data-id=\"9c620a4\" data-element_type=\"widget\" data-e-type=\"widget\" data-widget_type=\"icon-box.default\">\n\t\t\t\t\t\t\t<div class=\"elementor-icon-box-wrapper\">\n\n\t\t\t\t\t\t<div class=\"elementor-icon-box-icon\">\n\t\t\t\t<a href=\"https:\/\/enertik.com\/wp-content\/uploads\/sites\/2\/documentos\/folletos\/folleto-invt-potencia-maxima-en-hp.pdf\" target=\"_blank\" class=\"elementor-icon\" tabindex=\"-1\">\n\t\t\t\t<svg aria-hidden=\"true\" class=\"e-font-icon-svg e-fas-book-open\" viewBox=\"0 0 576 512\" xmlns=\"http:\/\/www.w3.org\/2000\/svg\"><path d=\"M542.22 32.05c-54.8 3.11-163.72 14.43-230.96 55.59-4.64 2.84-7.27 7.89-7.27 13.17v363.87c0 11.55 12.63 18.85 23.28 13.49 69.18-34.82 169.23-44.32 218.7-46.92 16.89-.89 30.02-14.43 30.02-30.66V62.75c.01-17.71-15.35-31.74-33.77-30.7zM264.73 87.64C197.5 46.48 88.58 35.17 33.78 32.05 15.36 31.01 0 45.04 0 62.75V400.6c0 16.24 13.13 29.78 30.02 30.66 49.49 2.6 149.59 12.11 218.77 46.95 10.62 5.35 23.21-1.94 23.21-13.46V100.63c0-5.29-2.62-10.14-7.27-12.99z\"><\/path><\/svg>\t\t\t\t<\/a>\n\t\t\t<\/div>\n\t\t\t\n\t\t\t\t\t\t<div class=\"elementor-icon-box-content\">\n\n\t\t\t\t\n\t\t\t\t\t\t\t\t\t<p class=\"elementor-icon-box-description\">\n\t\t\t\t\t\tFOLLETO\t\t\t\t\t<\/p>\n\t\t\t\t\n\t\t\t<\/div>\n\t\t\t\n\t\t<\/div>\n\t\t\t\t\t\t<\/div>\n\t\t\t\t\t<\/div>\n\t\t<\/div>\n\t\t\t\t<div class=\"elementor-column elementor-col-25 elementor-top-column elementor-element elementor-element-881169f\" data-id=\"881169f\" data-element_type=\"column\" data-e-type=\"column\">\n\t\t\t<div class=\"elementor-widget-wrap elementor-element-populated\">\n\t\t\t\t\t\t<div class=\"elementor-element elementor-element-0a3b7a3 elementor-view-framed elementor-shape-circle elementor-position-block-start elementor-mobile-position-block-start elementor-widget elementor-widget-icon-box\" data-id=\"0a3b7a3\" data-element_type=\"widget\" data-e-type=\"widget\" data-widget_type=\"icon-box.default\">\n\t\t\t\t\t\t\t<div class=\"elementor-icon-box-wrapper\">\n\n\t\t\t\t\t\t<div class=\"elementor-icon-box-icon\">\n\t\t\t\t<a href=\"https:\/\/enertik.com\/wp-content\/uploads\/sites\/2\/documentos\/folletos\/folleto-invt-comparativa-de-modelos.pdf\" target=\"_blank\" class=\"elementor-icon\" tabindex=\"-1\">\n\t\t\t\t<svg aria-hidden=\"true\" class=\"e-font-icon-svg e-fas-copy\" viewBox=\"0 0 448 512\" xmlns=\"http:\/\/www.w3.org\/2000\/svg\"><path d=\"M320 448v40c0 13.255-10.745 24-24 24H24c-13.255 0-24-10.745-24-24V120c0-13.255 10.745-24 24-24h72v296c0 30.879 25.121 56 56 56h168zm0-344V0H152c-13.255 0-24 10.745-24 24v368c0 13.255 10.745 24 24 24h272c13.255 0 24-10.745 24-24V128H344c-13.2 0-24-10.8-24-24zm120.971-31.029L375.029 7.029A24 24 0 0 0 358.059 0H352v96h96v-6.059a24 24 0 0 0-7.029-16.97z\"><\/path><\/svg>\t\t\t\t<\/a>\n\t\t\t<\/div>\n\t\t\t\n\t\t\t\t\t\t<div class=\"elementor-icon-box-content\">\n\n\t\t\t\t\n\t\t\t\t\t\t\t\t\t<p class=\"elementor-icon-box-description\">\n\t\t\t\t\t\tCOMPARATIVA - FAMILIAS INVT\t\t\t\t\t<\/p>\n\t\t\t\t\n\t\t\t<\/div>\n\t\t\t\n\t\t<\/div>\n\t\t\t\t\t\t<\/div>\n\t\t\t\t\t<\/div>\n\t\t<\/div>\n\t\t\t\t\t<\/div>\n\t\t<\/section>\n\t\t\t\t<\/div>\n\t\t","protected":false},"excerpt":{"rendered":"<p>Potencia Nominal 1500W. Compatible con bombas tanto monof\u00e1sicas como trif\u00e1sicas de 220VCA. Acepta entrada desde paneles y desde CA Monof\u00e1sica. IP65. Algoritmo MPPT avanzado. Funci\u00f3n de arranque suave. Construcci\u00f3n robusta.<\/p>\n","protected":false},"featured_media":9037,"comment_status":"open","ping_status":"closed","template":"","meta":{"_relevanssi_hide_post":"","_relevanssi_hide_content":"","_relevanssi_pin_for_all":"","_relevanssi_pin_keywords":"","_relevanssi_unpin_keywords":"","_relevanssi_related_keywords":"","_relevanssi_related_include_ids":"","_relevanssi_related_exclude_ids":"","_relevanssi_related_no_append":"","_relevanssi_related_not_related":"","_relevanssi_related_posts":"","_relevanssi_noindex_reason":"","inline_featured_image":false},"product_brand":[],"product_cat":[1715],"product_tag":[],"class_list":{"0":"post-10482","1":"product","2":"type-product","3":"status-publish","4":"has-post-thumbnail","6":"product_cat-vfd-solares","7":"pa_marca-invt","8":"pa_mpn-bpd1k5tnac","9":"pa_potencia-1500w","10":"pa_serie-serie-bpd","12":"first","13":"instock","14":"taxable","15":"shipping-taxable","16":"purchasable","17":"product-type-simple"},"bundled_by":[],"bundle_stock_status":"instock","bundle_stock_quantity":6,"bundle_virtual":false,"bundle_layout":"","bundle_add_to_cart_form_location":"","bundle_editable_in_cart":false,"bundle_sold_individually_context":"","bundle_item_grouping":"","bundle_min_size":"","bundle_max_size":"","bundle_price":[],"bundled_items":[],"bundle_sell_ids":[],"group_of_quantity":0,"min_quantity":0,"max_quantity":"","exclude_order_quantity_value_rules":"no","exclude_category_quantity_rules":"no","combine_variations":"no","exclude_global_add_ons":[],"addons":[],"_links":{"self":[{"href":"https:\/\/enertik.com\/mx\/wp-json\/wp\/v2\/product\/10482","targetHints":{"allow":["GET"]}}],"collection":[{"href":"https:\/\/enertik.com\/mx\/wp-json\/wp\/v2\/product"}],"about":[{"href":"https:\/\/enertik.com\/mx\/wp-json\/wp\/v2\/types\/product"}],"replies":[{"embeddable":true,"href":"https:\/\/enertik.com\/mx\/wp-json\/wp\/v2\/comments?post=10482"}],"version-history":[{"count":0,"href":"https:\/\/enertik.com\/mx\/wp-json\/wp\/v2\/product\/10482\/revisions"}],"wp:featuredmedia":[{"embeddable":true,"href":"https:\/\/enertik.com\/mx\/wp-json\/wp\/v2\/media\/9037"}],"wp:attachment":[{"href":"https:\/\/enertik.com\/mx\/wp-json\/wp\/v2\/media?parent=10482"}],"wp:term":[{"taxonomy":"product_brand","embeddable":true,"href":"https:\/\/enertik.com\/mx\/wp-json\/wp\/v2\/product_brand?post=10482"},{"taxonomy":"product_cat","embeddable":true,"href":"https:\/\/enertik.com\/mx\/wp-json\/wp\/v2\/product_cat?post=10482"},{"taxonomy":"product_tag","embeddable":true,"href":"https:\/\/enertik.com\/mx\/wp-json\/wp\/v2\/product_tag?post=10482"}],"curies":[{"name":"wp","href":"https:\/\/api.w.org\/{rel}","templated":true}]}}