{"id":32351,"date":"2025-05-16T02:33:35","date_gmt":"2025-05-16T08:33:35","guid":{"rendered":"https:\/\/enertik.com\/mx\/?page_id=32351"},"modified":"2025-05-16T02:34:32","modified_gmt":"2025-05-16T08:34:32","slug":"faq-baterias-de-opzv-tubulares-de-gel","status":"publish","type":"page","link":"https:\/\/enertik.com\/mx\/faq\/baterias-de-opzv-tubulares-de-gel\/","title":{"rendered":"FAQ &#8211; Bater\u00edas de OPzV (Tubulares de Gel)"},"content":{"rendered":"\t\t<div data-elementor-type=\"wp-page\" data-elementor-id=\"32351\" class=\"elementor elementor-32351\" data-elementor-post-type=\"page\">\n\t\t\t\t\t\t<section class=\"wd-negative-gap elementor-section elementor-top-section elementor-element elementor-element-c50b45d elementor-section-content-middle wd-section-stretch elementor-section-boxed elementor-section-height-default elementor-section-height-default\" data-id=\"c50b45d\" data-element_type=\"section\" data-e-type=\"section\" data-settings=\"{&quot;background_background&quot;:&quot;classic&quot;}\">\n\t\t\t\t\t\t<div class=\"elementor-container elementor-column-gap-extended\">\n\t\t\t\t\t<div class=\"elementor-column elementor-col-100 elementor-top-column elementor-element elementor-element-3649c73\" data-id=\"3649c73\" data-element_type=\"column\" data-e-type=\"column\">\n\t\t\t<div class=\"elementor-widget-wrap elementor-element-populated\">\n\t\t\t\t\t\t<div class=\"elementor-element elementor-element-efbe0e3 wd-width-100 elementor-widget elementor-widget-wd_title\" data-id=\"efbe0e3\" data-element_type=\"widget\" data-e-type=\"widget\" data-widget_type=\"wd_title.default\">\n\t\t\t\t<div class=\"elementor-widget-container\">\n\t\t\t\t\t\t\t<div class=\"title-wrapper wd-set-mb reset-last-child wd-title-color-primary wd-title-style-default wd-title-size-medium text-left\">\n\n\t\t\t\t\t\t\t\t\t\t\t<div class=\"title-subtitle subtitle-color-primary subtitle-style-default wd-fontsize-xs\">\n\t\t\t\t\tFAQ\t\t\t\t<\/div>\n\t\t\t\n\t\t\t<div class=\"liner-continer\">\n\t\t\t\t<h4 class=\"woodmart-title-container title wd-fontsize-xl\">Preguntas Frecuentes y sus Respuestas: Bater\u00edas de OPzV (Tubulares de Gel)<\/h4> \n\t\t\t\t\t\t\t<\/div>\n\n\t\t\t\t\t<\/div>\n\t\t\t\t\t\t<\/div>\n\t\t\t\t<\/div>\n\t\t\t\t\t<\/div>\n\t\t<\/div>\n\t\t\t\t\t<\/div>\n\t\t<\/section>\n\t\t\t\t<section class=\"wd-negative-gap elementor-section elementor-top-section elementor-element elementor-element-258857c elementor-section-boxed elementor-section-height-default elementor-section-height-default\" data-id=\"258857c\" data-element_type=\"section\" data-e-type=\"section\">\n\t\t\t\t\t\t<div class=\"elementor-container elementor-column-gap-default\">\n\t\t\t\t\t<div class=\"elementor-column elementor-col-100 elementor-top-column elementor-element elementor-element-fce6491\" data-id=\"fce6491\" data-element_type=\"column\" data-e-type=\"column\">\n\t\t\t<div class=\"elementor-widget-wrap elementor-element-populated\">\n\t\t\t\t\t\t<div class=\"elementor-element elementor-element-a5d4fcf elementor-widget elementor-widget-button\" data-id=\"a5d4fcf\" data-element_type=\"widget\" data-e-type=\"widget\" id=\"go-back-button\" data-widget_type=\"button.default\">\n\t\t\t\t\t\t\t\t\t\t<a class=\"elementor-button elementor-button-link elementor-size-sm\" href=\"#\">\n\t\t\t\t\t\t<span class=\"elementor-button-content-wrapper\">\n\t\t\t\t\t\t<span class=\"elementor-button-icon\">\n\t\t\t\t<svg aria-hidden=\"true\" class=\"e-font-icon-svg e-fas-long-arrow-alt-left\" viewBox=\"0 0 448 512\" xmlns=\"http:\/\/www.w3.org\/2000\/svg\"><path d=\"M134.059 296H436c6.627 0 12-5.373 12-12v-56c0-6.627-5.373-12-12-12H134.059v-46.059c0-21.382-25.851-32.09-40.971-16.971L7.029 239.029c-9.373 9.373-9.373 24.569 0 33.941l86.059 86.059c15.119 15.119 40.971 4.411 40.971-16.971V296z\"><\/path><\/svg>\t\t\t<\/span>\n\t\t\t\t\t\t\t\t\t<span class=\"elementor-button-text\">Volver<\/span>\n\t\t\t\t\t<\/span>\n\t\t\t\t\t<\/a>\n\t\t\t\t\t\t\t\t<\/div>\n\t\t\t\t<div class=\"elementor-element elementor-element-d210471 elementor-widget elementor-widget-html\" data-id=\"d210471\" data-element_type=\"widget\" data-e-type=\"widget\" data-widget_type=\"html.default\">\n\t\t\t\t\t<script type=\"text\/javascript\">\njQuery(document).ready(function() { jQuery('#go-back-button').on('click', function() {\nwindow.history.go(-1);\nreturn false; });\n}); <\/script>\t\t\t\t<\/div>\n\t\t\t\t\t<\/div>\n\t\t<\/div>\n\t\t\t\t\t<\/div>\n\t\t<\/section>\n\t\t\t\t<section class=\"wd-negative-gap elementor-section elementor-top-section elementor-element elementor-element-2961ddc elementor-section-boxed elementor-section-height-default elementor-section-height-default\" data-id=\"2961ddc\" data-element_type=\"section\" data-e-type=\"section\">\n\t\t\t\t\t\t<div class=\"elementor-container elementor-column-gap-default\">\n\t\t\t\t\t<div class=\"elementor-column elementor-col-100 elementor-top-column elementor-element elementor-element-3b3999d\" data-id=\"3b3999d\" data-element_type=\"column\" data-e-type=\"column\">\n\t\t\t<div class=\"elementor-widget-wrap elementor-element-populated\">\n\t\t\t\t\t\t<div class=\"elementor-element elementor-element-ddcdf99 elementor-widget elementor-widget-accordion\" data-id=\"ddcdf99\" data-element_type=\"widget\" data-e-type=\"widget\" data-widget_type=\"accordion.default\">\n\t\t\t\t\t\t\t<div class=\"elementor-accordion\">\n\t\t\t\t\t\t\t<div class=\"elementor-accordion-item\">\n\t\t\t\t\t<h4 id=\"elementor-tab-title-2321\" class=\"elementor-tab-title\" data-tab=\"1\" role=\"button\" aria-controls=\"elementor-tab-content-2321\" aria-expanded=\"false\">\n\t\t\t\t\t\t\t\t\t\t\t\t\t<span class=\"elementor-accordion-icon elementor-accordion-icon-left\" aria-hidden=\"true\">\n\t\t\t\t\t\t\t\t\t\t\t\t\t\t\t<span class=\"elementor-accordion-icon-closed\"><svg class=\"e-font-icon-svg e-fas-angle-down\" viewBox=\"0 0 320 512\" xmlns=\"http:\/\/www.w3.org\/2000\/svg\"><path d=\"M143 352.3L7 216.3c-9.4-9.4-9.4-24.6 0-33.9l22.6-22.6c9.4-9.4 24.6-9.4 33.9 0l96.4 96.4 96.4-96.4c9.4-9.4 24.6-9.4 33.9 0l22.6 22.6c9.4 9.4 9.4 24.6 0 33.9l-136 136c-9.2 9.4-24.4 9.4-33.8 0z\"><\/path><\/svg><\/span>\n\t\t\t\t\t\t\t\t<span class=\"elementor-accordion-icon-opened\"><svg class=\"e-font-icon-svg e-fas-angle-up\" viewBox=\"0 0 320 512\" xmlns=\"http:\/\/www.w3.org\/2000\/svg\"><path d=\"M177 159.7l136 136c9.4 9.4 9.4 24.6 0 33.9l-22.6 22.6c-9.4 9.4-24.6 9.4-33.9 0L160 255.9l-96.4 96.4c-9.4 9.4-24.6 9.4-33.9 0L7 329.7c-9.4-9.4-9.4-24.6 0-33.9l136-136c9.4-9.5 24.6-9.5 34-.1z\"><\/path><\/svg><\/span>\n\t\t\t\t\t\t\t\t\t\t\t\t\t\t<\/span>\n\t\t\t\t\t\t\t\t\t\t\t\t<a class=\"elementor-accordion-title\" tabindex=\"0\">\u00bfQu\u00e9 es una bater\u00eda OPzV y en qu\u00e9 se diferencia de otras bater\u00edas de plomo-\u00e1cido?<\/a>\n\t\t\t\t\t<\/h4>\n\t\t\t\t\t<div id=\"elementor-tab-content-2321\" class=\"elementor-tab-content elementor-clearfix\" data-tab=\"1\" role=\"region\" aria-labelledby=\"elementor-tab-title-2321\"><p data-start=\"108\" data-end=\"551\">Las bater\u00edas <strong data-start=\"4349\" data-end=\"4357\">OPzV<\/strong> son bater\u00edas de plomo-\u00e1cido <strong data-start=\"4386\" data-end=\"4408\">tubulares selladas<\/strong> con electrolito en gel. Son <strong data-start=\"4437\" data-end=\"4458\">de ciclo profundo<\/strong>, tienen <strong data-start=\"4467\" data-end=\"4486\">mayor vida \u00fatil<\/strong> y pueden soportar <strong data-start=\"4505\" data-end=\"4528\">m\u00e1s de 3.000 ciclos<\/strong>, lo que las hace superiores a las AGM y GEL est\u00e1ndar, pero inferiores a las bater\u00edas de litio en t\u00e9rminos de durabilidad.<\/p><\/div>\n\t\t\t\t<\/div>\n\t\t\t\t\t\t\t<div class=\"elementor-accordion-item\">\n\t\t\t\t\t<h4 id=\"elementor-tab-title-2322\" class=\"elementor-tab-title\" data-tab=\"2\" role=\"button\" aria-controls=\"elementor-tab-content-2322\" aria-expanded=\"false\">\n\t\t\t\t\t\t\t\t\t\t\t\t\t<span class=\"elementor-accordion-icon elementor-accordion-icon-left\" aria-hidden=\"true\">\n\t\t\t\t\t\t\t\t\t\t\t\t\t\t\t<span class=\"elementor-accordion-icon-closed\"><svg class=\"e-font-icon-svg e-fas-angle-down\" viewBox=\"0 0 320 512\" xmlns=\"http:\/\/www.w3.org\/2000\/svg\"><path d=\"M143 352.3L7 216.3c-9.4-9.4-9.4-24.6 0-33.9l22.6-22.6c9.4-9.4 24.6-9.4 33.9 0l96.4 96.4 96.4-96.4c9.4-9.4 24.6-9.4 33.9 0l22.6 22.6c9.4 9.4 9.4 24.6 0 33.9l-136 136c-9.2 9.4-24.4 9.4-33.8 0z\"><\/path><\/svg><\/span>\n\t\t\t\t\t\t\t\t<span class=\"elementor-accordion-icon-opened\"><svg class=\"e-font-icon-svg e-fas-angle-up\" viewBox=\"0 0 320 512\" xmlns=\"http:\/\/www.w3.org\/2000\/svg\"><path d=\"M177 159.7l136 136c9.4 9.4 9.4 24.6 0 33.9l-22.6 22.6c-9.4 9.4-24.6 9.4-33.9 0L160 255.9l-96.4 96.4c-9.4 9.4-24.6 9.4-33.9 0L7 329.7c-9.4-9.4-9.4-24.6 0-33.9l136-136c9.4-9.5 24.6-9.5 34-.1z\"><\/path><\/svg><\/span>\n\t\t\t\t\t\t\t\t\t\t\t\t\t\t<\/span>\n\t\t\t\t\t\t\t\t\t\t\t\t<a class=\"elementor-accordion-title\" tabindex=\"0\">\u00bfCu\u00e1les son las ventajas de una bater\u00eda OPzV en sistemas solares?<\/a>\n\t\t\t\t\t<\/h4>\n\t\t\t\t\t<div id=\"elementor-tab-content-2322\" class=\"elementor-tab-content elementor-clearfix\" data-tab=\"2\" role=\"region\" aria-labelledby=\"elementor-tab-title-2322\"><ul data-start=\"4667\" data-end=\"5011\"><li data-start=\"4667\" data-end=\"4741\"><strong data-start=\"4669\" data-end=\"4689\">Larga vida \u00fatil:<\/strong> M\u00e1s de <strong data-start=\"4697\" data-end=\"4738\">10 a\u00f1os en aplicaciones estacionarias<\/strong>.<\/li><li data-start=\"4742\" data-end=\"4847\"><strong data-start=\"4744\" data-end=\"4782\">Resistentes a descargas profundas:<\/strong> Se pueden descargar hasta el <strong>70-80%<\/strong> sin afectar su vida \u00fatil.<\/li><li data-start=\"4848\" data-end=\"4921\"><strong data-start=\"4850\" data-end=\"4889\">Selladas y libres de mantenimiento:<\/strong> No requieren recarga de agua.<\/li><li data-start=\"4922\" data-end=\"5011\"><strong data-start=\"4924\" data-end=\"4944\">Alta eficiencia:<\/strong> Mejor rendimiento en almacenamiento solar comparado con AGM\/GEL.<\/li><li><strong data-start=\"4924\" data-end=\"4944\">Aptas para condiciones extremas:<\/strong> pueden operar en un rango de <strong data-start=\"6171\" data-end=\"6187\">-20\u00b0C a 50\u00b0C<\/strong>.<\/li><li><strong data-start=\"4924\" data-end=\"4944\">Permiten mayor flexibilidad :<\/strong> Cada bater\u00eda tiene una tensi\u00f3n de 2V que les permite desplegar en m\u00e1s tipos de sistemas. Al ser <strong data-start=\"6493\" data-end=\"6530\">selladas y con electrolito en gel<\/strong>, pueden instalarse en <strong data-start=\"6553\" data-end=\"6587\">posici\u00f3n vertical u horizontal<\/strong> sin riesgo de fugas.<\/li><\/ul><\/div>\n\t\t\t\t<\/div>\n\t\t\t\t\t\t\t<div class=\"elementor-accordion-item\">\n\t\t\t\t\t<h4 id=\"elementor-tab-title-2323\" class=\"elementor-tab-title\" data-tab=\"3\" role=\"button\" aria-controls=\"elementor-tab-content-2323\" aria-expanded=\"false\">\n\t\t\t\t\t\t\t\t\t\t\t\t\t<span class=\"elementor-accordion-icon elementor-accordion-icon-left\" aria-hidden=\"true\">\n\t\t\t\t\t\t\t\t\t\t\t\t\t\t\t<span class=\"elementor-accordion-icon-closed\"><svg class=\"e-font-icon-svg e-fas-angle-down\" viewBox=\"0 0 320 512\" xmlns=\"http:\/\/www.w3.org\/2000\/svg\"><path d=\"M143 352.3L7 216.3c-9.4-9.4-9.4-24.6 0-33.9l22.6-22.6c9.4-9.4 24.6-9.4 33.9 0l96.4 96.4 96.4-96.4c9.4-9.4 24.6-9.4 33.9 0l22.6 22.6c9.4 9.4 9.4 24.6 0 33.9l-136 136c-9.2 9.4-24.4 9.4-33.8 0z\"><\/path><\/svg><\/span>\n\t\t\t\t\t\t\t\t<span class=\"elementor-accordion-icon-opened\"><svg class=\"e-font-icon-svg e-fas-angle-up\" viewBox=\"0 0 320 512\" xmlns=\"http:\/\/www.w3.org\/2000\/svg\"><path d=\"M177 159.7l136 136c9.4 9.4 9.4 24.6 0 33.9l-22.6 22.6c-9.4 9.4-24.6 9.4-33.9 0L160 255.9l-96.4 96.4c-9.4 9.4-24.6 9.4-33.9 0L7 329.7c-9.4-9.4-9.4-24.6 0-33.9l136-136c9.4-9.5 24.6-9.5 34-.1z\"><\/path><\/svg><\/span>\n\t\t\t\t\t\t\t\t\t\t\t\t\t\t<\/span>\n\t\t\t\t\t\t\t\t\t\t\t\t<a class=\"elementor-accordion-title\" tabindex=\"0\">\u00bfQu\u00e9 tan seguras son las bater\u00edas OPzV en comparaci\u00f3n con otras bater\u00edas de plomo-\u00e1cido?<\/a>\n\t\t\t\t\t<\/h4>\n\t\t\t\t\t<div id=\"elementor-tab-content-2323\" class=\"elementor-tab-content elementor-clearfix\" data-tab=\"3\" role=\"region\" aria-labelledby=\"elementor-tab-title-2323\"><p>Son m\u00e1s seguras porque no tienen electrolito l\u00edquido que pueda derramarse y no generan gases peligrosos.<\/p><\/div>\n\t\t\t\t<\/div>\n\t\t\t\t\t\t\t<div class=\"elementor-accordion-item\">\n\t\t\t\t\t<h4 id=\"elementor-tab-title-2324\" class=\"elementor-tab-title\" data-tab=\"4\" role=\"button\" aria-controls=\"elementor-tab-content-2324\" aria-expanded=\"false\">\n\t\t\t\t\t\t\t\t\t\t\t\t\t<span class=\"elementor-accordion-icon elementor-accordion-icon-left\" aria-hidden=\"true\">\n\t\t\t\t\t\t\t\t\t\t\t\t\t\t\t<span class=\"elementor-accordion-icon-closed\"><svg class=\"e-font-icon-svg e-fas-angle-down\" viewBox=\"0 0 320 512\" xmlns=\"http:\/\/www.w3.org\/2000\/svg\"><path d=\"M143 352.3L7 216.3c-9.4-9.4-9.4-24.6 0-33.9l22.6-22.6c9.4-9.4 24.6-9.4 33.9 0l96.4 96.4 96.4-96.4c9.4-9.4 24.6-9.4 33.9 0l22.6 22.6c9.4 9.4 9.4 24.6 0 33.9l-136 136c-9.2 9.4-24.4 9.4-33.8 0z\"><\/path><\/svg><\/span>\n\t\t\t\t\t\t\t\t<span class=\"elementor-accordion-icon-opened\"><svg class=\"e-font-icon-svg e-fas-angle-up\" viewBox=\"0 0 320 512\" xmlns=\"http:\/\/www.w3.org\/2000\/svg\"><path d=\"M177 159.7l136 136c9.4 9.4 9.4 24.6 0 33.9l-22.6 22.6c-9.4 9.4-24.6 9.4-33.9 0L160 255.9l-96.4 96.4c-9.4 9.4-24.6 9.4-33.9 0L7 329.7c-9.4-9.4-9.4-24.6 0-33.9l136-136c9.4-9.5 24.6-9.5 34-.1z\"><\/path><\/svg><\/span>\n\t\t\t\t\t\t\t\t\t\t\t\t\t\t<\/span>\n\t\t\t\t\t\t\t\t\t\t\t\t<a class=\"elementor-accordion-title\" tabindex=\"0\">\u00bfLas bater\u00edas OPzV pueden instalarse en cualquier orientaci\u00f3n?<\/a>\n\t\t\t\t\t<\/h4>\n\t\t\t\t\t<div id=\"elementor-tab-content-2324\" class=\"elementor-tab-content elementor-clearfix\" data-tab=\"4\" role=\"region\" aria-labelledby=\"elementor-tab-title-2324\"><p>S\u00ed, al ser <strong data-start=\"6493\" data-end=\"6530\">selladas y con electrolito en gel<\/strong>, pueden instalarse en <strong data-start=\"6553\" data-end=\"6587\">posici\u00f3n vertical u horizontal<\/strong> sin riesgo de fugas.<\/p><\/div>\n\t\t\t\t<\/div>\n\t\t\t\t\t\t\t<div class=\"elementor-accordion-item\">\n\t\t\t\t\t<h4 id=\"elementor-tab-title-2325\" class=\"elementor-tab-title\" data-tab=\"5\" role=\"button\" aria-controls=\"elementor-tab-content-2325\" aria-expanded=\"false\">\n\t\t\t\t\t\t\t\t\t\t\t\t\t<span class=\"elementor-accordion-icon elementor-accordion-icon-left\" aria-hidden=\"true\">\n\t\t\t\t\t\t\t\t\t\t\t\t\t\t\t<span class=\"elementor-accordion-icon-closed\"><svg class=\"e-font-icon-svg e-fas-angle-down\" viewBox=\"0 0 320 512\" xmlns=\"http:\/\/www.w3.org\/2000\/svg\"><path d=\"M143 352.3L7 216.3c-9.4-9.4-9.4-24.6 0-33.9l22.6-22.6c9.4-9.4 24.6-9.4 33.9 0l96.4 96.4 96.4-96.4c9.4-9.4 24.6-9.4 33.9 0l22.6 22.6c9.4 9.4 9.4 24.6 0 33.9l-136 136c-9.2 9.4-24.4 9.4-33.8 0z\"><\/path><\/svg><\/span>\n\t\t\t\t\t\t\t\t<span class=\"elementor-accordion-icon-opened\"><svg class=\"e-font-icon-svg e-fas-angle-up\" viewBox=\"0 0 320 512\" xmlns=\"http:\/\/www.w3.org\/2000\/svg\"><path d=\"M177 159.7l136 136c9.4 9.4 9.4 24.6 0 33.9l-22.6 22.6c-9.4 9.4-24.6 9.4-33.9 0L160 255.9l-96.4 96.4c-9.4 9.4-24.6 9.4-33.9 0L7 329.7c-9.4-9.4-9.4-24.6 0-33.9l136-136c9.4-9.5 24.6-9.5 34-.1z\"><\/path><\/svg><\/span>\n\t\t\t\t\t\t\t\t\t\t\t\t\t\t<\/span>\n\t\t\t\t\t\t\t\t\t\t\t\t<a class=\"elementor-accordion-title\" tabindex=\"0\">\u00bfPuedo usar una bater\u00eda OPzV junto con bater\u00edas de otro tipo en mi sistema solar?<\/a>\n\t\t\t\t\t<\/h4>\n\t\t\t\t\t<div id=\"elementor-tab-content-2325\" class=\"elementor-tab-content elementor-clearfix\" data-tab=\"5\" role=\"region\" aria-labelledby=\"elementor-tab-title-2325\"><p>No es recomendable mezclar diferentes tecnolog\u00edas de bater\u00edas, ya que tienen <strong data-start=\"5686\" data-end=\"5727\">diferentes curvas de carga y descarga<\/strong>, lo que puede afectar su rendimiento y vida \u00fatil.<\/p><\/div>\n\t\t\t\t<\/div>\n\t\t\t\t\t\t\t\t\t\t<script type=\"application\/ld+json\">{\"@context\":\"https:\\\/\\\/schema.org\",\"@type\":\"FAQPage\",\"mainEntity\":[{\"@type\":\"Question\",\"name\":\"\\u00bfQu\\u00e9 es una bater\\u00eda OPzV y en qu\\u00e9 se diferencia de otras bater\\u00edas de plomo-\\u00e1cido?\",\"acceptedAnswer\":{\"@type\":\"Answer\",\"text\":\"<p data-start=\\\"108\\\" data-end=\\\"551\\\">Las bater\\u00edas <strong data-start=\\\"4349\\\" data-end=\\\"4357\\\">OPzV<\\\/strong> son bater\\u00edas de plomo-\\u00e1cido <strong data-start=\\\"4386\\\" data-end=\\\"4408\\\">tubulares selladas<\\\/strong> con electrolito en gel. Son <strong data-start=\\\"4437\\\" data-end=\\\"4458\\\">de ciclo profundo<\\\/strong>, tienen <strong data-start=\\\"4467\\\" data-end=\\\"4486\\\">mayor vida \\u00fatil<\\\/strong> y pueden soportar <strong data-start=\\\"4505\\\" data-end=\\\"4528\\\">m\\u00e1s de 3.000 ciclos<\\\/strong>, lo que las hace superiores a las AGM y GEL est\\u00e1ndar, pero inferiores a las bater\\u00edas de litio en t\\u00e9rminos de durabilidad.<\\\/p>\"}},{\"@type\":\"Question\",\"name\":\"\\u00bfCu\\u00e1les son las ventajas de una bater\\u00eda OPzV en sistemas solares?\",\"acceptedAnswer\":{\"@type\":\"Answer\",\"text\":\"<ul data-start=\\\"4667\\\" data-end=\\\"5011\\\"><li data-start=\\\"4667\\\" data-end=\\\"4741\\\"><strong data-start=\\\"4669\\\" data-end=\\\"4689\\\">Larga vida \\u00fatil:<\\\/strong> M\\u00e1s de <strong data-start=\\\"4697\\\" data-end=\\\"4738\\\">10 a\\u00f1os en aplicaciones estacionarias<\\\/strong>.<\\\/li><li data-start=\\\"4742\\\" data-end=\\\"4847\\\"><strong data-start=\\\"4744\\\" data-end=\\\"4782\\\">Resistentes a descargas profundas:<\\\/strong> Se pueden descargar hasta el <strong>70-80%<\\\/strong> sin afectar su vida \\u00fatil.<\\\/li><li data-start=\\\"4848\\\" data-end=\\\"4921\\\"><strong data-start=\\\"4850\\\" data-end=\\\"4889\\\">Selladas y libres de mantenimiento:<\\\/strong> No requieren recarga de agua.<\\\/li><li data-start=\\\"4922\\\" data-end=\\\"5011\\\"><strong data-start=\\\"4924\\\" data-end=\\\"4944\\\">Alta eficiencia:<\\\/strong> Mejor rendimiento en almacenamiento solar comparado con AGM\\\/GEL.<\\\/li><li><strong data-start=\\\"4924\\\" data-end=\\\"4944\\\">Aptas para condiciones extremas:<\\\/strong> pueden operar en un rango de <strong data-start=\\\"6171\\\" data-end=\\\"6187\\\">-20\\u00b0C a 50\\u00b0C<\\\/strong>.<\\\/li><li><strong data-start=\\\"4924\\\" data-end=\\\"4944\\\">Permiten mayor flexibilidad :<\\\/strong> Cada bater\\u00eda tiene una tensi\\u00f3n de 2V que les permite desplegar en m\\u00e1s tipos de sistemas. Al ser <strong data-start=\\\"6493\\\" data-end=\\\"6530\\\">selladas y con electrolito en gel<\\\/strong>, pueden instalarse en <strong data-start=\\\"6553\\\" data-end=\\\"6587\\\">posici\\u00f3n vertical u horizontal<\\\/strong> sin riesgo de fugas.<\\\/li><\\\/ul>\"}},{\"@type\":\"Question\",\"name\":\"\\u00bfQu\\u00e9 tan seguras son las bater\\u00edas OPzV en comparaci\\u00f3n con otras bater\\u00edas de plomo-\\u00e1cido?\",\"acceptedAnswer\":{\"@type\":\"Answer\",\"text\":\"<p>Son m\\u00e1s seguras porque no tienen electrolito l\\u00edquido que pueda derramarse y no generan gases peligrosos.<\\\/p>\"}},{\"@type\":\"Question\",\"name\":\"\\u00bfLas bater\\u00edas OPzV pueden instalarse en cualquier orientaci\\u00f3n?\",\"acceptedAnswer\":{\"@type\":\"Answer\",\"text\":\"<p>S\\u00ed, al ser <strong data-start=\\\"6493\\\" data-end=\\\"6530\\\">selladas y con electrolito en gel<\\\/strong>, pueden instalarse en <strong data-start=\\\"6553\\\" data-end=\\\"6587\\\">posici\\u00f3n vertical u horizontal<\\\/strong> sin riesgo de fugas.<\\\/p>\"}},{\"@type\":\"Question\",\"name\":\"\\u00bfPuedo usar una bater\\u00eda OPzV junto con bater\\u00edas de otro tipo en mi sistema solar?\",\"acceptedAnswer\":{\"@type\":\"Answer\",\"text\":\"<p>No es recomendable mezclar diferentes tecnolog\\u00edas de bater\\u00edas, ya que tienen <strong data-start=\\\"5686\\\" data-end=\\\"5727\\\">diferentes curvas de carga y descarga<\\\/strong>, lo que puede afectar su rendimiento y vida \\u00fatil.<\\\/p>\"}}]}<\/script>\n\t\t\t\t\t<\/div>\n\t\t\t\t\t\t<\/div>\n\t\t\t\t\t<\/div>\n\t\t<\/div>\n\t\t\t\t\t<\/div>\n\t\t<\/section>\n\t\t\t\t<\/div>\n\t\t","protected":false},"excerpt":{"rendered":"<p>FAQ Preguntas Frecuentes y sus Respuestas: Bater\u00edas de OPzV (Tubulares de Gel) Volver \u00bfQu\u00e9 es una bater\u00eda OPzV y en<\/p>\n","protected":false},"author":4029,"featured_media":0,"parent":31772,"menu_order":0,"comment_status":"closed","ping_status":"closed","template":"","meta":{"_relevanssi_hide_post":"","_relevanssi_hide_content":"","_relevanssi_pin_for_all":"","_relevanssi_pin_keywords":"","_relevanssi_unpin_keywords":"","_relevanssi_related_keywords":"","_relevanssi_related_include_ids":"","_relevanssi_related_exclude_ids":"","_relevanssi_related_no_append":"","_relevanssi_related_not_related":"","_relevanssi_related_posts":"","_relevanssi_noindex_reason":"","inline_featured_image":false,"footnotes":""},"class_list":["post-32351","page","type-page","status-publish","hentry"],"amp_enabled":false,"_links":{"self":[{"href":"https:\/\/enertik.com\/mx\/wp-json\/wp\/v2\/pages\/32351","targetHints":{"allow":["GET"]}}],"collection":[{"href":"https:\/\/enertik.com\/mx\/wp-json\/wp\/v2\/pages"}],"about":[{"href":"https:\/\/enertik.com\/mx\/wp-json\/wp\/v2\/types\/page"}],"author":[{"embeddable":true,"href":"https:\/\/enertik.com\/mx\/wp-json\/wp\/v2\/users\/4029"}],"replies":[{"embeddable":true,"href":"https:\/\/enertik.com\/mx\/wp-json\/wp\/v2\/comments?post=32351"}],"version-history":[{"count":0,"href":"https:\/\/enertik.com\/mx\/wp-json\/wp\/v2\/pages\/32351\/revisions"}],"up":[{"embeddable":true,"href":"https:\/\/enertik.com\/mx\/wp-json\/wp\/v2\/pages\/31772"}],"wp:attachment":[{"href":"https:\/\/enertik.com\/mx\/wp-json\/wp\/v2\/media?parent=32351"}],"curies":[{"name":"wp","href":"https:\/\/api.w.org\/{rel}","templated":true}]}}