{"id":32342,"date":"2025-05-16T02:30:25","date_gmt":"2025-05-16T08:30:25","guid":{"rendered":"https:\/\/enertik.com\/mx\/?page_id=32342"},"modified":"2025-05-16T02:31:53","modified_gmt":"2025-05-16T08:31:53","slug":"faq-baterias-gel","status":"publish","type":"page","link":"https:\/\/enertik.com\/mx\/faq\/baterias-gel\/","title":{"rendered":"FAQ &#8211; Bater\u00edas GEL"},"content":{"rendered":"\t\t<div data-elementor-type=\"wp-page\" data-elementor-id=\"32342\" class=\"elementor elementor-32342\" data-elementor-post-type=\"page\">\n\t\t\t\t\t\t<section class=\"wd-negative-gap elementor-section elementor-top-section elementor-element elementor-element-c50b45d elementor-section-content-middle wd-section-stretch elementor-section-boxed elementor-section-height-default elementor-section-height-default\" data-id=\"c50b45d\" data-element_type=\"section\" data-e-type=\"section\" data-settings=\"{&quot;background_background&quot;:&quot;classic&quot;}\">\n\t\t\t\t\t\t<div class=\"elementor-container elementor-column-gap-extended\">\n\t\t\t\t\t<div class=\"elementor-column elementor-col-100 elementor-top-column elementor-element elementor-element-3649c73\" data-id=\"3649c73\" data-element_type=\"column\" data-e-type=\"column\">\n\t\t\t<div class=\"elementor-widget-wrap elementor-element-populated\">\n\t\t\t\t\t\t<div class=\"elementor-element elementor-element-efbe0e3 wd-width-100 elementor-widget elementor-widget-wd_title\" data-id=\"efbe0e3\" data-element_type=\"widget\" data-e-type=\"widget\" data-widget_type=\"wd_title.default\">\n\t\t\t\t<div class=\"elementor-widget-container\">\n\t\t\t\t\t\t\t<div class=\"title-wrapper wd-set-mb reset-last-child wd-title-color-primary wd-title-style-default wd-title-size-medium text-left\">\n\n\t\t\t\t\t\t\t\t\t\t\t<div class=\"title-subtitle subtitle-color-primary subtitle-style-default wd-fontsize-xs\">\n\t\t\t\t\tFAQ\t\t\t\t<\/div>\n\t\t\t\n\t\t\t<div class=\"liner-continer\">\n\t\t\t\t<h4 class=\"woodmart-title-container title wd-fontsize-xl\">Preguntas Frecuentes y sus Respuestas: Bater\u00edas GEL<\/h4> \n\t\t\t\t\t\t\t<\/div>\n\n\t\t\t\t\t<\/div>\n\t\t\t\t\t\t<\/div>\n\t\t\t\t<\/div>\n\t\t\t\t\t<\/div>\n\t\t<\/div>\n\t\t\t\t\t<\/div>\n\t\t<\/section>\n\t\t\t\t<section class=\"wd-negative-gap elementor-section elementor-top-section elementor-element elementor-element-258857c elementor-section-boxed elementor-section-height-default elementor-section-height-default\" data-id=\"258857c\" data-element_type=\"section\" data-e-type=\"section\">\n\t\t\t\t\t\t<div class=\"elementor-container elementor-column-gap-default\">\n\t\t\t\t\t<div class=\"elementor-column elementor-col-100 elementor-top-column elementor-element elementor-element-fce6491\" data-id=\"fce6491\" data-element_type=\"column\" data-e-type=\"column\">\n\t\t\t<div class=\"elementor-widget-wrap elementor-element-populated\">\n\t\t\t\t\t\t<div class=\"elementor-element elementor-element-a5d4fcf elementor-widget elementor-widget-button\" data-id=\"a5d4fcf\" data-element_type=\"widget\" data-e-type=\"widget\" id=\"go-back-button\" data-widget_type=\"button.default\">\n\t\t\t\t\t\t\t\t\t\t<a class=\"elementor-button elementor-button-link elementor-size-sm\" href=\"#\">\n\t\t\t\t\t\t<span class=\"elementor-button-content-wrapper\">\n\t\t\t\t\t\t<span class=\"elementor-button-icon\">\n\t\t\t\t<svg aria-hidden=\"true\" class=\"e-font-icon-svg e-fas-long-arrow-alt-left\" viewBox=\"0 0 448 512\" xmlns=\"http:\/\/www.w3.org\/2000\/svg\"><path d=\"M134.059 296H436c6.627 0 12-5.373 12-12v-56c0-6.627-5.373-12-12-12H134.059v-46.059c0-21.382-25.851-32.09-40.971-16.971L7.029 239.029c-9.373 9.373-9.373 24.569 0 33.941l86.059 86.059c15.119 15.119 40.971 4.411 40.971-16.971V296z\"><\/path><\/svg>\t\t\t<\/span>\n\t\t\t\t\t\t\t\t\t<span class=\"elementor-button-text\">Volver<\/span>\n\t\t\t\t\t<\/span>\n\t\t\t\t\t<\/a>\n\t\t\t\t\t\t\t\t<\/div>\n\t\t\t\t<div class=\"elementor-element elementor-element-d210471 elementor-widget elementor-widget-html\" data-id=\"d210471\" data-element_type=\"widget\" data-e-type=\"widget\" data-widget_type=\"html.default\">\n\t\t\t\t\t<script type=\"text\/javascript\">\njQuery(document).ready(function() { jQuery('#go-back-button').on('click', function() {\nwindow.history.go(-1);\nreturn false; });\n}); <\/script>\t\t\t\t<\/div>\n\t\t\t\t\t<\/div>\n\t\t<\/div>\n\t\t\t\t\t<\/div>\n\t\t<\/section>\n\t\t\t\t<section class=\"wd-negative-gap elementor-section elementor-top-section elementor-element elementor-element-34d8afb elementor-section-boxed elementor-section-height-default elementor-section-height-default\" data-id=\"34d8afb\" data-element_type=\"section\" data-e-type=\"section\">\n\t\t\t\t\t\t<div class=\"elementor-container elementor-column-gap-default\">\n\t\t\t\t\t<div class=\"elementor-column elementor-col-100 elementor-top-column elementor-element elementor-element-ef73b97\" data-id=\"ef73b97\" data-element_type=\"column\" data-e-type=\"column\">\n\t\t\t<div class=\"elementor-widget-wrap elementor-element-populated\">\n\t\t\t\t\t\t<div class=\"elementor-element elementor-element-68ef836 elementor-widget elementor-widget-accordion\" data-id=\"68ef836\" data-element_type=\"widget\" data-e-type=\"widget\" data-widget_type=\"accordion.default\">\n\t\t\t\t\t\t\t<div class=\"elementor-accordion\">\n\t\t\t\t\t\t\t<div class=\"elementor-accordion-item\">\n\t\t\t\t\t<h4 id=\"elementor-tab-title-1101\" class=\"elementor-tab-title\" data-tab=\"1\" role=\"button\" aria-controls=\"elementor-tab-content-1101\" aria-expanded=\"false\">\n\t\t\t\t\t\t\t\t\t\t\t\t\t<span class=\"elementor-accordion-icon elementor-accordion-icon-left\" aria-hidden=\"true\">\n\t\t\t\t\t\t\t\t\t\t\t\t\t\t\t<span class=\"elementor-accordion-icon-closed\"><svg class=\"e-font-icon-svg e-fas-angle-down\" viewBox=\"0 0 320 512\" xmlns=\"http:\/\/www.w3.org\/2000\/svg\"><path d=\"M143 352.3L7 216.3c-9.4-9.4-9.4-24.6 0-33.9l22.6-22.6c9.4-9.4 24.6-9.4 33.9 0l96.4 96.4 96.4-96.4c9.4-9.4 24.6-9.4 33.9 0l22.6 22.6c9.4 9.4 9.4 24.6 0 33.9l-136 136c-9.2 9.4-24.4 9.4-33.8 0z\"><\/path><\/svg><\/span>\n\t\t\t\t\t\t\t\t<span class=\"elementor-accordion-icon-opened\"><svg class=\"e-font-icon-svg e-fas-angle-up\" viewBox=\"0 0 320 512\" xmlns=\"http:\/\/www.w3.org\/2000\/svg\"><path d=\"M177 159.7l136 136c9.4 9.4 9.4 24.6 0 33.9l-22.6 22.6c-9.4 9.4-24.6 9.4-33.9 0L160 255.9l-96.4 96.4c-9.4 9.4-24.6 9.4-33.9 0L7 329.7c-9.4-9.4-9.4-24.6 0-33.9l136-136c9.4-9.5 24.6-9.5 34-.1z\"><\/path><\/svg><\/span>\n\t\t\t\t\t\t\t\t\t\t\t\t\t\t<\/span>\n\t\t\t\t\t\t\t\t\t\t\t\t<a class=\"elementor-accordion-title\" tabindex=\"0\">\u00bfQu\u00e9 es una bater\u00eda GEL y c\u00f3mo funciona?<\/a>\n\t\t\t\t\t<\/h4>\n\t\t\t\t\t<div id=\"elementor-tab-content-1101\" class=\"elementor-tab-content elementor-clearfix\" data-tab=\"1\" role=\"region\" aria-labelledby=\"elementor-tab-title-1101\"><p data-start=\"108\" data-end=\"551\">Una bater\u00eda <strong data-start=\"120\" data-end=\"127\">GEL<\/strong> es un tipo de bater\u00eda de plomo-\u00e1cido sellada en la que el electrolito est\u00e1 mezclado con s\u00edlice, formando un gel espeso. Esto evita fugas y hace que sean <strong data-start=\"281\" data-end=\"308\">libres de mantenimiento<\/strong>, adem\u00e1s de proporcionar una <strong data-start=\"337\" data-end=\"387\">mayor resistencia a ciclos de carga y descarga<\/strong> en comparaci\u00f3n con las bater\u00edas de plomo-\u00e1cido convencionales. Son ideales para sistemas solares, almacenamiento de energ\u00eda y aplicaciones en telecomunicaciones.<\/p><\/div>\n\t\t\t\t<\/div>\n\t\t\t\t\t\t\t<div class=\"elementor-accordion-item\">\n\t\t\t\t\t<h4 id=\"elementor-tab-title-1102\" class=\"elementor-tab-title\" data-tab=\"2\" role=\"button\" aria-controls=\"elementor-tab-content-1102\" aria-expanded=\"false\">\n\t\t\t\t\t\t\t\t\t\t\t\t\t<span class=\"elementor-accordion-icon elementor-accordion-icon-left\" aria-hidden=\"true\">\n\t\t\t\t\t\t\t\t\t\t\t\t\t\t\t<span class=\"elementor-accordion-icon-closed\"><svg class=\"e-font-icon-svg e-fas-angle-down\" viewBox=\"0 0 320 512\" xmlns=\"http:\/\/www.w3.org\/2000\/svg\"><path d=\"M143 352.3L7 216.3c-9.4-9.4-9.4-24.6 0-33.9l22.6-22.6c9.4-9.4 24.6-9.4 33.9 0l96.4 96.4 96.4-96.4c9.4-9.4 24.6-9.4 33.9 0l22.6 22.6c9.4 9.4 9.4 24.6 0 33.9l-136 136c-9.2 9.4-24.4 9.4-33.8 0z\"><\/path><\/svg><\/span>\n\t\t\t\t\t\t\t\t<span class=\"elementor-accordion-icon-opened\"><svg class=\"e-font-icon-svg e-fas-angle-up\" viewBox=\"0 0 320 512\" xmlns=\"http:\/\/www.w3.org\/2000\/svg\"><path d=\"M177 159.7l136 136c9.4 9.4 9.4 24.6 0 33.9l-22.6 22.6c-9.4 9.4-24.6 9.4-33.9 0L160 255.9l-96.4 96.4c-9.4 9.4-24.6 9.4-33.9 0L7 329.7c-9.4-9.4-9.4-24.6 0-33.9l136-136c9.4-9.5 24.6-9.5 34-.1z\"><\/path><\/svg><\/span>\n\t\t\t\t\t\t\t\t\t\t\t\t\t\t<\/span>\n\t\t\t\t\t\t\t\t\t\t\t\t<a class=\"elementor-accordion-title\" tabindex=\"0\">\u00bfCu\u00e1nto dura una bater\u00eda GEL en un sistema solar?<\/a>\n\t\t\t\t\t<\/h4>\n\t\t\t\t\t<div id=\"elementor-tab-content-1102\" class=\"elementor-tab-content elementor-clearfix\" data-tab=\"2\" role=\"region\" aria-labelledby=\"elementor-tab-title-1102\"><p>Las bater\u00edas GEL tienen una vida \u00fatil de <strong data-start=\"1613\" data-end=\"1628\">5 a 12 a\u00f1os<\/strong>, dependiendo de la calidad, la profundidad de descarga y el n\u00famero de ciclos de carga y descarga. En aplicaciones solares con un uso moderado, pueden durar hasta <strong data-start=\"1791\" data-end=\"1802\">10 a\u00f1os<\/strong> si se utilizan correctamente.<\/p><\/div>\n\t\t\t\t<\/div>\n\t\t\t\t\t\t\t<div class=\"elementor-accordion-item\">\n\t\t\t\t\t<h4 id=\"elementor-tab-title-1103\" class=\"elementor-tab-title\" data-tab=\"3\" role=\"button\" aria-controls=\"elementor-tab-content-1103\" aria-expanded=\"false\">\n\t\t\t\t\t\t\t\t\t\t\t\t\t<span class=\"elementor-accordion-icon elementor-accordion-icon-left\" aria-hidden=\"true\">\n\t\t\t\t\t\t\t\t\t\t\t\t\t\t\t<span class=\"elementor-accordion-icon-closed\"><svg class=\"e-font-icon-svg e-fas-angle-down\" viewBox=\"0 0 320 512\" xmlns=\"http:\/\/www.w3.org\/2000\/svg\"><path d=\"M143 352.3L7 216.3c-9.4-9.4-9.4-24.6 0-33.9l22.6-22.6c9.4-9.4 24.6-9.4 33.9 0l96.4 96.4 96.4-96.4c9.4-9.4 24.6-9.4 33.9 0l22.6 22.6c9.4 9.4 9.4 24.6 0 33.9l-136 136c-9.2 9.4-24.4 9.4-33.8 0z\"><\/path><\/svg><\/span>\n\t\t\t\t\t\t\t\t<span class=\"elementor-accordion-icon-opened\"><svg class=\"e-font-icon-svg e-fas-angle-up\" viewBox=\"0 0 320 512\" xmlns=\"http:\/\/www.w3.org\/2000\/svg\"><path d=\"M177 159.7l136 136c9.4 9.4 9.4 24.6 0 33.9l-22.6 22.6c-9.4 9.4-24.6 9.4-33.9 0L160 255.9l-96.4 96.4c-9.4 9.4-24.6 9.4-33.9 0L7 329.7c-9.4-9.4-9.4-24.6 0-33.9l136-136c9.4-9.5 24.6-9.5 34-.1z\"><\/path><\/svg><\/span>\n\t\t\t\t\t\t\t\t\t\t\t\t\t\t<\/span>\n\t\t\t\t\t\t\t\t\t\t\t\t<a class=\"elementor-accordion-title\" tabindex=\"0\">\u00bfQu\u00e9 profundidad de descarga es recomendable para una bater\u00eda GEL?<\/a>\n\t\t\t\t\t<\/h4>\n\t\t\t\t\t<div id=\"elementor-tab-content-1103\" class=\"elementor-tab-content elementor-clearfix\" data-tab=\"3\" role=\"region\" aria-labelledby=\"elementor-tab-title-1103\"><p>Para maximizar la vida \u00fatil de una bater\u00eda GEL, se recomienda <strong data-start=\"1980\" data-end=\"2014\">descargarla hasta un 50% &#8211; 70%<\/strong> de su capacidad. Si se descarga al 80%, la vida \u00fatil disminuir\u00e1 m\u00e1s r\u00e1pido, pero a\u00fan ser\u00e1 mejor que la de una bater\u00eda AGM o de plomo-\u00e1cido convencional.<\/p><\/div>\n\t\t\t\t<\/div>\n\t\t\t\t\t\t\t<div class=\"elementor-accordion-item\">\n\t\t\t\t\t<h4 id=\"elementor-tab-title-1104\" class=\"elementor-tab-title\" data-tab=\"4\" role=\"button\" aria-controls=\"elementor-tab-content-1104\" aria-expanded=\"false\">\n\t\t\t\t\t\t\t\t\t\t\t\t\t<span class=\"elementor-accordion-icon elementor-accordion-icon-left\" aria-hidden=\"true\">\n\t\t\t\t\t\t\t\t\t\t\t\t\t\t\t<span class=\"elementor-accordion-icon-closed\"><svg class=\"e-font-icon-svg e-fas-angle-down\" viewBox=\"0 0 320 512\" xmlns=\"http:\/\/www.w3.org\/2000\/svg\"><path d=\"M143 352.3L7 216.3c-9.4-9.4-9.4-24.6 0-33.9l22.6-22.6c9.4-9.4 24.6-9.4 33.9 0l96.4 96.4 96.4-96.4c9.4-9.4 24.6-9.4 33.9 0l22.6 22.6c9.4 9.4 9.4 24.6 0 33.9l-136 136c-9.2 9.4-24.4 9.4-33.8 0z\"><\/path><\/svg><\/span>\n\t\t\t\t\t\t\t\t<span class=\"elementor-accordion-icon-opened\"><svg class=\"e-font-icon-svg e-fas-angle-up\" viewBox=\"0 0 320 512\" xmlns=\"http:\/\/www.w3.org\/2000\/svg\"><path d=\"M177 159.7l136 136c9.4 9.4 9.4 24.6 0 33.9l-22.6 22.6c-9.4 9.4-24.6 9.4-33.9 0L160 255.9l-96.4 96.4c-9.4 9.4-24.6 9.4-33.9 0L7 329.7c-9.4-9.4-9.4-24.6 0-33.9l136-136c9.4-9.5 24.6-9.5 34-.1z\"><\/path><\/svg><\/span>\n\t\t\t\t\t\t\t\t\t\t\t\t\t\t<\/span>\n\t\t\t\t\t\t\t\t\t\t\t\t<a class=\"elementor-accordion-title\" tabindex=\"0\">\u00bfC\u00f3mo se cargan correctamente las bater\u00edas GEL?<\/a>\n\t\t\t\t\t<\/h4>\n\t\t\t\t\t<div id=\"elementor-tab-content-1104\" class=\"elementor-tab-content elementor-clearfix\" data-tab=\"4\" role=\"region\" aria-labelledby=\"elementor-tab-title-1104\"><p>Deben cargarse con un <strong data-start=\"1890\" data-end=\"1911\">cargador adecuado<\/strong> que tenga un perfil de carga espec\u00edfico para bater\u00edas GEL. La carga debe realizarse en tres etapas: <strong data-start=\"2012\" data-end=\"2058\">bulk (carga r\u00e1pida), absorci\u00f3n y flotaci\u00f3n<\/strong>, evitando sobrecargas que puedan da\u00f1arlas. Adem\u00e1s, hay que elegir la corriente de carga adecuada para no afectar a su vida \u00fatil y evitar sobrecalentamiento. Los reguladores o inversores-cargadores solares modernos son capaces de gestionar las etapas de carga con tensi\u00f3n y corriente correctas.<\/p><\/div>\n\t\t\t\t<\/div>\n\t\t\t\t\t\t\t<div class=\"elementor-accordion-item\">\n\t\t\t\t\t<h4 id=\"elementor-tab-title-1105\" class=\"elementor-tab-title\" data-tab=\"5\" role=\"button\" aria-controls=\"elementor-tab-content-1105\" aria-expanded=\"false\">\n\t\t\t\t\t\t\t\t\t\t\t\t\t<span class=\"elementor-accordion-icon elementor-accordion-icon-left\" aria-hidden=\"true\">\n\t\t\t\t\t\t\t\t\t\t\t\t\t\t\t<span class=\"elementor-accordion-icon-closed\"><svg class=\"e-font-icon-svg e-fas-angle-down\" viewBox=\"0 0 320 512\" xmlns=\"http:\/\/www.w3.org\/2000\/svg\"><path d=\"M143 352.3L7 216.3c-9.4-9.4-9.4-24.6 0-33.9l22.6-22.6c9.4-9.4 24.6-9.4 33.9 0l96.4 96.4 96.4-96.4c9.4-9.4 24.6-9.4 33.9 0l22.6 22.6c9.4 9.4 9.4 24.6 0 33.9l-136 136c-9.2 9.4-24.4 9.4-33.8 0z\"><\/path><\/svg><\/span>\n\t\t\t\t\t\t\t\t<span class=\"elementor-accordion-icon-opened\"><svg class=\"e-font-icon-svg e-fas-angle-up\" viewBox=\"0 0 320 512\" xmlns=\"http:\/\/www.w3.org\/2000\/svg\"><path d=\"M177 159.7l136 136c9.4 9.4 9.4 24.6 0 33.9l-22.6 22.6c-9.4 9.4-24.6 9.4-33.9 0L160 255.9l-96.4 96.4c-9.4 9.4-24.6 9.4-33.9 0L7 329.7c-9.4-9.4-9.4-24.6 0-33.9l136-136c9.4-9.5 24.6-9.5 34-.1z\"><\/path><\/svg><\/span>\n\t\t\t\t\t\t\t\t\t\t\t\t\t\t<\/span>\n\t\t\t\t\t\t\t\t\t\t\t\t<a class=\"elementor-accordion-title\" tabindex=\"0\">\u00bfLas bater\u00edas GEL pueden conectarse en serie y en paralelo?<\/a>\n\t\t\t\t\t<\/h4>\n\t\t\t\t\t<div id=\"elementor-tab-content-1105\" class=\"elementor-tab-content elementor-clearfix\" data-tab=\"5\" role=\"region\" aria-labelledby=\"elementor-tab-title-1105\"><p data-start=\"2679\" data-end=\"3028\">S\u00ed, pueden conectarse en <strong data-start=\"2704\" data-end=\"2713\">serie<\/strong> para aumentar el voltaje del sistema (por ejemplo, dos bater\u00edas de 12V en serie suman 24V) o en <strong data-start=\"2810\" data-end=\"2822\">paralelo<\/strong> para aumentar la capacidad (por ejemplo, dos bater\u00edas de 200Ah en paralelo suman 400Ah). Es importante que todas las bater\u00edas conectadas sean <strong data-start=\"2965\" data-end=\"2978\">id\u00e9nticas<\/strong> en capacidad y voltaje para evitar desbalances.<\/p><\/div>\n\t\t\t\t<\/div>\n\t\t\t\t\t\t\t<div class=\"elementor-accordion-item\">\n\t\t\t\t\t<h4 id=\"elementor-tab-title-1106\" class=\"elementor-tab-title\" data-tab=\"6\" role=\"button\" aria-controls=\"elementor-tab-content-1106\" aria-expanded=\"false\">\n\t\t\t\t\t\t\t\t\t\t\t\t\t<span class=\"elementor-accordion-icon elementor-accordion-icon-left\" aria-hidden=\"true\">\n\t\t\t\t\t\t\t\t\t\t\t\t\t\t\t<span class=\"elementor-accordion-icon-closed\"><svg class=\"e-font-icon-svg e-fas-angle-down\" viewBox=\"0 0 320 512\" xmlns=\"http:\/\/www.w3.org\/2000\/svg\"><path d=\"M143 352.3L7 216.3c-9.4-9.4-9.4-24.6 0-33.9l22.6-22.6c9.4-9.4 24.6-9.4 33.9 0l96.4 96.4 96.4-96.4c9.4-9.4 24.6-9.4 33.9 0l22.6 22.6c9.4 9.4 9.4 24.6 0 33.9l-136 136c-9.2 9.4-24.4 9.4-33.8 0z\"><\/path><\/svg><\/span>\n\t\t\t\t\t\t\t\t<span class=\"elementor-accordion-icon-opened\"><svg class=\"e-font-icon-svg e-fas-angle-up\" viewBox=\"0 0 320 512\" xmlns=\"http:\/\/www.w3.org\/2000\/svg\"><path d=\"M177 159.7l136 136c9.4 9.4 9.4 24.6 0 33.9l-22.6 22.6c-9.4 9.4-24.6 9.4-33.9 0L160 255.9l-96.4 96.4c-9.4 9.4-24.6 9.4-33.9 0L7 329.7c-9.4-9.4-9.4-24.6 0-33.9l136-136c9.4-9.5 24.6-9.5 34-.1z\"><\/path><\/svg><\/span>\n\t\t\t\t\t\t\t\t\t\t\t\t\t\t<\/span>\n\t\t\t\t\t\t\t\t\t\t\t\t<a class=\"elementor-accordion-title\" tabindex=\"0\">\u00bfCu\u00e1ntos ciclos de vida tiene una bater\u00eda GEL?<\/a>\n\t\t\t\t\t<\/h4>\n\t\t\t\t\t<div id=\"elementor-tab-content-1106\" class=\"elementor-tab-content elementor-clearfix\" data-tab=\"6\" role=\"region\" aria-labelledby=\"elementor-tab-title-1106\"><p>El n\u00famero de ciclos de carga\/descarga depende de la profundidad de descarga (DOD):<br \/>30% : 1.500 &#8211; 2.000 ciclos<br \/>50% : 1.200 &#8211; 1.500 ciclos<br \/>80% : 800 &#8211; 1.200 ciclos<br \/>Si se descargan profundamente con frecuencia, su vida \u00fatil se acortar\u00e1.<\/p><\/div>\n\t\t\t\t<\/div>\n\t\t\t\t\t\t\t<div class=\"elementor-accordion-item\">\n\t\t\t\t\t<h4 id=\"elementor-tab-title-1107\" class=\"elementor-tab-title\" data-tab=\"7\" role=\"button\" aria-controls=\"elementor-tab-content-1107\" aria-expanded=\"false\">\n\t\t\t\t\t\t\t\t\t\t\t\t\t<span class=\"elementor-accordion-icon elementor-accordion-icon-left\" aria-hidden=\"true\">\n\t\t\t\t\t\t\t\t\t\t\t\t\t\t\t<span class=\"elementor-accordion-icon-closed\"><svg class=\"e-font-icon-svg e-fas-angle-down\" viewBox=\"0 0 320 512\" xmlns=\"http:\/\/www.w3.org\/2000\/svg\"><path d=\"M143 352.3L7 216.3c-9.4-9.4-9.4-24.6 0-33.9l22.6-22.6c9.4-9.4 24.6-9.4 33.9 0l96.4 96.4 96.4-96.4c9.4-9.4 24.6-9.4 33.9 0l22.6 22.6c9.4 9.4 9.4 24.6 0 33.9l-136 136c-9.2 9.4-24.4 9.4-33.8 0z\"><\/path><\/svg><\/span>\n\t\t\t\t\t\t\t\t<span class=\"elementor-accordion-icon-opened\"><svg class=\"e-font-icon-svg e-fas-angle-up\" viewBox=\"0 0 320 512\" xmlns=\"http:\/\/www.w3.org\/2000\/svg\"><path d=\"M177 159.7l136 136c9.4 9.4 9.4 24.6 0 33.9l-22.6 22.6c-9.4 9.4-24.6 9.4-33.9 0L160 255.9l-96.4 96.4c-9.4 9.4-24.6 9.4-33.9 0L7 329.7c-9.4-9.4-9.4-24.6 0-33.9l136-136c9.4-9.5 24.6-9.5 34-.1z\"><\/path><\/svg><\/span>\n\t\t\t\t\t\t\t\t\t\t\t\t\t\t<\/span>\n\t\t\t\t\t\t\t\t\t\t\t\t<a class=\"elementor-accordion-title\" tabindex=\"0\">\u00bfQu\u00e9 sucede si cargo una bater\u00eda GEL con un voltaje incorrecto?<\/a>\n\t\t\t\t\t<\/h4>\n\t\t\t\t\t<div id=\"elementor-tab-content-1107\" class=\"elementor-tab-content elementor-clearfix\" data-tab=\"7\" role=\"region\" aria-labelledby=\"elementor-tab-title-1107\"><p>Si el voltaje de carga es demasiado <strong data-start=\"3864\" data-end=\"3872\">alto<\/strong>, se puede generar calor interno y da\u00f1ar el gel del electrolito, reduciendo su vida \u00fatil. Si el voltaje de carga es <strong data-start=\"3988\" data-end=\"4006\">demasiado bajo<\/strong>, la bater\u00eda no se cargar\u00e1 completamente y sufrir\u00e1 sulfataci\u00f3n, perdiendo capacidad con el tiempo.<\/p><\/div>\n\t\t\t\t<\/div>\n\t\t\t\t\t\t\t\t\t\t<script type=\"application\/ld+json\">{\"@context\":\"https:\\\/\\\/schema.org\",\"@type\":\"FAQPage\",\"mainEntity\":[{\"@type\":\"Question\",\"name\":\"\\u00bfQu\\u00e9 es una bater\\u00eda GEL y c\\u00f3mo funciona?\",\"acceptedAnswer\":{\"@type\":\"Answer\",\"text\":\"<p data-start=\\\"108\\\" data-end=\\\"551\\\">Una bater\\u00eda <strong data-start=\\\"120\\\" data-end=\\\"127\\\">GEL<\\\/strong> es un tipo de bater\\u00eda de plomo-\\u00e1cido sellada en la que el electrolito est\\u00e1 mezclado con s\\u00edlice, formando un gel espeso. Esto evita fugas y hace que sean <strong data-start=\\\"281\\\" data-end=\\\"308\\\">libres de mantenimiento<\\\/strong>, adem\\u00e1s de proporcionar una <strong data-start=\\\"337\\\" data-end=\\\"387\\\">mayor resistencia a ciclos de carga y descarga<\\\/strong> en comparaci\\u00f3n con las bater\\u00edas de plomo-\\u00e1cido convencionales. Son ideales para sistemas solares, almacenamiento de energ\\u00eda y aplicaciones en telecomunicaciones.<\\\/p>\"}},{\"@type\":\"Question\",\"name\":\"\\u00bfCu\\u00e1nto dura una bater\\u00eda GEL en un sistema solar?\",\"acceptedAnswer\":{\"@type\":\"Answer\",\"text\":\"<p>Las bater\\u00edas GEL tienen una vida \\u00fatil de <strong data-start=\\\"1613\\\" data-end=\\\"1628\\\">5 a 12 a\\u00f1os<\\\/strong>, dependiendo de la calidad, la profundidad de descarga y el n\\u00famero de ciclos de carga y descarga. En aplicaciones solares con un uso moderado, pueden durar hasta <strong data-start=\\\"1791\\\" data-end=\\\"1802\\\">10 a\\u00f1os<\\\/strong> si se utilizan correctamente.<\\\/p>\"}},{\"@type\":\"Question\",\"name\":\"\\u00bfQu\\u00e9 profundidad de descarga es recomendable para una bater\\u00eda GEL?\",\"acceptedAnswer\":{\"@type\":\"Answer\",\"text\":\"<p>Para maximizar la vida \\u00fatil de una bater\\u00eda GEL, se recomienda <strong data-start=\\\"1980\\\" data-end=\\\"2014\\\">descargarla hasta un 50% &#8211; 70%<\\\/strong> de su capacidad. Si se descarga al 80%, la vida \\u00fatil disminuir\\u00e1 m\\u00e1s r\\u00e1pido, pero a\\u00fan ser\\u00e1 mejor que la de una bater\\u00eda AGM o de plomo-\\u00e1cido convencional.<\\\/p>\"}},{\"@type\":\"Question\",\"name\":\"\\u00bfC\\u00f3mo se cargan correctamente las bater\\u00edas GEL?\",\"acceptedAnswer\":{\"@type\":\"Answer\",\"text\":\"<p>Deben cargarse con un <strong data-start=\\\"1890\\\" data-end=\\\"1911\\\">cargador adecuado<\\\/strong> que tenga un perfil de carga espec\\u00edfico para bater\\u00edas GEL. La carga debe realizarse en tres etapas: <strong data-start=\\\"2012\\\" data-end=\\\"2058\\\">bulk (carga r\\u00e1pida), absorci\\u00f3n y flotaci\\u00f3n<\\\/strong>, evitando sobrecargas que puedan da\\u00f1arlas. Adem\\u00e1s, hay que elegir la corriente de carga adecuada para no afectar a su vida \\u00fatil y evitar sobrecalentamiento. Los reguladores o inversores-cargadores solares modernos son capaces de gestionar las etapas de carga con tensi\\u00f3n y corriente correctas.<\\\/p>\"}},{\"@type\":\"Question\",\"name\":\"\\u00bfLas bater\\u00edas GEL pueden conectarse en serie y en paralelo?\",\"acceptedAnswer\":{\"@type\":\"Answer\",\"text\":\"<p data-start=\\\"2679\\\" data-end=\\\"3028\\\">S\\u00ed, pueden conectarse en <strong data-start=\\\"2704\\\" data-end=\\\"2713\\\">serie<\\\/strong> para aumentar el voltaje del sistema (por ejemplo, dos bater\\u00edas de 12V en serie suman 24V) o en <strong data-start=\\\"2810\\\" data-end=\\\"2822\\\">paralelo<\\\/strong> para aumentar la capacidad (por ejemplo, dos bater\\u00edas de 200Ah en paralelo suman 400Ah). Es importante que todas las bater\\u00edas conectadas sean <strong data-start=\\\"2965\\\" data-end=\\\"2978\\\">id\\u00e9nticas<\\\/strong> en capacidad y voltaje para evitar desbalances.<\\\/p>\"}},{\"@type\":\"Question\",\"name\":\"\\u00bfCu\\u00e1ntos ciclos de vida tiene una bater\\u00eda GEL?\",\"acceptedAnswer\":{\"@type\":\"Answer\",\"text\":\"<p>El n\\u00famero de ciclos de carga\\\/descarga depende de la profundidad de descarga (DOD):<br \\\/>30% : 1.500 &#8211; 2.000 ciclos<br \\\/>50% : 1.200 &#8211; 1.500 ciclos<br \\\/>80% : 800 &#8211; 1.200 ciclos<br \\\/>Si se descargan profundamente con frecuencia, su vida \\u00fatil se acortar\\u00e1.<\\\/p>\"}},{\"@type\":\"Question\",\"name\":\"\\u00bfQu\\u00e9 sucede si cargo una bater\\u00eda GEL con un voltaje incorrecto?\",\"acceptedAnswer\":{\"@type\":\"Answer\",\"text\":\"<p>Si el voltaje de carga es demasiado <strong data-start=\\\"3864\\\" data-end=\\\"3872\\\">alto<\\\/strong>, se puede generar calor interno y da\\u00f1ar el gel del electrolito, reduciendo su vida \\u00fatil. Si el voltaje de carga es <strong data-start=\\\"3988\\\" data-end=\\\"4006\\\">demasiado bajo<\\\/strong>, la bater\\u00eda no se cargar\\u00e1 completamente y sufrir\\u00e1 sulfataci\\u00f3n, perdiendo capacidad con el tiempo.<\\\/p>\"}}]}<\/script>\n\t\t\t\t\t<\/div>\n\t\t\t\t\t\t<\/div>\n\t\t\t\t\t<\/div>\n\t\t<\/div>\n\t\t\t\t\t<\/div>\n\t\t<\/section>\n\t\t\t\t<\/div>\n\t\t","protected":false},"excerpt":{"rendered":"<p>FAQ Preguntas Frecuentes y sus Respuestas: Bater\u00edas GEL Volver \u00bfQu\u00e9 es una bater\u00eda GEL y c\u00f3mo funciona? Una bater\u00eda GEL<\/p>\n","protected":false},"author":4029,"featured_media":0,"parent":31772,"menu_order":0,"comment_status":"closed","ping_status":"closed","template":"","meta":{"_relevanssi_hide_post":"","_relevanssi_hide_content":"","_relevanssi_pin_for_all":"","_relevanssi_pin_keywords":"","_relevanssi_unpin_keywords":"","_relevanssi_related_keywords":"","_relevanssi_related_include_ids":"","_relevanssi_related_exclude_ids":"","_relevanssi_related_no_append":"","_relevanssi_related_not_related":"","_relevanssi_related_posts":"","_relevanssi_noindex_reason":"","inline_featured_image":false,"footnotes":""},"class_list":["post-32342","page","type-page","status-publish","hentry"],"amp_enabled":false,"_links":{"self":[{"href":"https:\/\/enertik.com\/mx\/wp-json\/wp\/v2\/pages\/32342","targetHints":{"allow":["GET"]}}],"collection":[{"href":"https:\/\/enertik.com\/mx\/wp-json\/wp\/v2\/pages"}],"about":[{"href":"https:\/\/enertik.com\/mx\/wp-json\/wp\/v2\/types\/page"}],"author":[{"embeddable":true,"href":"https:\/\/enertik.com\/mx\/wp-json\/wp\/v2\/users\/4029"}],"replies":[{"embeddable":true,"href":"https:\/\/enertik.com\/mx\/wp-json\/wp\/v2\/comments?post=32342"}],"version-history":[{"count":0,"href":"https:\/\/enertik.com\/mx\/wp-json\/wp\/v2\/pages\/32342\/revisions"}],"up":[{"embeddable":true,"href":"https:\/\/enertik.com\/mx\/wp-json\/wp\/v2\/pages\/31772"}],"wp:attachment":[{"href":"https:\/\/enertik.com\/mx\/wp-json\/wp\/v2\/media?parent=32342"}],"curies":[{"name":"wp","href":"https:\/\/api.w.org\/{rel}","templated":true}]}}