{"id":16905,"date":"2023-05-09T06:22:58","date_gmt":"2023-05-09T09:22:58","guid":{"rendered":"https:\/\/test.enertik.com\/mx\/?page_id=16905"},"modified":"2025-09-23T02:23:27","modified_gmt":"2025-09-23T08:23:27","slug":"condiciones-generales","status":"publish","type":"page","link":"https:\/\/enertik.com\/mx\/condiciones-generales\/","title":{"rendered":"Condiciones Generales"},"content":{"rendered":"<h2>CONDICIONES GENERALES<\/h2>\n<p>El cliente declara y acepta conocer y comprender las caracter\u00edsticas t\u00e9cnicas de los productos que adquiere y las condiciones de venta detalladas a continuaci\u00f3n.<\/p>\n<p>La empresa ofrece al cliente y\/o a la persona que \u00e9ste designe como instalador calificado, asesoramiento preventa y servicio t\u00e9cnico posventa sobre los equipos, su instalaci\u00f3n, puesta en marcha y funcionamiento, quedando exenta por las deficiencias ocasionadas por errores, desconocimiento, negligencia, golpes, uso o manipulaci\u00f3n indebida, tensi\u00f3n no id\u00f3nea, instalaci\u00f3n incorrecta o por las incompatibilidades entre las recomendaciones t\u00e9cnicas y la descripci\u00f3n, informaci\u00f3n o caracter\u00edsticas brindadas por \u00e9ste originalmente.<\/p>\n<p>La informaci\u00f3n t\u00e9cnica en la web as\u00ed como tambi\u00e9n las im\u00e1genes exhibidas son meramente orientativas y es recomendable siempre referirse a los manuales de cada equipo, teniendo en cuenta que los mismos fueron elaborados bajo condiciones \u00f3ptimas de ensayo realizadas por el fabricante, dichas condiciones, pueden ser variables ya que responden, entre otros, a factores clim\u00e1ticos, de orientaci\u00f3n y ubicaci\u00f3n, los que pueden incidir directamente en el rendimiento modificando los mismos por razones ajenas a nuestra voluntad, lo que nos exime de cualquier responsabilidad.<\/p>\n<p>La empresa no es responsable y la garant\u00eda de los productos que comercializa pierde valor, por las maniobras de reparaci\u00f3n no efectuadas por su Servicio T\u00e9cnico Autorizado, ni por los materiales sometidos al desgaste por su uso habitual. Tampoco cuando se hayan modificado, alterado o sustituido los datos y\/o n\u00fameros identificatorios de los mismos.<\/p>\n<p>Las condiciones generales tienen un car\u00e1cter meramente informativo y pueden ser modificadas sin previo aviso. No obstante, la concreci\u00f3n de la compra, implica el conocimiento y conformidad de las condiciones generales vigentes en ese momento concreto.<\/p>\n<p>Al confirmar su compra, el cliente declara haber le\u00eddo, comprendido y aceptado las presentes Condiciones Generales, <strong><a href=\"https:\/\/enertik.com\/mx\/politica-de-envio\/\">Pol\u00edtica de Env\u00edo<\/a>, <a class=\"\" href=\"https:\/\/enertik.com\/mx\/politica-de-devolucion\/\" target=\"_new\" rel=\"noopener\" data-start=\"627\" data-end=\"729\">Pol\u00edtica de Devoluci\u00f3n<\/a> y <a class=\"\" href=\"https:\/\/enertik.com\/mx\/politica-de-privacidad\" target=\"_new\" rel=\"noopener\" data-start=\"744\" data-end=\"815\">Pol\u00edtica de Privacidad<\/a>,<\/strong> las cuales forman parte integrante del contrato de compraventa.<\/p>\n<h2>POL\u00cdTICA DE GARANT\u00cdA Y CAMBIOS<\/h2>\n<p>La garant\u00eda se otorga por un plazo de 6 meses a partir de la fecha de facturaci\u00f3n, salvo que de forma expresa y por escrito se indique un plazo diferente para productos espec\u00edficos. La cobertura se limita exclusivamente a defectos de fabricaci\u00f3n o fallas de materiales, quedando expresamente excluidas las piezas sometidas a desgaste producto de la operaci\u00f3n normal de los equipos.<\/p>\n<p>La garant\u00eda se limita \u00fanicamente a la reparaci\u00f3n (material y mano de obra) de los equipos, en ning\u00fan caso incluye gastos de env\u00edo o eventuales da\u00f1os causados por el uso o imposibilidad de uso del equipo.<\/p>\n<p>Para hacer efectiva la garant\u00eda, el cliente deber\u00e1 presentar la factura original y un esquema de conexi\u00f3n del sistema en el que se instal\u00f3 el producto, lo que permitir\u00e1 verificar las condiciones de instalaci\u00f3n y uso. La garant\u00eda no ser\u00e1 v\u00e1lida si el equipo no est\u00e1 acompa\u00f1ado de estos documentos o si en ellos no figura el n\u00famero de serie correspondiente.<\/p>\n<p>Toda revisi\u00f3n de equipo tendr\u00e1 un costo de MXN 800, el cual ser\u00e1 eximido \u00fanicamente si la falla est\u00e1 cubierta por la garant\u00eda. En caso de que el producto ingresado para revisi\u00f3n no presente desperfectos, dicho cargo se aplicar\u00e1 igualmente en concepto de utilizaci\u00f3n de recursos y del tiempo del personal t\u00e9cnico necesario para realizar las pruebas y verificaciones correspondientes.<\/p>\n<p>El uso o posesi\u00f3n continuada de los productos despu\u00e9s del per\u00edodo de vencimiento de la garant\u00eda, se considerar\u00e1 evidencia concluyente de que la misma ha sido cumplida a completa satisfacci\u00f3n del comprador.<\/p>\n<p>La garant\u00eda arriba estipulada no se aplicar\u00e1 a los fallos o deficiencias causadas por el uso inadecuado, anormal o abusivo de los productos, o por negligencia, alteraci\u00f3n, instalaci\u00f3n incorrecta, apertura, modificaci\u00f3n no autorizada, entrada de cuerpos extra\u00f1os, accidentes o causas externas al producto, incluidas las de fuerza mayor. Esto ser\u00e1 determinado mediante la realizaci\u00f3n de una inspecci\u00f3n t\u00e9cnica por el personal de la empresa.<\/p>\n<p>La garant\u00eda legal NO es v\u00e1lida cuando el producto no sea del gusto del cliente u otro motivos que excedan a los expresados ut supra.<\/p>\n<p>En caso de no estar conforme con los t\u00e9rminos de la garant\u00eda se deber\u00e1 devolver el equipo en un plazo no superior a 5 d\u00edas y deben cumplir las siguientes condiciones:<\/p>\n<p>1- El producto no puede estar abierto.<br \/>\n2- El producto debe tener todos sus embalajes originales completos en la misma forma en las que fueron entregados. Los sellos no pueden estar abiertos ni rotos.<br \/>\n3- El producto no puede presentar uso.<br \/>\n4- El producto debe incluir todos sus accesorios.<\/p>\n<p>Queda espec\u00edficamente prohibido el uso de nuestros productos en equipos de soporte vital.<\/p>\n<p>El costo de fletes de env\u00edo a nuestras instalaciones o alg\u00fan otro punto convenido con el encargado de ventas que le pueda convenir al cliente para mayor rapidez, los seguros, impuestos o cualquier otro tr\u00e1mite, son a cargo del cliente.<\/p>\n<p>Los art\u00edculos de la categor\u00eda OUTLET no cuentan con garant\u00eda ni cambio (\ud83d\udc49 ver: <a class=\"\" href=\"https:\/\/enertik.com\/mx\/politica-de-devolucion\/\" target=\"_new\" rel=\"noopener\" data-start=\"627\" data-end=\"729\">Pol\u00edtica de Devoluci\u00f3n<\/a>). Los mismos pueden ser revisados por el cliente en el local comercial de SOLARTIK M\u00c9XICO SA DE CV antes de realizar la compra. La concreci\u00f3n de la misma da por sentado que el cliente adquiere el art\u00edculo en conformidad a las condiciones establecidas en este p\u00e1rrafo.<\/p>\n<h2>COTIZACIONES<\/h2>\n<p>Al momento de realizar una cotizaci\u00f3n la empresa cuenta con stock suficiente para la entrega inmediata de la mercader\u00eda. La cotizaci\u00f3n no obliga a la empresa a mantener su inventario inmovilizado, por lo tanto no es posible garantizar la disponibilidad de la mercader\u00eda al momento en el que el cliente realice el pago de confirmaci\u00f3n de la compra.<\/p>\n<p>El cliente puede solicitar expresamente por e-mail una cotizaci\u00f3n para conocer los costos aunque no haya stock suficiente disponible.<\/p>\n<h2>CONDICIONES DE ENV\u00cdO<\/h2>\n<p>Los costos de env\u00edo corren por cuenta y orden del comprador, liberando a SOLARTIK M\u00c9XICO SA DE CV de toda responsabilidad luego de haber entregado la mercader\u00eda en el transporte acordado.<\/p>\n<p>Para los pagos realizados mediante transferencia o dep\u00f3sito bancario ser\u00e1 requerido el comprobante de la transacci\u00f3n. Una vez verificado el pago, la mercader\u00eda ser\u00e1 embalada y preparada para su despacho, pudiendo tardar la preparaci\u00f3n hasta 3 d\u00edas h\u00e1biles.<\/p>\n<p>El cliente se compromete a proporcionar una direcci\u00f3n v\u00e1lida y localizable donde pueda entregarse el pedido. En caso de que la direcci\u00f3n proporcionada no sea localizada por la empresa de transporte, cualquier costo adicional ser\u00e1 cubierto por el cliente.<\/p>\n<p>Si la compra incluye <em>paneles solares<\/em>, el cliente deber\u00e1 consultar previamente al transportista sobre condiciones, seguros y manipulaci\u00f3n durante el traslado. El cliente deber\u00e1 verificar con el transportista si se requiere embalaje especial; en tal caso, podr\u00e1 solicitarlo a su Ejecutivo Comercial, quien informar\u00e1 el costo adicional. De no realizar esta solicitud, los paneles se despachar\u00e1n sueltos, ya que no cuentan con embalaje de f\u00e1brica.<\/p>\n<p>SOLARTIK M\u00c9XICO SA DE CV no se hace responsable por da\u00f1os o p\u00e9rdidas ocurridas durante el transporte. En caso de producirse, el cliente deber\u00e1 gestionar directamente con su transportista los seguros de su carga.<\/p>\n<p>El costo de cada env\u00edo ser\u00e1 el indicado por la empresa transportadora al momento de realizar el mismo, de acuerdo a la lista de precios vigente, y deber\u00e1 ser pagado en destino.<\/p>\n<p>\ud83d\udc49 Ver: <a href=\"https:\/\/enertik.com\/mx\/politica-de-envio\/\">Pol\u00edtica de Env\u00edo<\/a><\/p>\n<h2>CONDICIONES PARA LA ENTREGA DE MERCADER\u00cdA<\/h2>\n<p>Es requisito necesario para el retiro de la mercader\u00eda presentarse con el n\u00famero de \u201cOrden de Venta\u201d o \u201cFactura\u201d.<\/p>\n<p>El producto debe ser revisado en el momento de la entrega o el retiro. Este procedimiento se formalizar\u00e1 mediante la firma o el timbre de recepci\u00f3n conforme. Una vez realizado este proceso, nuestra empresa no se har\u00e1 responsable de da\u00f1os o elementos faltantes que no hayan sido constatados en ese momento.<\/p>\n<h2>CONDICIONES DE GUARDA PARA EQUIPOS REPARADOS<\/h2>\n<p>Todo equipo deber\u00e1 ser retirado dentro de los 90 d\u00edas a partir de la fecha de notificaci\u00f3n. Caso contrario se considerar\u00e1 abandonado por su due\u00f1o\u00a0por lo que se dispondr\u00e1 del aparato como se crea conveniente, renunciando el propietario a exigir suma alguna en concepto de compensaci\u00f3n y\/o indemnizaci\u00f3n.<\/p>\n<p>A partir de los 30 d\u00edas desde la fecha se generar\u00e1 un cargo por guarda con un valor de MXN 30 por d\u00eda, el cual deber\u00e1 ser abonado por el propietario juntamente con el retiro del aparato mencionado.<\/p>\n<h2>CONDICIONES DEL SERVICIO DE ATENCI\u00d3N AL CLIENTE<\/h2>\n<p>SOLARTIK M\u00c9XICO SA DE CV no se hace responsable de la reparaci\u00f3n de equipos que hayan sido intervenidos o modificados por el cliente u otras personas ajenas a nuestro servicio t\u00e9cnico autorizado. Desconocemos qu\u00e9 modificaciones de componentes, placas y conexiones se han realizado en la unidad, lo que afecta nuestra capacidad y procedimientos para identificar y resolver problemas. Adem\u00e1s, no podemos garantizar ni ser responsables del correcto funcionamiento de dicho producto en caso de ser reparado. En estos casos, nos reservamos el derecho de rechazar cualquier solicitud de reparaci\u00f3n o devoluci\u00f3n de mercader\u00eda y \u00fanicamente ofrecer la opci\u00f3n de compra de una nueva unidad. El cliente deber\u00e1 buscar su propia soluci\u00f3n si decide no adquirir una nueva unidad directamente.<\/p>\n<p>Nuestra empresa, importa y distribuye diversas marcas de productos que tambi\u00e9n pueden ser ofrecidos por otras empresas o distribuidores. Aunque contamos con la capacidad de revisar y reparar estos productos, as\u00ed como de brindar soporte t\u00e9cnico, configuraci\u00f3n, recomendaciones de conexionado y otros servicios relacionados, \u00fanicamente ofrecemos estos servicios para los productos que han sido comercializados directamente por nosotros. Esta pol\u00edtica se implementa principalmente para no saturar nuestra capacidad de atenci\u00f3n t\u00e9cnica y reparaci\u00f3n con productos comercializados por otras empresas, permiti\u00e9ndonos as\u00ed servir mejor a los clientes que han comprado los productos con nosotros. Por este motivo nos reservamos el derecho de rechazar cualquier solicitud de reparaci\u00f3n o soporte t\u00e9cnico para mercader\u00eda que no ha sido vendida por nuestra empresa. En estos casos, el cliente deber\u00e1 buscar una soluci\u00f3n con la empresa en la cual adquiri\u00f3 inicialmente el producto con problema o necesidad de asistencia.<\/p>\n<p>La garant\u00eda por las reparaciones es de 30 d\u00edas a partir del retiro o env\u00edo del equipo, no pudiendo el propietario hacer valer la misma si el aparato hubiese sido abierto por personas ajenas a SOLARTIK M\u00c9XICO SA DE CV. La garant\u00eda es sobre la falla, esto significa que si dentro de ese per\u00edodo vuelve a producirse la misma falla, la posterior reparaci\u00f3n queda cubierta por la garant\u00eda.<\/p>\n<p>Los equipos que ingresan al nuestro Servicio T\u00e9cnico y no se encuentren en garant\u00eda podr\u00e1n tener un costo m\u00ednimo de \u201cRevisi\u00f3n y Ensayo\u201d que ser\u00e1 bonificado en caso de avanzar con la reparaci\u00f3n.<\/p>\n<p><em><strong>\u00bfPor qu\u00e9 cobran la revisi\u00f3n de un equipo si no va a ser reparado o no est\u00e1 da\u00f1ado?<\/strong><\/em><\/p>\n<p>Realizamos nuestro trabajo con profesionalismo y todos los equipos que ingresan a nuestro laboratorio son cuidadosamente revisados y puestos a prueba por un grupo t\u00e9cnico de especialistas. Realizamos ensayos exhaustivos con instrumental de \u00faltima generaci\u00f3n para tratar de determinar la causa de la falla (si la tuviera) y simular las condiciones que la generan en pruebas de banco. Estamos realmente comprometidos en brindar un excelente servicio posventa, poder cobrar este laborioso trabajo nos permite brindar un servicio de calidad.<\/p>\n","protected":false},"excerpt":{"rendered":"<p>CONDICIONES GENERALES El cliente declara y acepta conocer y comprender las caracter\u00edsticas t\u00e9cnicas de los productos que adquiere y las<\/p>\n","protected":false},"author":4029,"featured_media":0,"parent":0,"menu_order":0,"comment_status":"closed","ping_status":"closed","template":"","meta":{"_relevanssi_hide_post":"","_relevanssi_hide_content":"","_relevanssi_pin_for_all":"","_relevanssi_pin_keywords":"","_relevanssi_unpin_keywords":"","_relevanssi_related_keywords":"","_relevanssi_related_include_ids":"","_relevanssi_related_exclude_ids":"","_relevanssi_related_no_append":"","_relevanssi_related_not_related":"","_relevanssi_related_posts":"365,24767,4817,114,683,10337","_relevanssi_noindex_reason":"","inline_featured_image":false,"footnotes":""},"class_list":["post-16905","page","type-page","status-publish","hentry"],"amp_enabled":true,"_links":{"self":[{"href":"https:\/\/enertik.com\/mx\/wp-json\/wp\/v2\/pages\/16905","targetHints":{"allow":["GET"]}}],"collection":[{"href":"https:\/\/enertik.com\/mx\/wp-json\/wp\/v2\/pages"}],"about":[{"href":"https:\/\/enertik.com\/mx\/wp-json\/wp\/v2\/types\/page"}],"author":[{"embeddable":true,"href":"https:\/\/enertik.com\/mx\/wp-json\/wp\/v2\/users\/4029"}],"replies":[{"embeddable":true,"href":"https:\/\/enertik.com\/mx\/wp-json\/wp\/v2\/comments?post=16905"}],"version-history":[{"count":0,"href":"https:\/\/enertik.com\/mx\/wp-json\/wp\/v2\/pages\/16905\/revisions"}],"wp:attachment":[{"href":"https:\/\/enertik.com\/mx\/wp-json\/wp\/v2\/media?parent=16905"}],"curies":[{"name":"wp","href":"https:\/\/api.w.org\/{rel}","templated":true}]}}