{"id":57594,"date":"2026-03-16T21:00:00","date_gmt":"2026-03-17T00:00:00","guid":{"rendered":"https:\/\/enertik.com\/cl\/?post_type=product&#038;p=57594"},"modified":"2026-04-30T03:56:28","modified_gmt":"2026-04-30T07:56:28","slug":"modulo-de-bateria-enchufable-para-ecoflow-glacier-classic","status":"publish","type":"product","link":"https:\/\/enertik.com\/cl\/tienda\/respaldo-de-energia\/generadores-portatiles\/modulo-de-bateria-enchufable-para-ecoflow-glacier-classic\/","title":{"rendered":"M\u00f3dulo de bater\u00eda enchufable para EcoFlow GLACIER CLASSIC"},"content":{"rendered":"\t\t<div data-elementor-type=\"product-post\" data-elementor-id=\"57594\" class=\"elementor elementor-57594\" data-elementor-post-type=\"product\">\n\t\t\t\t\t\t<section class=\"wd-negative-gap elementor-section elementor-top-section elementor-element elementor-element-dfcf1ad Product_Description elementor-section-boxed elementor-section-height-default elementor-section-height-default\" data-id=\"dfcf1ad\" data-element_type=\"section\" data-e-type=\"section\">\n\t\t\t\t\t\t<div class=\"elementor-container elementor-column-gap-default\">\n\t\t\t\t\t<div class=\"elementor-column elementor-col-100 elementor-top-column elementor-element elementor-element-aa8b2b1\" data-id=\"aa8b2b1\" data-element_type=\"column\" data-e-type=\"column\" data-settings=\"{&quot;background_background&quot;:&quot;classic&quot;}\">\n\t\t\t<div class=\"elementor-widget-wrap elementor-element-populated\">\n\t\t\t\t\t\t<section class=\"wd-negative-gap elementor-section elementor-inner-section elementor-element elementor-element-66f0bc2 elementor-section-boxed elementor-section-height-default elementor-section-height-default\" data-id=\"66f0bc2\" data-element_type=\"section\" data-e-type=\"section\">\n\t\t\t\t\t\t<div class=\"elementor-container elementor-column-gap-default\">\n\t\t\t\t\t<div class=\"elementor-column elementor-col-100 elementor-inner-column elementor-element elementor-element-77640d7\" data-id=\"77640d7\" data-element_type=\"column\" data-e-type=\"column\">\n\t\t\t<div class=\"elementor-widget-wrap elementor-element-populated\">\n\t\t\t\t\t\t<div class=\"elementor-element elementor-element-5ca0529 elementor-widget elementor-widget-wd_tabs\" data-id=\"5ca0529\" data-element_type=\"widget\" data-e-type=\"widget\" data-widget_type=\"wd_tabs.default\">\n\t\t\t\t<div class=\"elementor-widget-container\">\n\t\t\t\t\t\t\t<div class=\"wd-tabs tabs-design-default\">\n\t\t\t<div class=\"wd-tabs-header text-center\">\n\t\t\t\t\n\t\t\t\t\n\t\t\t\t<div class=\"wd-nav-wrapper wd-nav-tabs-wrapper wd-mb-action-swipe\">\n\t\t\t\t\t<ul class=\"wd-nav wd-nav-tabs wd-icon-pos-left wd-style-underline\">\n\t\t\t\t\t\t\t\t\t\t\t\t\t\n\t\t\t\t\t\t\t<li>\n\t\t\t\t\t\t\t\t<a href=\"#\" class=\"wd-nav-link\">\n\t\t\t\t\t\t\t\t\t\n\t\t\t\t\t\t\t\t\t<span class=\"nav-link-text wd-tabs-title\">\n\t\t\t\t\t\t\t\t\t\tDESCRIPCI\u00d3N\t\t\t\t\t\t\t\t\t<\/span>\n\t\t\t\t\t\t\t\t<\/a>\n\t\t\t\t\t\t\t<\/li>\n\n\t\t\t\t\t\t\t\t\t\t\t<\/ul>\n\t\t\t\t<\/div>\n\t\t\t<\/div>\n\n\t\t\t<div class=\"wd-tabs-content-wrapper\">\n\t\t\t\t\t\t\t\t\t\t\t\t\t\t\n\t\t\t\t\t<div class=\"wd-tab-content wd-entry-content\">\n\t\t\t\t\t\t\t\t\t\t\t\t\t<div >\n\t\t\t\t\t\t\t\t<h2>VENTAJAS<\/h2><p>\u00a0<\/p><ul class=\"ul1\"><li class=\"li1\">Autonom\u00eda real sin cables: alimenta la GLACIER\/GLACIER Classic sin entrada por cable.<\/li><li class=\"li1\">Hasta 40 h de refrigeraci\u00f3n sin cables.<\/li><li class=\"li1\">Larga vida \u00fatil: 800 ciclos hasta el 80 % de capacidad.\u00a0<\/li><li class=\"li1\">Formato enchufable: dise\u00f1ado para integrarse directamente con la EcoFlow GLACIER.<\/li><li class=\"li1\">Movilidad real: convierte la nevera en una soluci\u00f3n port\u00e1til para lugares sin enchufe.<\/li><li class=\"li1\">Ligera,\u00a0 compacta y f\u00e1cil de instalar: pensado para montaje\/uso pr\u00e1ctico en el d\u00eda a d\u00eda.<\/li><li class=\"li1\">Energ\u00eda para tus salidas: ideal para camping, viajes, trabajo en terreno y situaciones sin red el\u00e9ctrica.<\/li><\/ul>\t\t\t\t\t\t\t<\/div>\n\t\t\t\t\t\t\t\t\t\t\t<\/div>\n\n\t\t\t\t\t\t\t<\/div>\n\t\t<\/div>\n\t\t\t\t\t\t<\/div>\n\t\t\t\t<\/div>\n\t\t\t\t\t<\/div>\n\t\t<\/div>\n\t\t\t\t\t<\/div>\n\t\t<\/section>\n\t\t\t\t\t<\/div>\n\t\t<\/div>\n\t\t\t\t\t<\/div>\n\t\t<\/section>\n\t\t\t\t<\/div>\n\t\t","protected":false},"excerpt":{"rendered":"<p class=\"p1\">El M\u00f3dulo de bater\u00eda enchufable para EcoFlow GLACIER CLASSIC es el componente que permite que la nevera GLACIER funcione de forma aut\u00f3noma, es decir, sin necesidad de estar conectada por cable a una fuente de energ\u00eda externa.<\/p>\n<p class=\"p1\">Al instalarlo, la GLACIER CLASSIC puede operar como una soluci\u00f3n port\u00e1til real para salidas, camping y movilidad, manteniendo el funcionamiento cuando no tienes una toma de corriente disponible.<\/p>\n<p>Se recarga autom\u00e1ticamente siempre que la GLACIER CLASSIC est\u00e9 conectada a cualquier fuente de energ\u00eda.<\/p>\n<p>La bater\u00eda ofrece 298 Wh de capacidad y, con una carga completa, mantiene el interior de tu GLACIER CLASSIC a 4 \u00b0C hasta alrededor de 40 horas en Modo Eco, probada a 25 \u00b0C de temperatura ambiente.<\/p>\n","protected":false},"featured_media":57612,"comment_status":"open","ping_status":"closed","template":"","meta":{"_relevanssi_hide_post":"","_relevanssi_hide_content":"","_relevanssi_pin_for_all":"","_relevanssi_pin_keywords":"","_relevanssi_unpin_keywords":"","_relevanssi_related_keywords":"","_relevanssi_related_include_ids":"","_relevanssi_related_exclude_ids":"","_relevanssi_related_no_append":"","_relevanssi_related_not_related":"","_relevanssi_related_posts":"","_relevanssi_noindex_reason":"","inline_featured_image":false},"product_brand":[],"product_cat":[3711,1732,5579],"product_tag":[],"class_list":{"0":"post-57594","1":"product","2":"type-product","3":"status-publish","4":"has-post-thumbnail","6":"product_cat-generador-electrico-portatil","7":"product_cat-almacenamiento-ess","8":"product_cat-neveras-congeladores-portatiles","9":"pa_gtin-5574","10":"pa_marca-ecoflow","12":"first","13":"instock","14":"sale","15":"taxable","16":"shipping-taxable","17":"purchasable","18":"product-type-simple"},"bundled_by":[],"bundle_stock_status":"instock","bundle_stock_quantity":12,"bundle_virtual":false,"bundle_layout":"","bundle_add_to_cart_form_location":"","bundle_editable_in_cart":false,"bundle_sold_individually_context":"","bundle_item_grouping":"","bundle_min_size":"","bundle_max_size":"","bundle_price":[],"bundled_items":[],"bundle_sell_ids":[],"group_of_quantity":0,"min_quantity":0,"max_quantity":"","exclude_order_quantity_value_rules":"no","exclude_category_quantity_rules":"no","combine_variations":"no","exclude_global_add_ons":[],"addons":[],"_links":{"self":[{"href":"https:\/\/enertik.com\/cl\/wp-json\/wp\/v2\/product\/57594","targetHints":{"allow":["GET"]}}],"collection":[{"href":"https:\/\/enertik.com\/cl\/wp-json\/wp\/v2\/product"}],"about":[{"href":"https:\/\/enertik.com\/cl\/wp-json\/wp\/v2\/types\/product"}],"replies":[{"embeddable":true,"href":"https:\/\/enertik.com\/cl\/wp-json\/wp\/v2\/comments?post=57594"}],"version-history":[{"count":0,"href":"https:\/\/enertik.com\/cl\/wp-json\/wp\/v2\/product\/57594\/revisions"}],"wp:featuredmedia":[{"embeddable":true,"href":"https:\/\/enertik.com\/cl\/wp-json\/wp\/v2\/media\/57612"}],"wp:attachment":[{"href":"https:\/\/enertik.com\/cl\/wp-json\/wp\/v2\/media?parent=57594"}],"wp:term":[{"taxonomy":"product_brand","embeddable":true,"href":"https:\/\/enertik.com\/cl\/wp-json\/wp\/v2\/product_brand?post=57594"},{"taxonomy":"product_cat","embeddable":true,"href":"https:\/\/enertik.com\/cl\/wp-json\/wp\/v2\/product_cat?post=57594"},{"taxonomy":"product_tag","embeddable":true,"href":"https:\/\/enertik.com\/cl\/wp-json\/wp\/v2\/product_tag?post=57594"}],"curies":[{"name":"wp","href":"https:\/\/api.w.org\/{rel}","templated":true}]}}