{"id":57063,"date":"2026-03-16T21:00:00","date_gmt":"2026-03-17T00:00:00","guid":{"rendered":"https:\/\/enertik.com\/cl\/?post_type=product&#038;p=57063"},"modified":"2026-04-30T03:56:27","modified_gmt":"2026-04-30T07:56:27","slug":"bateria-adicional-inteligente-para-ecoflow-river-3-plus-eb300","status":"publish","type":"product","link":"https:\/\/enertik.com\/cl\/tienda\/respaldo-de-energia\/inversores-con-bateria-ess\/bateria-adicional-inteligente-para-ecoflow-river-3-plus-eb300\/","title":{"rendered":"Bater\u00eda adicional inteligente para EcoFlow RIVER 3 Plus (EB300)"},"content":{"rendered":"\t\t<div data-elementor-type=\"product-post\" data-elementor-id=\"57063\" class=\"elementor elementor-57063\" data-elementor-post-type=\"product\">\n\t\t\t\t\t\t<section class=\"wd-negative-gap elementor-section elementor-top-section elementor-element elementor-element-75004d6 Product_Description elementor-section-boxed elementor-section-height-default elementor-section-height-default\" data-id=\"75004d6\" data-element_type=\"section\" data-e-type=\"section\">\n\t\t\t\t\t\t<div class=\"elementor-container elementor-column-gap-default\">\n\t\t\t\t\t<div class=\"elementor-column elementor-col-100 elementor-top-column elementor-element elementor-element-0caba33\" data-id=\"0caba33\" data-element_type=\"column\" data-e-type=\"column\" data-settings=\"{&quot;background_background&quot;:&quot;classic&quot;}\">\n\t\t\t<div class=\"elementor-widget-wrap elementor-element-populated\">\n\t\t\t\t\t\t<section class=\"wd-negative-gap elementor-section elementor-inner-section elementor-element elementor-element-93f9e9d elementor-section-boxed elementor-section-height-default elementor-section-height-default\" data-id=\"93f9e9d\" data-element_type=\"section\" data-e-type=\"section\">\n\t\t\t\t\t\t<div class=\"elementor-container elementor-column-gap-default\">\n\t\t\t\t\t<div class=\"elementor-column elementor-col-100 elementor-inner-column elementor-element elementor-element-88f64c2\" data-id=\"88f64c2\" data-element_type=\"column\" data-e-type=\"column\">\n\t\t\t<div class=\"elementor-widget-wrap elementor-element-populated\">\n\t\t\t\t\t\t<div class=\"elementor-element elementor-element-3ce5044 elementor-widget elementor-widget-wd_tabs\" data-id=\"3ce5044\" data-element_type=\"widget\" data-e-type=\"widget\" data-widget_type=\"wd_tabs.default\">\n\t\t\t\t<div class=\"elementor-widget-container\">\n\t\t\t\t\t\t\t<div class=\"wd-tabs tabs-design-default\">\n\t\t\t<div class=\"wd-tabs-header text-center\">\n\t\t\t\t\n\t\t\t\t\n\t\t\t\t<div class=\"wd-nav-wrapper wd-nav-tabs-wrapper wd-mb-action-swipe\">\n\t\t\t\t\t<ul class=\"wd-nav wd-nav-tabs wd-icon-pos-left wd-style-underline\">\n\t\t\t\t\t\t\t\t\t\t\t\t\t\n\t\t\t\t\t\t\t<li>\n\t\t\t\t\t\t\t\t<a href=\"#\" class=\"wd-nav-link\">\n\t\t\t\t\t\t\t\t\t\n\t\t\t\t\t\t\t\t\t<span class=\"nav-link-text wd-tabs-title\">\n\t\t\t\t\t\t\t\t\t\tDESCRIPCI\u00d3N\t\t\t\t\t\t\t\t\t<\/span>\n\t\t\t\t\t\t\t\t<\/a>\n\t\t\t\t\t\t\t<\/li>\n\n\t\t\t\t\t\t\t\t\t\t\t\t\t\n\t\t\t\t\t\t\t<li>\n\t\t\t\t\t\t\t\t<a href=\"#\" class=\"wd-nav-link\">\n\t\t\t\t\t\t\t\t\t\n\t\t\t\t\t\t\t\t\t<span class=\"nav-link-text wd-tabs-title\">\n\t\t\t\t\t\t\t\t\t\tESPECIFICACIONES\t\t\t\t\t\t\t\t\t<\/span>\n\t\t\t\t\t\t\t\t<\/a>\n\t\t\t\t\t\t\t<\/li>\n\n\t\t\t\t\t\t\t\t\t\t\t<\/ul>\n\t\t\t\t<\/div>\n\t\t\t<\/div>\n\n\t\t\t<div class=\"wd-tabs-content-wrapper\">\n\t\t\t\t\t\t\t\t\t\t\t\t\t\t\n\t\t\t\t\t<div class=\"wd-tab-content wd-entry-content\">\n\t\t\t\t\t\t\t\t\t\t\t\t\t<div >\n\t\t\t\t\t\t\t\t<h2>VENTAJAS<\/h2><div id=\"1653922194332-e106eafb-4eea8590-8091\" class=\"vc_tta-panel vc_active\" data-vc-content=\".vc_tta-panel-body\"><div class=\"vc_tta-panel-body\"><div class=\"wpb_text_column wpb_content_element vc_custom_1655386521598\"><div class=\"wpb_wrapper\"><ul class=\"ul1\"><li class=\"li1\">Duplica la autonom\u00eda total del sistema RIVER 3 Plus (286 Wh \u2192 572 Wh).<\/li><li class=\"li1\">Puerto USB-C integrado para carga directa desde la bater\u00eda adicional.<\/li><li class=\"li1\">Bater\u00eda LiFePO\u2084 (LFP) con m\u00e1s de 3000 ciclos hasta el 80 %.<\/li><li class=\"li1\">Integraci\u00f3n autom\u00e1tica mediante el puerto de expansi\u00f3n dedicado.<\/li><li class=\"li1\">Totalmente compatible con las protecciones y monitoreo inteligente de EcoFlow.<\/li><li class=\"li1\">Funciona con la app EcoFlow a trav\u00e9s de la unidad principal.<\/li><li class=\"li1\">Dise\u00f1o port\u00e1til, robusto y seguro para uso en exteriores y emergencias.<\/li><li class=\"li1\">Refuerza la capacidad para alimentar equipos esenciales durante m\u00e1s tiempo.<\/li><\/ul><\/div><\/div><\/div><\/div>\t\t\t\t\t\t\t<\/div>\n\t\t\t\t\t\t\t\t\t\t\t<\/div>\n\n\t\t\t\t\t\t\t\t\t\t\t\t\t\t\n\t\t\t\t\t<div class=\"wd-tab-content wd-entry-content\">\n\t\t\t\t\t\t\t\t\t\t\t\t\t<div >\n\t\t\t\t\t\t\t\t<table><tbody><tr><td class=\"tbLeft\">Modelo<\/td><td>EB300<\/td><\/tr><tr><td class=\"tbLeft\">Compatibilidad<\/td><td>EcoFlow RIVER 3 Plus<\/td><\/tr><tr class=\"tbBorderNone\"><td class=\"tbLeft\">Tipo<\/td><td>Bater\u00eda adicional inteligente de expansi\u00f3n<\/td><\/tr><tr><td class=\"tbTit\" colspan=\"2\">Bater\u00eda<\/td><\/tr><tr><td class=\"tbLeft\">Tipo de bater\u00eda<\/td><td>LiFePO\u2084 (LFP)<\/td><\/tr><tr><td class=\"tbLeft\">Capacidad de almacenamiento<\/td><td>286 Wh<\/td><\/tr><tr class=\"tbBorderNone\"><td class=\"tbLeft\">Vida \u00fatil<\/td><td>&gt; 3000 ciclos (hasta 80% de capacidad)<\/td><\/tr><tr><td class=\"tbTit\" colspan=\"2\">Interfaces del m\u00f3dulo<\/td><\/tr><tr><td class=\"tbLeft\">Puerto USB-C<\/td><td>Cantidad: 1 (140 W m\u00e1x.)<\/td><\/tr><tr><td class=\"tbLeft\">Conexi\u00f3n con RIVER 3 Plus<\/td><td>Puerto de expansi\u00f3n dedicado<\/td><\/tr><tr><td class=\"tbLeft\">Capacidad con expansi\u00f3n<\/td><td>RIVER 3 Plus: 286 Wh \u2192 572 Wh<\/td><\/tr><tr class=\"tbBorderNone\"><td class=\"tbLeft\">Potencia total combinada<\/td><td>Hasta 990 W (seg\u00fan unidad principal)<\/td><\/tr><tr><td class=\"tbTit\" colspan=\"2\">Caracter\u00edsticas f\u00edsicas<\/td><\/tr><tr><td class=\"tbLeft\">Peso neto<\/td><td>Aprox. 2,1 kg<\/td><\/tr><tr><td class=\"tbLeft\">Dimensiones<\/td><td>232 \u00d7 115 \u00d7 143 mm<\/td><\/tr><tr class=\"tbBorderNone\"><td class=\"tbLeft\">Protecciones integradas<\/td><td>Temperatura, sobrevoltaje, sobrecorriente<\/td><\/tr><\/tbody><\/table>\t\t\t\t\t\t\t<\/div>\n\t\t\t\t\t\t\t\t\t\t\t<\/div>\n\n\t\t\t\t\t\t\t<\/div>\n\t\t<\/div>\n\t\t\t\t\t\t<\/div>\n\t\t\t\t<\/div>\n\t\t\t\t\t<\/div>\n\t\t<\/div>\n\t\t\t\t\t<\/div>\n\t\t<\/section>\n\t\t\t\t\t<\/div>\n\t\t<\/div>\n\t\t\t\t\t<\/div>\n\t\t<\/section>\n\t\t\t\t<section class=\"wd-negative-gap elementor-section elementor-top-section elementor-element elementor-element-7684adc Link_Buttons elementor-section-boxed elementor-section-height-default elementor-section-height-default\" data-id=\"7684adc\" data-element_type=\"section\" data-e-type=\"section\" data-settings=\"{&quot;background_background&quot;:&quot;classic&quot;}\">\n\t\t\t\t\t\t<div class=\"elementor-container elementor-column-gap-custom\">\n\t\t\t\t\t<div class=\"elementor-column elementor-col-33 elementor-top-column elementor-element elementor-element-25d687f\" data-id=\"25d687f\" data-element_type=\"column\" data-e-type=\"column\">\n\t\t\t<div class=\"elementor-widget-wrap elementor-element-populated\">\n\t\t\t\t\t\t<div class=\"elementor-element elementor-element-fa62915 elementor-view-framed elementor-shape-circle elementor-position-block-start elementor-mobile-position-block-start elementor-widget elementor-widget-icon-box\" data-id=\"fa62915\" data-element_type=\"widget\" data-e-type=\"widget\" data-widget_type=\"icon-box.default\">\n\t\t\t\t\t\t\t<div class=\"elementor-icon-box-wrapper\">\n\n\t\t\t\t\t\t<div class=\"elementor-icon-box-icon\">\n\t\t\t\t<a href=\"https:\/\/enertik.com\/wp-content\/uploads\/sites\/3\/documentos\/manuales\/ecoflow-river-3-plus_manual-de-usuario.pdf\" target=\"_blank\" class=\"elementor-icon\" tabindex=\"-1\">\n\t\t\t\t<svg aria-hidden=\"true\" class=\"e-font-icon-svg e-fas-book\" viewBox=\"0 0 448 512\" xmlns=\"http:\/\/www.w3.org\/2000\/svg\"><path d=\"M448 360V24c0-13.3-10.7-24-24-24H96C43 0 0 43 0 96v320c0 53 43 96 96 96h328c13.3 0 24-10.7 24-24v-16c0-7.5-3.5-14.3-8.9-18.7-4.2-15.4-4.2-59.3 0-74.7 5.4-4.3 8.9-11.1 8.9-18.6zM128 134c0-3.3 2.7-6 6-6h212c3.3 0 6 2.7 6 6v20c0 3.3-2.7 6-6 6H134c-3.3 0-6-2.7-6-6v-20zm0 64c0-3.3 2.7-6 6-6h212c3.3 0 6 2.7 6 6v20c0 3.3-2.7 6-6 6H134c-3.3 0-6-2.7-6-6v-20zm253.4 250H96c-17.7 0-32-14.3-32-32 0-17.6 14.4-32 32-32h285.4c-1.9 17.1-1.9 46.9 0 64z\"><\/path><\/svg>\t\t\t\t<\/a>\n\t\t\t<\/div>\n\t\t\t\n\t\t\t\t\t\t<div class=\"elementor-icon-box-content\">\n\n\t\t\t\t\n\t\t\t\t\t\t\t\t\t<p class=\"elementor-icon-box-description\">\n\t\t\t\t\t\tMANUAL\t\t\t\t\t<\/p>\n\t\t\t\t\n\t\t\t<\/div>\n\t\t\t\n\t\t<\/div>\n\t\t\t\t\t\t<\/div>\n\t\t\t\t\t<\/div>\n\t\t<\/div>\n\t\t\t\t<div class=\"elementor-column elementor-col-33 elementor-top-column elementor-element elementor-element-ac6e22e\" data-id=\"ac6e22e\" data-element_type=\"column\" data-e-type=\"column\">\n\t\t\t<div class=\"elementor-widget-wrap elementor-element-populated\">\n\t\t\t\t\t\t<div class=\"elementor-element elementor-element-9593338 elementor-view-framed elementor-shape-circle elementor-position-block-start elementor-mobile-position-block-start elementor-widget elementor-widget-icon-box\" data-id=\"9593338\" data-element_type=\"widget\" data-e-type=\"widget\" data-widget_type=\"icon-box.default\">\n\t\t\t\t\t\t\t<div class=\"elementor-icon-box-wrapper\">\n\n\t\t\t\t\t\t<div class=\"elementor-icon-box-icon\">\n\t\t\t\t<a href=\"https:\/\/play.google.com\/store\/apps\/details?id=com.ecoflow\" target=\"_blank\" class=\"elementor-icon\" tabindex=\"-1\" rel=\"noopener\">\n\t\t\t\t<svg aria-hidden=\"true\" class=\"e-font-icon-svg e-fab-google-play\" viewBox=\"0 0 512 512\" xmlns=\"http:\/\/www.w3.org\/2000\/svg\"><path d=\"M325.3 234.3L104.6 13l280.8 161.2-60.1 60.1zM47 0C34 6.8 25.3 19.2 25.3 35.3v441.3c0 16.1 8.7 28.5 21.7 35.3l256.6-256L47 0zm425.2 225.6l-58.9-34.1-65.7 64.5 65.7 64.5 60.1-34.1c18-14.3 18-46.5-1.2-60.8zM104.6 499l280.8-161.2-60.1-60.1L104.6 499z\"><\/path><\/svg>\t\t\t\t<\/a>\n\t\t\t<\/div>\n\t\t\t\n\t\t\t\t\t\t<div class=\"elementor-icon-box-content\">\n\n\t\t\t\t\n\t\t\t\t\t\t\t\t\t<p class=\"elementor-icon-box-description\">\n\t\t\t\t\t\tAPP ANDROID\t\t\t\t\t<\/p>\n\t\t\t\t\n\t\t\t<\/div>\n\t\t\t\n\t\t<\/div>\n\t\t\t\t\t\t<\/div>\n\t\t\t\t\t<\/div>\n\t\t<\/div>\n\t\t\t\t<div class=\"elementor-column elementor-col-33 elementor-top-column elementor-element elementor-element-ef0cb5a\" data-id=\"ef0cb5a\" data-element_type=\"column\" data-e-type=\"column\">\n\t\t\t<div class=\"elementor-widget-wrap elementor-element-populated\">\n\t\t\t\t\t\t<div class=\"elementor-element elementor-element-d3efa95 elementor-view-framed elementor-shape-circle elementor-position-block-start elementor-mobile-position-block-start elementor-widget elementor-widget-icon-box\" data-id=\"d3efa95\" data-element_type=\"widget\" data-e-type=\"widget\" data-widget_type=\"icon-box.default\">\n\t\t\t\t\t\t\t<div class=\"elementor-icon-box-wrapper\">\n\n\t\t\t\t\t\t<div class=\"elementor-icon-box-icon\">\n\t\t\t\t<a href=\"https:\/\/apps.apple.com\/app\/ecoflow-power-a-new-world\/id1506693140\" target=\"_blank\" class=\"elementor-icon\" tabindex=\"-1\" rel=\"noopener\">\n\t\t\t\t<svg aria-hidden=\"true\" class=\"e-font-icon-svg e-fab-app-store-ios\" viewBox=\"0 0 448 512\" xmlns=\"http:\/\/www.w3.org\/2000\/svg\"><path d=\"M400 32H48C21.5 32 0 53.5 0 80v352c0 26.5 21.5 48 48 48h352c26.5 0 48-21.5 48-48V80c0-26.5-21.5-48-48-48zM127 384.5c-5.5 9.6-17.8 12.8-27.3 7.3-9.6-5.5-12.8-17.8-7.3-27.3l14.3-24.7c16.1-4.9 29.3-1.1 39.6 11.4L127 384.5zm138.9-53.9H84c-11 0-20-9-20-20s9-20 20-20h51l65.4-113.2-20.5-35.4c-5.5-9.6-2.2-21.8 7.3-27.3 9.6-5.5 21.8-2.2 27.3 7.3l8.9 15.4 8.9-15.4c5.5-9.6 17.8-12.8 27.3-7.3 9.6 5.5 12.8 17.8 7.3 27.3l-85.8 148.6h62.1c20.2 0 31.5 23.7 22.7 40zm98.1 0h-29l19.6 33.9c5.5 9.6 2.2 21.8-7.3 27.3-9.6 5.5-21.8 2.2-27.3-7.3-32.9-56.9-57.5-99.7-74-128.1-16.7-29-4.8-58 7.1-67.8 13.1 22.7 32.7 56.7 58.9 102h52c11 0 20 9 20 20 0 11.1-9 20-20 20z\"><\/path><\/svg>\t\t\t\t<\/a>\n\t\t\t<\/div>\n\t\t\t\n\t\t\t\t\t\t<div class=\"elementor-icon-box-content\">\n\n\t\t\t\t\n\t\t\t\t\t\t\t\t\t<p class=\"elementor-icon-box-description\">\n\t\t\t\t\t\tAPP IOS\t\t\t\t\t<\/p>\n\t\t\t\t\n\t\t\t<\/div>\n\t\t\t\n\t\t<\/div>\n\t\t\t\t\t\t<\/div>\n\t\t\t\t\t<\/div>\n\t\t<\/div>\n\t\t\t\t\t<\/div>\n\t\t<\/section>\n\t\t\t\t<\/div>\n\t\t","protected":false},"excerpt":{"rendered":"<p class=\"p1\">La bater\u00eda adicional inteligente EcoFlow EB300 para RIVER 3 Plus es un m\u00f3dulo de expansi\u00f3n dise\u00f1ado para duplicar la capacidad de almacenamiento de la estaci\u00f3n de energ\u00eda RIVER 3 Plus, pasando de 286 Wh a un total de 572 Wh. Gracias a su tecnolog\u00eda LiFePO\u2084 y dise\u00f1o modular, permite extender de manera segura y eficiente la autonom\u00eda del sistema en actividades outdoor, trabajo en terreno y uso dom\u00e9stico.<\/p>\n<p class=\"p1\">Adem\u00e1s de aumentar la capacidad del RIVER 3 Plus, la EB300 incorpora un puerto USB-C independiente (140 W m\u00e1x.), que permite cargar dispositivos directamente desde el m\u00f3dulo sin utilizar la unidad principal. Esto convierte a la bater\u00eda adicional en una fuente de energ\u00eda vers\u00e1til por s\u00ed misma, \u00fatil para alimentar tel\u00e9fonos, tablets, c\u00e1maras y equipos ligeros mientras se preserva la energ\u00eda del equipo principal.<\/p>\n<p class=\"p1\">Su instalaci\u00f3n es extremadamente sencilla: se conecta mediante el puerto de expansi\u00f3n dedicado sin necesidad de cables adicionales y queda lista para funcionar en menos de 10 segundos. La RIVER 3 Plus detecta autom\u00e1ticamente la bater\u00eda adicional y ajusta todos los par\u00e1metros de carga, descarga y protecci\u00f3n. Tambi\u00e9n mantiene compatibilidad plena con la app EcoFlow (a trav\u00e9s de la unidad principal), integrando monitoreo avanzado y sistemas de seguridad electr\u00f3nicos.<\/p>\n<p class=\"p1\">Compacta, robusta y f\u00e1cil de transportar, la EB300 ofrece una soluci\u00f3n pr\u00e1ctica para extender la autonom\u00eda del ecosistema EcoFlow sin complicar la operaci\u00f3n del usuario.<\/p>\n","protected":false},"featured_media":57064,"comment_status":"open","ping_status":"closed","template":"","meta":{"_relevanssi_hide_post":"","_relevanssi_hide_content":"","_relevanssi_pin_for_all":"","_relevanssi_pin_keywords":"","_relevanssi_unpin_keywords":"","_relevanssi_related_keywords":"","_relevanssi_related_include_ids":"","_relevanssi_related_exclude_ids":"","_relevanssi_related_no_append":"","_relevanssi_related_not_related":"","_relevanssi_related_posts":"","_relevanssi_noindex_reason":"","inline_featured_image":false},"product_brand":[],"product_cat":[3711,1732],"product_tag":[],"class_list":{"0":"post-57063","1":"product","2":"type-product","3":"status-publish","4":"has-post-thumbnail","6":"product_cat-generador-electrico-portatil","7":"product_cat-almacenamiento-ess","8":"pa_gtin-5567","9":"pa_marca-ecoflow","11":"first","12":"instock","13":"sale","14":"taxable","15":"shipping-taxable","16":"purchasable","17":"product-type-simple"},"bundled_by":[],"bundle_stock_status":"instock","bundle_stock_quantity":6,"bundle_virtual":false,"bundle_layout":"","bundle_add_to_cart_form_location":"","bundle_editable_in_cart":false,"bundle_sold_individually_context":"","bundle_item_grouping":"","bundle_min_size":"","bundle_max_size":"","bundle_price":[],"bundled_items":[],"bundle_sell_ids":[],"group_of_quantity":0,"min_quantity":0,"max_quantity":"","exclude_order_quantity_value_rules":"no","exclude_category_quantity_rules":"no","combine_variations":"no","exclude_global_add_ons":[],"addons":[],"_links":{"self":[{"href":"https:\/\/enertik.com\/cl\/wp-json\/wp\/v2\/product\/57063","targetHints":{"allow":["GET"]}}],"collection":[{"href":"https:\/\/enertik.com\/cl\/wp-json\/wp\/v2\/product"}],"about":[{"href":"https:\/\/enertik.com\/cl\/wp-json\/wp\/v2\/types\/product"}],"replies":[{"embeddable":true,"href":"https:\/\/enertik.com\/cl\/wp-json\/wp\/v2\/comments?post=57063"}],"version-history":[{"count":0,"href":"https:\/\/enertik.com\/cl\/wp-json\/wp\/v2\/product\/57063\/revisions"}],"wp:featuredmedia":[{"embeddable":true,"href":"https:\/\/enertik.com\/cl\/wp-json\/wp\/v2\/media\/57064"}],"wp:attachment":[{"href":"https:\/\/enertik.com\/cl\/wp-json\/wp\/v2\/media?parent=57063"}],"wp:term":[{"taxonomy":"product_brand","embeddable":true,"href":"https:\/\/enertik.com\/cl\/wp-json\/wp\/v2\/product_brand?post=57063"},{"taxonomy":"product_cat","embeddable":true,"href":"https:\/\/enertik.com\/cl\/wp-json\/wp\/v2\/product_cat?post=57063"},{"taxonomy":"product_tag","embeddable":true,"href":"https:\/\/enertik.com\/cl\/wp-json\/wp\/v2\/product_tag?post=57063"}],"curies":[{"name":"wp","href":"https:\/\/api.w.org\/{rel}","templated":true}]}}