{"id":57055,"date":"2026-03-16T21:00:00","date_gmt":"2026-03-17T00:00:00","guid":{"rendered":"https:\/\/enertik.com\/cl\/?post_type=product&#038;p=57055"},"modified":"2026-04-30T03:56:27","modified_gmt":"2026-04-30T07:56:27","slug":"bateria-adicional-inteligente-para-ecoflow-delta-3","status":"publish","type":"product","link":"https:\/\/enertik.com\/cl\/tienda\/respaldo-de-energia\/inversores-con-bateria-ess\/bateria-adicional-inteligente-para-ecoflow-delta-3\/","title":{"rendered":"Bater\u00eda adicional inteligente para EcoFlow DELTA 3"},"content":{"rendered":"\t\t<div data-elementor-type=\"product-post\" data-elementor-id=\"57055\" class=\"elementor elementor-57055\" data-elementor-post-type=\"product\">\n\t\t\t\t\t\t<section class=\"wd-negative-gap elementor-section elementor-top-section elementor-element elementor-element-920d562 Product_Description elementor-section-boxed elementor-section-height-default elementor-section-height-default\" data-id=\"920d562\" data-element_type=\"section\" data-e-type=\"section\">\n\t\t\t\t\t\t<div class=\"elementor-container elementor-column-gap-default\">\n\t\t\t\t\t<div class=\"elementor-column elementor-col-100 elementor-top-column elementor-element elementor-element-d25e824\" data-id=\"d25e824\" data-element_type=\"column\" data-e-type=\"column\" data-settings=\"{&quot;background_background&quot;:&quot;classic&quot;}\">\n\t\t\t<div class=\"elementor-widget-wrap elementor-element-populated\">\n\t\t\t\t\t\t<section class=\"wd-negative-gap elementor-section elementor-inner-section elementor-element elementor-element-e7e7fb4 elementor-section-boxed elementor-section-height-default elementor-section-height-default\" data-id=\"e7e7fb4\" data-element_type=\"section\" data-e-type=\"section\">\n\t\t\t\t\t\t<div class=\"elementor-container elementor-column-gap-default\">\n\t\t\t\t\t<div class=\"elementor-column elementor-col-100 elementor-inner-column elementor-element elementor-element-0329ae6\" data-id=\"0329ae6\" data-element_type=\"column\" data-e-type=\"column\">\n\t\t\t<div class=\"elementor-widget-wrap elementor-element-populated\">\n\t\t\t\t\t\t<div class=\"elementor-element elementor-element-4f16015 elementor-widget elementor-widget-wd_tabs\" data-id=\"4f16015\" data-element_type=\"widget\" data-e-type=\"widget\" data-widget_type=\"wd_tabs.default\">\n\t\t\t\t<div class=\"elementor-widget-container\">\n\t\t\t\t\t\t\t<div class=\"wd-tabs tabs-design-default\">\n\t\t\t<div class=\"wd-tabs-header text-center\">\n\t\t\t\t\n\t\t\t\t\n\t\t\t\t<div class=\"wd-nav-wrapper wd-nav-tabs-wrapper wd-mb-action-swipe\">\n\t\t\t\t\t<ul class=\"wd-nav wd-nav-tabs wd-icon-pos-left wd-style-underline\">\n\t\t\t\t\t\t\t\t\t\t\t\t\t\n\t\t\t\t\t\t\t<li>\n\t\t\t\t\t\t\t\t<a href=\"#\" class=\"wd-nav-link\">\n\t\t\t\t\t\t\t\t\t\n\t\t\t\t\t\t\t\t\t<span class=\"nav-link-text wd-tabs-title\">\n\t\t\t\t\t\t\t\t\t\tESPECIFICACIONES\t\t\t\t\t\t\t\t\t<\/span>\n\t\t\t\t\t\t\t\t<\/a>\n\t\t\t\t\t\t\t<\/li>\n\n\t\t\t\t\t\t\t\t\t\t\t<\/ul>\n\t\t\t\t<\/div>\n\t\t\t<\/div>\n\n\t\t\t<div class=\"wd-tabs-content-wrapper\">\n\t\t\t\t\t\t\t\t\t\t\t\t\t\t\n\t\t\t\t\t<div class=\"wd-tab-content wd-entry-content\">\n\t\t\t\t\t\t\t\t\t\t\t\t\t<div >\n\t\t\t\t\t\t\t\t<table><tbody><tr><td class=\"tbLeft\">Compatible con<\/td><td>EcoFlow DELTA 3 \/ DELTA 3 Plus<\/td><\/tr><tr class=\"tbBorderNone\"><td class=\"tbLeft\">Tipo<\/td><td>Bater\u00eda adicional inteligente (m\u00f3dulo de expansi\u00f3n)<\/td><\/tr><tr><td class=\"tbTit\" colspan=\"2\">Bater\u00eda<\/td><\/tr><tr><td class=\"tbLeft\">Tipo de bater\u00eda<\/td><td>LiFePO\u2084 (LFP)<\/td><\/tr><tr><td class=\"tbLeft\">Capacidad de almacenamiento<\/td><td>1024 Wh (51.2 V \u2393 20 Ah)<\/td><\/tr><tr><td class=\"tbLeft\">Ciclo de vida \u00fatil<\/td><td>\u2248 4000 ciclos hasta 80 % de capacidad<\/td><\/tr><tr class=\"tbBorderNone\"><td class=\"tbLeft\">Puerto de conexi\u00f3n<\/td><td>XT150 (propietario EcoFlow)<\/td><\/tr><tr><td class=\"tbTit\" colspan=\"2\">Compatibilidad y uso<\/td><\/tr><tr><td class=\"tbLeft\">Uso recomendado<\/td><td>Expansi\u00f3n de capacidad para DELTA 3 \/ DELTA 3 Plus;<br \/>respaldo prolongado, viajes, emergencias, off-grid.<\/td><\/tr><tr class=\"tbBorderNone\"><td class=\"tbLeft\">Control y monitoreo<\/td><td>Integraci\u00f3n con la app EcoFlow (WiFi \/ Bluetooth v\u00eda unidad principal)<\/td><\/tr><tr><td class=\"tbTit\" colspan=\"2\">Caracter\u00edsticas f\u00edsicas<\/td><\/tr><tr><td class=\"tbLeft\">Peso neto<\/td><td>\u2248 9,6 kg<\/td><\/tr><tr><td class=\"tbLeft\">Dimensiones (An \u00d7 Prof \u00d7 Al)<\/td><td>398 \u00d7 200 \u00d7 198 mm<\/td><\/tr><\/tbody><\/table>\t\t\t\t\t\t\t<\/div>\n\t\t\t\t\t\t\t\t\t\t\t<\/div>\n\n\t\t\t\t\t\t\t<\/div>\n\t\t<\/div>\n\t\t\t\t\t\t<\/div>\n\t\t\t\t<\/div>\n\t\t\t\t\t<\/div>\n\t\t<\/div>\n\t\t\t\t\t<\/div>\n\t\t<\/section>\n\t\t\t\t\t<\/div>\n\t\t<\/div>\n\t\t\t\t\t<\/div>\n\t\t<\/section>\n\t\t\t\t<\/div>\n\t\t","protected":false},"excerpt":{"rendered":"<p class=\"p1\">Este m\u00f3dulo de expansi\u00f3n complementa tu EcoFlow DELTA 3 o DELTA 3 Plus para duplicar la capacidad energ\u00e9tica (a\u00f1ade 1024 Wh), ideal para respaldos prolongados, viajes en caravana, trabajos off-grid o emergencias dom\u00e9sticas.<\/p>\n<p class=\"p1\">Su bater\u00eda LiFePO\u2084 ofrece una vida \u00fatil prolongada (hasta 4000 ciclos al 80 % de capacidad), y al conectarla mediante el puerto dedicado XT150, el sistema reconoce la bater\u00eda adicional autom\u00e1ticamente.<\/p>\n<p class=\"p1\">Puedes recargarla junto con la estaci\u00f3n principal y gestionar todo desde la app EcoFlow. Es plug-and-play, compacta y ligera, perfecta para quienes necesitan m\u00e1s energ\u00eda sin cambiar equipo.<\/p>\n","protected":false},"featured_media":57056,"comment_status":"open","ping_status":"closed","template":"","meta":{"_relevanssi_hide_post":"","_relevanssi_hide_content":"","_relevanssi_pin_for_all":"","_relevanssi_pin_keywords":"","_relevanssi_unpin_keywords":"","_relevanssi_related_keywords":"","_relevanssi_related_include_ids":"","_relevanssi_related_exclude_ids":"","_relevanssi_related_no_append":"","_relevanssi_related_not_related":"","_relevanssi_related_posts":"","_relevanssi_noindex_reason":"","inline_featured_image":false},"product_brand":[],"product_cat":[3711,1732],"product_tag":[],"class_list":{"0":"post-57055","1":"product","2":"type-product","3":"status-publish","4":"has-post-thumbnail","6":"product_cat-generador-electrico-portatil","7":"product_cat-almacenamiento-ess","8":"pa_gtin-5566","9":"pa_marca-ecoflow","11":"first","12":"instock","13":"sale","14":"taxable","15":"shipping-taxable","16":"purchasable","17":"product-type-simple"},"bundled_by":[],"bundle_stock_status":"instock","bundle_stock_quantity":6,"bundle_virtual":false,"bundle_layout":"","bundle_add_to_cart_form_location":"","bundle_editable_in_cart":false,"bundle_sold_individually_context":"","bundle_item_grouping":"","bundle_min_size":"","bundle_max_size":"","bundle_price":[],"bundled_items":[],"bundle_sell_ids":[],"group_of_quantity":0,"min_quantity":0,"max_quantity":"","exclude_order_quantity_value_rules":"no","exclude_category_quantity_rules":"no","combine_variations":"no","exclude_global_add_ons":[],"addons":[],"_links":{"self":[{"href":"https:\/\/enertik.com\/cl\/wp-json\/wp\/v2\/product\/57055","targetHints":{"allow":["GET"]}}],"collection":[{"href":"https:\/\/enertik.com\/cl\/wp-json\/wp\/v2\/product"}],"about":[{"href":"https:\/\/enertik.com\/cl\/wp-json\/wp\/v2\/types\/product"}],"replies":[{"embeddable":true,"href":"https:\/\/enertik.com\/cl\/wp-json\/wp\/v2\/comments?post=57055"}],"version-history":[{"count":0,"href":"https:\/\/enertik.com\/cl\/wp-json\/wp\/v2\/product\/57055\/revisions"}],"wp:featuredmedia":[{"embeddable":true,"href":"https:\/\/enertik.com\/cl\/wp-json\/wp\/v2\/media\/57056"}],"wp:attachment":[{"href":"https:\/\/enertik.com\/cl\/wp-json\/wp\/v2\/media?parent=57055"}],"wp:term":[{"taxonomy":"product_brand","embeddable":true,"href":"https:\/\/enertik.com\/cl\/wp-json\/wp\/v2\/product_brand?post=57055"},{"taxonomy":"product_cat","embeddable":true,"href":"https:\/\/enertik.com\/cl\/wp-json\/wp\/v2\/product_cat?post=57055"},{"taxonomy":"product_tag","embeddable":true,"href":"https:\/\/enertik.com\/cl\/wp-json\/wp\/v2\/product_tag?post=57055"}],"curies":[{"name":"wp","href":"https:\/\/api.w.org\/{rel}","templated":true}]}}