{"id":56499,"date":"2025-10-30T04:41:46","date_gmt":"2025-10-30T07:41:46","guid":{"rendered":"https:\/\/enertik.com\/cl\/?post_type=product&#038;p=56499"},"modified":"2026-04-09T04:31:02","modified_gmt":"2026-04-09T08:31:02","slug":"dummy-multiplus-ii-48-10000-140-100-230v","status":"publish","type":"product","link":"https:\/\/enertik.com\/cl\/tienda\/inversores\/inversores-cargadores\/sin-regulador-solar\/dummy-multiplus-ii-48-10000-140-100-230v\/","title":{"rendered":"Dummy MultiPlus-II 48\/10000\/140-100 230V"},"content":{"rendered":"","protected":false},"excerpt":{"rendered":"<p>Este art\u00edculo corresponde a una unidad dummy del equipo &#8220;MultiPlus-II 48\/10000\/140-100 230V&#8221;. \u00a0Es decir, una carcasa no funcional dise\u00f1ada exclusivamente para exhibici\u00f3n en tiendas f\u00edsicas, showrooms, eventos comerciales o demostraciones t\u00e9cnicas.<\/p>\n<p>Su finalidad es mostrar el aspecto exterior del producto, su tama\u00f1o real, la ubicaci\u00f3n de conexiones, el dise\u00f1o del gabinete y otros elementos visuales que ayudan a la presentaci\u00f3n del equipo.<\/p>\n<p data-start=\"794\" data-end=\"814\"><strong data-start=\"798\" data-end=\"812\">Importante:<\/strong><\/p>\n<p>Esta unidad no contiene componentes internos operativos y no puede ser utilizada como producto real. No genera energ\u00eda, no se conecta el\u00e9ctricamente y no admite ning\u00fan tipo de uso t\u00e9cnico.<br data-start=\"1011\" data-end=\"1014\" \/>Su prop\u00f3sito es \u00fanicamente demostrativo.<\/p>\n<p data-start=\"1060\" data-end=\"1087\"><strong data-start=\"1064\" data-end=\"1085\">Usos recomendados:<\/strong><\/p>\n<ul data-start=\"1088\" data-end=\"1306\">\n<li data-start=\"1088\" data-end=\"1122\">Exhibici\u00f3n en tiendas f\u00edsicas.<\/li>\n<li data-start=\"1123\" data-end=\"1156\">Showrooms y stands de ferias.<\/li>\n<li data-start=\"1157\" data-end=\"1216\">Demostraciones de instalaci\u00f3n o presentaci\u00f3n comercial.<\/li>\n<li data-start=\"1217\" data-end=\"1306\">Escenarios donde se necesita mostrar el dise\u00f1o del producto sin requerir funcionalidad.<\/li>\n<\/ul>\n","protected":false},"featured_media":56500,"comment_status":"open","ping_status":"closed","template":"","meta":{"_relevanssi_hide_post":"","_relevanssi_hide_content":"","_relevanssi_pin_for_all":"","_relevanssi_pin_keywords":"","_relevanssi_unpin_keywords":"","_relevanssi_related_keywords":"","_relevanssi_related_include_ids":"","_relevanssi_related_exclude_ids":"","_relevanssi_related_no_append":"","_relevanssi_related_not_related":"","_relevanssi_related_posts":"","_relevanssi_noindex_reason":"","inline_featured_image":false},"product_brand":[],"product_cat":[1692,1727,1694,1723,1691,1746,1726],"product_tag":[],"class_list":{"0":"post-56499","1":"product","2":"type-product","3":"status-publish","4":"has-post-thumbnail","6":"product_cat-accesorios","7":"product_cat-accesorios-para-inversores-cargadores","8":"product_cat-con-backup-hibrido","9":"product_cat-inversores-cargadores","10":"product_cat-inversores-con-conexion-a-red","11":"product_cat-otros-productos","12":"product_cat-sin-regulador-solar","13":"pa_gtin-5520","14":"pa_marca-victron-energy","15":"pa_potencia-10kw","16":"pa_serie-serie-multiplus-ii","17":"pa_voltaje-48v","19":"first","20":"instock","21":"taxable","22":"shipping-taxable","23":"purchasable","24":"product-type-simple"},"bundled_by":[],"bundle_stock_status":"instock","bundle_stock_quantity":1,"bundle_virtual":false,"bundle_layout":"","bundle_add_to_cart_form_location":"","bundle_editable_in_cart":false,"bundle_sold_individually_context":"","bundle_item_grouping":"","bundle_min_size":"","bundle_max_size":"","bundle_price":[],"bundled_items":[],"bundle_sell_ids":[],"group_of_quantity":0,"min_quantity":0,"max_quantity":"","exclude_order_quantity_value_rules":"no","exclude_category_quantity_rules":"no","combine_variations":"no","exclude_global_add_ons":[],"addons":[],"_links":{"self":[{"href":"https:\/\/enertik.com\/cl\/wp-json\/wp\/v2\/product\/56499","targetHints":{"allow":["GET"]}}],"collection":[{"href":"https:\/\/enertik.com\/cl\/wp-json\/wp\/v2\/product"}],"about":[{"href":"https:\/\/enertik.com\/cl\/wp-json\/wp\/v2\/types\/product"}],"replies":[{"embeddable":true,"href":"https:\/\/enertik.com\/cl\/wp-json\/wp\/v2\/comments?post=56499"}],"version-history":[{"count":0,"href":"https:\/\/enertik.com\/cl\/wp-json\/wp\/v2\/product\/56499\/revisions"}],"wp:featuredmedia":[{"embeddable":true,"href":"https:\/\/enertik.com\/cl\/wp-json\/wp\/v2\/media\/56500"}],"wp:attachment":[{"href":"https:\/\/enertik.com\/cl\/wp-json\/wp\/v2\/media?parent=56499"}],"wp:term":[{"taxonomy":"product_brand","embeddable":true,"href":"https:\/\/enertik.com\/cl\/wp-json\/wp\/v2\/product_brand?post=56499"},{"taxonomy":"product_cat","embeddable":true,"href":"https:\/\/enertik.com\/cl\/wp-json\/wp\/v2\/product_cat?post=56499"},{"taxonomy":"product_tag","embeddable":true,"href":"https:\/\/enertik.com\/cl\/wp-json\/wp\/v2\/product_tag?post=56499"}],"curies":[{"name":"wp","href":"https:\/\/api.w.org\/{rel}","templated":true}]}}