{"id":55811,"date":"2026-02-04T02:05:08","date_gmt":"2026-02-04T05:05:08","guid":{"rendered":"https:\/\/enertik.com\/cl\/?post_type=product&#038;p=55811"},"modified":"2026-04-09T04:29:10","modified_gmt":"2026-04-09T08:29:10","slug":"inversor-de-bombeo-solar-vfd-invt-sp100-trifasico-380v-22kw-entrada-cc","status":"publish","type":"product","link":"https:\/\/enertik.com\/cl\/tienda\/bombeo-solar\/drivers-solares-vfd\/inversor-de-bombeo-solar-vfd-invt-sp100-trifasico-380v-22kw-entrada-cc\/","title":{"rendered":"Inversor de bombeo solar (VFD) INVT SP100 &#8211; Trif\u00e1sico 380V \/ 22KW \/ Entrada CC"},"content":{"rendered":"\t\t<div data-elementor-type=\"product-post\" data-elementor-id=\"55811\" class=\"elementor elementor-55811\" data-elementor-post-type=\"product\">\n\t\t\t\t\t\t<section class=\"wd-negative-gap elementor-section elementor-top-section elementor-element elementor-element-75662b7 Product_Description elementor-section-boxed elementor-section-height-default elementor-section-height-default\" data-id=\"75662b7\" data-element_type=\"section\" data-e-type=\"section\">\n\t\t\t\t\t\t<div class=\"elementor-container elementor-column-gap-default\">\n\t\t\t\t\t<div class=\"elementor-column elementor-col-100 elementor-top-column elementor-element elementor-element-04d0da2\" data-id=\"04d0da2\" data-element_type=\"column\" data-e-type=\"column\" data-settings=\"{&quot;background_background&quot;:&quot;classic&quot;}\">\n\t\t\t<div class=\"elementor-widget-wrap elementor-element-populated\">\n\t\t\t\t\t\t<section class=\"wd-negative-gap elementor-section elementor-inner-section elementor-element elementor-element-15c212c elementor-section-boxed elementor-section-height-default elementor-section-height-default\" data-id=\"15c212c\" data-element_type=\"section\" data-e-type=\"section\">\n\t\t\t\t\t\t<div class=\"elementor-container elementor-column-gap-default\">\n\t\t\t\t\t<div class=\"elementor-column elementor-col-100 elementor-inner-column elementor-element elementor-element-6f5f50f\" data-id=\"6f5f50f\" data-element_type=\"column\" data-e-type=\"column\">\n\t\t\t<div class=\"elementor-widget-wrap elementor-element-populated\">\n\t\t\t\t\t\t<div class=\"elementor-element elementor-element-a7a4d18 elementor-widget elementor-widget-wd_tabs\" data-id=\"a7a4d18\" data-element_type=\"widget\" data-e-type=\"widget\" data-widget_type=\"wd_tabs.default\">\n\t\t\t\t<div class=\"elementor-widget-container\">\n\t\t\t\t\t\t\t<div class=\"wd-tabs tabs-design-default\">\n\t\t\t<div class=\"wd-tabs-header text-center\">\n\t\t\t\t\n\t\t\t\t\n\t\t\t\t<div class=\"wd-nav-wrapper wd-nav-tabs-wrapper wd-mb-action-swipe\">\n\t\t\t\t\t<ul class=\"wd-nav wd-nav-tabs wd-icon-pos-left wd-style-underline\">\n\t\t\t\t\t\t\t\t\t\t\t\t\t\n\t\t\t\t\t\t\t<li>\n\t\t\t\t\t\t\t\t<a href=\"#\" class=\"wd-nav-link\">\n\t\t\t\t\t\t\t\t\t\n\t\t\t\t\t\t\t\t\t<span class=\"nav-link-text wd-tabs-title\">\n\t\t\t\t\t\t\t\t\t\tDESCRIPCI\u00d3N\t\t\t\t\t\t\t\t\t<\/span>\n\t\t\t\t\t\t\t\t<\/a>\n\t\t\t\t\t\t\t<\/li>\n\n\t\t\t\t\t\t\t\t\t\t\t\t\t\n\t\t\t\t\t\t\t<li>\n\t\t\t\t\t\t\t\t<a href=\"#\" class=\"wd-nav-link\">\n\t\t\t\t\t\t\t\t\t\n\t\t\t\t\t\t\t\t\t<span class=\"nav-link-text wd-tabs-title\">\n\t\t\t\t\t\t\t\t\t\tESPECIFICACIONES\t\t\t\t\t\t\t\t\t<\/span>\n\t\t\t\t\t\t\t\t<\/a>\n\t\t\t\t\t\t\t<\/li>\n\n\t\t\t\t\t\t\t\t\t\t\t<\/ul>\n\t\t\t\t<\/div>\n\t\t\t<\/div>\n\n\t\t\t<div class=\"wd-tabs-content-wrapper\">\n\t\t\t\t\t\t\t\t\t\t\t\t\t\t\n\t\t\t\t\t<div class=\"wd-tab-content wd-entry-content\">\n\t\t\t\t\t\t\t\t\t\t\t\t\t<div >\n\t\t\t\t\t\t\t\t<h2>VENTAJAS<\/h2><ul><li>Algoritmo MPPT avanzado\u00a0de alta velocidad para el seguimiento en tiempo real de energ\u00eda y la mejora de la recolecci\u00f3n de energ\u00eda<\/li><li>Resistencia IP66<\/li><li>Protecci\u00f3n completa para las bombas conectadas<\/li><li>Amplio rango de entrada desde paneles solares<\/li><li>Eficiencia de MPPT 99%<\/li><li>Fabricado con componentes de alta calidad que resisten mejor las temperaturas extremas\u2028<\/li><li>Puede ser montado en pared o en los soportes de paneles solares<\/li><li>Admite cables de potencia hasta 200 metros sin la necesidad de un reactor<\/li><li>Interruptor CC integrado\u2028<\/li><li>Pantalla LCD integrada con botones e interfaz de ajustes que facilitan la configuraci\u00f3n\u2028<\/li><li>Programaci\u00f3n de ON\/OFF por temporizador\u2028<\/li><li>Control y monitoreo remoto por 4G o WiFi (opcional)<\/li><li>F\u00e1cil de instalar y usar, seguro y fiable<\/li><li>Construcci\u00f3n robusta<\/li><li>Libre mantenimiento<\/li><\/ul><p>\u00a0<\/p><h2>PROTECCIONES DEL EQUIPO<\/h2><ul><li class=\"ulBgColor\">Cortocircuito<\/li><li>Sobrecarga<\/li><li class=\"ulBgColor\">Alta tensi\u00f3n de entrada<\/li><li>Baja tensi\u00f3n de entrada<\/li><li class=\"ulBgColor\">Sobre temperatura<\/li><\/ul><p>\u00a0<\/p><h2>SOBRE VARIADORES DE FRECUENCIA PARA BOMBEO SOLAR<\/h2><p>La mitad de la energ\u00eda producida en todo el mundo se utiliza para operar bombas. En comparaci\u00f3n con las bombas de generador di\u00e9sel, el variador de frecuencia para bombeo solar INVT es respetuoso con el medio ambiente, tiene una larga vida \u00fatil y bajos costes de mantenimiento. Es independiente de la red y no produce contaminaci\u00f3n ni ruido. Las aplicaciones t\u00edpicas son el riego, el suministro de agua a comunidades, la piscicultura y la agricultura.<\/p><p>El variador de frecuencia para bombeo solar tiene muchas funciones espec\u00edficas de control solar y de bomba, como el seguimiento del punto de potencia m\u00e1ximo incorporado y la detecci\u00f3n de funcionamiento en seco, as\u00ed como el c\u00e1lculo del caudal sin sensor.<\/p><p>El seguimiento del punto de potencia m\u00e1ximo (MPPT) le asegura obtener la mejor potencia de salida posible de su panel solar y maximiza el rendimiento de su bomba a lo largo del d\u00eda, mientras que el arranque autom\u00e1tico y la parada en funci\u00f3n de la radiaci\u00f3n solar pueden ahorrar dinero y combustible (en el caso de disponer de un generador di\u00e9sel) durante las horas diurnas.<\/p>\t\t\t\t\t\t\t<\/div>\n\t\t\t\t\t\t\t\t\t\t\t<\/div>\n\n\t\t\t\t\t\t\t\t\t\t\t\t\t\t\n\t\t\t\t\t<div class=\"wd-tab-content wd-entry-content\">\n\t\t\t\t\t\t\t\t\t\t\t\t\t<div >\n\t\t\t\t\t\t\t\t<table><tbody><tr class=\"tbBorderNone\"><td class=\"tbLeft\">Modelo<\/td><td>SP100-022-D4-6-S<\/td><\/tr><tr><td class=\"tbTit\" colspan=\"2\">Entrada CC<\/td><\/tr><tr><td class=\"tbLeft\">Voltaje m\u00e1ximo<\/td><td>900VCC<\/td><\/tr><tr><td class=\"tbLeft\">Voltaje de arranque<\/td><td>300VCC<\/td><\/tr><tr><td class=\"tbLeft\">Voltaje m\u00ednimo de trabajo<\/td><td>250VCC<\/td><\/tr><tr><td class=\"tbLeft\">Rango de voltaje MPPT<\/td><td>300 ~ 850VCC<\/td><\/tr><tr><td class=\"tbLeft\">Voltaje MPPT \u00f3ptimo<\/td><td>570VCC<\/td><\/tr><tr><td class=\"tbLeft\">Corriente m\u00e1xima de entrada<\/td><td>45A<\/td><\/tr><tr class=\"tbBorderNone\"><td class=\"tbLeft\">Paneles recomendados<\/td><td>Panel solar de 550W : 16 x 3<\/td><\/tr><tr><td class=\"tbTit\" colspan=\"2\">Salida CA<\/td><\/tr><tr><td class=\"tbLeft\">Potencia nominal<\/td><td>22 000W<\/td><\/tr><tr><td class=\"tbLeft\">Corriente nominal<\/td><td>45A<\/td><\/tr><tr><td class=\"tbLeft\">Voltaje de salida nominal<\/td><td>380 ~ 440VCA<\/td><\/tr><tr class=\"tbBorderNone\"><td class=\"tbLeft\">Frecuencia<\/td><td>0 ~ 400Hz<\/td><\/tr><tr><td class=\"tbTit\" colspan=\"2\">Datos de la bomba<\/td><\/tr><tr><td class=\"tbLeft\">Potencia<\/td><td>30 HP (m\u00e1x)<\/td><\/tr><tr class=\"tbBorderNone\"><td class=\"tbLeft\">Tipo de motor<\/td><td>TRIF\u00c1SICO<\/td><\/tr><tr><td class=\"tbTit\" colspan=\"2\">Datos generales<\/td><\/tr><tr><td class=\"tbLeft\">Protecci\u00f3n para intemperie<\/td><td>IP66<\/td><\/tr><tr><td class=\"tbLeft\">Cable recomendado<\/td><td>CA: 16 mm\u00b2 \/ PV: 2.5 mm\u00b2<\/td><\/tr><tr><td class=\"tbLeft\">Refrigeraci\u00f3n<\/td><td>Por ventilador<\/td><\/tr><tr><td class=\"tbLeft\">Temperatura de operaci\u00f3n<\/td><td>-10\u00b0C ~ +60\u00b0C<br \/>(Eficiencia reducida a partir de 45\u00b0C)<\/td><\/tr><tr><td class=\"tbLeft\">Altitud<\/td><td>&lt; 3000 m<br \/>(Eficiencia reducida a partir de 1000 m: 1% por cada 100 m subidos)<\/td><\/tr><tr><td class=\"tbLeft\">Dimensiones (mm)<\/td><td>481 x 390 x 216<\/td><\/tr><tr><td class=\"tbLeft\">Peso (Kg)<\/td><td>10.4<\/td><\/tr><\/tbody><\/table>\t\t\t\t\t\t\t<\/div>\n\t\t\t\t\t\t\t\t\t\t\t<\/div>\n\n\t\t\t\t\t\t\t<\/div>\n\t\t<\/div>\n\t\t\t\t\t\t<\/div>\n\t\t\t\t<\/div>\n\t\t\t\t\t<\/div>\n\t\t<\/div>\n\t\t\t\t\t<\/div>\n\t\t<\/section>\n\t\t\t\t\t<\/div>\n\t\t<\/div>\n\t\t\t\t\t<\/div>\n\t\t<\/section>\n\t\t\t\t<section class=\"wd-negative-gap elementor-section elementor-top-section elementor-element elementor-element-8a0b0c0 Link_Buttons elementor-section-boxed elementor-section-height-default elementor-section-height-default\" data-id=\"8a0b0c0\" data-element_type=\"section\" data-e-type=\"section\" data-settings=\"{&quot;background_background&quot;:&quot;classic&quot;}\">\n\t\t\t\t\t\t<div class=\"elementor-container elementor-column-gap-custom\">\n\t\t\t\t\t<div class=\"elementor-column elementor-col-50 elementor-top-column elementor-element elementor-element-2be4af0\" data-id=\"2be4af0\" data-element_type=\"column\" data-e-type=\"column\">\n\t\t\t<div class=\"elementor-widget-wrap elementor-element-populated\">\n\t\t\t\t\t\t<div class=\"elementor-element elementor-element-e32ca68 elementor-view-framed elementor-shape-circle elementor-position-block-start elementor-mobile-position-block-start elementor-widget elementor-widget-icon-box\" data-id=\"e32ca68\" data-element_type=\"widget\" data-e-type=\"widget\" data-widget_type=\"icon-box.default\">\n\t\t\t\t\t\t\t<div class=\"elementor-icon-box-wrapper\">\n\n\t\t\t\t\t\t<div class=\"elementor-icon-box-icon\">\n\t\t\t\t<a href=\"https:\/\/enertik.com\/wp-content\/uploads\/sites\/3\/documentos\/manuales\/manual-sp100-series-solar-pump-inverter_v1.0.pdf\" target=\"_blank\" class=\"elementor-icon\" tabindex=\"-1\">\n\t\t\t\t<svg aria-hidden=\"true\" class=\"e-font-icon-svg e-fas-book\" viewBox=\"0 0 448 512\" xmlns=\"http:\/\/www.w3.org\/2000\/svg\"><path d=\"M448 360V24c0-13.3-10.7-24-24-24H96C43 0 0 43 0 96v320c0 53 43 96 96 96h328c13.3 0 24-10.7 24-24v-16c0-7.5-3.5-14.3-8.9-18.7-4.2-15.4-4.2-59.3 0-74.7 5.4-4.3 8.9-11.1 8.9-18.6zM128 134c0-3.3 2.7-6 6-6h212c3.3 0 6 2.7 6 6v20c0 3.3-2.7 6-6 6H134c-3.3 0-6-2.7-6-6v-20zm0 64c0-3.3 2.7-6 6-6h212c3.3 0 6 2.7 6 6v20c0 3.3-2.7 6-6 6H134c-3.3 0-6-2.7-6-6v-20zm253.4 250H96c-17.7 0-32-14.3-32-32 0-17.6 14.4-32 32-32h285.4c-1.9 17.1-1.9 46.9 0 64z\"><\/path><\/svg>\t\t\t\t<\/a>\n\t\t\t<\/div>\n\t\t\t\n\t\t\t\t\t\t<div class=\"elementor-icon-box-content\">\n\n\t\t\t\t\n\t\t\t\t\t\t\t\t\t<p class=\"elementor-icon-box-description\">\n\t\t\t\t\t\tMANUAL\t\t\t\t\t<\/p>\n\t\t\t\t\n\t\t\t<\/div>\n\t\t\t\n\t\t<\/div>\n\t\t\t\t\t\t<\/div>\n\t\t\t\t\t<\/div>\n\t\t<\/div>\n\t\t\t\t<div class=\"elementor-column elementor-col-50 elementor-top-column elementor-element elementor-element-9ac977c\" data-id=\"9ac977c\" data-element_type=\"column\" data-e-type=\"column\">\n\t\t\t<div class=\"elementor-widget-wrap elementor-element-populated\">\n\t\t\t\t\t\t<div class=\"elementor-element elementor-element-ef100d4 elementor-view-framed elementor-shape-circle elementor-position-block-start elementor-mobile-position-block-start elementor-widget elementor-widget-icon-box\" data-id=\"ef100d4\" data-element_type=\"widget\" data-e-type=\"widget\" data-widget_type=\"icon-box.default\">\n\t\t\t\t\t\t\t<div class=\"elementor-icon-box-wrapper\">\n\n\t\t\t\t\t\t<div class=\"elementor-icon-box-icon\">\n\t\t\t\t<a href=\"https:\/\/enertik.com\/wp-content\/uploads\/sites\/3\/documentos\/folletos\/sp100-catalogen-202407v1.0.pdf\" target=\"_blank\" class=\"elementor-icon\" tabindex=\"-1\">\n\t\t\t\t<svg aria-hidden=\"true\" class=\"e-font-icon-svg e-fas-book-open\" viewBox=\"0 0 576 512\" xmlns=\"http:\/\/www.w3.org\/2000\/svg\"><path d=\"M542.22 32.05c-54.8 3.11-163.72 14.43-230.96 55.59-4.64 2.84-7.27 7.89-7.27 13.17v363.87c0 11.55 12.63 18.85 23.28 13.49 69.18-34.82 169.23-44.32 218.7-46.92 16.89-.89 30.02-14.43 30.02-30.66V62.75c.01-17.71-15.35-31.74-33.77-30.7zM264.73 87.64C197.5 46.48 88.58 35.17 33.78 32.05 15.36 31.01 0 45.04 0 62.75V400.6c0 16.24 13.13 29.78 30.02 30.66 49.49 2.6 149.59 12.11 218.77 46.95 10.62 5.35 23.21-1.94 23.21-13.46V100.63c0-5.29-2.62-10.14-7.27-12.99z\"><\/path><\/svg>\t\t\t\t<\/a>\n\t\t\t<\/div>\n\t\t\t\n\t\t\t\t\t\t<div class=\"elementor-icon-box-content\">\n\n\t\t\t\t\n\t\t\t\t\t\t\t\t\t<p class=\"elementor-icon-box-description\">\n\t\t\t\t\t\tFOLLETO - SERIE SP100\t\t\t\t\t<\/p>\n\t\t\t\t\n\t\t\t<\/div>\n\t\t\t\n\t\t<\/div>\n\t\t\t\t\t\t<\/div>\n\t\t\t\t\t<\/div>\n\t\t<\/div>\n\t\t\t\t\t<\/div>\n\t\t<\/section>\n\t\t\t\t<\/div>\n\t\t","protected":false},"excerpt":{"rendered":"<p>Serie: SP100 \/ Potencia: 22kW (30HP) \/ Nivel de CA: 380V Trif\u00e1sico \/ Entradas: Solo CC (Paneles solares) &#8211;<\/p>\n<p class=\"p1\">INVT, l\u00edder en bombeo solar, presenta su nueva l\u00ednea de variadores de frecuencia (VFD) dise\u00f1ados a partir de las recomendaciones de nuestros usuarios. Estos inversores de \u00faltima generaci\u00f3n est\u00e1n dise\u00f1ados para cubrir todas las necesidades de bombeo solar, ofreciendo un sistema confiable, ecol\u00f3gico y rentable.<\/p>\n<p>El gabinete de dise\u00f1o innovador ofrece protecci\u00f3n IP66, asegurando durabilidad y una excelente disipaci\u00f3n de calor.<\/p>\n<p class=\"p1\">En \u00e9l est\u00e1n integrados el disyuntor CC, el fusible, el protector de descargas atmosf\u00e9ricas, y el busbar, por lo tanto no es necesario armar un gabinete combinador por separado.<\/p>\n<p class=\"p1\">Admite un amplio rango de entrada desde paneles solares.<\/p>\n<p class=\"p1\">Adem\u00e1s, permite la conexi\u00f3n de cables de potencia CA para el motor de hasta 200 metros sin necesidad de un reactor. Todo esto proporciona una configuraci\u00f3n flexible para cada proyecto.<\/p>\n<p class=\"p1\">Incorpora varias funciones innovadoras : Un regulador que permite entrada desde paneles de muy alta potencia y voltaje, diodos para protegerse de la polaridad inversa, compatibilidad con los generadores de di\u00e9sel, conversi\u00f3n m\u00e1s eficiente que requiere menos paneles., etc.<\/p>\n<p class=\"p1\">La pantalla LCD integrada muestra el estado y los par\u00e1metros de funcionamiento, permitiendo una lectura y comprensi\u00f3n intuitiva. Adem\u00e1s, se puede programar el encendido \/ apagado del equipo por temporizador.<\/p>\n<p class=\"p1\">Con los m\u00f3dulos de 4G o WiFi (opcional), podemos monitorear y controlar el equipo a distancia.<\/p>\n","protected":false},"featured_media":55815,"comment_status":"open","ping_status":"closed","template":"","meta":{"_relevanssi_hide_post":"","_relevanssi_hide_content":"","_relevanssi_pin_for_all":"","_relevanssi_pin_keywords":"","_relevanssi_unpin_keywords":"","_relevanssi_related_keywords":"","_relevanssi_related_include_ids":"","_relevanssi_related_exclude_ids":"","_relevanssi_related_no_append":"","_relevanssi_related_not_related":"","_relevanssi_related_posts":"","_relevanssi_noindex_reason":"","inline_featured_image":false},"product_brand":[],"product_cat":[1715],"product_tag":[],"class_list":{"0":"post-55811","1":"product","2":"type-product","3":"status-publish","4":"has-post-thumbnail","6":"product_cat-drivers-solares-vfd","7":"pa_marca-invt","8":"pa_potencia-22kw","9":"pa_serie-serie-sp100-cc","11":"first","12":"instock","13":"taxable","14":"shipping-taxable","15":"purchasable","16":"product-type-simple"},"bundled_by":[],"bundle_stock_status":"instock","bundle_stock_quantity":8,"bundle_virtual":false,"bundle_layout":"","bundle_add_to_cart_form_location":"","bundle_editable_in_cart":false,"bundle_sold_individually_context":"","bundle_item_grouping":"","bundle_min_size":"","bundle_max_size":"","bundle_price":[],"bundled_items":[],"bundle_sell_ids":[],"group_of_quantity":0,"min_quantity":0,"max_quantity":"","exclude_order_quantity_value_rules":"no","exclude_category_quantity_rules":"no","combine_variations":"no","exclude_global_add_ons":[],"addons":[],"_links":{"self":[{"href":"https:\/\/enertik.com\/cl\/wp-json\/wp\/v2\/product\/55811","targetHints":{"allow":["GET"]}}],"collection":[{"href":"https:\/\/enertik.com\/cl\/wp-json\/wp\/v2\/product"}],"about":[{"href":"https:\/\/enertik.com\/cl\/wp-json\/wp\/v2\/types\/product"}],"replies":[{"embeddable":true,"href":"https:\/\/enertik.com\/cl\/wp-json\/wp\/v2\/comments?post=55811"}],"version-history":[{"count":0,"href":"https:\/\/enertik.com\/cl\/wp-json\/wp\/v2\/product\/55811\/revisions"}],"wp:featuredmedia":[{"embeddable":true,"href":"https:\/\/enertik.com\/cl\/wp-json\/wp\/v2\/media\/55815"}],"wp:attachment":[{"href":"https:\/\/enertik.com\/cl\/wp-json\/wp\/v2\/media?parent=55811"}],"wp:term":[{"taxonomy":"product_brand","embeddable":true,"href":"https:\/\/enertik.com\/cl\/wp-json\/wp\/v2\/product_brand?post=55811"},{"taxonomy":"product_cat","embeddable":true,"href":"https:\/\/enertik.com\/cl\/wp-json\/wp\/v2\/product_cat?post=55811"},{"taxonomy":"product_tag","embeddable":true,"href":"https:\/\/enertik.com\/cl\/wp-json\/wp\/v2\/product_tag?post=55811"}],"curies":[{"name":"wp","href":"https:\/\/api.w.org\/{rel}","templated":true}]}}