{"id":55400,"date":"2026-01-18T03:38:07","date_gmt":"2026-01-18T06:38:07","guid":{"rendered":"https:\/\/enertik.com\/cl\/?post_type=product&#038;p=55400"},"modified":"2026-04-09T04:27:15","modified_gmt":"2026-04-09T08:27:15","slug":"interruptor-inteligente-zigbee-con-medidor-de-energia-y-protecciones-1pn-63a","status":"publish","type":"product","link":"https:\/\/enertik.com\/cl\/tienda\/materiales-electricos\/interruptores\/inteligentes\/interruptor-inteligente-zigbee-con-medidor-de-energia-y-protecciones-1p-n-63a\/","title":{"rendered":"Interruptor Inteligente Zigbee con Medidor de Energ\u00eda y Protecciones &#8211; 1P+N 63A"},"content":{"rendered":"\t\t<div data-elementor-type=\"product-post\" data-elementor-id=\"55400\" class=\"elementor elementor-55400\" data-elementor-post-type=\"product\">\n\t\t\t\t\t\t<section class=\"wd-negative-gap elementor-section elementor-top-section elementor-element elementor-element-f956c45 Product_Description elementor-section-boxed elementor-section-height-default elementor-section-height-default\" data-id=\"f956c45\" data-element_type=\"section\" data-e-type=\"section\">\n\t\t\t\t\t\t<div class=\"elementor-container elementor-column-gap-default\">\n\t\t\t\t\t<div class=\"elementor-column elementor-col-100 elementor-top-column elementor-element elementor-element-025fc02\" data-id=\"025fc02\" data-element_type=\"column\" data-e-type=\"column\" data-settings=\"{&quot;background_background&quot;:&quot;classic&quot;}\">\n\t\t\t<div class=\"elementor-widget-wrap elementor-element-populated\">\n\t\t\t\t\t\t<section class=\"wd-negative-gap elementor-section elementor-inner-section elementor-element elementor-element-ed346e2 elementor-section-boxed elementor-section-height-default elementor-section-height-default\" data-id=\"ed346e2\" data-element_type=\"section\" data-e-type=\"section\">\n\t\t\t\t\t\t<div class=\"elementor-container elementor-column-gap-default\">\n\t\t\t\t\t<div class=\"elementor-column elementor-col-100 elementor-inner-column elementor-element elementor-element-fa34b22\" data-id=\"fa34b22\" data-element_type=\"column\" data-e-type=\"column\">\n\t\t\t<div class=\"elementor-widget-wrap elementor-element-populated\">\n\t\t\t\t\t\t<div class=\"elementor-element elementor-element-d16fd38 elementor-widget elementor-widget-wd_tabs\" data-id=\"d16fd38\" data-element_type=\"widget\" data-e-type=\"widget\" data-widget_type=\"wd_tabs.default\">\n\t\t\t\t<div class=\"elementor-widget-container\">\n\t\t\t\t\t\t\t<div class=\"wd-tabs tabs-design-default\">\n\t\t\t<div class=\"wd-tabs-header text-center\">\n\t\t\t\t\n\t\t\t\t\n\t\t\t\t<div class=\"wd-nav-wrapper wd-nav-tabs-wrapper wd-mb-action-swipe\">\n\t\t\t\t\t<ul class=\"wd-nav wd-nav-tabs wd-icon-pos-left wd-style-underline\">\n\t\t\t\t\t\t\t\t\t\t\t\t\t\n\t\t\t\t\t\t\t<li>\n\t\t\t\t\t\t\t\t<a href=\"#\" class=\"wd-nav-link\">\n\t\t\t\t\t\t\t\t\t\n\t\t\t\t\t\t\t\t\t<span class=\"nav-link-text wd-tabs-title\">\n\t\t\t\t\t\t\t\t\t\tDESCRIPCI\u00d3N\t\t\t\t\t\t\t\t\t<\/span>\n\t\t\t\t\t\t\t\t<\/a>\n\t\t\t\t\t\t\t<\/li>\n\n\t\t\t\t\t\t\t\t\t\t\t\t\t\n\t\t\t\t\t\t\t<li>\n\t\t\t\t\t\t\t\t<a href=\"#\" class=\"wd-nav-link\">\n\t\t\t\t\t\t\t\t\t\n\t\t\t\t\t\t\t\t\t<span class=\"nav-link-text wd-tabs-title\">\n\t\t\t\t\t\t\t\t\t\tESPECIFICACIONES\t\t\t\t\t\t\t\t\t<\/span>\n\t\t\t\t\t\t\t\t<\/a>\n\t\t\t\t\t\t\t<\/li>\n\n\t\t\t\t\t\t\t\t\t\t\t<\/ul>\n\t\t\t\t<\/div>\n\t\t\t<\/div>\n\n\t\t\t<div class=\"wd-tabs-content-wrapper\">\n\t\t\t\t\t\t\t\t\t\t\t\t\t\t\n\t\t\t\t\t<div class=\"wd-tab-content wd-entry-content\">\n\t\t\t\t\t\t\t\t\t\t\t\t\t<div >\n\t\t\t\t\t\t\t\t<h2>VENTAJAS<\/h2><ul class=\"ul1\"><li class=\"li1\">Zigbee integrado, listo para integrarse en los ecosist\u00e9mas de IoT que utilizan Zigbee.<\/li><li class=\"li1\">Control remoto total: encendido, apagado y programaci\u00f3n horaria.<\/li><li class=\"li1\">Monitoreo en tiempo real de tensi\u00f3n, corriente, potencia y consumo (kWh).<\/li><li class=\"li1\">Protecci\u00f3n ajustable contra sobretensi\u00f3n, subtensi\u00f3n, sobrecorriente y sobrepotencia.<\/li><li class=\"li1\">Informes hist\u00f3ricos y alarmas desde la aplicaci\u00f3n.<\/li><li class=\"li1\">Carcasa hecha con materia retardante al fuego.<\/li><li class=\"li1\">Alta durabilidad: m\u00e1s de 100 000 maniobras.<\/li><li class=\"li1\">Montaje en riel DIN, instalaci\u00f3n r\u00e1pida y segura.<\/li><\/ul>\t\t\t\t\t\t\t<\/div>\n\t\t\t\t\t\t\t\t\t\t\t<\/div>\n\n\t\t\t\t\t\t\t\t\t\t\t\t\t\t\n\t\t\t\t\t<div class=\"wd-tab-content wd-entry-content\">\n\t\t\t\t\t\t\t\t\t\t\t\t\t<div >\n\t\t\t\t\t\t\t\t<table class=\"spec-table-scroll\"><tbody><tr><td class=\"tbLeft\">Modelo<\/td><td>TOMZN TOB9Z-63VAP<\/td><\/tr><tr><td class=\"tbLeft\">Tipo<\/td><td>Medidor inteligente Zigbee con protecci\u00f3n y control remoto<\/td><\/tr><tr><td class=\"tbLeft\">Rango de tensi\u00f3n de trabajo<\/td><td>90 ~ 300 Vca , 50\/60 Hz<\/td><\/tr><tr><td class=\"tbLeft\">Corriente m\u00e1xima<\/td><td>63 A<\/td><\/tr><tr><td class=\"tbLeft\">Protecci\u00f3n de sobretensi\u00f3n<\/td><td>Ajustable : 220 ~ 260 Vca<\/td><\/tr><tr><td class=\"tbLeft\">Protecci\u00f3n de subtensi\u00f3n<\/td><td>Ajustable : 76 ~ 240 Vca<\/td><\/tr><tr><td class=\"tbLeft\">Protecci\u00f3n de sobrecorriente<\/td><td>Ajustable : 1 ~ 63 A<\/td><\/tr><tr><td class=\"tbLeft\">Protecci\u00f3n de sobrepotencia<\/td><td>Ajustable : 1 ~ 26 kW<\/td><\/tr><tr><td class=\"tbLeft\">Monitoreo de energ\u00eda<\/td><td>Tensi\u00f3n, corriente, potencia, consumo kWh<\/td><\/tr><tr><td class=\"tbLeft\">Control remoto<\/td><td>Encendido\/apagado y programaci\u00f3n desde la app<\/td><\/tr><tr><td class=\"tbLeft\">Funciones adicionales<\/td><td>Temporizador, bucle horario, escenario semanal<\/td><\/tr><tr><td class=\"tbLeft\">Historial y alarmas<\/td><td>Notificaciones de evento y registro de consumo<\/td><\/tr><tr><td class=\"tbLeft\">Vida mec\u00e1nica<\/td><td>&gt; 100 000 operaciones<\/td><\/tr><tr><td class=\"tbLeft\">Temperatura de trabajo<\/td><td>\u221225 \u00b0C a +70 \u00b0C<\/td><\/tr><tr><td class=\"tbLeft\">Montaje<\/td><td>Riel DIN 35 mm<\/td><\/tr><tr><td class=\"tbLeft\">Conectividad<\/td><td>Zigbee<\/td><\/tr><\/tbody><\/table><p>\u00a0<\/p>\t\t\t\t\t\t\t<\/div>\n\t\t\t\t\t\t\t\t\t\t\t<\/div>\n\n\t\t\t\t\t\t\t<\/div>\n\t\t<\/div>\n\t\t\t\t\t\t<\/div>\n\t\t\t\t<\/div>\n\t\t\t\t\t<\/div>\n\t\t<\/div>\n\t\t\t\t\t<\/div>\n\t\t<\/section>\n\t\t\t\t\t<\/div>\n\t\t<\/div>\n\t\t\t\t\t<\/div>\n\t\t<\/section>\n\t\t\t\t<section class=\"wd-negative-gap elementor-section elementor-top-section elementor-element elementor-element-6fd7f11 Link_Buttons elementor-section-boxed elementor-section-height-default elementor-section-height-default\" data-id=\"6fd7f11\" data-element_type=\"section\" data-e-type=\"section\" data-settings=\"{&quot;background_background&quot;:&quot;classic&quot;}\">\n\t\t\t\t\t\t<div class=\"elementor-container elementor-column-gap-custom\">\n\t\t\t\t\t<div class=\"elementor-column elementor-col-100 elementor-top-column elementor-element elementor-element-bc4561c\" data-id=\"bc4561c\" data-element_type=\"column\" data-e-type=\"column\">\n\t\t\t<div class=\"elementor-widget-wrap elementor-element-populated\">\n\t\t\t\t\t\t<div class=\"elementor-element elementor-element-5319f70 elementor-view-framed elementor-shape-circle elementor-position-block-start elementor-mobile-position-block-start elementor-widget elementor-widget-icon-box\" data-id=\"5319f70\" data-element_type=\"widget\" data-e-type=\"widget\" data-widget_type=\"icon-box.default\">\n\t\t\t\t\t\t\t<div class=\"elementor-icon-box-wrapper\">\n\n\t\t\t\t\t\t<div class=\"elementor-icon-box-icon\">\n\t\t\t\t<a href=\"https:\/\/enertik.com\/wp-content\/uploads\/sites\/3\/documentos\/folletos\/tob9z-63vap-folleto.pdf\" target=\"_blank\" class=\"elementor-icon\" tabindex=\"-1\">\n\t\t\t\t<svg aria-hidden=\"true\" class=\"e-font-icon-svg e-fas-book-open\" viewBox=\"0 0 576 512\" xmlns=\"http:\/\/www.w3.org\/2000\/svg\"><path d=\"M542.22 32.05c-54.8 3.11-163.72 14.43-230.96 55.59-4.64 2.84-7.27 7.89-7.27 13.17v363.87c0 11.55 12.63 18.85 23.28 13.49 69.18-34.82 169.23-44.32 218.7-46.92 16.89-.89 30.02-14.43 30.02-30.66V62.75c.01-17.71-15.35-31.74-33.77-30.7zM264.73 87.64C197.5 46.48 88.58 35.17 33.78 32.05 15.36 31.01 0 45.04 0 62.75V400.6c0 16.24 13.13 29.78 30.02 30.66 49.49 2.6 149.59 12.11 218.77 46.95 10.62 5.35 23.21-1.94 23.21-13.46V100.63c0-5.29-2.62-10.14-7.27-12.99z\"><\/path><\/svg>\t\t\t\t<\/a>\n\t\t\t<\/div>\n\t\t\t\n\t\t\t\t\t\t<div class=\"elementor-icon-box-content\">\n\n\t\t\t\t\n\t\t\t\t\t\t\t\t\t<p class=\"elementor-icon-box-description\">\n\t\t\t\t\t\tFOLLETO\t\t\t\t\t<\/p>\n\t\t\t\t\n\t\t\t<\/div>\n\t\t\t\n\t\t<\/div>\n\t\t\t\t\t\t<\/div>\n\t\t\t\t\t<\/div>\n\t\t<\/div>\n\t\t\t\t\t<\/div>\n\t\t<\/section>\n\t\t\t\t<\/div>\n\t\t","protected":false},"excerpt":{"rendered":"<p class=\"p1\">Este interruptor inteligente con comunicaci\u00f3n Zigbee integrada combina en un solo equipo las funciones de medici\u00f3n, monitoreo y protecci\u00f3n el\u00e9ctrica avanzada. Dise\u00f1ado para sistemas monof\u00e1sicos de 90\u2013300 V AC, permite visualizar en tiempo real la tensi\u00f3n, corriente, potencia activa y consumo acumulado (kWh), adem\u00e1s de consultar informes hist\u00f3ricos de consumo energ\u00e9tico desde la app m\u00f3vil vinculada al ecosistema Zigbee.<\/p>\n<p class=\"p1\">Integra protecciones programables contra sobretensi\u00f3n, subtensi\u00f3n, sobrecorriente y sobrepotencia, ofreciendo una defensa completa para el circuito y los equipos conectados. El sistema env\u00eda alertas instant\u00e1neas a la app ante cualquier evento an\u00f3malo y mantiene un historial de alarmas y valores fuera de rango, facilitando el an\u00e1lisis del comportamiento el\u00e9ctrico a lo largo del tiempo.<\/p>\n<p class=\"p1\">Gracias a su conectividad Zigbee, el dispositivo puede integrarse en plataformas inteligentes compatibles para controlar, automatizar y supervisar el suministro el\u00e9ctrico desde cualquier lugar. Permite programar horarios, ajustar umbrales y automatizar escenarios personalizados con otros dispositivos del ecosistema. Construido con material ign\u00edfugo y de alta resistencia, ofrece m\u00e1s de 100.000 maniobrasde vida \u00fatil y montaje r\u00e1pido en riel DIN, ideal para sistemas residenciales, comerciales o industriales conectados.<\/p>\n","protected":false},"featured_media":55387,"comment_status":"open","ping_status":"closed","template":"","meta":{"_relevanssi_hide_post":"","_relevanssi_hide_content":"","_relevanssi_pin_for_all":"","_relevanssi_pin_keywords":"","_relevanssi_unpin_keywords":"","_relevanssi_related_keywords":"","_relevanssi_related_include_ids":"","_relevanssi_related_exclude_ids":"","_relevanssi_related_no_append":"","_relevanssi_related_not_related":"","_relevanssi_related_posts":"","_relevanssi_noindex_reason":"","inline_featured_image":false},"product_brand":[],"product_cat":[5498,5497],"product_tag":[],"class_list":{"0":"post-55400","1":"product","2":"type-product","3":"status-publish","4":"has-post-thumbnail","6":"product_cat-inteligentes","7":"product_cat-automaticos","8":"pa_marca-tomzn","9":"pa_voltaje-nominal-220vca","11":"first","12":"instock","13":"taxable","14":"shipping-taxable","15":"purchasable","16":"product-type-simple"},"bundled_by":[],"bundle_stock_status":"instock","bundle_stock_quantity":10,"bundle_virtual":false,"bundle_layout":"","bundle_add_to_cart_form_location":"","bundle_editable_in_cart":false,"bundle_sold_individually_context":"","bundle_item_grouping":"","bundle_min_size":"","bundle_max_size":"","bundle_price":[],"bundled_items":[],"bundle_sell_ids":[],"group_of_quantity":0,"min_quantity":0,"max_quantity":"","exclude_order_quantity_value_rules":"no","exclude_category_quantity_rules":"no","combine_variations":"no","exclude_global_add_ons":[],"addons":[],"_links":{"self":[{"href":"https:\/\/enertik.com\/cl\/wp-json\/wp\/v2\/product\/55400","targetHints":{"allow":["GET"]}}],"collection":[{"href":"https:\/\/enertik.com\/cl\/wp-json\/wp\/v2\/product"}],"about":[{"href":"https:\/\/enertik.com\/cl\/wp-json\/wp\/v2\/types\/product"}],"replies":[{"embeddable":true,"href":"https:\/\/enertik.com\/cl\/wp-json\/wp\/v2\/comments?post=55400"}],"version-history":[{"count":0,"href":"https:\/\/enertik.com\/cl\/wp-json\/wp\/v2\/product\/55400\/revisions"}],"wp:featuredmedia":[{"embeddable":true,"href":"https:\/\/enertik.com\/cl\/wp-json\/wp\/v2\/media\/55387"}],"wp:attachment":[{"href":"https:\/\/enertik.com\/cl\/wp-json\/wp\/v2\/media?parent=55400"}],"wp:term":[{"taxonomy":"product_brand","embeddable":true,"href":"https:\/\/enertik.com\/cl\/wp-json\/wp\/v2\/product_brand?post=55400"},{"taxonomy":"product_cat","embeddable":true,"href":"https:\/\/enertik.com\/cl\/wp-json\/wp\/v2\/product_cat?post=55400"},{"taxonomy":"product_tag","embeddable":true,"href":"https:\/\/enertik.com\/cl\/wp-json\/wp\/v2\/product_tag?post=55400"}],"curies":[{"name":"wp","href":"https:\/\/api.w.org\/{rel}","templated":true}]}}