{"id":55349,"date":"2026-01-18T03:38:07","date_gmt":"2026-01-18T06:38:07","guid":{"rendered":"https:\/\/enertik.com\/cl\/?post_type=product&#038;p=55349"},"modified":"2026-04-09T04:27:27","modified_gmt":"2026-04-09T08:27:27","slug":"seccionador-rotativo-solar-1200vcc-4p-32a","status":"publish","type":"product","link":"https:\/\/enertik.com\/cl\/tienda\/materiales-electricos\/interruptores\/conmutadores\/seccionador-rotativo-solar-1200vcc-4p-32a\/","title":{"rendered":"Seccionador Rotativo Solar 1200Vcc &#8211; 4P 32A"},"content":{"rendered":"\t\t<div data-elementor-type=\"product-post\" data-elementor-id=\"55349\" class=\"elementor elementor-55349\" data-elementor-post-type=\"product\">\n\t\t\t\t\t\t<section class=\"wd-negative-gap elementor-section elementor-top-section elementor-element elementor-element-1b17ab0 Link_Buttons elementor-section-boxed elementor-section-height-default elementor-section-height-default\" data-id=\"1b17ab0\" data-element_type=\"section\" data-e-type=\"section\" data-settings=\"{&quot;background_background&quot;:&quot;classic&quot;}\">\n\t\t\t\t\t\t<div class=\"elementor-container elementor-column-gap-custom\">\n\t\t\t\t\t<div class=\"elementor-column elementor-col-100 elementor-top-column elementor-element elementor-element-fdc844a\" data-id=\"fdc844a\" data-element_type=\"column\" data-e-type=\"column\">\n\t\t\t<div class=\"elementor-widget-wrap elementor-element-populated\">\n\t\t\t\t\t\t<div class=\"elementor-element elementor-element-a2ce793 elementor-view-framed elementor-shape-circle elementor-position-block-start elementor-mobile-position-block-start elementor-widget elementor-widget-icon-box\" data-id=\"a2ce793\" data-element_type=\"widget\" data-e-type=\"widget\" data-widget_type=\"icon-box.default\">\n\t\t\t\t\t\t\t<div class=\"elementor-icon-box-wrapper\">\n\n\t\t\t\t\t\t<div class=\"elementor-icon-box-icon\">\n\t\t\t\t<a href=\"https:\/\/enertik.com\/wp-content\/uploads\/sites\/3\/documentos\/folletos\/fmpv32-l1-1200v-32a-folleto.pdf\" target=\"_blank\" class=\"elementor-icon\" tabindex=\"-1\">\n\t\t\t\t<svg aria-hidden=\"true\" class=\"e-font-icon-svg e-fas-book-open\" viewBox=\"0 0 576 512\" xmlns=\"http:\/\/www.w3.org\/2000\/svg\"><path d=\"M542.22 32.05c-54.8 3.11-163.72 14.43-230.96 55.59-4.64 2.84-7.27 7.89-7.27 13.17v363.87c0 11.55 12.63 18.85 23.28 13.49 69.18-34.82 169.23-44.32 218.7-46.92 16.89-.89 30.02-14.43 30.02-30.66V62.75c.01-17.71-15.35-31.74-33.77-30.7zM264.73 87.64C197.5 46.48 88.58 35.17 33.78 32.05 15.36 31.01 0 45.04 0 62.75V400.6c0 16.24 13.13 29.78 30.02 30.66 49.49 2.6 149.59 12.11 218.77 46.95 10.62 5.35 23.21-1.94 23.21-13.46V100.63c0-5.29-2.62-10.14-7.27-12.99z\"><\/path><\/svg>\t\t\t\t<\/a>\n\t\t\t<\/div>\n\t\t\t\n\t\t\t\t\t\t<div class=\"elementor-icon-box-content\">\n\n\t\t\t\t\n\t\t\t\t\t\t\t\t\t<p class=\"elementor-icon-box-description\">\n\t\t\t\t\t\tFOLLETO\t\t\t\t\t<\/p>\n\t\t\t\t\n\t\t\t<\/div>\n\t\t\t\n\t\t<\/div>\n\t\t\t\t\t\t<\/div>\n\t\t\t\t\t<\/div>\n\t\t<\/div>\n\t\t\t\t\t<\/div>\n\t\t<\/section>\n\t\t\t\t<\/div>\n\t\t","protected":false},"excerpt":{"rendered":"<p class=\"p1\">Interruptor seccionador rotativo (llave de corte) de 4 polos para corriente continua en sistemas fotovoltaicos de hasta 32 A.<\/p>\n<p class=\"p1\">Esta llave de corte est\u00e1 dise\u00f1ada para aislar por completo el circuito de paneles solares de la parte restante del sistema fotovoltaico. Se instala entre paneles y el inversor fotovoltaico \/ regulador solar (en cuadros o en cajas de combinaci\u00f3n), como seccionador \/ llave de emergencia o mantenimiento, permitiendo cortar la energ\u00eda solar durante trabajos de mantenimiento o en situaciones de riesgo.<\/p>\n<p>Soporta tensiones de hasta 1200 Vcc y corriente de hasta 32A, lo que la hace ideal para desconectar cadenas solares de alta tensi\u00f3n. Incorpora\u00a0 c\u00e1maras para el apagado de arco, prolongando la vida de los contactos.<\/p>\n<p class=\"p1\">Cuenta con mando rotativo externo ergon\u00f3mico, posiciones claras ON\/OFF y opci\u00f3n de bloqueo con candado en posici\u00f3n apagado para evitar reconexiones accidentales.<\/p>\n<p class=\"p1\">Cumple norma IEC 60947-3 y est\u00e1 dise\u00f1ado para montarse en la caja de conexiones con rieles DIN.<span class=\"Apple-converted-space\">\u00a0 <\/span>Fabricado con pl\u00e1sticos ign\u00edfugos y resistentes a rayos UV, ofrece aislamiento r\u00e1pido y fiable, mejorando la seguridad y cumpliendo con las normativas de desconexi\u00f3n en sistemas fotovoltaicos.<\/p>\n","protected":false},"featured_media":55350,"comment_status":"open","ping_status":"closed","template":"","meta":{"_relevanssi_hide_post":"","_relevanssi_hide_content":"","_relevanssi_pin_for_all":"","_relevanssi_pin_keywords":"","_relevanssi_unpin_keywords":"","_relevanssi_related_keywords":"","_relevanssi_related_include_ids":"","_relevanssi_related_exclude_ids":"","_relevanssi_related_no_append":"","_relevanssi_related_not_related":"","_relevanssi_related_posts":"","_relevanssi_noindex_reason":"","inline_featured_image":false},"product_brand":[],"product_cat":[5499],"product_tag":[],"class_list":{"0":"post-55349","1":"product","2":"type-product","3":"status-publish","4":"has-post-thumbnail","6":"product_cat-conmutadores","7":"pa_marca-tomzn","8":"pa_voltaje-1200vdc","10":"first","11":"instock","12":"taxable","13":"shipping-taxable","14":"purchasable","15":"product-type-simple"},"bundled_by":[],"bundle_stock_status":"instock","bundle_stock_quantity":138,"bundle_virtual":false,"bundle_layout":"","bundle_add_to_cart_form_location":"","bundle_editable_in_cart":false,"bundle_sold_individually_context":"","bundle_item_grouping":"","bundle_min_size":"","bundle_max_size":"","bundle_price":[],"bundled_items":[],"bundle_sell_ids":[],"group_of_quantity":0,"min_quantity":0,"max_quantity":"","exclude_order_quantity_value_rules":"no","exclude_category_quantity_rules":"no","combine_variations":"no","exclude_global_add_ons":[],"addons":[],"_links":{"self":[{"href":"https:\/\/enertik.com\/cl\/wp-json\/wp\/v2\/product\/55349","targetHints":{"allow":["GET"]}}],"collection":[{"href":"https:\/\/enertik.com\/cl\/wp-json\/wp\/v2\/product"}],"about":[{"href":"https:\/\/enertik.com\/cl\/wp-json\/wp\/v2\/types\/product"}],"replies":[{"embeddable":true,"href":"https:\/\/enertik.com\/cl\/wp-json\/wp\/v2\/comments?post=55349"}],"version-history":[{"count":0,"href":"https:\/\/enertik.com\/cl\/wp-json\/wp\/v2\/product\/55349\/revisions"}],"wp:featuredmedia":[{"embeddable":true,"href":"https:\/\/enertik.com\/cl\/wp-json\/wp\/v2\/media\/55350"}],"wp:attachment":[{"href":"https:\/\/enertik.com\/cl\/wp-json\/wp\/v2\/media?parent=55349"}],"wp:term":[{"taxonomy":"product_brand","embeddable":true,"href":"https:\/\/enertik.com\/cl\/wp-json\/wp\/v2\/product_brand?post=55349"},{"taxonomy":"product_cat","embeddable":true,"href":"https:\/\/enertik.com\/cl\/wp-json\/wp\/v2\/product_cat?post=55349"},{"taxonomy":"product_tag","embeddable":true,"href":"https:\/\/enertik.com\/cl\/wp-json\/wp\/v2\/product_tag?post=55349"}],"curies":[{"name":"wp","href":"https:\/\/api.w.org\/{rel}","templated":true}]}}