{"id":55008,"date":"2026-01-18T03:38:07","date_gmt":"2026-01-18T06:38:07","guid":{"rendered":"https:\/\/enertik.com\/cl\/?post_type=product&#038;p=55008"},"modified":"2026-04-09T04:27:25","modified_gmt":"2026-04-09T08:27:25","slug":"interruptor-termomagnetico-de-corriente-continua-600vcc-2p-100a","status":"publish","type":"product","link":"https:\/\/enertik.com\/cl\/tienda\/materiales-electricos\/interruptores\/automaticos\/interruptor-termomagnetico-de-corriente-continua-600vcc-2p-100a\/","title":{"rendered":"Interruptor Termomagnetico de Corriente Continua 600Vcc &#8211; 2P 100A"},"content":{"rendered":"\t\t<div data-elementor-type=\"product-post\" data-elementor-id=\"55008\" class=\"elementor elementor-55008\" data-elementor-post-type=\"product\">\n\t\t\t\t\t\t<section class=\"wd-negative-gap elementor-section elementor-top-section elementor-element elementor-element-c7277ed Product_Description elementor-section-boxed elementor-section-height-default elementor-section-height-default\" data-id=\"c7277ed\" data-element_type=\"section\" data-e-type=\"section\">\n\t\t\t\t\t\t<div class=\"elementor-container elementor-column-gap-default\">\n\t\t\t\t\t<div class=\"elementor-column elementor-col-100 elementor-top-column elementor-element elementor-element-ceca4fa\" data-id=\"ceca4fa\" data-element_type=\"column\" data-e-type=\"column\" data-settings=\"{&quot;background_background&quot;:&quot;classic&quot;}\">\n\t\t\t<div class=\"elementor-widget-wrap elementor-element-populated\">\n\t\t\t\t\t\t<section class=\"wd-negative-gap elementor-section elementor-inner-section elementor-element elementor-element-b087f97 elementor-section-boxed elementor-section-height-default elementor-section-height-default\" data-id=\"b087f97\" data-element_type=\"section\" data-e-type=\"section\">\n\t\t\t\t\t\t<div class=\"elementor-container elementor-column-gap-default\">\n\t\t\t\t\t<div class=\"elementor-column elementor-col-100 elementor-inner-column elementor-element elementor-element-f862510\" data-id=\"f862510\" data-element_type=\"column\" data-e-type=\"column\">\n\t\t\t<div class=\"elementor-widget-wrap elementor-element-populated\">\n\t\t\t\t\t\t<div class=\"elementor-element elementor-element-04ab5e9 elementor-widget elementor-widget-wd_tabs\" data-id=\"04ab5e9\" data-element_type=\"widget\" data-e-type=\"widget\" data-widget_type=\"wd_tabs.default\">\n\t\t\t\t<div class=\"elementor-widget-container\">\n\t\t\t\t\t\t\t<div class=\"wd-tabs tabs-design-default\">\n\t\t\t<div class=\"wd-tabs-header text-center\">\n\t\t\t\t\n\t\t\t\t\n\t\t\t\t<div class=\"wd-nav-wrapper wd-nav-tabs-wrapper wd-mb-action-swipe\">\n\t\t\t\t\t<ul class=\"wd-nav wd-nav-tabs wd-icon-pos-left wd-style-underline\">\n\t\t\t\t\t\t\t\t\t\t\t\t\t\n\t\t\t\t\t\t\t<li>\n\t\t\t\t\t\t\t\t<a href=\"#\" class=\"wd-nav-link\">\n\t\t\t\t\t\t\t\t\t\n\t\t\t\t\t\t\t\t\t<span class=\"nav-link-text wd-tabs-title\">\n\t\t\t\t\t\t\t\t\t\tDESCRIPCI\u00d3N\t\t\t\t\t\t\t\t\t<\/span>\n\t\t\t\t\t\t\t\t<\/a>\n\t\t\t\t\t\t\t<\/li>\n\n\t\t\t\t\t\t\t\t\t\t\t\t\t\n\t\t\t\t\t\t\t<li>\n\t\t\t\t\t\t\t\t<a href=\"#\" class=\"wd-nav-link\">\n\t\t\t\t\t\t\t\t\t\n\t\t\t\t\t\t\t\t\t<span class=\"nav-link-text wd-tabs-title\">\n\t\t\t\t\t\t\t\t\t\tESPECIFICACIONES\t\t\t\t\t\t\t\t\t<\/span>\n\t\t\t\t\t\t\t\t<\/a>\n\t\t\t\t\t\t\t<\/li>\n\n\t\t\t\t\t\t\t\t\t\t\t<\/ul>\n\t\t\t\t<\/div>\n\t\t\t<\/div>\n\n\t\t\t<div class=\"wd-tabs-content-wrapper\">\n\t\t\t\t\t\t\t\t\t\t\t\t\t\t\n\t\t\t\t\t<div class=\"wd-tab-content wd-entry-content\">\n\t\t\t\t\t\t\t\t\t\t\t\t\t<div >\n\t\t\t\t\t\t\t\t<h2>VENTAJAS<\/h2><ul class=\"ul1\"><li class=\"li1\">Ideal para sistemas fotovoltaicas con paneles solares y telecomunicaciones.\u2028<\/li><li class=\"li1\">Alta seguridad con capacidad de ruptura de 10kA, conforme a IEC\/EN60947-2.\u2028<\/li><li class=\"li1\">Indicador visual de estado (ON\/OFF) para mayor seguridad operativa.\u2028<\/li><li class=\"li1\">Conexiones robustas: admite cables hasta 25mm\u00b2 con par de apriete de 3N\u00b7m.\u2028<\/li><li class=\"li1\">Larga vida \u00fatil: m\u00e1s de 8.000 operaciones el\u00e9ctricas y 20.000 operaciones mec\u00e1nicas.\u2028<\/li><li class=\"li1\">Dise\u00f1o compacto, instalaci\u00f3n en riel DIN.<\/li><li class=\"li1\">Materiales retardantes de llama y resistentes a impactos, garantizando confiabilidad en condiciones exigentes.<\/li><\/ul>\t\t\t\t\t\t\t<\/div>\n\t\t\t\t\t\t\t\t\t\t\t<\/div>\n\n\t\t\t\t\t\t\t\t\t\t\t\t\t\t\n\t\t\t\t\t<div class=\"wd-tab-content wd-entry-content\">\n\t\t\t\t\t\t\t\t\t\t\t\t\t<div >\n\t\t\t\t\t\t\t\t<table><tbody><tr><td>Serie<\/td><td>TOB1Z-125 (2P)<\/td><\/tr><tr><td>Tipo de aplicaci\u00f3n<\/td><td>CC (corriente continua)<\/td><\/tr><tr><td>Normas aplicables<\/td><td>IEC \/ EN60947-2<\/td><\/tr><tr><td>N\u00famero de polos<\/td><td>2P<\/td><\/tr><tr><td>Tensi\u00f3n nominal<\/td><td>600 Vcc<\/td><\/tr><tr><td>Corriente nominal (In)<\/td><td>80A, 100A, 125A (depende del modelo)<\/td><\/tr><tr><td>Curva caracter\u00edstica<\/td><td>C<\/td><\/tr><tr><td>Capacidad de ruptura<\/td><td>10kA<\/td><\/tr><tr><td>Temperatura de trabajo<\/td><td>-10\u2103 a +40\u2103<\/td><\/tr><tr><td>Vida el\u00e9ctrica<\/td><td>\u2265 8.000 operaciones<\/td><\/tr><tr><td>Vida mec\u00e1nica<\/td><td>\u2265 20.000 operaciones<\/td><\/tr><tr><td>Clase de protecci\u00f3n<\/td><td>IP20<\/td><\/tr><tr><td>Instalaci\u00f3n<\/td><td>Riel DIN est\u00e1ndar<\/td><\/tr><\/tbody><\/table>\t\t\t\t\t\t\t<\/div>\n\t\t\t\t\t\t\t\t\t\t\t<\/div>\n\n\t\t\t\t\t\t\t<\/div>\n\t\t<\/div>\n\t\t\t\t\t\t<\/div>\n\t\t\t\t<\/div>\n\t\t\t\t\t<\/div>\n\t\t<\/div>\n\t\t\t\t\t<\/div>\n\t\t<\/section>\n\t\t\t\t\t<\/div>\n\t\t<\/div>\n\t\t\t\t\t<\/div>\n\t\t<\/section>\n\t\t\t\t<section class=\"wd-negative-gap elementor-section elementor-top-section elementor-element elementor-element-4647eb7 Link_Buttons elementor-section-boxed elementor-section-height-default elementor-section-height-default\" data-id=\"4647eb7\" data-element_type=\"section\" data-e-type=\"section\" data-settings=\"{&quot;background_background&quot;:&quot;classic&quot;}\">\n\t\t\t\t\t\t<div class=\"elementor-container elementor-column-gap-custom\">\n\t\t\t\t\t<div class=\"elementor-column elementor-col-100 elementor-top-column elementor-element elementor-element-0323377\" data-id=\"0323377\" data-element_type=\"column\" data-e-type=\"column\">\n\t\t\t<div class=\"elementor-widget-wrap elementor-element-populated\">\n\t\t\t\t\t\t<div class=\"elementor-element elementor-element-80e17f8 elementor-view-framed elementor-shape-circle elementor-position-block-start elementor-mobile-position-block-start elementor-widget elementor-widget-icon-box\" data-id=\"80e17f8\" data-element_type=\"widget\" data-e-type=\"widget\" data-widget_type=\"icon-box.default\">\n\t\t\t\t\t\t\t<div class=\"elementor-icon-box-wrapper\">\n\n\t\t\t\t\t\t<div class=\"elementor-icon-box-icon\">\n\t\t\t\t<a href=\"https:\/\/enertik.com\/wp-content\/uploads\/sites\/3\/documentos\/folletos\/tob1z-125-2p-folleto.pdf\" target=\"_blank\" class=\"elementor-icon\" tabindex=\"-1\">\n\t\t\t\t<svg aria-hidden=\"true\" class=\"e-font-icon-svg e-fas-book-open\" viewBox=\"0 0 576 512\" xmlns=\"http:\/\/www.w3.org\/2000\/svg\"><path d=\"M542.22 32.05c-54.8 3.11-163.72 14.43-230.96 55.59-4.64 2.84-7.27 7.89-7.27 13.17v363.87c0 11.55 12.63 18.85 23.28 13.49 69.18-34.82 169.23-44.32 218.7-46.92 16.89-.89 30.02-14.43 30.02-30.66V62.75c.01-17.71-15.35-31.74-33.77-30.7zM264.73 87.64C197.5 46.48 88.58 35.17 33.78 32.05 15.36 31.01 0 45.04 0 62.75V400.6c0 16.24 13.13 29.78 30.02 30.66 49.49 2.6 149.59 12.11 218.77 46.95 10.62 5.35 23.21-1.94 23.21-13.46V100.63c0-5.29-2.62-10.14-7.27-12.99z\"><\/path><\/svg>\t\t\t\t<\/a>\n\t\t\t<\/div>\n\t\t\t\n\t\t\t\t\t\t<div class=\"elementor-icon-box-content\">\n\n\t\t\t\t\n\t\t\t\t\t\t\t\t\t<p class=\"elementor-icon-box-description\">\n\t\t\t\t\t\tFOLLETO\t\t\t\t\t<\/p>\n\t\t\t\t\n\t\t\t<\/div>\n\t\t\t\n\t\t<\/div>\n\t\t\t\t\t\t<\/div>\n\t\t\t\t\t<\/div>\n\t\t<\/div>\n\t\t\t\t\t<\/div>\n\t\t<\/section>\n\t\t\t\t<\/div>\n\t\t","protected":false},"excerpt":{"rendered":"<p class=\"p1\">Interruptor termomagn\u00e9tico 2P 100A, para sistemas de corriente continua de hasta 600 Vcc.<\/p>\n<p class=\"p1\">Este interruptor magneto t\u00e9rmico autom\u00e1tico (DC MCB) TOMZN de dos polos para positivo y negativo, est\u00e1 dise\u00f1ado para aplicaciones de corriente continua (CC), brindando una protecci\u00f3n confiable contra sobrecargas y cortocircuitos en sistemas de hasta 600 Vcc.<\/p>\n<p>Con una capacidad de ruptura de 10kA, garantiza seguridad y estabilidad en instalaciones cr\u00edticas como sistemas fotovoltaicos, telecomunicaciones, autocaravanas y embarcaciones, protegiendo componentes esenciales como paneles solares, inversores de baja potencia con bater\u00edas peque\u00f1as, sistemas de iluminaci\u00f3n y equipos auxiliares que operan con corriente continua. En sistemas fotovoltaicos, se utiliza com\u00fanmente en la protecci\u00f3n de ramales de corriente continua (&#8220;strings&#8221;, cadenas de paneles solares) o en el lado de entrada de los inversores \/ reguladores.<\/p>\n<p class=\"p1\">Su dise\u00f1o compacto facilita la instalaci\u00f3n sobre rieles DIN, lo que asegura conexiones firmes, duraderas y confiables en todo momento.<\/p>\n<p>Construido con materiales ign\u00edfugos y resistentes a impactos, cumple con la norma internacional IEC\/EN60947-2, lo que lo convierte en una soluci\u00f3n segura, vers\u00e1til y eficiente para proyectos solares, de energ\u00eda renovable y aplicaciones m\u00f3viles exigentes.<\/p>\n","protected":false},"featured_media":55009,"comment_status":"open","ping_status":"closed","template":"","meta":{"_relevanssi_hide_post":"","_relevanssi_hide_content":"","_relevanssi_pin_for_all":"","_relevanssi_pin_keywords":"","_relevanssi_unpin_keywords":"","_relevanssi_related_keywords":"","_relevanssi_related_include_ids":"","_relevanssi_related_exclude_ids":"","_relevanssi_related_no_append":"","_relevanssi_related_not_related":"","_relevanssi_related_posts":"","_relevanssi_noindex_reason":"","inline_featured_image":false},"product_brand":[],"product_cat":[5497],"product_tag":[],"class_list":{"0":"post-55008","1":"product","2":"type-product","3":"status-publish","4":"has-post-thumbnail","6":"product_cat-automaticos","7":"pa_corriente-100a","8":"pa_marca-tomzn","9":"pa_voltaje-600vdc","11":"first","12":"instock","13":"taxable","14":"shipping-taxable","15":"purchasable","16":"product-type-simple"},"bundled_by":[],"bundle_stock_status":"instock","bundle_stock_quantity":58,"bundle_virtual":false,"bundle_layout":"","bundle_add_to_cart_form_location":"","bundle_editable_in_cart":false,"bundle_sold_individually_context":"","bundle_item_grouping":"","bundle_min_size":"","bundle_max_size":"","bundle_price":[],"bundled_items":[],"bundle_sell_ids":[],"group_of_quantity":0,"min_quantity":0,"max_quantity":"","exclude_order_quantity_value_rules":"no","exclude_category_quantity_rules":"no","combine_variations":"no","exclude_global_add_ons":[],"addons":[],"_links":{"self":[{"href":"https:\/\/enertik.com\/cl\/wp-json\/wp\/v2\/product\/55008","targetHints":{"allow":["GET"]}}],"collection":[{"href":"https:\/\/enertik.com\/cl\/wp-json\/wp\/v2\/product"}],"about":[{"href":"https:\/\/enertik.com\/cl\/wp-json\/wp\/v2\/types\/product"}],"replies":[{"embeddable":true,"href":"https:\/\/enertik.com\/cl\/wp-json\/wp\/v2\/comments?post=55008"}],"version-history":[{"count":0,"href":"https:\/\/enertik.com\/cl\/wp-json\/wp\/v2\/product\/55008\/revisions"}],"wp:featuredmedia":[{"embeddable":true,"href":"https:\/\/enertik.com\/cl\/wp-json\/wp\/v2\/media\/55009"}],"wp:attachment":[{"href":"https:\/\/enertik.com\/cl\/wp-json\/wp\/v2\/media?parent=55008"}],"wp:term":[{"taxonomy":"product_brand","embeddable":true,"href":"https:\/\/enertik.com\/cl\/wp-json\/wp\/v2\/product_brand?post=55008"},{"taxonomy":"product_cat","embeddable":true,"href":"https:\/\/enertik.com\/cl\/wp-json\/wp\/v2\/product_cat?post=55008"},{"taxonomy":"product_tag","embeddable":true,"href":"https:\/\/enertik.com\/cl\/wp-json\/wp\/v2\/product_tag?post=55008"}],"curies":[{"name":"wp","href":"https:\/\/api.w.org\/{rel}","templated":true}]}}