{"id":54790,"date":"2026-01-18T03:38:07","date_gmt":"2026-01-18T06:38:07","guid":{"rendered":"https:\/\/enertik.com\/cl\/?post_type=product&#038;p=54790"},"modified":"2026-04-09T04:27:27","modified_gmt":"2026-04-09T08:27:27","slug":"protector-contra-sobretensiones-385vca-4p-20-40ka","status":"publish","type":"product","link":"https:\/\/enertik.com\/cl\/tienda\/materiales-electricos\/protecciones\/corriente-alterna\/protector-contra-sobretensiones-385vca-4p-20-40ka\/","title":{"rendered":"Protector Contra Sobretensiones 385Vca &#8211; 4P 20\/40kA"},"content":{"rendered":"\t\t<div data-elementor-type=\"product-post\" data-elementor-id=\"54790\" class=\"elementor elementor-54790\" data-elementor-post-type=\"product\">\n\t\t\t\t\t\t<section class=\"wd-negative-gap elementor-section elementor-top-section elementor-element elementor-element-305acc6 Product_Description elementor-section-boxed elementor-section-height-default elementor-section-height-default\" data-id=\"305acc6\" data-element_type=\"section\" data-e-type=\"section\">\n\t\t\t\t\t\t<div class=\"elementor-container elementor-column-gap-default\">\n\t\t\t\t\t<div class=\"elementor-column elementor-col-100 elementor-top-column elementor-element elementor-element-23545a2\" data-id=\"23545a2\" data-element_type=\"column\" data-e-type=\"column\" data-settings=\"{&quot;background_background&quot;:&quot;classic&quot;}\">\n\t\t\t<div class=\"elementor-widget-wrap elementor-element-populated\">\n\t\t\t\t\t\t<section class=\"wd-negative-gap elementor-section elementor-inner-section elementor-element elementor-element-b36b374 elementor-section-boxed elementor-section-height-default elementor-section-height-default\" data-id=\"b36b374\" data-element_type=\"section\" data-e-type=\"section\">\n\t\t\t\t\t\t<div class=\"elementor-container elementor-column-gap-default\">\n\t\t\t\t\t<div class=\"elementor-column elementor-col-100 elementor-inner-column elementor-element elementor-element-4b9197b\" data-id=\"4b9197b\" data-element_type=\"column\" data-e-type=\"column\">\n\t\t\t<div class=\"elementor-widget-wrap elementor-element-populated\">\n\t\t\t\t\t\t<div class=\"elementor-element elementor-element-f803920 elementor-widget elementor-widget-wd_tabs\" data-id=\"f803920\" data-element_type=\"widget\" data-e-type=\"widget\" data-widget_type=\"wd_tabs.default\">\n\t\t\t\t<div class=\"elementor-widget-container\">\n\t\t\t\t\t\t\t<div class=\"wd-tabs tabs-design-default\">\n\t\t\t<div class=\"wd-tabs-header text-center\">\n\t\t\t\t\n\t\t\t\t\n\t\t\t\t<div class=\"wd-nav-wrapper wd-nav-tabs-wrapper wd-mb-action-swipe\">\n\t\t\t\t\t<ul class=\"wd-nav wd-nav-tabs wd-icon-pos-left wd-style-underline\">\n\t\t\t\t\t\t\t\t\t\t\t\t\t\n\t\t\t\t\t\t\t<li>\n\t\t\t\t\t\t\t\t<a href=\"#\" class=\"wd-nav-link\">\n\t\t\t\t\t\t\t\t\t\n\t\t\t\t\t\t\t\t\t<span class=\"nav-link-text wd-tabs-title\">\n\t\t\t\t\t\t\t\t\t\tDESCRIPCI\u00d3N\t\t\t\t\t\t\t\t\t<\/span>\n\t\t\t\t\t\t\t\t<\/a>\n\t\t\t\t\t\t\t<\/li>\n\n\t\t\t\t\t\t\t\t\t\t\t\t\t\n\t\t\t\t\t\t\t<li>\n\t\t\t\t\t\t\t\t<a href=\"#\" class=\"wd-nav-link\">\n\t\t\t\t\t\t\t\t\t\n\t\t\t\t\t\t\t\t\t<span class=\"nav-link-text wd-tabs-title\">\n\t\t\t\t\t\t\t\t\t\tESPECIFICACIONES\t\t\t\t\t\t\t\t\t<\/span>\n\t\t\t\t\t\t\t\t<\/a>\n\t\t\t\t\t\t\t<\/li>\n\n\t\t\t\t\t\t\t\t\t\t\t<\/ul>\n\t\t\t\t<\/div>\n\t\t\t<\/div>\n\n\t\t\t<div class=\"wd-tabs-content-wrapper\">\n\t\t\t\t\t\t\t\t\t\t\t\t\t\t\n\t\t\t\t\t<div class=\"wd-tab-content wd-entry-content\">\n\t\t\t\t\t\t\t\t\t\t\t\t\t<div >\n\t\t\t\t\t\t\t\t<h2>VENTAJAS<\/h2><ul class=\"ul1\"><li class=\"li1\">Ideal para instalaciones residenciales, comerciales e industriales.<\/li><li class=\"li1\">Salvaguarda los equipos conectados de sobretensiones por rayos o maniobras en la red el\u00e9ctrica ajenas a nuestro control.<\/li><li class=\"li1\">Alta capacidad de corriente: puede derivar descargas de hasta 40 kA, absorbiendo la energ\u00eda de sobretensiones intensas.<\/li><li class=\"li1\">Asegura la continuidad el\u00e9ctrica aun en entornos de tormentas frecuentes o redes inestables.<\/li><li class=\"li1\">Respuesta instant\u00e1nea y segura: act\u00faa en cuesti\u00f3n de nanosegundos.<\/li><li class=\"li1\">Incorpora fusibles t\u00e9rmicos internos y un se\u00f1alizador visual (ventana de alerta) que indica cu\u00e1ndo el m\u00f3dulo ha quedado fuera de servicio, evitando protecci\u00f3n deficiente inadvertida.<\/li><li class=\"li1\">Certificado y fiable: cumple la norma IEC 61643-11 \/ EN 61643-1.<\/li><li class=\"li1\">Construido con materiales ign\u00edfugas y dise\u00f1o a prueba de fallos, garantizando un funcionamiento seguro y efectivo frente a picos de voltaje.<\/li><\/ul><p>\u00a0<\/p><h2>NOTA IMPORTANTE<\/h2><p>Este producto act\u00faa, al igual que los fusibles, como un elemento de sacrificio destinado a proteger los equipos conectados en el circuito.<br \/>En caso de recibir descargas atmosf\u00e9ricas \u2014como las producidas por rayos\u2014 o picos de tensi\u00f3n muy elevados, puede da\u00f1arse al desviar la energ\u00eda excesiva hacia tierra. Por ello, es posible que deba reemplazarse por una unidad nueva tras dichos eventos.<\/p>\t\t\t\t\t\t\t<\/div>\n\t\t\t\t\t\t\t\t\t\t\t<\/div>\n\n\t\t\t\t\t\t\t\t\t\t\t\t\t\t\n\t\t\t\t\t<div class=\"wd-tab-content wd-entry-content\">\n\t\t\t\t\t\t\t\t\t\t\t\t\t<div >\n\t\t\t\t\t\t\t\t<table><tbody><tr><td>Serie<\/td><td>TOMZN TOV1-C<\/td><\/tr><tr><td>Cantidad de polos<\/td><td>4<\/td><\/tr><tr><td>Tensi\u00f3n nominal<\/td><td>Sistemas de 230\/400 Vca,\u00a0 50\/60 Hz<br \/>Uc m\u00e1x: 385Vca por fase<\/td><\/tr><tr><td>Corriente de descarga (In)<\/td><td>20\u00a0kA (8\/20\u00a0\u00b5s, por polo)<\/td><\/tr><tr><td>Corriente m\u00e1x. (Imax)<\/td><td>40\u00a0kA (8\/20\u00a0\u00b5s, capacidad m\u00e1xima de descarga)<\/td><\/tr><tr><td>Nivel de protecci\u00f3n (Up)<\/td><td>\u2264\u00a01.8\u00a0kV @ In (valor t\u00edpico limitado de sobretensi\u00f3n)<\/td><\/tr><tr><td>Tiempo de respuesta<\/td><td>&lt; 25 ns<\/td><\/tr><tr><td>Indicador visual<\/td><td>S\u00ed (ventana verde\/roja indica estado operativo\/fallo del m\u00f3dulo)<\/td><\/tr><tr><td>Montaje<\/td><td>Carril DIN 35\u00a0mm (m\u00f3dulo reemplazable, formato compacto de 18\u00a0mm por polo aprox.)<\/td><\/tr><tr><td>Material<\/td><td>Pl\u00e1stico ign\u00edfugo (UL94 V-0), encapsulado sellado<\/td><\/tr><tr><td>Normativas<\/td><td>IEC\u00a061643-11 \/ EN\u00a061643-1 (Protecci\u00f3n contra sobretensiones transitorias)<\/td><\/tr><tr><td>Nivel IP<\/td><td>IP20<\/td><\/tr><tr><td>Temperatura op.<\/td><td>-40\u00a0\u00b0C a +80\u00a0\u00b0C<\/td><\/tr><\/tbody><\/table>\t\t\t\t\t\t\t<\/div>\n\t\t\t\t\t\t\t\t\t\t\t<\/div>\n\n\t\t\t\t\t\t\t<\/div>\n\t\t<\/div>\n\t\t\t\t\t\t<\/div>\n\t\t\t\t<\/div>\n\t\t\t\t\t<\/div>\n\t\t<\/div>\n\t\t\t\t\t<\/div>\n\t\t<\/section>\n\t\t\t\t\t<\/div>\n\t\t<\/div>\n\t\t\t\t\t<\/div>\n\t\t<\/section>\n\t\t\t\t<section class=\"wd-negative-gap elementor-section elementor-top-section elementor-element elementor-element-e7064db Link_Buttons elementor-section-boxed elementor-section-height-default elementor-section-height-default\" data-id=\"e7064db\" data-element_type=\"section\" data-e-type=\"section\" data-settings=\"{&quot;background_background&quot;:&quot;classic&quot;}\">\n\t\t\t\t\t\t<div class=\"elementor-container elementor-column-gap-custom\">\n\t\t\t\t\t<div class=\"elementor-column elementor-col-100 elementor-top-column elementor-element elementor-element-7911352\" data-id=\"7911352\" data-element_type=\"column\" data-e-type=\"column\">\n\t\t\t<div class=\"elementor-widget-wrap elementor-element-populated\">\n\t\t\t\t\t\t<div class=\"elementor-element elementor-element-83687c3 elementor-view-framed elementor-shape-circle elementor-position-block-start elementor-mobile-position-block-start elementor-widget elementor-widget-icon-box\" data-id=\"83687c3\" data-element_type=\"widget\" data-e-type=\"widget\" data-widget_type=\"icon-box.default\">\n\t\t\t\t\t\t\t<div class=\"elementor-icon-box-wrapper\">\n\n\t\t\t\t\t\t<div class=\"elementor-icon-box-icon\">\n\t\t\t\t<a href=\"https:\/\/enertik.com\/wp-content\/uploads\/sites\/3\/documentos\/folletos\/tov1-c-20ka-40ka-4p-folleto.pdf\" target=\"_blank\" class=\"elementor-icon\" tabindex=\"-1\">\n\t\t\t\t<svg aria-hidden=\"true\" class=\"e-font-icon-svg e-fas-book-open\" viewBox=\"0 0 576 512\" xmlns=\"http:\/\/www.w3.org\/2000\/svg\"><path d=\"M542.22 32.05c-54.8 3.11-163.72 14.43-230.96 55.59-4.64 2.84-7.27 7.89-7.27 13.17v363.87c0 11.55 12.63 18.85 23.28 13.49 69.18-34.82 169.23-44.32 218.7-46.92 16.89-.89 30.02-14.43 30.02-30.66V62.75c.01-17.71-15.35-31.74-33.77-30.7zM264.73 87.64C197.5 46.48 88.58 35.17 33.78 32.05 15.36 31.01 0 45.04 0 62.75V400.6c0 16.24 13.13 29.78 30.02 30.66 49.49 2.6 149.59 12.11 218.77 46.95 10.62 5.35 23.21-1.94 23.21-13.46V100.63c0-5.29-2.62-10.14-7.27-12.99z\"><\/path><\/svg>\t\t\t\t<\/a>\n\t\t\t<\/div>\n\t\t\t\n\t\t\t\t\t\t<div class=\"elementor-icon-box-content\">\n\n\t\t\t\t\n\t\t\t\t\t\t\t\t\t<p class=\"elementor-icon-box-description\">\n\t\t\t\t\t\tFICHA DE DATOS\t\t\t\t\t<\/p>\n\t\t\t\t\n\t\t\t<\/div>\n\t\t\t\n\t\t<\/div>\n\t\t\t\t\t\t<\/div>\n\t\t\t\t\t<\/div>\n\t\t<\/div>\n\t\t\t\t\t<\/div>\n\t\t<\/section>\n\t\t\t\t<\/div>\n\t\t","protected":false},"excerpt":{"rendered":"<p class=\"p1\">Protector contra descargas atmosf\u00e9ricas y picos de sobretensi\u00f3n (SPD) TOMZN &#8211; 385 Vca, 4 polos (3P+N) &#8211; Tipo II (C) para corriente alterna. Capacidad de derivaci\u00f3n: 20kA\/40kA.<\/p>\n<p class=\"p1\">Los protectores de sobretensi\u00f3n transitoria (SPD) de corriente alterna de la serie TOV1-C est\u00e1n dise\u00f1ados para resguardar instalaciones el\u00e9ctricas dom\u00e9sticas e industriales frente a picos de voltaje debidos a rayos o fluctuaciones \/ conmutaciones en la red.<\/p>\n<p class=\"p1\">Este SPD de AC se clasifica como Tipo II (clase C) y se instala t\u00edpicamente en el cuadro general de baja tensi\u00f3n, en paralelo a la alimentaci\u00f3n, para derivar a tierra las sobretensiones antes de que alcancen los aparatos conectados. Gracias a sus m\u00f3dulos internos de \u00f3xido met\u00e1lico (MOV), el protector es capaz de desviar corrientes de sobretensi\u00f3n nominal de 20 kA por fase (40 kA m\u00e1ximo). Cuando ocurre una sobretensi\u00f3n, reacciona en nanosegundos para limitar la tensi\u00f3n de pico, reduciendo dr\u00e1sticamente el riesgo de da\u00f1o a electrodom\u00e9sticos, equipos de oficina o maquinaria industrial conectada.<\/p>\n<p class=\"p1\">Cada polo del protector incorpora un varistor con fusible t\u00e9rmico de desconexi\u00f3n, de modo que si el componente ha sufrido un evento extremo o envejecimiento, se desconecta de la red de forma segura. Una ventanilla de indicaci\u00f3n en el frente del m\u00f3dulo cambia de color (verde a rojo) si el protector ha llegado al final de su vida \u00fatil, alertando al usuario de que es necesario sustituirlo.<\/p>\n<p>Cumple con las normas IEC 61643-11 \/ EN 61643-1. Su dise\u00f1o compacto en formato DIN permite integrarlo f\u00e1cilmente en cualquier cuadro el\u00e9ctrico, ocupando un espacio m\u00ednimo.<\/p>\n","protected":false},"featured_media":54695,"comment_status":"open","ping_status":"closed","template":"","meta":{"_relevanssi_hide_post":"","_relevanssi_hide_content":"","_relevanssi_pin_for_all":"","_relevanssi_pin_keywords":"","_relevanssi_unpin_keywords":"","_relevanssi_related_keywords":"","_relevanssi_related_include_ids":"","_relevanssi_related_exclude_ids":"","_relevanssi_related_no_append":"","_relevanssi_related_not_related":"","_relevanssi_related_posts":"","_relevanssi_noindex_reason":"","inline_featured_image":false},"product_brand":[],"product_cat":[5480],"product_tag":[],"class_list":{"0":"post-54790","1":"product","2":"type-product","3":"status-publish","4":"has-post-thumbnail","6":"product_cat-corriente-alterna","7":"pa_marca-tomzn","8":"pa_voltaje-nominal-220vca","10":"first","11":"instock","12":"taxable","13":"shipping-taxable","14":"purchasable","15":"product-type-simple"},"bundled_by":[],"bundle_stock_status":"instock","bundle_stock_quantity":41,"bundle_virtual":false,"bundle_layout":"","bundle_add_to_cart_form_location":"","bundle_editable_in_cart":false,"bundle_sold_individually_context":"","bundle_item_grouping":"","bundle_min_size":"","bundle_max_size":"","bundle_price":[],"bundled_items":[],"bundle_sell_ids":[],"group_of_quantity":0,"min_quantity":0,"max_quantity":"","exclude_order_quantity_value_rules":"no","exclude_category_quantity_rules":"no","combine_variations":"no","exclude_global_add_ons":[],"addons":[],"_links":{"self":[{"href":"https:\/\/enertik.com\/cl\/wp-json\/wp\/v2\/product\/54790","targetHints":{"allow":["GET"]}}],"collection":[{"href":"https:\/\/enertik.com\/cl\/wp-json\/wp\/v2\/product"}],"about":[{"href":"https:\/\/enertik.com\/cl\/wp-json\/wp\/v2\/types\/product"}],"replies":[{"embeddable":true,"href":"https:\/\/enertik.com\/cl\/wp-json\/wp\/v2\/comments?post=54790"}],"version-history":[{"count":0,"href":"https:\/\/enertik.com\/cl\/wp-json\/wp\/v2\/product\/54790\/revisions"}],"wp:featuredmedia":[{"embeddable":true,"href":"https:\/\/enertik.com\/cl\/wp-json\/wp\/v2\/media\/54695"}],"wp:attachment":[{"href":"https:\/\/enertik.com\/cl\/wp-json\/wp\/v2\/media?parent=54790"}],"wp:term":[{"taxonomy":"product_brand","embeddable":true,"href":"https:\/\/enertik.com\/cl\/wp-json\/wp\/v2\/product_brand?post=54790"},{"taxonomy":"product_cat","embeddable":true,"href":"https:\/\/enertik.com\/cl\/wp-json\/wp\/v2\/product_cat?post=54790"},{"taxonomy":"product_tag","embeddable":true,"href":"https:\/\/enertik.com\/cl\/wp-json\/wp\/v2\/product_tag?post=54790"}],"curies":[{"name":"wp","href":"https:\/\/api.w.org\/{rel}","templated":true}]}}