{"id":54767,"date":"2026-01-18T03:38:07","date_gmt":"2026-01-18T06:38:07","guid":{"rendered":"https:\/\/enertik.com\/cl\/?post_type=product&#038;p=54767"},"modified":"2026-04-09T15:31:24","modified_gmt":"2026-04-09T19:31:24","slug":"protector-de-voltaje-y-corriente-ajustable-2p-63a","status":"publish","type":"product","link":"https:\/\/enertik.com\/cl\/tienda\/materiales-electricos\/protecciones\/corriente-alterna\/protector-de-voltaje-y-corriente-ajustable-2p-63a\/","title":{"rendered":"Protector de voltaje y corriente ajustable &#8211; 2P 63A"},"content":{"rendered":"\t\t<div data-elementor-type=\"product-post\" data-elementor-id=\"54767\" class=\"elementor elementor-54767\" data-elementor-post-type=\"product\">\n\t\t\t\t\t\t<section class=\"wd-negative-gap elementor-section elementor-top-section elementor-element elementor-element-305acc6 Product_Description elementor-section-boxed elementor-section-height-default elementor-section-height-default\" data-id=\"305acc6\" data-element_type=\"section\" data-e-type=\"section\">\n\t\t\t\t\t\t<div class=\"elementor-container elementor-column-gap-default\">\n\t\t\t\t\t<div class=\"elementor-column elementor-col-100 elementor-top-column elementor-element elementor-element-23545a2\" data-id=\"23545a2\" data-element_type=\"column\" data-e-type=\"column\" data-settings=\"{&quot;background_background&quot;:&quot;classic&quot;}\">\n\t\t\t<div class=\"elementor-widget-wrap elementor-element-populated\">\n\t\t\t\t\t\t<section class=\"wd-negative-gap elementor-section elementor-inner-section elementor-element elementor-element-b36b374 elementor-section-boxed elementor-section-height-default elementor-section-height-default\" data-id=\"b36b374\" data-element_type=\"section\" data-e-type=\"section\">\n\t\t\t\t\t\t<div class=\"elementor-container elementor-column-gap-default\">\n\t\t\t\t\t<div class=\"elementor-column elementor-col-100 elementor-inner-column elementor-element elementor-element-4b9197b\" data-id=\"4b9197b\" data-element_type=\"column\" data-e-type=\"column\">\n\t\t\t<div class=\"elementor-widget-wrap elementor-element-populated\">\n\t\t\t\t\t\t<div class=\"elementor-element elementor-element-f803920 elementor-widget elementor-widget-wd_tabs\" data-id=\"f803920\" data-element_type=\"widget\" data-e-type=\"widget\" data-widget_type=\"wd_tabs.default\">\n\t\t\t\t<div class=\"elementor-widget-container\">\n\t\t\t\t\t\t\t<div class=\"wd-tabs tabs-design-default\">\n\t\t\t<div class=\"wd-tabs-header text-center\">\n\t\t\t\t\n\t\t\t\t\n\t\t\t\t<div class=\"wd-nav-wrapper wd-nav-tabs-wrapper wd-mb-action-swipe\">\n\t\t\t\t\t<ul class=\"wd-nav wd-nav-tabs wd-icon-pos-left wd-style-underline\">\n\t\t\t\t\t\t\t\t\t\t\t\t\t\n\t\t\t\t\t\t\t<li>\n\t\t\t\t\t\t\t\t<a href=\"#\" class=\"wd-nav-link\">\n\t\t\t\t\t\t\t\t\t\n\t\t\t\t\t\t\t\t\t<span class=\"nav-link-text wd-tabs-title\">\n\t\t\t\t\t\t\t\t\t\tDESCRIPCI\u00d3N\t\t\t\t\t\t\t\t\t<\/span>\n\t\t\t\t\t\t\t\t<\/a>\n\t\t\t\t\t\t\t<\/li>\n\n\t\t\t\t\t\t\t\t\t\t\t\t\t\n\t\t\t\t\t\t\t<li>\n\t\t\t\t\t\t\t\t<a href=\"#\" class=\"wd-nav-link\">\n\t\t\t\t\t\t\t\t\t\n\t\t\t\t\t\t\t\t\t<span class=\"nav-link-text wd-tabs-title\">\n\t\t\t\t\t\t\t\t\t\tESPECIFICACIONES\t\t\t\t\t\t\t\t\t<\/span>\n\t\t\t\t\t\t\t\t<\/a>\n\t\t\t\t\t\t\t<\/li>\n\n\t\t\t\t\t\t\t\t\t\t\t<\/ul>\n\t\t\t\t<\/div>\n\t\t\t<\/div>\n\n\t\t\t<div class=\"wd-tabs-content-wrapper\">\n\t\t\t\t\t\t\t\t\t\t\t\t\t\t\n\t\t\t\t\t<div class=\"wd-tab-content wd-entry-content\">\n\t\t\t\t\t\t\t\t\t\t\t\t\t<div >\n\t\t\t\t\t\t\t\t<h2>VENTAJAS<\/h2><ul class=\"ul1\"><li class=\"li1\">Protecci\u00f3n integral y configurable: el usuario puede ajustar los valores de corte por sobrevoltaje, bajovoltaje y sobrecorriente.<\/li><li class=\"li1\">Reconexi\u00f3n autom\u00e1tica o manual, con retardo programable entre 2 y 255 segundos.<\/li><li class=\"li1\">Pantalla LCD retroiluminada: visualizaci\u00f3n clara de voltaje, corriente, potencia y energ\u00eda.<\/li><li class=\"li1\">Alta precisi\u00f3n: \u00b10,5 % en voltaje\/corriente\/potencia y \u00b11 % en energ\u00eda activa (Clase 1 IEC62053-21).<\/li><li class=\"li1\">Consumo ultrabajo: &lt;0,5 W.<\/li><li class=\"li1\">Flexibilidad de funciones: puede operar como interruptor normal o c\u00edclico.<\/li><li class=\"li1\">Larga vida \u00fatil mec\u00e1nica: m\u00e1s de 100.000 ciclos de operaci\u00f3n.<\/li><li class=\"li1\">Aplicaciones vers\u00e1tiles: viviendas, dormitorios, bombas de agua, electrodom\u00e9sticos y control de consumos en alquileres.<\/li><\/ul>\t\t\t\t\t\t\t<\/div>\n\t\t\t\t\t\t\t\t\t\t\t<\/div>\n\n\t\t\t\t\t\t\t\t\t\t\t\t\t\t\n\t\t\t\t\t<div class=\"wd-tab-content wd-entry-content\">\n\t\t\t\t\t\t\t\t\t\t\t\t\t<div >\n\t\t\t\t\t\t\t\t<table><tbody><tr class=\"tbBorderNone\"><td class=\"tbLeft\">Serie<\/td><td>TOMZN DDS238-VAP<\/td><\/tr><tr><td class=\"tbTit\" colspan=\"2\">Especificaciones el\u00e9ctricas - Compatibilidad<\/td><\/tr><tr><td class=\"tbLeft\">Corriente de entrada m\u00e1xima<\/td><td>63 A<\/td><\/tr><tr><td class=\"tbLeft\">Rango de tensi\u00f3n de entrada<\/td><td>85 ~ 300 Vca<\/td><\/tr><tr class=\"tbBorderNone\"><td class=\"tbLeft\">Frecuencia nominal<\/td><td>50 \/ 60 Hz<\/td><\/tr><tr><td class=\"tbTit\" colspan=\"2\">Especificaciones el\u00e9ctricas - Protecciones<\/td><\/tr><tr><td class=\"tbLeft\">Tipos de protecciones cubiertos<\/td><td>Sobrevoltaje, bajovoltaje, sobrecorriente<\/td><\/tr><tr><td class=\"tbLeft\">Rango configurable de sobrevoltaje<\/td><td>85 ~ 300 Vca (valor por defecto: 270 V)<\/td><\/tr><tr><td class=\"tbLeft\">Rango configurable de bajovoltaje<\/td><td>85 ~ 300 Vca (valor por defecto: 170 V)<\/td><\/tr><tr class=\"tbBorderNone\"><td class=\"tbLeft\">Rango configurable de sobrecorriente<\/td><td>1\u201363 A (valor por defecto: 40 A)<\/td><\/tr><tr><td class=\"tbTit\" colspan=\"2\">Especificaciones el\u00e9ctricas - Otros detalles<\/td><\/tr><tr><td class=\"tbLeft\">Precisi\u00f3n de medici\u00f3n<\/td><td>Voltaje\/corriente\/potencia \u00b10,5 %; energ\u00eda total \u00b11 % (Clase 1 seg\u00fan IEC62053-21)<\/td><\/tr><tr><td class=\"tbLeft\">Autoconsumo<\/td><td>0,5 W<\/td><\/tr><tr><td class=\"tbLeft\">Rango de conteo de energ\u00eda total<\/td><td>0\u20139999 kWh<\/td><\/tr><tr><td class=\"tbLeft\">Reconexi\u00f3n<\/td><td>Autom\u00e1tica o manual, con retardo configurable (2\u2013255 s)<\/td><\/tr><tr><td class=\"tbLeft\">Pantalla<\/td><td>LCD retroiluminada (V, A, kWh, W)<\/td><\/tr><tr class=\"tbBorderNone\"><td class=\"tbLeft\">Funciones adicionales<\/td><td>Interruptor normal o c\u00edclico<\/td><\/tr><tr><td class=\"tbTit\" colspan=\"2\">Ambiente<\/td><\/tr><tr><td class=\"tbLeft\">Temperatura de operaci\u00f3n<\/td><td>-25 \u00b0C a +70 \u00b0C<\/td><\/tr><tr><td class=\"tbLeft\">Temperatura de almacenamiento<\/td><td>-40 \u00b0C a +80 \u00b0C<\/td><\/tr><tr><td class=\"tbLeft\">Humedad relativa<\/td><td>\u2264 85 %<\/td><\/tr><tr class=\"tbBorderNone\"><td class=\"tbLeft\">Altitud m\u00e1xima<\/td><td>2500 m<\/td><\/tr><tr><td class=\"tbTit\" colspan=\"2\">Especificaciones f\u00edsicas<\/td><\/tr><tr><td class=\"tbLeft\">Vida mec\u00e1nica<\/td><td>100.000 ciclos<\/td><\/tr><tr><td class=\"tbLeft\">Peso (kg)<\/td><td>0,25<\/td><\/tr><tr><td class=\"tbLeft\">Dimensiones<\/td><td>36 x 67 x 100<br \/>(2 Unidades de DIN)<\/td><\/tr><tr><td class=\"tbLeft\">Montaje<\/td><td>Riel DIN de 35 mm<\/td><\/tr><tr><td class=\"tbLeft\">Aplicaciones t\u00edpicas<\/td><td>Viviendas, dormitorios, bombas de agua, electrodom\u00e9sticos, control de cargas resistivas<\/td><\/tr><\/tbody><\/table>\t\t\t\t\t\t\t<\/div>\n\t\t\t\t\t\t\t\t\t\t\t<\/div>\n\n\t\t\t\t\t\t\t<\/div>\n\t\t<\/div>\n\t\t\t\t\t\t<\/div>\n\t\t\t\t<\/div>\n\t\t\t\t\t<\/div>\n\t\t<\/div>\n\t\t\t\t\t<\/div>\n\t\t<\/section>\n\t\t\t\t\t<\/div>\n\t\t<\/div>\n\t\t\t\t\t<\/div>\n\t\t<\/section>\n\t\t\t\t<section class=\"wd-negative-gap elementor-section elementor-top-section elementor-element elementor-element-e7064db Link_Buttons elementor-section-boxed elementor-section-height-default elementor-section-height-default\" data-id=\"e7064db\" data-element_type=\"section\" data-e-type=\"section\" data-settings=\"{&quot;background_background&quot;:&quot;classic&quot;}\">\n\t\t\t\t\t\t<div class=\"elementor-container elementor-column-gap-custom\">\n\t\t\t\t\t<div class=\"elementor-column elementor-col-50 elementor-top-column elementor-element elementor-element-7911352\" data-id=\"7911352\" data-element_type=\"column\" data-e-type=\"column\">\n\t\t\t<div class=\"elementor-widget-wrap elementor-element-populated\">\n\t\t\t\t\t\t<div class=\"elementor-element elementor-element-83687c3 elementor-view-framed elementor-shape-circle elementor-position-block-start elementor-mobile-position-block-start elementor-widget elementor-widget-icon-box\" data-id=\"83687c3\" data-element_type=\"widget\" data-e-type=\"widget\" data-widget_type=\"icon-box.default\">\n\t\t\t\t\t\t\t<div class=\"elementor-icon-box-wrapper\">\n\n\t\t\t\t\t\t<div class=\"elementor-icon-box-icon\">\n\t\t\t\t<a href=\"https:\/\/enertik.com\/wp-content\/uploads\/sites\/3\/documentos\/folletos\/folleto-tomzn-dds238-vap-63a80a.pdf\" target=\"_blank\" class=\"elementor-icon\" tabindex=\"-1\">\n\t\t\t\t<svg aria-hidden=\"true\" class=\"e-font-icon-svg e-fas-book-open\" viewBox=\"0 0 576 512\" xmlns=\"http:\/\/www.w3.org\/2000\/svg\"><path d=\"M542.22 32.05c-54.8 3.11-163.72 14.43-230.96 55.59-4.64 2.84-7.27 7.89-7.27 13.17v363.87c0 11.55 12.63 18.85 23.28 13.49 69.18-34.82 169.23-44.32 218.7-46.92 16.89-.89 30.02-14.43 30.02-30.66V62.75c.01-17.71-15.35-31.74-33.77-30.7zM264.73 87.64C197.5 46.48 88.58 35.17 33.78 32.05 15.36 31.01 0 45.04 0 62.75V400.6c0 16.24 13.13 29.78 30.02 30.66 49.49 2.6 149.59 12.11 218.77 46.95 10.62 5.35 23.21-1.94 23.21-13.46V100.63c0-5.29-2.62-10.14-7.27-12.99z\"><\/path><\/svg>\t\t\t\t<\/a>\n\t\t\t<\/div>\n\t\t\t\n\t\t\t\t\t\t<div class=\"elementor-icon-box-content\">\n\n\t\t\t\t\n\t\t\t\t\t\t\t\t\t<p class=\"elementor-icon-box-description\">\n\t\t\t\t\t\tFICHA DE DATOS\t\t\t\t\t<\/p>\n\t\t\t\t\n\t\t\t<\/div>\n\t\t\t\n\t\t<\/div>\n\t\t\t\t\t\t<\/div>\n\t\t\t\t\t<\/div>\n\t\t<\/div>\n\t\t\t\t<div class=\"elementor-column elementor-col-50 elementor-top-column elementor-element elementor-element-4b43974\" data-id=\"4b43974\" data-element_type=\"column\" data-e-type=\"column\">\n\t\t\t<div class=\"elementor-widget-wrap elementor-element-populated\">\n\t\t\t\t\t\t<div class=\"elementor-element elementor-element-d6fb6ff elementor-view-framed elementor-shape-circle elementor-position-block-start elementor-mobile-position-block-start elementor-widget elementor-widget-icon-box\" data-id=\"d6fb6ff\" data-element_type=\"widget\" data-e-type=\"widget\" data-widget_type=\"icon-box.default\">\n\t\t\t\t\t\t\t<div class=\"elementor-icon-box-wrapper\">\n\n\t\t\t\t\t\t<div class=\"elementor-icon-box-icon\">\n\t\t\t\t<a href=\"https:\/\/enertik.com\/wp-content\/uploads\/sites\/3\/documentos\/manuales\/guia-tomzn-dds238-vap-63a-80a.pdf\" target=\"_blank\" class=\"elementor-icon\" tabindex=\"-1\">\n\t\t\t\t<svg aria-hidden=\"true\" class=\"e-font-icon-svg e-fas-book-reader\" viewBox=\"0 0 512 512\" xmlns=\"http:\/\/www.w3.org\/2000\/svg\"><path d=\"M352 96c0-53.02-42.98-96-96-96s-96 42.98-96 96 42.98 96 96 96 96-42.98 96-96zM233.59 241.1c-59.33-36.32-155.43-46.3-203.79-49.05C13.55 191.13 0 203.51 0 219.14v222.8c0 14.33 11.59 26.28 26.49 27.05 43.66 2.29 131.99 10.68 193.04 41.43 9.37 4.72 20.48-1.71 20.48-11.87V252.56c-.01-4.67-2.32-8.95-6.42-11.46zm248.61-49.05c-48.35 2.74-144.46 12.73-203.78 49.05-4.1 2.51-6.41 6.96-6.41 11.63v245.79c0 10.19 11.14 16.63 20.54 11.9 61.04-30.72 149.32-39.11 192.97-41.4 14.9-.78 26.49-12.73 26.49-27.06V219.14c-.01-15.63-13.56-28.01-29.81-27.09z\"><\/path><\/svg>\t\t\t\t<\/a>\n\t\t\t<\/div>\n\t\t\t\n\t\t\t\t\t\t<div class=\"elementor-icon-box-content\">\n\n\t\t\t\t\n\t\t\t\t\t\t\t\t\t<p class=\"elementor-icon-box-description\">\n\t\t\t\t\t\tGU\u00cdA\t\t\t\t\t<\/p>\n\t\t\t\t\n\t\t\t<\/div>\n\t\t\t\n\t\t<\/div>\n\t\t\t\t\t\t<\/div>\n\t\t\t\t\t<\/div>\n\t\t<\/div>\n\t\t\t\t\t<\/div>\n\t\t<\/section>\n\t\t\t\t<\/div>\n\t\t","protected":false},"excerpt":{"rendered":"<p class=\"p1\">Interruptor-protector autom\u00e1tico para sobre-voltaje, voltaje bajo y sobrecorriente. Inteligente, ajustable, con volt\u00edmetro digital y control por temporizador. Formato : 2 Polos, M\u00e1x. 63A.<\/p>\n<p class=\"p1\">El TOMZN DDS238-VAP es un protector inteligente para riel DIN, dise\u00f1ado para proteger equipos el\u00e9ctricos frente a sobretensiones, bajo voltajes y sobrecorrientes. Compatible con una entrada CA de 85 a 300 V \/ 50\u201360 Hz, ofrece medici\u00f3n precisa de par\u00e1metros el\u00e9ctricos en tiempo real (voltaje, corriente, potencia y energ\u00eda activa) con precisi\u00f3n de Clase 1.<\/p>\n<p class=\"p1\">Una de sus mayores ventajas es que los valores de corte (protecci\u00f3n) de voltaje alto, voltaje bajo y sobre-corriente son configurables por el usuario, permitiendo ajustar la protecci\u00f3n seg\u00fan las necesidades de cada instalaci\u00f3n. Adem\u00e1s, admite reconexi\u00f3n autom\u00e1tica o manual con retardo ajustable, y puede funcionar como interruptor normal o c\u00edclico.<\/p>\n<p class=\"p1\">Gracias a su pantalla LCD retroiluminada (volt\u00edmetro digital) de bajo consumo, los botones que permiten un ajuste r\u00e1pido, y un dise\u00f1o compacto en el riel DIN, es ideal para la protecci\u00f3n de viviendas, dormitorios, electrodom\u00e9sticos, motores de bombas de agua y sistemas en los que se deseen limitar cargas de alta potencia.<\/p>\n","protected":false},"featured_media":54768,"comment_status":"open","ping_status":"closed","template":"","meta":{"_relevanssi_hide_post":"","_relevanssi_hide_content":"","_relevanssi_pin_for_all":"","_relevanssi_pin_keywords":"","_relevanssi_unpin_keywords":"","_relevanssi_related_keywords":"","_relevanssi_related_include_ids":"","_relevanssi_related_exclude_ids":"","_relevanssi_related_no_append":"","_relevanssi_related_not_related":"","_relevanssi_related_posts":"","_relevanssi_noindex_reason":"","inline_featured_image":false},"product_brand":[],"product_cat":[5480],"product_tag":[],"class_list":{"0":"post-54767","1":"product","2":"type-product","3":"status-publish","4":"has-post-thumbnail","6":"product_cat-corriente-alterna","7":"pa_marca-tomzn","8":"pa_voltaje-nominal-220vca","10":"first","11":"instock","12":"taxable","13":"shipping-taxable","14":"purchasable","15":"product-type-simple"},"bundled_by":[],"bundle_stock_status":"instock","bundle_stock_quantity":34,"bundle_virtual":false,"bundle_layout":"","bundle_add_to_cart_form_location":"","bundle_editable_in_cart":false,"bundle_sold_individually_context":"","bundle_item_grouping":"","bundle_min_size":"","bundle_max_size":"","bundle_price":[],"bundled_items":[],"bundle_sell_ids":[],"group_of_quantity":0,"min_quantity":0,"max_quantity":"","exclude_order_quantity_value_rules":"no","exclude_category_quantity_rules":"no","combine_variations":"no","exclude_global_add_ons":[],"addons":[],"_links":{"self":[{"href":"https:\/\/enertik.com\/cl\/wp-json\/wp\/v2\/product\/54767","targetHints":{"allow":["GET"]}}],"collection":[{"href":"https:\/\/enertik.com\/cl\/wp-json\/wp\/v2\/product"}],"about":[{"href":"https:\/\/enertik.com\/cl\/wp-json\/wp\/v2\/types\/product"}],"replies":[{"embeddable":true,"href":"https:\/\/enertik.com\/cl\/wp-json\/wp\/v2\/comments?post=54767"}],"version-history":[{"count":0,"href":"https:\/\/enertik.com\/cl\/wp-json\/wp\/v2\/product\/54767\/revisions"}],"wp:featuredmedia":[{"embeddable":true,"href":"https:\/\/enertik.com\/cl\/wp-json\/wp\/v2\/media\/54768"}],"wp:attachment":[{"href":"https:\/\/enertik.com\/cl\/wp-json\/wp\/v2\/media?parent=54767"}],"wp:term":[{"taxonomy":"product_brand","embeddable":true,"href":"https:\/\/enertik.com\/cl\/wp-json\/wp\/v2\/product_brand?post=54767"},{"taxonomy":"product_cat","embeddable":true,"href":"https:\/\/enertik.com\/cl\/wp-json\/wp\/v2\/product_cat?post=54767"},{"taxonomy":"product_tag","embeddable":true,"href":"https:\/\/enertik.com\/cl\/wp-json\/wp\/v2\/product_tag?post=54767"}],"curies":[{"name":"wp","href":"https:\/\/api.w.org\/{rel}","templated":true}]}}