{"id":54675,"date":"2026-01-18T03:38:07","date_gmt":"2026-01-18T06:38:07","guid":{"rendered":"https:\/\/enertik.com\/cl\/?post_type=product&#038;p=54675"},"modified":"2026-04-09T04:27:26","modified_gmt":"2026-04-09T08:27:26","slug":"protector-de-descargas-atmosfericas-y-picos-de-sobretension-fotovoltaico-2p-1000vcc","status":"publish","type":"product","link":"https:\/\/enertik.com\/cl\/tienda\/materiales-electricos\/protecciones\/corriente-continua\/protector-contra-sobretensiones-1000vcc-fotovoltaico-2p-20-40ka\/","title":{"rendered":"Protector Contra Sobretensiones 1000Vcc &#8211; Fotovoltaico 2P 20\/40kA"},"content":{"rendered":"\t\t<div data-elementor-type=\"product-post\" data-elementor-id=\"54675\" class=\"elementor elementor-54675\" data-elementor-post-type=\"product\">\n\t\t\t\t\t\t<section class=\"wd-negative-gap elementor-section elementor-top-section elementor-element elementor-element-305acc6 Product_Description elementor-section-boxed elementor-section-height-default elementor-section-height-default\" data-id=\"305acc6\" data-element_type=\"section\" data-e-type=\"section\">\n\t\t\t\t\t\t<div class=\"elementor-container elementor-column-gap-default\">\n\t\t\t\t\t<div class=\"elementor-column elementor-col-100 elementor-top-column elementor-element elementor-element-23545a2\" data-id=\"23545a2\" data-element_type=\"column\" data-e-type=\"column\" data-settings=\"{&quot;background_background&quot;:&quot;classic&quot;}\">\n\t\t\t<div class=\"elementor-widget-wrap elementor-element-populated\">\n\t\t\t\t\t\t<section class=\"wd-negative-gap elementor-section elementor-inner-section elementor-element elementor-element-b36b374 elementor-section-boxed elementor-section-height-default elementor-section-height-default\" data-id=\"b36b374\" data-element_type=\"section\" data-e-type=\"section\">\n\t\t\t\t\t\t<div class=\"elementor-container elementor-column-gap-default\">\n\t\t\t\t\t<div class=\"elementor-column elementor-col-100 elementor-inner-column elementor-element elementor-element-4b9197b\" data-id=\"4b9197b\" data-element_type=\"column\" data-e-type=\"column\">\n\t\t\t<div class=\"elementor-widget-wrap elementor-element-populated\">\n\t\t\t\t\t\t<div class=\"elementor-element elementor-element-f803920 elementor-widget elementor-widget-wd_tabs\" data-id=\"f803920\" data-element_type=\"widget\" data-e-type=\"widget\" data-widget_type=\"wd_tabs.default\">\n\t\t\t\t<div class=\"elementor-widget-container\">\n\t\t\t\t\t\t\t<div class=\"wd-tabs tabs-design-default\">\n\t\t\t<div class=\"wd-tabs-header text-center\">\n\t\t\t\t\n\t\t\t\t\n\t\t\t\t<div class=\"wd-nav-wrapper wd-nav-tabs-wrapper wd-mb-action-swipe\">\n\t\t\t\t\t<ul class=\"wd-nav wd-nav-tabs wd-icon-pos-left wd-style-underline\">\n\t\t\t\t\t\t\t\t\t\t\t\t\t\n\t\t\t\t\t\t\t<li>\n\t\t\t\t\t\t\t\t<a href=\"#\" class=\"wd-nav-link\">\n\t\t\t\t\t\t\t\t\t\n\t\t\t\t\t\t\t\t\t<span class=\"nav-link-text wd-tabs-title\">\n\t\t\t\t\t\t\t\t\t\tDESCRIPCI\u00d3N\t\t\t\t\t\t\t\t\t<\/span>\n\t\t\t\t\t\t\t\t<\/a>\n\t\t\t\t\t\t\t<\/li>\n\n\t\t\t\t\t\t\t\t\t\t\t\t\t\n\t\t\t\t\t\t\t<li>\n\t\t\t\t\t\t\t\t<a href=\"#\" class=\"wd-nav-link\">\n\t\t\t\t\t\t\t\t\t\n\t\t\t\t\t\t\t\t\t<span class=\"nav-link-text wd-tabs-title\">\n\t\t\t\t\t\t\t\t\t\tESPECIFICACIONES\t\t\t\t\t\t\t\t\t<\/span>\n\t\t\t\t\t\t\t\t<\/a>\n\t\t\t\t\t\t\t<\/li>\n\n\t\t\t\t\t\t\t\t\t\t\t<\/ul>\n\t\t\t\t<\/div>\n\t\t\t<\/div>\n\n\t\t\t<div class=\"wd-tabs-content-wrapper\">\n\t\t\t\t\t\t\t\t\t\t\t\t\t\t\n\t\t\t\t\t<div class=\"wd-tab-content wd-entry-content\">\n\t\t\t\t\t\t\t\t\t\t\t\t\t<div >\n\t\t\t\t\t\t\t\t<h2>VENTAJAS<\/h2><ul class=\"ul1\"><li class=\"li1\">Protecci\u00f3n especializada para corriente continua de sistemas fotovoltaicos (Tipo II).<\/li><li class=\"li1\">Protege paneles solares, inversores fotovoltaicos o reguladores solares de picos de voltaje transitorios y descargas de rayo en la parte CC.<\/li><li class=\"li1\">Alta capacidad de derivaci\u00f3n : soporta corrientes de descarga de hasta 20 kA nominal (40 kA m\u00e1x.), disipando eficazmente sobretensiones de alta energ\u00eda sin sufrir da\u00f1os, ideal para entornos con alta actividad el\u00e9ctrica atmosf\u00e9rica.<\/li><li class=\"li1\">Respuesta ultrarr\u00e1pida: act\u00faa en microsegundos, limita el aumento de tensi\u00f3n antes de que alcance los equipos conectados.<\/li><li class=\"li1\">Seguro y modular: incluye desconexi\u00f3n t\u00e9rmica interna y un indicador visual de estado que muestra cuando el m\u00f3dulo ha cumplido su vida \u00fatil y debe reemplazarse.<\/li><li class=\"li1\">Certificado internacional: cumple la norma IEC\/EN 61643-11 (est\u00e1ndar global para protectores de sobretensi\u00f3n).<\/li><\/ul><p>\u00a0<\/p><h2>NOTA IMPORTANTE<\/h2><p>Este producto act\u00faa, al igual que los fusibles, como un elemento de sacrificio destinado a proteger los equipos conectados en el circuito.<br \/>En caso de recibir descargas atmosf\u00e9ricas \u2014como las producidas por rayos\u2014 o picos de tensi\u00f3n muy elevados, puede da\u00f1arse al desviar la energ\u00eda excesiva hacia tierra. Por ello, es posible que deba reemplazarse por una unidad nueva tras dichos eventos.<\/p>\t\t\t\t\t\t\t<\/div>\n\t\t\t\t\t\t\t\t\t\t\t<\/div>\n\n\t\t\t\t\t\t\t\t\t\t\t\t\t\t\n\t\t\t\t\t<div class=\"wd-tab-content wd-entry-content\">\n\t\t\t\t\t\t\t\t\t\t\t\t\t<div >\n\t\t\t\t\t\t\t\t<table><tbody><tr><td>Serie<\/td><td>TOMZN TOV1-PV<\/td><\/tr><tr><td>Tipo de SPD<\/td><td>Tipo II (clase C) seg\u00fan IEC 61643-11<\/td><\/tr><tr><td>Tensi\u00f3n nominal DC (Un)<\/td><td>1000 Vcc<\/td><\/tr><tr><td>Corriente de descarga (In)<\/td><td>20\u00a0kA (8\/20\u00a0\u00b5s onda est\u00e1ndar)<\/td><\/tr><tr><td>Corriente m\u00e1x. (Imax)<\/td><td>40\u00a0kA (8\/20\u00a0\u00b5s, capacidad de descarga m\u00e1xima)<\/td><\/tr><tr><td>Nivel de protecci\u00f3n (Up)<\/td><td>\u2264\u00a02.5\u00a0kV @ In (limitaci\u00f3n de sobretensi\u00f3n t\u00edpica)<\/td><\/tr><tr><td>Tiempo de respuesta<\/td><td>&lt;\u00a01\u00a0\u00b5s (respuesta instant\u00e1nea a transientes)<\/td><\/tr><tr><td>Indicador de estado<\/td><td>S\u00ed (ventana verde = operativo, rojo = reemplazo necesario)<\/td><\/tr><tr><td>M\u00f3dulo reemplazable<\/td><td>S\u00ed, cartucho desmontable sin necesidad de desinstalar base\/cableado<\/td><\/tr><tr><td>Polos y terminales<\/td><td>2 polos (conexi\u00f3n entre positivo y negativo de la l\u00ednea DC)\u00a0 +\u00a0 Derivaci\u00f3n a tierra<\/td><\/tr><tr><td>Montaje<\/td><td>Carril DIN 35\u00a0mm (ocupa 2 m\u00f3dulos de ancho aprox.)<\/td><\/tr><tr><td>Norma de ensayo<\/td><td>IEC\u00a061643-11 \/ EN\u00a061643-11 (Dispositivos de Protecci\u00f3n contra Sobretensiones)<\/td><\/tr><tr><td>Temperatura op.<\/td><td>-40\u00a0\u00b0C a +80\u00a0\u00b0C<\/td><\/tr><tr><td>Nivel IP<\/td><td>IP20 (uso interior en cuadro el\u00e9ctrico)<\/td><\/tr><\/tbody><\/table>\t\t\t\t\t\t\t<\/div>\n\t\t\t\t\t\t\t\t\t\t\t<\/div>\n\n\t\t\t\t\t\t\t<\/div>\n\t\t<\/div>\n\t\t\t\t\t\t<\/div>\n\t\t\t\t<\/div>\n\t\t\t\t\t<\/div>\n\t\t<\/div>\n\t\t\t\t\t<\/div>\n\t\t<\/section>\n\t\t\t\t\t<\/div>\n\t\t<\/div>\n\t\t\t\t\t<\/div>\n\t\t<\/section>\n\t\t\t\t<section class=\"wd-negative-gap elementor-section elementor-top-section elementor-element elementor-element-e7064db Link_Buttons elementor-section-boxed elementor-section-height-default elementor-section-height-default\" data-id=\"e7064db\" data-element_type=\"section\" data-e-type=\"section\" data-settings=\"{&quot;background_background&quot;:&quot;classic&quot;}\">\n\t\t\t\t\t\t<div class=\"elementor-container elementor-column-gap-custom\">\n\t\t\t\t\t<div class=\"elementor-column elementor-col-100 elementor-top-column elementor-element elementor-element-7911352\" data-id=\"7911352\" data-element_type=\"column\" data-e-type=\"column\">\n\t\t\t<div class=\"elementor-widget-wrap elementor-element-populated\">\n\t\t\t\t\t\t<div class=\"elementor-element elementor-element-83687c3 elementor-view-framed elementor-shape-circle elementor-position-block-start elementor-mobile-position-block-start elementor-widget elementor-widget-icon-box\" data-id=\"83687c3\" data-element_type=\"widget\" data-e-type=\"widget\" data-widget_type=\"icon-box.default\">\n\t\t\t\t\t\t\t<div class=\"elementor-icon-box-wrapper\">\n\n\t\t\t\t\t\t<div class=\"elementor-icon-box-icon\">\n\t\t\t\t<a href=\"https:\/\/enertik.com\/wp-content\/uploads\/sites\/3\/documentos\/folletos\/tov1-pv-20ka-40ka-folleto.pdf\" target=\"_blank\" class=\"elementor-icon\" tabindex=\"-1\">\n\t\t\t\t<svg aria-hidden=\"true\" class=\"e-font-icon-svg e-fas-book-open\" viewBox=\"0 0 576 512\" xmlns=\"http:\/\/www.w3.org\/2000\/svg\"><path d=\"M542.22 32.05c-54.8 3.11-163.72 14.43-230.96 55.59-4.64 2.84-7.27 7.89-7.27 13.17v363.87c0 11.55 12.63 18.85 23.28 13.49 69.18-34.82 169.23-44.32 218.7-46.92 16.89-.89 30.02-14.43 30.02-30.66V62.75c.01-17.71-15.35-31.74-33.77-30.7zM264.73 87.64C197.5 46.48 88.58 35.17 33.78 32.05 15.36 31.01 0 45.04 0 62.75V400.6c0 16.24 13.13 29.78 30.02 30.66 49.49 2.6 149.59 12.11 218.77 46.95 10.62 5.35 23.21-1.94 23.21-13.46V100.63c0-5.29-2.62-10.14-7.27-12.99z\"><\/path><\/svg>\t\t\t\t<\/a>\n\t\t\t<\/div>\n\t\t\t\n\t\t\t\t\t\t<div class=\"elementor-icon-box-content\">\n\n\t\t\t\t\n\t\t\t\t\t\t\t\t\t<p class=\"elementor-icon-box-description\">\n\t\t\t\t\t\tFICHA DE DATOS\t\t\t\t\t<\/p>\n\t\t\t\t\n\t\t\t<\/div>\n\t\t\t\n\t\t<\/div>\n\t\t\t\t\t\t<\/div>\n\t\t\t\t\t<\/div>\n\t\t<\/div>\n\t\t\t\t\t<\/div>\n\t\t<\/section>\n\t\t\t\t<\/div>\n\t\t","protected":false},"excerpt":{"rendered":"<p class=\"p1\">Protector contra descargas atmosf\u00e9ricas y picos de sobretensi\u00f3n (SPD) TOMZN &#8211; 1000 Vcc 2 polos &#8211; Tipo II para corriente continua de sistemas fotovoltaicos. Capacidad de derivaci\u00f3n: 20kA\/40kA.<\/p>\n<p class=\"p1\">Es un dispositivo de protecci\u00f3n contra sobretensiones transitorias de corriente continua, dise\u00f1ado para resguardar instalaciones fotovoltaicas ante eventos de sobretensi\u00f3n y descargas atmosf\u00e9ricas (e.g. los rayos) en el lado CC. Este protector modular de 2 polos se conecta en paralelo al polo positivo y negativo de la cadena de paneles solares, y tiene la misi\u00f3n de derivar a tierra los picos de voltaje causados por ca\u00eddas de rayos o por maniobras el\u00e9ctricas, antes de que se da\u00f1en paneles solares o inversores, reguladores u otros equipos sensibles agua abajo.<\/p>\n<p class=\"p1\">Su dise\u00f1o espec\u00edfico para corriente continua le permite responder de forma inmediata ante sobretensiones, con una capacidad de descarga nominal de 20 kA (m\u00e1xima de 40 kA). Integra un mecanismo de desconexi\u00f3n t\u00e9rmica que retira el dispositivo al final de su vida \u00fatil o en caso de sobrecarga, evitando riesgos y garantizando seguridad en todo momento.<\/p>\n<p class=\"p1\">Fabricado con componentes de alta calidad conforme a las normas EN 50539-11 e IEC 61643-31, y con certificaci\u00f3n CE, este protector asegura una larga durabilidad y fiabilidad en entornos fotovoltaicos exigentes. Incorporar este protector a su instalaci\u00f3n a\u00f1ade una capa esencial de seguridad, resguardando la inversi\u00f3n en equipos solares y brindando tranquilidad frente a eventos el\u00e9ctricos inesperados.<\/p>\n","protected":false},"featured_media":54665,"comment_status":"open","ping_status":"closed","template":"","meta":{"_relevanssi_hide_post":"","_relevanssi_hide_content":"","_relevanssi_pin_for_all":"","_relevanssi_pin_keywords":"","_relevanssi_unpin_keywords":"","_relevanssi_related_keywords":"","_relevanssi_related_include_ids":"","_relevanssi_related_exclude_ids":"","_relevanssi_related_no_append":"","_relevanssi_related_not_related":"","_relevanssi_related_posts":"","_relevanssi_noindex_reason":"","inline_featured_image":false},"product_brand":[],"product_cat":[5479],"product_tag":[],"class_list":{"0":"post-54675","1":"product","2":"type-product","3":"status-publish","4":"has-post-thumbnail","6":"product_cat-corriente-continua","7":"pa_marca-tomzn","8":"pa_voltaje-1000vdc","10":"first","11":"instock","12":"taxable","13":"shipping-taxable","14":"purchasable","15":"product-type-simple"},"bundled_by":[],"bundle_stock_status":"instock","bundle_stock_quantity":208,"bundle_virtual":false,"bundle_layout":"","bundle_add_to_cart_form_location":"","bundle_editable_in_cart":false,"bundle_sold_individually_context":"","bundle_item_grouping":"","bundle_min_size":"","bundle_max_size":"","bundle_price":[],"bundled_items":[],"bundle_sell_ids":[],"group_of_quantity":0,"min_quantity":0,"max_quantity":"","exclude_order_quantity_value_rules":"no","exclude_category_quantity_rules":"no","combine_variations":"no","exclude_global_add_ons":[],"addons":[],"_links":{"self":[{"href":"https:\/\/enertik.com\/cl\/wp-json\/wp\/v2\/product\/54675","targetHints":{"allow":["GET"]}}],"collection":[{"href":"https:\/\/enertik.com\/cl\/wp-json\/wp\/v2\/product"}],"about":[{"href":"https:\/\/enertik.com\/cl\/wp-json\/wp\/v2\/types\/product"}],"replies":[{"embeddable":true,"href":"https:\/\/enertik.com\/cl\/wp-json\/wp\/v2\/comments?post=54675"}],"version-history":[{"count":0,"href":"https:\/\/enertik.com\/cl\/wp-json\/wp\/v2\/product\/54675\/revisions"}],"wp:featuredmedia":[{"embeddable":true,"href":"https:\/\/enertik.com\/cl\/wp-json\/wp\/v2\/media\/54665"}],"wp:attachment":[{"href":"https:\/\/enertik.com\/cl\/wp-json\/wp\/v2\/media?parent=54675"}],"wp:term":[{"taxonomy":"product_brand","embeddable":true,"href":"https:\/\/enertik.com\/cl\/wp-json\/wp\/v2\/product_brand?post=54675"},{"taxonomy":"product_cat","embeddable":true,"href":"https:\/\/enertik.com\/cl\/wp-json\/wp\/v2\/product_cat?post=54675"},{"taxonomy":"product_tag","embeddable":true,"href":"https:\/\/enertik.com\/cl\/wp-json\/wp\/v2\/product_tag?post=54675"}],"curies":[{"name":"wp","href":"https:\/\/api.w.org\/{rel}","templated":true}]}}