{"id":54645,"date":"2026-01-18T03:38:07","date_gmt":"2026-01-18T06:38:07","guid":{"rendered":"https:\/\/enertik.com\/cl\/?post_type=product&#038;p=54645"},"modified":"2026-04-09T08:54:09","modified_gmt":"2026-04-09T12:54:09","slug":"fusible-solar-gpv-tomzn-10x38mm-1000vcc-15a","status":"publish","type":"product","link":"https:\/\/enertik.com\/cl\/tienda\/materiales-electricos\/protecciones\/fusibles\/fusible-solar-gpv-tomzn-10x38mm-15a\/","title":{"rendered":"Fusible solar gPV Tomzn 10x38mm &#8211; 15A"},"content":{"rendered":"\t\t<div data-elementor-type=\"product-post\" data-elementor-id=\"54645\" class=\"elementor elementor-54645\" data-elementor-post-type=\"product\">\n\t\t\t\t\t\t<section class=\"wd-negative-gap elementor-section elementor-top-section elementor-element elementor-element-305acc6 Product_Description elementor-section-boxed elementor-section-height-default elementor-section-height-default\" data-id=\"305acc6\" data-element_type=\"section\" data-e-type=\"section\">\n\t\t\t\t\t\t<div class=\"elementor-container elementor-column-gap-default\">\n\t\t\t\t\t<div class=\"elementor-column elementor-col-100 elementor-top-column elementor-element elementor-element-23545a2\" data-id=\"23545a2\" data-element_type=\"column\" data-e-type=\"column\" data-settings=\"{&quot;background_background&quot;:&quot;classic&quot;}\">\n\t\t\t<div class=\"elementor-widget-wrap elementor-element-populated\">\n\t\t\t\t\t\t<section class=\"wd-negative-gap elementor-section elementor-inner-section elementor-element elementor-element-b36b374 elementor-section-boxed elementor-section-height-default elementor-section-height-default\" data-id=\"b36b374\" data-element_type=\"section\" data-e-type=\"section\">\n\t\t\t\t\t\t<div class=\"elementor-container elementor-column-gap-default\">\n\t\t\t\t\t<div class=\"elementor-column elementor-col-100 elementor-inner-column elementor-element elementor-element-4b9197b\" data-id=\"4b9197b\" data-element_type=\"column\" data-e-type=\"column\">\n\t\t\t<div class=\"elementor-widget-wrap elementor-element-populated\">\n\t\t\t\t\t\t<div class=\"elementor-element elementor-element-f803920 elementor-widget elementor-widget-wd_tabs\" data-id=\"f803920\" data-element_type=\"widget\" data-e-type=\"widget\" data-widget_type=\"wd_tabs.default\">\n\t\t\t\t<div class=\"elementor-widget-container\">\n\t\t\t\t\t\t\t<div class=\"wd-tabs tabs-design-default\">\n\t\t\t<div class=\"wd-tabs-header text-center\">\n\t\t\t\t\n\t\t\t\t\n\t\t\t\t<div class=\"wd-nav-wrapper wd-nav-tabs-wrapper wd-mb-action-swipe\">\n\t\t\t\t\t<ul class=\"wd-nav wd-nav-tabs wd-icon-pos-left wd-style-underline\">\n\t\t\t\t\t\t\t\t\t\t\t\t\t\n\t\t\t\t\t\t\t<li>\n\t\t\t\t\t\t\t\t<a href=\"#\" class=\"wd-nav-link\">\n\t\t\t\t\t\t\t\t\t\n\t\t\t\t\t\t\t\t\t<span class=\"nav-link-text wd-tabs-title\">\n\t\t\t\t\t\t\t\t\t\tDESCRIPCI\u00d3N\t\t\t\t\t\t\t\t\t<\/span>\n\t\t\t\t\t\t\t\t<\/a>\n\t\t\t\t\t\t\t<\/li>\n\n\t\t\t\t\t\t\t\t\t\t\t\t\t\n\t\t\t\t\t\t\t<li>\n\t\t\t\t\t\t\t\t<a href=\"#\" class=\"wd-nav-link\">\n\t\t\t\t\t\t\t\t\t\n\t\t\t\t\t\t\t\t\t<span class=\"nav-link-text wd-tabs-title\">\n\t\t\t\t\t\t\t\t\t\tESPECIFICACIONES\t\t\t\t\t\t\t\t\t<\/span>\n\t\t\t\t\t\t\t\t<\/a>\n\t\t\t\t\t\t\t<\/li>\n\n\t\t\t\t\t\t\t\t\t\t\t<\/ul>\n\t\t\t\t<\/div>\n\t\t\t<\/div>\n\n\t\t\t<div class=\"wd-tabs-content-wrapper\">\n\t\t\t\t\t\t\t\t\t\t\t\t\t\t\n\t\t\t\t\t<div class=\"wd-tab-content wd-entry-content\">\n\t\t\t\t\t\t\t\t\t\t\t\t\t<div >\n\t\t\t\t\t\t\t\t<h2>VENTAJAS<\/h2><ul class=\"ul1\"><li class=\"li1\">Protecci\u00f3n fiable contra sobrecorrientes : previene da\u00f1os por sobrecarga o cortocircuito en paneles e inversores<\/li><li class=\"li1\">Dise\u00f1ado para sistemas fotovoltaicos, con alta capacidad de ruptura y alto voltaje (1000Vcc)<\/li><li class=\"li1\">Formato est\u00e1ndar de fusibles solares \u00d8 10\u00d738\u00a0mm<\/li><li class=\"li1\">Apto para ser alojado en portafusibles (se vende por separado), facilitando su instalaci\u00f3n en riel DIN y recambio sin necesidad de herramientas especiales.<\/li><li class=\"li1\">Cumplimiento de normativas: clasificaci\u00f3n gPV seg\u00fan IEC 60269-6 y marcado CE\/RoHS<\/li><\/ul>\t\t\t\t\t\t\t<\/div>\n\t\t\t\t\t\t\t\t\t\t\t<\/div>\n\n\t\t\t\t\t\t\t\t\t\t\t\t\t\t\n\t\t\t\t\t<div class=\"wd-tab-content wd-entry-content\">\n\t\t\t\t\t\t\t\t\t\t\t\t\t<div >\n\t\t\t\t\t\t\t\t<table><tbody><tr class=\"tbBorderNone\"><td class=\"tbLeft\">Modelo<\/td><td>TOPV-32-15A<\/td><\/tr><tr><td class=\"tbTit\" colspan=\"2\">Especificaciones el\u00e9ctricas<\/td><\/tr><tr><td class=\"tbLeft\">Capacidad del fusible<\/td><td>15A<\/td><\/tr><tr><td class=\"tbLeft\">Tama\u00f1o del fusible<\/td><td>10 x 38 mm<\/td><\/tr><tr><td class=\"tbLeft\">Voltaje m\u00e1ximo<\/td><td>1000VCC<\/td><\/tr><\/tbody><\/table>\t\t\t\t\t\t\t<\/div>\n\t\t\t\t\t\t\t\t\t\t\t<\/div>\n\n\t\t\t\t\t\t\t<\/div>\n\t\t<\/div>\n\t\t\t\t\t\t<\/div>\n\t\t\t\t<\/div>\n\t\t\t\t\t<\/div>\n\t\t<\/div>\n\t\t\t\t\t<\/div>\n\t\t<\/section>\n\t\t\t\t\t<\/div>\n\t\t<\/div>\n\t\t\t\t\t<\/div>\n\t\t<\/section>\n\t\t\t\t<\/div>\n\t\t","protected":false},"excerpt":{"rendered":"<p class=\"p1\">Fusible solar gPV 10x38mm TOMZN \u2013 15A, para sistemas hasta 1000Vcc<\/p>\n<p class=\"p1\">Fusible cil\u00edndrico de alto voltaje dise\u00f1ado espec\u00edficamente para la protecci\u00f3n de cadenas de paneles solares. Se instala en serie entre la cadena de paneles solares y el equipo conectado o entre cadenas de paneles solares en paralelo para brindar protecci\u00f3n ante sobrecorrientes y cortocircuitos, evitando da\u00f1os en m\u00f3dulos, inversores y el cableado.<\/p>\n<p class=\"p1\">En su interior alberga un filamento fusible de aleaci\u00f3n especial de r\u00e1pida actuaci\u00f3n que se funde ante corrientes excesivas (1,3 In : 1 hora ; 1,35 In : &lt;1 hora ; 2,1 In : &lt;1 min ; 10 In : ~1 ms),<span class=\"Apple-converted-space\">\u00a0 <\/span>interrumpiendo el circuito antes de que ocurran da\u00f1os graves. Su dise\u00f1o de categor\u00eda gPV le permite gestionar eficientemente las corrientes de falla t\u00edpicas de sistemas fotovoltaicos, con una alta capacidad de ruptura (~30 kA) para cortar de forma segura corrientes de cortocircuito intensas.<\/p>\n<p>El formato est\u00e1ndar 10&#215;38\u00a0mm facilita su inserci\u00f3n en portafusibles DIN y su reemplazo r\u00e1pido, garantizando una protecci\u00f3n confiable y un mantenimiento sencillo.<\/p>\n<p>Cumple con la norma IEC\u00a060269-6 (clasificaci\u00f3n gPV), lo que significa que ha sido probado bajo rigurosos est\u00e1ndares internacionales de seguridad el\u00e9ctrica. Fabricado con materiales de alta calidad \u2013 cuerpo cer\u00e1mico resistente a altas temperaturas y terminales de cobre plateado \u2013 asegura una larga vida \u00fatil y un desempe\u00f1o consistente.<\/p>\n<p class=\"p1\">Proteja su inversi\u00f3n en energ\u00eda solar con este fusible certificado, que ofrece fiabilidad y tranquilidad en su sistema fotovoltaico.<\/p>\n","protected":false},"featured_media":54576,"comment_status":"open","ping_status":"closed","template":"","meta":{"_relevanssi_hide_post":"","_relevanssi_hide_content":"","_relevanssi_pin_for_all":"","_relevanssi_pin_keywords":"","_relevanssi_unpin_keywords":"","_relevanssi_related_keywords":"","_relevanssi_related_include_ids":"","_relevanssi_related_exclude_ids":"","_relevanssi_related_no_append":"","_relevanssi_related_not_related":"","_relevanssi_related_posts":"","_relevanssi_noindex_reason":"","inline_featured_image":false},"product_brand":[],"product_cat":[5502],"product_tag":[],"class_list":{"0":"post-54645","1":"product","2":"type-product","3":"status-publish","4":"has-post-thumbnail","6":"product_cat-fusibles","7":"pa_corriente-15a","8":"pa_marca-tomzn","9":"pa_voltaje-1000vdc","11":"first","12":"instock","13":"taxable","14":"shipping-taxable","15":"purchasable","16":"product-type-simple"},"bundled_by":[],"bundle_stock_status":"instock","bundle_stock_quantity":446,"bundle_virtual":false,"bundle_layout":"","bundle_add_to_cart_form_location":"","bundle_editable_in_cart":false,"bundle_sold_individually_context":"","bundle_item_grouping":"","bundle_min_size":"","bundle_max_size":"","bundle_price":[],"bundled_items":[],"bundle_sell_ids":[],"group_of_quantity":0,"min_quantity":0,"max_quantity":30,"exclude_order_quantity_value_rules":"no","exclude_category_quantity_rules":"no","combine_variations":"no","exclude_global_add_ons":[],"addons":[],"_links":{"self":[{"href":"https:\/\/enertik.com\/cl\/wp-json\/wp\/v2\/product\/54645","targetHints":{"allow":["GET"]}}],"collection":[{"href":"https:\/\/enertik.com\/cl\/wp-json\/wp\/v2\/product"}],"about":[{"href":"https:\/\/enertik.com\/cl\/wp-json\/wp\/v2\/types\/product"}],"replies":[{"embeddable":true,"href":"https:\/\/enertik.com\/cl\/wp-json\/wp\/v2\/comments?post=54645"}],"version-history":[{"count":0,"href":"https:\/\/enertik.com\/cl\/wp-json\/wp\/v2\/product\/54645\/revisions"}],"wp:featuredmedia":[{"embeddable":true,"href":"https:\/\/enertik.com\/cl\/wp-json\/wp\/v2\/media\/54576"}],"wp:attachment":[{"href":"https:\/\/enertik.com\/cl\/wp-json\/wp\/v2\/media?parent=54645"}],"wp:term":[{"taxonomy":"product_brand","embeddable":true,"href":"https:\/\/enertik.com\/cl\/wp-json\/wp\/v2\/product_brand?post=54645"},{"taxonomy":"product_cat","embeddable":true,"href":"https:\/\/enertik.com\/cl\/wp-json\/wp\/v2\/product_cat?post=54645"},{"taxonomy":"product_tag","embeddable":true,"href":"https:\/\/enertik.com\/cl\/wp-json\/wp\/v2\/product_tag?post=54645"}],"curies":[{"name":"wp","href":"https:\/\/api.w.org\/{rel}","templated":true}]}}