{"id":54600,"date":"2026-01-18T03:38:07","date_gmt":"2026-01-18T06:38:07","guid":{"rendered":"https:\/\/enertik.com\/cl\/?post_type=product&#038;p=54600"},"modified":"2026-04-09T18:14:55","modified_gmt":"2026-04-09T22:14:55","slug":"portafusible-solar-gpv-bipolar-con-led","status":"publish","type":"product","link":"https:\/\/enertik.com\/cl\/tienda\/materiales-electricos\/protecciones\/fusibles\/portafusible-para-fusible-solar-gpv-10x38mm-con-led-2p\/","title":{"rendered":"Portafusible para Fusible Solar gPV 10x38mm con LED &#8211; 2P"},"content":{"rendered":"\t\t<div data-elementor-type=\"product-post\" data-elementor-id=\"54600\" class=\"elementor elementor-54600\" data-elementor-post-type=\"product\">\n\t\t\t\t\t\t<section class=\"wd-negative-gap elementor-section elementor-top-section elementor-element elementor-element-305acc6 Product_Description elementor-section-boxed elementor-section-height-default elementor-section-height-default\" data-id=\"305acc6\" data-element_type=\"section\" data-e-type=\"section\">\n\t\t\t\t\t\t<div class=\"elementor-container elementor-column-gap-default\">\n\t\t\t\t\t<div class=\"elementor-column elementor-col-100 elementor-top-column elementor-element elementor-element-23545a2\" data-id=\"23545a2\" data-element_type=\"column\" data-e-type=\"column\" data-settings=\"{&quot;background_background&quot;:&quot;classic&quot;}\">\n\t\t\t<div class=\"elementor-widget-wrap elementor-element-populated\">\n\t\t\t\t\t\t<section class=\"wd-negative-gap elementor-section elementor-inner-section elementor-element elementor-element-b36b374 elementor-section-boxed elementor-section-height-default elementor-section-height-default\" data-id=\"b36b374\" data-element_type=\"section\" data-e-type=\"section\">\n\t\t\t\t\t\t<div class=\"elementor-container elementor-column-gap-default\">\n\t\t\t\t\t<div class=\"elementor-column elementor-col-100 elementor-inner-column elementor-element elementor-element-4b9197b\" data-id=\"4b9197b\" data-element_type=\"column\" data-e-type=\"column\">\n\t\t\t<div class=\"elementor-widget-wrap elementor-element-populated\">\n\t\t\t\t\t\t<div class=\"elementor-element elementor-element-f803920 elementor-widget elementor-widget-wd_tabs\" data-id=\"f803920\" data-element_type=\"widget\" data-e-type=\"widget\" data-widget_type=\"wd_tabs.default\">\n\t\t\t\t<div class=\"elementor-widget-container\">\n\t\t\t\t\t\t\t<div class=\"wd-tabs tabs-design-default\">\n\t\t\t<div class=\"wd-tabs-header text-center\">\n\t\t\t\t\n\t\t\t\t\n\t\t\t\t<div class=\"wd-nav-wrapper wd-nav-tabs-wrapper wd-mb-action-swipe\">\n\t\t\t\t\t<ul class=\"wd-nav wd-nav-tabs wd-icon-pos-left wd-style-underline\">\n\t\t\t\t\t\t\t\t\t\t\t\t\t\n\t\t\t\t\t\t\t<li>\n\t\t\t\t\t\t\t\t<a href=\"#\" class=\"wd-nav-link\">\n\t\t\t\t\t\t\t\t\t\n\t\t\t\t\t\t\t\t\t<span class=\"nav-link-text wd-tabs-title\">\n\t\t\t\t\t\t\t\t\t\tDESCRIPCI\u00d3N\t\t\t\t\t\t\t\t\t<\/span>\n\t\t\t\t\t\t\t\t<\/a>\n\t\t\t\t\t\t\t<\/li>\n\n\t\t\t\t\t\t\t\t\t\t\t<\/ul>\n\t\t\t\t<\/div>\n\t\t\t<\/div>\n\n\t\t\t<div class=\"wd-tabs-content-wrapper\">\n\t\t\t\t\t\t\t\t\t\t\t\t\t\t\n\t\t\t\t\t<div class=\"wd-tab-content wd-entry-content\">\n\t\t\t\t\t\t\t\t\t\t\t\t\t<div >\n\t\t\t\t\t\t\t\t<h2>VENTAJAS<\/h2><ul class=\"ul1\"><li class=\"li1\">Indicador LED de estado: Se enciende cuando el fusible se ha fundido, permitiendo identificar el fusible fundido sin pruebas adicionales.<\/li><li class=\"li1\">Soporta alto voltaje CC: dise\u00f1ado para cadenas de paneles solares de hasta 1100 Vcc, ideal para arreglos fotovoltaicos de alto voltaje y potencia.<\/li><li class=\"li1\">Compatible con 2 fusibles 10\u00d738 mm: acepta hasta dos fusibles solares gPV est\u00e1ndares (de 1 A hasta 32 A), brindando protecci\u00f3n vers\u00e1til para distintos tama\u00f1os de cadenas fotovoltaicas.<\/li><li class=\"li1\">Montaje en riel DIN: formato modular para carril de 35 mm, de f\u00e1cil instalaci\u00f3n en cajas de combinaci\u00f3n y paneles solares. Permite a\u00f1adir o reemplazar m\u00f3dulos sin complicaciones.<\/li><li class=\"li1\">Seguridad certificada: cumple IEC 60947-3 e IEC 60269, fabricado en material ign\u00edfugo de alta resistencia.<\/li><li class=\"li1\">Construcci\u00f3n robusta que protege los fusibles en entornos inmediatos de -40 a 90 \u00b0C.<\/li><\/ul>\t\t\t\t\t\t\t<\/div>\n\t\t\t\t\t\t\t\t\t\t\t<\/div>\n\n\t\t\t\t\t\t\t<\/div>\n\t\t<\/div>\n\t\t\t\t\t\t<\/div>\n\t\t\t\t<\/div>\n\t\t\t\t\t<\/div>\n\t\t<\/div>\n\t\t\t\t\t<\/div>\n\t\t<\/section>\n\t\t\t\t\t<\/div>\n\t\t<\/div>\n\t\t\t\t\t<\/div>\n\t\t<\/section>\n\t\t\t\t<section class=\"wd-negative-gap elementor-section elementor-top-section elementor-element elementor-element-928db63 Link_Buttons elementor-section-boxed elementor-section-height-default elementor-section-height-default\" data-id=\"928db63\" data-element_type=\"section\" data-e-type=\"section\" data-settings=\"{&quot;background_background&quot;:&quot;classic&quot;}\">\n\t\t\t\t\t\t<div class=\"elementor-container elementor-column-gap-custom\">\n\t\t\t\t\t<div class=\"elementor-column elementor-col-100 elementor-top-column elementor-element elementor-element-af1640c\" data-id=\"af1640c\" data-element_type=\"column\" data-e-type=\"column\">\n\t\t\t<div class=\"elementor-widget-wrap elementor-element-populated\">\n\t\t\t\t\t\t<div class=\"elementor-element elementor-element-9ae794e elementor-view-framed elementor-shape-circle elementor-position-block-start elementor-mobile-position-block-start elementor-widget elementor-widget-icon-box\" data-id=\"9ae794e\" data-element_type=\"widget\" data-e-type=\"widget\" data-widget_type=\"icon-box.default\">\n\t\t\t\t\t\t\t<div class=\"elementor-icon-box-wrapper\">\n\n\t\t\t\t\t\t<div class=\"elementor-icon-box-icon\">\n\t\t\t\t<a href=\"https:\/\/enertik.com\/wp-content\/uploads\/sites\/3\/documentos\/folletos\/topv-32x-2p-folleto.pdf\" target=\"_blank\" class=\"elementor-icon\" tabindex=\"-1\">\n\t\t\t\t<svg aria-hidden=\"true\" class=\"e-font-icon-svg e-fas-book-open\" viewBox=\"0 0 576 512\" xmlns=\"http:\/\/www.w3.org\/2000\/svg\"><path d=\"M542.22 32.05c-54.8 3.11-163.72 14.43-230.96 55.59-4.64 2.84-7.27 7.89-7.27 13.17v363.87c0 11.55 12.63 18.85 23.28 13.49 69.18-34.82 169.23-44.32 218.7-46.92 16.89-.89 30.02-14.43 30.02-30.66V62.75c.01-17.71-15.35-31.74-33.77-30.7zM264.73 87.64C197.5 46.48 88.58 35.17 33.78 32.05 15.36 31.01 0 45.04 0 62.75V400.6c0 16.24 13.13 29.78 30.02 30.66 49.49 2.6 149.59 12.11 218.77 46.95 10.62 5.35 23.21-1.94 23.21-13.46V100.63c0-5.29-2.62-10.14-7.27-12.99z\"><\/path><\/svg>\t\t\t\t<\/a>\n\t\t\t<\/div>\n\t\t\t\n\t\t\t\t\t\t<div class=\"elementor-icon-box-content\">\n\n\t\t\t\t\n\t\t\t\t\t\t\t\t\t<p class=\"elementor-icon-box-description\">\n\t\t\t\t\t\tFOLLETO\t\t\t\t\t<\/p>\n\t\t\t\t\n\t\t\t<\/div>\n\t\t\t\n\t\t<\/div>\n\t\t\t\t\t\t<\/div>\n\t\t\t\t\t<\/div>\n\t\t<\/div>\n\t\t\t\t\t<\/div>\n\t\t<\/section>\n\t\t\t\t<\/div>\n\t\t","protected":false},"excerpt":{"rendered":"<p class=\"p1\">Portafusibles bipolar TOMZN para fusibles solares gPV 10x38mm, con indicador LED<\/p>\n<p class=\"p1\">Este portafusibles de corriente continua (2 polos) est\u00e1 dise\u00f1ado para alojar en un \u00fanico cuerpo dos fusibles solares gPV de 10&#215;38 mm en sistemas fotovoltaicos de hasta 1100Vcc. Proporciona una forma segura y ordenada de integrar fusibles gPV en su instalaci\u00f3n solar. Se monta f\u00e1cilmente sobre riel DIN, manteniendo el fusible firmemente sujeto y permitiendo desconectar r\u00e1pidamente un string solar en caso de sobrecorriente.<\/p>\n<p class=\"p1\">Incorpora un indicador LED que se ilumina cuando el fusible se ha fundido. Esta funci\u00f3n visual facilita la detecci\u00f3n inmediata de fusibles actuados, ahorrando tiempo en el mantenimiento. El portafusibles est\u00e1 fabricado con materiales aislantes y resistentes al calor, garantizando seguridad al manipular y una larga vida \u00fatil incluso bajo altas temperaturas operativas.<\/p>\n<p class=\"p1\">Cumple est\u00e1ndares internacionales de calidad y soporta las exigencias de entornos fotovoltaicos. Con este accesorio, su sistema solar gana en protecci\u00f3n y confiabilidad, permiti\u00e9ndole operar con tranquilidad y respaldo t\u00e9cnico.<\/p>\n<p class=\"p1\"><strong>*Este producto corresponde \u00fanicamente al portafusibles. Los fusibles solares no est\u00e1n incluidos y deben adquirirse por separado, de acuerdo con las necesidades de cada instalaci\u00f3n.<\/strong><\/p>\n","protected":false},"featured_media":54601,"comment_status":"open","ping_status":"closed","template":"","meta":{"_relevanssi_hide_post":"","_relevanssi_hide_content":"","_relevanssi_pin_for_all":"","_relevanssi_pin_keywords":"","_relevanssi_unpin_keywords":"","_relevanssi_related_keywords":"","_relevanssi_related_include_ids":"","_relevanssi_related_exclude_ids":"","_relevanssi_related_no_append":"","_relevanssi_related_not_related":"","_relevanssi_related_posts":"","_relevanssi_noindex_reason":"","inline_featured_image":false},"product_brand":[],"product_cat":[5502],"product_tag":[],"class_list":{"0":"post-54600","1":"product","2":"type-product","3":"status-publish","4":"has-post-thumbnail","6":"product_cat-fusibles","7":"pa_corriente-10a","8":"pa_corriente-15a","9":"pa_corriente-20a","10":"pa_corriente-30a","11":"pa_marca-tomzn","12":"pa_voltaje-1000vdc","14":"first","15":"instock","16":"taxable","17":"shipping-taxable","18":"purchasable","19":"product-type-simple"},"bundled_by":[],"bundle_stock_status":"instock","bundle_stock_quantity":76,"bundle_virtual":false,"bundle_layout":"","bundle_add_to_cart_form_location":"","bundle_editable_in_cart":false,"bundle_sold_individually_context":"","bundle_item_grouping":"","bundle_min_size":"","bundle_max_size":"","bundle_price":[],"bundled_items":[],"bundle_sell_ids":[],"group_of_quantity":0,"min_quantity":0,"max_quantity":"","exclude_order_quantity_value_rules":"no","exclude_category_quantity_rules":"no","combine_variations":"no","exclude_global_add_ons":[],"addons":[],"_links":{"self":[{"href":"https:\/\/enertik.com\/cl\/wp-json\/wp\/v2\/product\/54600","targetHints":{"allow":["GET"]}}],"collection":[{"href":"https:\/\/enertik.com\/cl\/wp-json\/wp\/v2\/product"}],"about":[{"href":"https:\/\/enertik.com\/cl\/wp-json\/wp\/v2\/types\/product"}],"replies":[{"embeddable":true,"href":"https:\/\/enertik.com\/cl\/wp-json\/wp\/v2\/comments?post=54600"}],"version-history":[{"count":0,"href":"https:\/\/enertik.com\/cl\/wp-json\/wp\/v2\/product\/54600\/revisions"}],"wp:featuredmedia":[{"embeddable":true,"href":"https:\/\/enertik.com\/cl\/wp-json\/wp\/v2\/media\/54601"}],"wp:attachment":[{"href":"https:\/\/enertik.com\/cl\/wp-json\/wp\/v2\/media?parent=54600"}],"wp:term":[{"taxonomy":"product_brand","embeddable":true,"href":"https:\/\/enertik.com\/cl\/wp-json\/wp\/v2\/product_brand?post=54600"},{"taxonomy":"product_cat","embeddable":true,"href":"https:\/\/enertik.com\/cl\/wp-json\/wp\/v2\/product_cat?post=54600"},{"taxonomy":"product_tag","embeddable":true,"href":"https:\/\/enertik.com\/cl\/wp-json\/wp\/v2\/product_tag?post=54600"}],"curies":[{"name":"wp","href":"https:\/\/api.w.org\/{rel}","templated":true}]}}