{"id":54370,"date":"2025-12-12T01:12:31","date_gmt":"2025-12-12T04:12:31","guid":{"rendered":"https:\/\/enertik.com\/cl\/?post_type=product&#038;p=54370"},"modified":"2026-04-09T04:32:06","modified_gmt":"2026-04-09T08:32:06","slug":"codigo-de-activacion-software-para-goodwe-et-g2","status":"publish","type":"product","link":"https:\/\/enertik.com\/cl\/tienda\/fotovoltaica\/inversores-con-conexion-a-red\/con-backup-hibrido\/codigo-de-activacion-software-para-goodwe-et-g2\/","title":{"rendered":"C\u00f3digo de Activaci\u00f3n (Software para Goodwe ET G2)"},"content":{"rendered":"","protected":false},"excerpt":{"rendered":"<p>Una vez realizada la compra, el c\u00f3digo de activaci\u00f3n (llave) junto con las instrucciones para su uso se enviar\u00e1n al correo electr\u00f3nico registrado en tu cuenta. Si lo prefieres, tambi\u00e9n puedes contactarnos para indicar otro correo al que deseas que enviemos esta informaci\u00f3n.<\/p>\n","protected":false},"featured_media":54371,"comment_status":"open","ping_status":"closed","template":"","meta":{"_relevanssi_hide_post":"","_relevanssi_hide_content":"","_relevanssi_pin_for_all":"","_relevanssi_pin_keywords":"","_relevanssi_unpin_keywords":"","_relevanssi_related_keywords":"","_relevanssi_related_include_ids":"","_relevanssi_related_exclude_ids":"","_relevanssi_related_no_append":"","_relevanssi_related_not_related":"","_relevanssi_related_posts":"","_relevanssi_noindex_reason":"","inline_featured_image":false},"product_brand":[],"product_cat":[1694,1691],"product_tag":[1958],"class_list":{"0":"post-54370","1":"product","2":"type-product","3":"status-publish","4":"has-post-thumbnail","6":"product_cat-con-backup-hibrido","7":"product_cat-inversores-con-conexion-a-red","8":"product_tag-nuevos","9":"pa_marca-goodwe","10":"pa_potencia-15kw","11":"pa_potencia-8000w","12":"pa_serie-serie-et-g2","14":"first","15":"instock","16":"virtual","17":"taxable","18":"purchasable","19":"product-type-simple"},"bundled_by":[],"bundle_stock_status":"instock","bundle_stock_quantity":5,"bundle_virtual":false,"bundle_layout":"","bundle_add_to_cart_form_location":"","bundle_editable_in_cart":false,"bundle_sold_individually_context":"","bundle_item_grouping":"","bundle_min_size":"","bundle_max_size":"","bundle_price":[],"bundled_items":[],"bundle_sell_ids":[],"group_of_quantity":0,"min_quantity":0,"max_quantity":"","exclude_order_quantity_value_rules":"no","exclude_category_quantity_rules":"no","combine_variations":"no","exclude_global_add_ons":[],"addons":[],"_links":{"self":[{"href":"https:\/\/enertik.com\/cl\/wp-json\/wp\/v2\/product\/54370","targetHints":{"allow":["GET"]}}],"collection":[{"href":"https:\/\/enertik.com\/cl\/wp-json\/wp\/v2\/product"}],"about":[{"href":"https:\/\/enertik.com\/cl\/wp-json\/wp\/v2\/types\/product"}],"replies":[{"embeddable":true,"href":"https:\/\/enertik.com\/cl\/wp-json\/wp\/v2\/comments?post=54370"}],"version-history":[{"count":0,"href":"https:\/\/enertik.com\/cl\/wp-json\/wp\/v2\/product\/54370\/revisions"}],"wp:featuredmedia":[{"embeddable":true,"href":"https:\/\/enertik.com\/cl\/wp-json\/wp\/v2\/media\/54371"}],"wp:attachment":[{"href":"https:\/\/enertik.com\/cl\/wp-json\/wp\/v2\/media?parent=54370"}],"wp:term":[{"taxonomy":"product_brand","embeddable":true,"href":"https:\/\/enertik.com\/cl\/wp-json\/wp\/v2\/product_brand?post=54370"},{"taxonomy":"product_cat","embeddable":true,"href":"https:\/\/enertik.com\/cl\/wp-json\/wp\/v2\/product_cat?post=54370"},{"taxonomy":"product_tag","embeddable":true,"href":"https:\/\/enertik.com\/cl\/wp-json\/wp\/v2\/product_tag?post=54370"}],"curies":[{"name":"wp","href":"https:\/\/api.w.org\/{rel}","templated":true}]}}