{"id":54282,"date":"2026-01-12T01:12:31","date_gmt":"2026-01-12T04:12:31","guid":{"rendered":"https:\/\/enertik.com\/cl\/?post_type=product&#038;p=54282"},"modified":"2026-04-09T04:32:06","modified_gmt":"2026-04-09T08:32:06","slug":"bateria-de-litio-modular-goodwe-51-2v-5kwh-lynx-u-g3-ip65","status":"publish","type":"product","link":"https:\/\/enertik.com\/cl\/tienda\/baterias\/litio\/bateria-de-litio-modular-goodwe-512v-5kwh-lynx-u-g3-ip65\/","title":{"rendered":"Bater\u00eda de Litio Modular Goodwe 51.2V 5kWh &#8211; Lynx U G3 (IP65)"},"content":{"rendered":"\t\t<div data-elementor-type=\"product-post\" data-elementor-id=\"54282\" class=\"elementor elementor-54282\" data-elementor-post-type=\"product\">\n\t\t\t\t\t\t<section class=\"wd-negative-gap elementor-section elementor-top-section elementor-element elementor-element-a656b70 Product_Description elementor-section-boxed elementor-section-height-default elementor-section-height-default\" data-id=\"a656b70\" data-element_type=\"section\" data-e-type=\"section\">\n\t\t\t\t\t\t<div class=\"elementor-container elementor-column-gap-default\">\n\t\t\t\t\t<div class=\"elementor-column elementor-col-100 elementor-top-column elementor-element elementor-element-fe43622\" data-id=\"fe43622\" data-element_type=\"column\" data-e-type=\"column\" data-settings=\"{&quot;background_background&quot;:&quot;classic&quot;}\">\n\t\t\t<div class=\"elementor-widget-wrap elementor-element-populated\">\n\t\t\t\t\t\t<section class=\"wd-negative-gap elementor-section elementor-inner-section elementor-element elementor-element-9ba1238 elementor-section-boxed elementor-section-height-default elementor-section-height-default\" data-id=\"9ba1238\" data-element_type=\"section\" data-e-type=\"section\">\n\t\t\t\t\t\t<div class=\"elementor-container elementor-column-gap-default\">\n\t\t\t\t\t<div class=\"elementor-column elementor-col-100 elementor-inner-column elementor-element elementor-element-2c1cf09\" data-id=\"2c1cf09\" data-element_type=\"column\" data-e-type=\"column\">\n\t\t\t<div class=\"elementor-widget-wrap elementor-element-populated\">\n\t\t\t\t\t\t<div class=\"elementor-element elementor-element-4977bff elementor-widget elementor-widget-wd_tabs\" data-id=\"4977bff\" data-element_type=\"widget\" data-e-type=\"widget\" data-widget_type=\"wd_tabs.default\">\n\t\t\t\t<div class=\"elementor-widget-container\">\n\t\t\t\t\t\t\t<div class=\"wd-tabs tabs-design-default\">\n\t\t\t<div class=\"wd-tabs-header text-center\">\n\t\t\t\t\n\t\t\t\t\n\t\t\t\t<div class=\"wd-nav-wrapper wd-nav-tabs-wrapper wd-mb-action-swipe\">\n\t\t\t\t\t<ul class=\"wd-nav wd-nav-tabs wd-icon-pos-left wd-style-underline\">\n\t\t\t\t\t\t\t\t\t\t\t\t\t\n\t\t\t\t\t\t\t<li>\n\t\t\t\t\t\t\t\t<a href=\"#\" class=\"wd-nav-link\">\n\t\t\t\t\t\t\t\t\t\n\t\t\t\t\t\t\t\t\t<span class=\"nav-link-text wd-tabs-title\">\n\t\t\t\t\t\t\t\t\t\tDESCRIPCI\u00d3N\t\t\t\t\t\t\t\t\t<\/span>\n\t\t\t\t\t\t\t\t<\/a>\n\t\t\t\t\t\t\t<\/li>\n\n\t\t\t\t\t\t\t\t\t\t\t\t\t\n\t\t\t\t\t\t\t<li>\n\t\t\t\t\t\t\t\t<a href=\"#\" class=\"wd-nav-link\">\n\t\t\t\t\t\t\t\t\t\n\t\t\t\t\t\t\t\t\t<span class=\"nav-link-text wd-tabs-title\">\n\t\t\t\t\t\t\t\t\t\tESPECIFICACIONES\t\t\t\t\t\t\t\t\t<\/span>\n\t\t\t\t\t\t\t\t<\/a>\n\t\t\t\t\t\t\t<\/li>\n\n\t\t\t\t\t\t\t\t\t\t\t<\/ul>\n\t\t\t\t<\/div>\n\t\t\t<\/div>\n\n\t\t\t<div class=\"wd-tabs-content-wrapper\">\n\t\t\t\t\t\t\t\t\t\t\t\t\t\t\n\t\t\t\t\t<div class=\"wd-tab-content wd-entry-content\">\n\t\t\t\t\t\t\t\t\t\t\t\t\t<div >\n\t\t\t\t\t\t\t\t<h2>VENTAJAS<\/h2><ul class=\"ul1\"><li class=\"li1\">Est\u00e9tica moderna y dise\u00f1o compacto, se integra f\u00e1cilmente en el hogar o comercio.<\/li><li class=\"li1\">Instalaci\u00f3n vers\u00e1til: se puede montar en pared (kit incluido) o colocar en suelo.<\/li><li class=\"li1\">Protecci\u00f3n IP65: apta para interiores y exteriores.<\/li><li class=\"li1\">M\u00e1xima seguridad: incorpora sistema de supresi\u00f3n de incendios.<\/li><li class=\"li1\">Operaci\u00f3n en climas fr\u00edos: el m\u00f3dulo de calentamiento interno asegura arranque y eficiencia en temperaturas de hasta -20 \u00b0C.<\/li><li class=\"li1\">Rango de operaci\u00f3n extendido: trabaja de forma confiable entre -20 a 55 \u00b0C.<\/li><li class=\"li1\">Gesti\u00f3n inteligente con SolarGo: control de carga inmediata, funci\u00f3n de calentamiento, SOC de respaldo y ajuste de DOD.<\/li><li class=\"li1\">Escalable hasta 150 kWh: conexi\u00f3n en paralelo de hasta 30 m\u00f3dulos.<\/li><li class=\"li1\">Corriente m\u00e1xima de carga de 90 A y descarga de 100 A (1C).<\/li><li class=\"li1\">BMS integrado en cada m\u00f3dulo, sin necesidad de PCU adicional.<\/li><li class=\"li1\">Compatibilidad total con inversores h\u00edbridos GoodWe, garantizando integraci\u00f3n perfecta.<\/li><\/ul>\t\t\t\t\t\t\t<\/div>\n\t\t\t\t\t\t\t\t\t\t\t<\/div>\n\n\t\t\t\t\t\t\t\t\t\t\t\t\t\t\n\t\t\t\t\t<div class=\"wd-tab-content wd-entry-content\">\n\t\t\t\t\t\t\t\t\t\t\t\t\t<div >\n\t\t\t\t\t\t\t\t<table><tbody><!-- Identificaci\u00f3n --><tr><td class=\"tbLeft\">Marca<\/td><td>GoodWe<\/td><\/tr><tr class=\"tbBorderNone\"><td class=\"tbLeft\">Modelo<\/td><td>Lynx U G3 (LX U5.0-30)<\/td><\/tr><!-- Especificaciones el\u00e9ctricas --><tr><td class=\"tbTit\" colspan=\"2\">Especificaciones el\u00e9ctricas<\/td><\/tr><tr><td class=\"tbLeft\">Energ\u00eda nominal de la bater\u00eda<\/td><td>5.12 kWh<\/td><\/tr><tr><td class=\"tbLeft\">Energ\u00eda utilizable<\/td><td>5.0 kWh<\/td><\/tr><tr><td class=\"tbLeft\">Tipo de celda<\/td><td>LiFePO4 (LFP)<\/td><\/tr><tr><td class=\"tbLeft\">Tensi\u00f3n nominal<\/td><td>51.2 V<\/td><\/tr><tr><td class=\"tbLeft\">Rango de tensi\u00f3n operativa<\/td><td>43.2 ~ 58.24 V<\/td><\/tr><tr><td class=\"tbLeft\">Corriente nominal de carga<\/td><td>60 A<\/td><\/tr><tr><td class=\"tbLeft\">Corriente m\u00e1xima de carga continua<\/td><td>90 A<\/td><\/tr><tr><td class=\"tbLeft\">Corriente nominal de descarga<\/td><td>100 A<\/td><\/tr><tr><td class=\"tbLeft\">Corriente m\u00e1xima de descarga continua<\/td><td>100 A<\/td><\/tr><tr><td class=\"tbLeft\">Corriente de descarga en pico<\/td><td>&lt; 200 A (30s)<\/td><\/tr><tr><td class=\"tbLeft\">Potencia m\u00e1x. continua carga\/descarga<\/td><td>4.95 kW<\/td><\/tr><tr class=\"tbBorderNone\"><td class=\"tbLeft\">Eficiencia de ida y vuelta<\/td><td>\u226596%<\/td><\/tr><!-- Comunicaci\u00f3n --><tr><td class=\"tbTit\" colspan=\"2\">Comunicaci\u00f3n con el inversor<\/td><\/tr><tr class=\"tbBorderNone\"><td class=\"tbLeft\">Interfaz y protocolo<\/td><td>CAN, a trav\u00e9s del protocolo de Goodwe<\/td><\/tr><!-- Ambiente --><tr><td class=\"tbTit\" colspan=\"2\">Ambiente<\/td><\/tr><tr><td class=\"tbLeft\">Rango de temperatura de carga<\/td><td>0 ~ 55 \u00b0C<\/td><\/tr><tr><td class=\"tbLeft\">Rango de temperatura de descarga<\/td><td>-20 ~ 55 \u00b0C<\/td><\/tr><tr><td class=\"tbLeft\">Temperatura ambiental recomendada<\/td><td>10 ~ 30 \u00b0C<\/td><\/tr><tr><td class=\"tbLeft\">Humedad relativa<\/td><td>5 ~ 95 %<\/td><\/tr><tr><td class=\"tbLeft\">Tiempo m\u00e1x. de almacenamiento<\/td><td>12 meses (sin mantenimiento)<\/td><\/tr><tr><td class=\"tbLeft\">Altitud m\u00e1x. de operaci\u00f3n<\/td><td>4000 m<\/td><\/tr><tr class=\"tbBorderNone\"><td class=\"tbLeft\">Protecci\u00f3n<\/td><td>IP65<\/td><\/tr><!-- Seguridad --><tr><td class=\"tbTit\" colspan=\"2\">Seguridad y certificaciones<\/td><\/tr><tr><td class=\"tbLeft\">Supresi\u00f3n de incendios<\/td><td>Sistema autom\u00e1tico de detecci\u00f3n y acci\u00f3n, basado en extintores de aerosol<\/td><\/tr><tr><td class=\"tbLeft\">Normas de seguridad<\/td><td>VDE2510-50, IEC62619, IEC62040, IEC63056<\/td><\/tr><tr><td class=\"tbLeft\">Normas EMC<\/td><td>EN IEC61000-6-1\/2\/3\/4<\/td><\/tr><tr><td class=\"tbLeft\">Transporte<\/td><td>UN38.3, ADR<\/td><\/tr><tr class=\"tbBorderNone\"><td class=\"tbLeft\">Medio ambiente<\/td><td>RoHS<\/td><\/tr><!-- Caracter\u00edsticas f\u00edsicas --><tr><td class=\"tbTit\" colspan=\"2\">Caracter\u00edsticas f\u00edsicas<\/td><\/tr><tr><td class=\"tbLeft\">Peso<\/td><td>50 kg<\/td><\/tr><tr><td class=\"tbLeft\">Dimensiones (An \u00d7 Al \u00d7 Pr)<\/td><td>460 \u00d7 580 \u00d7 160 mm<\/td><\/tr><tr><td class=\"tbLeft\">Instalaci\u00f3n<\/td><td>Apilada en suelo o montada en pared (kit incluido)<\/td><\/tr><tr class=\"tbBorderNone\"><td class=\"tbLeft\">Escalabilidad<\/td><td>Hasta 30 m\u00f3dulos en paralelo (150 kWh)<\/td><\/tr><!-- Ciclo de vida --><tr><td class=\"tbTit\" colspan=\"2\">Ciclo de vida<\/td><\/tr><tr class=\"tbBorderNone\"><td class=\"tbLeft\">Durabilidad<\/td><td>&gt;6000 ciclos @25\u00b0C, 0.5C, 90% DOD, 70% SOH<\/td><\/tr><\/tbody><\/table>\t\t\t\t\t\t\t<\/div>\n\t\t\t\t\t\t\t\t\t\t\t<\/div>\n\n\t\t\t\t\t\t\t<\/div>\n\t\t<\/div>\n\t\t\t\t\t\t<\/div>\n\t\t\t\t<\/div>\n\t\t\t\t\t<\/div>\n\t\t<\/div>\n\t\t\t\t\t<\/div>\n\t\t<\/section>\n\t\t\t\t\t<\/div>\n\t\t<\/div>\n\t\t\t\t\t<\/div>\n\t\t<\/section>\n\t\t\t\t<section class=\"wd-negative-gap elementor-section elementor-top-section elementor-element elementor-element-d3d5b05 Link_Buttons elementor-section-boxed elementor-section-height-default elementor-section-height-default\" data-id=\"d3d5b05\" data-element_type=\"section\" data-e-type=\"section\" data-settings=\"{&quot;background_background&quot;:&quot;classic&quot;}\">\n\t\t\t\t\t\t<div class=\"elementor-container elementor-column-gap-custom\">\n\t\t\t\t\t<div class=\"elementor-column elementor-col-25 elementor-top-column elementor-element elementor-element-2461d02\" data-id=\"2461d02\" data-element_type=\"column\" data-e-type=\"column\">\n\t\t\t<div class=\"elementor-widget-wrap elementor-element-populated\">\n\t\t\t\t\t\t<div class=\"elementor-element elementor-element-75a9096 elementor-view-framed elementor-shape-circle elementor-position-block-start elementor-mobile-position-block-start elementor-widget elementor-widget-icon-box\" data-id=\"75a9096\" data-element_type=\"widget\" data-e-type=\"widget\" data-widget_type=\"icon-box.default\">\n\t\t\t\t\t\t\t<div class=\"elementor-icon-box-wrapper\">\n\n\t\t\t\t\t\t<div class=\"elementor-icon-box-icon\">\n\t\t\t\t<a href=\"https:\/\/enertik.com\/wp-content\/uploads\/sites\/3\/documentos\/manuales\/gw_lynx-u-g3_quick-installation-guide-poly.pdf\" target=\"_blank\" class=\"elementor-icon\" tabindex=\"-1\">\n\t\t\t\t<svg aria-hidden=\"true\" class=\"e-font-icon-svg e-fas-book-reader\" viewBox=\"0 0 512 512\" xmlns=\"http:\/\/www.w3.org\/2000\/svg\"><path d=\"M352 96c0-53.02-42.98-96-96-96s-96 42.98-96 96 42.98 96 96 96 96-42.98 96-96zM233.59 241.1c-59.33-36.32-155.43-46.3-203.79-49.05C13.55 191.13 0 203.51 0 219.14v222.8c0 14.33 11.59 26.28 26.49 27.05 43.66 2.29 131.99 10.68 193.04 41.43 9.37 4.72 20.48-1.71 20.48-11.87V252.56c-.01-4.67-2.32-8.95-6.42-11.46zm248.61-49.05c-48.35 2.74-144.46 12.73-203.78 49.05-4.1 2.51-6.41 6.96-6.41 11.63v245.79c0 10.19 11.14 16.63 20.54 11.9 61.04-30.72 149.32-39.11 192.97-41.4 14.9-.78 26.49-12.73 26.49-27.06V219.14c-.01-15.63-13.56-28.01-29.81-27.09z\"><\/path><\/svg>\t\t\t\t<\/a>\n\t\t\t<\/div>\n\t\t\t\n\t\t\t\t\t\t<div class=\"elementor-icon-box-content\">\n\n\t\t\t\t\n\t\t\t\t\t\t\t\t\t<p class=\"elementor-icon-box-description\">\n\t\t\t\t\t\tGU\u00cdA R\u00c1PIDA\t\t\t\t\t<\/p>\n\t\t\t\t\n\t\t\t<\/div>\n\t\t\t\n\t\t<\/div>\n\t\t\t\t\t\t<\/div>\n\t\t\t\t\t<\/div>\n\t\t<\/div>\n\t\t\t\t<div class=\"elementor-column elementor-col-25 elementor-top-column elementor-element elementor-element-f847fb1\" data-id=\"f847fb1\" data-element_type=\"column\" data-e-type=\"column\">\n\t\t\t<div class=\"elementor-widget-wrap elementor-element-populated\">\n\t\t\t\t\t\t<div class=\"elementor-element elementor-element-395fefc elementor-view-framed elementor-shape-circle elementor-position-block-start elementor-mobile-position-block-start elementor-widget elementor-widget-icon-box\" data-id=\"395fefc\" data-element_type=\"widget\" data-e-type=\"widget\" data-widget_type=\"icon-box.default\">\n\t\t\t\t\t\t\t<div class=\"elementor-icon-box-wrapper\">\n\n\t\t\t\t\t\t<div class=\"elementor-icon-box-icon\">\n\t\t\t\t<a href=\"https:\/\/enertik.com\/wp-content\/uploads\/sites\/3\/documentos\/folletos\/gw_lynx-u-g3_datasheet_latam-es.pdf\" target=\"_blank\" class=\"elementor-icon\" tabindex=\"-1\">\n\t\t\t\t<svg aria-hidden=\"true\" class=\"e-font-icon-svg e-fas-book-open\" viewBox=\"0 0 576 512\" xmlns=\"http:\/\/www.w3.org\/2000\/svg\"><path d=\"M542.22 32.05c-54.8 3.11-163.72 14.43-230.96 55.59-4.64 2.84-7.27 7.89-7.27 13.17v363.87c0 11.55 12.63 18.85 23.28 13.49 69.18-34.82 169.23-44.32 218.7-46.92 16.89-.89 30.02-14.43 30.02-30.66V62.75c.01-17.71-15.35-31.74-33.77-30.7zM264.73 87.64C197.5 46.48 88.58 35.17 33.78 32.05 15.36 31.01 0 45.04 0 62.75V400.6c0 16.24 13.13 29.78 30.02 30.66 49.49 2.6 149.59 12.11 218.77 46.95 10.62 5.35 23.21-1.94 23.21-13.46V100.63c0-5.29-2.62-10.14-7.27-12.99z\"><\/path><\/svg>\t\t\t\t<\/a>\n\t\t\t<\/div>\n\t\t\t\n\t\t\t\t\t\t<div class=\"elementor-icon-box-content\">\n\n\t\t\t\t\n\t\t\t\t\t\t\t\t\t<p class=\"elementor-icon-box-description\">\n\t\t\t\t\t\tFOLLETO\t\t\t\t\t<\/p>\n\t\t\t\t\n\t\t\t<\/div>\n\t\t\t\n\t\t<\/div>\n\t\t\t\t\t\t<\/div>\n\t\t\t\t\t<\/div>\n\t\t<\/div>\n\t\t\t\t<div class=\"elementor-column elementor-col-25 elementor-top-column elementor-element elementor-element-0083feb\" data-id=\"0083feb\" data-element_type=\"column\" data-e-type=\"column\">\n\t\t\t<div class=\"elementor-widget-wrap elementor-element-populated\">\n\t\t\t\t\t\t<div class=\"elementor-element elementor-element-db21f26 elementor-view-framed elementor-shape-circle elementor-position-block-start elementor-mobile-position-block-start elementor-widget elementor-widget-icon-box\" data-id=\"db21f26\" data-element_type=\"widget\" data-e-type=\"widget\" data-widget_type=\"icon-box.default\">\n\t\t\t\t\t\t\t<div class=\"elementor-icon-box-wrapper\">\n\n\t\t\t\t\t\t<div class=\"elementor-icon-box-icon\">\n\t\t\t\t<a href=\"https:\/\/enertik.com\/wp-content\/uploads\/sites\/3\/documentos\/folletos\/gw_battery-compatibility-overview-es.pdf\" target=\"_blank\" class=\"elementor-icon\" tabindex=\"-1\">\n\t\t\t\t<svg aria-hidden=\"true\" class=\"e-font-icon-svg e-fas-list\" viewBox=\"0 0 512 512\" xmlns=\"http:\/\/www.w3.org\/2000\/svg\"><path d=\"M80 368H16a16 16 0 0 0-16 16v64a16 16 0 0 0 16 16h64a16 16 0 0 0 16-16v-64a16 16 0 0 0-16-16zm0-320H16A16 16 0 0 0 0 64v64a16 16 0 0 0 16 16h64a16 16 0 0 0 16-16V64a16 16 0 0 0-16-16zm0 160H16a16 16 0 0 0-16 16v64a16 16 0 0 0 16 16h64a16 16 0 0 0 16-16v-64a16 16 0 0 0-16-16zm416 176H176a16 16 0 0 0-16 16v32a16 16 0 0 0 16 16h320a16 16 0 0 0 16-16v-32a16 16 0 0 0-16-16zm0-320H176a16 16 0 0 0-16 16v32a16 16 0 0 0 16 16h320a16 16 0 0 0 16-16V80a16 16 0 0 0-16-16zm0 160H176a16 16 0 0 0-16 16v32a16 16 0 0 0 16 16h320a16 16 0 0 0 16-16v-32a16 16 0 0 0-16-16z\"><\/path><\/svg>\t\t\t\t<\/a>\n\t\t\t<\/div>\n\t\t\t\n\t\t\t\t\t\t<div class=\"elementor-icon-box-content\">\n\n\t\t\t\t\n\t\t\t\t\t\t\t\t\t<p class=\"elementor-icon-box-description\">\n\t\t\t\t\t\tCOMPATIBILIDAD\t\t\t\t\t<\/p>\n\t\t\t\t\n\t\t\t<\/div>\n\t\t\t\n\t\t<\/div>\n\t\t\t\t\t\t<\/div>\n\t\t\t\t\t<\/div>\n\t\t<\/div>\n\t\t\t\t<div class=\"elementor-column elementor-col-25 elementor-top-column elementor-element elementor-element-f43c04e\" data-id=\"f43c04e\" data-element_type=\"column\" data-e-type=\"column\">\n\t\t\t<div class=\"elementor-widget-wrap elementor-element-populated\">\n\t\t\t\t\t\t<div class=\"elementor-element elementor-element-556e810 elementor-view-framed elementor-shape-circle elementor-position-block-start elementor-mobile-position-block-start elementor-widget elementor-widget-icon-box\" data-id=\"556e810\" data-element_type=\"widget\" data-e-type=\"widget\" data-widget_type=\"icon-box.default\">\n\t\t\t\t\t\t\t<div class=\"elementor-icon-box-wrapper\">\n\n\t\t\t\t\t\t<div class=\"elementor-icon-box-icon\">\n\t\t\t\t<a href=\"https:\/\/enertik.com\/wp-content\/uploads\/sites\/3\/documentos\/certificados\/certs-goodwe-battery-lynx-u-g3.zip\" target=\"_blank\" class=\"elementor-icon\" tabindex=\"-1\">\n\t\t\t\t<svg aria-hidden=\"true\" class=\"e-font-icon-svg e-fas-medal\" viewBox=\"0 0 512 512\" xmlns=\"http:\/\/www.w3.org\/2000\/svg\"><path d=\"M223.75 130.75L154.62 15.54A31.997 31.997 0 0 0 127.18 0H16.03C3.08 0-4.5 14.57 2.92 25.18l111.27 158.96c29.72-27.77 67.52-46.83 109.56-53.39zM495.97 0H384.82c-11.24 0-21.66 5.9-27.44 15.54l-69.13 115.21c42.04 6.56 79.84 25.62 109.56 53.38L509.08 25.18C516.5 14.57 508.92 0 495.97 0zM256 160c-97.2 0-176 78.8-176 176s78.8 176 176 176 176-78.8 176-176-78.8-176-176-176zm92.52 157.26l-37.93 36.96 8.97 52.22c1.6 9.36-8.26 16.51-16.65 12.09L256 393.88l-46.9 24.65c-8.4 4.45-18.25-2.74-16.65-12.09l8.97-52.22-37.93-36.96c-6.82-6.64-3.05-18.23 6.35-19.59l52.43-7.64 23.43-47.52c2.11-4.28 6.19-6.39 10.28-6.39 4.11 0 8.22 2.14 10.33 6.39l23.43 47.52 52.43 7.64c9.4 1.36 13.17 12.95 6.35 19.59z\"><\/path><\/svg>\t\t\t\t<\/a>\n\t\t\t<\/div>\n\t\t\t\n\t\t\t\t\t\t<div class=\"elementor-icon-box-content\">\n\n\t\t\t\t\n\t\t\t\t\t\t\t\t\t<p class=\"elementor-icon-box-description\">\n\t\t\t\t\t\tCERTIFICADOS\t\t\t\t\t<\/p>\n\t\t\t\t\n\t\t\t<\/div>\n\t\t\t\n\t\t<\/div>\n\t\t\t\t\t\t<\/div>\n\t\t\t\t\t<\/div>\n\t\t<\/div>\n\t\t\t\t\t<\/div>\n\t\t<\/section>\n\t\t\t\t<section class=\"wd-negative-gap elementor-section elementor-top-section elementor-element elementor-element-054c03c elementor-section-boxed elementor-section-height-default elementor-section-height-default\" data-id=\"054c03c\" data-element_type=\"section\" data-e-type=\"section\">\n\t\t\t\t\t\t<div class=\"elementor-container elementor-column-gap-default\">\n\t\t\t\t\t<div class=\"elementor-column elementor-col-100 elementor-top-column elementor-element elementor-element-fe15e64\" data-id=\"fe15e64\" data-element_type=\"column\" data-e-type=\"column\">\n\t\t\t<div class=\"elementor-widget-wrap elementor-element-populated\">\n\t\t\t\t\t\t<div class=\"elementor-element elementor-element-bd42d5b color-scheme-inherit text-left elementor-widget elementor-widget-text-editor\" data-id=\"bd42d5b\" data-element_type=\"widget\" data-e-type=\"widget\" data-widget_type=\"text-editor.default\">\n\t\t\t\t\t\t\t\t\t<p class=\"p1\">*Esta bater\u00eda ha sido dise\u00f1ada para integrarse perfectamente con los inversores h\u00edbridos de baja tensi\u00f3n GoodWe, como las series ES Uniq y ES G2, entre otras. Para una informaci\u00f3n m\u00e1s detallada sobre la instalaci\u00f3n y el funcionamiento conjunto, puede consultarse la documentaci\u00f3n t\u00e9cnica y los manuales de los propios inversores h\u00edbridos.<\/p>\t\t\t\t\t\t\t\t<\/div>\n\t\t\t\t\t<\/div>\n\t\t<\/div>\n\t\t\t\t\t<\/div>\n\t\t<\/section>\n\t\t\t\t<\/div>\n\t\t","protected":false},"excerpt":{"rendered":"<p class=\"p1\">La bater\u00eda GoodWe Lynx U G3 es una soluci\u00f3n de almacenamiento de energ\u00eda segura, flexible y elegante, dise\u00f1ada para hogares y peque\u00f1os comercios que buscan confiabilidad y facilidad de uso. Este sistema de baja tensi\u00f3n tiene una capacidad nominal de 5,0 kWh por m\u00f3dulo y tecnolog\u00eda LFP (litio-ferrofosfato). Ofrece gran estabilidad de ciclo, alta seguridad y una larga vida \u00fatil.<\/p>\n<p class=\"p1\">Su dise\u00f1o moderno y compacto se adapta a cualquier espacio, pudiendo instalarse en pared o en suelo seg\u00fan las necesidades del usuario. Adem\u00e1s, incluye de serie el kit de montaje en pared, lo que facilita una integraci\u00f3n limpia y est\u00e9tica.<\/p>\n<p class=\"p1\">Gracias a su BMS inteligente y al m\u00f3dulo de calentamiento interno, la Lynx U G3 garantiza un rendimiento estable incluso en condiciones extremas, funcionando de manera eficiente en un rango de -20 a 55 \u00b0C, lo que la hace ideal para climas fr\u00edos. Tambi\u00e9n incorpora protecci\u00f3n IP65, lo que permite instalarla en interiores o exteriores, y un sistema de supresi\u00f3n de incendios (extintor) integrado para ofrecer la m\u00e1xima seguridad.<\/p>\n<p class=\"p1\">Con la aplicaci\u00f3n GoodWe SolarGo, el usuario puede controlar en tiempo real funciones clave como la carga inmediata, el control del sistema de calefacci\u00f3n, la reserva de SOC para respaldo y la configuraci\u00f3n de la profundidad de descarga (DOD), asegurando as\u00ed una gesti\u00f3n inteligente y sencilla de la bater\u00eda.<\/p>\n","protected":false},"featured_media":54283,"comment_status":"open","ping_status":"closed","template":"","meta":{"_relevanssi_hide_post":"","_relevanssi_hide_content":"","_relevanssi_pin_for_all":"","_relevanssi_pin_keywords":"","_relevanssi_unpin_keywords":"","_relevanssi_related_keywords":"","_relevanssi_related_include_ids":"","_relevanssi_related_exclude_ids":"","_relevanssi_related_no_append":"","_relevanssi_related_not_related":"","_relevanssi_related_posts":"","_relevanssi_noindex_reason":"","inline_featured_image":false},"product_brand":[],"product_cat":[1733,1737],"product_tag":[],"class_list":{"0":"post-54282","1":"product","2":"type-product","3":"status-publish","4":"has-post-thumbnail","6":"product_cat-baterias","7":"product_cat-litio","8":"pa_marca-goodwe","9":"pa_voltaje-51-2v","11":"first","12":"instock","13":"taxable","14":"shipping-taxable","15":"purchasable","16":"product-type-simple"},"bundled_by":[],"bundle_stock_status":"instock","bundle_stock_quantity":6,"bundle_virtual":false,"bundle_layout":"","bundle_add_to_cart_form_location":"","bundle_editable_in_cart":false,"bundle_sold_individually_context":"","bundle_item_grouping":"","bundle_min_size":"","bundle_max_size":"","bundle_price":[],"bundled_items":[],"bundle_sell_ids":[],"group_of_quantity":0,"min_quantity":0,"max_quantity":"","exclude_order_quantity_value_rules":"no","exclude_category_quantity_rules":"no","combine_variations":"no","exclude_global_add_ons":[],"addons":[],"_links":{"self":[{"href":"https:\/\/enertik.com\/cl\/wp-json\/wp\/v2\/product\/54282","targetHints":{"allow":["GET"]}}],"collection":[{"href":"https:\/\/enertik.com\/cl\/wp-json\/wp\/v2\/product"}],"about":[{"href":"https:\/\/enertik.com\/cl\/wp-json\/wp\/v2\/types\/product"}],"replies":[{"embeddable":true,"href":"https:\/\/enertik.com\/cl\/wp-json\/wp\/v2\/comments?post=54282"}],"version-history":[{"count":0,"href":"https:\/\/enertik.com\/cl\/wp-json\/wp\/v2\/product\/54282\/revisions"}],"wp:featuredmedia":[{"embeddable":true,"href":"https:\/\/enertik.com\/cl\/wp-json\/wp\/v2\/media\/54283"}],"wp:attachment":[{"href":"https:\/\/enertik.com\/cl\/wp-json\/wp\/v2\/media?parent=54282"}],"wp:term":[{"taxonomy":"product_brand","embeddable":true,"href":"https:\/\/enertik.com\/cl\/wp-json\/wp\/v2\/product_brand?post=54282"},{"taxonomy":"product_cat","embeddable":true,"href":"https:\/\/enertik.com\/cl\/wp-json\/wp\/v2\/product_cat?post=54282"},{"taxonomy":"product_tag","embeddable":true,"href":"https:\/\/enertik.com\/cl\/wp-json\/wp\/v2\/product_tag?post=54282"}],"curies":[{"name":"wp","href":"https:\/\/api.w.org\/{rel}","templated":true}]}}