{"id":51544,"date":"2025-11-20T05:49:07","date_gmt":"2025-11-20T08:49:07","guid":{"rendered":"https:\/\/enertik.com\/cl\/?post_type=product&#038;p=51544"},"modified":"2026-04-24T05:10:55","modified_gmt":"2026-04-24T09:10:55","slug":"panel-solar-enertik-monocristalino-390w","status":"publish","type":"product","link":"https:\/\/enertik.com\/cl\/tienda\/fotovoltaica\/paneles-solares\/panel-solar-enertik-monocristalino-390w\/","title":{"rendered":"Panel Solar Enertik Monocristalino 390W"},"content":{"rendered":"\t\t<div data-elementor-type=\"product-post\" data-elementor-id=\"51544\" class=\"elementor elementor-51544\" data-elementor-post-type=\"product\">\n\t\t\t\t\t\t<section class=\"wd-negative-gap elementor-section elementor-top-section elementor-element elementor-element-9941803 Product_Description elementor-section-boxed elementor-section-height-default elementor-section-height-default\" data-id=\"9941803\" data-element_type=\"section\" data-e-type=\"section\">\n\t\t\t\t\t\t<div class=\"elementor-container elementor-column-gap-default\">\n\t\t\t\t\t<div class=\"elementor-column elementor-col-100 elementor-top-column elementor-element elementor-element-8aba98e\" data-id=\"8aba98e\" data-element_type=\"column\" data-e-type=\"column\" data-settings=\"{&quot;background_background&quot;:&quot;classic&quot;}\">\n\t\t\t<div class=\"elementor-widget-wrap elementor-element-populated\">\n\t\t\t\t\t\t<section class=\"wd-negative-gap elementor-section elementor-inner-section elementor-element elementor-element-525faa8 elementor-section-boxed elementor-section-height-default elementor-section-height-default\" data-id=\"525faa8\" data-element_type=\"section\" data-e-type=\"section\">\n\t\t\t\t\t\t<div class=\"elementor-container elementor-column-gap-default\">\n\t\t\t\t\t<div class=\"elementor-column elementor-col-100 elementor-inner-column elementor-element elementor-element-e81c146\" data-id=\"e81c146\" data-element_type=\"column\" data-e-type=\"column\">\n\t\t\t<div class=\"elementor-widget-wrap elementor-element-populated\">\n\t\t\t\t\t\t<div class=\"elementor-element elementor-element-df1ceec elementor-widget elementor-widget-wd_tabs\" data-id=\"df1ceec\" data-element_type=\"widget\" data-e-type=\"widget\" data-widget_type=\"wd_tabs.default\">\n\t\t\t\t<div class=\"elementor-widget-container\">\n\t\t\t\t\t\t\t<div class=\"wd-tabs tabs-design-default\">\n\t\t\t<div class=\"wd-tabs-header text-center\">\n\t\t\t\t\n\t\t\t\t\n\t\t\t\t<div class=\"wd-nav-wrapper wd-nav-tabs-wrapper wd-mb-action-swipe\">\n\t\t\t\t\t<ul class=\"wd-nav wd-nav-tabs wd-icon-pos-left wd-style-underline\">\n\t\t\t\t\t\t\t\t\t\t\t\t\t\n\t\t\t\t\t\t\t<li>\n\t\t\t\t\t\t\t\t<a href=\"#\" class=\"wd-nav-link\">\n\t\t\t\t\t\t\t\t\t\n\t\t\t\t\t\t\t\t\t<span class=\"nav-link-text wd-tabs-title\">\n\t\t\t\t\t\t\t\t\t\tDESCRIPCI\u00d3N\t\t\t\t\t\t\t\t\t<\/span>\n\t\t\t\t\t\t\t\t<\/a>\n\t\t\t\t\t\t\t<\/li>\n\n\t\t\t\t\t\t\t\t\t\t\t\t\t\n\t\t\t\t\t\t\t<li>\n\t\t\t\t\t\t\t\t<a href=\"#\" class=\"wd-nav-link\">\n\t\t\t\t\t\t\t\t\t\n\t\t\t\t\t\t\t\t\t<span class=\"nav-link-text wd-tabs-title\">\n\t\t\t\t\t\t\t\t\t\tESPECIFICACIONES\t\t\t\t\t\t\t\t\t<\/span>\n\t\t\t\t\t\t\t\t<\/a>\n\t\t\t\t\t\t\t<\/li>\n\n\t\t\t\t\t\t\t\t\t\t\t<\/ul>\n\t\t\t\t<\/div>\n\t\t\t<\/div>\n\n\t\t\t<div class=\"wd-tabs-content-wrapper\">\n\t\t\t\t\t\t\t\t\t\t\t\t\t\t\n\t\t\t\t\t<div class=\"wd-tab-content wd-entry-content\">\n\t\t\t\t\t\t\t\t\t\t\t\t\t<div >\n\t\t\t\t\t\t\t\t<h2>VENTAJAS<\/h2><ul><li class=\"ulBgColor\">Hecho con silicio monocristalino, con mejor rendimiento y coeficiente de temperatura<\/li><li class=\"ulBgColor\">Construcci\u00f3n robusta<\/li><li class=\"ulBgColor\">Alta eficiencia de conversi\u00f3n<\/li><li class=\"ulBgColor\">El embalaje de dos unidades por caja facilita mucho el transporte y el manejo<\/li><li class=\"ulBgColor\">Alto nivel de protecci\u00f3n para ambientes severos<\/li><li class=\"ulBgColor\">Vidrio de alta calidad que reduce la reflexi\u00f3n de rayos solares<\/li><li class=\"ulBgColor\">Minimiza efectivamente la ca\u00edda de energ\u00eda por la sombra<\/li><\/ul>\t\t\t\t\t\t\t<\/div>\n\t\t\t\t\t\t\t\t\t\t\t<\/div>\n\n\t\t\t\t\t\t\t\t\t\t\t\t\t\t\n\t\t\t\t\t<div class=\"wd-tab-content wd-entry-content\">\n\t\t\t\t\t\t\t\t\t\t\t\t\t<div >\n\t\t\t\t\t\t\t\t<table><tbody><tr class=\"tbBorderNone\"><td class=\"tbLeft\">Modelo<\/td><td>PS-390M<\/td><\/tr><tr class=\"tbBorderNone\"><td class=\"tbTit\" colspan=\"2\">Especificaciones t\u00e9cnicas<\/td><\/tr><tr><td class=\"tbLeft\">Potencia m\u00e1xima<\/td><td>390W<\/td><\/tr><tr><td class=\"tbLeft\">Voltaje nominal (Vmp)<\/td><td>41.10 VCC<\/td><\/tr><tr><td class=\"tbLeft\">Corriente (Imp)<\/td><td>9.49 A<\/td><\/tr><tr><td class=\"tbLeft\">Tensi\u00f3n en circuito abierto (Voc)<\/td><td>48.75 VCC<\/td><\/tr><tr><td class=\"tbLeft\">Corriente en cortocircuito (Isc)<\/td><td>10.19 A<\/td><\/tr><tr><td class=\"tbLeft\">Rendimiento<\/td><td>20.10%<\/td><\/tr><tr><td class=\"tbLeft\">Tensi\u00f3n m\u00e1xima<\/td><td>1500VCC (IEC) \/ 1500VCC (UL)<\/td><\/tr><tr title=\"No conectar fusibles en la caja de conexiones con dos o m\u00e1s strings en conexi\u00f3n paralela\"><td class=\"tbLeft\">Capacidad max. del fusible<\/td><td>20A<\/td><\/tr><tr class=\"tbBorderNone\"><td class=\"tbLeft\">Resistencia al viento (Pa)<\/td><td>5400<\/td><\/tr><tr><td class=\"tbTit\" colspan=\"2\">Especificaciones f\u00edsicas<\/td><\/tr><tr><td class=\"tbLeft\">Celda solar<\/td><td>Silicio monocristalino \/ 70 celdas (5x14)<\/td><\/tr><tr><td class=\"tbLeft\">Material del marco<\/td><td>Aluminio anodizado<\/td><\/tr><tr><td class=\"tbLeft\">Color del marco<\/td><td>Aluminio<\/td><\/tr><tr><td class=\"tbLeft\">Vidrio<\/td><td>3.2mm, alta transparencia, recubrimiento AR y vidrio solar templado<\/td><\/tr><tr><td class=\"tbLeft\">Cables<\/td><td>4mm\u00b2 (IEC) \/ 12AWG (UL) ; 1200 mm<\/td><\/tr><tr><td class=\"tbLeft\">Dimensiones (mm)<\/td><td>1956 x 992 x 35<\/td><\/tr><tr class=\"tbBorderNone\"><td class=\"tbLeft\">Peso neto (kg)<\/td><td>21.3<\/td><\/tr><tr><td class=\"tbTit\" colspan=\"2\">Especificaciones de temperatura<\/td><\/tr><tr><td class=\"tbLeft\">Condiciones de temperatura nominal<\/td><td>-40\u00baC a +85\u00baC<\/td><\/tr><tr><td class=\"tbLeft\">Temperatura (NOCT)<\/td><td>45\u00baC +\/- 2\u00baC<\/td><\/tr><tr><td class=\"tbLeft\">Coeficiente de temperatura de Pmax<\/td><td>-0.39% \u00baC<\/td><\/tr><tr><td class=\"tbLeft\">Coeficiente de temperatura de Voc<\/td><td>-0.32% \u00baC<\/td><\/tr><tr class=\"tbBorderNone\"><td class=\"tbLeft\">Coeficiente de temperatura de Isc<\/td><td>+0.05% \u00baC<\/td><\/tr><tr><td class=\"tbTit\" colspan=\"2\">Garant\u00eda de performance<\/td><\/tr><tr><td class=\"tbLeft\">90% de la potencia<\/td><td>10 a\u00f1os<\/td><\/tr><tr><td class=\"tbLeft\">80% de la potencia<\/td><td>25 a\u00f1os<\/td><\/tr><\/tbody><\/table>\t\t\t\t\t\t\t<\/div>\n\t\t\t\t\t\t\t\t\t\t\t<\/div>\n\n\t\t\t\t\t\t\t<\/div>\n\t\t<\/div>\n\t\t\t\t\t\t<\/div>\n\t\t\t\t<\/div>\n\t\t\t\t\t<\/div>\n\t\t<\/div>\n\t\t\t\t\t<\/div>\n\t\t<\/section>\n\t\t\t\t\t<\/div>\n\t\t<\/div>\n\t\t\t\t\t<\/div>\n\t\t<\/section>\n\t\t\t\t<section class=\"wd-negative-gap elementor-section elementor-top-section elementor-element elementor-element-98943fe elementor-section-boxed elementor-section-height-default elementor-section-height-default\" data-id=\"98943fe\" data-element_type=\"section\" data-e-type=\"section\">\n\t\t\t\t\t\t<div class=\"elementor-container elementor-column-gap-default\">\n\t\t\t\t\t<div class=\"elementor-column elementor-col-100 elementor-top-column elementor-element elementor-element-83d7dd4\" data-id=\"83d7dd4\" data-element_type=\"column\" data-e-type=\"column\">\n\t\t\t<div class=\"elementor-widget-wrap elementor-element-populated\">\n\t\t\t\t\t\t<div class=\"elementor-element elementor-element-5248a10 elementor-widget elementor-widget-image\" data-id=\"5248a10\" data-element_type=\"widget\" data-e-type=\"widget\" data-widget_type=\"image.default\">\n\t\t\t\t\t\t\t\t\t\t\t\t<figure class=\"wp-caption\">\n\t\t\t\t\t\t\t\t\t\t<img decoding=\"async\" class=\" wd-lazy-fade\" src=\"https:\/\/enertik.com\/cl\/wp-content\/themes\/woodmart\/images\/lazy.svg\" data-src=\"https:\/\/enertik.com\/cl\/wp-content\/uploads\/sites\/3\/elementor\/thumbs\/ps-390-curvaiv-irradiacion-ramm83p5xoyfu47wwweycyfce4xp94s3i8hugvr8qs.webp\" title=\"PS-390-CurvaIV-irradiacion\" alt=\"PS-390-CurvaIV-irradiacion\" loading=\"lazy\" \/>\t\t\t\t\t\t\t\t\t\t\t<figcaption class=\"widget-image-caption wp-caption-text\">Curvas I-V a diferentes niveles de irradiancia<\/figcaption>\n\t\t\t\t\t\t\t\t\t\t<\/figure>\n\t\t\t\t\t\t\t\t\t<\/div>\n\t\t\t\t\t<\/div>\n\t\t<\/div>\n\t\t\t\t\t<\/div>\n\t\t<\/section>\n\t\t\t\t<section class=\"wd-negative-gap elementor-section elementor-top-section elementor-element elementor-element-355fcd3 elementor-section-boxed elementor-section-height-default elementor-section-height-default\" data-id=\"355fcd3\" data-element_type=\"section\" data-e-type=\"section\">\n\t\t\t\t\t\t<div class=\"elementor-container elementor-column-gap-default\">\n\t\t\t\t\t<div class=\"elementor-column elementor-col-100 elementor-top-column elementor-element elementor-element-7a466d5\" data-id=\"7a466d5\" data-element_type=\"column\" data-e-type=\"column\">\n\t\t\t<div class=\"elementor-widget-wrap elementor-element-populated\">\n\t\t\t\t\t\t<div class=\"elementor-element elementor-element-94a7a7b elementor-widget elementor-widget-image\" data-id=\"94a7a7b\" data-element_type=\"widget\" data-e-type=\"widget\" data-widget_type=\"image.default\">\n\t\t\t\t\t\t\t\t\t\t\t\t<figure class=\"wp-caption\">\n\t\t\t\t\t\t\t\t\t\t<img decoding=\"async\" class=\" wd-lazy-fade\" src=\"https:\/\/enertik.com\/cl\/wp-content\/themes\/woodmart\/images\/lazy.svg\" data-src=\"https:\/\/enertik.com\/cl\/wp-content\/uploads\/sites\/3\/elementor\/thumbs\/ps-390-curvaiv-temperatura-ramm86ioi72asy3tgfmu2fpq6ajsw83aimgawpn2no.webp\" title=\"PS-390-CurvaIV-temperatura\" alt=\"PS-390-CurvaIV-temperatura\" loading=\"lazy\" \/>\t\t\t\t\t\t\t\t\t\t\t<figcaption class=\"widget-image-caption wp-caption-text\">Curvas I-V a diferentes temperaturas<\/figcaption>\n\t\t\t\t\t\t\t\t\t\t<\/figure>\n\t\t\t\t\t\t\t\t\t<\/div>\n\t\t\t\t\t<\/div>\n\t\t<\/div>\n\t\t\t\t\t<\/div>\n\t\t<\/section>\n\t\t\t\t<\/div>\n\t\t","protected":false},"excerpt":{"rendered":"<p data-start=\"116\" data-end=\"501\"><strong data-start=\"116\" data-end=\"262\">Lleva tu sistema fotovoltaico al siguiente nivel con los paneles solares Enertik de 390W, fabricados en silicio monocristalino de calidad.<\/strong><\/p>\n<p data-start=\"116\" data-end=\"501\">Dise\u00f1ados para entregar la m\u00e1xima potencia en un formato est\u00e1ndar, cuentan con una relaci\u00f3n voltaje-corriente optimizada que facilita la configuraci\u00f3n de matrices solares y su integraci\u00f3n con inversores de manera sencilla y eficiente.<\/p>\n<p data-start=\"503\" data-end=\"692\">Con <strong data-start=\"507\" data-end=\"529\">70 celdas est\u00e1ndar<\/strong>, este modelo alcanza una <strong data-start=\"555\" data-end=\"594\">eficiencia sobresaliente del 20,10%<\/strong>, garantizando un mayor aprovechamiento de la energ\u00eda solar frente a los paneles convencionales.<\/p>\n<p data-start=\"694\" data-end=\"1000\">Ideal para instalaciones residenciales y comerciales, ofrece un balance perfecto entre <strong data-start=\"781\" data-end=\"840\">alta producci\u00f3n energ\u00e9tica y rentabilidad a largo plazo<\/strong>. Su construcci\u00f3n robusta, con vidrio templado de alta calidad, reduce la reflexi\u00f3n solar y asegura una durabilidad superior incluso en condiciones exigentes.<\/p>\n<p data-start=\"694\" data-end=\"1000\">Voc : 48,75 V<br \/>\nIsc : 10.19 A<\/p>\n","protected":false},"featured_media":51545,"comment_status":"open","ping_status":"closed","template":"","meta":{"_relevanssi_hide_post":"","_relevanssi_hide_content":"","_relevanssi_pin_for_all":"","_relevanssi_pin_keywords":"","_relevanssi_unpin_keywords":"","_relevanssi_related_keywords":"","_relevanssi_related_include_ids":"","_relevanssi_related_exclude_ids":"","_relevanssi_related_no_append":"","_relevanssi_related_not_related":"","_relevanssi_related_posts":"","_relevanssi_noindex_reason":"","inline_featured_image":false},"product_brand":[],"product_cat":[1696],"product_tag":[1958],"class_list":{"0":"post-51544","1":"product","2":"type-product","3":"status-publish","4":"has-post-thumbnail","6":"product_cat-paneles-solares","7":"product_tag-nuevos","8":"pa_gtin-5403","9":"pa_marca-enertik","10":"pa_potencia-390w","11":"pa_serie-mono-perc","13":"first","14":"instock","15":"sale","16":"taxable","17":"shipping-taxable","18":"purchasable","19":"product-type-simple"},"bundled_by":[],"bundle_stock_status":"instock","bundle_stock_quantity":180,"bundle_virtual":false,"bundle_layout":"","bundle_add_to_cart_form_location":"","bundle_editable_in_cart":false,"bundle_sold_individually_context":"","bundle_item_grouping":"","bundle_min_size":"","bundle_max_size":"","bundle_price":[],"bundled_items":[],"bundle_sell_ids":[],"group_of_quantity":0,"min_quantity":0,"max_quantity":"","exclude_order_quantity_value_rules":"no","exclude_category_quantity_rules":"no","combine_variations":"no","exclude_global_add_ons":false,"addons":[{"name":"Opciones de embalaje:","type":"multiple_choice","position":0,"required":true,"title_format":"label","default":"0","description_enable":false,"description":"","placeholder_enable":false,"placeholder":"","display":"radiobutton","restrictions_type":"any_text","adjust_price":false,"price":"","price_type":"flat_fee","restrictions":false,"min":"0","max":"0","options":[{"label":"Cartones reforzados (Para env\u00edo de 1 - 10 paneles)","price":"4201.68","price_type":"flat_fee","image":0,"visibility":true},{"label":"Cartones reforzados (Para env\u00edo de 11 - 20 paneles)","price":"8403.36","price_type":"flat_fee","image":0,"visibility":true},{"label":"Cartones reforzados (Para env\u00edo de 21 - 30 paneles)","price":"12605.04","price_type":"flat_fee","image":0,"visibility":true},{"label":"Cartones reforzados (Para env\u00edo de 31 - 40 paneles)","price":"16806.72","price_type":"flat_fee","image":0,"visibility":true},{"label":"Cartones reforzados (Para env\u00edo de 41 - 50 paneles)","price":"21008.4","price_type":"flat_fee","image":0,"visibility":true},{"label":"Cartones reforzados (Para env\u00edo de 51 - 60 paneles)","price":"25210.08","price_type":"flat_fee","image":0,"visibility":true},{"label":"Pallet de madera (Retiro en bodega)","price":"43700","price_type":"flat_fee","image":0,"visibility":true},{"label":"Sin Embalaje (Retiro en bodega)","price":"","price_type":"flat_fee","image":0,"visibility":true}],"id":1747197586}],"_links":{"self":[{"href":"https:\/\/enertik.com\/cl\/wp-json\/wp\/v2\/product\/51544","targetHints":{"allow":["GET"]}}],"collection":[{"href":"https:\/\/enertik.com\/cl\/wp-json\/wp\/v2\/product"}],"about":[{"href":"https:\/\/enertik.com\/cl\/wp-json\/wp\/v2\/types\/product"}],"replies":[{"embeddable":true,"href":"https:\/\/enertik.com\/cl\/wp-json\/wp\/v2\/comments?post=51544"}],"version-history":[{"count":0,"href":"https:\/\/enertik.com\/cl\/wp-json\/wp\/v2\/product\/51544\/revisions"}],"wp:featuredmedia":[{"embeddable":true,"href":"https:\/\/enertik.com\/cl\/wp-json\/wp\/v2\/media\/51545"}],"wp:attachment":[{"href":"https:\/\/enertik.com\/cl\/wp-json\/wp\/v2\/media?parent=51544"}],"wp:term":[{"taxonomy":"product_brand","embeddable":true,"href":"https:\/\/enertik.com\/cl\/wp-json\/wp\/v2\/product_brand?post=51544"},{"taxonomy":"product_cat","embeddable":true,"href":"https:\/\/enertik.com\/cl\/wp-json\/wp\/v2\/product_cat?post=51544"},{"taxonomy":"product_tag","embeddable":true,"href":"https:\/\/enertik.com\/cl\/wp-json\/wp\/v2\/product_tag?post=51544"}],"curies":[{"name":"wp","href":"https:\/\/api.w.org\/{rel}","templated":true}]}}