{"id":48033,"date":"2025-09-10T10:35:50","date_gmt":"2025-09-10T13:35:50","guid":{"rendered":"https:\/\/enertik.com\/cl\/?post_type=product&#038;p=48033"},"modified":"2026-04-10T05:38:44","modified_gmt":"2026-04-10T09:38:44","slug":"panel-solar-monocristalino-plegable-negro-200w","status":"publish","type":"product","link":"https:\/\/enertik.com\/cl\/tienda\/fotovoltaica\/paneles-solares\/panel-solar-monocristalino-plegable-negro-200w\/","title":{"rendered":"Panel Solar Monocristalino Plegable (Negro) &#8211; 200W"},"content":{"rendered":"\t\t<div data-elementor-type=\"product-post\" data-elementor-id=\"48033\" class=\"elementor elementor-48033\" data-elementor-post-type=\"product\">\n\t\t\t\t\t\t<section class=\"wd-negative-gap elementor-section elementor-top-section elementor-element elementor-element-ff77ac2 Product_Description elementor-section-boxed elementor-section-height-default elementor-section-height-default\" data-id=\"ff77ac2\" data-element_type=\"section\" data-e-type=\"section\">\n\t\t\t\t\t\t<div class=\"elementor-container elementor-column-gap-default\">\n\t\t\t\t\t<div class=\"elementor-column elementor-col-100 elementor-top-column elementor-element elementor-element-6306bcf\" data-id=\"6306bcf\" data-element_type=\"column\" data-e-type=\"column\" data-settings=\"{&quot;background_background&quot;:&quot;classic&quot;}\">\n\t\t\t<div class=\"elementor-widget-wrap elementor-element-populated\">\n\t\t\t\t\t\t<section class=\"wd-negative-gap elementor-section elementor-inner-section elementor-element elementor-element-f3304ed elementor-section-boxed elementor-section-height-default elementor-section-height-default\" data-id=\"f3304ed\" data-element_type=\"section\" data-e-type=\"section\">\n\t\t\t\t\t\t<div class=\"elementor-container elementor-column-gap-default\">\n\t\t\t\t\t<div class=\"elementor-column elementor-col-100 elementor-inner-column elementor-element elementor-element-61877de\" data-id=\"61877de\" data-element_type=\"column\" data-e-type=\"column\">\n\t\t\t<div class=\"elementor-widget-wrap elementor-element-populated\">\n\t\t\t\t\t\t<div class=\"elementor-element elementor-element-53f01d8 elementor-widget elementor-widget-wd_tabs\" data-id=\"53f01d8\" data-element_type=\"widget\" data-e-type=\"widget\" data-widget_type=\"wd_tabs.default\">\n\t\t\t\t<div class=\"elementor-widget-container\">\n\t\t\t\t\t\t\t<div class=\"wd-tabs tabs-design-default\">\n\t\t\t<div class=\"wd-tabs-header text-center\">\n\t\t\t\t\n\t\t\t\t\n\t\t\t\t<div class=\"wd-nav-wrapper wd-nav-tabs-wrapper wd-mb-action-swipe\">\n\t\t\t\t\t<ul class=\"wd-nav wd-nav-tabs wd-icon-pos-left wd-style-underline\">\n\t\t\t\t\t\t\t\t\t\t\t\t\t\n\t\t\t\t\t\t\t<li>\n\t\t\t\t\t\t\t\t<a href=\"#\" class=\"wd-nav-link\">\n\t\t\t\t\t\t\t\t\t\n\t\t\t\t\t\t\t\t\t<span class=\"nav-link-text wd-tabs-title\">\n\t\t\t\t\t\t\t\t\t\tDESCRIPCI\u00d3N\t\t\t\t\t\t\t\t\t<\/span>\n\t\t\t\t\t\t\t\t<\/a>\n\t\t\t\t\t\t\t<\/li>\n\n\t\t\t\t\t\t\t\t\t\t\t\t\t\n\t\t\t\t\t\t\t<li>\n\t\t\t\t\t\t\t\t<a href=\"#\" class=\"wd-nav-link\">\n\t\t\t\t\t\t\t\t\t\n\t\t\t\t\t\t\t\t\t<span class=\"nav-link-text wd-tabs-title\">\n\t\t\t\t\t\t\t\t\t\tESPECIFICACIONES\t\t\t\t\t\t\t\t\t<\/span>\n\t\t\t\t\t\t\t\t<\/a>\n\t\t\t\t\t\t\t<\/li>\n\n\t\t\t\t\t\t\t\t\t\t\t<\/ul>\n\t\t\t\t<\/div>\n\t\t\t<\/div>\n\n\t\t\t<div class=\"wd-tabs-content-wrapper\">\n\t\t\t\t\t\t\t\t\t\t\t\t\t\t\n\t\t\t\t\t<div class=\"wd-tab-content wd-entry-content\">\n\t\t\t\t\t\t\t\t\t\t\t\t\t<div >\n\t\t\t\t\t\t\t\t<h2>VENTAJAS<\/h2><ul><li>Ligero, plegable, compacto<\/li><li>F\u00e1cil de plegar y guardarse<\/li><li>Panel solar monocristalino con alta eficiencia de conversi\u00f3n<\/li><li>Dise\u00f1o ultra-fino: 10 mm (extendido) \/ 32 mm (plegado)<\/li><li>Resistencia al agua (IP67) para uso seguro en exteriores<\/li><li>Alta durabilidad y vida \u00fatil<\/li><li>Soportes integrados que permiten colocar el panel con la inclinaci\u00f3n \u00f3ptima<\/li><li>Ligero, fino y compacto gracias al marco de materias compuestas y la tecnolog\u00eda de ensamblaje avanzada<\/li><li>Alta eficiencia de conversi\u00f3n<\/li><li>Vidrio de alta calidad que reduce la reflexi\u00f3n de rayos solares<\/li><li>Minimiza efectivamente la ca\u00edda de energ\u00eda por la sombra<\/li><\/ul>\t\t\t\t\t\t\t<\/div>\n\t\t\t\t\t\t\t\t\t\t\t<\/div>\n\n\t\t\t\t\t\t\t\t\t\t\t\t\t\t\n\t\t\t\t\t<div class=\"wd-tab-content wd-entry-content\">\n\t\t\t\t\t\t\t\t\t\t\t\t\t<div >\n\t\t\t\t\t\t\t\t<table><tbody><tr><td class=\"tbLeft\">Modelo<\/td><td>PSPB-200M<\/td><\/tr><tr class=\"tbBorderNone\"><td class=\"tbLeft\">Marca<\/td><td>ENERTIK<\/td><\/tr><tr><td class=\"tbTit\" colspan=\"2\">Especificaciones t\u00e9cnicas<\/td><\/tr><tr><td class=\"tbLeft\">Potencia m\u00e1xima<\/td><td>200 W<\/td><\/tr><tr><td class=\"tbLeft\">Tipo de celdas<\/td><td>Celdas monocristalinas<\/td><\/tr><tr><td class=\"tbLeft\">Voltaje nominal (Vmp)<\/td><td>20.46 VCC<\/td><\/tr><tr><td class=\"tbLeft\">Corriente (Imp)<\/td><td>9.78 A<\/td><\/tr><tr><td class=\"tbLeft\">Tensi\u00f3n en circuito abierto (Voc)<\/td><td>23.75 VCC<\/td><\/tr><tr><td class=\"tbLeft\">Corriente en cortocircuito (Isc)<\/td><td>11.01 A<\/td><\/tr><tr><td class=\"tbLeft\">Eficiencia (%)<\/td><td>20 %<\/td><\/tr><tr><td class=\"tbLeft\">Tensi\u00f3n m\u00e1xima<\/td><td>1500 VCC (IEC)<\/td><\/tr><tr><td class=\"tbLeft\">Capacidad max. del fusible<\/td><td>20 A<\/td><\/tr><tr><td class=\"tbLeft\">Resistencia al viento<\/td><td>2400 Pa<\/td><\/tr><tr class=\"tbBorderNone\"><td class=\"tbLeft\">Carga de nieve<\/td><td>5400 Pa<\/td><\/tr><tr><td class=\"tbTit\" colspan=\"2\">Especificaciones f\u00edsicas<\/td><\/tr><tr><td class=\"tbLeft\">Color del marco<\/td><td>Negro<\/td><\/tr><tr><td class=\"tbLeft\">Material del marco<\/td><td>Aluminio<\/td><\/tr><tr><td class=\"tbLeft\">Cables de salida<\/td><td>4 mm\u00b2 ; Longitud: 90 cm ; MC4<\/td><\/tr><tr><td class=\"tbLeft\">Vidrio frontal<\/td><td>2mm ; alta transparencia, recubrimiento AR y vidrio solar templado<\/td><\/tr><tr><td class=\"tbLeft\">Grado de protecci\u00f3n de la caja de conexiones<\/td><td>IP 67<\/td><\/tr><tr><td class=\"tbLeft\">Soportes integrados<\/td><td>S\u00ed (Grado de inclinaci\u00f3n est\u00e1ndar: 45\u00ba)<\/td><\/tr><tr><td class=\"tbLeft\">Dimensiones (mm)<\/td><td>840 x 670 x 32 (Plegado)<br \/>840 x 1340 x 10 (Extendido)<\/td><\/tr><tr class=\"tbBorderNone\"><td class=\"tbLeft\">Peso neto (kg)<\/td><td>11.5<\/td><\/tr><tr><td class=\"tbTit\" colspan=\"2\">Especificaciones de temperatura<\/td><\/tr><tr><td class=\"tbLeft\">Condiciones de temperatura nominal<\/td><td>-40\u2103 ~ +85\u2103<\/td><\/tr><tr><td class=\"tbLeft\">Temperatura (NOCT)<\/td><td>41 \u00baC ( \u00b1 3\u00baC )<\/td><\/tr><tr><td class=\"tbLeft\">Coeficiente de temperatura de Pmax<\/td><td>-0.32 % \/ \u00baC<\/td><\/tr><tr><td class=\"tbLeft\">Coeficiente de temperatura de Voc<\/td><td>- 0.25 % \/ \u00baC<\/td><\/tr><tr><td class=\"tbLeft\">Coeficiente de temperatura de Isc<\/td><td>0.045 % \/ \u00baC<\/td><\/tr><\/tbody><\/table>\t\t\t\t\t\t\t<\/div>\n\t\t\t\t\t\t\t\t\t\t\t<\/div>\n\n\t\t\t\t\t\t\t<\/div>\n\t\t<\/div>\n\t\t\t\t\t\t<\/div>\n\t\t\t\t<\/div>\n\t\t\t\t\t<\/div>\n\t\t<\/div>\n\t\t\t\t\t<\/div>\n\t\t<\/section>\n\t\t\t\t\t<\/div>\n\t\t<\/div>\n\t\t\t\t\t<\/div>\n\t\t<\/section>\n\t\t\t\t<\/div>\n\t\t","protected":false},"excerpt":{"rendered":"<p class=\"p1\">Dise\u00f1o port\u00e1til. Potencia: 200W \/ Color: Negro \/ Grosor (plegado): 32 mm \/ Grosor (extendido): 10 mm<\/p>\n<p class=\"p1\">Descubre la soluci\u00f3n perfecta para tus necesidades de energ\u00eda port\u00e1til: nuestros paneles solares plegables.<\/p>\n<p class=\"p1\">Compactos, ligeros y f\u00e1ciles de transportar, estos paneles son ideales para viajes, camping, actividades al aire libre, o kit de emergencia. Hecho de silicio monocristalino, ofrece un rendimiento excepcional mientras mantiene un dise\u00f1o compacto y ligero.<\/p>\n<p class=\"p1\">Su dise\u00f1o plegable permite desplegarlos r\u00e1pidamente donde los necesites y guardarlos con comodidad al terminar. Est\u00e1n integradas dos patas de soportes anchas que permiten distintos \u00e1ngulos de inclinaci\u00f3n, plegadas en la cara trasera del panel y escondidas en el interior cuando el panel est\u00e1 plegado. Al estar doblado, el grosor total es menor de 35mm (m\u00e1s fino a\u00fan que un panel solar convencional !)<\/p>\n<p>Gracias a su dise\u00f1o avanzado, se puede desplegar o guardar en menos de 20 segundos de forma f\u00e1cil.<\/p>\n<p class=\"p1\">El dise\u00f1o totalmente negro (all-black) aporta una apariencia moderna y est\u00e9tica, y favorece una mejor absorci\u00f3n solar en determinadas condiciones.<\/p>\n<p class=\"p1\">Aprovecha la energ\u00eda solar de manera eficiente y sostenible, sin complicaciones y con la garant\u00eda de rendimiento \u00f3ptimo en cualquier entorno. \u00a1Lleva energ\u00eda limpia contigo a donde vayas!<\/p>\n","protected":false},"featured_media":49740,"comment_status":"open","ping_status":"closed","template":"","meta":{"_relevanssi_hide_post":"","_relevanssi_hide_content":"","_relevanssi_pin_for_all":"","_relevanssi_pin_keywords":"","_relevanssi_unpin_keywords":"","_relevanssi_related_keywords":"","_relevanssi_related_include_ids":"","_relevanssi_related_exclude_ids":"","_relevanssi_related_no_append":"","_relevanssi_related_not_related":"","_relevanssi_related_posts":"","_relevanssi_noindex_reason":"","inline_featured_image":false},"product_brand":[],"product_cat":[1696],"product_tag":[2029],"class_list":{"0":"post-48033","1":"product","2":"type-product","3":"status-publish","4":"has-post-thumbnail","6":"product_cat-paneles-solares","7":"product_tag-test-de-voc","8":"pa_gtin-5219","9":"pa_marca-enertik","10":"pa_potencia-200w","11":"pa_serie-mono-perc-plegable","13":"first","14":"instock","15":"taxable","16":"shipping-taxable","17":"purchasable","18":"product-type-simple"},"bundled_by":[],"bundle_stock_status":"instock","bundle_stock_quantity":5,"bundle_virtual":false,"bundle_layout":"","bundle_add_to_cart_form_location":"","bundle_editable_in_cart":false,"bundle_sold_individually_context":"","bundle_item_grouping":"","bundle_min_size":"","bundle_max_size":"","bundle_price":[],"bundled_items":[],"bundle_sell_ids":[],"group_of_quantity":0,"min_quantity":0,"max_quantity":"","exclude_order_quantity_value_rules":"no","exclude_category_quantity_rules":"no","combine_variations":"no","exclude_global_add_ons":[],"addons":[],"_links":{"self":[{"href":"https:\/\/enertik.com\/cl\/wp-json\/wp\/v2\/product\/48033","targetHints":{"allow":["GET"]}}],"collection":[{"href":"https:\/\/enertik.com\/cl\/wp-json\/wp\/v2\/product"}],"about":[{"href":"https:\/\/enertik.com\/cl\/wp-json\/wp\/v2\/types\/product"}],"replies":[{"embeddable":true,"href":"https:\/\/enertik.com\/cl\/wp-json\/wp\/v2\/comments?post=48033"}],"version-history":[{"count":0,"href":"https:\/\/enertik.com\/cl\/wp-json\/wp\/v2\/product\/48033\/revisions"}],"wp:featuredmedia":[{"embeddable":true,"href":"https:\/\/enertik.com\/cl\/wp-json\/wp\/v2\/media\/49740"}],"wp:attachment":[{"href":"https:\/\/enertik.com\/cl\/wp-json\/wp\/v2\/media?parent=48033"}],"wp:term":[{"taxonomy":"product_brand","embeddable":true,"href":"https:\/\/enertik.com\/cl\/wp-json\/wp\/v2\/product_brand?post=48033"},{"taxonomy":"product_cat","embeddable":true,"href":"https:\/\/enertik.com\/cl\/wp-json\/wp\/v2\/product_cat?post=48033"},{"taxonomy":"product_tag","embeddable":true,"href":"https:\/\/enertik.com\/cl\/wp-json\/wp\/v2\/product_tag?post=48033"}],"curies":[{"name":"wp","href":"https:\/\/api.w.org\/{rel}","templated":true}]}}