{"id":48028,"date":"2025-09-10T10:35:50","date_gmt":"2025-09-10T13:35:50","guid":{"rendered":"https:\/\/enertik.com\/cl\/?post_type=product&#038;p=48028"},"modified":"2026-04-09T04:27:33","modified_gmt":"2026-04-09T08:27:33","slug":"panel-solar-monocristalino-ultrafino-negro-100w","status":"publish","type":"product","link":"https:\/\/enertik.com\/cl\/tienda\/fotovoltaica\/paneles-solares\/panel-solar-monocristalino-ultrafino-negro-100w\/","title":{"rendered":"Panel Solar Monocristalino Ultrafino (Negro) &#8211; 100W"},"content":{"rendered":"\t\t<div data-elementor-type=\"product-post\" data-elementor-id=\"48028\" class=\"elementor elementor-48028\" data-elementor-post-type=\"product\">\n\t\t\t\t\t\t<section class=\"wd-negative-gap elementor-section elementor-top-section elementor-element elementor-element-ff77ac2 Product_Description elementor-section-boxed elementor-section-height-default elementor-section-height-default\" data-id=\"ff77ac2\" data-element_type=\"section\" data-e-type=\"section\">\n\t\t\t\t\t\t<div class=\"elementor-container elementor-column-gap-default\">\n\t\t\t\t\t<div class=\"elementor-column elementor-col-100 elementor-top-column elementor-element elementor-element-6306bcf\" data-id=\"6306bcf\" data-element_type=\"column\" data-e-type=\"column\" data-settings=\"{&quot;background_background&quot;:&quot;classic&quot;}\">\n\t\t\t<div class=\"elementor-widget-wrap elementor-element-populated\">\n\t\t\t\t\t\t<section class=\"wd-negative-gap elementor-section elementor-inner-section elementor-element elementor-element-f3304ed elementor-section-boxed elementor-section-height-default elementor-section-height-default\" data-id=\"f3304ed\" data-element_type=\"section\" data-e-type=\"section\">\n\t\t\t\t\t\t<div class=\"elementor-container elementor-column-gap-default\">\n\t\t\t\t\t<div class=\"elementor-column elementor-col-100 elementor-inner-column elementor-element elementor-element-61877de\" data-id=\"61877de\" data-element_type=\"column\" data-e-type=\"column\">\n\t\t\t<div class=\"elementor-widget-wrap elementor-element-populated\">\n\t\t\t\t\t\t<div class=\"elementor-element elementor-element-53f01d8 elementor-widget elementor-widget-wd_tabs\" data-id=\"53f01d8\" data-element_type=\"widget\" data-e-type=\"widget\" data-widget_type=\"wd_tabs.default\">\n\t\t\t\t<div class=\"elementor-widget-container\">\n\t\t\t\t\t\t\t<div class=\"wd-tabs tabs-design-default\">\n\t\t\t<div class=\"wd-tabs-header text-center\">\n\t\t\t\t\n\t\t\t\t\n\t\t\t\t<div class=\"wd-nav-wrapper wd-nav-tabs-wrapper wd-mb-action-swipe\">\n\t\t\t\t\t<ul class=\"wd-nav wd-nav-tabs wd-icon-pos-left wd-style-underline\">\n\t\t\t\t\t\t\t\t\t\t\t\t\t\n\t\t\t\t\t\t\t<li>\n\t\t\t\t\t\t\t\t<a href=\"#\" class=\"wd-nav-link\">\n\t\t\t\t\t\t\t\t\t\n\t\t\t\t\t\t\t\t\t<span class=\"nav-link-text wd-tabs-title\">\n\t\t\t\t\t\t\t\t\t\tDESCRIPCI\u00d3N\t\t\t\t\t\t\t\t\t<\/span>\n\t\t\t\t\t\t\t\t<\/a>\n\t\t\t\t\t\t\t<\/li>\n\n\t\t\t\t\t\t\t\t\t\t\t\t\t\n\t\t\t\t\t\t\t<li>\n\t\t\t\t\t\t\t\t<a href=\"#\" class=\"wd-nav-link\">\n\t\t\t\t\t\t\t\t\t\n\t\t\t\t\t\t\t\t\t<span class=\"nav-link-text wd-tabs-title\">\n\t\t\t\t\t\t\t\t\t\tESPECIFICACIONES\t\t\t\t\t\t\t\t\t<\/span>\n\t\t\t\t\t\t\t\t<\/a>\n\t\t\t\t\t\t\t<\/li>\n\n\t\t\t\t\t\t\t\t\t\t\t<\/ul>\n\t\t\t\t<\/div>\n\t\t\t<\/div>\n\n\t\t\t<div class=\"wd-tabs-content-wrapper\">\n\t\t\t\t\t\t\t\t\t\t\t\t\t\t\n\t\t\t\t\t<div class=\"wd-tab-content wd-entry-content\">\n\t\t\t\t\t\t\t\t\t\t\t\t\t<div >\n\t\t\t\t\t\t\t\t<h2>VENTAJAS<\/h2><ul><li>Hecho con silicio monocristalino, con mejor rendimiento y coeficiente de temperatura<\/li><li>Dise\u00f1o ultra-fino: de 5.5 mm<\/li><li>Ligero, fino y compacto gracias al marco de materias compuestas y la tecnolog\u00eda de ensamblaje avanzada<\/li><li>Alta eficiencia de conversi\u00f3n<\/li><li>Vidrio de alta calidad que reduce la reflexi\u00f3n de rayos solares<\/li><li>Minimiza efectivamente la ca\u00edda de energ\u00eda por la sombra<\/li><\/ul>\t\t\t\t\t\t\t<\/div>\n\t\t\t\t\t\t\t\t\t\t\t<\/div>\n\n\t\t\t\t\t\t\t\t\t\t\t\t\t\t\n\t\t\t\t\t<div class=\"wd-tab-content wd-entry-content\">\n\t\t\t\t\t\t\t\t\t\t\t\t\t<div >\n\t\t\t\t\t\t\t\t<table><tbody><tr><td class=\"tbLeft\">Modelo<\/td><td>PSUF-100M<\/td><\/tr><tr class=\"tbBorderNone\"><td class=\"tbLeft\">Marca<\/td><td>ENERTIK<\/td><\/tr><tr><td class=\"tbTit\" colspan=\"2\">Especificaciones t\u00e9cnicas<\/td><\/tr><tr><td class=\"tbLeft\">Potencia m\u00e1xima<\/td><td>100 W<\/td><\/tr><tr><td class=\"tbLeft\">Tipo de celdas<\/td><td>Celdas monocristalinas<\/td><\/tr><tr><td class=\"tbLeft\">Voltaje nominal (Vmp)<\/td><td>21.90 VCC<\/td><\/tr><tr><td class=\"tbLeft\">Corriente (Imp)<\/td><td>4.57 A<\/td><\/tr><tr><td class=\"tbLeft\">Tensi\u00f3n en circuito abierto (Voc)<\/td><td>25.50 VCC<\/td><\/tr><tr><td class=\"tbLeft\">Corriente en cortocircuito (Isc)<\/td><td>5.13 A<\/td><\/tr><tr><td class=\"tbLeft\">Eficiencia (%)<\/td><td>18.32 %<\/td><\/tr><tr><td class=\"tbLeft\">Tensi\u00f3n m\u00e1xima<\/td><td>1500 VCC (IEC)<\/td><\/tr><tr><td class=\"tbLeft\">Capacidad max. del fusible<\/td><td>10 A<\/td><\/tr><tr><td class=\"tbLeft\">Resistencia al viento<\/td><td>2400 Pa<\/td><\/tr><tr class=\"tbBorderNone\"><td class=\"tbLeft\">Carga de nieve<\/td><td>5400 Pa<\/td><\/tr><tr><td class=\"tbTit\" colspan=\"2\">Especificaciones f\u00edsicas<\/td><\/tr><tr><td class=\"tbLeft\">Color del marco<\/td><td>Negro<\/td><\/tr><tr><td class=\"tbLeft\">Material del marco<\/td><td>Aluminio<\/td><\/tr><tr><td class=\"tbLeft\">Cables de salida<\/td><td>4 mm\u00b2 ; Longitud: 90 cm ; MC4<\/td><\/tr><tr><td class=\"tbLeft\">Vidrio frontal<\/td><td>2mm ; alta transparencia, recubrimiento AR y vidrio solar templado<\/td><\/tr><tr><td class=\"tbLeft\">Grado de protecci\u00f3n de la caja de conexiones<\/td><td>IP 67<\/td><\/tr><tr><td class=\"tbLeft\">Dimensiones (mm)<\/td><td>910 x 600 x 5.5<\/td><\/tr><tr class=\"tbBorderNone\"><td class=\"tbLeft\">Peso neto (kg)<\/td><td>5.6<\/td><\/tr><tr><td class=\"tbTit\" colspan=\"2\">Especificaciones de temperatura<\/td><\/tr><tr><td class=\"tbLeft\">Condiciones de temperatura nominal<\/td><td>-40\u2103 ~ +85\u2103<\/td><\/tr><tr><td class=\"tbLeft\">Temperatura (NOCT)<\/td><td>41\u00baC ( \u00b1 3\u00baC )<\/td><\/tr><tr><td class=\"tbLeft\">Coeficiente de temperatura de Pmax<\/td><td>-0.32 % \/ \u00baC<\/td><\/tr><tr><td class=\"tbLeft\">Coeficiente de temperatura de Voc<\/td><td>-0.25 % \/ \u00baC<\/td><\/tr><tr><td class=\"tbLeft\">Coeficiente de temperatura de Isc<\/td><td>0.045 % \/ \u00baC<\/td><\/tr><\/tbody><\/table>\t\t\t\t\t\t\t<\/div>\n\t\t\t\t\t\t\t\t\t\t\t<\/div>\n\n\t\t\t\t\t\t\t<\/div>\n\t\t<\/div>\n\t\t\t\t\t\t<\/div>\n\t\t\t\t<\/div>\n\t\t\t\t\t<\/div>\n\t\t<\/div>\n\t\t\t\t\t<\/div>\n\t\t<\/section>\n\t\t\t\t\t<\/div>\n\t\t<\/div>\n\t\t\t\t\t<\/div>\n\t\t<\/section>\n\t\t\t\t<section class=\"wd-negative-gap elementor-section elementor-top-section elementor-element elementor-element-2528117 Link_Buttons elementor-section-boxed elementor-section-height-default elementor-section-height-default\" data-id=\"2528117\" data-element_type=\"section\" data-e-type=\"section\" data-settings=\"{&quot;background_background&quot;:&quot;classic&quot;}\">\n\t\t\t\t\t\t<div class=\"elementor-container elementor-column-gap-custom\">\n\t\t\t\t\t<div class=\"elementor-column elementor-col-100 elementor-top-column elementor-element elementor-element-952f857\" data-id=\"952f857\" data-element_type=\"column\" data-e-type=\"column\">\n\t\t\t<div class=\"elementor-widget-wrap elementor-element-populated\">\n\t\t\t\t\t\t<div class=\"elementor-element elementor-element-72e0678 elementor-view-framed elementor-shape-circle elementor-position-block-start elementor-mobile-position-block-start elementor-widget elementor-widget-icon-box\" data-id=\"72e0678\" data-element_type=\"widget\" data-e-type=\"widget\" data-widget_type=\"icon-box.default\">\n\t\t\t\t\t\t\t<div class=\"elementor-icon-box-wrapper\">\n\n\t\t\t\t\t\t<div class=\"elementor-icon-box-icon\">\n\t\t\t\t<a href=\"https:\/\/enertik.com\/wp-content\/uploads\/sites\/3\/documentos\/folletos\/diagrama-psuf-100m.pdf\" target=\"_blank\" class=\"elementor-icon\" tabindex=\"-1\">\n\t\t\t\t<svg aria-hidden=\"true\" class=\"e-font-icon-svg e-fas-book-open\" viewBox=\"0 0 576 512\" xmlns=\"http:\/\/www.w3.org\/2000\/svg\"><path d=\"M542.22 32.05c-54.8 3.11-163.72 14.43-230.96 55.59-4.64 2.84-7.27 7.89-7.27 13.17v363.87c0 11.55 12.63 18.85 23.28 13.49 69.18-34.82 169.23-44.32 218.7-46.92 16.89-.89 30.02-14.43 30.02-30.66V62.75c.01-17.71-15.35-31.74-33.77-30.7zM264.73 87.64C197.5 46.48 88.58 35.17 33.78 32.05 15.36 31.01 0 45.04 0 62.75V400.6c0 16.24 13.13 29.78 30.02 30.66 49.49 2.6 149.59 12.11 218.77 46.95 10.62 5.35 23.21-1.94 23.21-13.46V100.63c0-5.29-2.62-10.14-7.27-12.99z\"><\/path><\/svg>\t\t\t\t<\/a>\n\t\t\t<\/div>\n\t\t\t\n\t\t\t\t\t\t<div class=\"elementor-icon-box-content\">\n\n\t\t\t\t\n\t\t\t\t\t\t\t\t\t<p class=\"elementor-icon-box-description\">\n\t\t\t\t\t\tDIAGRAMA\t\t\t\t\t<\/p>\n\t\t\t\t\n\t\t\t<\/div>\n\t\t\t\n\t\t<\/div>\n\t\t\t\t\t\t<\/div>\n\t\t\t\t\t<\/div>\n\t\t<\/div>\n\t\t\t\t\t<\/div>\n\t\t<\/section>\n\t\t\t\t<\/div>\n\t\t","protected":false},"excerpt":{"rendered":"<p class=\"p1\">Potencia: 100W \/ Grosor : 5.5 mm \/ Color: Negro<\/p>\n<p class=\"p1\"><b>Paneles Solares Ultra Finos: Innovaci\u00f3n, Eficiencia y Est\u00e9tica en un Dise\u00f1o Compacto<\/b><b><\/b><\/p>\n<p class=\"p1\">Nuestros <b>paneles solares ultra finos<\/b> combinan tecnolog\u00eda de punta con un dise\u00f1o elegante y minimalista, pensado para aplicaciones donde el rendimiento, el espacio y la est\u00e9tica son igual de importantes.<\/p>\n<p class=\"p1\">Con un <b>grosor extraordinariamente delgado de solo 5.5 mm<\/b>, estos paneles incorporan una estructura completamente redise\u00f1ada, utilizando <b>materiales compuestos avanzados<\/b> que garantizan <b>alta resistencia mec\u00e1nica<\/b> sin comprometer la eficiencia energ\u00e9tica.<\/p>\n<p class=\"p1\">Fabricados con <b>celdas solares monocristalinas de primera calidad<\/b> y ensamblados mediante <b>tecnolog\u00eda de interconexi\u00f3n de \u00faltima generaci\u00f3n<\/b>, ofrecen un rendimiento confiable, duradero y robusto.<\/p>\n<p class=\"p1\">El dise\u00f1o <b>totalmente negro (all-black)<\/b> no solo aporta una apariencia moderna y sofisticada, sino que tambi\u00e9n reduce el impacto visual en instalaciones donde la est\u00e9tica es clave. Su acabado uniforme y discreto lo hace ideal para techos visibles, fachadas arquitect\u00f3nicas, proyectos residenciales de alta gama o autocaravanas donde se busca integrar el panel sin que sobresalga visualmente. Adem\u00e1s, el color negro favorece una <b>mejor absorci\u00f3n solar<\/b> en determinadas condiciones, contribuyendo al rendimiento global del sistema.<\/p>\n<p class=\"p1\">Gracias a su marco de dise\u00f1o patentado, estos paneles son <b>ligeros, resistentes y f\u00e1ciles de instalar<\/b>, adapt\u00e1ndose perfectamente a superficies con restricciones de espacio o carga.<\/p>\n<p class=\"p1\"><b>Aplicaciones ideales<\/b>:<br \/>\n\u2013 Techos de viviendas donde se busca <b>una instalaci\u00f3n discreta y est\u00e9tica<\/b><br \/>\n\u2013 Autocaravanas, campers y veh\u00edculos recreativos<br \/>\n\u2013 Proyectos arquitect\u00f3nicos donde el dise\u00f1o visual es prioritario<br \/>\n\u2013 Instalaciones solares en balcones, estructuras ligeras o espacios reducidos<\/p>\n","protected":false},"featured_media":48011,"comment_status":"open","ping_status":"closed","template":"","meta":{"_relevanssi_hide_post":"","_relevanssi_hide_content":"","_relevanssi_pin_for_all":"","_relevanssi_pin_keywords":"","_relevanssi_unpin_keywords":"","_relevanssi_related_keywords":"","_relevanssi_related_include_ids":"","_relevanssi_related_exclude_ids":"","_relevanssi_related_no_append":"","_relevanssi_related_not_related":"","_relevanssi_related_posts":"","_relevanssi_noindex_reason":"","inline_featured_image":false},"product_brand":[],"product_cat":[1696],"product_tag":[2029],"class_list":{"0":"post-48028","1":"product","2":"type-product","3":"status-publish","4":"has-post-thumbnail","6":"product_cat-paneles-solares","7":"product_tag-test-de-voc","8":"pa_gtin-5216","9":"pa_marca-enertik","10":"pa_potencia-100w","11":"pa_serie-mono-perc-ultrafino","13":"first","14":"outofstock","15":"taxable","16":"shipping-taxable","17":"purchasable","18":"product-type-simple"},"bundled_by":[],"bundle_stock_status":"outofstock","bundle_stock_quantity":0,"bundle_virtual":false,"bundle_layout":"","bundle_add_to_cart_form_location":"","bundle_editable_in_cart":false,"bundle_sold_individually_context":"","bundle_item_grouping":"","bundle_min_size":"","bundle_max_size":"","bundle_price":[],"bundled_items":[],"bundle_sell_ids":[],"group_of_quantity":0,"min_quantity":0,"max_quantity":"","exclude_order_quantity_value_rules":"no","exclude_category_quantity_rules":"no","combine_variations":"no","exclude_global_add_ons":[],"addons":[],"_links":{"self":[{"href":"https:\/\/enertik.com\/cl\/wp-json\/wp\/v2\/product\/48028","targetHints":{"allow":["GET"]}}],"collection":[{"href":"https:\/\/enertik.com\/cl\/wp-json\/wp\/v2\/product"}],"about":[{"href":"https:\/\/enertik.com\/cl\/wp-json\/wp\/v2\/types\/product"}],"replies":[{"embeddable":true,"href":"https:\/\/enertik.com\/cl\/wp-json\/wp\/v2\/comments?post=48028"}],"version-history":[{"count":0,"href":"https:\/\/enertik.com\/cl\/wp-json\/wp\/v2\/product\/48028\/revisions"}],"wp:featuredmedia":[{"embeddable":true,"href":"https:\/\/enertik.com\/cl\/wp-json\/wp\/v2\/media\/48011"}],"wp:attachment":[{"href":"https:\/\/enertik.com\/cl\/wp-json\/wp\/v2\/media?parent=48028"}],"wp:term":[{"taxonomy":"product_brand","embeddable":true,"href":"https:\/\/enertik.com\/cl\/wp-json\/wp\/v2\/product_brand?post=48028"},{"taxonomy":"product_cat","embeddable":true,"href":"https:\/\/enertik.com\/cl\/wp-json\/wp\/v2\/product_cat?post=48028"},{"taxonomy":"product_tag","embeddable":true,"href":"https:\/\/enertik.com\/cl\/wp-json\/wp\/v2\/product_tag?post=48028"}],"curies":[{"name":"wp","href":"https:\/\/api.w.org\/{rel}","templated":true}]}}