{"id":47975,"date":"2025-09-10T10:35:50","date_gmt":"2025-09-10T13:35:50","guid":{"rendered":"https:\/\/enertik.com\/cl\/?post_type=product&#038;p=47975"},"modified":"2026-04-10T05:38:45","modified_gmt":"2026-04-10T09:38:45","slug":"cargador-portatil-de-panel-solar-flexible-con-usb-30w","status":"publish","type":"product","link":"https:\/\/enertik.com\/cl\/tienda\/fotovoltaica\/paneles-solares\/cargador-portatil-de-panel-solar-flexible-con-usb-30w\/","title":{"rendered":"Cargador port\u00e1til de panel solar (Flexible, con USB) &#8211; 30W"},"content":{"rendered":"\t\t<div data-elementor-type=\"product-post\" data-elementor-id=\"47975\" class=\"elementor elementor-47975\" data-elementor-post-type=\"product\">\n\t\t\t\t\t\t<section class=\"wd-negative-gap elementor-section elementor-top-section elementor-element elementor-element-ff77ac2 Product_Description elementor-section-boxed elementor-section-height-default elementor-section-height-default\" data-id=\"ff77ac2\" data-element_type=\"section\" data-e-type=\"section\">\n\t\t\t\t\t\t<div class=\"elementor-container elementor-column-gap-default\">\n\t\t\t\t\t<div class=\"elementor-column elementor-col-100 elementor-top-column elementor-element elementor-element-6306bcf\" data-id=\"6306bcf\" data-element_type=\"column\" data-e-type=\"column\" data-settings=\"{&quot;background_background&quot;:&quot;classic&quot;}\">\n\t\t\t<div class=\"elementor-widget-wrap elementor-element-populated\">\n\t\t\t\t\t\t<section class=\"wd-negative-gap elementor-section elementor-inner-section elementor-element elementor-element-f3304ed elementor-section-boxed elementor-section-height-default elementor-section-height-default\" data-id=\"f3304ed\" data-element_type=\"section\" data-e-type=\"section\">\n\t\t\t\t\t\t<div class=\"elementor-container elementor-column-gap-default\">\n\t\t\t\t\t<div class=\"elementor-column elementor-col-100 elementor-inner-column elementor-element elementor-element-61877de\" data-id=\"61877de\" data-element_type=\"column\" data-e-type=\"column\">\n\t\t\t<div class=\"elementor-widget-wrap elementor-element-populated\">\n\t\t\t\t\t\t<div class=\"elementor-element elementor-element-53f01d8 elementor-widget elementor-widget-wd_tabs\" data-id=\"53f01d8\" data-element_type=\"widget\" data-e-type=\"widget\" data-widget_type=\"wd_tabs.default\">\n\t\t\t\t<div class=\"elementor-widget-container\">\n\t\t\t\t\t\t\t<div class=\"wd-tabs tabs-design-default\">\n\t\t\t<div class=\"wd-tabs-header text-center\">\n\t\t\t\t\n\t\t\t\t\n\t\t\t\t<div class=\"wd-nav-wrapper wd-nav-tabs-wrapper wd-mb-action-swipe\">\n\t\t\t\t\t<ul class=\"wd-nav wd-nav-tabs wd-icon-pos-left wd-style-underline\">\n\t\t\t\t\t\t\t\t\t\t\t\t\t\n\t\t\t\t\t\t\t<li>\n\t\t\t\t\t\t\t\t<a href=\"#\" class=\"wd-nav-link\">\n\t\t\t\t\t\t\t\t\t\n\t\t\t\t\t\t\t\t\t<span class=\"nav-link-text wd-tabs-title\">\n\t\t\t\t\t\t\t\t\t\tDESCRIPCI\u00d3N\t\t\t\t\t\t\t\t\t<\/span>\n\t\t\t\t\t\t\t\t<\/a>\n\t\t\t\t\t\t\t<\/li>\n\n\t\t\t\t\t\t\t\t\t\t\t\t\t\n\t\t\t\t\t\t\t<li>\n\t\t\t\t\t\t\t\t<a href=\"#\" class=\"wd-nav-link\">\n\t\t\t\t\t\t\t\t\t\n\t\t\t\t\t\t\t\t\t<span class=\"nav-link-text wd-tabs-title\">\n\t\t\t\t\t\t\t\t\t\tESPECIFICACIONES\t\t\t\t\t\t\t\t\t<\/span>\n\t\t\t\t\t\t\t\t<\/a>\n\t\t\t\t\t\t\t<\/li>\n\n\t\t\t\t\t\t\t\t\t\t\t<\/ul>\n\t\t\t\t<\/div>\n\t\t\t<\/div>\n\n\t\t\t<div class=\"wd-tabs-content-wrapper\">\n\t\t\t\t\t\t\t\t\t\t\t\t\t\t\n\t\t\t\t\t<div class=\"wd-tab-content wd-entry-content\">\n\t\t\t\t\t\t\t\t\t\t\t\t\t<div >\n\t\t\t\t\t\t\t\t<h2>VENTAJAS<\/h2><ul><li>Ultraligero, plegable y f\u00e1cil de transportar<\/li><li>Dise\u00f1o flexible, ideal para colgar en mochilas, tiendas de campa\u00f1a, bicicletas o veh\u00edculos<\/li><li>Carga solar eficiente para celulares, tablets, parlantes, c\u00e1maras y bater\u00edas port\u00e1tiles<\/li><li>Utiliza celdas solares monocristalino de alta eficiencia energ\u00e9tica<\/li><li>Resistencia al agua (IP67) para uso seguro en exteriores y climas adversos<\/li><li>Puertos USB-A y USB-C con carga r\u00e1pida (QC\/PD)<\/li><li>Incluye mosquetones y puntos de sujeci\u00f3n para una instalaci\u00f3n r\u00e1pida, estable y segura en cualquier entorno<\/li><\/ul>\t\t\t\t\t\t\t<\/div>\n\t\t\t\t\t\t\t\t\t\t\t<\/div>\n\n\t\t\t\t\t\t\t\t\t\t\t\t\t\t\n\t\t\t\t\t<div class=\"wd-tab-content wd-entry-content\">\n\t\t\t\t\t\t\t\t\t\t\t\t\t<div >\n\t\t\t\t\t\t\t\t<table><tbody><tr><td class=\"tbLeft\">Marca<\/td><td>Enertik<\/td><\/tr><tr class=\"tbBorderNone\"><td class=\"tbLeft\">Modelo<\/td><td>PSTC-30M<\/td><\/tr><tr><td class=\"tbTit\" colspan=\"2\">Caracter\u00edsticas del panel solar<\/td><\/tr><tr><td class=\"tbLeft\">Potencia m\u00e1xima<\/td><td>30 W<\/td><\/tr><tr><td class=\"tbLeft\">Tipo de celdas<\/td><td>Celdas monocristalinas<\/td><\/tr><tr><td class=\"tbLeft\">Eficiencia<\/td><td>20 %<\/td><\/tr><tr><td class=\"tbLeft\">Tensi\u00f3n m\u00e1xima (Vmp)<\/td><td>22.32 Vcc<\/td><\/tr><tr><td class=\"tbLeft\">Corriente m\u00e1xima (Imp)<\/td><td>1.34 A<\/td><\/tr><tr><td class=\"tbLeft\">Tensi\u00f3n en circuito abierto (Voc)<\/td><td>25.91 Vcc<\/td><\/tr><tr class=\"tbBorderNone\"><td class=\"tbLeft\">Corriente en cortocircuito (Isc)<\/td><td>1.51 A<\/td><\/tr><tr><td class=\"tbTit\" colspan=\"2\">Salidas<\/td><\/tr><tr><td class=\"tbLeft\">USB-A<\/td><td>Cantidad: 1, Con carga r\u00e1pida QC2.0, QC3.0, FCP, AFC, DCP BC1.2.<br \/>Salida m\u00e1x.:<br \/>5 Vcc, 3.4 A <br \/>9 Vcc, 2.0 A<br \/>12 Vcc, 1.5 A<\/td><\/tr><tr><td class=\"tbLeft\">USB-C<\/td><td>Cantidad: 1, Con carga r\u00e1pida QC2.0, QC3.0, PD, FCP, AFC, DCP BC1.2.<br \/>Salida m\u00e1x.:<br \/>5 Vcc, 3.6 A<br \/>9 Vcc, 3.0 A<br \/>12Vcc, 2.5A<br \/>20 Vcc, 1.5A (PD)<\/td><\/tr><tr><td class=\"tbLeft\">DC 5521<\/td><td>NO<\/td><\/tr><tr class=\"tbBorderNone\"><td class=\"tbLeft\">Anderson<\/td><td>NO<\/td><\/tr><tr><td class=\"tbTit\" colspan=\"2\">Caracter\u00edsticas f\u00edsicas<\/td><\/tr><tr><td class=\"tbLeft\">Temperatura de trabajo<\/td><td>-40\u2103 ~ +85\u2103<\/td><\/tr><tr><td class=\"tbLeft\">Protecci\u00f3n IP<\/td><td>IP67<\/td><\/tr><tr><td class=\"tbLeft\">Dimensiones (mm)<\/td><td>305 x 213.5 x 30 (Plegado)<br \/>305 x 760 x 5 (Extendido)<\/td><\/tr><tr><td class=\"tbLeft\">Peso neto<\/td><td>0.85 kg<\/td><\/tr><\/tbody><\/table>\t\t\t\t\t\t\t<\/div>\n\t\t\t\t\t\t\t\t\t\t\t<\/div>\n\n\t\t\t\t\t\t\t<\/div>\n\t\t<\/div>\n\t\t\t\t\t\t<\/div>\n\t\t\t\t<\/div>\n\t\t\t\t\t<\/div>\n\t\t<\/div>\n\t\t\t\t\t<\/div>\n\t\t<\/section>\n\t\t\t\t\t<\/div>\n\t\t<\/div>\n\t\t\t\t\t<\/div>\n\t\t<\/section>\n\t\t\t\t<section class=\"wd-negative-gap elementor-section elementor-top-section elementor-element elementor-element-2528117 Link_Buttons elementor-section-boxed elementor-section-height-default elementor-section-height-default\" data-id=\"2528117\" data-element_type=\"section\" data-e-type=\"section\" data-settings=\"{&quot;background_background&quot;:&quot;classic&quot;}\">\n\t\t\t\t\t\t<div class=\"elementor-container elementor-column-gap-custom\">\n\t\t\t\t\t<div class=\"elementor-column elementor-col-100 elementor-top-column elementor-element elementor-element-952f857\" data-id=\"952f857\" data-element_type=\"column\" data-e-type=\"column\">\n\t\t\t<div class=\"elementor-widget-wrap elementor-element-populated\">\n\t\t\t\t\t\t<div class=\"elementor-element elementor-element-72e0678 elementor-view-framed elementor-shape-circle elementor-position-block-start elementor-mobile-position-block-start elementor-widget elementor-widget-icon-box\" data-id=\"72e0678\" data-element_type=\"widget\" data-e-type=\"widget\" data-widget_type=\"icon-box.default\">\n\t\t\t\t\t\t\t<div class=\"elementor-icon-box-wrapper\">\n\n\t\t\t\t\t\t<div class=\"elementor-icon-box-icon\">\n\t\t\t\t<a href=\"https:\/\/enertik.com\/wp-content\/uploads\/sites\/3\/documentos\/folletos\/pstc-30w-diagram.webp\" target=\"_blank\" class=\"elementor-icon\" tabindex=\"-1\">\n\t\t\t\t<svg aria-hidden=\"true\" class=\"e-font-icon-svg e-fas-book-open\" viewBox=\"0 0 576 512\" xmlns=\"http:\/\/www.w3.org\/2000\/svg\"><path d=\"M542.22 32.05c-54.8 3.11-163.72 14.43-230.96 55.59-4.64 2.84-7.27 7.89-7.27 13.17v363.87c0 11.55 12.63 18.85 23.28 13.49 69.18-34.82 169.23-44.32 218.7-46.92 16.89-.89 30.02-14.43 30.02-30.66V62.75c.01-17.71-15.35-31.74-33.77-30.7zM264.73 87.64C197.5 46.48 88.58 35.17 33.78 32.05 15.36 31.01 0 45.04 0 62.75V400.6c0 16.24 13.13 29.78 30.02 30.66 49.49 2.6 149.59 12.11 218.77 46.95 10.62 5.35 23.21-1.94 23.21-13.46V100.63c0-5.29-2.62-10.14-7.27-12.99z\"><\/path><\/svg>\t\t\t\t<\/a>\n\t\t\t<\/div>\n\t\t\t\n\t\t\t\t\t\t<div class=\"elementor-icon-box-content\">\n\n\t\t\t\t\n\t\t\t\t\t\t\t\t\t<p class=\"elementor-icon-box-description\">\n\t\t\t\t\t\tDIAGRAMA\t\t\t\t\t<\/p>\n\t\t\t\t\n\t\t\t<\/div>\n\t\t\t\n\t\t<\/div>\n\t\t\t\t\t\t<\/div>\n\t\t\t\t\t<\/div>\n\t\t<\/div>\n\t\t\t\t\t<\/div>\n\t\t<\/section>\n\t\t\t\t<\/div>\n\t\t","protected":false},"excerpt":{"rendered":"<p class=\"p1\">Modelo: 30W<br \/>\nSalidas: 1 x USB-A + 1 x USB-C (Con carga r\u00e1pida QC\/PD)<\/p>\n<p class=\"p1\">Descubre la libertad de llevar <b>energ\u00eda solar port\u00e1til<\/b> a donde vayas. Nuestros <b>cargadores port\u00e1tiles en formato de paneles solares &#8211; serie PSTC <\/b>est\u00e1n dise\u00f1ados para ofrecer la m\u00e1xima <b>eficiencia energ\u00e9tica<\/b>, portabilidad y durabilidad en todo tipo de entornos.<\/p>\n<p class=\"p1\">Est\u00e1n fabricados con <b>celdas solares de alto rendimiento <\/b>integradas en <b>tela duradera<\/b> de alta resistencia. Son <b>plegables, compactos y ultraligeros<\/b>, lo que los hace perfectos para llevar en la mochila, en la bici o dentro del veh\u00edculo. Su dise\u00f1o inteligente permite un despliegue r\u00e1pido y eficiente en cualquier lugar donde brille el sol.<\/p>\n<p class=\"p1\">Cuelga f\u00e1cilmente estos cargadores en <b>mochilas, tiendas de campa\u00f1a, bicicletas o autocaravanas<\/b>, o simplemente exti\u00e9ndelos en el suelo para captar <b>energ\u00eda solar limpia<\/b> est\u00e9s donde est\u00e9s.<\/p>\n<p class=\"p1\">Gracias a sus puertos USB-A y USB-C con carga r\u00e1pida (QC\/PD), podr\u00e1s recargar <b>tel\u00e9fonos, tabletas, parlantes, c\u00e1maras, power banks<\/b> y m\u00e1s, sin depender de enchufes ni redes el\u00e9ctricas.<\/p>\n<p class=\"p1\">Ideales para <b>camping, senderismo, ciclismo, viajes en carretera y actividades al aire libre<\/b>, estos cargadores ofrecen una soluci\u00f3n <b>solar port\u00e1til, ecol\u00f3gica y eficiente<\/b>, adaptada al estilo de vida aventurero y sustentable.<\/p>\n","protected":false},"featured_media":49542,"comment_status":"open","ping_status":"closed","template":"","meta":{"_relevanssi_hide_post":"","_relevanssi_hide_content":"","_relevanssi_pin_for_all":"","_relevanssi_pin_keywords":"","_relevanssi_unpin_keywords":"","_relevanssi_related_keywords":"","_relevanssi_related_include_ids":"","_relevanssi_related_exclude_ids":"","_relevanssi_related_no_append":"","_relevanssi_related_not_related":"","_relevanssi_related_posts":"","_relevanssi_noindex_reason":"","inline_featured_image":false},"product_brand":[],"product_cat":[1696],"product_tag":[2029],"class_list":{"0":"post-47975","1":"product","2":"type-product","3":"status-publish","4":"has-post-thumbnail","6":"product_cat-paneles-solares","7":"product_tag-test-de-voc","8":"pa_gtin-5196","9":"pa_marca-enertik","10":"pa_potencia-30w","11":"pa_serie-mono-perc-con-usb","13":"first","14":"outofstock","15":"taxable","16":"shipping-taxable","17":"purchasable","18":"product-type-simple"},"bundled_by":[],"bundle_stock_status":"outofstock","bundle_stock_quantity":0,"bundle_virtual":false,"bundle_layout":"","bundle_add_to_cart_form_location":"","bundle_editable_in_cart":false,"bundle_sold_individually_context":"","bundle_item_grouping":"","bundle_min_size":"","bundle_max_size":"","bundle_price":[],"bundled_items":[],"bundle_sell_ids":[],"group_of_quantity":0,"min_quantity":0,"max_quantity":"","exclude_order_quantity_value_rules":"no","exclude_category_quantity_rules":"no","combine_variations":"no","exclude_global_add_ons":[],"addons":[],"_links":{"self":[{"href":"https:\/\/enertik.com\/cl\/wp-json\/wp\/v2\/product\/47975","targetHints":{"allow":["GET"]}}],"collection":[{"href":"https:\/\/enertik.com\/cl\/wp-json\/wp\/v2\/product"}],"about":[{"href":"https:\/\/enertik.com\/cl\/wp-json\/wp\/v2\/types\/product"}],"replies":[{"embeddable":true,"href":"https:\/\/enertik.com\/cl\/wp-json\/wp\/v2\/comments?post=47975"}],"version-history":[{"count":0,"href":"https:\/\/enertik.com\/cl\/wp-json\/wp\/v2\/product\/47975\/revisions"}],"wp:featuredmedia":[{"embeddable":true,"href":"https:\/\/enertik.com\/cl\/wp-json\/wp\/v2\/media\/49542"}],"wp:attachment":[{"href":"https:\/\/enertik.com\/cl\/wp-json\/wp\/v2\/media?parent=47975"}],"wp:term":[{"taxonomy":"product_brand","embeddable":true,"href":"https:\/\/enertik.com\/cl\/wp-json\/wp\/v2\/product_brand?post=47975"},{"taxonomy":"product_cat","embeddable":true,"href":"https:\/\/enertik.com\/cl\/wp-json\/wp\/v2\/product_cat?post=47975"},{"taxonomy":"product_tag","embeddable":true,"href":"https:\/\/enertik.com\/cl\/wp-json\/wp\/v2\/product_tag?post=47975"}],"curies":[{"name":"wp","href":"https:\/\/api.w.org\/{rel}","templated":true}]}}