{"id":46728,"date":"2025-09-09T20:30:25","date_gmt":"2025-09-09T23:30:25","guid":{"rendered":"https:\/\/enertik.com\/cl\/?post_type=product&#038;p=46728"},"modified":"2026-04-09T04:28:15","modified_gmt":"2026-04-09T08:28:15","slug":"bateria-de-ciclo-profundo-agm-enertik-12v-7ah","status":"publish","type":"product","link":"https:\/\/enertik.com\/cl\/tienda\/baterias\/agm\/bateria-de-ciclo-profundo-agm-enertik-12v-7ah\/","title":{"rendered":"Bater\u00eda de Ciclo Profundo AGM \u2013 Enertik \u2013 12V 7Ah"},"content":{"rendered":"\t\t<div data-elementor-type=\"product-post\" data-elementor-id=\"46728\" class=\"elementor elementor-46728\" data-elementor-post-type=\"product\">\n\t\t\t\t\t\t<section class=\"wd-negative-gap elementor-section elementor-top-section elementor-element elementor-element-3cccfef Product_Description elementor-section-boxed elementor-section-height-default elementor-section-height-default\" data-id=\"3cccfef\" data-element_type=\"section\" data-e-type=\"section\">\n\t\t\t\t\t\t<div class=\"elementor-container elementor-column-gap-default\">\n\t\t\t\t\t<div class=\"elementor-column elementor-col-100 elementor-top-column elementor-element elementor-element-6a99259\" data-id=\"6a99259\" data-element_type=\"column\" data-e-type=\"column\" data-settings=\"{&quot;background_background&quot;:&quot;classic&quot;}\">\n\t\t\t<div class=\"elementor-widget-wrap elementor-element-populated\">\n\t\t\t\t\t\t<section class=\"wd-negative-gap elementor-section elementor-inner-section elementor-element elementor-element-a71079e elementor-section-boxed elementor-section-height-default elementor-section-height-default\" data-id=\"a71079e\" data-element_type=\"section\" data-e-type=\"section\">\n\t\t\t\t\t\t<div class=\"elementor-container elementor-column-gap-default\">\n\t\t\t\t\t<div class=\"elementor-column elementor-col-100 elementor-inner-column elementor-element elementor-element-d240da3\" data-id=\"d240da3\" data-element_type=\"column\" data-e-type=\"column\">\n\t\t\t<div class=\"elementor-widget-wrap elementor-element-populated\">\n\t\t\t\t\t\t<div class=\"elementor-element elementor-element-c79dfb6 elementor-widget elementor-widget-wd_tabs\" data-id=\"c79dfb6\" data-element_type=\"widget\" data-e-type=\"widget\" data-widget_type=\"wd_tabs.default\">\n\t\t\t\t<div class=\"elementor-widget-container\">\n\t\t\t\t\t\t\t<div class=\"wd-tabs tabs-design-default\">\n\t\t\t<div class=\"wd-tabs-header text-center\">\n\t\t\t\t\n\t\t\t\t\n\t\t\t\t<div class=\"wd-nav-wrapper wd-nav-tabs-wrapper wd-mb-action-swipe\">\n\t\t\t\t\t<ul class=\"wd-nav wd-nav-tabs wd-icon-pos-left wd-style-underline\">\n\t\t\t\t\t\t\t\t\t\t\t\t\t\n\t\t\t\t\t\t\t<li>\n\t\t\t\t\t\t\t\t<a href=\"#\" class=\"wd-nav-link\">\n\t\t\t\t\t\t\t\t\t\n\t\t\t\t\t\t\t\t\t<span class=\"nav-link-text wd-tabs-title\">\n\t\t\t\t\t\t\t\t\t\tDESCRIPCI\u00d3N\t\t\t\t\t\t\t\t\t<\/span>\n\t\t\t\t\t\t\t\t<\/a>\n\t\t\t\t\t\t\t<\/li>\n\n\t\t\t\t\t\t\t\t\t\t\t\t\t\n\t\t\t\t\t\t\t<li>\n\t\t\t\t\t\t\t\t<a href=\"#\" class=\"wd-nav-link\">\n\t\t\t\t\t\t\t\t\t\n\t\t\t\t\t\t\t\t\t<span class=\"nav-link-text wd-tabs-title\">\n\t\t\t\t\t\t\t\t\t\tESPECIFICACIONES\t\t\t\t\t\t\t\t\t<\/span>\n\t\t\t\t\t\t\t\t<\/a>\n\t\t\t\t\t\t\t<\/li>\n\n\t\t\t\t\t\t\t\t\t\t\t<\/ul>\n\t\t\t\t<\/div>\n\t\t\t<\/div>\n\n\t\t\t<div class=\"wd-tabs-content-wrapper\">\n\t\t\t\t\t\t\t\t\t\t\t\t\t\t\n\t\t\t\t\t<div class=\"wd-tab-content wd-entry-content\">\n\t\t\t\t\t\t\t\t\t\t\t\t\t<div >\n\t\t\t\t\t\t\t\t<h2>VENTAJAS<\/h2><ul><li><p class=\"p1\">Tama\u00f1o y terminales est\u00e1ndares para la industria de UPS<\/p><\/li><li><p class=\"p1\">Apta para aplicaciones en sistemas fotovoltaicos, marinas y de veh\u00edculos<\/p><\/li><li><p class=\"p1\">Vida \u00fatil esperada de 8 a 10 a\u00f1os (seg\u00fan condiciones de uso)<\/p><\/li><li><p class=\"p1\">Mayor durabilidad en ciclos profundos<\/p><\/li><li><p class=\"p1\">Fabricadas con materia prima de primera calidad<\/p><\/li><li><p class=\"p1\">Soportan hasta 1,100 ciclos al 50% de DoD, el doble que otras marcas<\/p><\/li><li><p class=\"p1\">Baja autodescarga, ideales para almacenamientos prolongados<\/p><\/li><li><p class=\"p1\">Tecnolog\u00eda VRLA sellada, sin mantenimiento y segura ante derrames<\/p><\/li><li><p class=\"p1\">Alta potencia espec\u00edfica, capaces de entregar corrientes elevadas<\/p><\/li><li><p class=\"p1\">Hasta 5 veces m\u00e1s r\u00e1pidas en recarga que bater\u00edas convencionales<\/p><\/li><li><p class=\"p1\">Construcci\u00f3n robusta, resistente a vibraciones<\/p><\/li><li><p class=\"p1\">Excelente desempe\u00f1o en bajas temperaturas<\/p><\/li><li><p class=\"p1\">Equipadas con placas gruesas y material activo de alta densidad<\/p><\/li><li><p class=\"p1\">Gran capacidad de recuperaci\u00f3n tras descargas profundas<\/p><\/li><\/ul>\t\t\t\t\t\t\t<\/div>\n\t\t\t\t\t\t\t\t\t\t\t<\/div>\n\n\t\t\t\t\t\t\t\t\t\t\t\t\t\t\n\t\t\t\t\t<div class=\"wd-tab-content wd-entry-content\">\n\t\t\t\t\t\t\t\t\t\t\t\t\t<div >\n\t\t\t\t\t\t\t\t<table><tbody><tr><td class=\"tbLeft\">Marca<\/td><td>Enertik<\/td><\/tr><tr><td class=\"tbLeft\">Modelo<\/td><td>EBU12-7<\/td><\/tr><tr class=\"tbBorderNone\"><td class=\"tbLeft\">Tipo<\/td><td>Ciclo profundo AGM<\/td><\/tr><tr><td class=\"tbTit\" colspan=\"2\">Especificaciones el\u00e9ctricas<\/td><\/tr><tr><td class=\"tbLeft\">Tensi\u00f3n nominal<\/td><td>12 VCC<\/td><\/tr><tr><td class=\"tbLeft\">Capacidad en 20h<\/td><td>7 Ah<\/td><\/tr><tr><td class=\"tbLeft\">Corriente de carga m\u00e1x. recomendada<\/td><td>2.1 A<\/td><\/tr><tr><td class=\"tbLeft\">Corriente de descarga m\u00e1xima<\/td><td>105 A @ 5 segundos<\/td><\/tr><tr><td class=\"tbLeft\">Resistencia interna<\/td><td>33<span class=\"tbLeft\"> m\u03a9 @ 25 \u00b0C<\/span><\/td><\/tr><tr><td class=\"tbLeft\">Tensi\u00f3n de flote<\/td><td>13.5 VCC ~ 13.8 VCC<\/td><\/tr><tr class=\"tbBorderNone\"><td class=\"tbLeft\">Tensi\u00f3n de absorci\u00f3n<\/td><td>14.4 VCC ~ 14.8 VCC<\/td><\/tr><tr><td class=\"tbTit\" colspan=\"2\">Datos generales<\/td><\/tr><tr><td class=\"tbLeft\">Vida \u00fatil m\u00e1xima te\u00f3rica<\/td><td>10 a\u00f1os<\/td><\/tr><tr><td class=\"tbLeft\">Tipo de terminal<\/td><td>F2 (0.250)<\/td><\/tr><tr><td class=\"tbLeft\">Temperatura de trabajo (descarga)<\/td><td>-15 ~ 40 \u00b0C<\/td><\/tr><tr><td class=\"tbLeft\">Temperatura de trabajo (carga)<\/td><td>-15 ~ 40 \u00b0C<\/td><\/tr><tr><td class=\"tbLeft\">Temperatura de trabajo ideal<\/td><td>20 ~ 25 \u00b0C<\/td><\/tr><tr><td class=\"tbLeft\">Dimensiones (mm)<\/td><td>151 x 65 x 94 (Carcasa)<br \/>151 x 65 x 100 (Incl. terminales)<\/td><\/tr><tr><td class=\"tbLeft\">Peso neto<\/td><td>2.04 kg \u00b1 5 %<\/td><\/tr><\/tbody><\/table>\t\t\t\t\t\t\t<\/div>\n\t\t\t\t\t\t\t\t\t\t\t<\/div>\n\n\t\t\t\t\t\t\t<\/div>\n\t\t<\/div>\n\t\t\t\t\t\t<\/div>\n\t\t\t\t<\/div>\n\t\t\t\t\t<\/div>\n\t\t<\/div>\n\t\t\t\t\t<\/div>\n\t\t<\/section>\n\t\t\t\t\t<\/div>\n\t\t<\/div>\n\t\t\t\t\t<\/div>\n\t\t<\/section>\n\t\t\t\t<section class=\"wd-negative-gap elementor-section elementor-top-section elementor-element elementor-element-fd98836 Link_Buttons elementor-section-boxed elementor-section-height-default elementor-section-height-default\" data-id=\"fd98836\" data-element_type=\"section\" data-e-type=\"section\" data-settings=\"{&quot;background_background&quot;:&quot;classic&quot;}\">\n\t\t\t\t\t\t<div class=\"elementor-container elementor-column-gap-custom\">\n\t\t\t\t\t<div class=\"elementor-column elementor-col-50 elementor-top-column elementor-element elementor-element-630715a\" data-id=\"630715a\" data-element_type=\"column\" data-e-type=\"column\">\n\t\t\t<div class=\"elementor-widget-wrap elementor-element-populated\">\n\t\t\t\t\t\t<div class=\"elementor-element elementor-element-891836b elementor-view-framed elementor-shape-circle elementor-position-block-start elementor-mobile-position-block-start elementor-widget elementor-widget-icon-box\" data-id=\"891836b\" data-element_type=\"widget\" data-e-type=\"widget\" data-widget_type=\"icon-box.default\">\n\t\t\t\t\t\t\t<div class=\"elementor-icon-box-wrapper\">\n\n\t\t\t\t\t\t<div class=\"elementor-icon-box-icon\">\n\t\t\t\t<a href=\"https:\/\/enertik.com\/wp-content\/uploads\/sites\/3\/documentos\/folletos\/folleto-ebu12-7.pdf\" target=\"_blank\" class=\"elementor-icon\" tabindex=\"-1\">\n\t\t\t\t<svg aria-hidden=\"true\" class=\"e-font-icon-svg e-fas-book-open\" viewBox=\"0 0 576 512\" xmlns=\"http:\/\/www.w3.org\/2000\/svg\"><path d=\"M542.22 32.05c-54.8 3.11-163.72 14.43-230.96 55.59-4.64 2.84-7.27 7.89-7.27 13.17v363.87c0 11.55 12.63 18.85 23.28 13.49 69.18-34.82 169.23-44.32 218.7-46.92 16.89-.89 30.02-14.43 30.02-30.66V62.75c.01-17.71-15.35-31.74-33.77-30.7zM264.73 87.64C197.5 46.48 88.58 35.17 33.78 32.05 15.36 31.01 0 45.04 0 62.75V400.6c0 16.24 13.13 29.78 30.02 30.66 49.49 2.6 149.59 12.11 218.77 46.95 10.62 5.35 23.21-1.94 23.21-13.46V100.63c0-5.29-2.62-10.14-7.27-12.99z\"><\/path><\/svg>\t\t\t\t<\/a>\n\t\t\t<\/div>\n\t\t\t\n\t\t\t\t\t\t<div class=\"elementor-icon-box-content\">\n\n\t\t\t\t\n\t\t\t\t\t\t\t\t\t<p class=\"elementor-icon-box-description\">\n\t\t\t\t\t\tFOLLETO\t\t\t\t\t<\/p>\n\t\t\t\t\n\t\t\t<\/div>\n\t\t\t\n\t\t<\/div>\n\t\t\t\t\t\t<\/div>\n\t\t\t\t\t<\/div>\n\t\t<\/div>\n\t\t\t\t<div class=\"elementor-column elementor-col-50 elementor-top-column elementor-element elementor-element-3c52b0a\" data-id=\"3c52b0a\" data-element_type=\"column\" data-e-type=\"column\">\n\t\t\t<div class=\"elementor-widget-wrap elementor-element-populated\">\n\t\t\t\t\t\t<div class=\"elementor-element elementor-element-0027eb9 elementor-view-framed elementor-shape-circle elementor-position-block-start elementor-mobile-position-block-start elementor-widget elementor-widget-icon-box\" data-id=\"0027eb9\" data-element_type=\"widget\" data-e-type=\"widget\" data-widget_type=\"icon-box.default\">\n\t\t\t\t\t\t\t<div class=\"elementor-icon-box-wrapper\">\n\n\t\t\t\t\t\t<div class=\"elementor-icon-box-icon\">\n\t\t\t\t<a href=\"https:\/\/enertik.com\/wp-content\/uploads\/sites\/3\/documentos\/certificados\/safety-data-sheet-ebu-ebd.pdf\" target=\"_blank\" class=\"elementor-icon\" tabindex=\"-1\">\n\t\t\t\t<svg aria-hidden=\"true\" class=\"e-font-icon-svg e-far-file-pdf\" viewBox=\"0 0 384 512\" xmlns=\"http:\/\/www.w3.org\/2000\/svg\"><path d=\"M369.9 97.9L286 14C277 5 264.8-.1 252.1-.1H48C21.5 0 0 21.5 0 48v416c0 26.5 21.5 48 48 48h288c26.5 0 48-21.5 48-48V131.9c0-12.7-5.1-25-14.1-34zM332.1 128H256V51.9l76.1 76.1zM48 464V48h160v104c0 13.3 10.7 24 24 24h104v288H48zm250.2-143.7c-12.2-12-47-8.7-64.4-6.5-17.2-10.5-28.7-25-36.8-46.3 3.9-16.1 10.1-40.6 5.4-56-4.2-26.2-37.8-23.6-42.6-5.9-4.4 16.1-.4 38.5 7 67.1-10 23.9-24.9 56-35.4 74.4-20 10.3-47 26.2-51 46.2-3.3 15.8 26 55.2 76.1-31.2 22.4-7.4 46.8-16.5 68.4-20.1 18.9 10.2 41 17 55.8 17 25.5 0 28-28.2 17.5-38.7zm-198.1 77.8c5.1-13.7 24.5-29.5 30.4-35-19 30.3-30.4 35.7-30.4 35zm81.6-190.6c7.4 0 6.7 32.1 1.8 40.8-4.4-13.9-4.3-40.8-1.8-40.8zm-24.4 136.6c9.7-16.9 18-37 24.7-54.7 8.3 15.1 18.9 27.2 30.1 35.5-20.8 4.3-38.9 13.1-54.8 19.2zm131.6-5s-5 6-37.3-7.8c35.1-2.6 40.9 5.4 37.3 7.8z\"><\/path><\/svg>\t\t\t\t<\/a>\n\t\t\t<\/div>\n\t\t\t\n\t\t\t\t\t\t<div class=\"elementor-icon-box-content\">\n\n\t\t\t\t\n\t\t\t\t\t\t\t\t\t<p class=\"elementor-icon-box-description\">\n\t\t\t\t\t\tSAFETY DATA SHEET\t\t\t\t\t<\/p>\n\t\t\t\t\n\t\t\t<\/div>\n\t\t\t\n\t\t<\/div>\n\t\t\t\t\t\t<\/div>\n\t\t\t\t\t<\/div>\n\t\t<\/div>\n\t\t\t\t\t<\/div>\n\t\t<\/section>\n\t\t\t\t<section class=\"wd-negative-gap elementor-section elementor-top-section elementor-element elementor-element-657a2b4 elementor-section-boxed elementor-section-height-default elementor-section-height-default\" data-id=\"657a2b4\" data-element_type=\"section\" data-e-type=\"section\">\n\t\t\t\t\t\t<div class=\"elementor-container elementor-column-gap-default\">\n\t\t\t\t\t<div class=\"elementor-column elementor-col-100 elementor-top-column elementor-element elementor-element-beed24c\" data-id=\"beed24c\" data-element_type=\"column\" data-e-type=\"column\">\n\t\t\t<div class=\"elementor-widget-wrap elementor-element-populated\">\n\t\t\t\t\t\t<div class=\"elementor-element elementor-element-671c1b7 elementor-widget elementor-widget-wd_text_block\" data-id=\"671c1b7\" data-element_type=\"widget\" data-e-type=\"widget\" data-widget_type=\"wd_text_block.default\">\n\t\t\t\t<div class=\"elementor-widget-container\">\n\t\t\t\t\t\t\t<div class=\"wd-text-block reset-last-child text-left\">\n\t\t\t\n\t\t\t<div class=\"productDetails__block-content\"><h3 id=\"BateriaAGM\">BATER\u00cdAS AGM<\/h3><article><p>Tecnolog\u00eda moderna en la fabricaci\u00f3n de bater\u00edas. Se usan separadores a base de fibra de vidrio absorbente, material que tiene la consistencia parecida al mulet\u00f3n. Al ensamblar la bater\u00eda y agregar el electrolito l\u00edquido, este es absorbido por el fibra AGM que act\u00faa como una esponja. Al igual que la bater\u00eda de gel, las bater\u00edas AGM en caso de rotura no tendr\u00e1 fugas de l\u00edquido, esta tecnolog\u00eda tambi\u00e9n tiene la ventaja de que la bater\u00eda se puede instalar tumbada.<\/p><p>Toda bater\u00eda durante su normal funcionamiento genera gasificaci\u00f3n, y si \u00e9sta es abundante se origina presi\u00f3n en el interior de las misma, por tanto, no es apropiado sellar completamente una bater\u00eda. Por eso, las bater\u00edas AGM, llevan unos tapones de jebe que hermetizan cada celda. Estos tapones en caso de excesiva gasificaci\u00f3n, se abrir\u00e1n liberando la presi\u00f3n interna. Es decir, los tapones por seguridad, regulan la eventual salida de gas. Debido a esto las AGM, reciben tambi\u00e9n el nombre de bater\u00edas Valvo Reguladas.<\/p><p>La bater\u00eda AGM, se provee de su propia agua, \u00e9sta caracter\u00edstica es llamada: Recombinaci\u00f3n. Con las AGM, podemos conseguir todas las ventajas de las GEL sin adquirir ninguna de sus desventajas. Por \u00faltimo las bater\u00edas AGM, se pueden instalar \u201cechadas\u201d o de costado y no habr\u00e1 filtraci\u00f3n.<\/p><\/article><h3 id=\"BateriaImportante\">IMPORTANTE<\/h3><article><p>Al recargar estas bater\u00edas, debe cuidarse la cantidad de corriente que entrega el cargador. Si la corriente es excesiva, se genera abundante gasificaci\u00f3n al interior de la bater\u00eda y esto provoca la dilataci\u00f3n (\"hinchaz\u00f3n\" y deformaci\u00f3n), de la caja. La bater\u00eda se vuelve inservible.<\/p><p>Es recomendable iniciar la carga, con un rango de tensi\u00f3n equivalente en valor a 1\/10 de la capacidad de la bater\u00eda. Ejemplo, si se trata de una bater\u00eda de 12 voltios 7 Ah (como las que se usan en los equipos de luces de emergencia), es recomendable iniciar la recarga con una corriente de 0.7 amperios.<\/p><\/article><h3 id=\"ciclosVida\">CICLOS DE VIDA<\/h3><article><h5>\u00bfCu\u00e1ntos ciclos deber\u00eda producir una bater\u00eda de ciclo profundo?<\/h5><p>Es dif\u00edcil calcular los ciclos de vida de las bater\u00edas ya que dependen de muchos factores. Algunos de los factores son el mantenimiento, el porcentaje de descarga, temperatura de la bater\u00eda, cantidad de veces que se descarga, vibraci\u00f3n, etc.<\/p><p>Uno de los factores m\u00e1s importantes es la cantidad (en porcentaje) de descarga de la bater\u00eda (DOD) por ciclo. Cuando la cantidad de DOD es incrementada por ciclo, resulta en una reducci\u00f3n del total de ciclos de la bater\u00eda.<\/p><p>Si por ejemplo, una bater\u00eda es descargada constantemente al 100% DOD (considerando que las otras variables son constantes), el ciclo total de vida de la bater\u00eda podr\u00eda ser la mitad de una que es descargada solamente al 50%. Con esto, nos damos cuenta que para optimizar la duraci\u00f3n de las bater\u00edas es recomendable no descargarlas m\u00e1s del 50%. Recuerda que existen muchos otros factores que afectan la vida de las bater\u00edas. Si las bater\u00edas trabajan a temperaturas de 36 grados cent\u00edgrados constantemente, los ciclos de vida se reducir\u00edan dr\u00e1sticamente.<\/p><\/article><\/div>\n\t\t\t\t\t<\/div>\n\t\t\t\t\t\t<\/div>\n\t\t\t\t<\/div>\n\t\t\t\t\t<\/div>\n\t\t<\/div>\n\t\t\t\t\t<\/div>\n\t\t<\/section>\n\t\t\t\t<\/div>\n\t\t","protected":false},"excerpt":{"rendered":"<p>Tensi\u00f3n y capacidad : 12V 7Ah<\/p>\n<p class=\"\" data-start=\"135\" data-end=\"671\">Las <strong data-start=\"139\" data-end=\"171\">bater\u00edas AGM de la serie EBU<\/strong> est\u00e1n dise\u00f1adas con <strong data-start=\"192\" data-end=\"234\">tecnolog\u00eda de recombinaci\u00f3n de ox\u00edgeno<\/strong> y un <strong data-start=\"240\" data-end=\"293\">sistema sellado con regulaci\u00f3n por v\u00e1lvula (VRLA)<\/strong>, lo que garantiza un funcionamiento <strong data-start=\"330\" data-end=\"340\">seguro<\/strong>, <strong data-start=\"342\" data-end=\"368\">libre de mantenimiento<\/strong> y <strong data-start=\"371\" data-end=\"395\">sin emisiones de gas<\/strong>. Est\u00e1n fabricadas con <strong data-start=\"418\" data-end=\"480\">aleaciones especiales altamente resistentes a la corrosi\u00f3n<\/strong>, <strong data-start=\"482\" data-end=\"521\">separadores AGM de alta resistencia<\/strong> y <strong data-start=\"524\" data-end=\"553\">materiales de alta pureza<\/strong>, lo que <strong data-start=\"562\" data-end=\"607\">reduce significativamente la autodescarga<\/strong> y <strong data-start=\"610\" data-end=\"635\">prolonga su vida \u00fatil<\/strong>, incluso en <strong data-start=\"648\" data-end=\"670\">entornos exigentes<\/strong>.<\/p>\n<p class=\"\" data-start=\"673\" data-end=\"1013\">Estas bater\u00edas son ampliamente utilizadas en <strong data-start=\"718\" data-end=\"767\">sistemas de alimentaci\u00f3n ininterrumpida (UPS)<\/strong>, donde se instalan internamente para <strong data-start=\"805\" data-end=\"876\">garantizar el suministro continuo de energ\u00eda ante cortes el\u00e9ctricos<\/strong>. El <strong data-start=\"881\" data-end=\"943\">tama\u00f1o y las terminales siguen el est\u00e1ndar de la industria<\/strong>, lo cual asegura un <strong data-start=\"964\" data-end=\"996\">reemplazo sin complicaciones<\/strong> en tus sistemas.<\/p>\n<p class=\"\" data-start=\"1015\" data-end=\"1325\">Tambi\u00e9n son una <strong data-start=\"1031\" data-end=\"1051\">excelente opci\u00f3n<\/strong> para <strong data-start=\"1057\" data-end=\"1099\">aplicaciones solares de peque\u00f1a escala<\/strong>, <strong data-start=\"1101\" data-end=\"1135\">sistemas de respaldo dom\u00e9stico<\/strong>, <strong data-start=\"1137\" data-end=\"1159\">telecomunicaciones<\/strong>, <strong data-start=\"1161\" data-end=\"1180\">equipos m\u00e9dicos<\/strong>, <strong data-start=\"1182\" data-end=\"1211\">iluminaci\u00f3n de emergencia<\/strong>, <strong data-start=\"1213\" data-end=\"1229\">se\u00f1alizaci\u00f3n<\/strong>, <strong data-start=\"1231\" data-end=\"1256\">sistemas de seguridad<\/strong>, <strong data-start=\"1258\" data-end=\"1289\">equipos de monitoreo remoto<\/strong> y <strong data-start=\"1292\" data-end=\"1324\">veh\u00edculos el\u00e9ctricos ligeros<\/strong>.<\/p>\n<p class=\"\" data-start=\"1327\" data-end=\"1520\">Gracias a su <strong data-start=\"1340\" data-end=\"1358\">dise\u00f1o robusto<\/strong>, <strong data-start=\"1360\" data-end=\"1374\">fiabilidad<\/strong> y <strong data-start=\"1377\" data-end=\"1393\">versatilidad<\/strong>, la <strong data-start=\"1398\" data-end=\"1411\">serie EBU<\/strong> es ideal para una <strong data-start=\"1430\" data-end=\"1463\">gran variedad de aplicaciones<\/strong>que requieren <strong data-start=\"1478\" data-end=\"1519\">energ\u00eda confiable y de larga duraci\u00f3n<\/strong>.<\/p>\n","protected":false},"featured_media":56955,"comment_status":"open","ping_status":"closed","template":"","meta":{"_relevanssi_hide_post":"","_relevanssi_hide_content":"","_relevanssi_pin_for_all":"","_relevanssi_pin_keywords":"","_relevanssi_unpin_keywords":"","_relevanssi_related_keywords":"","_relevanssi_related_include_ids":"","_relevanssi_related_exclude_ids":"","_relevanssi_related_no_append":"","_relevanssi_related_not_related":"","_relevanssi_related_posts":"","_relevanssi_noindex_reason":"","inline_featured_image":false},"product_brand":[],"product_cat":[1735,1733],"product_tag":[],"class_list":{"0":"post-46728","1":"product","2":"type-product","3":"status-publish","4":"has-post-thumbnail","6":"product_cat-agm","7":"product_cat-baterias","8":"pa_gtin-5149","9":"pa_marca-enertik","10":"pa_voltaje-12v","12":"first","13":"instock","14":"sale","15":"taxable","16":"shipping-taxable","17":"purchasable","18":"product-type-simple"},"bundled_by":[],"bundle_stock_status":"instock","bundle_stock_quantity":69,"bundle_virtual":false,"bundle_layout":"","bundle_add_to_cart_form_location":"","bundle_editable_in_cart":false,"bundle_sold_individually_context":"","bundle_item_grouping":"","bundle_min_size":"","bundle_max_size":"","bundle_price":[],"bundled_items":[],"bundle_sell_ids":[],"group_of_quantity":0,"min_quantity":0,"max_quantity":"","exclude_order_quantity_value_rules":"no","exclude_category_quantity_rules":"no","combine_variations":"no","exclude_global_add_ons":[],"addons":[],"_links":{"self":[{"href":"https:\/\/enertik.com\/cl\/wp-json\/wp\/v2\/product\/46728","targetHints":{"allow":["GET"]}}],"collection":[{"href":"https:\/\/enertik.com\/cl\/wp-json\/wp\/v2\/product"}],"about":[{"href":"https:\/\/enertik.com\/cl\/wp-json\/wp\/v2\/types\/product"}],"replies":[{"embeddable":true,"href":"https:\/\/enertik.com\/cl\/wp-json\/wp\/v2\/comments?post=46728"}],"version-history":[{"count":0,"href":"https:\/\/enertik.com\/cl\/wp-json\/wp\/v2\/product\/46728\/revisions"}],"wp:featuredmedia":[{"embeddable":true,"href":"https:\/\/enertik.com\/cl\/wp-json\/wp\/v2\/media\/56955"}],"wp:attachment":[{"href":"https:\/\/enertik.com\/cl\/wp-json\/wp\/v2\/media?parent=46728"}],"wp:term":[{"taxonomy":"product_brand","embeddable":true,"href":"https:\/\/enertik.com\/cl\/wp-json\/wp\/v2\/product_brand?post=46728"},{"taxonomy":"product_cat","embeddable":true,"href":"https:\/\/enertik.com\/cl\/wp-json\/wp\/v2\/product_cat?post=46728"},{"taxonomy":"product_tag","embeddable":true,"href":"https:\/\/enertik.com\/cl\/wp-json\/wp\/v2\/product_tag?post=46728"}],"curies":[{"name":"wp","href":"https:\/\/api.w.org\/{rel}","templated":true}]}}