{"id":46570,"date":"2025-08-05T08:20:10","date_gmt":"2025-08-05T12:20:10","guid":{"rendered":"https:\/\/enertik.com\/cl\/?post_type=product&#038;p=46570"},"modified":"2026-04-09T04:31:35","modified_gmt":"2026-04-09T08:31:35","slug":"ups-interactiva-800va-480w","status":"publish","type":"product","link":"https:\/\/enertik.com\/cl\/tienda\/respaldo-de-energia\/ups-interactiva\/ups-interactiva-800va\/","title":{"rendered":"UPS Interactiva 800VA"},"content":{"rendered":"\t\t<div data-elementor-type=\"product-post\" data-elementor-id=\"46570\" class=\"elementor elementor-46570\" data-elementor-post-type=\"product\">\n\t\t\t\t\t\t<section class=\"wd-negative-gap elementor-section elementor-top-section elementor-element elementor-element-3323826 Product_Description elementor-section-boxed elementor-section-height-default elementor-section-height-default\" data-id=\"3323826\" data-element_type=\"section\" data-e-type=\"section\">\n\t\t\t\t\t\t<div class=\"elementor-container elementor-column-gap-default\">\n\t\t\t\t\t<div class=\"elementor-column elementor-col-100 elementor-top-column elementor-element elementor-element-497de26\" data-id=\"497de26\" data-element_type=\"column\" data-e-type=\"column\" data-settings=\"{&quot;background_background&quot;:&quot;classic&quot;}\">\n\t\t\t<div class=\"elementor-widget-wrap elementor-element-populated\">\n\t\t\t\t\t\t<section class=\"wd-negative-gap elementor-section elementor-inner-section elementor-element elementor-element-518f9e5 elementor-section-boxed elementor-section-height-default elementor-section-height-default\" data-id=\"518f9e5\" data-element_type=\"section\" data-e-type=\"section\">\n\t\t\t\t\t\t<div class=\"elementor-container elementor-column-gap-default\">\n\t\t\t\t\t<div class=\"elementor-column elementor-col-100 elementor-inner-column elementor-element elementor-element-1eabf80\" data-id=\"1eabf80\" data-element_type=\"column\" data-e-type=\"column\">\n\t\t\t<div class=\"elementor-widget-wrap elementor-element-populated\">\n\t\t\t\t\t\t<div class=\"elementor-element elementor-element-6118065 elementor-widget elementor-widget-wd_tabs\" data-id=\"6118065\" data-element_type=\"widget\" data-e-type=\"widget\" data-widget_type=\"wd_tabs.default\">\n\t\t\t\t<div class=\"elementor-widget-container\">\n\t\t\t\t\t\t\t<div class=\"wd-tabs tabs-design-default\">\n\t\t\t<div class=\"wd-tabs-header text-center\">\n\t\t\t\t\n\t\t\t\t\n\t\t\t\t<div class=\"wd-nav-wrapper wd-nav-tabs-wrapper wd-mb-action-swipe\">\n\t\t\t\t\t<ul class=\"wd-nav wd-nav-tabs wd-icon-pos-left wd-style-underline\">\n\t\t\t\t\t\t\t\t\t\t\t\t\t\n\t\t\t\t\t\t\t<li>\n\t\t\t\t\t\t\t\t<a href=\"#\" class=\"wd-nav-link\">\n\t\t\t\t\t\t\t\t\t\n\t\t\t\t\t\t\t\t\t<span class=\"nav-link-text wd-tabs-title\">\n\t\t\t\t\t\t\t\t\t\tDESCRIPCI\u00d3N\t\t\t\t\t\t\t\t\t<\/span>\n\t\t\t\t\t\t\t\t<\/a>\n\t\t\t\t\t\t\t<\/li>\n\n\t\t\t\t\t\t\t\t\t\t\t\t\t\n\t\t\t\t\t\t\t<li>\n\t\t\t\t\t\t\t\t<a href=\"#\" class=\"wd-nav-link\">\n\t\t\t\t\t\t\t\t\t\n\t\t\t\t\t\t\t\t\t<span class=\"nav-link-text wd-tabs-title\">\n\t\t\t\t\t\t\t\t\t\tESPECIFICACIONES\t\t\t\t\t\t\t\t\t<\/span>\n\t\t\t\t\t\t\t\t<\/a>\n\t\t\t\t\t\t\t<\/li>\n\n\t\t\t\t\t\t\t\t\t\t\t<\/ul>\n\t\t\t\t<\/div>\n\t\t\t<\/div>\n\n\t\t\t<div class=\"wd-tabs-content-wrapper\">\n\t\t\t\t\t\t\t\t\t\t\t\t\t\t\n\t\t\t\t\t<div class=\"wd-tab-content wd-entry-content\">\n\t\t\t\t\t\t\t\t\t\t\t\t\t<div >\n\t\t\t\t\t\t\t\t<h2>VENTAJAS<\/h2><ul class=\"ul1\"><li>Muy atractiva relaci\u00f3n precio\/prestaciones<\/li><li>Dise\u00f1o compacto y ligero<\/li><li class=\"li1\">Amplio rango de tensi\u00f3n de entrada<\/li><li class=\"li1\">Regulaci\u00f3n de voltaje constante (tanto para tesni\u00f3n baja como para sobretensi\u00f3n)<\/li><li class=\"li1\">La pantalla LCD t\u00e1ctil integrada muestra los par\u00e1metros de funcionamiento en tiempo real<\/li><li class=\"li1\">Puede cargar la bater\u00eda interna incluso apagado<\/li><li class=\"li1\">Compatible con generadores<\/li><li class=\"li1\">Enchufes universales para aceptar equipos electr\u00f3nicos con distintos tomas de corriente del mundo<\/li><li class=\"li1\">Arranque instant\u00e1neo<\/li><li class=\"li1\">Funcionamiento ultra-silencioso<\/li><li class=\"li1\">Reinicio autom\u00e1tico al recuperarse la fuente de la red, sin necesidad de reset manual<\/li><li class=\"li1\">Protecci\u00f3n total contra sobrecargas, cortocircuitos y fluctuaciones el\u00e9ctricas.<\/li><li class=\"li1\">Se entra en modo de bajo consumo autom\u00e1ticamente cuando no hay cargas conectadas bajo modo bater\u00eda \u2028<\/li><\/ul><p>\u00a0<\/p><h2>PROTECCIONES DEL EQUIPO<\/h2><ul class=\"ulMiddle\"><li>Sobrecarga\u2028<\/li><li>Descarga profunda de la bater\u00eda incorporada<\/li><li>Sobrecarga de la bater\u00eda incorporada<\/li><li>Sobre-calentamiento<\/li><\/ul><p>\u00a0<\/p><h2 class=\"p1\">\u00bfC\u00f3mo funciona un UPS?<\/h2><p class=\"p1\">Las UPS (Uninterrupted Power Supply, por sus siglas en ingl\u00e9s), tambi\u00e9n se denominan como SAI (Sistema de alimentaci\u00f3n ininterrumpida) en espa\u00f1ol, son equipos de respaldo de energ\u00eda que garantiza un suministro continuo de electricidad a los equipos conectados incluso en apagones o situaciones de irregularidad de la red (altibajo de tensi\u00f3n o frecuencia debido a problemas de la compa\u00f1\u00eda el\u00e9ctrica).<\/p><p class=\"p1\">Con el UPS instalado, podemos estar tranquilos sabiendo que nuestro equipo est\u00e1 respaldado por una fuente de energ\u00eda confiable incluso durante los cortes de energ\u00eda m\u00e1s repentinos.<\/p><p class=\"p1\">Cuando el UPS detecta un corte o una fluctuaci\u00f3n importante de energ\u00eda, act\u00faa en cuesti\u00f3n de milisegundos para asegurar un suministro de energ\u00eda ininterrumpido.<\/p><p class=\"p1\">Adem\u00e1s, en tiempos normales, los UPS de Enertik puede ayudar a prevenir picos e interferencias. Regula la entrada de la red y asegura que la calidad de tensi\u00f3n, onda y frecuencia, alargando la vida \u00fatil de los equipos conectados.<\/p><p class=\"p1\">\u00bfQuer\u00e9s saber c\u00f3mo funciona una UPS, para qu\u00e9 se usa y cu\u00e1l es el tipo que te conviene? Encontr\u00e1 toda la informaci\u00f3n en <span style=\"text-decoration: underline;\"><a href=\"\/cl\/blog\/otras-soluciones\/que-es-una-ups-como-funciona-y-por-que-deberia-tener-una\/\" target=\"_blank\" rel=\"noopener\"><strong>nuestro art\u00edculo del blog<\/strong><\/a>.<\/span><\/p>\t\t\t\t\t\t\t<\/div>\n\t\t\t\t\t\t\t\t\t\t\t<\/div>\n\n\t\t\t\t\t\t\t\t\t\t\t\t\t\t\n\t\t\t\t\t<div class=\"wd-tab-content wd-entry-content\">\n\t\t\t\t\t\t\t\t\t\t\t\t\t<div >\n\t\t\t\t\t\t\t\t<table>\n<tbody>\n<tr>\n<td class=\"tbLeft\">Modelo<\/td>\n<td>UPS-AP800<\/td>\n<\/tr>\n\t<tr class=\"tbBorderNone\">\n<td class=\"tbLeft\">Potencia de entrada \/ salida m\u00e1xima<\/td>\n<td>800VA \/ 480W<\/td>\n<\/tr>\n<tr>\n<td class=\"tbTit\" colspan=\"2\">Entrada<\/td>\n<\/tr>\n<tr>\n  <td class=\"tbLeft\">Interfaces<\/td>\n  <td>Toma de corriente de Chile (Tipo L)<\/td>\n<\/tr>\n<tr>\n  <td class=\"tbLeft\">Voltaje de entrada nominal<\/td>\n  <td>220 \/ 230 \/ 240 VCA<\/td>\n<\/tr>\n<tr>\n<td class=\"tbLeft\">Rango de voltaje de entrada<\/td>\n<td>162 ~ 290 VCA<\/td>\n<\/tr>\n<tr class=\"tbBorderNone\">\n  <td class=\"tbLeft\">Frecuencia de entrada nominal<\/td>\n  <td>50 \/ 60 Hz (Detecci\u00f3n y selecci\u00f3n autom\u00e1tica)<\/td>\n<\/tr>\n\t<tr>\n<td class=\"tbTit\" colspan=\"2\">Salida<\/td>\n<\/tr>\n    <tr>\n      <td class=\"tbLeft\">Interfaces<\/td>\n      <td>2 x Enchufe universal<\/td>\n    <\/tr>\n    <tr>\n  <td class=\"tbLeft\">Voltaje de salida nominal<\/td>\n  <td>220 \/ 230 \/ 240 VCA<\/td>\n<\/tr>\n<tr>\n  <td class=\"tbLeft\">Rango de voltaje de salida (modo bater\u00eda)<\/td>\n  <td>Voltaje de salida nominal \u00b1 10%<\/td>\n<\/tr>\n\t<tr>\n  <td class=\"tbLeft\">Frecuencia de salida nominal   (modo bater\u00eda)<\/td>\n  <td>50 \/ 60 Hz (Detecci\u00f3n y selecci\u00f3n autom\u00e1tica)<\/td>\n<\/tr>\n\t<tr>\n  <td class=\"tbLeft\">Rango de frecuencia de salida  (modo bater\u00eda)<\/td>\n  <td>Frecuencia de salida nominal \u00b1 1 Hz<\/td>\n<\/tr>\n\t<tr>\n  <td class=\"tbLeft\">Tiempo de transferencia<\/td>\n  <td>2 ~ 6 ms (uso t\u00edpico)<br>\n    13 ms (uso con generadores)<\/td>\n<\/tr>\n\n<tr class=\"tbBorderNone\">\n<td class=\"tbLeft\">Forma de onda  (modo bater\u00eda)<\/td>\n<td>Onda sinusoidal simulada<\/td>\n<\/tr>\n<tr>\n  <td class=\"tbTit\" colspan=\"2\">Bater\u00edas<\/td>\n<\/tr>\n<tr>\n<td class=\"tbLeft\">Forma de conexi\u00f3n<\/td>\n<td>Incorporada en el producto ; no hace falta la conexi\u00f3n<\/td>\n<\/tr>\n<tr>\n<td class=\"tbLeft\">Bater\u00eda(s) incorporada(s)<\/td>\n<td>1 x Bater\u00eda AGM de ciclo profundo 12 V 9 Ah<\/td>\n<\/tr>\n<tr class=\"tbBorderNone\">\n  <td class=\"tbLeft\">Tiempo de carga t\u00edpico<\/td>\n  <td><p>Se carga al 90 % en 4 ~ 6 horas<\/p><\/td>\n<\/tr>\n\t<tr>\n<td class=\"tbTit\" colspan=\"2\">Indicadores y alarmas<\/td>\n<\/tr>\n<tr>\n<td class=\"tbLeft\">Pantalla LCD<\/td>\n<td>Voltaje de entrada<br>\n  Voltaje de salida<br>\n  Estado de carga de la bater\u00eda<br>\n  Nivel de carga<br>\n  Estado del UPS<\/td>\n<\/tr>\n<tr>\n<td class=\"tbLeft\">Alarma - modo bater\u00eda<\/td>\n<td>Un pitido por cada 10 segundos<\/td>\n<\/tr>\n<tr>\n  <td class=\"tbLeft\">Alarma -  bater\u00eda baja<\/td>\n  <td>Un pitido por cada  segundo<\/td>\n<\/tr>\n<tr>\n<td class=\"tbLeft\">Alarma -  sobrecarga de potencia<\/td>\n<td>Un pitido por 0,5  segundo<\/td>\n<\/tr>\n<tr class=\"tbBorderNone\">\n<td class=\"tbLeft\">Alarma -  falla del sistema<\/td>\n<td>Sonido continuo<\/td>\n<\/tr>\n<tr>\n  <td class=\"tbTit\" colspan=\"2\">Caracter\u00edsticas f\u00edsicas<\/td>\n<\/tr>\n<tr>\n  <td class=\"tbLeft\">Temperatura de operaci\u00f3n<\/td>\n  <td>0\u00b0C ~ 40\u00b0C<\/td>\n<\/tr>\n<tr>\n<td class=\"tbLeft\">Humedad ambiental<\/td>\n<td>0-90 % RH (Sin condensaci\u00f3n)<\/td>\n<\/tr>\n<tr>\n<td class=\"tbLeft\">Ruido<\/td>\n<td>&lt; 40 dB<\/td>\n<\/tr>\n<tr>\n  <td class=\"tbLeft\">Dimensiones (mm)<\/td>\n  <td>300 x 101 x 142<\/td>\n<\/tr>\n<tr>\n  <td class=\"tbLeft\">Peso neto (kg)<\/td>\n  <td>5<\/td>\n<\/tr>\n<\/tbody>\n<\/table>\t\t\t\t\t\t\t<\/div>\n\t\t\t\t\t\t\t\t\t\t\t<\/div>\n\n\t\t\t\t\t\t\t<\/div>\n\t\t<\/div>\n\t\t\t\t\t\t<\/div>\n\t\t\t\t<\/div>\n\t\t\t\t\t<\/div>\n\t\t<\/div>\n\t\t\t\t\t<\/div>\n\t\t<\/section>\n\t\t\t\t\t<\/div>\n\t\t<\/div>\n\t\t\t\t\t<\/div>\n\t\t<\/section>\n\t\t\t\t<section class=\"wd-negative-gap elementor-section elementor-top-section elementor-element elementor-element-7751855 Link_Buttons elementor-section-boxed elementor-section-height-default elementor-section-height-default\" data-id=\"7751855\" data-element_type=\"section\" data-e-type=\"section\" data-settings=\"{&quot;background_background&quot;:&quot;classic&quot;}\">\n\t\t\t\t\t\t<div class=\"elementor-container elementor-column-gap-custom\">\n\t\t\t\t\t<div class=\"elementor-column elementor-col-100 elementor-top-column elementor-element elementor-element-eba02ce\" data-id=\"eba02ce\" data-element_type=\"column\" data-e-type=\"column\">\n\t\t\t<div class=\"elementor-widget-wrap elementor-element-populated\">\n\t\t\t\t\t\t<div class=\"elementor-element elementor-element-a03ac47 elementor-view-framed elementor-shape-circle elementor-position-block-start elementor-mobile-position-block-start elementor-widget elementor-widget-icon-box\" data-id=\"a03ac47\" data-element_type=\"widget\" data-e-type=\"widget\" data-widget_type=\"icon-box.default\">\n\t\t\t\t\t\t\t<div class=\"elementor-icon-box-wrapper\">\n\n\t\t\t\t\t\t<div class=\"elementor-icon-box-icon\">\n\t\t\t\t<a href=\"https:\/\/enertik.com\/wp-content\/uploads\/sites\/3\/documentos\/manuales\/enertik-manual-ups-serie-ap-es-ver1.pdf\" target=\"_blank\" class=\"elementor-icon\" tabindex=\"-1\">\n\t\t\t\t<svg aria-hidden=\"true\" class=\"e-font-icon-svg e-fas-book\" viewBox=\"0 0 448 512\" xmlns=\"http:\/\/www.w3.org\/2000\/svg\"><path d=\"M448 360V24c0-13.3-10.7-24-24-24H96C43 0 0 43 0 96v320c0 53 43 96 96 96h328c13.3 0 24-10.7 24-24v-16c0-7.5-3.5-14.3-8.9-18.7-4.2-15.4-4.2-59.3 0-74.7 5.4-4.3 8.9-11.1 8.9-18.6zM128 134c0-3.3 2.7-6 6-6h212c3.3 0 6 2.7 6 6v20c0 3.3-2.7 6-6 6H134c-3.3 0-6-2.7-6-6v-20zm0 64c0-3.3 2.7-6 6-6h212c3.3 0 6 2.7 6 6v20c0 3.3-2.7 6-6 6H134c-3.3 0-6-2.7-6-6v-20zm253.4 250H96c-17.7 0-32-14.3-32-32 0-17.6 14.4-32 32-32h285.4c-1.9 17.1-1.9 46.9 0 64z\"><\/path><\/svg>\t\t\t\t<\/a>\n\t\t\t<\/div>\n\t\t\t\n\t\t\t\t\t\t<div class=\"elementor-icon-box-content\">\n\n\t\t\t\t\n\t\t\t\t\t\t\t\t\t<p class=\"elementor-icon-box-description\">\n\t\t\t\t\t\tMANUAL\t\t\t\t\t<\/p>\n\t\t\t\t\n\t\t\t<\/div>\n\t\t\t\n\t\t<\/div>\n\t\t\t\t\t\t<\/div>\n\t\t\t\t\t<\/div>\n\t\t<\/div>\n\t\t\t\t\t<\/div>\n\t\t<\/section>\n\t\t\t\t<\/div>\n\t\t","protected":false},"excerpt":{"rendered":"<p>Potencia: 800 VA<\/p>\n<p class=\"p1\">Las <b>UPS interactivas Enertik serie UPS-AP<\/b> ofrecen una soluci\u00f3n econ\u00f3mica, eficiente y f\u00e1cil de usar para la protecci\u00f3n de equipos electr\u00f3nicos. Regulan de forma constante la electricidad entrante y activan el modo bater\u00eda cuando las fluctuaciones de la red son excesivas, garantizando un suministro ininterrumpido en todo momento.<\/p>\n<p class=\"p1\">Equipadas con una <b>pantalla LCD t\u00e1ctil<\/b>, permiten visualizar en tiempo real todos los par\u00e1metros de funcionamiento, brindando un control intuitivo y accesible.<\/p>\n<p class=\"p1\">Dise\u00f1adas para <b>hogares, oficinas y peque\u00f1os negocios<\/b>, combinan un formato compacto con tecnolog\u00eda avanzada para proteger computadoras, pantallas, parlantes, servidores personales en la nube, consolas de videojuegos, dispositivos m\u00e9dicos, routers y m\u00e1s.<\/p>\n<p class=\"p1\">Disponibles en capacidades de <b>400VA a 800VA<\/b>, integran <b>regulaci\u00f3n autom\u00e1tica de voltaje (AVR)<\/b> y funci\u00f3n de <b>arranque en fr\u00edo<\/b>, proporcionando una protecci\u00f3n confiable contra interrupciones el\u00e9ctricas y variaciones de voltaje.<\/p>\n<p><em>* Incluye bater\u00eda interna para su funcionamiento.<\/em><\/p>\n","protected":false},"featured_media":46557,"comment_status":"open","ping_status":"closed","template":"","meta":{"_relevanssi_hide_post":"","_relevanssi_hide_content":"","_relevanssi_pin_for_all":"","_relevanssi_pin_keywords":"","_relevanssi_unpin_keywords":"","_relevanssi_related_keywords":"","_relevanssi_related_include_ids":"","_relevanssi_related_exclude_ids":"","_relevanssi_related_no_append":"","_relevanssi_related_not_related":"","_relevanssi_related_posts":"","_relevanssi_noindex_reason":"","inline_featured_image":false},"product_brand":[],"product_cat":[5125],"product_tag":[],"class_list":{"0":"post-46570","1":"product","2":"type-product","3":"status-publish","4":"has-post-thumbnail","6":"product_cat-ups-interactiva","7":"pa_gtin-5135","8":"pa_marca-enertik","9":"pa_potencia-800va","11":"first","12":"instock","13":"taxable","14":"shipping-taxable","15":"purchasable","16":"product-type-simple"},"bundled_by":[],"bundle_stock_status":"instock","bundle_stock_quantity":37,"bundle_virtual":false,"bundle_layout":"","bundle_add_to_cart_form_location":"","bundle_editable_in_cart":false,"bundle_sold_individually_context":"","bundle_item_grouping":"","bundle_min_size":"","bundle_max_size":"","bundle_price":[],"bundled_items":[],"bundle_sell_ids":[],"group_of_quantity":0,"min_quantity":0,"max_quantity":"","exclude_order_quantity_value_rules":"no","exclude_category_quantity_rules":"no","combine_variations":"no","exclude_global_add_ons":[],"addons":[],"_links":{"self":[{"href":"https:\/\/enertik.com\/cl\/wp-json\/wp\/v2\/product\/46570","targetHints":{"allow":["GET"]}}],"collection":[{"href":"https:\/\/enertik.com\/cl\/wp-json\/wp\/v2\/product"}],"about":[{"href":"https:\/\/enertik.com\/cl\/wp-json\/wp\/v2\/types\/product"}],"replies":[{"embeddable":true,"href":"https:\/\/enertik.com\/cl\/wp-json\/wp\/v2\/comments?post=46570"}],"version-history":[{"count":0,"href":"https:\/\/enertik.com\/cl\/wp-json\/wp\/v2\/product\/46570\/revisions"}],"wp:featuredmedia":[{"embeddable":true,"href":"https:\/\/enertik.com\/cl\/wp-json\/wp\/v2\/media\/46557"}],"wp:attachment":[{"href":"https:\/\/enertik.com\/cl\/wp-json\/wp\/v2\/media?parent=46570"}],"wp:term":[{"taxonomy":"product_brand","embeddable":true,"href":"https:\/\/enertik.com\/cl\/wp-json\/wp\/v2\/product_brand?post=46570"},{"taxonomy":"product_cat","embeddable":true,"href":"https:\/\/enertik.com\/cl\/wp-json\/wp\/v2\/product_cat?post=46570"},{"taxonomy":"product_tag","embeddable":true,"href":"https:\/\/enertik.com\/cl\/wp-json\/wp\/v2\/product_tag?post=46570"}],"curies":[{"name":"wp","href":"https:\/\/api.w.org\/{rel}","templated":true}]}}