{"id":42333,"date":"2025-04-10T11:28:59","date_gmt":"2025-04-10T15:28:59","guid":{"rendered":"https:\/\/enertik.com\/cl\/?post_type=product&#038;p=42333"},"modified":"2026-04-10T05:41:29","modified_gmt":"2026-04-10T09:41:29","slug":"conector-para-baterias-via-puerto-del-encendedor-12v-c-fusible-ato-16a-para-victron-blue-smart-ip65","status":"publish","type":"product","link":"https:\/\/enertik.com\/cl\/tienda\/cargadores-de-baterias\/conector-para-baterias-via-puerto-del-encendedor-12v-c-fusible-ato-16a-para-victron-blue-smart-ip65\/","title":{"rendered":"Conector para Bater\u00edas v\u00eda Puerto del Encendedor 12V, c\/ Fusible ATO 16A &#8211; para Victron Blue Smart IP65"},"content":{"rendered":"","protected":false},"excerpt":{"rendered":"<p class=\"p1\">El conector para encendedor de 12V, con fusible, es un accesorio para el cargador Blue Smart IP65 con enchufe CC.<\/p>\n<p class=\"p1\">Con este conector usted podr\u00e1 cargar la bater\u00eda de su veh\u00edculo a trav\u00e9s del puerto del encendedor de cigarrillos usando el cargador de Victron Blue Smart IP65.<\/p>\n","protected":false},"featured_media":42334,"comment_status":"open","ping_status":"closed","template":"","meta":{"_relevanssi_hide_post":"","_relevanssi_hide_content":"","_relevanssi_pin_for_all":"","_relevanssi_pin_keywords":"","_relevanssi_unpin_keywords":"","_relevanssi_related_keywords":"","_relevanssi_related_include_ids":"","_relevanssi_related_exclude_ids":"","_relevanssi_related_no_append":"","_relevanssi_related_not_related":"","_relevanssi_related_posts":"","_relevanssi_noindex_reason":"","inline_featured_image":false},"product_brand":[],"product_cat":[1740],"product_tag":[],"class_list":{"0":"post-42333","1":"product","2":"type-product","3":"status-publish","4":"has-post-thumbnail","6":"product_cat-cargadores-de-baterias","7":"pa_gtin-5007","8":"pa_marca-victron-energy","9":"pa_serie-serie-blue-smart-ip65","10":"pa_voltaje-12v","11":"pa_voltaje-24v","12":"pa_voltaje-36vdc","13":"pa_voltaje-48v","15":"first","16":"instock","17":"taxable","18":"shipping-taxable","19":"purchasable","20":"product-type-simple"},"bundled_by":[],"bundle_stock_status":"instock","bundle_stock_quantity":5,"bundle_virtual":false,"bundle_layout":"","bundle_add_to_cart_form_location":"","bundle_editable_in_cart":false,"bundle_sold_individually_context":"","bundle_item_grouping":"","bundle_min_size":"","bundle_max_size":"","bundle_price":[],"bundled_items":[],"bundle_sell_ids":[],"group_of_quantity":0,"min_quantity":0,"max_quantity":"","exclude_order_quantity_value_rules":"no","exclude_category_quantity_rules":"no","combine_variations":"no","exclude_global_add_ons":[],"addons":[],"_links":{"self":[{"href":"https:\/\/enertik.com\/cl\/wp-json\/wp\/v2\/product\/42333","targetHints":{"allow":["GET"]}}],"collection":[{"href":"https:\/\/enertik.com\/cl\/wp-json\/wp\/v2\/product"}],"about":[{"href":"https:\/\/enertik.com\/cl\/wp-json\/wp\/v2\/types\/product"}],"replies":[{"embeddable":true,"href":"https:\/\/enertik.com\/cl\/wp-json\/wp\/v2\/comments?post=42333"}],"version-history":[{"count":0,"href":"https:\/\/enertik.com\/cl\/wp-json\/wp\/v2\/product\/42333\/revisions"}],"wp:featuredmedia":[{"embeddable":true,"href":"https:\/\/enertik.com\/cl\/wp-json\/wp\/v2\/media\/42334"}],"wp:attachment":[{"href":"https:\/\/enertik.com\/cl\/wp-json\/wp\/v2\/media?parent=42333"}],"wp:term":[{"taxonomy":"product_brand","embeddable":true,"href":"https:\/\/enertik.com\/cl\/wp-json\/wp\/v2\/product_brand?post=42333"},{"taxonomy":"product_cat","embeddable":true,"href":"https:\/\/enertik.com\/cl\/wp-json\/wp\/v2\/product_cat?post=42333"},{"taxonomy":"product_tag","embeddable":true,"href":"https:\/\/enertik.com\/cl\/wp-json\/wp\/v2\/product_tag?post=42333"}],"curies":[{"name":"wp","href":"https:\/\/api.w.org\/{rel}","templated":true}]}}