{"id":41270,"date":"2025-06-17T06:31:46","date_gmt":"2025-06-17T10:31:46","guid":{"rendered":"https:\/\/enertik.com\/cl\/?post_type=product&#038;p=41270"},"modified":"2026-04-09T04:26:57","modified_gmt":"2026-04-09T08:26:57","slug":"sistema-de-monitoreo-de-energia-para-inyeccion-cero-300kw","status":"publish","type":"product","link":"https:\/\/enertik.com\/cl\/tienda\/fotovoltaica\/inversores-con-conexion-a-red\/accesorios\/sistema-de-monitoreo-de-energia-para-inyeccion-cero-300kw\/","title":{"rendered":"Sistema de Monitoreo de Energ\u00eda para Inyecci\u00f3n Cero 300kW"},"content":{"rendered":"\t\t<div data-elementor-type=\"product-post\" data-elementor-id=\"41270\" class=\"elementor elementor-41270\" data-elementor-post-type=\"product\">\n\t\t\t\t\t\t<section class=\"wd-negative-gap elementor-section elementor-top-section elementor-element elementor-element-6ceb1f2 Product_Description elementor-section-boxed elementor-section-height-default elementor-section-height-default\" data-id=\"6ceb1f2\" data-element_type=\"section\" data-e-type=\"section\">\n\t\t\t\t\t\t<div class=\"elementor-container elementor-column-gap-default\">\n\t\t\t\t\t<div class=\"elementor-column elementor-col-100 elementor-top-column elementor-element elementor-element-ad5578f\" data-id=\"ad5578f\" data-element_type=\"column\" data-e-type=\"column\" data-settings=\"{&quot;background_background&quot;:&quot;classic&quot;}\">\n\t\t\t<div class=\"elementor-widget-wrap elementor-element-populated\">\n\t\t\t\t\t\t<section class=\"wd-negative-gap elementor-section elementor-inner-section elementor-element elementor-element-c5aefa0 elementor-section-boxed elementor-section-height-default elementor-section-height-default\" data-id=\"c5aefa0\" data-element_type=\"section\" data-e-type=\"section\">\n\t\t\t\t\t\t<div class=\"elementor-container elementor-column-gap-default\">\n\t\t\t\t\t<div class=\"elementor-column elementor-col-100 elementor-inner-column elementor-element elementor-element-b6e4b1b\" data-id=\"b6e4b1b\" data-element_type=\"column\" data-e-type=\"column\">\n\t\t\t<div class=\"elementor-widget-wrap elementor-element-populated\">\n\t\t\t\t\t\t<div class=\"elementor-element elementor-element-f2f3510 elementor-widget elementor-widget-wd_tabs\" data-id=\"f2f3510\" data-element_type=\"widget\" data-e-type=\"widget\" data-widget_type=\"wd_tabs.default\">\n\t\t\t\t<div class=\"elementor-widget-container\">\n\t\t\t\t\t\t\t<div class=\"wd-tabs tabs-design-default\">\n\t\t\t<div class=\"wd-tabs-header text-center\">\n\t\t\t\t\n\t\t\t\t\n\t\t\t\t<div class=\"wd-nav-wrapper wd-nav-tabs-wrapper wd-mb-action-swipe\">\n\t\t\t\t\t<ul class=\"wd-nav wd-nav-tabs wd-icon-pos-left wd-style-underline\">\n\t\t\t\t\t\t\t\t\t\t\t\t\t\n\t\t\t\t\t\t\t<li>\n\t\t\t\t\t\t\t\t<a href=\"#\" class=\"wd-nav-link\">\n\t\t\t\t\t\t\t\t\t\n\t\t\t\t\t\t\t\t\t<span class=\"nav-link-text wd-tabs-title\">\n\t\t\t\t\t\t\t\t\t\tESPECIFICACIONES\t\t\t\t\t\t\t\t\t<\/span>\n\t\t\t\t\t\t\t\t<\/a>\n\t\t\t\t\t\t\t<\/li>\n\n\t\t\t\t\t\t\t\t\t\t\t<\/ul>\n\t\t\t\t<\/div>\n\t\t\t<\/div>\n\n\t\t\t<div class=\"wd-tabs-content-wrapper\">\n\t\t\t\t\t\t\t\t\t\t\t\t\t\t\n\t\t\t\t\t<div class=\"wd-tab-content wd-entry-content\">\n\t\t\t\t\t\t\t\t\t\t\t\t\t<div >\n\t\t\t\t\t\t\t\t<div class=\"vc_tta-container\" data-vc-action=\"collapse\"><div class=\"vc_general vc_tta vc_tta-accordion vc_tta-color-green vc_tta-style-outline vc_tta-shape-rounded vc_tta-spacing-3 vc_tta-gap-5 vc_tta-controls-align-center vc_tta-o-no-fill acordeon-products\"><div class=\"vc_tta-panels-container\"><div class=\"vc_tta-panels\"><div id=\"1659976880549-645764c8-06f6\" class=\"vc_tta-panel vc_active\" data-vc-content=\".vc_tta-panel-body\"><div class=\"vc_tta-panel-body\"><div class=\"wpb_text_column wpb_content_element vc_custom_1662379321603\"><div class=\"wpb_wrapper\"><div class=\"vc_tta-container\" data-vc-action=\"collapse\"><div class=\"vc_general vc_tta vc_tta-accordion vc_tta-color-green vc_tta-style-outline vc_tta-shape-rounded vc_tta-spacing-3 vc_tta-gap-5 vc_tta-controls-align-center vc_tta-o-no-fill acordeon-products\"><div class=\"vc_tta-panels-container\"><div class=\"vc_tta-panels\"><div id=\"1659976880549-645764c8-06f6\" class=\"vc_tta-panel vc_active\" data-vc-content=\".vc_tta-panel-body\"><div class=\"vc_tta-panel-body\"><div class=\"wpb_text_column wpb_content_element vc_custom_1662381630315\"><div class=\"wpb_wrapper\"><table><tbody><tr><td class=\"tbLeft\">Modelo<\/td><td>GROWATT SEM (300KW)<\/td><\/tr><tr class=\"tbBorderNone\"><td class=\"tbLeft\">Capacidad del sistema<\/td><td>300kW<\/td><\/tr><tr><td class=\"tbTit\" colspan=\"2\">DATOS DEL MEDIDOR<\/td><\/tr><tr><td class=\"tbLeft\">Voltaje nominal<\/td><td>230\/400VCA<\/td><\/tr><tr><td class=\"tbLeft\">Rango de Voltaje<\/td><td>180 ~ 540 VCA<\/td><\/tr><tr><td class=\"tbLeft\">Tipo de conexi\u00f3n<\/td><td>3W + N + PE<\/td><\/tr><tr class=\"tbBorderNone\"><td class=\"tbLeft\">Frecuencia de red AC \/ rango<\/td><td>50Hz \/ 45 ~ 55Hz<\/td><\/tr><tr><td class=\"tbTit\" colspan=\"2\">DATOS CT<\/td><\/tr><tr><td class=\"tbLeft\">Corriente m\u00e1xima CA<\/td><td>5A<\/td><\/tr><tr><td class=\"tbLeft\">Corriente m\u00e1xima (detecci\u00f3n CT)<\/td><td>600A<\/td><\/tr><tr class=\"tbBorderNone\"><td class=\"tbLeft\">Precisi\u00f3n (a corriente CT nominal)<\/td><td>0.5<\/td><\/tr><tr><td class=\"tbTit\" colspan=\"2\">COMUNICACI\u00d3N<\/td><\/tr><tr><td class=\"tbLeft\">RS485 \/ ETHERNET<\/td><td>S\u00ed<\/td><\/tr><tr><td class=\"tbLeft\">Cantidad m\u00e1xima de inversores<\/td><td>32<\/td><\/tr><tr class=\"tbBorderNone\"><td class=\"tbLeft\">Distancia de comunicaci\u00f3n<\/td><td>RS485: 500m \/ Ethernet: 100m<\/td><\/tr><tr><td class=\"tbTit\" colspan=\"2\">Datos generales<\/td><\/tr><tr><td class=\"tbLeft\">Dimensiones (mm)<\/td><td>350 x 330 x 107<\/td><\/tr><tr><td class=\"tbLeft\">Peso neto (kg)<\/td><td>6<\/td><\/tr><tr><td class=\"tbLeft\">Temperatura de operaci\u00f3n<\/td><td>-25\u00b0C ~ +60\u00b0C<\/td><\/tr><tr><td class=\"tbLeft\">Protecci\u00f3n para intemperie<\/td><td>IP65<\/td><\/tr><tr><td class=\"tbLeft\">Sistema de ventilaci\u00f3n<\/td><td>convencional<\/td><\/tr><tr><td class=\"tbLeft\">Humedad relativa<\/td><td>0 ~ 100%<\/td><\/tr><tr><td class=\"tbLeft\">Altitud<\/td><td>2000M<\/td><\/tr><\/tbody><\/table><\/div><\/div><\/div><\/div><\/div><\/div><\/div><\/div><\/div><\/div><\/div><\/div><\/div><\/div><\/div><\/div>\t\t\t\t\t\t\t<\/div>\n\t\t\t\t\t\t\t\t\t\t\t<\/div>\n\n\t\t\t\t\t\t\t<\/div>\n\t\t<\/div>\n\t\t\t\t\t\t<\/div>\n\t\t\t\t<\/div>\n\t\t\t\t\t<\/div>\n\t\t<\/div>\n\t\t\t\t\t<\/div>\n\t\t<\/section>\n\t\t\t\t\t<\/div>\n\t\t<\/div>\n\t\t\t\t\t<\/div>\n\t\t<\/section>\n\t\t\t\t<section class=\"wd-negative-gap elementor-section elementor-top-section elementor-element elementor-element-f070981 Link_Buttons elementor-section-boxed elementor-section-height-default elementor-section-height-default\" data-id=\"f070981\" data-element_type=\"section\" data-e-type=\"section\" data-settings=\"{&quot;background_background&quot;:&quot;classic&quot;}\">\n\t\t\t\t\t\t<div class=\"elementor-container elementor-column-gap-custom\">\n\t\t\t\t\t<div class=\"elementor-column elementor-col-100 elementor-top-column elementor-element elementor-element-61532d3\" data-id=\"61532d3\" data-element_type=\"column\" data-e-type=\"column\">\n\t\t\t<div class=\"elementor-widget-wrap elementor-element-populated\">\n\t\t\t\t\t\t<div class=\"elementor-element elementor-element-ec488ef elementor-view-framed elementor-shape-circle elementor-position-block-start elementor-mobile-position-block-start elementor-widget elementor-widget-icon-box\" data-id=\"ec488ef\" data-element_type=\"widget\" data-e-type=\"widget\" data-widget_type=\"icon-box.default\">\n\t\t\t\t\t\t\t<div class=\"elementor-icon-box-wrapper\">\n\n\t\t\t\t\t\t<div class=\"elementor-icon-box-icon\">\n\t\t\t\t<a href=\"https:\/\/enertik.com\/wp-content\/uploads\/sites\/2\/documentos\/manuales\/manual_growatt_sem.pdf\" target=\"_blank\" class=\"elementor-icon\" tabindex=\"-1\">\n\t\t\t\t<svg aria-hidden=\"true\" class=\"e-font-icon-svg e-fas-book\" viewBox=\"0 0 448 512\" xmlns=\"http:\/\/www.w3.org\/2000\/svg\"><path d=\"M448 360V24c0-13.3-10.7-24-24-24H96C43 0 0 43 0 96v320c0 53 43 96 96 96h328c13.3 0 24-10.7 24-24v-16c0-7.5-3.5-14.3-8.9-18.7-4.2-15.4-4.2-59.3 0-74.7 5.4-4.3 8.9-11.1 8.9-18.6zM128 134c0-3.3 2.7-6 6-6h212c3.3 0 6 2.7 6 6v20c0 3.3-2.7 6-6 6H134c-3.3 0-6-2.7-6-6v-20zm0 64c0-3.3 2.7-6 6-6h212c3.3 0 6 2.7 6 6v20c0 3.3-2.7 6-6 6H134c-3.3 0-6-2.7-6-6v-20zm253.4 250H96c-17.7 0-32-14.3-32-32 0-17.6 14.4-32 32-32h285.4c-1.9 17.1-1.9 46.9 0 64z\"><\/path><\/svg>\t\t\t\t<\/a>\n\t\t\t<\/div>\n\t\t\t\n\t\t\t\t\t\t<div class=\"elementor-icon-box-content\">\n\n\t\t\t\t\n\t\t\t\t\t\t\t\t\t<p class=\"elementor-icon-box-description\">\n\t\t\t\t\t\tMANUAL\t\t\t\t\t<\/p>\n\t\t\t\t\n\t\t\t<\/div>\n\t\t\t\n\t\t<\/div>\n\t\t\t\t\t\t<\/div>\n\t\t\t\t\t<\/div>\n\t\t<\/div>\n\t\t\t\t\t<\/div>\n\t\t<\/section>\n\t\t\t\t<\/div>\n\t\t","protected":false},"excerpt":{"rendered":"<p>Sistema de monitoreo (antirreflujo) de energ\u00eda para inyecci\u00f3n cero.<\/p>\n<p>Potencia: 300kW.<br \/>\nVoltaje: 180 ~ 540 VCA.<br \/>\nProtecci\u00f3n IP65.<\/p>\n<p>Este sistema de gesti\u00f3n de energ\u00eda inteligente integra la funci\u00f3n de monitoreo (online a distancia)\u00a0 y la funci\u00f3n de inyecci\u00f3n cero.\u00a0 Ayuda a simplificar el proceso de instalaci\u00f3n y cableado. Una soluci\u00f3n est\u00e9tica y c\u00f3moda para sistemas de autoconsumo.<\/p>\n<p>Cantidad m\u00e1xima de inversores conectados: 32.<\/p>\n","protected":false},"featured_media":9397,"comment_status":"open","ping_status":"closed","template":"","meta":{"_relevanssi_hide_post":"","_relevanssi_hide_content":"","_relevanssi_pin_for_all":"","_relevanssi_pin_keywords":"","_relevanssi_unpin_keywords":"","_relevanssi_related_keywords":"","_relevanssi_related_include_ids":"","_relevanssi_related_exclude_ids":"","_relevanssi_related_no_append":"","_relevanssi_related_not_related":"","_relevanssi_related_posts":"","_relevanssi_noindex_reason":"","inline_featured_image":false},"product_brand":[],"product_cat":[1692,1691,1693],"product_tag":[1958],"class_list":{"0":"post-41270","1":"product","2":"type-product","3":"status-publish","4":"has-post-thumbnail","6":"product_cat-accesorios","7":"product_cat-inversores-con-conexion-a-red","8":"product_cat-sin-backup","9":"product_tag-nuevos","10":"pa_marca-growatt","11":"pa_serie-medidores-de-energia","13":"first","14":"instock","15":"taxable","16":"shipping-taxable","17":"purchasable","18":"product-type-simple"},"bundled_by":[],"bundle_stock_status":"instock","bundle_stock_quantity":4,"bundle_virtual":false,"bundle_layout":"","bundle_add_to_cart_form_location":"","bundle_editable_in_cart":false,"bundle_sold_individually_context":"","bundle_item_grouping":"","bundle_min_size":"","bundle_max_size":"","bundle_price":[],"bundled_items":[],"bundle_sell_ids":[],"group_of_quantity":0,"min_quantity":0,"max_quantity":"","exclude_order_quantity_value_rules":"no","exclude_category_quantity_rules":"no","combine_variations":"no","exclude_global_add_ons":[],"addons":[],"_links":{"self":[{"href":"https:\/\/enertik.com\/cl\/wp-json\/wp\/v2\/product\/41270","targetHints":{"allow":["GET"]}}],"collection":[{"href":"https:\/\/enertik.com\/cl\/wp-json\/wp\/v2\/product"}],"about":[{"href":"https:\/\/enertik.com\/cl\/wp-json\/wp\/v2\/types\/product"}],"replies":[{"embeddable":true,"href":"https:\/\/enertik.com\/cl\/wp-json\/wp\/v2\/comments?post=41270"}],"version-history":[{"count":0,"href":"https:\/\/enertik.com\/cl\/wp-json\/wp\/v2\/product\/41270\/revisions"}],"wp:featuredmedia":[{"embeddable":true,"href":"https:\/\/enertik.com\/cl\/wp-json\/wp\/v2\/media\/9397"}],"wp:attachment":[{"href":"https:\/\/enertik.com\/cl\/wp-json\/wp\/v2\/media?parent=41270"}],"wp:term":[{"taxonomy":"product_brand","embeddable":true,"href":"https:\/\/enertik.com\/cl\/wp-json\/wp\/v2\/product_brand?post=41270"},{"taxonomy":"product_cat","embeddable":true,"href":"https:\/\/enertik.com\/cl\/wp-json\/wp\/v2\/product_cat?post=41270"},{"taxonomy":"product_tag","embeddable":true,"href":"https:\/\/enertik.com\/cl\/wp-json\/wp\/v2\/product_tag?post=41270"}],"curies":[{"name":"wp","href":"https:\/\/api.w.org\/{rel}","templated":true}]}}