{"id":41118,"date":"2024-12-20T12:07:29","date_gmt":"2024-12-20T15:07:29","guid":{"rendered":"https:\/\/enertik.com\/cl\/?post_type=product&#038;p=41118"},"modified":"2026-04-09T04:29:02","modified_gmt":"2026-04-09T08:29:02","slug":"cuerpo-modulo-hidraulico-de-la-bomba-para-msc3-3-5-35-300-24v","status":"publish","type":"product","link":"https:\/\/enertik.com\/cl\/tienda\/bombeo-solar\/bombas-solares\/sumergibles\/partes-de-repuesto\/cuerpo-modulo-hidraulico-de-la-bomba-para-msc3-35-35-300-24v\/","title":{"rendered":"Cuerpo (M\u00f3dulo Hidr\u00e1ulico) de la Bomba para MSC3-3.5-35-300-24V"},"content":{"rendered":"\t\t<div data-elementor-type=\"product-post\" data-elementor-id=\"41118\" class=\"elementor elementor-41118\" data-elementor-post-type=\"product\">\n\t\t\t\t\t\t<section class=\"wd-negative-gap elementor-section elementor-top-section elementor-element elementor-element-ac8392c Link_Buttons elementor-section-boxed elementor-section-height-default elementor-section-height-default\" data-id=\"ac8392c\" data-element_type=\"section\" data-e-type=\"section\" data-settings=\"{&quot;background_background&quot;:&quot;classic&quot;}\">\n\t\t\t\t\t\t<div class=\"elementor-container elementor-column-gap-custom\">\n\t\t\t\t\t<div class=\"elementor-column elementor-col-100 elementor-top-column elementor-element elementor-element-fa50e5c\" data-id=\"fa50e5c\" data-element_type=\"column\" data-e-type=\"column\">\n\t\t\t<div class=\"elementor-widget-wrap elementor-element-populated\">\n\t\t\t\t\t\t<div class=\"elementor-element elementor-element-a04d41e elementor-view-framed elementor-shape-circle elementor-position-block-start elementor-mobile-position-block-start elementor-widget elementor-widget-icon-box\" data-id=\"a04d41e\" data-element_type=\"widget\" data-e-type=\"widget\" data-widget_type=\"icon-box.default\">\n\t\t\t\t\t\t\t<div class=\"elementor-icon-box-wrapper\">\n\n\t\t\t\t\t\t<div class=\"elementor-icon-box-icon\">\n\t\t\t\t<a href=\"https:\/\/enertik.com\/wp-content\/uploads\/sites\/3\/documentos\/folletos\/explosive-view-msc.pdf\" target=\"_blank\" class=\"elementor-icon\" tabindex=\"-1\">\n\t\t\t\t<svg aria-hidden=\"true\" class=\"e-font-icon-svg e-fas-scroll\" viewBox=\"0 0 640 512\" xmlns=\"http:\/\/www.w3.org\/2000\/svg\"><path d=\"M48 0C21.53 0 0 21.53 0 48v64c0 8.84 7.16 16 16 16h80V48C96 21.53 74.47 0 48 0zm208 412.57V352h288V96c0-52.94-43.06-96-96-96H111.59C121.74 13.41 128 29.92 128 48v368c0 38.87 34.65 69.65 74.75 63.12C234.22 474 256 444.46 256 412.57zM288 384v32c0 52.93-43.06 96-96 96h336c61.86 0 112-50.14 112-112 0-8.84-7.16-16-16-16H288z\"><\/path><\/svg>\t\t\t\t<\/a>\n\t\t\t<\/div>\n\t\t\t\n\t\t\t\t\t\t<div class=\"elementor-icon-box-content\">\n\n\t\t\t\t\n\t\t\t\t\t\t\t\t\t<p class=\"elementor-icon-box-description\">\n\t\t\t\t\t\tDIAGRAMA DE COMPONENTES (MSC)\t\t\t\t\t<\/p>\n\t\t\t\t\n\t\t\t<\/div>\n\t\t\t\n\t\t<\/div>\n\t\t\t\t\t\t<\/div>\n\t\t\t\t\t<\/div>\n\t\t<\/div>\n\t\t\t\t\t<\/div>\n\t\t<\/section>\n\t\t\t\t<\/div>\n\t\t","protected":false},"excerpt":{"rendered":"<p><span data-sheets-root=\"1\">Parte de repuesto:<br \/>\nCuerpo (m\u00f3dulo hidr\u00e1ulico) para bombas solares Mizu de impeller de pl\u00e1stico (serie MSC)<\/span><\/p>\n<p><span data-sheets-root=\"1\"><br \/>\nEste m\u00f3dulo contiene todas las partes de la hidr\u00e1ulica, indicadas en el diagrama del No. 1 al No. 15.<br \/>\nReparaci\u00f3n f\u00e1cil y sencillo, con solo cambiar el m\u00f3dulo se solucionan los problemas del sistema impeller.<\/span><\/p>\n<p><span data-sheets-root=\"1\"><br \/>\nPara modelo: MSC3-3.5-35-300-24V<\/span><\/p>\n","protected":false},"featured_media":41119,"comment_status":"open","ping_status":"closed","template":"","meta":{"_relevanssi_hide_post":"","_relevanssi_hide_content":"","_relevanssi_pin_for_all":"","_relevanssi_pin_keywords":"","_relevanssi_unpin_keywords":"","_relevanssi_related_keywords":"","_relevanssi_related_include_ids":"","_relevanssi_related_exclude_ids":"","_relevanssi_related_no_append":"","_relevanssi_related_not_related":"","_relevanssi_related_posts":"","_relevanssi_noindex_reason":"","inline_featured_image":false},"product_brand":[],"product_cat":[1716,4980],"product_tag":[1958],"class_list":{"0":"post-41118","1":"product","2":"type-product","3":"status-publish","4":"has-post-thumbnail","6":"product_cat-bombas-solares","7":"product_cat-partes-de-repuesto","8":"product_tag-nuevos","9":"pa_marca-mizu","11":"first","12":"instock","13":"taxable","14":"shipping-taxable","15":"purchasable","16":"product-type-simple"},"bundled_by":[],"bundle_stock_status":"instock","bundle_stock_quantity":17,"bundle_virtual":false,"bundle_layout":"","bundle_add_to_cart_form_location":"","bundle_editable_in_cart":false,"bundle_sold_individually_context":"","bundle_item_grouping":"","bundle_min_size":"","bundle_max_size":"","bundle_price":[],"bundled_items":[],"bundle_sell_ids":[],"group_of_quantity":0,"min_quantity":1,"max_quantity":1,"exclude_order_quantity_value_rules":"no","exclude_category_quantity_rules":"no","combine_variations":"no","exclude_global_add_ons":[],"addons":[],"_links":{"self":[{"href":"https:\/\/enertik.com\/cl\/wp-json\/wp\/v2\/product\/41118","targetHints":{"allow":["GET"]}}],"collection":[{"href":"https:\/\/enertik.com\/cl\/wp-json\/wp\/v2\/product"}],"about":[{"href":"https:\/\/enertik.com\/cl\/wp-json\/wp\/v2\/types\/product"}],"replies":[{"embeddable":true,"href":"https:\/\/enertik.com\/cl\/wp-json\/wp\/v2\/comments?post=41118"}],"version-history":[{"count":0,"href":"https:\/\/enertik.com\/cl\/wp-json\/wp\/v2\/product\/41118\/revisions"}],"wp:featuredmedia":[{"embeddable":true,"href":"https:\/\/enertik.com\/cl\/wp-json\/wp\/v2\/media\/41119"}],"wp:attachment":[{"href":"https:\/\/enertik.com\/cl\/wp-json\/wp\/v2\/media?parent=41118"}],"wp:term":[{"taxonomy":"product_brand","embeddable":true,"href":"https:\/\/enertik.com\/cl\/wp-json\/wp\/v2\/product_brand?post=41118"},{"taxonomy":"product_cat","embeddable":true,"href":"https:\/\/enertik.com\/cl\/wp-json\/wp\/v2\/product_cat?post=41118"},{"taxonomy":"product_tag","embeddable":true,"href":"https:\/\/enertik.com\/cl\/wp-json\/wp\/v2\/product_tag?post=41118"}],"curies":[{"name":"wp","href":"https:\/\/api.w.org\/{rel}","templated":true}]}}