{"id":36600,"date":"2025-07-15T04:21:59","date_gmt":"2025-07-15T08:21:59","guid":{"rendered":"https:\/\/enertik.com\/cl\/?post_type=product&#038;p=36600"},"modified":"2026-04-10T05:42:20","modified_gmt":"2026-04-10T09:42:20","slug":"bomba-de-calor-todo-en-uno-trifasica-20-49kw","status":"publish","type":"product","link":"https:\/\/enertik.com\/cl\/tienda\/bombas-de-calor\/bomba-de-calor-todo-en-uno-trifasica-2049kw\/","title":{"rendered":"Bomba de Calor Todo-en-Uno (Trif\u00e1sica) 20.49Kw"},"content":{"rendered":"\t\t<div data-elementor-type=\"product-post\" data-elementor-id=\"36600\" class=\"elementor elementor-36600\" data-elementor-post-type=\"product\">\n\t\t\t\t\t\t<section class=\"wd-negative-gap elementor-section elementor-top-section elementor-element elementor-element-56c401b Product_Description elementor-section-boxed elementor-section-height-default elementor-section-height-default\" data-id=\"56c401b\" data-element_type=\"section\" data-e-type=\"section\">\n\t\t\t\t\t\t<div class=\"elementor-container elementor-column-gap-default\">\n\t\t\t\t\t<div class=\"elementor-column elementor-col-100 elementor-top-column elementor-element elementor-element-73e015f\" data-id=\"73e015f\" data-element_type=\"column\" data-e-type=\"column\" data-settings=\"{&quot;background_background&quot;:&quot;classic&quot;}\">\n\t\t\t<div class=\"elementor-widget-wrap elementor-element-populated\">\n\t\t\t\t\t\t<section class=\"wd-negative-gap elementor-section elementor-inner-section elementor-element elementor-element-f4db6ba elementor-section-boxed elementor-section-height-default elementor-section-height-default\" data-id=\"f4db6ba\" data-element_type=\"section\" data-e-type=\"section\">\n\t\t\t\t\t\t<div class=\"elementor-container elementor-column-gap-default\">\n\t\t\t\t\t<div class=\"elementor-column elementor-col-100 elementor-inner-column elementor-element elementor-element-cb85c89\" data-id=\"cb85c89\" data-element_type=\"column\" data-e-type=\"column\">\n\t\t\t<div class=\"elementor-widget-wrap elementor-element-populated\">\n\t\t\t\t\t\t<div class=\"elementor-element elementor-element-034cf47 elementor-widget elementor-widget-wd_tabs\" data-id=\"034cf47\" data-element_type=\"widget\" data-e-type=\"widget\" data-widget_type=\"wd_tabs.default\">\n\t\t\t\t<div class=\"elementor-widget-container\">\n\t\t\t\t\t\t\t<div class=\"wd-tabs tabs-design-default\">\n\t\t\t<div class=\"wd-tabs-header text-center\">\n\t\t\t\t\n\t\t\t\t\n\t\t\t\t<div class=\"wd-nav-wrapper wd-nav-tabs-wrapper wd-mb-action-swipe\">\n\t\t\t\t\t<ul class=\"wd-nav wd-nav-tabs wd-icon-pos-left wd-style-underline\">\n\t\t\t\t\t\t\t\t\t\t\t\t\t\n\t\t\t\t\t\t\t<li>\n\t\t\t\t\t\t\t\t<a href=\"#\" class=\"wd-nav-link\">\n\t\t\t\t\t\t\t\t\t\n\t\t\t\t\t\t\t\t\t<span class=\"nav-link-text wd-tabs-title\">\n\t\t\t\t\t\t\t\t\t\tDESCRIPCI\u00d3N\t\t\t\t\t\t\t\t\t<\/span>\n\t\t\t\t\t\t\t\t<\/a>\n\t\t\t\t\t\t\t<\/li>\n\n\t\t\t\t\t\t\t\t\t\t\t\t\t\n\t\t\t\t\t\t\t<li>\n\t\t\t\t\t\t\t\t<a href=\"#\" class=\"wd-nav-link\">\n\t\t\t\t\t\t\t\t\t\n\t\t\t\t\t\t\t\t\t<span class=\"nav-link-text wd-tabs-title\">\n\t\t\t\t\t\t\t\t\t\tESPECIFICACIONES\t\t\t\t\t\t\t\t\t<\/span>\n\t\t\t\t\t\t\t\t<\/a>\n\t\t\t\t\t\t\t<\/li>\n\n\t\t\t\t\t\t\t\t\t\t\t<\/ul>\n\t\t\t\t<\/div>\n\t\t\t<\/div>\n\n\t\t\t<div class=\"wd-tabs-content-wrapper\">\n\t\t\t\t\t\t\t\t\t\t\t\t\t\t\n\t\t\t\t\t<div class=\"wd-tab-content wd-entry-content\">\n\t\t\t\t\t\t\t\t\t\t\t\t\t<div >\n\t\t\t\t\t\t\t\t<h2>\u00a0<\/h2><h2>BOMBAS DE CALOR<\/h2><p>Las bombas de calor Enertik \u2013 L\u00ednea BC son m\u00e1quinas t\u00e9rmicas que toman calor de un espacio fr\u00edo y lo transfieren a otro m\u00e1s caliente. Los equipos para piscina y TODO-EN-UNO poseen un compresor Mitsubishi \/ Panasonic con tecnolog\u00eda inverter y un motor rotatorio<span style=\"font-size: 14px;\"> CC sin escobilla, que permite el calentamiento del agua a doble velocidad.<\/span><\/p><p>Su operaci\u00f3n es s\u00faper silenciosa, con un nivel de ruido de entre 20 y 35 dB, y con una funci\u00f3n de arranque suave con control de corriente preciso que protege el circuito dom\u00e9stico. Adem\u00e1s cuenta con funci\u00f3n de monitoreo y control por wifi integrado.<\/p><p>Las bombas de calor son una tecnolog\u00eda de calefacci\u00f3n y enfriamiento que utiliza energ\u00eda el\u00e9ctrica para mover el calor de un lugar a otro. En lugar de quemar combustible para producir calor, como lo hacen los sistemas de calefacci\u00f3n convencionales, las bombas de calor extraen calor del aire, del suelo o del agua y lo utilizan para calentar un edificio.<\/p><p>Una de las principales ventajas de las bombas de calor es que son muy eficientes. Porque utilizan electricidad en lugar de combustible para producir calor, suelen ser mucho m\u00e1s eficientes que los sistemas de calefacci\u00f3n convencionales. Adem\u00e1s, las bombas de calor pueden ser utilizadas tanto para calentar como para enfriar un edificio, lo que las convierte en una opci\u00f3n vers\u00e1til para el control del clima en el hogar o en la oficina.<\/p><p><span style=\"font-family: Arial; font-size: 14px; font-style: normal; font-variant-caps: normal;\">Las bombas de calor pueden tomar la electricidad de la red, pero tambi\u00e9n pueden complementarse con sistemas fotovoltaicos de varias maneras :<\/span> Una de ellas es utilizando paneles solares fotovoltaicos para generar electricidad y alimentar la bomba de calor. De esta manera, se puede utilizar energ\u00eda solar para calentar o enfriar un edificio de manera eficiente y sostenible.<\/p><h2>VENTAJAS<\/h2><ul><li class=\"ulBgColor\"><p class=\"p1\">Soluci\u00f3n para calefacci\u00f3n, refrigeraci\u00f3n (aire acondicionado) y agua caliente en un equipo \u00fanico<\/p><\/li><li class=\"ulBgColor\"><p class=\"p1\">Nivel de eficiencia energ\u00e9tica europea A+++ con un COP promedio de 4.5<\/p><\/li><li class=\"ulBgColor\"><p class=\"p1\">Monitoreo y control a distancia por WiFi a trav\u00e9s de la App m\u00f3vil<\/p><\/li><li class=\"ulBgColor\"><p class=\"p1\">Pantalla con color t\u00e1ctil integrada<\/p><\/li><li class=\"ulBgColor\"><p class=\"p1\">Temporizador y funcionamiento bajo distintos modos<\/p><\/li><li class=\"ulBgColor\"><p class=\"p1\">La funci\u00f3n de arranque suave con control de corriente preciso protege el circuito dom\u00e9stico<\/p><\/li><li class=\"ulBgColor\"><p class=\"p1\">El motor CC y el compresor Mitsubishi \/ Panasonic con tecnolog\u00eda Inverter permiten el calentamiento r\u00e1pido y un rendimiento confiable<\/p><\/li><li class=\"ulBgColor\"><p class=\"p1\">Control de temperatura inteligente autom\u00e1tico a tiempo real gracias a sensores y algoritmos avanzados<\/p><\/li><li class=\"ulBgColor\"><p class=\"p1\">Se puede ajustar la temperatura con un intervalo de 0.5\u00ba C<\/p><\/li><li class=\"ulBgColor\"><p class=\"p1\">Buen rendimiento bajo condiciones de temperatura ambiental baja (-25\u00baC) gracias a la tecnolog\u00eda de EVI (inyecci\u00f3n de vapor)<\/p><\/li><li class=\"ulBgColor\"><p class=\"p1\">Operaci\u00f3n super silenciosa con motor silencioso y tecnolog\u00eda que absorbe el sonido y las vibraciones<\/p><\/li><li class=\"ulBgColor\"><p class=\"p1\">Rel\u00e9s condicionales integrados, capaz de configurar y programar conmutaci\u00f3n entre distintas fuentes de entrada<\/p><\/li><li class=\"ulBgColor\"><p class=\"p1\">La integraci\u00f3n con bomba de circulaci\u00f3n, calentador auxiliar y tanque de expansi\u00f3n le otorga una confiabilidad extraordinaria<\/p><\/li><li class=\"ulBgColor\"><p class=\"p1\">Utiliza refrigerante R32, amigable con el medio ambiente, con 70% menos de huella de carbono<\/p><\/li><\/ul><h2>\u00bfQu\u00e9 significa COP?<\/h2><p>El COP (coeficiente de operatividad o coeficiente de rendimiento) de una bomba de calor es la raz\u00f3n entre el calentamiento o enfriamiento proporcionado y la electricidad consumida. Los coeficiente mayores equivalen a menores costes operativos.<\/p><p>Por ejemplo: Si una bomba de calor tiene una capacidad de calefacci\u00f3n de 16.5kW pero solo necesita 1.5kW de consumo, en este caso el COP es 16.5 \/ 1.5 = 11.<br \/>Es decir, en este caso por cada kW que consume a la entrada, la bomba de calor da 11kW de energ\u00eda en forma de calor a la salida.<\/p>\t\t\t\t\t\t\t<\/div>\n\t\t\t\t\t\t\t\t\t\t\t<\/div>\n\n\t\t\t\t\t\t\t\t\t\t\t\t\t\t\n\t\t\t\t\t<div class=\"wd-tab-content wd-entry-content\">\n\t\t\t\t\t\t\t\t\t\t\t\t\t<div >\n\t\t\t\t\t\t\t\t<table><tbody><tr class=\"tbBorderNone\"><td class=\"tbLeft\">Modelo<\/td><td>BC-AF200HCR4UT<\/td><\/tr><tr><td class=\"tbTit\" colspan=\"2\">Especificaciones t\u00e9cnicas<\/td><\/tr><tr><td class=\"tbLeft\">Fuente de alimentaci\u00f3n<\/td><td>380 ~ 415VCA \/ Trif\u00e1sico \/ 50 o 60 Hz<\/td><\/tr><tr><td class=\"tbLeft\">Entrada m\u00e1x. del calentador el\u00e9ctrico auxiliar<\/td><td>9 kW<\/td><\/tr><tr><td class=\"tbLeft\">Potencia de entrada m\u00e1xima<\/td><td>16.5 kW m\u00e1x.<br \/>7.5 kW m\u00e1x. : Bomba de calor<br \/>+<br \/>9 kW m\u00e1x. : Calentador el\u00e9ctrico auxiliar<\/td><\/tr><tr><td class=\"tbLeft\">Corriente m\u00e1xima de funcionamiento (A)<\/td><td>26.4 A<br \/>12.7 A m\u00e1x. : Bomba de calor<br \/>+<br \/>13.7 A m\u00e1x.: Calentador el\u00e9ctrico auxiliar<\/td><\/tr><tr class=\"tbBorderNone\"><td class=\"tbLeft\">Compresor<\/td><td>Mitsubishi el\u00e9ctrico \u2013 tecnolog\u00eda inverter<\/td><\/tr><tr><td class=\"tbSubTit\" colspan=\"2\">Calefacci\u00f3n \u2013 Condici\u00f3n de prueba en funcionamiento, con agua en constante circulaci\u00f3n:<br \/>Temperatura ambiente 7\u00ba C DB \/ 6\u00ba C WB; temp. de agua a la entrada 30\u00baC, salida 35\u00baC<\/td><\/tr><tr><td class=\"tbLeft\">Capacidad de calefacci\u00f3n m\u00e1xima<\/td><td>6.36 ~ 20.49 kW ( 21701 ~ 69914 BTU\/h )<br \/>Seg\u00fan la temperatura configurada<\/td><\/tr><tr><td class=\"tbLeft\">Potencia de entrada (kW)<\/td><td>1.08 ~ 4.89<\/td><\/tr><tr class=\"tbBorderNone\"><td class=\"tbLeft\">COP<\/td><td>5.89 ~ 4.19<\/td><\/tr><tr><td class=\"tbSubTit\" colspan=\"2\">Calefacci\u00f3n \u2013 Condici\u00f3n de prueba en funcionamiento, con agua en constante circulaci\u00f3n:<br \/>Temperatura ambiente 7\u00ba C DB \/ 6\u00ba C WB; temp. de agua a la entrada 50\u00baC \u2013 salida 55\u00baC<\/td><\/tr><tr><td class=\"tbLeft\">Capacidad de calefacci\u00f3n m\u00e1xima<\/td><td>3.41 ~ 18.8 kW ( 11635 ~ 64148 BTU\/h )<br \/>Seg\u00fan la temperatura configurada<\/td><\/tr><tr><td class=\"tbLeft\">Potencia de entrada (kW)<\/td><td>0.89 ~ 7.13<\/td><\/tr><tr class=\"tbBorderNone\"><td class=\"tbLeft\">COP<\/td><td>3.83 ~ 2.64<\/td><\/tr><tr><td class=\"tbSubTit\" colspan=\"2\">Refrigeraci\u00f3n \u2013 Condici\u00f3n de prueba en funcionamiento, con agua en constante circulaci\u00f3n:<br \/>Temperatura ambiente 35\u00ba C DB; temp. de agua a la entrada 12\u00baC \u2013 salida 7\u00baC<\/td><\/tr><tr><td class=\"tbLeft\">Capacidad de refrigeraci\u00f3n m\u00e1xima<\/td><td>3.31 ~ 17.4 kW ( 11294 ~ 59371 BTU\/h )<br \/>Seg\u00fan la temperatura configurada<\/td><\/tr><tr><td class=\"tbLeft\">Potencia de entrada (kW)<\/td><td>0.76 ~ 6.14<\/td><\/tr><tr class=\"tbBorderNone\"><td class=\"tbLeft\">COP (EER)<\/td><td>4.36 ~ 2.83<\/td><\/tr><tr><td class=\"tbSubTit\" colspan=\"2\">Agua caliente \u2013 Condici\u00f3n de prueba en funcionamiento:<br \/>Temperatura ambiente 20\u00ba C DB \/ 15\u00ba C WB; Calentar agua de 15\u00baC a 55\u00baC<\/td><\/tr><tr><td class=\"tbLeft\">Capacidad de calefacci\u00f3n m\u00e1xima<\/td><td>23.97 kW ( 81789 BTU\/h )<\/td><\/tr><tr><td class=\"tbLeft\">Potencia de entrada (kW)<\/td><td>5.65<\/td><\/tr><tr class=\"tbBorderNone\"><td class=\"tbLeft\">COP<\/td><td>4.24<\/td><\/tr><tr><td class=\"tbTit\" colspan=\"2\">Especificaciones generales<\/td><\/tr><tr><td class=\"tbLeft\">Intercambiador de calor del lado del aire<\/td><td>Intercambiador de calor con aletas<\/td><\/tr><tr><td class=\"tbLeft\">Intercambiador de calor del lado del agua<\/td><td>Intercambiador de calor de placas (Danfoss)<\/td><\/tr><tr><td class=\"tbLeft\">Tanque de Expansi\u00f3n Integrado (L)<\/td><td>5<\/td><\/tr><tr><td class=\"tbLeft\">Pantalla<\/td><td>T\u00e1ctil color de 4 pulgadas<\/td><\/tr><tr><td class=\"tbLeft\">Caudal de Agua (m\u00b3\/h)<\/td><td>3.4<\/td><\/tr><tr><td class=\"tbLeft\">Ca\u00edda de presi\u00f3n de agua (kPa)<\/td><td>28<\/td><\/tr><tr><td class=\"tbLeft\">Conexiones de agua<\/td><td>1 1\/4\u2033<\/td><\/tr><tr><td class=\"tbLeft\">Presi\u00f3n sonora a 1m<\/td><td>45 ~ 58dB(A)<\/td><\/tr><tr><td class=\"tbLeft\">Rango de temperatura de funcionamiento<\/td><td>-25\u00ba C ~ 43\u00ba C<\/td><\/tr><tr><td class=\"tbLeft\">Temperatura m\u00e1xima de agua en salida (calefacci\u00f3n)<\/td><td>60\u00ba C<\/td><\/tr><tr><td class=\"tbLeft\">Tipo de refrigerante<\/td><td>R32<\/td><\/tr><tr><td class=\"tbLeft\">Grado de protecci\u00f3n<\/td><td>IPX4<\/td><\/tr><tr class=\"tbBorderNone\"><td class=\"tbLeft\">Prueba de choque el\u00e9ctrico<\/td><td>I<\/td><\/tr><tr><td class=\"tbTit\" colspan=\"2\">Especificaciones f\u00edsicas<\/td><\/tr><tr><td class=\"tbLeft\">Dimensiones (mm)<\/td><td>1263 \u00d7 440 \u00d7 1377<\/td><\/tr><tr><td class=\"tbLeft\">Peso neto (kg)<\/td><td>135<\/td><\/tr><\/tbody><\/table>\t\t\t\t\t\t\t<\/div>\n\t\t\t\t\t\t\t\t\t\t\t<\/div>\n\n\t\t\t\t\t\t\t<\/div>\n\t\t<\/div>\n\t\t\t\t\t\t<\/div>\n\t\t\t\t<\/div>\n\t\t\t\t\t<\/div>\n\t\t<\/div>\n\t\t\t\t\t<\/div>\n\t\t<\/section>\n\t\t\t\t\t<\/div>\n\t\t<\/div>\n\t\t\t\t\t<\/div>\n\t\t<\/section>\n\t\t\t\t<section class=\"wd-negative-gap elementor-section elementor-top-section elementor-element elementor-element-36bc7d0 Link_Buttons elementor-section-boxed elementor-section-height-default elementor-section-height-default\" data-id=\"36bc7d0\" data-element_type=\"section\" data-e-type=\"section\" data-settings=\"{&quot;background_background&quot;:&quot;classic&quot;}\">\n\t\t\t\t\t\t<div class=\"elementor-container elementor-column-gap-custom\">\n\t\t\t\t\t<div class=\"elementor-column elementor-col-33 elementor-top-column elementor-element elementor-element-bd4e3a7\" data-id=\"bd4e3a7\" data-element_type=\"column\" data-e-type=\"column\">\n\t\t\t<div class=\"elementor-widget-wrap elementor-element-populated\">\n\t\t\t\t\t\t<div class=\"elementor-element elementor-element-5fc13ba elementor-view-framed elementor-shape-circle elementor-position-block-start elementor-mobile-position-block-start elementor-widget elementor-widget-icon-box\" data-id=\"5fc13ba\" data-element_type=\"widget\" data-e-type=\"widget\" data-widget_type=\"icon-box.default\">\n\t\t\t\t\t\t\t<div class=\"elementor-icon-box-wrapper\">\n\n\t\t\t\t\t\t<div class=\"elementor-icon-box-icon\">\n\t\t\t\t<a href=\"https:\/\/play.google.com\/store\/apps\/details?id=com.tuya.smartlife\" target=\"_blank\" class=\"elementor-icon\" tabindex=\"-1\" rel=\"noopener\">\n\t\t\t\t<svg aria-hidden=\"true\" class=\"e-font-icon-svg e-fab-google-play\" viewBox=\"0 0 512 512\" xmlns=\"http:\/\/www.w3.org\/2000\/svg\"><path d=\"M325.3 234.3L104.6 13l280.8 161.2-60.1 60.1zM47 0C34 6.8 25.3 19.2 25.3 35.3v441.3c0 16.1 8.7 28.5 21.7 35.3l256.6-256L47 0zm425.2 225.6l-58.9-34.1-65.7 64.5 65.7 64.5 60.1-34.1c18-14.3 18-46.5-1.2-60.8zM104.6 499l280.8-161.2-60.1-60.1L104.6 499z\"><\/path><\/svg>\t\t\t\t<\/a>\n\t\t\t<\/div>\n\t\t\t\n\t\t\t\t\t\t<div class=\"elementor-icon-box-content\">\n\n\t\t\t\t\n\t\t\t\t\t\t\t\t\t<p class=\"elementor-icon-box-description\">\n\t\t\t\t\t\tAPLICACI\u00d3N ANDROID\t\t\t\t\t<\/p>\n\t\t\t\t\n\t\t\t<\/div>\n\t\t\t\n\t\t<\/div>\n\t\t\t\t\t\t<\/div>\n\t\t\t\t\t<\/div>\n\t\t<\/div>\n\t\t\t\t<div class=\"elementor-column elementor-col-33 elementor-top-column elementor-element elementor-element-08a993d\" data-id=\"08a993d\" data-element_type=\"column\" data-e-type=\"column\">\n\t\t\t<div class=\"elementor-widget-wrap elementor-element-populated\">\n\t\t\t\t\t\t<div class=\"elementor-element elementor-element-ec4a197 elementor-view-framed elementor-shape-circle elementor-position-block-start elementor-mobile-position-block-start elementor-widget elementor-widget-icon-box\" data-id=\"ec4a197\" data-element_type=\"widget\" data-e-type=\"widget\" data-widget_type=\"icon-box.default\">\n\t\t\t\t\t\t\t<div class=\"elementor-icon-box-wrapper\">\n\n\t\t\t\t\t\t<div class=\"elementor-icon-box-icon\">\n\t\t\t\t<a href=\"https:\/\/apps.apple.com\/app\/smart-life-smart-living\/id1115101477\" target=\"_blank\" class=\"elementor-icon\" tabindex=\"-1\" rel=\"noopener\">\n\t\t\t\t<svg aria-hidden=\"true\" class=\"e-font-icon-svg e-fab-app-store-ios\" viewBox=\"0 0 448 512\" xmlns=\"http:\/\/www.w3.org\/2000\/svg\"><path d=\"M400 32H48C21.5 32 0 53.5 0 80v352c0 26.5 21.5 48 48 48h352c26.5 0 48-21.5 48-48V80c0-26.5-21.5-48-48-48zM127 384.5c-5.5 9.6-17.8 12.8-27.3 7.3-9.6-5.5-12.8-17.8-7.3-27.3l14.3-24.7c16.1-4.9 29.3-1.1 39.6 11.4L127 384.5zm138.9-53.9H84c-11 0-20-9-20-20s9-20 20-20h51l65.4-113.2-20.5-35.4c-5.5-9.6-2.2-21.8 7.3-27.3 9.6-5.5 21.8-2.2 27.3 7.3l8.9 15.4 8.9-15.4c5.5-9.6 17.8-12.8 27.3-7.3 9.6 5.5 12.8 17.8 7.3 27.3l-85.8 148.6h62.1c20.2 0 31.5 23.7 22.7 40zm98.1 0h-29l19.6 33.9c5.5 9.6 2.2 21.8-7.3 27.3-9.6 5.5-21.8 2.2-27.3-7.3-32.9-56.9-57.5-99.7-74-128.1-16.7-29-4.8-58 7.1-67.8 13.1 22.7 32.7 56.7 58.9 102h52c11 0 20 9 20 20 0 11.1-9 20-20 20z\"><\/path><\/svg>\t\t\t\t<\/a>\n\t\t\t<\/div>\n\t\t\t\n\t\t\t\t\t\t<div class=\"elementor-icon-box-content\">\n\n\t\t\t\t\n\t\t\t\t\t\t\t\t\t<p class=\"elementor-icon-box-description\">\n\t\t\t\t\t\tAPLICACI\u00d3N APPLE IOS\t\t\t\t\t<\/p>\n\t\t\t\t\n\t\t\t<\/div>\n\t\t\t\n\t\t<\/div>\n\t\t\t\t\t\t<\/div>\n\t\t\t\t\t<\/div>\n\t\t<\/div>\n\t\t\t\t<div class=\"elementor-column elementor-col-33 elementor-top-column elementor-element elementor-element-ef6e781\" data-id=\"ef6e781\" data-element_type=\"column\" data-e-type=\"column\">\n\t\t\t<div class=\"elementor-widget-wrap elementor-element-populated\">\n\t\t\t\t\t\t<div class=\"elementor-element elementor-element-d14ac7a elementor-view-framed elementor-shape-circle elementor-position-block-start elementor-mobile-position-block-start elementor-widget elementor-widget-icon-box\" data-id=\"d14ac7a\" data-element_type=\"widget\" data-e-type=\"widget\" data-widget_type=\"icon-box.default\">\n\t\t\t\t\t\t\t<div class=\"elementor-icon-box-wrapper\">\n\n\t\t\t\t\t\t<div class=\"elementor-icon-box-icon\">\n\t\t\t\t<a href=\"https:\/\/enertik.com\/wp-content\/uploads\/sites\/3\/documentos\/manuales\/manual-bc-af.pdf\" target=\"_blank\" class=\"elementor-icon\" tabindex=\"-1\">\n\t\t\t\t<svg aria-hidden=\"true\" class=\"e-font-icon-svg e-fas-book\" viewBox=\"0 0 448 512\" xmlns=\"http:\/\/www.w3.org\/2000\/svg\"><path d=\"M448 360V24c0-13.3-10.7-24-24-24H96C43 0 0 43 0 96v320c0 53 43 96 96 96h328c13.3 0 24-10.7 24-24v-16c0-7.5-3.5-14.3-8.9-18.7-4.2-15.4-4.2-59.3 0-74.7 5.4-4.3 8.9-11.1 8.9-18.6zM128 134c0-3.3 2.7-6 6-6h212c3.3 0 6 2.7 6 6v20c0 3.3-2.7 6-6 6H134c-3.3 0-6-2.7-6-6v-20zm0 64c0-3.3 2.7-6 6-6h212c3.3 0 6 2.7 6 6v20c0 3.3-2.7 6-6 6H134c-3.3 0-6-2.7-6-6v-20zm253.4 250H96c-17.7 0-32-14.3-32-32 0-17.6 14.4-32 32-32h285.4c-1.9 17.1-1.9 46.9 0 64z\"><\/path><\/svg>\t\t\t\t<\/a>\n\t\t\t<\/div>\n\t\t\t\n\t\t\t\t\t\t<div class=\"elementor-icon-box-content\">\n\n\t\t\t\t\n\t\t\t\t\t\t\t\t\t<p class=\"elementor-icon-box-description\">\n\t\t\t\t\t\tMANUAL\t\t\t\t\t<\/p>\n\t\t\t\t\n\t\t\t<\/div>\n\t\t\t\n\t\t<\/div>\n\t\t\t\t\t\t<\/div>\n\t\t\t\t\t<\/div>\n\t\t<\/div>\n\t\t\t\t\t<\/div>\n\t\t<\/section>\n\t\t\t\t<\/div>\n\t\t","protected":false},"excerpt":{"rendered":"<p class=\"p1\">Trif\u00e1sica &#8211; Potencia m\u00e1xima de calentamiento: 20,49kW.<\/p>\n<p>Esta bomba de calor da todo lo que necesites con respecto a la climatizaci\u00f3n y la temperatura.<\/p>\n<p>Re\u00fane en un solo equipo todas las funciones necesarias para hacer un hogar o un local en un ambiente c\u00f3modo \u2013 Calefacci\u00f3n, Refrigeraci\u00f3n (aire acondicionado) y Agua Caliente.<\/p>\n<p>Tiene nivel de eficiencia energ\u00e9tica europea A+++ con un COP promedio de 4.5. Es decir, por cada 1kW de energ\u00eda consumida el equipo es capaz de calentar o refrigerar con una potencia de 4.5kW (m\u00e1ximo te\u00f3rico), lo cual es extremadamente eficiente.<\/p>\n<p>Ayuda a reducir el uso de la electricidad, ahorrando dinero y cuidando el medio ambiente.<\/p>\n<p>Tiene la funci\u00f3n de monitoreo y control por Wifi integrada, y viene con un panel de control remoto f\u00edsico.<\/p>\n","protected":false},"featured_media":32675,"comment_status":"open","ping_status":"closed","template":"","meta":{"_relevanssi_hide_post":"","_relevanssi_hide_content":"","_relevanssi_pin_for_all":"","_relevanssi_pin_keywords":"","_relevanssi_unpin_keywords":"","_relevanssi_related_keywords":"","_relevanssi_related_include_ids":"","_relevanssi_related_exclude_ids":"","_relevanssi_related_no_append":"","_relevanssi_related_not_related":"","_relevanssi_related_posts":"","_relevanssi_noindex_reason":"","inline_featured_image":false},"product_brand":[],"product_cat":[1739],"product_tag":[1958],"class_list":{"0":"post-36600","1":"product","2":"type-product","3":"status-publish","4":"has-post-thumbnail","6":"product_cat-bombas-de-calor","7":"product_tag-nuevos","8":"pa_gtin-4772","9":"pa_marca-enertik","10":"pa_mpn-af200hcr4ut","12":"first","13":"instock","14":"taxable","15":"shipping-taxable","16":"purchasable","17":"product-type-simple"},"bundled_by":[],"bundle_stock_status":"instock","bundle_stock_quantity":4,"bundle_virtual":false,"bundle_layout":"","bundle_add_to_cart_form_location":"","bundle_editable_in_cart":false,"bundle_sold_individually_context":"","bundle_item_grouping":"","bundle_min_size":"","bundle_max_size":"","bundle_price":[],"bundled_items":[],"bundle_sell_ids":[],"group_of_quantity":0,"min_quantity":0,"max_quantity":"","exclude_order_quantity_value_rules":"no","exclude_category_quantity_rules":"no","combine_variations":"no","exclude_global_add_ons":[],"addons":[],"_links":{"self":[{"href":"https:\/\/enertik.com\/cl\/wp-json\/wp\/v2\/product\/36600","targetHints":{"allow":["GET"]}}],"collection":[{"href":"https:\/\/enertik.com\/cl\/wp-json\/wp\/v2\/product"}],"about":[{"href":"https:\/\/enertik.com\/cl\/wp-json\/wp\/v2\/types\/product"}],"replies":[{"embeddable":true,"href":"https:\/\/enertik.com\/cl\/wp-json\/wp\/v2\/comments?post=36600"}],"version-history":[{"count":0,"href":"https:\/\/enertik.com\/cl\/wp-json\/wp\/v2\/product\/36600\/revisions"}],"wp:featuredmedia":[{"embeddable":true,"href":"https:\/\/enertik.com\/cl\/wp-json\/wp\/v2\/media\/32675"}],"wp:attachment":[{"href":"https:\/\/enertik.com\/cl\/wp-json\/wp\/v2\/media?parent=36600"}],"wp:term":[{"taxonomy":"product_brand","embeddable":true,"href":"https:\/\/enertik.com\/cl\/wp-json\/wp\/v2\/product_brand?post=36600"},{"taxonomy":"product_cat","embeddable":true,"href":"https:\/\/enertik.com\/cl\/wp-json\/wp\/v2\/product_cat?post=36600"},{"taxonomy":"product_tag","embeddable":true,"href":"https:\/\/enertik.com\/cl\/wp-json\/wp\/v2\/product_tag?post=36600"}],"curies":[{"name":"wp","href":"https:\/\/api.w.org\/{rel}","templated":true}]}}