{"id":32946,"date":"2024-04-04T10:52:46","date_gmt":"2024-04-04T13:52:46","guid":{"rendered":"https:\/\/enertik.com\/cl\/?post_type=product&#038;p=32946"},"modified":"2026-04-09T04:29:00","modified_gmt":"2026-04-09T08:29:00","slug":"bomba-de-circulacion-mizu-260w-13m-50l-min","status":"publish","type":"product","link":"https:\/\/enertik.com\/cl\/tienda\/otros-productos\/bomba-de-circulacion\/bomba-de-circulacion-mizu-260w-13m-50lmin\/","title":{"rendered":"Bomba de Circulaci\u00f3n Mizu 260W &#8211; 13M 50L\/min"},"content":{"rendered":"\t\t<div data-elementor-type=\"product-post\" data-elementor-id=\"32946\" class=\"elementor elementor-32946\" data-elementor-post-type=\"product\">\n\t\t\t\t\t\t<section class=\"wd-negative-gap elementor-section elementor-top-section elementor-element elementor-element-c157b77 Product_Description elementor-section-boxed elementor-section-height-default elementor-section-height-default\" data-id=\"c157b77\" data-element_type=\"section\" data-e-type=\"section\">\n\t\t\t\t\t\t<div class=\"elementor-container elementor-column-gap-default\">\n\t\t\t\t\t<div class=\"elementor-column elementor-col-100 elementor-top-column elementor-element elementor-element-78fd703\" data-id=\"78fd703\" data-element_type=\"column\" data-e-type=\"column\" data-settings=\"{&quot;background_background&quot;:&quot;classic&quot;}\">\n\t\t\t<div class=\"elementor-widget-wrap elementor-element-populated\">\n\t\t\t\t\t\t<section class=\"wd-negative-gap elementor-section elementor-inner-section elementor-element elementor-element-7e48d18 elementor-section-boxed elementor-section-height-default elementor-section-height-default\" data-id=\"7e48d18\" data-element_type=\"section\" data-e-type=\"section\">\n\t\t\t\t\t\t<div class=\"elementor-container elementor-column-gap-default\">\n\t\t\t\t\t<div class=\"elementor-column elementor-col-100 elementor-inner-column elementor-element elementor-element-6de328d\" data-id=\"6de328d\" data-element_type=\"column\" data-e-type=\"column\">\n\t\t\t<div class=\"elementor-widget-wrap elementor-element-populated\">\n\t\t\t\t\t\t<div class=\"elementor-element elementor-element-3ae5305 elementor-widget elementor-widget-wd_tabs\" data-id=\"3ae5305\" data-element_type=\"widget\" data-e-type=\"widget\" data-widget_type=\"wd_tabs.default\">\n\t\t\t\t<div class=\"elementor-widget-container\">\n\t\t\t\t\t\t\t<div class=\"wd-tabs tabs-design-default\">\n\t\t\t<div class=\"wd-tabs-header text-center\">\n\t\t\t\t\n\t\t\t\t\n\t\t\t\t<div class=\"wd-nav-wrapper wd-nav-tabs-wrapper wd-mb-action-swipe\">\n\t\t\t\t\t<ul class=\"wd-nav wd-nav-tabs wd-icon-pos-left wd-style-underline\">\n\t\t\t\t\t\t\t\t\t\t\t\t\t\n\t\t\t\t\t\t\t<li>\n\t\t\t\t\t\t\t\t<a href=\"#\" class=\"wd-nav-link\">\n\t\t\t\t\t\t\t\t\t\n\t\t\t\t\t\t\t\t\t<span class=\"nav-link-text wd-tabs-title\">\n\t\t\t\t\t\t\t\t\t\tVENTAJAS\t\t\t\t\t\t\t\t\t<\/span>\n\t\t\t\t\t\t\t\t<\/a>\n\t\t\t\t\t\t\t<\/li>\n\n\t\t\t\t\t\t\t\t\t\t\t\t\t\n\t\t\t\t\t\t\t<li>\n\t\t\t\t\t\t\t\t<a href=\"#\" class=\"wd-nav-link\">\n\t\t\t\t\t\t\t\t\t\n\t\t\t\t\t\t\t\t\t<span class=\"nav-link-text wd-tabs-title\">\n\t\t\t\t\t\t\t\t\t\tESPECIFICACIONES\t\t\t\t\t\t\t\t\t<\/span>\n\t\t\t\t\t\t\t\t<\/a>\n\t\t\t\t\t\t\t<\/li>\n\n\t\t\t\t\t\t\t\t\t\t\t<\/ul>\n\t\t\t\t<\/div>\n\t\t\t<\/div>\n\n\t\t\t<div class=\"wd-tabs-content-wrapper\">\n\t\t\t\t\t\t\t\t\t\t\t\t\t\t\n\t\t\t\t\t<div class=\"wd-tab-content wd-entry-content\">\n\t\t\t\t\t\t\t\t\t\t\t\t\t<div >\n\t\t\t\t\t\t\t\t<ul><li class=\"p1\">Buen rendimiento que permite recircular el agua caliente de forma r\u00e1pida<\/li><li class=\"p1\">Funcionamiento silencioso<\/li><li class=\"p1\">Motor fabricado con cobre de alta calidad<\/li><li class=\"p1\">Carcasa del motor hecha de aluminio de nivel aeron\u00e1utico<\/li><li class=\"p1\">Protecci\u00f3n de sobrecalentamiento<\/li><\/ul>\t\t\t\t\t\t\t<\/div>\n\t\t\t\t\t\t\t\t\t\t\t<\/div>\n\n\t\t\t\t\t\t\t\t\t\t\t\t\t\t\n\t\t\t\t\t<div class=\"wd-tab-content wd-entry-content\">\n\t\t\t\t\t\t\t\t\t\t\t\t\t<div >\n\t\t\t\t\t\t\t\t<table><tbody><tr class=\"tbBorderNone\"><td class=\"tbLeft\">Modelo<\/td><td>MBC25-13<\/td><\/tr><tr><td class=\"tbTit\" colspan=\"3\">Especificaciones el\u00e9ctricas<\/td><\/tr><tr><td class=\"tbLeft\">Interfaz de entrada<\/td><td>Enchufe de Chile<\/td><\/tr><tr><td class=\"tbLeft\">Tensi\u00f3n de entrada<\/td><td>220 \u2013 240 VCA<\/td><\/tr><tr><td class=\"tbLeft\">Frecuencia de entrada<\/td><td>50 Hz<\/td><\/tr><tr class=\"tbBorderNone\"><td class=\"tbLeft\">Potencia<\/td><td>260 W<\/td><\/tr><tr><td class=\"tbTit\" colspan=\"3\">Datos generales<\/td><\/tr><tr><td class=\"tbLeft\">Flujo m\u00e1ximo<\/td><td>50 L\/min<\/td><\/tr><tr><td class=\"tbLeft\">Altura manom\u00e9trica m\u00e1xima<\/td><td>13 m<\/td><\/tr><tr><td class=\"tbLeft\">Conexi\u00f3n de tuber\u00eda<\/td><td>1\" (DN20mm)<\/td><\/tr><tr><td class=\"tbLeft\">Longitud puerto de entrada - puerto de salida<\/td><td>200 mm<\/td><\/tr><tr><td class=\"tbLeft\">Temperatura de funcionamiento<\/td><td>0 \u2013 95 \u00b0 C<\/td><\/tr><tr><td class=\"tbLeft\">Temperatura de funcionamiento \u00f3ptimo<\/td><td>&lt; 60 \u00b0 C<\/td><\/tr><tr><td class=\"tbLeft\">Max. Presi\u00f3n de trabajo<\/td><td>6 bar<\/td><\/tr><tr><td class=\"tbLeft\">Nivel de presi\u00f3n del sistema de tuber\u00edas<\/td><td>PN10<\/td><\/tr><tr><td class=\"tbLeft\">Modos de trabajo<\/td><td>Auto \/ Off \/ Manual<\/td><\/tr><tr class=\"tbBorderNone\"><td class=\"tbLeft\">Nivel de ruido<\/td><td>\u2264 45 dB(A)<\/td><\/tr><tr><td class=\"tbTit\" colspan=\"3\">Material<\/td><\/tr><tr><td class=\"tbLeft\">Cuerpo de bomba<\/td><td>Hierro fundido<\/td><\/tr><tr><td class=\"tbLeft\">Impulsor<\/td><td>PP<\/td><\/tr><tr><td class=\"tbLeft\">Carcasa del motor<\/td><td>Aluminio de nivel aeron\u00e1utico<\/td><\/tr><tr><td class=\"tbLeft\">Alojamiento del rotor<\/td><td>Acero inoxidable<\/td><\/tr><tr class=\"tbBorderNone\"><td class=\"tbLeft\">Eje<\/td><td>Cer\u00e1mica<\/td><\/tr><tr><td class=\"tbTit\" colspan=\"3\">Caracter\u00edsticas f\u00edsicas<\/td><\/tr><tr><td class=\"tbLeft\">Grado de protecci\u00f3n<\/td><td>IP44<\/td><\/tr><tr><td class=\"tbLeft\">Dimensiones<\/td><td>180 x 162 x 150<\/td><\/tr><tr class=\"tbBorderNone\"><td class=\"tbLeft\">Peso (Kg)<\/td><td>6.3<\/td><\/tr><\/tbody><\/table>\t\t\t\t\t\t\t<\/div>\n\t\t\t\t\t\t\t\t\t\t\t<\/div>\n\n\t\t\t\t\t\t\t<\/div>\n\t\t<\/div>\n\t\t\t\t\t\t<\/div>\n\t\t\t\t<\/div>\n\t\t\t\t\t<\/div>\n\t\t<\/div>\n\t\t\t\t\t<\/div>\n\t\t<\/section>\n\t\t\t\t\t<\/div>\n\t\t<\/div>\n\t\t\t\t\t<\/div>\n\t\t<\/section>\n\t\t\t\t<section class=\"wd-negative-gap elementor-section elementor-top-section elementor-element elementor-element-d0b248f Link_Buttons elementor-section-boxed elementor-section-height-default elementor-section-height-default\" data-id=\"d0b248f\" data-element_type=\"section\" data-e-type=\"section\" data-settings=\"{&quot;background_background&quot;:&quot;classic&quot;}\">\n\t\t\t\t\t\t<div class=\"elementor-container elementor-column-gap-custom\">\n\t\t\t\t\t<div class=\"elementor-column elementor-col-100 elementor-top-column elementor-element elementor-element-5a3c703\" data-id=\"5a3c703\" data-element_type=\"column\" data-e-type=\"column\">\n\t\t\t<div class=\"elementor-widget-wrap elementor-element-populated\">\n\t\t\t\t\t\t<div class=\"elementor-element elementor-element-ed0522c elementor-view-framed elementor-shape-circle elementor-position-block-start elementor-mobile-position-block-start elementor-widget elementor-widget-icon-box\" data-id=\"ed0522c\" data-element_type=\"widget\" data-e-type=\"widget\" data-widget_type=\"icon-box.default\">\n\t\t\t\t\t\t\t<div class=\"elementor-icon-box-wrapper\">\n\n\t\t\t\t\t\t<div class=\"elementor-icon-box-icon\">\n\t\t\t\t<a href=\"https:\/\/enertik.com\/wp-content\/uploads\/sites\/3\/documentos\/manuales\/mbc-manual-neutral-v2.pdf\" target=\"_blank\" class=\"elementor-icon\" tabindex=\"-1\">\n\t\t\t\t<svg aria-hidden=\"true\" class=\"e-font-icon-svg e-fas-book\" viewBox=\"0 0 448 512\" xmlns=\"http:\/\/www.w3.org\/2000\/svg\"><path d=\"M448 360V24c0-13.3-10.7-24-24-24H96C43 0 0 43 0 96v320c0 53 43 96 96 96h328c13.3 0 24-10.7 24-24v-16c0-7.5-3.5-14.3-8.9-18.7-4.2-15.4-4.2-59.3 0-74.7 5.4-4.3 8.9-11.1 8.9-18.6zM128 134c0-3.3 2.7-6 6-6h212c3.3 0 6 2.7 6 6v20c0 3.3-2.7 6-6 6H134c-3.3 0-6-2.7-6-6v-20zm0 64c0-3.3 2.7-6 6-6h212c3.3 0 6 2.7 6 6v20c0 3.3-2.7 6-6 6H134c-3.3 0-6-2.7-6-6v-20zm253.4 250H96c-17.7 0-32-14.3-32-32 0-17.6 14.4-32 32-32h285.4c-1.9 17.1-1.9 46.9 0 64z\"><\/path><\/svg>\t\t\t\t<\/a>\n\t\t\t<\/div>\n\t\t\t\n\t\t\t\t\t\t<div class=\"elementor-icon-box-content\">\n\n\t\t\t\t\n\t\t\t\t\t\t\t\t\t<p class=\"elementor-icon-box-description\">\n\t\t\t\t\t\tMANUAL\t\t\t\t\t<\/p>\n\t\t\t\t\n\t\t\t<\/div>\n\t\t\t\n\t\t<\/div>\n\t\t\t\t\t\t<\/div>\n\t\t\t\t\t<\/div>\n\t\t<\/div>\n\t\t\t\t\t<\/div>\n\t\t<\/section>\n\t\t\t\t<\/div>\n\t\t","protected":false},"excerpt":{"rendered":"<p>Potencia: 260W. Bomba de circulaci\u00f3n 220VCA 50Hz para sistemas de tuber\u00edas de viviendas \/ comercios.<\/p>\n<p class=\"p1\">Las bombas de circulaci\u00f3n serie MBC est\u00e1n dise\u00f1adas para ofrecer el m\u00e1ximo rendimiento y eficiencia en un sistema de suministro de agua dom\u00e9stico o industrial.<\/p>\n<p class=\"p1\">Garantizan un flujo constante y uniforme de agua y se destaca por su capacidad para manejar temperaturas de agua caliente de hasta 95 grados cent\u00edgrados.<\/p>\n<p class=\"p1\">Adem\u00e1s, cuenta con un sensor de flujo integrado que optimiza autom\u00e1ticamente el funcionamiento de la bomba seg\u00fan las demandas de agua, lo que asegura un rendimiento \u00f3ptimo y un consumo de energ\u00eda reducido.<\/p>\n","protected":false},"featured_media":32938,"comment_status":"open","ping_status":"closed","template":"","meta":{"_relevanssi_hide_post":"","_relevanssi_hide_content":"","_relevanssi_pin_for_all":"","_relevanssi_pin_keywords":"","_relevanssi_unpin_keywords":"","_relevanssi_related_keywords":"","_relevanssi_related_include_ids":"","_relevanssi_related_exclude_ids":"","_relevanssi_related_no_append":"","_relevanssi_related_not_related":"","_relevanssi_related_posts":"","_relevanssi_noindex_reason":"","inline_featured_image":false},"product_brand":[],"product_cat":[1711,1967],"product_tag":[],"class_list":{"0":"post-32946","1":"product","2":"type-product","3":"status-publish","4":"has-post-thumbnail","6":"product_cat-accesorios-de-energia-termica","7":"product_cat-bomba-de-circulacion","8":"pa_marca-mizu","9":"pa_mpn-mbc25-13","11":"first","12":"instock","13":"taxable","14":"shipping-taxable","15":"purchasable","16":"product-type-simple"},"bundled_by":[],"bundle_stock_status":"instock","bundle_stock_quantity":29,"bundle_virtual":false,"bundle_layout":"","bundle_add_to_cart_form_location":"","bundle_editable_in_cart":false,"bundle_sold_individually_context":"","bundle_item_grouping":"","bundle_min_size":"","bundle_max_size":"","bundle_price":[],"bundled_items":[],"bundle_sell_ids":[],"group_of_quantity":0,"min_quantity":0,"max_quantity":"","exclude_order_quantity_value_rules":"no","exclude_category_quantity_rules":"no","combine_variations":"no","exclude_global_add_ons":[],"addons":[],"_links":{"self":[{"href":"https:\/\/enertik.com\/cl\/wp-json\/wp\/v2\/product\/32946","targetHints":{"allow":["GET"]}}],"collection":[{"href":"https:\/\/enertik.com\/cl\/wp-json\/wp\/v2\/product"}],"about":[{"href":"https:\/\/enertik.com\/cl\/wp-json\/wp\/v2\/types\/product"}],"replies":[{"embeddable":true,"href":"https:\/\/enertik.com\/cl\/wp-json\/wp\/v2\/comments?post=32946"}],"version-history":[{"count":0,"href":"https:\/\/enertik.com\/cl\/wp-json\/wp\/v2\/product\/32946\/revisions"}],"wp:featuredmedia":[{"embeddable":true,"href":"https:\/\/enertik.com\/cl\/wp-json\/wp\/v2\/media\/32938"}],"wp:attachment":[{"href":"https:\/\/enertik.com\/cl\/wp-json\/wp\/v2\/media?parent=32946"}],"wp:term":[{"taxonomy":"product_brand","embeddable":true,"href":"https:\/\/enertik.com\/cl\/wp-json\/wp\/v2\/product_brand?post=32946"},{"taxonomy":"product_cat","embeddable":true,"href":"https:\/\/enertik.com\/cl\/wp-json\/wp\/v2\/product_cat?post=32946"},{"taxonomy":"product_tag","embeddable":true,"href":"https:\/\/enertik.com\/cl\/wp-json\/wp\/v2\/product_tag?post=32946"}],"curies":[{"name":"wp","href":"https:\/\/api.w.org\/{rel}","templated":true}]}}