{"id":32492,"date":"2024-03-27T10:17:00","date_gmt":"2024-03-27T13:17:00","guid":{"rendered":"https:\/\/enertik.com\/cl\/?post_type=product&#038;p=32492"},"modified":"2026-04-09T15:31:34","modified_gmt":"2026-04-09T19:31:34","slug":"tanque-para-termo-solar-presurizado-acero-inoxidable-premium-300l","status":"publish","type":"product","link":"https:\/\/enertik.com\/cl\/tienda\/solar-termica\/accesorios-de-energia-termica\/presurizados\/tanque-para-termo-solar-presurizado-acero-inoxidable-premium-300l\/","title":{"rendered":"Tanque para Termo Solar Presurizado \u2013 Acero Inoxidable Premium 300L"},"content":{"rendered":"\t\t<div data-elementor-type=\"product-post\" data-elementor-id=\"32492\" class=\"elementor elementor-32492\" data-elementor-post-type=\"product\">\n\t\t\t\t\t\t<section class=\"wd-negative-gap elementor-section elementor-top-section elementor-element elementor-element-2623f7b Product_Description elementor-section-boxed elementor-section-height-default elementor-section-height-default\" data-id=\"2623f7b\" data-element_type=\"section\" data-e-type=\"section\">\n\t\t\t\t\t\t<div class=\"elementor-container elementor-column-gap-default\">\n\t\t\t\t\t<div class=\"elementor-column elementor-col-100 elementor-top-column elementor-element elementor-element-d33e228\" data-id=\"d33e228\" data-element_type=\"column\" data-e-type=\"column\" data-settings=\"{&quot;background_background&quot;:&quot;classic&quot;}\">\n\t\t\t<div class=\"elementor-widget-wrap elementor-element-populated\">\n\t\t\t\t\t\t<section class=\"wd-negative-gap elementor-section elementor-inner-section elementor-element elementor-element-9e839ad elementor-section-boxed elementor-section-height-default elementor-section-height-default\" data-id=\"9e839ad\" data-element_type=\"section\" data-e-type=\"section\">\n\t\t\t\t\t\t<div class=\"elementor-container elementor-column-gap-default\">\n\t\t\t\t\t<div class=\"elementor-column elementor-col-100 elementor-inner-column elementor-element elementor-element-2f2986c\" data-id=\"2f2986c\" data-element_type=\"column\" data-e-type=\"column\">\n\t\t\t<div class=\"elementor-widget-wrap elementor-element-populated\">\n\t\t\t\t\t\t<div class=\"elementor-element elementor-element-bd95aa1 elementor-widget elementor-widget-wd_tabs\" data-id=\"bd95aa1\" data-element_type=\"widget\" data-e-type=\"widget\" data-widget_type=\"wd_tabs.default\">\n\t\t\t\t<div class=\"elementor-widget-container\">\n\t\t\t\t\t\t\t<div class=\"wd-tabs tabs-design-default\">\n\t\t\t<div class=\"wd-tabs-header text-center\">\n\t\t\t\t\n\t\t\t\t\n\t\t\t\t<div class=\"wd-nav-wrapper wd-nav-tabs-wrapper wd-mb-action-swipe\">\n\t\t\t\t\t<ul class=\"wd-nav wd-nav-tabs wd-icon-pos-left wd-style-underline\">\n\t\t\t\t\t\t\t\t\t\t\t\t\t\n\t\t\t\t\t\t\t<li>\n\t\t\t\t\t\t\t\t<a href=\"#\" class=\"wd-nav-link\">\n\t\t\t\t\t\t\t\t\t\n\t\t\t\t\t\t\t\t\t<span class=\"nav-link-text wd-tabs-title\">\n\t\t\t\t\t\t\t\t\t\tESPECIFICACIONES\t\t\t\t\t\t\t\t\t<\/span>\n\t\t\t\t\t\t\t\t<\/a>\n\t\t\t\t\t\t\t<\/li>\n\n\t\t\t\t\t\t\t\t\t\t\t<\/ul>\n\t\t\t\t<\/div>\n\t\t\t<\/div>\n\n\t\t\t<div class=\"wd-tabs-content-wrapper\">\n\t\t\t\t\t\t\t\t\t\t\t\t\t\t\n\t\t\t\t\t<div class=\"wd-tab-content wd-entry-content\">\n\t\t\t\t\t\t\t\t\t\t\t\t\t<div >\n\t\t\t\t\t\t\t\t<table>\n<tbody>\n<tr class=\"tbBorderNone\">\n<td class=\"tbLeft\">Modelo<\/td>\n<td colspan=\"3\">SWP-300T(i)<\/td>\n<\/tr>\n<tr>\n<td class=\"tbTit\" colspan=\"4\">Especificaciones generales<\/td>\n<\/tr>\n<tr>\n<td class=\"tbLeft\">Tipo<\/td>\n<td colspan=\"3\">Termotanque<\/td>\n<\/tr>\n<tr>\n<td class=\"tbLeft\">Sistema<\/td>\n<td colspan=\"3\">Presurizado<\/td>\n<\/tr>\n<tr>\n<td class=\"tbLeft\">Presi\u00f3n m\u00e1xima de trabajo<\/td>\n<td colspan=\"3\">6 bar<\/td>\n<\/tr>\n<tr>\n<td class=\"tbLeft\">Cantidad de usuarios \/ personas<\/td>\n<td colspan=\"3\">6 ~ 9<\/td>\n<\/tr>\n<tr class=\"tbBorderNone\">\n<td class=\"tbLeft\">Vida \u00fatil m\u00e1xima<\/td>\n<td colspan=\"3\">M\u00e1s de 15 a\u00f1os<\/td>\n<\/tr>\n<tr>\n<td class=\"tbTit\" colspan=\"4\">Especificaciones del tanque<\/td>\n<\/tr>\n<tr>\n<td class=\"tbLeft\">Capacidad del tanque<\/td>\n<td colspan=\"3\">300L<\/td>\n<\/tr>\n<tr>\n<td class=\"tbLeft\">Material tanque interno \/ espesor (mm)<\/td>\n<td colspan=\"3\">Acero Inoxidable SUS304-2B \/ 0.51<\/td>\n<\/tr>\n<tr>\n<td class=\"tbLeft\">Material tanque externo \/ espesor (mm)<\/td>\n<td colspan=\"3\">Acero Inoxidable SUS304-2B \/ 0.40<\/td>\n<\/tr>\n<tr>\n<td class=\"tbLeft\">Di\u00e1metro tanque interno \/ externo (mm)<\/td>\n<td colspan=\"3\">360 \/ 460<\/td>\n<\/tr>\n<tr class=\"tbBorderNone\">\n<td class=\"tbLeft\">Aislamiento t\u00e9rmico \/ espesor (mm)<\/td>\n<td colspan=\"3\">Espuma de poliuretano de alta densidad \/ 50<\/td>\n<\/tr>\n<tr>\n<td class=\"tbTit\" colspan=\"4\">Especificaciones de temperatura<\/td>\n<\/tr>\n<tr>\n<td class=\"tbLeft\">Temperatura promedio en verano<\/td>\n<td colspan=\"3\">70\u00baC ~ 85\u00baC<\/td>\n<\/tr>\n<tr>\n<td class=\"tbLeft\">Temperatura promedio en invierno<\/td>\n<td colspan=\"3\">45\u00baC ~ 55\u00baC<\/td>\n<\/tr>\n<tr>\n<td class=\"tbLeft\">Temperatura promedio inicial (verano)<\/td>\n<td colspan=\"3\">\u2264 65\u00baC a los 90 min<\/td>\n<\/tr>\n<tr class=\"tbBorderNone\">\n<td class=\"tbLeft\">Preservaci\u00f3n del calor en tanque<\/td>\n<td colspan=\"3\">60 ~ 72h<\/td>\n<\/tr>\n<tr>\n<td class=\"tbTit\" colspan=\"4\">Especificaciones del embalaje<\/td>\n<\/tr>\n<tr>\n<td class=\"tbLeft\"><\/td>\n<td>Cantidad de bultos<\/td>\n<td>Dimensiones (mm)<\/td>\n<td>Peso neto (kg)<\/td>\n<\/tr>\n<tr>\n<td class=\"tbLeft\">Tanque<\/td>\n<td>1<\/td>\n<td>2460 x 490 x 500<\/td>\n<td>32<\/td>\n<\/tr>\n<\/tbody>\n<\/table>\t\t\t\t\t\t\t<\/div>\n\t\t\t\t\t\t\t\t\t\t\t<\/div>\n\n\t\t\t\t\t\t\t<\/div>\n\t\t<\/div>\n\t\t\t\t\t\t<\/div>\n\t\t\t\t<\/div>\n\t\t\t\t\t<\/div>\n\t\t<\/div>\n\t\t\t\t\t<\/div>\n\t\t<\/section>\n\t\t\t\t\t<\/div>\n\t\t<\/div>\n\t\t\t\t\t<\/div>\n\t\t<\/section>\n\t\t\t\t<\/div>\n\t\t","protected":false},"excerpt":{"rendered":"<p>Tanque para modelo SWP-300(i).<\/p>\n<p>Cantidad de usuarios: 6~9. Tanque interno de acero inoxidable 304. Espuma de poliuretano de alta densidad como aislante. Temperatura promedio en invierno 45\u00baC ~ 55\u00baC. Preservaci\u00f3n del calor en tanque durante 60 ~ 72h. Vida \u00fatil m\u00e1xima: 15 a\u00f1os.<\/p>\n","protected":false},"featured_media":9170,"comment_status":"open","ping_status":"closed","template":"","meta":{"_relevanssi_hide_post":"","_relevanssi_hide_content":"","_relevanssi_pin_for_all":"","_relevanssi_pin_keywords":"","_relevanssi_unpin_keywords":"","_relevanssi_related_keywords":"","_relevanssi_related_include_ids":"","_relevanssi_related_exclude_ids":"","_relevanssi_related_no_append":"","_relevanssi_related_not_related":"","_relevanssi_related_posts":"","_relevanssi_noindex_reason":"","inline_featured_image":false},"product_brand":[],"product_cat":[1711,1713,1710],"product_tag":[],"class_list":{"0":"post-32492","1":"product","2":"type-product","3":"status-publish","4":"has-post-thumbnail","6":"product_cat-accesorios-de-energia-termica","7":"product_cat-presurizados","8":"product_cat-termos-solares-presurizados","9":"pa_gtin-4565","10":"pa_litros-300l","11":"pa_marca-enertik","12":"pa_material-acero-inox-premium","13":"pa_mpn-swp-300ti","14":"pa_mpn-swp-300tism","16":"first","17":"outofstock","18":"taxable","19":"shipping-taxable","20":"purchasable","21":"product-type-variable","22":"has-default-attributes"},"bundled_by":[],"bundle_stock_status":"outofstock","bundle_stock_quantity":null,"bundle_virtual":false,"bundle_layout":"","bundle_add_to_cart_form_location":"","bundle_editable_in_cart":false,"bundle_sold_individually_context":"","bundle_item_grouping":"","bundle_min_size":"","bundle_max_size":"","bundle_price":[],"bundled_items":[],"bundle_sell_ids":[],"group_of_quantity":0,"min_quantity":0,"max_quantity":"","exclude_order_quantity_value_rules":"no","exclude_category_quantity_rules":"no","combine_variations":"no","exclude_global_add_ons":[],"addons":[],"_links":{"self":[{"href":"https:\/\/enertik.com\/cl\/wp-json\/wp\/v2\/product\/32492","targetHints":{"allow":["GET"]}}],"collection":[{"href":"https:\/\/enertik.com\/cl\/wp-json\/wp\/v2\/product"}],"about":[{"href":"https:\/\/enertik.com\/cl\/wp-json\/wp\/v2\/types\/product"}],"replies":[{"embeddable":true,"href":"https:\/\/enertik.com\/cl\/wp-json\/wp\/v2\/comments?post=32492"}],"version-history":[{"count":0,"href":"https:\/\/enertik.com\/cl\/wp-json\/wp\/v2\/product\/32492\/revisions"}],"wp:featuredmedia":[{"embeddable":true,"href":"https:\/\/enertik.com\/cl\/wp-json\/wp\/v2\/media\/9170"}],"wp:attachment":[{"href":"https:\/\/enertik.com\/cl\/wp-json\/wp\/v2\/media?parent=32492"}],"wp:term":[{"taxonomy":"product_brand","embeddable":true,"href":"https:\/\/enertik.com\/cl\/wp-json\/wp\/v2\/product_brand?post=32492"},{"taxonomy":"product_cat","embeddable":true,"href":"https:\/\/enertik.com\/cl\/wp-json\/wp\/v2\/product_cat?post=32492"},{"taxonomy":"product_tag","embeddable":true,"href":"https:\/\/enertik.com\/cl\/wp-json\/wp\/v2\/product_tag?post=32492"}],"curies":[{"name":"wp","href":"https:\/\/api.w.org\/{rel}","templated":true}]}}