{"id":29802,"date":"2024-01-31T10:39:48","date_gmt":"2024-01-31T13:39:48","guid":{"rendered":"https:\/\/enertik.com\/cl\/?post_type=product&#038;p=29802"},"modified":"2026-04-09T04:31:32","modified_gmt":"2026-04-09T08:31:32","slug":"inversor-y-cargador-de-baterias-11kw-48vcc-2","status":"publish","type":"product","link":"https:\/\/enertik.com\/cl\/tienda\/inversores\/inversores-cargadores\/con-regulador-solar-mppt\/inversor-y-cargador-de-baterias-11kw-48vcc-2-entradas-2-salidas\/","title":{"rendered":"Inversor y Cargador de Bater\u00edas 11Kw &#8211; 48Vcc (2 Entradas \/ 2 Salidas)"},"content":{"rendered":"\t\t<div data-elementor-type=\"product-post\" data-elementor-id=\"29802\" class=\"elementor elementor-29802\" data-elementor-post-type=\"product\">\n\t\t\t\t\t\t<section class=\"wd-negative-gap elementor-section elementor-top-section elementor-element elementor-element-fc48da3 Product_Description elementor-section-boxed elementor-section-height-default elementor-section-height-default\" data-id=\"fc48da3\" data-element_type=\"section\" data-e-type=\"section\">\n\t\t\t\t\t\t<div class=\"elementor-container elementor-column-gap-default\">\n\t\t\t\t\t<div class=\"elementor-column elementor-col-100 elementor-top-column elementor-element elementor-element-76e33bb\" data-id=\"76e33bb\" data-element_type=\"column\" data-e-type=\"column\" data-settings=\"{&quot;background_background&quot;:&quot;classic&quot;}\">\n\t\t\t<div class=\"elementor-widget-wrap elementor-element-populated\">\n\t\t\t\t\t\t<section class=\"wd-negative-gap elementor-section elementor-inner-section elementor-element elementor-element-00e9231 elementor-section-boxed elementor-section-height-default elementor-section-height-default\" data-id=\"00e9231\" data-element_type=\"section\" data-e-type=\"section\">\n\t\t\t\t\t\t<div class=\"elementor-container elementor-column-gap-default\">\n\t\t\t\t\t<div class=\"elementor-column elementor-col-100 elementor-inner-column elementor-element elementor-element-2aac18b\" data-id=\"2aac18b\" data-element_type=\"column\" data-e-type=\"column\">\n\t\t\t<div class=\"elementor-widget-wrap elementor-element-populated\">\n\t\t\t\t\t\t<div class=\"elementor-element elementor-element-3d51702 elementor-widget elementor-widget-wd_tabs\" data-id=\"3d51702\" data-element_type=\"widget\" data-e-type=\"widget\" data-widget_type=\"wd_tabs.default\">\n\t\t\t\t<div class=\"elementor-widget-container\">\n\t\t\t\t\t\t\t<div class=\"wd-tabs tabs-design-default\">\n\t\t\t<div class=\"wd-tabs-header text-center\">\n\t\t\t\t\n\t\t\t\t\n\t\t\t\t<div class=\"wd-nav-wrapper wd-nav-tabs-wrapper wd-mb-action-swipe\">\n\t\t\t\t\t<ul class=\"wd-nav wd-nav-tabs wd-icon-pos-left wd-style-underline\">\n\t\t\t\t\t\t\t\t\t\t\t\t\t\n\t\t\t\t\t\t\t<li>\n\t\t\t\t\t\t\t\t<a href=\"#\" class=\"wd-nav-link\">\n\t\t\t\t\t\t\t\t\t\n\t\t\t\t\t\t\t\t\t<span class=\"nav-link-text wd-tabs-title\">\n\t\t\t\t\t\t\t\t\t\tDESCRIPCI\u00d3N\t\t\t\t\t\t\t\t\t<\/span>\n\t\t\t\t\t\t\t\t<\/a>\n\t\t\t\t\t\t\t<\/li>\n\n\t\t\t\t\t\t\t\t\t\t\t\t\t\n\t\t\t\t\t\t\t<li>\n\t\t\t\t\t\t\t\t<a href=\"#\" class=\"wd-nav-link\">\n\t\t\t\t\t\t\t\t\t\n\t\t\t\t\t\t\t\t\t<span class=\"nav-link-text wd-tabs-title\">\n\t\t\t\t\t\t\t\t\t\tESPECIFICACIONES\t\t\t\t\t\t\t\t\t<\/span>\n\t\t\t\t\t\t\t\t<\/a>\n\t\t\t\t\t\t\t<\/li>\n\n\t\t\t\t\t\t\t\t\t\t\t<\/ul>\n\t\t\t\t<\/div>\n\t\t\t<\/div>\n\n\t\t\t<div class=\"wd-tabs-content-wrapper\">\n\t\t\t\t\t\t\t\t\t\t\t\t\t\t\n\t\t\t\t\t<div class=\"wd-tab-content wd-entry-content\">\n\t\t\t\t\t\t\t\t\t\t\t\t\t<div >\n\t\t\t\t\t\t\t\t<h2>VENTAJAS<\/h2><ul><li class=\"li1\">Regulador solar MPPT de MUY ALTA POTENCIA incorporado<\/li><li class=\"li1\">Prioridad de fuente seleccionable y programable<span class=\"Apple-converted-space\">\u00a0 <\/span>(red\/grupo, solar o bater\u00edas)<\/li><li class=\"li1\">Dos entradas CA con conmutaci\u00f3n autom\u00e1tica<\/li><li class=\"li1\">Dos salidas CA de senoidal pura, con gesti\u00f3n de prioridad o temporizador para cargas conectadas<\/li><li class=\"li1\">Arranque de grupo electr\u00f3geno (dispone de salida de contactos secos para el arranque de un generador autom\u00e1ticamente)<\/li><li class=\"li1\">Compatible con sensores de temperatura de bater\u00edas<\/li><li class=\"li1\">Tiene puerto y sensor para el transformador de corriente<\/li><li class=\"li1\">Compatible con bater\u00edas de litio<\/li><li class=\"li1\">Cargador autom\u00e1tico de 3 etapas<\/li><li class=\"li1\">Funcionamiento en paralelo hasta 6 unidades (kit incluido)<\/li><li class=\"li1\">LCD con color con sistema de control deslizante<\/li><li class=\"li1\">Luces indicadoras independientes demuestran la gesti\u00f3n de energ\u00eda en tiempo real : visualizaci\u00f3n intuitiva<\/li><li class=\"li1\">M\u00f3dulo WiFi integrado para monitoreo, control y actualizaci\u00f3n de firmware v\u00eda OTA<\/li><li class=\"li1\">Permite guardar reportes de funcionamiento en pendrive USB<\/li><li class=\"li1\">Dise\u00f1o para operaci\u00f3n continua las 24 horas<\/li><li class=\"li1\">Dise\u00f1o para montaje en pared<\/li><li class=\"li1\">Alta eficiencia para ahorrar energ\u00eda<\/li><li class=\"li1\">Ecualizaci\u00f3n de la bater\u00eda para optimizar el rendimiento y ciclo de vida de la misma<\/li><li class=\"li1\">Permite guardar reportes de funcionamiento en pendrive USB<\/li><\/ul><h2>PROTECCIONES DEL EQUIPO<\/h2><ul class=\"ulMiddle\"><li>Cortocircuito (cargas)<\/li><li class=\"ulBgColor\">Sobrecarga<\/li><li>Alta tensi\u00f3n de entrada<\/li><li class=\"ulBgColor\">Baja tensi\u00f3n de entrada<\/li><li>Sobre temperatura<\/li><\/ul>\t\t\t\t\t\t\t<\/div>\n\t\t\t\t\t\t\t\t\t\t\t<\/div>\n\n\t\t\t\t\t\t\t\t\t\t\t\t\t\t\n\t\t\t\t\t<div class=\"wd-tab-content wd-entry-content\">\n\t\t\t\t\t\t\t\t\t\t\t\t\t<div >\n\t\t\t\t\t\t\t\t<table><tbody><tr><td class=\"tbLeft\">Modelo<\/td><td colspan=\"2\">IUT-11K-48PTD<\/td><\/tr><tr><td class=\"tbLeft\">Potencia continua<\/td><td colspan=\"2\">11 000 VA \/ 11 000 W<\/td><\/tr><tr class=\"tbBorderNone\"><td class=\"tbLeft\">Funcionamiento en paralelo<\/td><td colspan=\"2\">hasta 6 unidades<\/td><\/tr><tr class=\"tbBorderNone\"><td class=\"tbTit\" colspan=\"3\">Entrada<\/td><\/tr><tr><td class=\"tbLeft\">Voltaje nominal<\/td><td colspan=\"2\">230 VCA<\/td><\/tr><tr><td class=\"tbLeft\">Rango de voltaje aceptable<\/td><td colspan=\"2\">90 ~ 280 VCA<\/td><\/tr><tr class=\"tbBorderNone\"><td class=\"tbLeft\">Frecuencia<\/td><td colspan=\"2\">50 \/ 60 Hz (reconocimiento autom\u00e1tico)<\/td><\/tr><tr class=\"tbBorderNone\"><td class=\"tbTit\" colspan=\"3\">Salida<\/td><\/tr><tr><td class=\"tbLeft\">Regulaci\u00f3n de voltaje (modo inversor)<\/td><td colspan=\"2\">230 VCA \u00b1 5%<\/td><\/tr><tr><td class=\"tbLeft\">Potencia de pico<\/td><td colspan=\"2\">22 000VA<\/td><\/tr><tr><td class=\"tbLeft\">Eficiencia m\u00e1xima<\/td><td colspan=\"2\">9 3%<\/td><\/tr><tr><td class=\"tbLeft\">Tiempo de transferencia<\/td><td colspan=\"2\">10 ms ~ 20 ms<\/td><\/tr><tr class=\"tbBorderNone\"><td class=\"tbLeft\">Forma de onda<\/td><td colspan=\"2\">Senoidal pura<\/td><\/tr><tr class=\"tbBorderNone\"><td class=\"tbTit\" colspan=\"3\">Bater\u00eda<\/td><\/tr><tr><td class=\"tbLeft\">Voltaje de bater\u00eda<\/td><td colspan=\"2\">48 VCC<\/td><\/tr><tr><td class=\"tbLeft\">Voltaje flote<\/td><td colspan=\"2\">54 VCC<\/td><\/tr><tr class=\"tbBorderNone\"><td class=\"tbLeft\">Protecci\u00f3n de sobrecarga<\/td><td colspan=\"2\">63 VCC<\/td><\/tr><tr class=\"tbBorderNone\"><td class=\"tbTit\" colspan=\"3\">Cargador y regulador solar<\/td><\/tr><tr><td class=\"tbLeft\">Tipo<\/td><td colspan=\"2\">MPPT<\/td><\/tr><tr><td class=\"tbLeft\">Potencia m\u00e1xima de panel<\/td><td colspan=\"2\">12 000W (6 000W x 2)<\/td><\/tr><tr><td class=\"tbLeft\">Voltaje de entrada MPPT<\/td><td colspan=\"2\">90 VCC ~ 450 VCC<\/td><\/tr><tr><td class=\"tbLeft\">Voltaje de entrada m\u00ednimo desde paneles solares<\/td><td colspan=\"2\">240 VCC<\/td><\/tr><tr><td class=\"tbLeft\">Voltaje de entrada m\u00e1ximo desde paneles solares<\/td><td colspan=\"2\">500 VCC<\/td><\/tr><tr><td class=\"tbLeft\">Corriente de entrada m\u00e1xima desde paneles<\/td><td colspan=\"2\">27 A x 2 (m\u00e1x. 40 A en total)<\/td><\/tr><tr><td class=\"tbLeft\">Corriente de carga m\u00e1xima \u2013 cargador solar<\/td><td colspan=\"2\">150 A<\/td><\/tr><tr><td class=\"tbLeft\">Corriente de carga m\u00e1xima \u2013 cargador CA<\/td><td colspan=\"2\">150 A<\/td><\/tr><tr class=\"tbBorderNone\"><td class=\"tbLeft\">Corriente de carga m\u00e1xima total (solar +CA)<\/td><td colspan=\"2\">150 A<\/td><\/tr><tr><td class=\"tbTit\" colspan=\"3\">Ambiente<\/td><\/tr><tr><td class=\"tbLeft\">Temperatura de operaci\u00f3n<\/td><td colspan=\"2\">-10 ~ 50 \u00b0C<\/td><\/tr><tr class=\"tbBorderNone\"><td class=\"tbLeft\">Humedad relativa<\/td><td colspan=\"2\">5 ~ 95 % (sin condensaci\u00f3n)<\/td><\/tr><tr><td class=\"tbTit\" colspan=\"3\">Especificaciones f\u00edsicas<\/td><\/tr><tr><td class=\"tbLeft\">Interfaces de comunicaci\u00f3n<\/td><td colspan=\"2\">USB \/ RS232 \/ RS485 \/ WiFi \/ Dry-contact \/ Puerto para CT<\/td><\/tr><tr><td class=\"tbLeft\">Dimensiones (mm)<\/td><td colspan=\"2\">147.4 x 440 x 553.6<\/td><\/tr><tr><td class=\"tbLeft\">Peso neto (kg)<\/td><td colspan=\"2\">19.5<\/td><\/tr><\/tbody><\/table>\t\t\t\t\t\t\t<\/div>\n\t\t\t\t\t\t\t\t\t\t\t<\/div>\n\n\t\t\t\t\t\t\t<\/div>\n\t\t<\/div>\n\t\t\t\t\t\t<\/div>\n\t\t\t\t<\/div>\n\t\t\t\t\t<\/div>\n\t\t<\/div>\n\t\t\t\t\t<\/div>\n\t\t<\/section>\n\t\t\t\t\t<\/div>\n\t\t<\/div>\n\t\t\t\t\t<\/div>\n\t\t<\/section>\n\t\t\t\t<section class=\"wd-negative-gap elementor-section elementor-top-section elementor-element elementor-element-75840d5 Link_Buttons elementor-section-boxed elementor-section-height-default elementor-section-height-default\" data-id=\"75840d5\" data-element_type=\"section\" data-e-type=\"section\" data-settings=\"{&quot;background_background&quot;:&quot;classic&quot;}\">\n\t\t\t\t\t\t<div class=\"elementor-container elementor-column-gap-custom\">\n\t\t\t\t\t<div class=\"elementor-column elementor-col-33 elementor-top-column elementor-element elementor-element-fd8a3b0\" data-id=\"fd8a3b0\" data-element_type=\"column\" data-e-type=\"column\">\n\t\t\t<div class=\"elementor-widget-wrap elementor-element-populated\">\n\t\t\t\t\t\t<div class=\"elementor-element elementor-element-3d25db6 elementor-view-framed elementor-shape-circle elementor-position-block-start elementor-mobile-position-block-start elementor-widget elementor-widget-icon-box\" data-id=\"3d25db6\" data-element_type=\"widget\" data-e-type=\"widget\" data-widget_type=\"icon-box.default\">\n\t\t\t\t\t\t\t<div class=\"elementor-icon-box-wrapper\">\n\n\t\t\t\t\t\t<div class=\"elementor-icon-box-icon\">\n\t\t\t\t<a href=\"https:\/\/enertik.com\/wp-content\/uploads\/sites\/3\/documentos\/manuales\/iut-11k-48ptd-offgrid-manual.pdf\" target=\"_blank\" class=\"elementor-icon\" tabindex=\"-1\">\n\t\t\t\t<svg aria-hidden=\"true\" class=\"e-font-icon-svg e-fas-book\" viewBox=\"0 0 448 512\" xmlns=\"http:\/\/www.w3.org\/2000\/svg\"><path d=\"M448 360V24c0-13.3-10.7-24-24-24H96C43 0 0 43 0 96v320c0 53 43 96 96 96h328c13.3 0 24-10.7 24-24v-16c0-7.5-3.5-14.3-8.9-18.7-4.2-15.4-4.2-59.3 0-74.7 5.4-4.3 8.9-11.1 8.9-18.6zM128 134c0-3.3 2.7-6 6-6h212c3.3 0 6 2.7 6 6v20c0 3.3-2.7 6-6 6H134c-3.3 0-6-2.7-6-6v-20zm0 64c0-3.3 2.7-6 6-6h212c3.3 0 6 2.7 6 6v20c0 3.3-2.7 6-6 6H134c-3.3 0-6-2.7-6-6v-20zm253.4 250H96c-17.7 0-32-14.3-32-32 0-17.6 14.4-32 32-32h285.4c-1.9 17.1-1.9 46.9 0 64z\"><\/path><\/svg>\t\t\t\t<\/a>\n\t\t\t<\/div>\n\t\t\t\n\t\t\t\t\t\t<div class=\"elementor-icon-box-content\">\n\n\t\t\t\t\n\t\t\t\t\t\t\t\t\t<p class=\"elementor-icon-box-description\">\n\t\t\t\t\t\tMANUAL\t\t\t\t\t<\/p>\n\t\t\t\t\n\t\t\t<\/div>\n\t\t\t\n\t\t<\/div>\n\t\t\t\t\t\t<\/div>\n\t\t\t\t\t<\/div>\n\t\t<\/div>\n\t\t\t\t<div class=\"elementor-column elementor-col-33 elementor-top-column elementor-element elementor-element-33e545e\" data-id=\"33e545e\" data-element_type=\"column\" data-e-type=\"column\">\n\t\t\t<div class=\"elementor-widget-wrap elementor-element-populated\">\n\t\t\t\t\t\t<div class=\"elementor-element elementor-element-c04e659 elementor-view-framed elementor-shape-circle elementor-position-block-start elementor-mobile-position-block-start elementor-widget elementor-widget-icon-box\" data-id=\"c04e659\" data-element_type=\"widget\" data-e-type=\"widget\" data-widget_type=\"icon-box.default\">\n\t\t\t\t\t\t\t<div class=\"elementor-icon-box-wrapper\">\n\n\t\t\t\t\t\t<div class=\"elementor-icon-box-icon\">\n\t\t\t\t<a href=\"https:\/\/play.google.com\/store\/apps\/details?id=uni.UNI199C480\" target=\"_blank\" class=\"elementor-icon\" tabindex=\"-1\" rel=\"noopener\">\n\t\t\t\t<svg aria-hidden=\"true\" class=\"e-font-icon-svg e-fab-google-play\" viewBox=\"0 0 512 512\" xmlns=\"http:\/\/www.w3.org\/2000\/svg\"><path d=\"M325.3 234.3L104.6 13l280.8 161.2-60.1 60.1zM47 0C34 6.8 25.3 19.2 25.3 35.3v441.3c0 16.1 8.7 28.5 21.7 35.3l256.6-256L47 0zm425.2 225.6l-58.9-34.1-65.7 64.5 65.7 64.5 60.1-34.1c18-14.3 18-46.5-1.2-60.8zM104.6 499l280.8-161.2-60.1-60.1L104.6 499z\"><\/path><\/svg>\t\t\t\t<\/a>\n\t\t\t<\/div>\n\t\t\t\n\t\t\t\t\t\t<div class=\"elementor-icon-box-content\">\n\n\t\t\t\t\n\t\t\t\t\t\t\t\t\t<p class=\"elementor-icon-box-description\">\n\t\t\t\t\t\tAPP ANDROID\t\t\t\t\t<\/p>\n\t\t\t\t\n\t\t\t<\/div>\n\t\t\t\n\t\t<\/div>\n\t\t\t\t\t\t<\/div>\n\t\t\t\t\t<\/div>\n\t\t<\/div>\n\t\t\t\t<div class=\"elementor-column elementor-col-33 elementor-top-column elementor-element elementor-element-768a0b0\" data-id=\"768a0b0\" data-element_type=\"column\" data-e-type=\"column\">\n\t\t\t<div class=\"elementor-widget-wrap elementor-element-populated\">\n\t\t\t\t\t\t<div class=\"elementor-element elementor-element-9a79605 elementor-view-framed elementor-shape-circle elementor-position-block-start elementor-mobile-position-block-start elementor-widget elementor-widget-icon-box\" data-id=\"9a79605\" data-element_type=\"widget\" data-e-type=\"widget\" data-widget_type=\"icon-box.default\">\n\t\t\t\t\t\t\t<div class=\"elementor-icon-box-wrapper\">\n\n\t\t\t\t\t\t<div class=\"elementor-icon-box-icon\">\n\t\t\t\t<a href=\"https:\/\/apps.apple.com\/app\/i-solar\/id1632580672\" target=\"_blank\" class=\"elementor-icon\" tabindex=\"-1\" rel=\"noopener\">\n\t\t\t\t<svg aria-hidden=\"true\" class=\"e-font-icon-svg e-fab-app-store-ios\" viewBox=\"0 0 448 512\" xmlns=\"http:\/\/www.w3.org\/2000\/svg\"><path d=\"M400 32H48C21.5 32 0 53.5 0 80v352c0 26.5 21.5 48 48 48h352c26.5 0 48-21.5 48-48V80c0-26.5-21.5-48-48-48zM127 384.5c-5.5 9.6-17.8 12.8-27.3 7.3-9.6-5.5-12.8-17.8-7.3-27.3l14.3-24.7c16.1-4.9 29.3-1.1 39.6 11.4L127 384.5zm138.9-53.9H84c-11 0-20-9-20-20s9-20 20-20h51l65.4-113.2-20.5-35.4c-5.5-9.6-2.2-21.8 7.3-27.3 9.6-5.5 21.8-2.2 27.3 7.3l8.9 15.4 8.9-15.4c5.5-9.6 17.8-12.8 27.3-7.3 9.6 5.5 12.8 17.8 7.3 27.3l-85.8 148.6h62.1c20.2 0 31.5 23.7 22.7 40zm98.1 0h-29l19.6 33.9c5.5 9.6 2.2 21.8-7.3 27.3-9.6 5.5-21.8 2.2-27.3-7.3-32.9-56.9-57.5-99.7-74-128.1-16.7-29-4.8-58 7.1-67.8 13.1 22.7 32.7 56.7 58.9 102h52c11 0 20 9 20 20 0 11.1-9 20-20 20z\"><\/path><\/svg>\t\t\t\t<\/a>\n\t\t\t<\/div>\n\t\t\t\n\t\t\t\t\t\t<div class=\"elementor-icon-box-content\">\n\n\t\t\t\t\n\t\t\t\t\t\t\t\t\t<p class=\"elementor-icon-box-description\">\n\t\t\t\t\t\tAPP IOS\t\t\t\t\t<\/p>\n\t\t\t\t\n\t\t\t<\/div>\n\t\t\t\n\t\t<\/div>\n\t\t\t\t\t\t<\/div>\n\t\t\t\t\t<\/div>\n\t\t<\/div>\n\t\t\t\t\t<\/div>\n\t\t<\/section>\n\t\t\t\t<\/div>\n\t\t","protected":false},"excerpt":{"rendered":"<p class=\"p1\">El inversor-cargador de serie IUT es un producto revolucionario que re\u00fane todas las caracter\u00edsticas necesarias para servirse como el coraz\u00f3n y el cerebro del sistema de energ\u00eda solar.<\/p>\n<p class=\"p1\">En un gabinete con peso y tama\u00f1o reducidos, incorpora un inversor de alta potencia, un regulador solar MPPT de alto rendimiento, y un cargador de corriente alta.<\/p>\n<p class=\"p1\">Gracias al administrador de energ\u00eda de la \u00faltima generaci\u00f3n, las distintas fuentes y cargas ahora pueden reunirse en un solo lugar y ser controlados de forma inteligente en un centro confiable que gestiona la energ\u00eda seg\u00fan las necesidades de cada establecimiento.<\/p>\n<p class=\"p1\">Para lograr una gesti\u00f3n energ\u00e9tica eficaz, este equipo cuenta con dos entradas CA con conmutaci\u00f3n autom\u00e1tica, dos salidas CA para conectar a cargas con niveles de importancia distintos, y es capaz de seleccionar e incluso programar la prioridad de varias fuentes de energ\u00eda.<\/p>\n<p>Tanto la instalaci\u00f3n como su uso cotidiano es f\u00e1cil e intuitivo.<br \/>\nLa pantalla con color muestra todos los detalles interesantes del funcionamiento.<br \/>\nLa sustituci\u00f3n de botones f\u00edsicos por el control deslizante le da un toque m\u00e1s moderno y est\u00e9tico.<br \/>\nPermite monitoreo, control y actualizaci\u00f3n de firmware por WiFi.<\/p>\n<p>Modelo Voltronic: Axpert Ultra 11KW<\/p>\n","protected":false},"featured_media":29803,"comment_status":"open","ping_status":"closed","template":"","meta":{"_relevanssi_hide_post":"","_relevanssi_hide_content":"","_relevanssi_pin_for_all":"","_relevanssi_pin_keywords":"","_relevanssi_unpin_keywords":"","_relevanssi_related_keywords":"","_relevanssi_related_include_ids":"","_relevanssi_related_exclude_ids":"","_relevanssi_related_no_append":"","_relevanssi_related_not_related":"","_relevanssi_related_posts":"","_relevanssi_noindex_reason":"","inline_featured_image":false},"product_brand":[],"product_cat":[1725,1723],"product_tag":[1958],"class_list":{"0":"post-29802","1":"product","2":"type-product","3":"status-publish","4":"has-post-thumbnail","6":"product_cat-con-regulador-solar-mppt","7":"product_cat-inversores-cargadores","8":"product_tag-nuevos","9":"pa_gtin-4398","10":"pa_marca-enertik","11":"pa_mpn-iut-11k-48ptd","12":"pa_potencia-11kw","13":"pa_serie-serie-iut","14":"pa_voltaje-48v","16":"first","17":"instock","18":"sale","19":"taxable","20":"shipping-taxable","21":"purchasable","22":"product-type-simple"},"bundled_by":[],"bundle_stock_status":"instock","bundle_stock_quantity":11,"bundle_virtual":false,"bundle_layout":"","bundle_add_to_cart_form_location":"","bundle_editable_in_cart":false,"bundle_sold_individually_context":"","bundle_item_grouping":"","bundle_min_size":"","bundle_max_size":"","bundle_price":[],"bundled_items":[],"bundle_sell_ids":[],"group_of_quantity":0,"min_quantity":0,"max_quantity":"","exclude_order_quantity_value_rules":"no","exclude_category_quantity_rules":"no","combine_variations":"no","exclude_global_add_ons":[],"addons":[],"_links":{"self":[{"href":"https:\/\/enertik.com\/cl\/wp-json\/wp\/v2\/product\/29802","targetHints":{"allow":["GET"]}}],"collection":[{"href":"https:\/\/enertik.com\/cl\/wp-json\/wp\/v2\/product"}],"about":[{"href":"https:\/\/enertik.com\/cl\/wp-json\/wp\/v2\/types\/product"}],"replies":[{"embeddable":true,"href":"https:\/\/enertik.com\/cl\/wp-json\/wp\/v2\/comments?post=29802"}],"version-history":[{"count":0,"href":"https:\/\/enertik.com\/cl\/wp-json\/wp\/v2\/product\/29802\/revisions"}],"wp:featuredmedia":[{"embeddable":true,"href":"https:\/\/enertik.com\/cl\/wp-json\/wp\/v2\/media\/29803"}],"wp:attachment":[{"href":"https:\/\/enertik.com\/cl\/wp-json\/wp\/v2\/media?parent=29802"}],"wp:term":[{"taxonomy":"product_brand","embeddable":true,"href":"https:\/\/enertik.com\/cl\/wp-json\/wp\/v2\/product_brand?post=29802"},{"taxonomy":"product_cat","embeddable":true,"href":"https:\/\/enertik.com\/cl\/wp-json\/wp\/v2\/product_cat?post=29802"},{"taxonomy":"product_tag","embeddable":true,"href":"https:\/\/enertik.com\/cl\/wp-json\/wp\/v2\/product_tag?post=29802"}],"curies":[{"name":"wp","href":"https:\/\/api.w.org\/{rel}","templated":true}]}}