{"id":27111,"date":"2023-11-08T12:24:01","date_gmt":"2023-11-08T15:24:01","guid":{"rendered":"https:\/\/enertik.com\/cl\/?post_type=product&#038;p=27111"},"modified":"2026-04-09T04:28:57","modified_gmt":"2026-04-09T08:28:57","slug":"bomba-solar-sumergible-centrifuga-q6-5-67m-750w-72v","status":"publish","type":"product","link":"https:\/\/enertik.com\/cl\/tienda\/bombeo-solar\/bombas-solares\/sumergibles\/bomba-solar-sumergible-centrifuga-q6-5-67m-750w-72v\/","title":{"rendered":"Bomba Solar Sumergible Centr\u00edfuga Q6.5 67M 750W 72V"},"content":{"rendered":"\t\t<div data-elementor-type=\"product-post\" data-elementor-id=\"27111\" class=\"elementor elementor-27111\" data-elementor-post-type=\"product\">\n\t\t\t\t\t\t<section class=\"wd-negative-gap elementor-section elementor-top-section elementor-element elementor-element-468d75b Product_Description elementor-section-boxed elementor-section-height-default elementor-section-height-default\" data-id=\"468d75b\" data-element_type=\"section\" data-e-type=\"section\">\n\t\t\t\t\t\t<div class=\"elementor-container elementor-column-gap-default\">\n\t\t\t\t\t<div class=\"elementor-column elementor-col-100 elementor-top-column elementor-element elementor-element-519e7d2\" data-id=\"519e7d2\" data-element_type=\"column\" data-e-type=\"column\" data-settings=\"{&quot;background_background&quot;:&quot;classic&quot;}\">\n\t\t\t<div class=\"elementor-widget-wrap elementor-element-populated\">\n\t\t\t\t\t\t<section class=\"wd-negative-gap elementor-section elementor-inner-section elementor-element elementor-element-646b42e elementor-section-boxed elementor-section-height-default elementor-section-height-default\" data-id=\"646b42e\" data-element_type=\"section\" data-e-type=\"section\">\n\t\t\t\t\t\t<div class=\"elementor-container elementor-column-gap-default\">\n\t\t\t\t\t<div class=\"elementor-column elementor-col-100 elementor-inner-column elementor-element elementor-element-8bd0b77\" data-id=\"8bd0b77\" data-element_type=\"column\" data-e-type=\"column\">\n\t\t\t<div class=\"elementor-widget-wrap elementor-element-populated\">\n\t\t\t\t\t\t<div class=\"elementor-element elementor-element-c4ca5e5 elementor-widget elementor-widget-wd_tabs\" data-id=\"c4ca5e5\" data-element_type=\"widget\" data-e-type=\"widget\" data-widget_type=\"wd_tabs.default\">\n\t\t\t\t<div class=\"elementor-widget-container\">\n\t\t\t\t\t\t\t<div class=\"wd-tabs tabs-design-default\">\n\t\t\t<div class=\"wd-tabs-header text-center\">\n\t\t\t\t\n\t\t\t\t\n\t\t\t\t<div class=\"wd-nav-wrapper wd-nav-tabs-wrapper wd-mb-action-swipe\">\n\t\t\t\t\t<ul class=\"wd-nav wd-nav-tabs wd-icon-pos-left wd-style-underline\">\n\t\t\t\t\t\t\t\t\t\t\t\t\t\n\t\t\t\t\t\t\t<li>\n\t\t\t\t\t\t\t\t<a href=\"#\" class=\"wd-nav-link\">\n\t\t\t\t\t\t\t\t\t\n\t\t\t\t\t\t\t\t\t<span class=\"nav-link-text wd-tabs-title\">\n\t\t\t\t\t\t\t\t\t\tDESCRIPCI\u00d3N\t\t\t\t\t\t\t\t\t<\/span>\n\t\t\t\t\t\t\t\t<\/a>\n\t\t\t\t\t\t\t<\/li>\n\n\t\t\t\t\t\t\t\t\t\t\t\t\t\n\t\t\t\t\t\t\t<li>\n\t\t\t\t\t\t\t\t<a href=\"#\" class=\"wd-nav-link\">\n\t\t\t\t\t\t\t\t\t\n\t\t\t\t\t\t\t\t\t<span class=\"nav-link-text wd-tabs-title\">\n\t\t\t\t\t\t\t\t\t\tESPECIFICACIONES\t\t\t\t\t\t\t\t\t<\/span>\n\t\t\t\t\t\t\t\t<\/a>\n\t\t\t\t\t\t\t<\/li>\n\n\t\t\t\t\t\t\t\t\t\t\t<\/ul>\n\t\t\t\t<\/div>\n\t\t\t<\/div>\n\n\t\t\t<div class=\"wd-tabs-content-wrapper\">\n\t\t\t\t\t\t\t\t\t\t\t\t\t\t\n\t\t\t\t\t<div class=\"wd-tab-content wd-entry-content\">\n\t\t\t\t\t\t\t\t\t\t\t\t\t<div >\n\t\t\t\t\t\t\t\t<h2>VENTAJAS<\/h2><ul><li>Sistema independiente, no requiere red el\u00e9ctrica ni combustible<\/li><li>Ecol\u00f3gico y silencioso<\/li><li>MPPT para obtener m\u00e1xima potencia de los paneles fotovolt\u00e1icos<\/li><li>Permite ser instalado en lugares remotos<\/li><li>Estructura de acero inoxidable AISI 304\/316<\/li><li>Funcionamiento autom\u00e1tico y aut\u00f3nomo<\/li><li>Funcionan con y sin bater\u00edas<\/li><li>Bajo mantenimiento<\/li><li>Incluyen sensor de nivel de pozo (protege la bomba)<\/li><li>Incluyen sensor de nivel de tanque (para control autom\u00e1tico)<\/li><li>Instalaci\u00f3n r\u00e1pida y sencilla<\/li><\/ul>\t\t\t\t\t\t\t<\/div>\n\t\t\t\t\t\t\t\t\t\t\t<\/div>\n\n\t\t\t\t\t\t\t\t\t\t\t\t\t\t\n\t\t\t\t\t<div class=\"wd-tab-content wd-entry-content\">\n\t\t\t\t\t\t\t\t\t\t\t\t\t<div >\n\t\t\t\t\t\t\t\t<h3 style=\"text-align: center;\">\u00a0<\/h3><table><tbody><tr><td class=\"tbLeft\">Modelo<\/td><td>MSSC4-6.5-67-750-72V<\/td><\/tr><tr><td class=\"tbLeft\">Tipo<\/td><td>Sumergible \u2013 Centr\u00edfuga<\/td><\/tr><tr><td class=\"tbLeft\">Tecnolog\u00eda<\/td><td>Impeller Acero Inoxidable<\/td><\/tr><tr class=\"tbBorderNone\"><td class=\"tbLeft\">Altura manom\u00e9trica m\u00e1xima (m)<\/td><td>67<\/td><\/tr><tr><td class=\"tbTit\" colspan=\"2\">Especificaciones el\u00e9ctricas<\/td><\/tr><tr><td class=\"tbLeft\">Tensi\u00f3n nominal<\/td><td>72VCC<\/td><\/tr><tr><td class=\"tbLeft\">Potencia<\/td><td>750W<\/td><\/tr><tr><td class=\"tbLeft\">Potencia solar m\u00ednima<\/td><td>1000W<\/td><\/tr><tr><td class=\"tbLeft\">Voltaje m\u00ednimo (Vmp)<\/td><td>90VCC<\/td><\/tr><tr><td class=\"tbLeft\">Voltaje m\u00e1ximo (Voc)<\/td><td>150VCC<\/td><\/tr><tr class=\"tbBorderNone\"><td class=\"tbLeft\">Conexi\u00f3n a 220VCA [grupo electr\u00f3geno \/ red el\u00e9ctrica] (opcional)<\/td><td>No<\/td><\/tr><tr><td class=\"tbTit\" colspan=\"2\">Caudal<\/td><\/tr><tr class=\"tbBorderNone\"><td class=\"tbLeft\">Caudal m\u00e1ximo (m\u00b3\/h)<\/td><td>6.5<\/td><\/tr><tr><td class=\"tbTit\" colspan=\"2\">Especificaciones f\u00edsicas<\/td><\/tr><tr><td class=\"tbLeft\">Dimensiones (Largo x Ancho x Alto) en mm<\/td><td>\u2013<\/td><\/tr><tr><td class=\"tbLeft\">Peso neto (kg)<\/td><td>11<\/td><\/tr><tr><td class=\"tbLeft\">Di\u00e1metro de perforaci\u00f3n (\u201c)<\/td><td>4<\/td><\/tr><tr><td class=\"tbLeft\">Di\u00e1metro ca\u00f1o de salida (\u201c)<\/td><td>1.25<\/td><\/tr><\/tbody><\/table><h3 style=\"text-align: center;\">CURVA DE RENDIMIENTO<\/h3><div id=\"attachment_27195\" style=\"width: 1034px\" class=\"wp-caption aligncenter\"><img decoding=\"async\" aria-describedby=\"caption-attachment-27195\" class=\" wd-lazy-fade wp-image-27195 size-large\" title=\"Curva Mssc4 6.5 67 750 72v\" src=\"https:\/\/enertik.com\/cl\/wp-content\/themes\/woodmart\/images\/lazy.svg\" data-src=\"https:\/\/enertik.com\/cl\/wp-content\/uploads\/sites\/3\/imagenes\/bombas-solares\/curva-mssc4-6.5-67-750-72v-1024x637.webp\" alt=\"Curva Mssc4 6.5 67 750 72v\" width=\"1024\" height=\"637\" srcset=\"\" data-srcset=\"https:\/\/enertik.com\/cl\/wp-content\/uploads\/sites\/3\/imagenes\/bombas-solares\/curva-mssc4-6.5-67-750-72v-1024x637.webp 1024w, https:\/\/enertik.com\/cl\/wp-content\/uploads\/sites\/3\/imagenes\/bombas-solares\/curva-mssc4-6.5-67-750-72v-300x187.webp 300w, https:\/\/enertik.com\/cl\/wp-content\/uploads\/sites\/3\/imagenes\/bombas-solares\/curva-mssc4-6.5-67-750-72v-768x478.webp 768w, https:\/\/enertik.com\/cl\/wp-content\/uploads\/sites\/3\/imagenes\/bombas-solares\/curva-mssc4-6.5-67-750-72v-1536x956.webp 1536w, https:\/\/enertik.com\/cl\/wp-content\/uploads\/sites\/3\/imagenes\/bombas-solares\/curva-mssc4-6.5-67-750-72v-860x535.webp 860w, https:\/\/enertik.com\/cl\/wp-content\/uploads\/sites\/3\/imagenes\/bombas-solares\/curva-mssc4-6.5-67-750-72v-430x268.webp 430w, https:\/\/enertik.com\/cl\/wp-content\/uploads\/sites\/3\/imagenes\/bombas-solares\/curva-mssc4-6.5-67-750-72v-700x436.webp 700w, https:\/\/enertik.com\/cl\/wp-content\/uploads\/sites\/3\/imagenes\/bombas-solares\/curva-mssc4-6.5-67-750-72v-150x93.webp 150w, https:\/\/enertik.com\/cl\/wp-content\/uploads\/sites\/3\/imagenes\/bombas-solares\/curva-mssc4-6.5-67-750-72v.webp 2012w\" sizes=\"(max-width: 1024px) 100vw, 1024px\" \/><p id=\"caption-attachment-27195\" class=\"wp-caption-text\">\u00a0<\/p><\/div>\t\t\t\t\t\t\t<\/div>\n\t\t\t\t\t\t\t\t\t\t\t<\/div>\n\n\t\t\t\t\t\t\t<\/div>\n\t\t<\/div>\n\t\t\t\t\t\t<\/div>\n\t\t\t\t<\/div>\n\t\t\t\t\t<\/div>\n\t\t<\/div>\n\t\t\t\t\t<\/div>\n\t\t<\/section>\n\t\t\t\t\t<\/div>\n\t\t<\/div>\n\t\t\t\t\t<\/div>\n\t\t<\/section>\n\t\t\t\t<section class=\"wd-negative-gap elementor-section elementor-top-section elementor-element elementor-element-940106b Link_Buttons elementor-section-boxed elementor-section-height-default elementor-section-height-default\" data-id=\"940106b\" data-element_type=\"section\" data-e-type=\"section\" data-settings=\"{&quot;background_background&quot;:&quot;classic&quot;}\">\n\t\t\t\t\t\t<div class=\"elementor-container elementor-column-gap-custom\">\n\t\t\t\t\t<div class=\"elementor-column elementor-col-100 elementor-top-column elementor-element elementor-element-b345b65\" data-id=\"b345b65\" data-element_type=\"column\" data-e-type=\"column\">\n\t\t\t<div class=\"elementor-widget-wrap elementor-element-populated\">\n\t\t\t\t\t\t<div class=\"elementor-element elementor-element-e4d10d8 elementor-view-framed elementor-shape-circle elementor-position-block-start elementor-mobile-position-block-start elementor-widget elementor-widget-icon-box\" data-id=\"e4d10d8\" data-element_type=\"widget\" data-e-type=\"widget\" data-widget_type=\"icon-box.default\">\n\t\t\t\t\t\t\t<div class=\"elementor-icon-box-wrapper\">\n\n\t\t\t\t\t\t<div class=\"elementor-icon-box-icon\">\n\t\t\t\t<a href=\"https:\/\/enertik.com\/wp-content\/uploads\/sites\/2\/documentos\/manuales\/manual-bombas-solares-mizu.pdf\" target=\"_blank\" class=\"elementor-icon\" tabindex=\"-1\">\n\t\t\t\t<svg aria-hidden=\"true\" class=\"e-font-icon-svg e-fas-book\" viewBox=\"0 0 448 512\" xmlns=\"http:\/\/www.w3.org\/2000\/svg\"><path d=\"M448 360V24c0-13.3-10.7-24-24-24H96C43 0 0 43 0 96v320c0 53 43 96 96 96h328c13.3 0 24-10.7 24-24v-16c0-7.5-3.5-14.3-8.9-18.7-4.2-15.4-4.2-59.3 0-74.7 5.4-4.3 8.9-11.1 8.9-18.6zM128 134c0-3.3 2.7-6 6-6h212c3.3 0 6 2.7 6 6v20c0 3.3-2.7 6-6 6H134c-3.3 0-6-2.7-6-6v-20zm0 64c0-3.3 2.7-6 6-6h212c3.3 0 6 2.7 6 6v20c0 3.3-2.7 6-6 6H134c-3.3 0-6-2.7-6-6v-20zm253.4 250H96c-17.7 0-32-14.3-32-32 0-17.6 14.4-32 32-32h285.4c-1.9 17.1-1.9 46.9 0 64z\"><\/path><\/svg>\t\t\t\t<\/a>\n\t\t\t<\/div>\n\t\t\t\n\t\t\t\t\t\t<div class=\"elementor-icon-box-content\">\n\n\t\t\t\t\n\t\t\t\t\t\t\t\t\t<p class=\"elementor-icon-box-description\">\n\t\t\t\t\t\tMANUAL\t\t\t\t\t<\/p>\n\t\t\t\t\n\t\t\t<\/div>\n\t\t\t\n\t\t<\/div>\n\t\t\t\t\t\t<\/div>\n\t\t\t\t\t<\/div>\n\t\t<\/div>\n\t\t\t\t\t<\/div>\n\t\t<\/section>\n\t\t\t\t<\/div>\n\t\t","protected":false},"excerpt":{"rendered":"<p>(Di\u00e1metro 4&#8243;) Esta bomba sumergible solar es de tipo Impeller de acero inoxidable. Potencia: 750W. Sistema independiente, no requiere ni red el\u00e9ctrica, ni combustible, ni un variador de frecuencia aparte. El controlador cuenta con la tecnolog\u00eda MPPT para obtener m\u00e1xima potencia de los paneles fotovolt\u00e1icos. Ideal para ser instalado en lugares remotos ya que funciona de forma autom\u00e1tica y aut\u00f3noma e incluye sensor de nivel de pozo \/ de tanque. Estructura de acero inoxidable. Funcionan con y sin bater\u00edas.<\/p>\n","protected":false},"featured_media":8986,"comment_status":"open","ping_status":"closed","template":"","meta":{"_relevanssi_hide_post":"","_relevanssi_hide_content":"","_relevanssi_pin_for_all":"","_relevanssi_pin_keywords":"","_relevanssi_unpin_keywords":"","_relevanssi_related_keywords":"","_relevanssi_related_include_ids":"","_relevanssi_related_exclude_ids":"","_relevanssi_related_no_append":"","_relevanssi_related_not_related":"","_relevanssi_related_posts":"","_relevanssi_noindex_reason":"","inline_featured_image":false},"product_brand":[],"product_cat":[1716,1717],"product_tag":[1958],"class_list":{"0":"post-27111","1":"product","2":"type-product","3":"status-publish","4":"has-post-thumbnail","6":"product_cat-bombas-solares","7":"product_cat-sumergibles","8":"product_tag-nuevos","9":"pa_altura-67m","10":"pa_caudal-6-5-m3-h","11":"pa_diametro-770","12":"pa_gtin-4361","13":"pa_marca-mizu","14":"pa_mpn-mssc4-6-5-67-750-72v","15":"pa_potencia-750w","16":"pa_voltaje-72vdc","18":"first","19":"instock","20":"taxable","21":"shipping-taxable","22":"purchasable","23":"product-type-simple"},"bundled_by":[],"bundle_stock_status":"instock","bundle_stock_quantity":3,"bundle_virtual":false,"bundle_layout":"","bundle_add_to_cart_form_location":"","bundle_editable_in_cart":false,"bundle_sold_individually_context":"","bundle_item_grouping":"","bundle_min_size":"","bundle_max_size":"","bundle_price":[],"bundled_items":[],"bundle_sell_ids":[],"group_of_quantity":0,"min_quantity":0,"max_quantity":"","exclude_order_quantity_value_rules":"no","exclude_category_quantity_rules":"no","combine_variations":"no","exclude_global_add_ons":[],"addons":[],"_links":{"self":[{"href":"https:\/\/enertik.com\/cl\/wp-json\/wp\/v2\/product\/27111","targetHints":{"allow":["GET"]}}],"collection":[{"href":"https:\/\/enertik.com\/cl\/wp-json\/wp\/v2\/product"}],"about":[{"href":"https:\/\/enertik.com\/cl\/wp-json\/wp\/v2\/types\/product"}],"replies":[{"embeddable":true,"href":"https:\/\/enertik.com\/cl\/wp-json\/wp\/v2\/comments?post=27111"}],"version-history":[{"count":0,"href":"https:\/\/enertik.com\/cl\/wp-json\/wp\/v2\/product\/27111\/revisions"}],"wp:featuredmedia":[{"embeddable":true,"href":"https:\/\/enertik.com\/cl\/wp-json\/wp\/v2\/media\/8986"}],"wp:attachment":[{"href":"https:\/\/enertik.com\/cl\/wp-json\/wp\/v2\/media?parent=27111"}],"wp:term":[{"taxonomy":"product_brand","embeddable":true,"href":"https:\/\/enertik.com\/cl\/wp-json\/wp\/v2\/product_brand?post=27111"},{"taxonomy":"product_cat","embeddable":true,"href":"https:\/\/enertik.com\/cl\/wp-json\/wp\/v2\/product_cat?post=27111"},{"taxonomy":"product_tag","embeddable":true,"href":"https:\/\/enertik.com\/cl\/wp-json\/wp\/v2\/product_tag?post=27111"}],"curies":[{"name":"wp","href":"https:\/\/api.w.org\/{rel}","templated":true}]}}