{"id":27063,"date":"2023-11-08T08:41:30","date_gmt":"2023-11-08T11:41:30","guid":{"rendered":"https:\/\/enertik.com\/cl\/?post_type=product&#038;p=27063"},"modified":"2026-04-09T04:31:53","modified_gmt":"2026-04-09T08:31:53","slug":"inversor-y-cargador-de-baterias-5500w-48vcc-epever-hp5542-ah1050p20sa","status":"publish","type":"product","link":"https:\/\/enertik.com\/cl\/tienda\/inversores\/inversores-cargadores\/con-regulador-solar-mppt\/inversor-y-cargador-de-baterias-5500w-48vcc-epever-hp5542-ah1050p20sa\/","title":{"rendered":"Inversor y Cargador de Bater\u00edas 5500W &#8211; 48Vcc &#8211; EPEVER HP5542-AH1050P20SA"},"content":{"rendered":"\t\t<div data-elementor-type=\"product-post\" data-elementor-id=\"27063\" class=\"elementor elementor-27063\" data-elementor-post-type=\"product\">\n\t\t\t\t\t\t<section class=\"wd-negative-gap elementor-section elementor-top-section elementor-element elementor-element-e76bbec Product_Description elementor-section-boxed elementor-section-height-default elementor-section-height-default\" data-id=\"e76bbec\" data-element_type=\"section\" data-e-type=\"section\">\n\t\t\t\t\t\t<div class=\"elementor-container elementor-column-gap-default\">\n\t\t\t\t\t<div class=\"elementor-column elementor-col-100 elementor-top-column elementor-element elementor-element-6c556eb\" data-id=\"6c556eb\" data-element_type=\"column\" data-e-type=\"column\" data-settings=\"{&quot;background_background&quot;:&quot;classic&quot;}\">\n\t\t\t<div class=\"elementor-widget-wrap elementor-element-populated\">\n\t\t\t\t\t\t<section class=\"wd-negative-gap elementor-section elementor-inner-section elementor-element elementor-element-1bb68d2 elementor-section-boxed elementor-section-height-default elementor-section-height-default\" data-id=\"1bb68d2\" data-element_type=\"section\" data-e-type=\"section\">\n\t\t\t\t\t\t<div class=\"elementor-container elementor-column-gap-default\">\n\t\t\t\t\t<div class=\"elementor-column elementor-col-100 elementor-inner-column elementor-element elementor-element-4e72067\" data-id=\"4e72067\" data-element_type=\"column\" data-e-type=\"column\">\n\t\t\t<div class=\"elementor-widget-wrap elementor-element-populated\">\n\t\t\t\t\t\t<div class=\"elementor-element elementor-element-fe7c4f5 elementor-widget elementor-widget-wd_tabs\" data-id=\"fe7c4f5\" data-element_type=\"widget\" data-e-type=\"widget\" data-widget_type=\"wd_tabs.default\">\n\t\t\t\t<div class=\"elementor-widget-container\">\n\t\t\t\t\t\t\t<div class=\"wd-tabs tabs-design-default\">\n\t\t\t<div class=\"wd-tabs-header text-center\">\n\t\t\t\t\n\t\t\t\t\n\t\t\t\t<div class=\"wd-nav-wrapper wd-nav-tabs-wrapper wd-mb-action-swipe\">\n\t\t\t\t\t<ul class=\"wd-nav wd-nav-tabs wd-icon-pos-left wd-style-underline\">\n\t\t\t\t\t\t\t\t\t\t\t\t\t\n\t\t\t\t\t\t\t<li>\n\t\t\t\t\t\t\t\t<a href=\"#\" class=\"wd-nav-link\">\n\t\t\t\t\t\t\t\t\t\n\t\t\t\t\t\t\t\t\t<span class=\"nav-link-text wd-tabs-title\">\n\t\t\t\t\t\t\t\t\t\tDESCRIPCI\u00d3N\t\t\t\t\t\t\t\t\t<\/span>\n\t\t\t\t\t\t\t\t<\/a>\n\t\t\t\t\t\t\t<\/li>\n\n\t\t\t\t\t\t\t\t\t\t\t\t\t\n\t\t\t\t\t\t\t<li>\n\t\t\t\t\t\t\t\t<a href=\"#\" class=\"wd-nav-link\">\n\t\t\t\t\t\t\t\t\t\n\t\t\t\t\t\t\t\t\t<span class=\"nav-link-text wd-tabs-title\">\n\t\t\t\t\t\t\t\t\t\tESPECIFICACIONES\t\t\t\t\t\t\t\t\t<\/span>\n\t\t\t\t\t\t\t\t<\/a>\n\t\t\t\t\t\t\t<\/li>\n\n\t\t\t\t\t\t\t\t\t\t\t<\/ul>\n\t\t\t\t<\/div>\n\t\t\t<\/div>\n\n\t\t\t<div class=\"wd-tabs-content-wrapper\">\n\t\t\t\t\t\t\t\t\t\t\t\t\t\t\n\t\t\t\t\t<div class=\"wd-tab-content wd-entry-content\">\n\t\t\t\t\t\t\t\t\t\t\t\t\t<div >\n\t\t\t\t\t\t\t\t<h2>VENTAJAS<\/h2><ul class=\"ulMiddle\"><li>Salida de corriente alterna sinusoidal pura<\/li><li>Puede funcionar sin bater\u00edas<\/li><li>Funcionamiento en paralelo hasta 6 unidades (salida monof\u00e1sica \/ trif\u00e1sica)<\/li><li>Puerto de comunicaci\u00f3n y m\u00f3dulo BMS-LINK integrados para conectar con bater\u00edas de litio<\/li><li>La tecnolog\u00eda PFC reduce la demanda de potencia de la red el\u00e9ctrica.<\/li><li>Regulador solar MPPT de alta eficiencia &gt;99.5%<\/li><li>Amplio rango de entrada MPPT<\/li><li>Dos entradas para paneles solares independientes<\/li><li>Prioridad de carga: solo solar \/ solar primero \/ solar y red<\/li><li>Prioridad de salida: inversor \/ bypass\u2028<\/li><li>Gesti\u00f3n de carga y reconexi\u00f3n\/desconexi\u00f3n de bater\u00edas por tensi\u00f3n o SoC\u00a0<\/li><li>Corriente de carga para bater\u00edas con energ\u00eda solar \/ red ajustable<\/li><li>Muy bajo consumo en modo reposo (sin carga) \u2028<\/li><li>Admite varios tipos de generadores<\/li><li>Bot\u00f3n dedicado para cortar y conectar la salida CA<\/li><li>LCD integrado para monitoreo, control y ajustes<\/li><li>M\u00f3dulo de Bluetooth integrado para control y ajustes a trav\u00e9s de la App EPEVER<\/li><li>Monitoreo y control a distancia por WiFi (Opcional, con accesorios)<\/li><\/ul>\t\t\t\t\t\t\t<\/div>\n\t\t\t\t\t\t\t\t\t\t\t<\/div>\n\n\t\t\t\t\t\t\t\t\t\t\t\t\t\t\n\t\t\t\t\t<div class=\"wd-tab-content wd-entry-content\">\n\t\t\t\t\t\t\t\t\t\t\t\t\t<div >\n\t\t\t\t\t\t\t\t<table><tbody><tr class=\"tbBorderNone\"><td class=\"tbLeft\">Modelo<\/td><td colspan=\"2\">HP5542-AH1050P20SA<\/td><\/tr><tr class=\"tbBorderNone\"><td class=\"tbTit\" colspan=\"3\">Bater\u00eda<\/td><\/tr><tr><td class=\"tbLeft\">Voltaje nominal<\/td><td colspan=\"2\">48VCC<\/td><\/tr><tr><td class=\"tbLeft\">Rango de voltaje de bater\u00eda<\/td><td colspan=\"2\">43.2~60VCC<\/td><\/tr><tr class=\"tbBorderNone\"><td class=\"tbLeft\">Corriente de carga m\u00e1xima<\/td><td colspan=\"2\">100A<\/td><\/tr><tr class=\"tbBorderNone\"><td class=\"tbTit\" colspan=\"3\">Salida<\/td><\/tr><tr><td class=\"tbLeft\">Potencia de salida<\/td><td colspan=\"2\">5500W<\/td><\/tr><tr><td class=\"tbLeft\">Potencia de salida en pico (3 segundos)<\/td><td colspan=\"2\">8500W<\/td><\/tr><tr><td class=\"tbLeft\">Regulaci\u00f3n de voltaje de salida (modo inversor)<\/td><td colspan=\"2\">220 \/ 230VCA (+\/-3%)<\/td><\/tr><tr><td class=\"tbLeft\">Frecuencia de salida<\/td><td colspan=\"2\">50 \/ 60 Hz \u00b10.2%<\/td><\/tr><tr><td class=\"tbLeft\">Forma de onda<\/td><td colspan=\"2\">Senoidal pura<\/td><\/tr><tr><td class=\"tbLeft\">Factor de potencia m\u00e1ximo<\/td><td colspan=\"2\">1 (VA \u2264 <span class=\"tbLeft\">Potencia de salida nominal<\/span>)<\/td><\/tr><tr><td class=\"tbLeft\">Distorsi\u00f3n THD<\/td><td colspan=\"2\">\u22643% (Cargas resistivas)<\/td><\/tr><tr><td class=\"tbLeft\">Eficiencia de carga m\u00e1xima<\/td><td colspan=\"2\">92%<\/td><\/tr><tr><td class=\"tbLeft\">Eficiencia m\u00e1xima te\u00f3rica (inversor)<\/td><td colspan=\"2\">94%<\/td><\/tr><tr class=\"tbBorderNone\"><td class=\"tbLeft\">Tiempo de transferencia<\/td><td colspan=\"2\">20ms (salida desde red -&gt; salida desde inversor)<br \/>\/ 10ms (salida desde inversor -&gt; salida desde red)<\/td><\/tr><tr class=\"tbBorderNone\"><td class=\"tbTit\" colspan=\"3\">Cargador de CA (red\/grupo electr\u00f3geno)<\/td><\/tr><tr><td class=\"tbLeft\">Rango de voltaje de entrada<\/td><td colspan=\"2\">176VCA~264VCA (Por defecto),<br \/>90VCA~280VCA(Programable)<\/td><\/tr><tr><td class=\"tbLeft\">Frecuencia de entrada<\/td><td colspan=\"2\">45~65Hz<\/td><\/tr><tr class=\"tbBorderNone\"><td class=\"tbLeft\">Corriente de carga m\u00e1xima<\/td><td colspan=\"2\">100A<\/td><\/tr><tr class=\"tbBorderNone\"><td class=\"tbTit\" colspan=\"3\">Cargador - regulador solar<\/td><\/tr><tr><td class=\"tbLeft\">Tipo<\/td><td colspan=\"2\">MPPT<\/td><\/tr><tr><td class=\"tbLeft\">Voltaje de entrada m\u00e1ximo desde paneles<\/td><td colspan=\"2\">500VCC (-20\u00b0C) \/ 440VCC(25\u00b0C)<\/td><\/tr><tr><td class=\"tbLeft\">Rango de voltaje del funcionamiento MPPT<\/td><td colspan=\"2\">85~400VCC<\/td><\/tr><tr><td class=\"tbLeft\">Potencia de entrada m\u00e1xima desde paneles<\/td><td colspan=\"2\">6000W<\/td><\/tr><tr><td class=\"tbLeft\">Corriente de carga m\u00e1xima<\/td><td colspan=\"2\">100A<\/td><\/tr><tr><td class=\"tbLeft\">Tensi\u00f3n de ecualizaci\u00f3n<\/td><td colspan=\"2\">AGM: 58.4V<br \/>Litio [48V] : 54.3V \/ Litio [51.2V] : 58.0V <br \/>Definido por el usuario<\/td><\/tr><tr><td class=\"tbLeft\">Tensi\u00f3n de absorci\u00f3n<\/td><td colspan=\"2\">AGM: 57.6V<br \/>GEL: 56.8V<br \/>Litio [48V] : 54.3V \/ Litio [51.2V] : 58.0V <br \/>Definido por el usuario<\/td><\/tr><tr><td class=\"tbLeft\">Tensi\u00f3n de flote<\/td><td colspan=\"2\">AGM: 55.2V<br \/>GEL: 55.2V<br \/>Litio [48V] : 51.7V \/ Litio [51.2V] : 55.2V <br \/>Definido por el usuario<\/td><\/tr><tr><td class=\"tbLeft\">Tensi\u00f3n de desconexi\u00f3n por voltaje bajo<\/td><td colspan=\"2\">AGM: 44.4V<br \/>GEL: 44.4V<br \/>Litio [48V] : 41.6V \/ Litio [51.2V] : 44.4V <br \/>Definido por el usuario<\/td><\/tr><tr><td class=\"tbLeft\">Eficiencia de seguimiento MPPT<\/td><td colspan=\"2\">\u226599.5%<\/td><\/tr><tr class=\"tbBorderNone\"><td class=\"tbLeft\">Compensaci\u00f3n de temperatura<\/td><td colspan=\"2\">-3mV\/\u00b0C\/2V (Por defecto)<\/td><\/tr><tr class=\"tbBorderNone\"><td class=\"tbTit\" colspan=\"3\">General<\/td><\/tr><tr><td class=\"tbLeft\">Autoconsumo con cargas conectadas inactivas<\/td><td colspan=\"2\">&lt;1A<\/td><\/tr><tr class=\"tbBorderNone\"><td class=\"tbLeft\">Autoconsumo en modo espera (standby)<\/td><td colspan=\"2\">&lt;0.15A<\/td><\/tr><tr class=\"tbBorderNone\"><td class=\"tbTit\" colspan=\"3\">Caracter\u00edsticas f\u00edsicas<\/td><\/tr><tr><td class=\"tbLeft\">Dimensiones (mm)<\/td><td colspan=\"2\">590 \u00d7 288 \u00d7 163<\/td><\/tr><tr><td class=\"tbLeft\">Superficie de montaje (mm)<\/td><td colspan=\"2\">568 x 245<\/td><\/tr><tr><td class=\"tbLeft\">Tama\u00f1o de agujeros para el montaje<\/td><td colspan=\"2\">\u03a69mm\/\u03a610mm<\/td><\/tr><tr class=\"tbBorderNone\"><td class=\"tbLeft\">Peso neto<\/td><td colspan=\"2\">15kg<\/td><\/tr><tr class=\"tbBorderNone\"><td class=\"tbTit\" colspan=\"3\">Ambiente<\/td><\/tr><tr><td class=\"tbLeft\">Grado de protecci\u00f3n IP del equipo<\/td><td colspan=\"2\">IP20<\/td><\/tr><tr><td class=\"tbLeft\">Humedad<\/td><td colspan=\"2\">&lt; 95%HR (sin condensaci\u00f3n)<\/td><\/tr><tr><td class=\"tbLeft\">Temperatura de trabajo<\/td><td colspan=\"2\">-20\u00b0C~50\u00b0C<\/td><\/tr><tr><td class=\"tbLeft\">Temperatura de almacenamiento<\/td><td colspan=\"2\">-25\u00b0C~60\u00b0C<\/td><\/tr><tr class=\"tbBorderNone\"><td class=\"tbLeft\">Altitud<\/td><td colspan=\"2\">&lt;4000m (degradaci\u00f3n de eficiencia para entornos con altitud &gt;1000m)<\/td><\/tr><tr class=\"tbBorderNone\"><td class=\"tbTit\" colspan=\"3\">Cables y accesorios de protecci\u00f3n recomendados<\/td><\/tr><tr><td class=\"tbLeft\">Bater\u00edas: secci\u00f3n \/ disyuntor CC \/ terminal ojal<\/td><td colspan=\"2\">35 mm2\/2AWG, 2P\u2014200A<\/td><\/tr><tr><td class=\"tbLeft\">Carga (salida) CA: secci\u00f3n \/ disyuntor CA \/ torque<\/td><td colspan=\"2\">6mm2\/10AWG, 2P\u201440A<\/td><\/tr><tr><td class=\"tbLeft\">Paneles solares: secci\u00f3n \/ disyuntor CC<\/td><td colspan=\"2\">6mm2\/10AWG, 2P\u201425A (2 MPPTs conectados de forma independiente)<br \/>10mm2\/7AWG, 2P\u201450A (2 MPPTs conectados en paralelo)<\/td><\/tr><tr><td class=\"tbLeft\">Entrada CA: secci\u00f3n \/ disyuntor CA \/ torque<\/td><td colspan=\"2\">6mm2\/10AWG, 2P\u201440A<\/td><\/tr><\/tbody><\/table>\t\t\t\t\t\t\t<\/div>\n\t\t\t\t\t\t\t\t\t\t\t<\/div>\n\n\t\t\t\t\t\t\t<\/div>\n\t\t<\/div>\n\t\t\t\t\t\t<\/div>\n\t\t\t\t<\/div>\n\t\t\t\t\t<\/div>\n\t\t<\/div>\n\t\t\t\t\t<\/div>\n\t\t<\/section>\n\t\t\t\t\t<\/div>\n\t\t<\/div>\n\t\t\t\t\t<\/div>\n\t\t<\/section>\n\t\t\t\t<section class=\"wd-negative-gap elementor-section elementor-top-section elementor-element elementor-element-7551e15 Link_Buttons elementor-section-boxed elementor-section-height-default elementor-section-height-default\" data-id=\"7551e15\" data-element_type=\"section\" data-e-type=\"section\" data-settings=\"{&quot;background_background&quot;:&quot;classic&quot;}\">\n\t\t\t\t\t\t<div class=\"elementor-container elementor-column-gap-custom\">\n\t\t\t\t\t<div class=\"elementor-column elementor-col-25 elementor-top-column elementor-element elementor-element-dc27fb1\" data-id=\"dc27fb1\" data-element_type=\"column\" data-e-type=\"column\">\n\t\t\t<div class=\"elementor-widget-wrap elementor-element-populated\">\n\t\t\t\t\t\t<div class=\"elementor-element elementor-element-883c724 elementor-view-framed elementor-shape-circle elementor-position-block-start elementor-mobile-position-block-start elementor-widget elementor-widget-icon-box\" data-id=\"883c724\" data-element_type=\"widget\" data-e-type=\"widget\" data-widget_type=\"icon-box.default\">\n\t\t\t\t\t\t\t<div class=\"elementor-icon-box-wrapper\">\n\n\t\t\t\t\t\t<div class=\"elementor-icon-box-icon\">\n\t\t\t\t<a href=\"https:\/\/enertik.com\/wp-content\/uploads\/sites\/3\/documentos\/folletos\/brochure-epever-hp-ahp20sa-en.pdf\" target=\"_blank\" class=\"elementor-icon\" tabindex=\"-1\">\n\t\t\t\t<svg aria-hidden=\"true\" class=\"e-font-icon-svg e-fas-book-open\" viewBox=\"0 0 576 512\" xmlns=\"http:\/\/www.w3.org\/2000\/svg\"><path d=\"M542.22 32.05c-54.8 3.11-163.72 14.43-230.96 55.59-4.64 2.84-7.27 7.89-7.27 13.17v363.87c0 11.55 12.63 18.85 23.28 13.49 69.18-34.82 169.23-44.32 218.7-46.92 16.89-.89 30.02-14.43 30.02-30.66V62.75c.01-17.71-15.35-31.74-33.77-30.7zM264.73 87.64C197.5 46.48 88.58 35.17 33.78 32.05 15.36 31.01 0 45.04 0 62.75V400.6c0 16.24 13.13 29.78 30.02 30.66 49.49 2.6 149.59 12.11 218.77 46.95 10.62 5.35 23.21-1.94 23.21-13.46V100.63c0-5.29-2.62-10.14-7.27-12.99z\"><\/path><\/svg>\t\t\t\t<\/a>\n\t\t\t<\/div>\n\t\t\t\n\t\t\t\t\t\t<div class=\"elementor-icon-box-content\">\n\n\t\t\t\t\n\t\t\t\t\t\t\t\t\t<p class=\"elementor-icon-box-description\">\n\t\t\t\t\t\tFOLLETO\t\t\t\t\t<\/p>\n\t\t\t\t\n\t\t\t<\/div>\n\t\t\t\n\t\t<\/div>\n\t\t\t\t\t\t<\/div>\n\t\t\t\t\t<\/div>\n\t\t<\/div>\n\t\t\t\t<div class=\"elementor-column elementor-col-25 elementor-top-column elementor-element elementor-element-4c78c82\" data-id=\"4c78c82\" data-element_type=\"column\" data-e-type=\"column\">\n\t\t\t<div class=\"elementor-widget-wrap elementor-element-populated\">\n\t\t\t\t\t\t<div class=\"elementor-element elementor-element-29d9444 elementor-view-framed elementor-shape-circle elementor-position-block-start elementor-mobile-position-block-start elementor-widget elementor-widget-icon-box\" data-id=\"29d9444\" data-element_type=\"widget\" data-e-type=\"widget\" data-widget_type=\"icon-box.default\">\n\t\t\t\t\t\t\t<div class=\"elementor-icon-box-wrapper\">\n\n\t\t\t\t\t\t<div class=\"elementor-icon-box-icon\">\n\t\t\t\t<a href=\"https:\/\/enertik.com\/wp-content\/uploads\/sites\/3\/documentos\/manuales\/hp-ahp20sa-manual-en-v1.0.pdf\" target=\"_blank\" class=\"elementor-icon\" tabindex=\"-1\">\n\t\t\t\t<svg aria-hidden=\"true\" class=\"e-font-icon-svg e-fas-book\" viewBox=\"0 0 448 512\" xmlns=\"http:\/\/www.w3.org\/2000\/svg\"><path d=\"M448 360V24c0-13.3-10.7-24-24-24H96C43 0 0 43 0 96v320c0 53 43 96 96 96h328c13.3 0 24-10.7 24-24v-16c0-7.5-3.5-14.3-8.9-18.7-4.2-15.4-4.2-59.3 0-74.7 5.4-4.3 8.9-11.1 8.9-18.6zM128 134c0-3.3 2.7-6 6-6h212c3.3 0 6 2.7 6 6v20c0 3.3-2.7 6-6 6H134c-3.3 0-6-2.7-6-6v-20zm0 64c0-3.3 2.7-6 6-6h212c3.3 0 6 2.7 6 6v20c0 3.3-2.7 6-6 6H134c-3.3 0-6-2.7-6-6v-20zm253.4 250H96c-17.7 0-32-14.3-32-32 0-17.6 14.4-32 32-32h285.4c-1.9 17.1-1.9 46.9 0 64z\"><\/path><\/svg>\t\t\t\t<\/a>\n\t\t\t<\/div>\n\t\t\t\n\t\t\t\t\t\t<div class=\"elementor-icon-box-content\">\n\n\t\t\t\t\n\t\t\t\t\t\t\t\t\t<p class=\"elementor-icon-box-description\">\n\t\t\t\t\t\tMANUAL\t\t\t\t\t<\/p>\n\t\t\t\t\n\t\t\t<\/div>\n\t\t\t\n\t\t<\/div>\n\t\t\t\t\t\t<\/div>\n\t\t\t\t\t<\/div>\n\t\t<\/div>\n\t\t\t\t<div class=\"elementor-column elementor-col-25 elementor-top-column elementor-element elementor-element-0eafe71\" data-id=\"0eafe71\" data-element_type=\"column\" data-e-type=\"column\">\n\t\t\t<div class=\"elementor-widget-wrap elementor-element-populated\">\n\t\t\t\t\t\t<div class=\"elementor-element elementor-element-794193c elementor-view-framed elementor-shape-circle elementor-position-block-start elementor-mobile-position-block-start elementor-widget elementor-widget-icon-box\" data-id=\"794193c\" data-element_type=\"widget\" data-e-type=\"widget\" data-widget_type=\"icon-box.default\">\n\t\t\t\t\t\t\t<div class=\"elementor-icon-box-wrapper\">\n\n\t\t\t\t\t\t<div class=\"elementor-icon-box-icon\">\n\t\t\t\t<a href=\"https:\/\/play.google.com\/store\/apps\/details?id=com.epever.epeverApp\" target=\"_blank\" class=\"elementor-icon\" tabindex=\"-1\" rel=\"noopener\">\n\t\t\t\t<svg aria-hidden=\"true\" class=\"e-font-icon-svg e-fab-google-play\" viewBox=\"0 0 512 512\" xmlns=\"http:\/\/www.w3.org\/2000\/svg\"><path d=\"M325.3 234.3L104.6 13l280.8 161.2-60.1 60.1zM47 0C34 6.8 25.3 19.2 25.3 35.3v441.3c0 16.1 8.7 28.5 21.7 35.3l256.6-256L47 0zm425.2 225.6l-58.9-34.1-65.7 64.5 65.7 64.5 60.1-34.1c18-14.3 18-46.5-1.2-60.8zM104.6 499l280.8-161.2-60.1-60.1L104.6 499z\"><\/path><\/svg>\t\t\t\t<\/a>\n\t\t\t<\/div>\n\t\t\t\n\t\t\t\t\t\t<div class=\"elementor-icon-box-content\">\n\n\t\t\t\t\n\t\t\t\t\t\t\t\t\t<p class=\"elementor-icon-box-description\">\n\t\t\t\t\t\tAPP ANDROID\t\t\t\t\t<\/p>\n\t\t\t\t\n\t\t\t<\/div>\n\t\t\t\n\t\t<\/div>\n\t\t\t\t\t\t<\/div>\n\t\t\t\t\t<\/div>\n\t\t<\/div>\n\t\t\t\t<div class=\"elementor-column elementor-col-25 elementor-top-column elementor-element elementor-element-9eff0cf\" data-id=\"9eff0cf\" data-element_type=\"column\" data-e-type=\"column\">\n\t\t\t<div class=\"elementor-widget-wrap elementor-element-populated\">\n\t\t\t\t\t\t<div class=\"elementor-element elementor-element-625004e elementor-view-framed elementor-shape-circle elementor-position-block-start elementor-mobile-position-block-start elementor-widget elementor-widget-icon-box\" data-id=\"625004e\" data-element_type=\"widget\" data-e-type=\"widget\" data-widget_type=\"icon-box.default\">\n\t\t\t\t\t\t\t<div class=\"elementor-icon-box-wrapper\">\n\n\t\t\t\t\t\t<div class=\"elementor-icon-box-icon\">\n\t\t\t\t<a href=\"https:\/\/apps.apple.com\/app\/solar-guardian\/id6443552259\" target=\"_blank\" class=\"elementor-icon\" tabindex=\"-1\" rel=\"noopener\">\n\t\t\t\t<svg aria-hidden=\"true\" class=\"e-font-icon-svg e-fab-app-store-ios\" viewBox=\"0 0 448 512\" xmlns=\"http:\/\/www.w3.org\/2000\/svg\"><path d=\"M400 32H48C21.5 32 0 53.5 0 80v352c0 26.5 21.5 48 48 48h352c26.5 0 48-21.5 48-48V80c0-26.5-21.5-48-48-48zM127 384.5c-5.5 9.6-17.8 12.8-27.3 7.3-9.6-5.5-12.8-17.8-7.3-27.3l14.3-24.7c16.1-4.9 29.3-1.1 39.6 11.4L127 384.5zm138.9-53.9H84c-11 0-20-9-20-20s9-20 20-20h51l65.4-113.2-20.5-35.4c-5.5-9.6-2.2-21.8 7.3-27.3 9.6-5.5 21.8-2.2 27.3 7.3l8.9 15.4 8.9-15.4c5.5-9.6 17.8-12.8 27.3-7.3 9.6 5.5 12.8 17.8 7.3 27.3l-85.8 148.6h62.1c20.2 0 31.5 23.7 22.7 40zm98.1 0h-29l19.6 33.9c5.5 9.6 2.2 21.8-7.3 27.3-9.6 5.5-21.8 2.2-27.3-7.3-32.9-56.9-57.5-99.7-74-128.1-16.7-29-4.8-58 7.1-67.8 13.1 22.7 32.7 56.7 58.9 102h52c11 0 20 9 20 20 0 11.1-9 20-20 20z\"><\/path><\/svg>\t\t\t\t<\/a>\n\t\t\t<\/div>\n\t\t\t\n\t\t\t\t\t\t<div class=\"elementor-icon-box-content\">\n\n\t\t\t\t\n\t\t\t\t\t\t\t\t\t<p class=\"elementor-icon-box-description\">\n\t\t\t\t\t\tAPP IOS\t\t\t\t\t<\/p>\n\t\t\t\t\n\t\t\t<\/div>\n\t\t\t\n\t\t<\/div>\n\t\t\t\t\t\t<\/div>\n\t\t\t\t\t<\/div>\n\t\t<\/div>\n\t\t\t\t\t<\/div>\n\t\t<\/section>\n\t\t\t\t<\/div>\n\t\t","protected":false},"excerpt":{"rendered":"<p class=\"p1\">La serie <strong>HP-AHP20SA<\/strong> es la nueva l\u00ednea de inversores-cargadores de <strong>EPEVER<\/strong>.<br \/>\nGracias a la nueva tecnolog\u00eda implementada, son m\u00e1s ligeros y potentes que los modelos anteriores.<\/p>\n<p class=\"p1\">Pueden cargar las bater\u00edas con fuente de energ\u00eda solar, de generadores y de red p\u00fablica.<br \/>\nPor otra parte, pueden generar salida CA con bypass o inversor.<\/p>\n<p>El chip DSP avanzado integrado, con su algoritmo de control, garantiza una alta velocidad de respuesta, confiabilidad y eficiencia de conversi\u00f3n.<br \/>\nCon este nuevo m\u00e9todo de gesti\u00f3n de energ\u00eda, los clientes pueden lograr una utilizaci\u00f3n eficiente de la energ\u00eda utilizando de manera flexible energ\u00eda solar o energ\u00eda de la red a trav\u00e9s de configuraciones personalizadas acorde a sus necesidades.<\/p>\n<p>Este producto de alta calidad garantiza un suministro de energ\u00eda estable y es adecuado para sistemas h\u00edbridos de generaci\u00f3n de energ\u00eda que combinan energ\u00eda solar, servicios p\u00fablicos (red) y generadores.<\/p>\n<p>Estos inversores-cargadores son ideales para un sistema de suministro de energ\u00eda residencial ininterrumpido y rentable (reducci\u00f3n o eliminaci\u00f3n total de las facturas de luz).<\/p>\n<p class=\"p1\">Modelo: Salida 5.5kW &#8211; Bater\u00edas 48V &#8211; Cargador 100A<\/p>\n<p>*Cantidad de accesorios necesaria para cada sistema de inversores-cargadores en paralelo:<br \/>\nCable de comunicaci\u00f3n: (N\u00famero de inversores en paralelo) -1<br \/>\nTerminador DB9 Hembra: 1<br \/>\nTerminador DB9 Macho: 1<\/p>\n","protected":false},"featured_media":27045,"comment_status":"open","ping_status":"closed","template":"","meta":{"_relevanssi_hide_post":"","_relevanssi_hide_content":"","_relevanssi_pin_for_all":"","_relevanssi_pin_keywords":"","_relevanssi_unpin_keywords":"","_relevanssi_related_keywords":"","_relevanssi_related_include_ids":"","_relevanssi_related_exclude_ids":"","_relevanssi_related_no_append":"","_relevanssi_related_not_related":"","_relevanssi_related_posts":"","_relevanssi_noindex_reason":"","inline_featured_image":false},"product_brand":[],"product_cat":[1725,1723],"product_tag":[],"class_list":{"0":"post-27063","1":"product","2":"type-product","3":"status-publish","4":"has-post-thumbnail","6":"product_cat-con-regulador-solar-mppt","7":"product_cat-inversores-cargadores","8":"pa_gtin-4449","9":"pa_marca-epever","10":"pa_mpn-hp5542-ah1050p20sa","11":"pa_potencia-5500w","12":"pa_serie-serie-hp-ahp20sa","13":"pa_voltaje-48v","15":"first","16":"instock","17":"sale","18":"taxable","19":"shipping-taxable","20":"purchasable","21":"product-type-simple"},"bundled_by":[],"bundle_stock_status":"instock","bundle_stock_quantity":16,"bundle_virtual":false,"bundle_layout":"","bundle_add_to_cart_form_location":"","bundle_editable_in_cart":false,"bundle_sold_individually_context":"","bundle_item_grouping":"","bundle_min_size":"","bundle_max_size":"","bundle_price":[],"bundled_items":[],"bundle_sell_ids":[],"group_of_quantity":0,"min_quantity":0,"max_quantity":"","exclude_order_quantity_value_rules":"no","exclude_category_quantity_rules":"no","combine_variations":"no","exclude_global_add_ons":[],"addons":[],"_links":{"self":[{"href":"https:\/\/enertik.com\/cl\/wp-json\/wp\/v2\/product\/27063","targetHints":{"allow":["GET"]}}],"collection":[{"href":"https:\/\/enertik.com\/cl\/wp-json\/wp\/v2\/product"}],"about":[{"href":"https:\/\/enertik.com\/cl\/wp-json\/wp\/v2\/types\/product"}],"replies":[{"embeddable":true,"href":"https:\/\/enertik.com\/cl\/wp-json\/wp\/v2\/comments?post=27063"}],"version-history":[{"count":0,"href":"https:\/\/enertik.com\/cl\/wp-json\/wp\/v2\/product\/27063\/revisions"}],"wp:featuredmedia":[{"embeddable":true,"href":"https:\/\/enertik.com\/cl\/wp-json\/wp\/v2\/media\/27045"}],"wp:attachment":[{"href":"https:\/\/enertik.com\/cl\/wp-json\/wp\/v2\/media?parent=27063"}],"wp:term":[{"taxonomy":"product_brand","embeddable":true,"href":"https:\/\/enertik.com\/cl\/wp-json\/wp\/v2\/product_brand?post=27063"},{"taxonomy":"product_cat","embeddable":true,"href":"https:\/\/enertik.com\/cl\/wp-json\/wp\/v2\/product_cat?post=27063"},{"taxonomy":"product_tag","embeddable":true,"href":"https:\/\/enertik.com\/cl\/wp-json\/wp\/v2\/product_tag?post=27063"}],"curies":[{"name":"wp","href":"https:\/\/api.w.org\/{rel}","templated":true}]}}