{"id":25666,"date":"2023-09-13T19:02:18","date_gmt":"2023-09-13T22:02:18","guid":{"rendered":"https:\/\/enertik.com\/cl\/?post_type=product&#038;p=25666"},"modified":"2026-04-09T04:28:24","modified_gmt":"2026-04-09T08:28:24","slug":"sistema-de-alta-tension-pylontech-litio-powercube-h1-modulo-de-bateria-48v-50ah-2-4kwh","status":"publish","type":"product","link":"https:\/\/enertik.com\/cl\/tienda\/baterias\/litio\/sistema-de-alta-tension-pylontech-litio-powercube-h1-modulo-de-bateria-48v-50ah-2-4kwh\/","title":{"rendered":"Sistema de Alta Tensi\u00f3n Pylontech Litio &#8211; PowerCube H1 &#8211; M\u00f3dulo de Bater\u00eda 48V 50Ah 2.4kWh"},"content":{"rendered":"\t\t<div data-elementor-type=\"product-post\" data-elementor-id=\"25666\" class=\"elementor elementor-25666\" data-elementor-post-type=\"product\">\n\t\t\t\t\t\t<section class=\"wd-negative-gap elementor-section elementor-top-section elementor-element elementor-element-a656b70 Product_Description elementor-section-boxed elementor-section-height-default elementor-section-height-default\" data-id=\"a656b70\" data-element_type=\"section\" data-e-type=\"section\">\n\t\t\t\t\t\t<div class=\"elementor-container elementor-column-gap-default\">\n\t\t\t\t\t<div class=\"elementor-column elementor-col-100 elementor-top-column elementor-element elementor-element-fe43622\" data-id=\"fe43622\" data-element_type=\"column\" data-e-type=\"column\" data-settings=\"{&quot;background_background&quot;:&quot;classic&quot;}\">\n\t\t\t<div class=\"elementor-widget-wrap elementor-element-populated\">\n\t\t\t\t\t\t<section class=\"wd-negative-gap elementor-section elementor-inner-section elementor-element elementor-element-9ba1238 elementor-section-boxed elementor-section-height-default elementor-section-height-default\" data-id=\"9ba1238\" data-element_type=\"section\" data-e-type=\"section\">\n\t\t\t\t\t\t<div class=\"elementor-container elementor-column-gap-default\">\n\t\t\t\t\t<div class=\"elementor-column elementor-col-100 elementor-inner-column elementor-element elementor-element-2c1cf09\" data-id=\"2c1cf09\" data-element_type=\"column\" data-e-type=\"column\">\n\t\t\t<div class=\"elementor-widget-wrap elementor-element-populated\">\n\t\t\t\t\t\t<div class=\"elementor-element elementor-element-4977bff elementor-widget elementor-widget-wd_tabs\" data-id=\"4977bff\" data-element_type=\"widget\" data-e-type=\"widget\" data-widget_type=\"wd_tabs.default\">\n\t\t\t\t<div class=\"elementor-widget-container\">\n\t\t\t\t\t\t\t<div class=\"wd-tabs tabs-design-default\">\n\t\t\t<div class=\"wd-tabs-header text-center\">\n\t\t\t\t\n\t\t\t\t\n\t\t\t\t<div class=\"wd-nav-wrapper wd-nav-tabs-wrapper wd-mb-action-swipe\">\n\t\t\t\t\t<ul class=\"wd-nav wd-nav-tabs wd-icon-pos-left wd-style-underline\">\n\t\t\t\t\t\t\t\t\t\t\t\t\t\n\t\t\t\t\t\t\t<li>\n\t\t\t\t\t\t\t\t<a href=\"#\" class=\"wd-nav-link\">\n\t\t\t\t\t\t\t\t\t\n\t\t\t\t\t\t\t\t\t<span class=\"nav-link-text wd-tabs-title\">\n\t\t\t\t\t\t\t\t\t\tDESCRIPCI\u00d3N\t\t\t\t\t\t\t\t\t<\/span>\n\t\t\t\t\t\t\t\t<\/a>\n\t\t\t\t\t\t\t<\/li>\n\n\t\t\t\t\t\t\t\t\t\t\t\t\t\n\t\t\t\t\t\t\t<li>\n\t\t\t\t\t\t\t\t<a href=\"#\" class=\"wd-nav-link\">\n\t\t\t\t\t\t\t\t\t\n\t\t\t\t\t\t\t\t\t<span class=\"nav-link-text wd-tabs-title\">\n\t\t\t\t\t\t\t\t\t\tESPECIFICACIONES\t\t\t\t\t\t\t\t\t<\/span>\n\t\t\t\t\t\t\t\t<\/a>\n\t\t\t\t\t\t\t<\/li>\n\n\t\t\t\t\t\t\t\t\t\t\t<\/ul>\n\t\t\t\t<\/div>\n\t\t\t<\/div>\n\n\t\t\t<div class=\"wd-tabs-content-wrapper\">\n\t\t\t\t\t\t\t\t\t\t\t\t\t\t\n\t\t\t\t\t<div class=\"wd-tab-content wd-entry-content\">\n\t\t\t\t\t\t\t\t\t\t\t\t\t<div >\n\t\t\t\t\t\t\t\t<h2>VENTAJAS<\/h2><ul><li>Sistema de alta tensi\u00f3n, con m\u00e1s eficiencia, menos calor y menor grosor de cables<\/li><li>F\u00e1cil de instalar y operar<\/li><li>Expectativa de vida de la bater\u00eda mayor a 15 a\u00f1os (dependiendo de las condiciones de uso)<\/li><li>Alta potencia espec\u00edfica\u2028Tecnolog\u00eda de almacenamiento en alta tensi\u00f3n de \u00faltima generaci\u00f3n<\/li><li>Vida m\u00e1s larga en aplicaciones de ciclo profundo<\/li><li>Excelente recuperaci\u00f3n de la descarga profunda<\/li><li>Sin mantenimiento<\/li><li>Compatible con la mayor\u00eda de los inversores h\u00edbridos disponibles<\/li><li>Con barra de leds indicadores de porcentajes de carga<\/li><li>Capacidad de descarga de hasta un 90%, para recuperarse sin ning\u00fan problema y sin p\u00e9rdida de capacidad<\/li><li>Monitoreo y registro del historial de operaci\u00f3n constante. Datos y salud de la bater\u00eda disponible.<\/li><li>El controlador inteligente supervisa y controla el estado de carga y descarga de las celdas, alargando la vida \u00fatil del sistema<\/li><li>Celdas de alta calidad y sistema BMS inteligente, aguanta 5000 ciclos de carga y descarga completos<\/li><\/ul><p>\u00a0<\/p><h2>PROTECCIONES<\/h2><ul><li>Sobrecarga y Sobredescarga<\/li><li>Sobretensi\u00f3n<\/li><li>Sobrecorriente en estado de carga y descarga<\/li><li>Temperatura alta y baja<\/li><\/ul>\t\t\t\t\t\t\t<\/div>\n\t\t\t\t\t\t\t\t\t\t\t<\/div>\n\n\t\t\t\t\t\t\t\t\t\t\t\t\t\t\n\t\t\t\t\t<div class=\"wd-tab-content wd-entry-content\">\n\t\t\t\t\t\t\t\t\t\t\t\t\t<div >\n\t\t\t\t\t\t\t\t<table>\n<tbody>\n<tr>\n<td class=\"tbSubTit\" colspan=\"2\">[M\u00f3dulo de Bater\u00eda]<\/td>\n<\/tr>\n<tr>\n<td class=\"tbLeft\">Modelo<\/td>\n<td>PYLONTECH H48050<\/td>\n<\/tr>\n<tr class=\"tbBorderNone\">\n<td class=\"tbLeft\">Tipo<\/td>\n<td>LITIO - CICLO PROFUNDO<\/td>\n<\/tr>\n<tr>\n<td class=\"tbTit\" colspan=\"2\">Especificaciones el\u00e9ctricas de 1 m\u00f3dulo<\/td>\n<\/tr>\n<tr>\n<td class=\"tbLeft\">Capacidad nominal<\/td>\n<td>2.4 kWh<\/td>\n<\/tr>\n<tr>\n<td class=\"tbLeft\">Tensi\u00f3n nominal<\/td>\n<td>48VCC<\/td>\n<\/tr>\n<tr>\n<td class=\"tbLeft\">Capacidad<\/td>\n<td>50Ah<\/td>\n<\/tr>\n<tr>\n<td class=\"tbLeft\">Tensi\u00f3n de carga<\/td>\n<td>54VCC<\/td>\n<\/tr>\n<tr>\n<td class=\"tbLeft\">Tensi\u00f3n de bater\u00eda descargada<\/td>\n<td>43.5VCC<\/td>\n<\/tr>\n<tr>\n<td class=\"tbLeft\">Corriente de carga \/ descarga recomendada<\/td>\n<td>10A<\/td>\n<\/tr>\n<tr>\n<td class=\"tbLeft\">Corriente de carga y descarga normal<\/td>\n<td>25A<\/td>\n<\/tr>\n<tr>\n<td class=\"tbLeft\">Corriente de carga y descarga m\u00e1xima<\/td>\n<td>50A<\/td>\n<\/tr>\n<tr>\n<td class=\"tbLeft\">Profundidad de descarga<\/td>\n<td>90%<\/td>\n<\/tr>\n<tr>\n<td class=\"tbLeft\">Clase de protecci\u00f3n<\/td>\n<td>IP20<\/td>\n<\/tr>\n<tr>\n<td class=\"tbLeft\">Vida \u00fatil<\/td>\n<td>m\u00e1s de 15 a\u00f1os<\/td>\n<\/tr>\n<tr>\n<td class=\"tbLeft\">Temperatura de operaci\u00f3n<\/td>\n<td>0 ~ 50\u00b0C<\/td>\n<\/tr>\n<tr>\n<td class=\"tbLeft\">Altura de operaci\u00f3n<\/td>\n<td>&lt;2000m<\/td>\n<\/tr>\n<tr class=\"tbBorderNone\">\n<td class=\"tbLeft\">Comunicaci\u00f3n (entre m\u00f3dulos de bater\u00edas y con el controlador BMS)<\/td>\n<td>Pylontech LinkPort<\/td>\n<\/tr>\n<tr>\n<td class=\"tbTit\" colspan=\"2\">Caracter\u00edsticas f\u00edsicas<\/td>\n<\/tr>\n<tr>\n<td class=\"tbLeft\">Dimensiones (mm)<\/td>\n<td>442 x 390 x 100<\/td>\n<\/tr>\n<tr>\n<td class=\"tbLeft\">Peso<\/td>\n<td>24kg<\/td>\n<\/tr>\n<\/tbody>\n<\/table>\n<table>\n<tbody>\n<tr>\n<td class=\"tbSubTit\" colspan=\"2\">[Controlador BMS]<\/td>\n<\/tr>\n<tr class=\"tbBorderNone\">\n<td class=\"tbLeft\">Modelo<\/td>\n<td>PYLONTECH SC1000-100S<\/td>\n<\/tr>\n<tr>\n<td class=\"tbTit\" colspan=\"2\">Especificaciones el\u00e9ctricas (controlador)<\/td>\n<\/tr>\n<tr>\n<td class=\"tbLeft\">Rango de tensi\u00f3n operable<\/td>\n<td>200 ~ 1000VCC<\/td>\n<\/tr>\n<tr>\n<td class=\"tbLeft\">Corriente de carga y descarga m\u00e1xima controlable<\/td>\n<td>100A<\/td>\n<\/tr>\n<tr>\n<td class=\"tbLeft\">Autoconsumo<\/td>\n<td>&lt; 8W<\/td>\n<\/tr>\n<tr>\n<td class=\"tbLeft\">Comunicaci\u00f3n (entre m\u00f3dulos y el controlador)<\/td>\n<td>Pylontech LinkPort<\/td>\n<\/tr>\n<tr>\n<td class=\"tbLeft\">Comunicaci\u00f3n (con el inversor-cargador)<\/td>\n<td>RS485 \/ CAN<\/td>\n<\/tr>\n<tr>\n<td class=\"tbLeft\">Clase de protecci\u00f3n<\/td>\n<td>IP20<\/td>\n<\/tr>\n<tr>\n<td class=\"tbLeft\">Vida \u00fatil<\/td>\n<td>m\u00e1s de 15 a\u00f1os<\/td>\n<\/tr>\n<tr class=\"tbBorderNone\">\n<td class=\"tbLeft\">Temperatura de operaci\u00f3n<\/td>\n<td>-20 ~ 65\u00b0C<\/td>\n<\/tr>\n<tr>\n<td class=\"tbTit\" colspan=\"2\">Caracter\u00edsticas f\u00edsicas<\/td>\n<\/tr>\n<tr>\n<td class=\"tbLeft\">Dimensiones (mm)<\/td>\n<td>442 x 390 x 132<\/td>\n<\/tr>\n<tr>\n<td class=\"tbLeft\">Peso<\/td>\n<td>8.5kg<\/td>\n<\/tr>\n<\/tbody>\n<\/table>\n<table>\n<tbody>\n<tr>\n<td class=\"tbSubTit\" colspan=\"2\">[Sistema PowerCube H1]<\/td>\n<\/tr>\n<tr>\n<td class=\"tbLeft\">Nombre del sistema<\/td>\n<td>PYLONTECH PowerCube H1<\/td>\n<\/tr>\n<tr class=\"tbBorderNone\">\n<td class=\"tbLeft\">Tipo<\/td>\n<td>LITIO - CICLO PROFUNDO<\/td>\n<\/tr>\n<tr>\n<td class=\"tbTit\" colspan=\"2\">Especificaciones<\/td>\n<\/tr>\n<tr>\n<td class=\"tbLeft\">Capacidad<\/td>\n<td>12~ 43.2 kWh\n(2.4 x n\u00famero de m\u00f3dulos)<\/td>\n<\/tr>\n<tr>\n<td class=\"tbLeft\">Tensi\u00f3n nominal<\/td>\n<td>240 ~ 864VCC\n(48 x n\u00famero de m\u00f3dulos)<\/td>\n<\/tr>\n<tr>\n<td class=\"tbLeft\">Capacidad<\/td>\n<td>50Ah<\/td>\n<\/tr>\n<tr>\n<td class=\"tbLeft\">N\u00famero de m\u00f3dulos de bater\u00eda<\/td>\n<td>5 ~ 18<\/td>\n<\/tr>\n<tr>\n<td class=\"tbLeft\">Tensi\u00f3n m\u00e1xima<\/td>\n<td>(54 x n\u00famero de m\u00f3dulos) VCC<\/td>\n<\/tr>\n<tr>\n<td class=\"tbLeft\">Tensi\u00f3n m\u00ednima<\/td>\n<td>(43.5 x n\u00famero de m\u00f3dulos) VCC<\/td>\n<\/tr>\n<tr>\n<td class=\"tbLeft\">Corriente de carga y descarga recomendada<\/td>\n<td>10 ~ 25A<\/td>\n<\/tr>\n<tr>\n<td class=\"tbLeft\">Corriente de carga y descarga m\u00e1xima<\/td>\n<td>50A<\/td>\n<\/tr>\n<tr>\n<td class=\"tbLeft\">Eficiencia<\/td>\n<td>96%<\/td>\n<\/tr>\n<tr>\n<td class=\"tbLeft\">Profundidad de descarga<\/td>\n<td>90%<\/td>\n<\/tr>\n<tr>\n<td class=\"tbLeft\">Altitud (m)<\/td>\n<td>&lt; 2000 m<\/td>\n<\/tr>\n<tr>\n<td class=\"tbLeft\">Vida \u00fatil<\/td>\n<td>&gt;15 a\u00f1os (5000 ciclos completos)<\/td>\n<\/tr>\n<tr>\n<td class=\"tbLeft\">Comunicaci\u00f3n con el inversor-cargador<\/td>\n<td>RS485 \/ CAN<\/td>\n<\/tr>\n<\/tbody>\n<\/table>\t\t\t\t\t\t\t<\/div>\n\t\t\t\t\t\t\t\t\t\t\t<\/div>\n\n\t\t\t\t\t\t\t<\/div>\n\t\t<\/div>\n\t\t\t\t\t\t<\/div>\n\t\t\t\t<\/div>\n\t\t\t\t\t<\/div>\n\t\t<\/div>\n\t\t\t\t\t<\/div>\n\t\t<\/section>\n\t\t\t\t\t<\/div>\n\t\t<\/div>\n\t\t\t\t\t<\/div>\n\t\t<\/section>\n\t\t\t\t<section class=\"wd-negative-gap elementor-section elementor-top-section elementor-element elementor-element-d3d5b05 Link_Buttons elementor-section-boxed elementor-section-height-default elementor-section-height-default\" data-id=\"d3d5b05\" data-element_type=\"section\" data-e-type=\"section\" data-settings=\"{&quot;background_background&quot;:&quot;classic&quot;}\">\n\t\t\t\t\t\t<div class=\"elementor-container elementor-column-gap-custom\">\n\t\t\t\t\t<div class=\"elementor-column elementor-col-25 elementor-top-column elementor-element elementor-element-f13d3de\" data-id=\"f13d3de\" data-element_type=\"column\" data-e-type=\"column\">\n\t\t\t<div class=\"elementor-widget-wrap elementor-element-populated\">\n\t\t\t\t\t\t<div class=\"elementor-element elementor-element-8ddc495 elementor-view-framed elementor-shape-circle elementor-position-block-start elementor-mobile-position-block-start elementor-widget elementor-widget-icon-box\" data-id=\"8ddc495\" data-element_type=\"widget\" data-e-type=\"widget\" data-widget_type=\"icon-box.default\">\n\t\t\t\t\t\t\t<div class=\"elementor-icon-box-wrapper\">\n\n\t\t\t\t\t\t<div class=\"elementor-icon-box-icon\">\n\t\t\t\t<a href=\"https:\/\/enertik.com\/wp-content\/uploads\/sites\/3\/documentos\/manuales\/ci-ess-installation-manual-powercube-h1h2-v2-eu-5pmpa08-00130-v1.0.pdf\" target=\"_blank\" class=\"elementor-icon\" tabindex=\"-1\">\n\t\t\t\t<svg aria-hidden=\"true\" class=\"e-font-icon-svg e-fas-book\" viewBox=\"0 0 448 512\" xmlns=\"http:\/\/www.w3.org\/2000\/svg\"><path d=\"M448 360V24c0-13.3-10.7-24-24-24H96C43 0 0 43 0 96v320c0 53 43 96 96 96h328c13.3 0 24-10.7 24-24v-16c0-7.5-3.5-14.3-8.9-18.7-4.2-15.4-4.2-59.3 0-74.7 5.4-4.3 8.9-11.1 8.9-18.6zM128 134c0-3.3 2.7-6 6-6h212c3.3 0 6 2.7 6 6v20c0 3.3-2.7 6-6 6H134c-3.3 0-6-2.7-6-6v-20zm0 64c0-3.3 2.7-6 6-6h212c3.3 0 6 2.7 6 6v20c0 3.3-2.7 6-6 6H134c-3.3 0-6-2.7-6-6v-20zm253.4 250H96c-17.7 0-32-14.3-32-32 0-17.6 14.4-32 32-32h285.4c-1.9 17.1-1.9 46.9 0 64z\"><\/path><\/svg>\t\t\t\t<\/a>\n\t\t\t<\/div>\n\t\t\t\n\t\t\t\t\t\t<div class=\"elementor-icon-box-content\">\n\n\t\t\t\t\n\t\t\t\t\t\t\t\t\t<p class=\"elementor-icon-box-description\">\n\t\t\t\t\t\tMANUAL\t\t\t\t\t<\/p>\n\t\t\t\t\n\t\t\t<\/div>\n\t\t\t\n\t\t<\/div>\n\t\t\t\t\t\t<\/div>\n\t\t\t\t\t<\/div>\n\t\t<\/div>\n\t\t\t\t<div class=\"elementor-column elementor-col-25 elementor-top-column elementor-element elementor-element-5dc1e0e\" data-id=\"5dc1e0e\" data-element_type=\"column\" data-e-type=\"column\">\n\t\t\t<div class=\"elementor-widget-wrap elementor-element-populated\">\n\t\t\t\t\t\t<div class=\"elementor-element elementor-element-c08e233 elementor-view-framed elementor-shape-circle elementor-position-block-start elementor-mobile-position-block-start elementor-widget elementor-widget-icon-box\" data-id=\"c08e233\" data-element_type=\"widget\" data-e-type=\"widget\" data-widget_type=\"icon-box.default\">\n\t\t\t\t\t\t\t<div class=\"elementor-icon-box-wrapper\">\n\n\t\t\t\t\t\t<div class=\"elementor-icon-box-icon\">\n\t\t\t\t<a href=\"https:\/\/enertik.com\/wp-content\/uploads\/sites\/3\/pylontech_lista_de_compatibilidad_v2.22_ess.pdf\" target=\"_blank\" class=\"elementor-icon\" tabindex=\"-1\">\n\t\t\t\t<svg aria-hidden=\"true\" class=\"e-font-icon-svg e-fas-list-alt\" viewBox=\"0 0 512 512\" xmlns=\"http:\/\/www.w3.org\/2000\/svg\"><path d=\"M464 480H48c-26.51 0-48-21.49-48-48V80c0-26.51 21.49-48 48-48h416c26.51 0 48 21.49 48 48v352c0 26.51-21.49 48-48 48zM128 120c-22.091 0-40 17.909-40 40s17.909 40 40 40 40-17.909 40-40-17.909-40-40-40zm0 96c-22.091 0-40 17.909-40 40s17.909 40 40 40 40-17.909 40-40-17.909-40-40-40zm0 96c-22.091 0-40 17.909-40 40s17.909 40 40 40 40-17.909 40-40-17.909-40-40-40zm288-136v-32c0-6.627-5.373-12-12-12H204c-6.627 0-12 5.373-12 12v32c0 6.627 5.373 12 12 12h200c6.627 0 12-5.373 12-12zm0 96v-32c0-6.627-5.373-12-12-12H204c-6.627 0-12 5.373-12 12v32c0 6.627 5.373 12 12 12h200c6.627 0 12-5.373 12-12zm0 96v-32c0-6.627-5.373-12-12-12H204c-6.627 0-12 5.373-12 12v32c0 6.627 5.373 12 12 12h200c6.627 0 12-5.373 12-12z\"><\/path><\/svg>\t\t\t\t<\/a>\n\t\t\t<\/div>\n\t\t\t\n\t\t\t\t\t\t<div class=\"elementor-icon-box-content\">\n\n\t\t\t\t\n\t\t\t\t\t\t\t\t\t<p class=\"elementor-icon-box-description\">\n\t\t\t\t\t\tLISTA DE COMPATIBILIDAD\t\t\t\t\t<\/p>\n\t\t\t\t\n\t\t\t<\/div>\n\t\t\t\n\t\t<\/div>\n\t\t\t\t\t\t<\/div>\n\t\t\t\t\t<\/div>\n\t\t<\/div>\n\t\t\t\t<div class=\"elementor-column elementor-col-25 elementor-top-column elementor-element elementor-element-1b7c20e\" data-id=\"1b7c20e\" data-element_type=\"column\" data-e-type=\"column\">\n\t\t\t<div class=\"elementor-widget-wrap elementor-element-populated\">\n\t\t\t\t\t\t<div class=\"elementor-element elementor-element-7f0e80f elementor-view-framed elementor-shape-circle elementor-position-block-start elementor-mobile-position-block-start elementor-widget elementor-widget-icon-box\" data-id=\"7f0e80f\" data-element_type=\"widget\" data-e-type=\"widget\" data-widget_type=\"icon-box.default\">\n\t\t\t\t\t\t\t<div class=\"elementor-icon-box-wrapper\">\n\n\t\t\t\t\t\t<div class=\"elementor-icon-box-icon\">\n\t\t\t\t<a href=\"https:\/\/enertik.com\/wp-content\/uploads\/sites\/3\/documentos\/certificados\/h48050-msds-es.pdf\" target=\"_blank\" class=\"elementor-icon\" tabindex=\"-1\">\n\t\t\t\t<svg aria-hidden=\"true\" class=\"e-font-icon-svg e-far-list-alt\" viewBox=\"0 0 512 512\" xmlns=\"http:\/\/www.w3.org\/2000\/svg\"><path d=\"M464 32H48C21.49 32 0 53.49 0 80v352c0 26.51 21.49 48 48 48h416c26.51 0 48-21.49 48-48V80c0-26.51-21.49-48-48-48zm-6 400H54a6 6 0 0 1-6-6V86a6 6 0 0 1 6-6h404a6 6 0 0 1 6 6v340a6 6 0 0 1-6 6zm-42-92v24c0 6.627-5.373 12-12 12H204c-6.627 0-12-5.373-12-12v-24c0-6.627 5.373-12 12-12h200c6.627 0 12 5.373 12 12zm0-96v24c0 6.627-5.373 12-12 12H204c-6.627 0-12-5.373-12-12v-24c0-6.627 5.373-12 12-12h200c6.627 0 12 5.373 12 12zm0-96v24c0 6.627-5.373 12-12 12H204c-6.627 0-12-5.373-12-12v-24c0-6.627 5.373-12 12-12h200c6.627 0 12 5.373 12 12zm-252 12c0 19.882-16.118 36-36 36s-36-16.118-36-36 16.118-36 36-36 36 16.118 36 36zm0 96c0 19.882-16.118 36-36 36s-36-16.118-36-36 16.118-36 36-36 36 16.118 36 36zm0 96c0 19.882-16.118 36-36 36s-36-16.118-36-36 16.118-36 36-36 36 16.118 36 36z\"><\/path><\/svg>\t\t\t\t<\/a>\n\t\t\t<\/div>\n\t\t\t\n\t\t\t\t\t\t<div class=\"elementor-icon-box-content\">\n\n\t\t\t\t\n\t\t\t\t\t\t\t\t\t<p class=\"elementor-icon-box-description\">\n\t\t\t\t\t\tSAFETY DATA SHEET\t\t\t\t\t<\/p>\n\t\t\t\t\n\t\t\t<\/div>\n\t\t\t\n\t\t<\/div>\n\t\t\t\t\t\t<\/div>\n\t\t\t\t\t<\/div>\n\t\t<\/div>\n\t\t\t\t<div class=\"elementor-column elementor-col-25 elementor-top-column elementor-element elementor-element-61b46e6\" data-id=\"61b46e6\" data-element_type=\"column\" data-e-type=\"column\">\n\t\t\t<div class=\"elementor-widget-wrap elementor-element-populated\">\n\t\t\t\t\t\t<div class=\"elementor-element elementor-element-8037c07 elementor-view-framed elementor-shape-circle elementor-position-block-start elementor-mobile-position-block-start elementor-widget elementor-widget-icon-box\" data-id=\"8037c07\" data-element_type=\"widget\" data-e-type=\"widget\" data-widget_type=\"icon-box.default\">\n\t\t\t\t\t\t\t<div class=\"elementor-icon-box-wrapper\">\n\n\t\t\t\t\t\t<div class=\"elementor-icon-box-icon\">\n\t\t\t\t<a href=\"https:\/\/enertik.com\/wp-content\/uploads\/sites\/3\/documentos\/certificados\/h48050-certs-1.zip\" target=\"_blank\" class=\"elementor-icon\" tabindex=\"-1\">\n\t\t\t\t<svg aria-hidden=\"true\" class=\"e-font-icon-svg e-fas-medal\" viewBox=\"0 0 512 512\" xmlns=\"http:\/\/www.w3.org\/2000\/svg\"><path d=\"M223.75 130.75L154.62 15.54A31.997 31.997 0 0 0 127.18 0H16.03C3.08 0-4.5 14.57 2.92 25.18l111.27 158.96c29.72-27.77 67.52-46.83 109.56-53.39zM495.97 0H384.82c-11.24 0-21.66 5.9-27.44 15.54l-69.13 115.21c42.04 6.56 79.84 25.62 109.56 53.38L509.08 25.18C516.5 14.57 508.92 0 495.97 0zM256 160c-97.2 0-176 78.8-176 176s78.8 176 176 176 176-78.8 176-176-78.8-176-176-176zm92.52 157.26l-37.93 36.96 8.97 52.22c1.6 9.36-8.26 16.51-16.65 12.09L256 393.88l-46.9 24.65c-8.4 4.45-18.25-2.74-16.65-12.09l8.97-52.22-37.93-36.96c-6.82-6.64-3.05-18.23 6.35-19.59l52.43-7.64 23.43-47.52c2.11-4.28 6.19-6.39 10.28-6.39 4.11 0 8.22 2.14 10.33 6.39l23.43 47.52 52.43 7.64c9.4 1.36 13.17 12.95 6.35 19.59z\"><\/path><\/svg>\t\t\t\t<\/a>\n\t\t\t<\/div>\n\t\t\t\n\t\t\t\t\t\t<div class=\"elementor-icon-box-content\">\n\n\t\t\t\t\n\t\t\t\t\t\t\t\t\t<p class=\"elementor-icon-box-description\">\n\t\t\t\t\t\tDESCARCAR CERTIFICADOS*\t\t\t\t\t<\/p>\n\t\t\t\t\n\t\t\t<\/div>\n\t\t\t\n\t\t<\/div>\n\t\t\t\t\t\t<\/div>\n\t\t\t\t\t<\/div>\n\t\t<\/div>\n\t\t\t\t\t<\/div>\n\t\t<\/section>\n\t\t\t\t<section class=\"wd-negative-gap elementor-section elementor-top-section elementor-element elementor-element-e3d89db elementor-section-boxed elementor-section-height-default elementor-section-height-default\" data-id=\"e3d89db\" data-element_type=\"section\" data-e-type=\"section\">\n\t\t\t\t\t\t<div class=\"elementor-container elementor-column-gap-default\">\n\t\t\t\t\t<div class=\"elementor-column elementor-col-100 elementor-top-column elementor-element elementor-element-2dbccb5\" data-id=\"2dbccb5\" data-element_type=\"column\" data-e-type=\"column\">\n\t\t\t<div class=\"elementor-widget-wrap elementor-element-populated\">\n\t\t\t\t\t\t<div class=\"elementor-element elementor-element-11ecafb color-scheme-inherit text-left elementor-widget elementor-widget-text-editor\" data-id=\"11ecafb\" data-element_type=\"widget\" data-e-type=\"widget\" data-widget_type=\"text-editor.default\">\n\t\t\t\t\t\t\t\t\t<p><span data-sheets-root=\"1\">*Certificados disponibles:<\/span><\/p><p><span data-sheets-root=\"1\">&#8211; IEC 61000<br \/>&#8211; IEC 62477<br \/>&#8211; IEC 62040<br \/>&#8211; UN38.3<\/span><\/p>\t\t\t\t\t\t\t\t<\/div>\n\t\t\t\t\t<\/div>\n\t\t<\/div>\n\t\t\t\t\t<\/div>\n\t\t<\/section>\n\t\t\t\t<\/div>\n\t\t","protected":false},"excerpt":{"rendered":"<p>El sistema de alta tensi\u00f3n Pylontech &#8211; Powercube H1 es un sistema de alta tensi\u00f3n modular que puede trabajar con inversores-cargadores con almacenamiento en alta tensi\u00f3n de la \u00faltima generaci\u00f3n. Mientras entrega la potencia necesaria de forma r\u00e1pida y confiable, la corriente que va y viene es considerablemente menor comparada con las bater\u00edas de 48V, y hace que el sistema tenga m\u00e1s eficiencia, genere menos calor, y requiera cables menos gruesos y menos pasos de dimensionamiento para cables ya que la corriente no cambia mientras se a\u00f1ade o se retire m\u00f3dulos.<\/p>\n<p>El sistema consiste en 5~18 m\u00f3dulos de bater\u00eda H48050 y 1 controlador de m\u00f3dulos BMS SC1000-100S.<br \/>\nAseg\u00farese que consiga tanto m\u00f3dulos como el controlador.<br \/>\nLos m\u00f3dulos de bater\u00eda se conectan en serie, es decir con m\u00e1s m\u00f3dulos obtenemos m\u00e1s tensi\u00f3n.<br \/>\nConsulte el rango de tensi\u00f3n de bater\u00edas de su inversor y la capacidad que prefiera para determinar la cantidad de m\u00f3dulos necesarios.<\/p>\n<p>&nbsp;<\/p>\n","protected":false},"featured_media":25667,"comment_status":"open","ping_status":"closed","template":"","meta":{"_relevanssi_hide_post":"","_relevanssi_hide_content":"","_relevanssi_pin_for_all":"","_relevanssi_pin_keywords":"","_relevanssi_unpin_keywords":"","_relevanssi_related_keywords":"","_relevanssi_related_include_ids":"","_relevanssi_related_exclude_ids":"","_relevanssi_related_no_append":"","_relevanssi_related_not_related":"","_relevanssi_related_posts":"","_relevanssi_noindex_reason":"","inline_featured_image":false},"product_brand":[],"product_cat":[1733,1737],"product_tag":[],"class_list":{"0":"post-25666","1":"product","2":"type-product","3":"status-publish","4":"has-post-thumbnail","6":"product_cat-baterias","7":"product_cat-litio","8":"pa_marca-pylontech","9":"pa_mpn-h48050","10":"pa_voltaje-alta-tension","12":"first","13":"instock","14":"sale","15":"taxable","16":"shipping-taxable","17":"purchasable","18":"product-type-simple"},"bundled_by":[],"bundle_stock_status":"instock","bundle_stock_quantity":19,"bundle_virtual":false,"bundle_layout":"","bundle_add_to_cart_form_location":"","bundle_editable_in_cart":false,"bundle_sold_individually_context":"","bundle_item_grouping":"","bundle_min_size":"","bundle_max_size":"","bundle_price":[],"bundled_items":[],"bundle_sell_ids":[],"group_of_quantity":0,"min_quantity":0,"max_quantity":"","exclude_order_quantity_value_rules":"no","exclude_category_quantity_rules":"no","combine_variations":"no","exclude_global_add_ons":[],"addons":[],"_links":{"self":[{"href":"https:\/\/enertik.com\/cl\/wp-json\/wp\/v2\/product\/25666","targetHints":{"allow":["GET"]}}],"collection":[{"href":"https:\/\/enertik.com\/cl\/wp-json\/wp\/v2\/product"}],"about":[{"href":"https:\/\/enertik.com\/cl\/wp-json\/wp\/v2\/types\/product"}],"replies":[{"embeddable":true,"href":"https:\/\/enertik.com\/cl\/wp-json\/wp\/v2\/comments?post=25666"}],"version-history":[{"count":0,"href":"https:\/\/enertik.com\/cl\/wp-json\/wp\/v2\/product\/25666\/revisions"}],"wp:featuredmedia":[{"embeddable":true,"href":"https:\/\/enertik.com\/cl\/wp-json\/wp\/v2\/media\/25667"}],"wp:attachment":[{"href":"https:\/\/enertik.com\/cl\/wp-json\/wp\/v2\/media?parent=25666"}],"wp:term":[{"taxonomy":"product_brand","embeddable":true,"href":"https:\/\/enertik.com\/cl\/wp-json\/wp\/v2\/product_brand?post=25666"},{"taxonomy":"product_cat","embeddable":true,"href":"https:\/\/enertik.com\/cl\/wp-json\/wp\/v2\/product_cat?post=25666"},{"taxonomy":"product_tag","embeddable":true,"href":"https:\/\/enertik.com\/cl\/wp-json\/wp\/v2\/product_tag?post=25666"}],"curies":[{"name":"wp","href":"https:\/\/api.w.org\/{rel}","templated":true}]}}